{"id":20708,"date":"2023-11-17T06:23:11","date_gmt":"2023-11-17T06:23:11","guid":{"rendered":"https:\/\/www.sinchisinchi.com\/producto\/tsunu\/"},"modified":"2026-02-22T00:14:46","modified_gmt":"2026-02-22T00:14:46","slug":"tsunu","status":"publish","type":"product","link":"https:\/\/www.sinchisinchi.com\/pt-pt\/producto\/tsunu\/","title":{"rendered":"Tsunu"},"content":{"rendered":"<a href=\"https:\/\/www.sinchisinchi.com\/pt-pt\/producto\/tsunu-50gr\/\" target=\"_blank\" class=\"button secondary is-larger lowercase expand\" rel=\"noopener\" style=\"border-radius:10px;\">\n\t\t<span>Tamanho m\u00e9dio: 50g<\/span>\n\t<\/a>\n\n<a href=\"https:\/\/www.sinchisinchi.com\/pt-pt\/producto\/tsunu-100g\/\" target=\"_blank\" class=\"button secondary is-larger lowercase expand\" rel=\"noopener\" style=\"border-radius:10px;\">\n\t\t<span>Tamanho grande: 100g<\/span>\n\t<\/a>\n\n\t<div id=\"gap-1083081098\" class=\"gap-element clearfix\" style=\"display:block; height:auto;\">\n\t\t\n<style>\n#gap-1083081098 {\n  padding-top: 30px;\n}\n<\/style>\n\t<\/div>\n\t\n\n  <div class=\"banner has-hover is-full-height\" id=\"banner-1721970928\">\n          <div class=\"banner-inner fill\">\n        <div class=\"banner-bg fill\" >\n            <img loading=\"lazy\" decoding=\"async\" width=\"765\" height=\"1024\" src=\"https:\/\/www.sinchisinchi.com\/wp-content\/uploads\/2025\/01\/1-Tribu-Yawanawa1-765x1024.jpeg\" class=\"bg attachment-large size-large\" alt=\"\" \/>                        <div class=\"overlay\"><\/div>            \n                    <\/div>\n\t\t\n        <div class=\"banner-layers container\">\n            <div class=\"fill banner-link\"><\/div>            \n   <div id=\"text-box-228786043\" class=\"text-box banner-layer x5 md-x5 lg-x5 y50 md-y50 lg-y50 res-text\">\n                                <div class=\"text-box-content text box-shadow-3\">\n              \n              <div class=\"text-inner text-left\">\n                  \n<h2 style=\"text-align: center;\">Yawanaw\u00e1<\/h2>\n<a href=\"https:\/\/www.sinchisinchi.com\/pt-pt\/tribos\/yawanawa\/tribo\/\" target=\"_blank\" class=\"button primary is-underline is-larger expand\" rel=\"noopener\" >\n\t\t<span>TRIBO<\/span>\n\t<\/a>\n\n<a href=\"https:\/\/www.sinchisinchi.com\/pt-pt\/tribos\/yawanawa\/visao-do-mundo\/\" target=\"_blank\" class=\"button primary is-underline is-larger expand\" rel=\"noopener\" >\n\t\t<span>VIS\u00c3O DO MUNDO<\/span>\n\t<\/a>\n\n<a href=\"https:\/\/www.sinchisinchi.com\/pt-pt\/tribos\/yawanawa\/desafios\/\" target=\"_blank\" class=\"button primary is-underline is-larger expand\" rel=\"noopener\" >\n\t\t<span>DESAFIOS<\/span>\n\t<\/a>\n\n<a href=\"https:\/\/www.sinchisinchi.com\/pt-pt\/tribos\/yawanawa\/cerimonias\/\" target=\"_blank\" class=\"button primary is-underline is-larger expand\" rel=\"noopener\" >\n\t\t<span>CERIM\u00d3NIAS<\/span>\n\t<\/a>\n\n<a href=\"https:\/\/www.sinchisinchi.com\/pt-pt\/tribos\/yawanawa\/musica\/\" target=\"_blank\" class=\"button primary is-underline is-larger expand\" rel=\"noopener\" >\n\t\t<span>M\u00daSICA<\/span>\n\t<\/a>\n\n<a href=\"https:\/\/www.sinchisinchi.com\/pt-pt\/tribos\/yawanawa\/videos\/\" target=\"_blank\" class=\"button primary is-underline is-larger expand\" rel=\"noopener\" >\n\t\t<span>V\u00cdDEOS<\/span>\n\t<\/a>\n\n              <\/div>\n           <\/div>\n                            \n<style>\n#text-box-228786043 .text-box-content {\n  background-color: rgb(255, 255, 255);\n  font-size: 100%;\n}\n#text-box-228786043 .text-inner {\n  padding: 30px 30px 30px 30px;\n}\n#text-box-228786043 {\n  width: 60%;\n}\n@media (min-width:550px) {\n  #text-box-228786043 {\n    width: 40%;\n  }\n}\n<\/style>\n    <\/div>\n \n        <\/div>\n      <\/div>\n\n            \n<style>\n#banner-1721970928 {\n  padding-top: 100%;\n  background-color: rgb(255, 255, 255);\n}\n#banner-1721970928 .overlay {\n  background-color: rgba(190, 190, 190, 0.2);\n}\n<\/style>\n  <\/div>\n\n\n","protected":false},"excerpt":{"rendered":"<p>Os Yawanaw\u00e1 adoram fazer o seu rap\u00e9 com cinzas de Tsunu, e tratam-no pelo nome de \u201cRume\u201d exclusivamente se contiver cinzas de Tsunu.<\/p>\n<p>Os Yawanaw\u00e1 utilizam o rum em todas as suas cerim\u00f3nias com \u201cUni\u201d (\u00e9 assim que chamam \u00e0 bebida Ayahuasca), e tamb\u00e9m no dia-a-dia, um momento comum \u00e9 nos encontros \u00e0 tarde, antes ou depois do banho no rio.<\/p>\n<p><strong>-Benef\u00edcios:<\/strong> Yawanaw\u00e1 tsunu Rap\u00e9 \u00e9 uma variedade de Rap\u00e9 ideal para a conex\u00e3o com a energia feminina, para a cura e limpeza, bem como para o realinhamento dos canais energ\u00e9ticos, atuando poderosamente a n\u00edvel f\u00edsico, mental, emocional e espiritual.<\/p>\n<p><strong>-Tribo:<\/strong> Feito pela tribo Yawanaw\u00e1 do Brasil.<\/p>\n<p><strong>-Composi\u00e7\u00e3o:<\/strong> Cinzas de mapacho e tsunu, entre outras plantas sagradas da Amaz\u00f3nia.<\/p>\n<p><strong>-Tamanho:<\/strong> Frascos de 10 ml (8 a 9 gramas) Recipiente de vidro reutiliz\u00e1vel.<\/p>\n<p><strong>-Utiliza\u00e7\u00e3o:<\/strong> Curiosidade etnobot\u00e2nica. Uso exclusivo para estudo cient\u00edfico, hist\u00f3rico e ritual\u00edstico.<\/p>\n","protected":false},"featured_media":11810,"template":"","meta":{"_joinchat":[]},"product_brand":[],"product_cat":[618],"product_tag":[],"class_list":{"0":"post-20708","1":"product","2":"type-product","3":"status-publish","4":"has-post-thumbnail","6":"product_cat-tribu-yawanawa-pt-pt","8":"first","9":"instock","10":"taxable","11":"shipping-taxable","12":"purchasable","13":"product-type-simple"},"yoast_head":"<!-- This site is optimized with the Yoast SEO plugin v27.4 - https:\/\/yoast.com\/product\/yoast-seo-wordpress\/ -->\n<title>SINCHI: Rap\u00e9 Tsunu da Amaz\u00f3nia<\/title>\n<meta name=\"description\" content=\"Tsunu Rap\u00e9 \u00e9 uma variedade ideal para se conectar com a energia feminina, e para a cura, limpeza e alinhamento energ\u00e9tico.\" \/>\n<meta name=\"robots\" content=\"index, follow, max-snippet:-1, max-image-preview:large, max-video-preview:-1\" \/>\n<link rel=\"canonical\" href=\"https:\/\/www.sinchisinchi.com\/pt-pt\/producto\/tsunu\/\" \/>\n<meta property=\"og:locale\" content=\"pt_PT\" \/>\n<meta property=\"og:type\" content=\"article\" \/>\n<meta property=\"og:title\" content=\"SINCHI: Rap\u00e9 Tsunu da Amaz\u00f3nia\" \/>\n<meta property=\"og:description\" content=\"Tsunu Rap\u00e9 \u00e9 uma variedade ideal para se conectar com a energia feminina, e para a cura, limpeza e alinhamento energ\u00e9tico.\" \/>\n<meta property=\"og:url\" content=\"https:\/\/www.sinchisinchi.com\/pt-pt\/producto\/tsunu\/\" \/>\n<meta property=\"og:site_name\" content=\"SINCHI RAP\u00c9\" \/>\n<meta property=\"article:publisher\" content=\"https:\/\/www.facebook.com\/sinchirape\/\" \/>\n<meta property=\"article:modified_time\" content=\"2026-02-22T00:14:46+00:00\" \/>\n<meta property=\"og:image\" content=\"https:\/\/www.sinchisinchi.com\/wp-content\/uploads\/2023\/11\/8-Tsunu.jpg\" \/>\n\t<meta property=\"og:image:width\" content=\"700\" \/>\n\t<meta property=\"og:image:height\" content=\"700\" \/>\n\t<meta property=\"og:image:type\" content=\"image\/jpeg\" \/>\n<meta name=\"twitter:card\" content=\"summary_large_image\" \/>\n<meta name=\"twitter:label1\" content=\"Tempo estimado de leitura\" \/>\n\t<meta name=\"twitter:data1\" content=\"1 minuto\" \/>\n<script type=\"application\/ld+json\" class=\"yoast-schema-graph\">{\"@context\":\"https:\\\/\\\/schema.org\",\"@graph\":[{\"@type\":\"WebPage\",\"@id\":\"https:\\\/\\\/www.sinchisinchi.com\\\/pt-pt\\\/producto\\\/tsunu\\\/\",\"url\":\"https:\\\/\\\/www.sinchisinchi.com\\\/pt-pt\\\/producto\\\/tsunu\\\/\",\"name\":\"SINCHI: Rap\u00e9 Tsunu da Amaz\u00f3nia\",\"isPartOf\":{\"@id\":\"https:\\\/\\\/www.sinchisinchi.com\\\/pt-pt\\\/#website\"},\"primaryImageOfPage\":{\"@id\":\"https:\\\/\\\/www.sinchisinchi.com\\\/pt-pt\\\/producto\\\/tsunu\\\/#primaryimage\"},\"image\":{\"@id\":\"https:\\\/\\\/www.sinchisinchi.com\\\/pt-pt\\\/producto\\\/tsunu\\\/#primaryimage\"},\"thumbnailUrl\":\"https:\\\/\\\/www.sinchisinchi.com\\\/wp-content\\\/uploads\\\/2023\\\/11\\\/8-Tsunu.jpg\",\"datePublished\":\"2023-11-17T06:23:11+00:00\",\"dateModified\":\"2026-02-22T00:14:46+00:00\",\"description\":\"Tsunu Rap\u00e9 \u00e9 uma variedade ideal para se conectar com a energia feminina, e para a cura, limpeza e alinhamento energ\u00e9tico.\",\"breadcrumb\":{\"@id\":\"https:\\\/\\\/www.sinchisinchi.com\\\/pt-pt\\\/producto\\\/tsunu\\\/#breadcrumb\"},\"inLanguage\":\"pt-PT\",\"potentialAction\":[{\"@type\":\"ReadAction\",\"target\":[\"https:\\\/\\\/www.sinchisinchi.com\\\/pt-pt\\\/producto\\\/tsunu\\\/\"]}]},{\"@type\":\"ImageObject\",\"inLanguage\":\"pt-PT\",\"@id\":\"https:\\\/\\\/www.sinchisinchi.com\\\/pt-pt\\\/producto\\\/tsunu\\\/#primaryimage\",\"url\":\"https:\\\/\\\/www.sinchisinchi.com\\\/wp-content\\\/uploads\\\/2023\\\/11\\\/8-Tsunu.jpg\",\"contentUrl\":\"https:\\\/\\\/www.sinchisinchi.com\\\/wp-content\\\/uploads\\\/2023\\\/11\\\/8-Tsunu.jpg\",\"width\":700,\"height\":700},{\"@type\":\"BreadcrumbList\",\"@id\":\"https:\\\/\\\/www.sinchisinchi.com\\\/pt-pt\\\/producto\\\/tsunu\\\/#breadcrumb\",\"itemListElement\":[{\"@type\":\"ListItem\",\"position\":1,\"name\":\"Prima pagina\",\"item\":\"https:\\\/\\\/www.sinchisinchi.com\\\/pt-pt\\\/\"},{\"@type\":\"ListItem\",\"position\":2,\"name\":\"Produtos\",\"item\":\"https:\\\/\\\/www.sinchisinchi.com\\\/pt-pt\\\/shop\\\/\"},{\"@type\":\"ListItem\",\"position\":3,\"name\":\"Tsunu\"}]},{\"@type\":\"WebSite\",\"@id\":\"https:\\\/\\\/www.sinchisinchi.com\\\/pt-pt\\\/#website\",\"url\":\"https:\\\/\\\/www.sinchisinchi.com\\\/pt-pt\\\/\",\"name\":\"SINCHI\",\"description\":\"Sinchi Medicine\",\"publisher\":{\"@id\":\"https:\\\/\\\/www.sinchisinchi.com\\\/pt-pt\\\/#organization\"},\"potentialAction\":[{\"@type\":\"SearchAction\",\"target\":{\"@type\":\"EntryPoint\",\"urlTemplate\":\"https:\\\/\\\/www.sinchisinchi.com\\\/pt-pt\\\/?s={search_term_string}\"},\"query-input\":{\"@type\":\"PropertyValueSpecification\",\"valueRequired\":true,\"valueName\":\"search_term_string\"}}],\"inLanguage\":\"pt-PT\"},{\"@type\":\"Organization\",\"@id\":\"https:\\\/\\\/www.sinchisinchi.com\\\/pt-pt\\\/#organization\",\"name\":\"SINCHI S.L\",\"url\":\"https:\\\/\\\/www.sinchisinchi.com\\\/pt-pt\\\/\",\"logo\":{\"@type\":\"ImageObject\",\"inLanguage\":\"pt-PT\",\"@id\":\"https:\\\/\\\/www.sinchisinchi.com\\\/pt-pt\\\/#\\\/schema\\\/logo\\\/image\\\/\",\"url\":\"https:\\\/\\\/www.sinchisinchi.com\\\/wp-content\\\/uploads\\\/2026\\\/01\\\/3b-Verde-SIMPLIFICADO-HORIZONTAL-F-TRANSPARENTE-scaled.png\",\"contentUrl\":\"https:\\\/\\\/www.sinchisinchi.com\\\/wp-content\\\/uploads\\\/2026\\\/01\\\/3b-Verde-SIMPLIFICADO-HORIZONTAL-F-TRANSPARENTE-scaled.png\",\"width\":2560,\"height\":457,\"caption\":\"SINCHI S.L\"},\"image\":{\"@id\":\"https:\\\/\\\/www.sinchisinchi.com\\\/pt-pt\\\/#\\\/schema\\\/logo\\\/image\\\/\"},\"sameAs\":[\"https:\\\/\\\/www.facebook.com\\\/sinchirape\\\/\",\"https:\\\/\\\/www.instagram.com\\\/sinchi_rape\\\/\"]}]}<\/script>\n<!-- \/ Yoast SEO plugin. -->","yoast_head_json":{"title":"SINCHI: Rap\u00e9 Tsunu da Amaz\u00f3nia","description":"Tsunu Rap\u00e9 \u00e9 uma variedade ideal para se conectar com a energia feminina, e para a cura, limpeza e alinhamento energ\u00e9tico.","robots":{"index":"index","follow":"follow","max-snippet":"max-snippet:-1","max-image-preview":"max-image-preview:large","max-video-preview":"max-video-preview:-1"},"canonical":"https:\/\/www.sinchisinchi.com\/pt-pt\/producto\/tsunu\/","og_locale":"pt_PT","og_type":"article","og_title":"SINCHI: Rap\u00e9 Tsunu da Amaz\u00f3nia","og_description":"Tsunu Rap\u00e9 \u00e9 uma variedade ideal para se conectar com a energia feminina, e para a cura, limpeza e alinhamento energ\u00e9tico.","og_url":"https:\/\/www.sinchisinchi.com\/pt-pt\/producto\/tsunu\/","og_site_name":"SINCHI RAP\u00c9","article_publisher":"https:\/\/www.facebook.com\/sinchirape\/","article_modified_time":"2026-02-22T00:14:46+00:00","og_image":[{"width":700,"height":700,"url":"https:\/\/www.sinchisinchi.com\/wp-content\/uploads\/2023\/11\/8-Tsunu.jpg","type":"image\/jpeg"}],"twitter_card":"summary_large_image","twitter_misc":{"Tempo estimado de leitura":"1 minuto"},"schema":{"@context":"https:\/\/schema.org","@graph":[{"@type":"WebPage","@id":"https:\/\/www.sinchisinchi.com\/pt-pt\/producto\/tsunu\/","url":"https:\/\/www.sinchisinchi.com\/pt-pt\/producto\/tsunu\/","name":"SINCHI: Rap\u00e9 Tsunu da Amaz\u00f3nia","isPartOf":{"@id":"https:\/\/www.sinchisinchi.com\/pt-pt\/#website"},"primaryImageOfPage":{"@id":"https:\/\/www.sinchisinchi.com\/pt-pt\/producto\/tsunu\/#primaryimage"},"image":{"@id":"https:\/\/www.sinchisinchi.com\/pt-pt\/producto\/tsunu\/#primaryimage"},"thumbnailUrl":"https:\/\/www.sinchisinchi.com\/wp-content\/uploads\/2023\/11\/8-Tsunu.jpg","datePublished":"2023-11-17T06:23:11+00:00","dateModified":"2026-02-22T00:14:46+00:00","description":"Tsunu Rap\u00e9 \u00e9 uma variedade ideal para se conectar com a energia feminina, e para a cura, limpeza e alinhamento energ\u00e9tico.","breadcrumb":{"@id":"https:\/\/www.sinchisinchi.com\/pt-pt\/producto\/tsunu\/#breadcrumb"},"inLanguage":"pt-PT","potentialAction":[{"@type":"ReadAction","target":["https:\/\/www.sinchisinchi.com\/pt-pt\/producto\/tsunu\/"]}]},{"@type":"ImageObject","inLanguage":"pt-PT","@id":"https:\/\/www.sinchisinchi.com\/pt-pt\/producto\/tsunu\/#primaryimage","url":"https:\/\/www.sinchisinchi.com\/wp-content\/uploads\/2023\/11\/8-Tsunu.jpg","contentUrl":"https:\/\/www.sinchisinchi.com\/wp-content\/uploads\/2023\/11\/8-Tsunu.jpg","width":700,"height":700},{"@type":"BreadcrumbList","@id":"https:\/\/www.sinchisinchi.com\/pt-pt\/producto\/tsunu\/#breadcrumb","itemListElement":[{"@type":"ListItem","position":1,"name":"Prima pagina","item":"https:\/\/www.sinchisinchi.com\/pt-pt\/"},{"@type":"ListItem","position":2,"name":"Produtos","item":"https:\/\/www.sinchisinchi.com\/pt-pt\/shop\/"},{"@type":"ListItem","position":3,"name":"Tsunu"}]},{"@type":"WebSite","@id":"https:\/\/www.sinchisinchi.com\/pt-pt\/#website","url":"https:\/\/www.sinchisinchi.com\/pt-pt\/","name":"SINCHI","description":"Sinchi Medicine","publisher":{"@id":"https:\/\/www.sinchisinchi.com\/pt-pt\/#organization"},"potentialAction":[{"@type":"SearchAction","target":{"@type":"EntryPoint","urlTemplate":"https:\/\/www.sinchisinchi.com\/pt-pt\/?s={search_term_string}"},"query-input":{"@type":"PropertyValueSpecification","valueRequired":true,"valueName":"search_term_string"}}],"inLanguage":"pt-PT"},{"@type":"Organization","@id":"https:\/\/www.sinchisinchi.com\/pt-pt\/#organization","name":"SINCHI S.L","url":"https:\/\/www.sinchisinchi.com\/pt-pt\/","logo":{"@type":"ImageObject","inLanguage":"pt-PT","@id":"https:\/\/www.sinchisinchi.com\/pt-pt\/#\/schema\/logo\/image\/","url":"https:\/\/www.sinchisinchi.com\/wp-content\/uploads\/2026\/01\/3b-Verde-SIMPLIFICADO-HORIZONTAL-F-TRANSPARENTE-scaled.png","contentUrl":"https:\/\/www.sinchisinchi.com\/wp-content\/uploads\/2026\/01\/3b-Verde-SIMPLIFICADO-HORIZONTAL-F-TRANSPARENTE-scaled.png","width":2560,"height":457,"caption":"SINCHI S.L"},"image":{"@id":"https:\/\/www.sinchisinchi.com\/pt-pt\/#\/schema\/logo\/image\/"},"sameAs":["https:\/\/www.facebook.com\/sinchirape\/","https:\/\/www.instagram.com\/sinchi_rape\/"]}]}},"_links":{"self":[{"href":"https:\/\/www.sinchisinchi.com\/pt-pt\/wp-json\/wp\/v2\/product\/20708","targetHints":{"allow":["GET"]}}],"collection":[{"href":"https:\/\/www.sinchisinchi.com\/pt-pt\/wp-json\/wp\/v2\/product"}],"about":[{"href":"https:\/\/www.sinchisinchi.com\/pt-pt\/wp-json\/wp\/v2\/types\/product"}],"wp:featuredmedia":[{"embeddable":true,"href":"https:\/\/www.sinchisinchi.com\/pt-pt\/wp-json\/wp\/v2\/media\/11810"}],"wp:attachment":[{"href":"https:\/\/www.sinchisinchi.com\/pt-pt\/wp-json\/wp\/v2\/media?parent=20708"}],"wp:term":[{"taxonomy":"product_brand","embeddable":true,"href":"https:\/\/www.sinchisinchi.com\/pt-pt\/wp-json\/wp\/v2\/product_brand?post=20708"},{"taxonomy":"product_cat","embeddable":true,"href":"https:\/\/www.sinchisinchi.com\/pt-pt\/wp-json\/wp\/v2\/product_cat?post=20708"},{"taxonomy":"product_tag","embeddable":true,"href":"https:\/\/www.sinchisinchi.com\/pt-pt\/wp-json\/wp\/v2\/product_tag?post=20708"}],"curies":[{"name":"wp","href":"https:\/\/api.w.org\/{rel}","templated":true}]}}