{"id":20782,"date":"2023-10-19T20:31:11","date_gmt":"2023-10-19T20:31:11","guid":{"rendered":"https:\/\/www.sinchisinchi.com\/producto\/tonka\/"},"modified":"2026-02-12T14:15:15","modified_gmt":"2026-02-12T14:15:15","slug":"tonka","status":"publish","type":"product","link":"https:\/\/www.sinchisinchi.com\/pt-pt\/producto\/tonka\/","title":{"rendered":"Tonka"},"content":{"rendered":"<h3 style=\"text-align: center;\"><strong>A \u00e1rvore Cumaru ou Tonka<\/strong><\/h3>\n<p>A \u00e1rvore Cumaru ou Tonka (Dipteryx odorata) atinge cerca de 40 metros de altura, pertence \u00e0 fam\u00edlia Fabaceae e \u00e9 origin\u00e1ria da Am\u00e9rica tropical.<\/p>\n<p>O Cumar\u00fa \u00e9 uma \u00e1rvore arom\u00e1tica e medicinal. \u00c9 utilizado como substituto da baunilha, para aromatizar chocolates, na perfumaria, na confe\u00e7\u00e3o de cosm\u00e9ticos e, claro, no Rap\u00e9.<\/p>\n\t<div id=\"gap-909110234\" class=\"gap-element clearfix\" style=\"display:block; height:auto;\">\n\t\t\n<style>\n#gap-909110234 {\n  padding-top: 30px;\n}\n<\/style>\n\t<\/div>\n\t\n<a href=\"https:\/\/www.sinchisinchi.com\/pt-pt\/producto\/tonka-50gr\/\" target=\"_blank\" class=\"button secondary is-larger lowercase expand\" rel=\"noopener\" style=\"border-radius:10px;\">\n\t\t<span>Tamanho M\u00e9dio: 50g<\/span>\n\t<\/a>\n\n<a href=\"https:\/\/www.sinchisinchi.com\/pt-pt\/producto\/tonka-100g\/\" target=\"_blank\" class=\"button secondary is-larger lowercase expand\" rel=\"noopener\" style=\"border-radius:10px;\">\n\t\t<span>Tamanho Grande: 100g<\/span>\n\t<\/a>\n\n\t<div id=\"gap-455842727\" class=\"gap-element clearfix\" style=\"display:block; height:auto;\">\n\t\t\n<style>\n#gap-455842727 {\n  padding-top: 30px;\n}\n<\/style>\n\t<\/div>\n\t\n\n  <div class=\"banner has-hover\" id=\"banner-655484495\">\n          <div class=\"banner-inner fill\">\n        <div class=\"banner-bg fill\" >\n            <img loading=\"lazy\" decoding=\"async\" width=\"878\" height=\"1024\" src=\"https:\/\/www.sinchisinchi.com\/wp-content\/uploads\/2024\/11\/1-4-Katukina-Tribu-Noke-Koi-878x1024.png\" class=\"bg attachment-large size-large\" alt=\"\" \/>                        <div class=\"overlay\"><\/div>            \n                    <\/div>\n\t\t\n        <div class=\"banner-layers container\">\n            <div class=\"fill banner-link\"><\/div>            \n   <div id=\"text-box-779917556\" class=\"text-box banner-layer x5 md-x5 lg-x5 y50 md-y50 lg-y50 res-text\">\n                                <div class=\"text-box-content text box-shadow-3\">\n              \n              <div class=\"text-inner text-left\">\n                  \n<h2><strong><span style=\"color: #000000;\">TRIBO<\/span><\/strong><\/h2>\n<h3><span style=\"color: #000000;\">Katukina<\/span><\/h3>\n<p><span style=\"color: #000000;\">Os Katukina pertencem \u00e0 fam\u00edlia lingu\u00edstica \u201cPano\u201d, fam\u00edlia que partilham com outras etnias como os Huni Kuin ou os Yawanaw\u00e1s. Preferem chamar-se Noke Koi: \u201cPessoas Verdadeiras\u201d.<\/span><\/p>\n<a href=\"https:\/\/www.sinchisinchi.com\/pt-pt\/tribos\/rape-katukina-noke-koi\/\" target=\"_blank\" class=\"button primary is-underline is-larger expand\" rel=\"noopener\" >\n\t\t<span>Tribo<\/span>\n\t<\/a>\n\n              <\/div>\n           <\/div>\n                            \n<style>\n#text-box-779917556 .text-box-content {\n  background-color: rgb(255, 255, 255);\n  font-size: 100%;\n}\n#text-box-779917556 .text-inner {\n  padding: 30px 30px 30px 30px;\n}\n#text-box-779917556 {\n  width: 60%;\n}\n@media (min-width:550px) {\n  #text-box-779917556 {\n    width: 40%;\n  }\n}\n<\/style>\n    <\/div>\n \n        <\/div>\n      <\/div>\n\n              <div class=\"height-fix is-invisible\"><img loading=\"lazy\" decoding=\"async\" width=\"878\" height=\"1024\" src=\"https:\/\/www.sinchisinchi.com\/wp-content\/uploads\/2024\/11\/1-4-Katukina-Tribu-Noke-Koi-878x1024.png\" class=\"attachment-large size-large\" alt=\"\" srcset=\"https:\/\/www.sinchisinchi.com\/wp-content\/uploads\/2024\/11\/1-4-Katukina-Tribu-Noke-Koi-878x1024.png 878w, https:\/\/www.sinchisinchi.com\/wp-content\/uploads\/2024\/11\/1-4-Katukina-Tribu-Noke-Koi-514x600.png 514w, https:\/\/www.sinchisinchi.com\/wp-content\/uploads\/2024\/11\/1-4-Katukina-Tribu-Noke-Koi-768x896.png 768w, https:\/\/www.sinchisinchi.com\/wp-content\/uploads\/2024\/11\/1-4-Katukina-Tribu-Noke-Koi-1317x1536.png 1317w, https:\/\/www.sinchisinchi.com\/wp-content\/uploads\/2024\/11\/1-4-Katukina-Tribu-Noke-Koi-247x288.png 247w, https:\/\/www.sinchisinchi.com\/wp-content\/uploads\/2024\/11\/1-4-Katukina-Tribu-Noke-Koi-510x595.png 510w, https:\/\/www.sinchisinchi.com\/wp-content\/uploads\/2024\/11\/1-4-Katukina-Tribu-Noke-Koi.png 1400w\" sizes=\"auto, (max-width: 878px) 100vw, 878px\" \/><\/div>\n            \n<style>\n#banner-655484495 .overlay {\n  background-color: rgba(190, 190, 190, 0.2);\n}\n#banner-655484495 {\n  background-color: rgb(255, 255, 255);\n}\n<\/style>\n  <\/div>\n\n\n","protected":false},"excerpt":{"rendered":"<p>O Tonka Rap\u00e9 \u00e9 um Rap\u00e9 forte, feito com casca da \u00e1rvore Cumar\u00fa, Mapacho e outras plantas medicinais.<\/p>\n<p>Os Katukina, e as tribos do Acre em geral, adoram o rap\u00e9 do cumar\u00fa e consideram esta \u00e1rvore e o seu esp\u00edrito um dos mais importantes mestres da selva.<\/p>\n<p>Pelo que nos contam, Tonka Rap\u00e9 \u00e9 ideal para gerar uma intensa sensa\u00e7\u00e3o de limpeza e equil\u00edbrio.Activa o terceiro chakra e o chakra coron\u00e1rio, acalmando a mente e fortalecendo a liga\u00e7\u00e3o e os n\u00edveis mais subtis de percep\u00e7\u00e3o espiritual.<\/p>\n<p>Indicam ainda que devido ao seu efeito broncodilatador facilita a passagem do ar para os pulm\u00f5es, pelo que \u00e9 tradicionalmente utilizado em casos de gripe, bronquite ou asma, ou em casos de ansiedade onde se sente falta de ar. Al\u00e9m disso, \u00e9 um poderoso analg\u00e9sico.<\/p>\n","protected":false},"featured_media":20786,"template":"","meta":{"_joinchat":[]},"product_brand":[],"product_cat":[632],"product_tag":[],"class_list":{"0":"post-20782","1":"product","2":"type-product","3":"status-publish","4":"has-post-thumbnail","6":"product_cat-katukina-pt-pt","8":"first","9":"instock","10":"taxable","11":"shipping-taxable","12":"purchasable","13":"product-type-simple"},"yoast_head":"<!-- This site is optimized with the Yoast SEO plugin v27.4 - https:\/\/yoast.com\/product\/yoast-seo-wordpress\/ -->\n<title>SINCHI: Rap\u00e9 Tonka da tribo Katukina<\/title>\n<meta name=\"description\" content=\"O Tonka Rap\u00e9 \u00e9 um Rap\u00e9 forte, feito com casca da \u00e1rvore Cumaru, Mapacho e outras plantas medicinais. Ideal para limpeza e equilibragem.\" \/>\n<meta name=\"robots\" content=\"index, follow, max-snippet:-1, max-image-preview:large, max-video-preview:-1\" \/>\n<link rel=\"canonical\" href=\"https:\/\/www.sinchisinchi.com\/pt-pt\/producto\/tonka\/\" \/>\n<meta property=\"og:locale\" content=\"pt_PT\" \/>\n<meta property=\"og:type\" content=\"article\" \/>\n<meta property=\"og:title\" content=\"SINCHI: Rap\u00e9 Tonka da tribo Katukina\" \/>\n<meta property=\"og:description\" content=\"O Tonka Rap\u00e9 \u00e9 um Rap\u00e9 forte, feito com casca da \u00e1rvore Cumaru, Mapacho e outras plantas medicinais. Ideal para limpeza e equilibragem.\" \/>\n<meta property=\"og:url\" content=\"https:\/\/www.sinchisinchi.com\/pt-pt\/producto\/tonka\/\" \/>\n<meta property=\"og:site_name\" content=\"SINCHI RAP\u00c9\" \/>\n<meta property=\"article:publisher\" content=\"https:\/\/www.facebook.com\/sinchirape\/\" \/>\n<meta property=\"article:modified_time\" content=\"2026-02-12T14:15:15+00:00\" \/>\n<meta property=\"og:image\" content=\"https:\/\/www.sinchisinchi.com\/wp-content\/uploads\/2023\/10\/4-Tonka.jpg\" \/>\n\t<meta property=\"og:image:width\" content=\"700\" \/>\n\t<meta property=\"og:image:height\" content=\"700\" \/>\n\t<meta property=\"og:image:type\" content=\"image\/jpeg\" \/>\n<meta name=\"twitter:card\" content=\"summary_large_image\" \/>\n<meta name=\"twitter:label1\" content=\"Tempo estimado de leitura\" \/>\n\t<meta name=\"twitter:data1\" content=\"1 minuto\" \/>\n<script type=\"application\/ld+json\" class=\"yoast-schema-graph\">{\"@context\":\"https:\\\/\\\/schema.org\",\"@graph\":[{\"@type\":\"WebPage\",\"@id\":\"https:\\\/\\\/www.sinchisinchi.com\\\/pt-pt\\\/producto\\\/tonka\\\/\",\"url\":\"https:\\\/\\\/www.sinchisinchi.com\\\/pt-pt\\\/producto\\\/tonka\\\/\",\"name\":\"SINCHI: Rap\u00e9 Tonka da tribo Katukina\",\"isPartOf\":{\"@id\":\"https:\\\/\\\/www.sinchisinchi.com\\\/pt-pt\\\/#website\"},\"primaryImageOfPage\":{\"@id\":\"https:\\\/\\\/www.sinchisinchi.com\\\/pt-pt\\\/producto\\\/tonka\\\/#primaryimage\"},\"image\":{\"@id\":\"https:\\\/\\\/www.sinchisinchi.com\\\/pt-pt\\\/producto\\\/tonka\\\/#primaryimage\"},\"thumbnailUrl\":\"https:\\\/\\\/www.sinchisinchi.com\\\/wp-content\\\/uploads\\\/2023\\\/10\\\/4-Tonka.jpg\",\"datePublished\":\"2023-10-19T20:31:11+00:00\",\"dateModified\":\"2026-02-12T14:15:15+00:00\",\"description\":\"O Tonka Rap\u00e9 \u00e9 um Rap\u00e9 forte, feito com casca da \u00e1rvore Cumaru, Mapacho e outras plantas medicinais. Ideal para limpeza e equilibragem.\",\"breadcrumb\":{\"@id\":\"https:\\\/\\\/www.sinchisinchi.com\\\/pt-pt\\\/producto\\\/tonka\\\/#breadcrumb\"},\"inLanguage\":\"pt-PT\",\"potentialAction\":[{\"@type\":\"ReadAction\",\"target\":[\"https:\\\/\\\/www.sinchisinchi.com\\\/pt-pt\\\/producto\\\/tonka\\\/\"]}]},{\"@type\":\"ImageObject\",\"inLanguage\":\"pt-PT\",\"@id\":\"https:\\\/\\\/www.sinchisinchi.com\\\/pt-pt\\\/producto\\\/tonka\\\/#primaryimage\",\"url\":\"https:\\\/\\\/www.sinchisinchi.com\\\/wp-content\\\/uploads\\\/2023\\\/10\\\/4-Tonka.jpg\",\"contentUrl\":\"https:\\\/\\\/www.sinchisinchi.com\\\/wp-content\\\/uploads\\\/2023\\\/10\\\/4-Tonka.jpg\",\"width\":700,\"height\":700},{\"@type\":\"BreadcrumbList\",\"@id\":\"https:\\\/\\\/www.sinchisinchi.com\\\/pt-pt\\\/producto\\\/tonka\\\/#breadcrumb\",\"itemListElement\":[{\"@type\":\"ListItem\",\"position\":1,\"name\":\"Prima pagina\",\"item\":\"https:\\\/\\\/www.sinchisinchi.com\\\/pt-pt\\\/\"},{\"@type\":\"ListItem\",\"position\":2,\"name\":\"Produtos\",\"item\":\"https:\\\/\\\/www.sinchisinchi.com\\\/pt-pt\\\/shop\\\/\"},{\"@type\":\"ListItem\",\"position\":3,\"name\":\"Tonka\"}]},{\"@type\":\"WebSite\",\"@id\":\"https:\\\/\\\/www.sinchisinchi.com\\\/pt-pt\\\/#website\",\"url\":\"https:\\\/\\\/www.sinchisinchi.com\\\/pt-pt\\\/\",\"name\":\"SINCHI\",\"description\":\"Sinchi Medicine\",\"publisher\":{\"@id\":\"https:\\\/\\\/www.sinchisinchi.com\\\/pt-pt\\\/#organization\"},\"potentialAction\":[{\"@type\":\"SearchAction\",\"target\":{\"@type\":\"EntryPoint\",\"urlTemplate\":\"https:\\\/\\\/www.sinchisinchi.com\\\/pt-pt\\\/?s={search_term_string}\"},\"query-input\":{\"@type\":\"PropertyValueSpecification\",\"valueRequired\":true,\"valueName\":\"search_term_string\"}}],\"inLanguage\":\"pt-PT\"},{\"@type\":\"Organization\",\"@id\":\"https:\\\/\\\/www.sinchisinchi.com\\\/pt-pt\\\/#organization\",\"name\":\"SINCHI S.L\",\"url\":\"https:\\\/\\\/www.sinchisinchi.com\\\/pt-pt\\\/\",\"logo\":{\"@type\":\"ImageObject\",\"inLanguage\":\"pt-PT\",\"@id\":\"https:\\\/\\\/www.sinchisinchi.com\\\/pt-pt\\\/#\\\/schema\\\/logo\\\/image\\\/\",\"url\":\"https:\\\/\\\/www.sinchisinchi.com\\\/wp-content\\\/uploads\\\/2026\\\/01\\\/3b-Verde-SIMPLIFICADO-HORIZONTAL-F-TRANSPARENTE-scaled.png\",\"contentUrl\":\"https:\\\/\\\/www.sinchisinchi.com\\\/wp-content\\\/uploads\\\/2026\\\/01\\\/3b-Verde-SIMPLIFICADO-HORIZONTAL-F-TRANSPARENTE-scaled.png\",\"width\":2560,\"height\":457,\"caption\":\"SINCHI S.L\"},\"image\":{\"@id\":\"https:\\\/\\\/www.sinchisinchi.com\\\/pt-pt\\\/#\\\/schema\\\/logo\\\/image\\\/\"},\"sameAs\":[\"https:\\\/\\\/www.facebook.com\\\/sinchirape\\\/\",\"https:\\\/\\\/www.instagram.com\\\/sinchi_rape\\\/\"]}]}<\/script>\n<!-- \/ Yoast SEO plugin. -->","yoast_head_json":{"title":"SINCHI: Rap\u00e9 Tonka da tribo Katukina","description":"O Tonka Rap\u00e9 \u00e9 um Rap\u00e9 forte, feito com casca da \u00e1rvore Cumaru, Mapacho e outras plantas medicinais. Ideal para limpeza e equilibragem.","robots":{"index":"index","follow":"follow","max-snippet":"max-snippet:-1","max-image-preview":"max-image-preview:large","max-video-preview":"max-video-preview:-1"},"canonical":"https:\/\/www.sinchisinchi.com\/pt-pt\/producto\/tonka\/","og_locale":"pt_PT","og_type":"article","og_title":"SINCHI: Rap\u00e9 Tonka da tribo Katukina","og_description":"O Tonka Rap\u00e9 \u00e9 um Rap\u00e9 forte, feito com casca da \u00e1rvore Cumaru, Mapacho e outras plantas medicinais. Ideal para limpeza e equilibragem.","og_url":"https:\/\/www.sinchisinchi.com\/pt-pt\/producto\/tonka\/","og_site_name":"SINCHI RAP\u00c9","article_publisher":"https:\/\/www.facebook.com\/sinchirape\/","article_modified_time":"2026-02-12T14:15:15+00:00","og_image":[{"width":700,"height":700,"url":"https:\/\/www.sinchisinchi.com\/wp-content\/uploads\/2023\/10\/4-Tonka.jpg","type":"image\/jpeg"}],"twitter_card":"summary_large_image","twitter_misc":{"Tempo estimado de leitura":"1 minuto"},"schema":{"@context":"https:\/\/schema.org","@graph":[{"@type":"WebPage","@id":"https:\/\/www.sinchisinchi.com\/pt-pt\/producto\/tonka\/","url":"https:\/\/www.sinchisinchi.com\/pt-pt\/producto\/tonka\/","name":"SINCHI: Rap\u00e9 Tonka da tribo Katukina","isPartOf":{"@id":"https:\/\/www.sinchisinchi.com\/pt-pt\/#website"},"primaryImageOfPage":{"@id":"https:\/\/www.sinchisinchi.com\/pt-pt\/producto\/tonka\/#primaryimage"},"image":{"@id":"https:\/\/www.sinchisinchi.com\/pt-pt\/producto\/tonka\/#primaryimage"},"thumbnailUrl":"https:\/\/www.sinchisinchi.com\/wp-content\/uploads\/2023\/10\/4-Tonka.jpg","datePublished":"2023-10-19T20:31:11+00:00","dateModified":"2026-02-12T14:15:15+00:00","description":"O Tonka Rap\u00e9 \u00e9 um Rap\u00e9 forte, feito com casca da \u00e1rvore Cumaru, Mapacho e outras plantas medicinais. Ideal para limpeza e equilibragem.","breadcrumb":{"@id":"https:\/\/www.sinchisinchi.com\/pt-pt\/producto\/tonka\/#breadcrumb"},"inLanguage":"pt-PT","potentialAction":[{"@type":"ReadAction","target":["https:\/\/www.sinchisinchi.com\/pt-pt\/producto\/tonka\/"]}]},{"@type":"ImageObject","inLanguage":"pt-PT","@id":"https:\/\/www.sinchisinchi.com\/pt-pt\/producto\/tonka\/#primaryimage","url":"https:\/\/www.sinchisinchi.com\/wp-content\/uploads\/2023\/10\/4-Tonka.jpg","contentUrl":"https:\/\/www.sinchisinchi.com\/wp-content\/uploads\/2023\/10\/4-Tonka.jpg","width":700,"height":700},{"@type":"BreadcrumbList","@id":"https:\/\/www.sinchisinchi.com\/pt-pt\/producto\/tonka\/#breadcrumb","itemListElement":[{"@type":"ListItem","position":1,"name":"Prima pagina","item":"https:\/\/www.sinchisinchi.com\/pt-pt\/"},{"@type":"ListItem","position":2,"name":"Produtos","item":"https:\/\/www.sinchisinchi.com\/pt-pt\/shop\/"},{"@type":"ListItem","position":3,"name":"Tonka"}]},{"@type":"WebSite","@id":"https:\/\/www.sinchisinchi.com\/pt-pt\/#website","url":"https:\/\/www.sinchisinchi.com\/pt-pt\/","name":"SINCHI","description":"Sinchi Medicine","publisher":{"@id":"https:\/\/www.sinchisinchi.com\/pt-pt\/#organization"},"potentialAction":[{"@type":"SearchAction","target":{"@type":"EntryPoint","urlTemplate":"https:\/\/www.sinchisinchi.com\/pt-pt\/?s={search_term_string}"},"query-input":{"@type":"PropertyValueSpecification","valueRequired":true,"valueName":"search_term_string"}}],"inLanguage":"pt-PT"},{"@type":"Organization","@id":"https:\/\/www.sinchisinchi.com\/pt-pt\/#organization","name":"SINCHI S.L","url":"https:\/\/www.sinchisinchi.com\/pt-pt\/","logo":{"@type":"ImageObject","inLanguage":"pt-PT","@id":"https:\/\/www.sinchisinchi.com\/pt-pt\/#\/schema\/logo\/image\/","url":"https:\/\/www.sinchisinchi.com\/wp-content\/uploads\/2026\/01\/3b-Verde-SIMPLIFICADO-HORIZONTAL-F-TRANSPARENTE-scaled.png","contentUrl":"https:\/\/www.sinchisinchi.com\/wp-content\/uploads\/2026\/01\/3b-Verde-SIMPLIFICADO-HORIZONTAL-F-TRANSPARENTE-scaled.png","width":2560,"height":457,"caption":"SINCHI S.L"},"image":{"@id":"https:\/\/www.sinchisinchi.com\/pt-pt\/#\/schema\/logo\/image\/"},"sameAs":["https:\/\/www.facebook.com\/sinchirape\/","https:\/\/www.instagram.com\/sinchi_rape\/"]}]}},"_links":{"self":[{"href":"https:\/\/www.sinchisinchi.com\/pt-pt\/wp-json\/wp\/v2\/product\/20782","targetHints":{"allow":["GET"]}}],"collection":[{"href":"https:\/\/www.sinchisinchi.com\/pt-pt\/wp-json\/wp\/v2\/product"}],"about":[{"href":"https:\/\/www.sinchisinchi.com\/pt-pt\/wp-json\/wp\/v2\/types\/product"}],"wp:featuredmedia":[{"embeddable":true,"href":"https:\/\/www.sinchisinchi.com\/pt-pt\/wp-json\/wp\/v2\/media\/20786"}],"wp:attachment":[{"href":"https:\/\/www.sinchisinchi.com\/pt-pt\/wp-json\/wp\/v2\/media?parent=20782"}],"wp:term":[{"taxonomy":"product_brand","embeddable":true,"href":"https:\/\/www.sinchisinchi.com\/pt-pt\/wp-json\/wp\/v2\/product_brand?post=20782"},{"taxonomy":"product_cat","embeddable":true,"href":"https:\/\/www.sinchisinchi.com\/pt-pt\/wp-json\/wp\/v2\/product_cat?post=20782"},{"taxonomy":"product_tag","embeddable":true,"href":"https:\/\/www.sinchisinchi.com\/pt-pt\/wp-json\/wp\/v2\/product_tag?post=20782"}],"curies":[{"name":"wp","href":"https:\/\/api.w.org\/{rel}","templated":true}]}}