{"id":21893,"date":"2020-02-02T17:56:48","date_gmt":"2020-02-02T17:56:48","guid":{"rendered":"https:\/\/www.sinchisinchi.com\/producto\/veia-de-paje\/"},"modified":"2026-02-12T12:25:46","modified_gmt":"2026-02-12T12:25:46","slug":"veia-de-paje","status":"publish","type":"product","link":"https:\/\/www.sinchisinchi.com\/pt-pt\/producto\/veia-de-paje\/","title":{"rendered":"Veia de Paj\u00e9"},"content":{"rendered":"<p><span style=\"color: #000000;\"><strong>-Intensidade:<\/strong> Forte, adequado para utilizadores avan\u00e7ados.<\/span><\/p>\n<p><span style=\"color: #000000;\"><strong>-Tribo:<\/strong> Feito pela tribo Kuntanawa.<\/span><\/p>\n<p><span style=\"color: #000000;\"><strong>-Composi\u00e7\u00e3o:<\/strong> Cont\u00e9m cinzas da casca da sapota, do tabaco mapacho e da videira Veia de Paj\u00e9. As folhas da Veia de Paj\u00e9 assemelham-se a um cora\u00e7\u00e3o, por isso tamb\u00e9m \u00e9 conhecida como o cora\u00e7\u00e3o da jiboia.<\/span><\/p>\n<p><span style=\"color: #000000;\"><strong>-Tamanho:<\/strong> Frascos de 10 ml (8 a 9 gramas)<\/span><\/p>\n<p><span style=\"color: #000000;\"><strong>-Utiliza\u00e7\u00e3o:<\/strong> Curiosidade etnobot\u00e2nica. Uso exclusivo para estudo cient\u00edfico, hist\u00f3rico e ritual\u00edstico.<\/span><\/p>\n<a href=\"https:\/\/www.sinchisinchi.com\/producto\/50g-veia-de-paje\/\" class=\"button secondary is-larger lowercase expand\" style=\"border-radius:10px;\">\n\t\t<span>Tamanho M\u00e9dio: 50gr<\/span>\n\t<\/a>\n\n<a href=\"https:\/\/www.sinchisinchi.com\/producto\/veia-de-paje-100g\/\" class=\"button secondary is-larger lowercase expand\" style=\"border-radius:10px;\">\n\t\t<span>Tamanho Grande: 100gr<\/span>\n\t<\/a>\n\n\t<div id=\"gap-1478682656\" class=\"gap-element clearfix\" style=\"display:block; height:auto;\">\n\t\t\n<style>\n#gap-1478682656 {\n  padding-top: 30px;\n}\n<\/style>\n\t<\/div>\n\t\n\n  <div class=\"banner has-hover is-full-height\" id=\"banner-544979665\">\n          <div class=\"banner-inner fill\">\n        <div class=\"banner-bg fill\" >\n            <img loading=\"lazy\" decoding=\"async\" width=\"576\" height=\"1024\" src=\"https:\/\/www.sinchisinchi.com\/wp-content\/uploads\/2024\/12\/6-Jaguar9-576x1024.jpeg\" class=\"bg attachment-large size-large\" alt=\"\" \/>                        <div class=\"overlay\"><\/div>            \n                    <\/div>\n\t\t\n        <div class=\"banner-layers container\">\n            <div class=\"fill banner-link\"><\/div>            \n   <div id=\"text-box-490284101\" class=\"text-box banner-layer x5 md-x5 lg-x5 y50 md-y50 lg-y50 res-text\">\n                                <div class=\"text-box-content text box-shadow-3\">\n              \n              <div class=\"text-inner text-left\">\n                  \n<h2 class=\"uppercase\"><strong>TRIBO<\/strong><\/h2>\n<h3>Kuntanawa<\/h3>\n<a href=\"https:\/\/www.sinchisinchi.com\/pt-pt\/tribos\/rape-kuntanawa\/\" class=\"button primary is-underline is-larger expand\" >\n\t\t<span>TRIBO<\/span>\n\t<\/a>\n\n              <\/div>\n           <\/div>\n                            \n<style>\n#text-box-490284101 .text-box-content {\n  background-color: rgb(255, 255, 255);\n  font-size: 100%;\n}\n#text-box-490284101 .text-inner {\n  padding: 30px 30px 30px 30px;\n}\n#text-box-490284101 {\n  width: 60%;\n}\n@media (min-width:550px) {\n  #text-box-490284101 {\n    width: 40%;\n  }\n}\n<\/style>\n    <\/div>\n \n        <\/div>\n      <\/div>\n\n            \n<style>\n#banner-544979665 {\n  padding-top: 100%;\n  background-color: rgb(255, 255, 255);\n}\n#banner-544979665 .overlay {\n  background-color: rgba(190, 190, 190, 0.2);\n}\n<\/style>\n  <\/div>\n\n\n","protected":false},"excerpt":{"rendered":"<p><span style=\"color: #000000;\">Rap\u00e9 Kuntanawa Ve\u00eda de Paj\u00e9 \u00e9 um Rap\u00e9 denso e profundo que nos liga com as ra\u00edzes, a terra, a densidade, os antepassados. Segundo Kuntanawa, \u00e9 uma mistura muito poderosa reservada a utilizadores avan\u00e7ados, com grande poder de atra\u00e7\u00e3o (tanto para o positivo como para o negativo).<\/span><\/p>\n<p><span style=\"color: #000000;\">A ora\u00e7\u00e3o e a inten\u00e7\u00e3o devem desempenhar um aspecto importante na utiliza\u00e7\u00e3o de qualquer Rap\u00e9, e neste em particular \u00e9 fundamental. Afasta o negativo\/indesej\u00e1vel e atrai o positivo\/desejado; Quem a utiliza deve fazer um uso adequado da ora\u00e7\u00e3o e focar uma inten\u00e7\u00e3o pura, para alcan\u00e7ar um efeito desej\u00e1vel.<\/span><\/p>\n<p><span style=\"color: #000000;\">Recomenda-se encontrar um espa\u00e7o confort\u00e1vel e adequado, livre de distra\u00e7\u00f5es e com algum tempo para integrar os seus efeitos. Realiza uma limpeza f\u00edsica e energ\u00e9tica profunda, pelo que a purga \u00e9 bem poss\u00edvel.<\/span><\/p>\n<p><span style=\"color: #000000;\">Na maioria dos casos, \u00e9 aconselh\u00e1vel come\u00e7ar aos poucos e aument\u00e1-lo \u00e0 medida que se ganha experi\u00eancia.<\/span><\/p>\n","protected":false},"featured_media":21899,"template":"","meta":{"_joinchat":[]},"product_brand":[],"product_cat":[651],"product_tag":[],"class_list":{"0":"post-21893","1":"product","2":"type-product","3":"status-publish","4":"has-post-thumbnail","6":"product_cat-kuntanawa-pt-pt","8":"first","9":"instock","10":"taxable","11":"shipping-taxable","12":"purchasable","13":"product-type-simple"},"yoast_head":"<!-- This site is optimized with the Yoast SEO plugin v27.4 - https:\/\/yoast.com\/product\/yoast-seo-wordpress\/ -->\n<title>SINCHI: Rap\u00e9 Veia de Paj\u00e9 da Amaz\u00f3nia Brasileira<\/title>\n<meta name=\"description\" content=\"A Veia de Paj\u00e9 Rap\u00e9 \u00e9 uma variedade profunda, com uma elevada propor\u00e7\u00e3o de Mapacho; ideal para cerim\u00f3nias e para liga\u00e7\u00e3o com ra\u00edzes.\" \/>\n<meta name=\"robots\" content=\"index, follow, max-snippet:-1, max-image-preview:large, max-video-preview:-1\" \/>\n<link rel=\"canonical\" href=\"https:\/\/www.sinchisinchi.com\/pt-pt\/producto\/veia-de-paje\/\" \/>\n<meta property=\"og:locale\" content=\"pt_PT\" \/>\n<meta property=\"og:type\" content=\"article\" \/>\n<meta property=\"og:title\" content=\"SINCHI: Rap\u00e9 Veia de Paj\u00e9 da Amaz\u00f3nia Brasileira\" \/>\n<meta property=\"og:description\" content=\"A Veia de Paj\u00e9 Rap\u00e9 \u00e9 uma variedade profunda, com uma elevada propor\u00e7\u00e3o de Mapacho; ideal para cerim\u00f3nias e para liga\u00e7\u00e3o com ra\u00edzes.\" \/>\n<meta property=\"og:url\" content=\"https:\/\/www.sinchisinchi.com\/pt-pt\/producto\/veia-de-paje\/\" \/>\n<meta property=\"og:site_name\" content=\"SINCHI RAP\u00c9\" \/>\n<meta property=\"article:publisher\" content=\"https:\/\/www.facebook.com\/sinchirape\/\" \/>\n<meta property=\"article:modified_time\" content=\"2026-02-12T12:25:46+00:00\" \/>\n<meta property=\"og:image\" content=\"https:\/\/www.sinchisinchi.com\/wp-content\/uploads\/2020\/02\/19-Veia-de-paje.jpg\" \/>\n\t<meta property=\"og:image:width\" content=\"700\" \/>\n\t<meta property=\"og:image:height\" content=\"700\" \/>\n\t<meta property=\"og:image:type\" content=\"image\/jpeg\" \/>\n<meta name=\"twitter:card\" content=\"summary_large_image\" \/>\n<meta name=\"twitter:label1\" content=\"Tempo estimado de leitura\" \/>\n\t<meta name=\"twitter:data1\" content=\"1 minuto\" \/>\n<script type=\"application\/ld+json\" class=\"yoast-schema-graph\">{\"@context\":\"https:\\\/\\\/schema.org\",\"@graph\":[{\"@type\":\"WebPage\",\"@id\":\"https:\\\/\\\/www.sinchisinchi.com\\\/pt-pt\\\/producto\\\/veia-de-paje\\\/\",\"url\":\"https:\\\/\\\/www.sinchisinchi.com\\\/pt-pt\\\/producto\\\/veia-de-paje\\\/\",\"name\":\"SINCHI: Rap\u00e9 Veia de Paj\u00e9 da Amaz\u00f3nia Brasileira\",\"isPartOf\":{\"@id\":\"https:\\\/\\\/www.sinchisinchi.com\\\/pt-pt\\\/#website\"},\"primaryImageOfPage\":{\"@id\":\"https:\\\/\\\/www.sinchisinchi.com\\\/pt-pt\\\/producto\\\/veia-de-paje\\\/#primaryimage\"},\"image\":{\"@id\":\"https:\\\/\\\/www.sinchisinchi.com\\\/pt-pt\\\/producto\\\/veia-de-paje\\\/#primaryimage\"},\"thumbnailUrl\":\"https:\\\/\\\/www.sinchisinchi.com\\\/wp-content\\\/uploads\\\/2020\\\/02\\\/19-Veia-de-paje.jpg\",\"datePublished\":\"2020-02-02T17:56:48+00:00\",\"dateModified\":\"2026-02-12T12:25:46+00:00\",\"description\":\"A Veia de Paj\u00e9 Rap\u00e9 \u00e9 uma variedade profunda, com uma elevada propor\u00e7\u00e3o de Mapacho; ideal para cerim\u00f3nias e para liga\u00e7\u00e3o com ra\u00edzes.\",\"breadcrumb\":{\"@id\":\"https:\\\/\\\/www.sinchisinchi.com\\\/pt-pt\\\/producto\\\/veia-de-paje\\\/#breadcrumb\"},\"inLanguage\":\"pt-PT\",\"potentialAction\":[{\"@type\":\"ReadAction\",\"target\":[\"https:\\\/\\\/www.sinchisinchi.com\\\/pt-pt\\\/producto\\\/veia-de-paje\\\/\"]}]},{\"@type\":\"ImageObject\",\"inLanguage\":\"pt-PT\",\"@id\":\"https:\\\/\\\/www.sinchisinchi.com\\\/pt-pt\\\/producto\\\/veia-de-paje\\\/#primaryimage\",\"url\":\"https:\\\/\\\/www.sinchisinchi.com\\\/wp-content\\\/uploads\\\/2020\\\/02\\\/19-Veia-de-paje.jpg\",\"contentUrl\":\"https:\\\/\\\/www.sinchisinchi.com\\\/wp-content\\\/uploads\\\/2020\\\/02\\\/19-Veia-de-paje.jpg\",\"width\":700,\"height\":700},{\"@type\":\"BreadcrumbList\",\"@id\":\"https:\\\/\\\/www.sinchisinchi.com\\\/pt-pt\\\/producto\\\/veia-de-paje\\\/#breadcrumb\",\"itemListElement\":[{\"@type\":\"ListItem\",\"position\":1,\"name\":\"Prima pagina\",\"item\":\"https:\\\/\\\/www.sinchisinchi.com\\\/pt-pt\\\/\"},{\"@type\":\"ListItem\",\"position\":2,\"name\":\"Produtos\",\"item\":\"https:\\\/\\\/www.sinchisinchi.com\\\/pt-pt\\\/shop\\\/\"},{\"@type\":\"ListItem\",\"position\":3,\"name\":\"Veia de Paj\u00e9\"}]},{\"@type\":\"WebSite\",\"@id\":\"https:\\\/\\\/www.sinchisinchi.com\\\/pt-pt\\\/#website\",\"url\":\"https:\\\/\\\/www.sinchisinchi.com\\\/pt-pt\\\/\",\"name\":\"SINCHI\",\"description\":\"Sinchi Medicine\",\"publisher\":{\"@id\":\"https:\\\/\\\/www.sinchisinchi.com\\\/pt-pt\\\/#organization\"},\"potentialAction\":[{\"@type\":\"SearchAction\",\"target\":{\"@type\":\"EntryPoint\",\"urlTemplate\":\"https:\\\/\\\/www.sinchisinchi.com\\\/pt-pt\\\/?s={search_term_string}\"},\"query-input\":{\"@type\":\"PropertyValueSpecification\",\"valueRequired\":true,\"valueName\":\"search_term_string\"}}],\"inLanguage\":\"pt-PT\"},{\"@type\":\"Organization\",\"@id\":\"https:\\\/\\\/www.sinchisinchi.com\\\/pt-pt\\\/#organization\",\"name\":\"SINCHI S.L\",\"url\":\"https:\\\/\\\/www.sinchisinchi.com\\\/pt-pt\\\/\",\"logo\":{\"@type\":\"ImageObject\",\"inLanguage\":\"pt-PT\",\"@id\":\"https:\\\/\\\/www.sinchisinchi.com\\\/pt-pt\\\/#\\\/schema\\\/logo\\\/image\\\/\",\"url\":\"https:\\\/\\\/www.sinchisinchi.com\\\/wp-content\\\/uploads\\\/2026\\\/01\\\/3b-Verde-SIMPLIFICADO-HORIZONTAL-F-TRANSPARENTE-scaled.png\",\"contentUrl\":\"https:\\\/\\\/www.sinchisinchi.com\\\/wp-content\\\/uploads\\\/2026\\\/01\\\/3b-Verde-SIMPLIFICADO-HORIZONTAL-F-TRANSPARENTE-scaled.png\",\"width\":2560,\"height\":457,\"caption\":\"SINCHI S.L\"},\"image\":{\"@id\":\"https:\\\/\\\/www.sinchisinchi.com\\\/pt-pt\\\/#\\\/schema\\\/logo\\\/image\\\/\"},\"sameAs\":[\"https:\\\/\\\/www.facebook.com\\\/sinchirape\\\/\",\"https:\\\/\\\/www.instagram.com\\\/sinchi_rape\\\/\"]}]}<\/script>\n<!-- \/ Yoast SEO plugin. -->","yoast_head_json":{"title":"SINCHI: Rap\u00e9 Veia de Paj\u00e9 da Amaz\u00f3nia Brasileira","description":"A Veia de Paj\u00e9 Rap\u00e9 \u00e9 uma variedade profunda, com uma elevada propor\u00e7\u00e3o de Mapacho; ideal para cerim\u00f3nias e para liga\u00e7\u00e3o com ra\u00edzes.","robots":{"index":"index","follow":"follow","max-snippet":"max-snippet:-1","max-image-preview":"max-image-preview:large","max-video-preview":"max-video-preview:-1"},"canonical":"https:\/\/www.sinchisinchi.com\/pt-pt\/producto\/veia-de-paje\/","og_locale":"pt_PT","og_type":"article","og_title":"SINCHI: Rap\u00e9 Veia de Paj\u00e9 da Amaz\u00f3nia Brasileira","og_description":"A Veia de Paj\u00e9 Rap\u00e9 \u00e9 uma variedade profunda, com uma elevada propor\u00e7\u00e3o de Mapacho; ideal para cerim\u00f3nias e para liga\u00e7\u00e3o com ra\u00edzes.","og_url":"https:\/\/www.sinchisinchi.com\/pt-pt\/producto\/veia-de-paje\/","og_site_name":"SINCHI RAP\u00c9","article_publisher":"https:\/\/www.facebook.com\/sinchirape\/","article_modified_time":"2026-02-12T12:25:46+00:00","og_image":[{"width":700,"height":700,"url":"https:\/\/www.sinchisinchi.com\/wp-content\/uploads\/2020\/02\/19-Veia-de-paje.jpg","type":"image\/jpeg"}],"twitter_card":"summary_large_image","twitter_misc":{"Tempo estimado de leitura":"1 minuto"},"schema":{"@context":"https:\/\/schema.org","@graph":[{"@type":"WebPage","@id":"https:\/\/www.sinchisinchi.com\/pt-pt\/producto\/veia-de-paje\/","url":"https:\/\/www.sinchisinchi.com\/pt-pt\/producto\/veia-de-paje\/","name":"SINCHI: Rap\u00e9 Veia de Paj\u00e9 da Amaz\u00f3nia Brasileira","isPartOf":{"@id":"https:\/\/www.sinchisinchi.com\/pt-pt\/#website"},"primaryImageOfPage":{"@id":"https:\/\/www.sinchisinchi.com\/pt-pt\/producto\/veia-de-paje\/#primaryimage"},"image":{"@id":"https:\/\/www.sinchisinchi.com\/pt-pt\/producto\/veia-de-paje\/#primaryimage"},"thumbnailUrl":"https:\/\/www.sinchisinchi.com\/wp-content\/uploads\/2020\/02\/19-Veia-de-paje.jpg","datePublished":"2020-02-02T17:56:48+00:00","dateModified":"2026-02-12T12:25:46+00:00","description":"A Veia de Paj\u00e9 Rap\u00e9 \u00e9 uma variedade profunda, com uma elevada propor\u00e7\u00e3o de Mapacho; ideal para cerim\u00f3nias e para liga\u00e7\u00e3o com ra\u00edzes.","breadcrumb":{"@id":"https:\/\/www.sinchisinchi.com\/pt-pt\/producto\/veia-de-paje\/#breadcrumb"},"inLanguage":"pt-PT","potentialAction":[{"@type":"ReadAction","target":["https:\/\/www.sinchisinchi.com\/pt-pt\/producto\/veia-de-paje\/"]}]},{"@type":"ImageObject","inLanguage":"pt-PT","@id":"https:\/\/www.sinchisinchi.com\/pt-pt\/producto\/veia-de-paje\/#primaryimage","url":"https:\/\/www.sinchisinchi.com\/wp-content\/uploads\/2020\/02\/19-Veia-de-paje.jpg","contentUrl":"https:\/\/www.sinchisinchi.com\/wp-content\/uploads\/2020\/02\/19-Veia-de-paje.jpg","width":700,"height":700},{"@type":"BreadcrumbList","@id":"https:\/\/www.sinchisinchi.com\/pt-pt\/producto\/veia-de-paje\/#breadcrumb","itemListElement":[{"@type":"ListItem","position":1,"name":"Prima pagina","item":"https:\/\/www.sinchisinchi.com\/pt-pt\/"},{"@type":"ListItem","position":2,"name":"Produtos","item":"https:\/\/www.sinchisinchi.com\/pt-pt\/shop\/"},{"@type":"ListItem","position":3,"name":"Veia de Paj\u00e9"}]},{"@type":"WebSite","@id":"https:\/\/www.sinchisinchi.com\/pt-pt\/#website","url":"https:\/\/www.sinchisinchi.com\/pt-pt\/","name":"SINCHI","description":"Sinchi Medicine","publisher":{"@id":"https:\/\/www.sinchisinchi.com\/pt-pt\/#organization"},"potentialAction":[{"@type":"SearchAction","target":{"@type":"EntryPoint","urlTemplate":"https:\/\/www.sinchisinchi.com\/pt-pt\/?s={search_term_string}"},"query-input":{"@type":"PropertyValueSpecification","valueRequired":true,"valueName":"search_term_string"}}],"inLanguage":"pt-PT"},{"@type":"Organization","@id":"https:\/\/www.sinchisinchi.com\/pt-pt\/#organization","name":"SINCHI S.L","url":"https:\/\/www.sinchisinchi.com\/pt-pt\/","logo":{"@type":"ImageObject","inLanguage":"pt-PT","@id":"https:\/\/www.sinchisinchi.com\/pt-pt\/#\/schema\/logo\/image\/","url":"https:\/\/www.sinchisinchi.com\/wp-content\/uploads\/2026\/01\/3b-Verde-SIMPLIFICADO-HORIZONTAL-F-TRANSPARENTE-scaled.png","contentUrl":"https:\/\/www.sinchisinchi.com\/wp-content\/uploads\/2026\/01\/3b-Verde-SIMPLIFICADO-HORIZONTAL-F-TRANSPARENTE-scaled.png","width":2560,"height":457,"caption":"SINCHI S.L"},"image":{"@id":"https:\/\/www.sinchisinchi.com\/pt-pt\/#\/schema\/logo\/image\/"},"sameAs":["https:\/\/www.facebook.com\/sinchirape\/","https:\/\/www.instagram.com\/sinchi_rape\/"]}]}},"_links":{"self":[{"href":"https:\/\/www.sinchisinchi.com\/pt-pt\/wp-json\/wp\/v2\/product\/21893","targetHints":{"allow":["GET"]}}],"collection":[{"href":"https:\/\/www.sinchisinchi.com\/pt-pt\/wp-json\/wp\/v2\/product"}],"about":[{"href":"https:\/\/www.sinchisinchi.com\/pt-pt\/wp-json\/wp\/v2\/types\/product"}],"wp:featuredmedia":[{"embeddable":true,"href":"https:\/\/www.sinchisinchi.com\/pt-pt\/wp-json\/wp\/v2\/media\/21899"}],"wp:attachment":[{"href":"https:\/\/www.sinchisinchi.com\/pt-pt\/wp-json\/wp\/v2\/media?parent=21893"}],"wp:term":[{"taxonomy":"product_brand","embeddable":true,"href":"https:\/\/www.sinchisinchi.com\/pt-pt\/wp-json\/wp\/v2\/product_brand?post=21893"},{"taxonomy":"product_cat","embeddable":true,"href":"https:\/\/www.sinchisinchi.com\/pt-pt\/wp-json\/wp\/v2\/product_cat?post=21893"},{"taxonomy":"product_tag","embeddable":true,"href":"https:\/\/www.sinchisinchi.com\/pt-pt\/wp-json\/wp\/v2\/product_tag?post=21893"}],"curies":[{"name":"wp","href":"https:\/\/api.w.org\/{rel}","templated":true}]}}