{"id":22212,"date":"2023-11-02T17:10:15","date_gmt":"2023-11-02T17:10:15","guid":{"rendered":"https:\/\/www.sinchisinchi.com\/producto\/huni-kuin-murici\/"},"modified":"2026-02-13T00:25:01","modified_gmt":"2026-02-13T00:25:01","slug":"huni-kuin-murici","status":"publish","type":"product","link":"https:\/\/www.sinchisinchi.com\/pt-pt\/producto\/huni-kuin-murici\/","title":{"rendered":"Huni Kuin Murici"},"content":{"rendered":"<p><span style=\"color: #000000;\"><strong>-Propriedades:\u00a0<\/strong> Murici Rap\u00e9 atua como estimulante da gl\u00e2ndula pineal, sendo muito bom para a medita\u00e7\u00e3o e desenvolvimento de sonhos l\u00facidos.<\/span><\/p>\n<p><span style=\"color: #000000;\"><strong>\u2013Tribo:\u00a0<\/strong> Feito pela tribo Huni Kuin (Tamb\u00e9m conhecida por Kaxinaw\u00e1, caxinau\u00e1).<\/span><\/p>\n<p><span style=\"color: #000000;\"><strong>-Composi\u00e7\u00e3o:<\/strong> Mapacho, freixo de Murici (Byrsonima crassifolia) e outras plantas medicinais sagradas da Amaz\u00f3nia.\u00a0<\/span><\/p>\n<p><span style=\"color: #000000;\"><strong>-Tamanho:<\/strong> Frascos de 10 ml (8 a 9 gramas).<\/span><\/p>\n<p><span style=\"color: #000000;\"><strong>-Utiliza\u00e7\u00e3o:<\/strong> Curiosidade etnobot\u00e2nica.<\/span><\/p>\n\t<div id=\"gap-459496831\" class=\"gap-element clearfix\" style=\"display:block; height:auto;\">\n\t\t\n<style>\n#gap-459496831 {\n  padding-top: 30px;\n}\n<\/style>\n\t<\/div>\n\t\n<a href=\"https:\/\/www.sinchisinchi.com\/pt-pt\/producto\/murici-50gr\/\" target=\"_blank\" class=\"button secondary is-larger lowercase expand\" rel=\"noopener\" style=\"border-radius:10px;\">\n\t\t<span>Tamanho M\u00e9dio: 50g<\/span>\n\t<\/a>\n\n<a href=\"https:\/\/www.sinchisinchi.com\/pt-pt\/producto\/murici-100g\/\" target=\"_blank\" class=\"button secondary is-larger lowercase expand\" rel=\"noopener\" style=\"border-radius:10px;\">\n\t\t<span>Tamanho Grande: 100g<\/span>\n\t<\/a>\n\n\t<div id=\"gap-626531073\" class=\"gap-element clearfix\" style=\"display:block; height:auto;\">\n\t\t\n<style>\n#gap-626531073 {\n  padding-top: 30px;\n}\n<\/style>\n\t<\/div>\n\t\n\n  <div class=\"banner has-hover\" id=\"banner-1994292300\">\n          <div class=\"banner-inner fill\">\n        <div class=\"banner-bg fill\" >\n            <img loading=\"lazy\" decoding=\"async\" width=\"791\" height=\"1024\" src=\"https:\/\/www.sinchisinchi.com\/wp-content\/uploads\/2024\/09\/0-Huni-Kuin-Kaxinawa-791x1024.jpg\" class=\"bg attachment-large size-large\" alt=\"\" \/>                        <div class=\"overlay\"><\/div>            \n                    <\/div>\n\t\t\n        <div class=\"banner-layers container\">\n            <div class=\"fill banner-link\"><\/div>            \n   <div id=\"text-box-1034377714\" class=\"text-box banner-layer x5 md-x5 lg-x5 y50 md-y50 lg-y50 res-text\">\n                                <div class=\"text-box-content text box-shadow-3\">\n              \n              <div class=\"text-inner text-left\">\n                  \n<h2><span style=\"color: #000000;\"><strong>TRIBO<\/strong><\/span><\/h2>\n<h3><span style=\"color: #000000;\">Huni Kuin<\/span><\/h3>\n<p><span style=\"color: #000000;\">A tribo Huni Kuin vive em pequenas comunidades situadas desde o sop\u00e9 dos Andes peruanos at\u00e9 \u00e0 fronteira brasileira, nos estados do Acre e Sul do Amazonas, abrangendo a \u00e1rea do Alto Juru\u00e1, Purus e vale do Javari.<\/span><\/p>\n<a href=\"https:\/\/www.sinchisinchi.com\/pt-pt\/tribos\/rape-huni-kuin-kaxinawa\/\" target=\"_blank\" class=\"button primary is-underline expand\" rel=\"noopener\" >\n\t\t<span>Tribo<\/span>\n\t<\/a>\n\n<a href=\"https:\/\/www.sinchisinchi.com\/pt-pt\/tribos\/rape-huni-kuin-kaxinawa\/videos\/\" target=\"_blank\" class=\"button primary is-underline expand\" rel=\"noopener\" >\n\t\t<span>V\u00eddeos<\/span>\n\t<\/a>\n\n<a href=\"https:\/\/www.sinchisinchi.com\/pt-pt\/tribos\/rape-huni-kuin-kaxinawa\/musica\/\" target=\"_blank\" class=\"button primary is-underline expand\" rel=\"noopener\" >\n\t\t<span>M\u00fasica<\/span>\n\t<\/a>\n\n              <\/div>\n           <\/div>\n                            \n<style>\n#text-box-1034377714 .text-box-content {\n  background-color: rgb(255, 255, 255);\n  font-size: 100%;\n}\n#text-box-1034377714 .text-inner {\n  padding: 30px 30px 30px 30px;\n}\n#text-box-1034377714 {\n  width: 60%;\n}\n@media (min-width:550px) {\n  #text-box-1034377714 {\n    width: 40%;\n  }\n}\n<\/style>\n    <\/div>\n \n        <\/div>\n      <\/div>\n\n              <div class=\"height-fix is-invisible\"><img loading=\"lazy\" decoding=\"async\" width=\"791\" height=\"1024\" src=\"https:\/\/www.sinchisinchi.com\/wp-content\/uploads\/2024\/09\/0-Huni-Kuin-Kaxinawa-791x1024.jpg\" class=\"attachment-large size-large\" alt=\"\" srcset=\"https:\/\/www.sinchisinchi.com\/wp-content\/uploads\/2024\/09\/0-Huni-Kuin-Kaxinawa-791x1024.jpg 791w, https:\/\/www.sinchisinchi.com\/wp-content\/uploads\/2024\/09\/0-Huni-Kuin-Kaxinawa-463x600.jpg 463w, https:\/\/www.sinchisinchi.com\/wp-content\/uploads\/2024\/09\/0-Huni-Kuin-Kaxinawa-768x995.jpg 768w, https:\/\/www.sinchisinchi.com\/wp-content\/uploads\/2024\/09\/0-Huni-Kuin-Kaxinawa-1186x1536.jpg 1186w, https:\/\/www.sinchisinchi.com\/wp-content\/uploads\/2024\/09\/0-Huni-Kuin-Kaxinawa-247x320.jpg 247w, https:\/\/www.sinchisinchi.com\/wp-content\/uploads\/2024\/09\/0-Huni-Kuin-Kaxinawa-510x661.jpg 510w, https:\/\/www.sinchisinchi.com\/wp-content\/uploads\/2024\/09\/0-Huni-Kuin-Kaxinawa.jpg 1581w\" sizes=\"auto, (max-width: 791px) 100vw, 791px\" \/><\/div>\n            \n<style>\n#banner-1994292300 .overlay {\n  background-color: rgba(190, 190, 190, 0.2);\n}\n#banner-1994292300 {\n  background-color: rgb(255, 255, 255);\n}\n<\/style>\n  <\/div>\n\n\n","protected":false},"excerpt":{"rendered":"<p><span style=\"color: #000000;\">Conhecido como<strong> \u201co rap\u00e9 dos guerreiros\u201d<\/strong>, este rap\u00e9 cont\u00e9m um belo <strong>equil\u00edbrio masculino, aterramento<\/strong>, ajuda a conectar com o nosso poder interior, focar a nossa inten\u00e7\u00e3o, concentrar e ter clareza mental.<\/span><\/p>\n<p><span style=\"color: #000000;\">Esta mistura de Rap\u00e9 tem uma energia forte, com grande efeito relaxante nos m\u00fasculos e em todo o organismo, e sensa\u00e7\u00f5es muito n\u00edtidas e claras a n\u00edvel mental.<\/span><\/p>\n","protected":false},"featured_media":11723,"template":"","meta":{"_joinchat":[]},"product_brand":[],"product_cat":[644],"product_tag":[],"class_list":{"0":"post-22212","1":"product","2":"type-product","3":"status-publish","4":"has-post-thumbnail","6":"product_cat-huni-kuin-pt-pt","8":"first","9":"instock","10":"taxable","11":"shipping-taxable","12":"purchasable","13":"product-type-simple"},"yoast_head":"<!-- This site is optimized with the Yoast SEO plugin v27.4 - https:\/\/yoast.com\/product\/yoast-seo-wordpress\/ -->\n<title>SINCHI: Rap\u00e9 Murici da tribo Huni Kuin<\/title>\n<meta name=\"description\" content=\"O Rap\u00e9 Murici \u00e9 conhecido como \u201co rap\u00e9 dos guerreiros\u201d, atua como estimulante da gl\u00e2ndula pineal, indicado para uma utiliza\u00e7\u00e3o forte e di\u00e1ria.\" \/>\n<meta name=\"robots\" content=\"index, follow, max-snippet:-1, max-image-preview:large, max-video-preview:-1\" \/>\n<link rel=\"canonical\" href=\"https:\/\/www.sinchisinchi.com\/pt-pt\/producto\/huni-kuin-murici\/\" \/>\n<meta property=\"og:locale\" content=\"pt_PT\" \/>\n<meta property=\"og:type\" content=\"article\" \/>\n<meta property=\"og:title\" content=\"SINCHI: Rap\u00e9 Murici da tribo Huni Kuin\" \/>\n<meta property=\"og:description\" content=\"O Rap\u00e9 Murici \u00e9 conhecido como \u201co rap\u00e9 dos guerreiros\u201d, atua como estimulante da gl\u00e2ndula pineal, indicado para uma utiliza\u00e7\u00e3o forte e di\u00e1ria.\" \/>\n<meta property=\"og:url\" content=\"https:\/\/www.sinchisinchi.com\/pt-pt\/producto\/huni-kuin-murici\/\" \/>\n<meta property=\"og:site_name\" content=\"SINCHI RAP\u00c9\" \/>\n<meta property=\"article:publisher\" content=\"https:\/\/www.facebook.com\/sinchirape\/\" \/>\n<meta property=\"article:modified_time\" content=\"2026-02-13T00:25:01+00:00\" \/>\n<meta property=\"og:image\" content=\"https:\/\/www.sinchisinchi.com\/wp-content\/uploads\/2023\/11\/13-Murici.jpg\" \/>\n\t<meta property=\"og:image:width\" content=\"700\" \/>\n\t<meta property=\"og:image:height\" content=\"700\" \/>\n\t<meta property=\"og:image:type\" content=\"image\/jpeg\" \/>\n<meta name=\"twitter:card\" content=\"summary_large_image\" \/>\n<meta name=\"twitter:label1\" content=\"Tempo estimado de leitura\" \/>\n\t<meta name=\"twitter:data1\" content=\"1 minuto\" \/>\n<script type=\"application\/ld+json\" class=\"yoast-schema-graph\">{\"@context\":\"https:\\\/\\\/schema.org\",\"@graph\":[{\"@type\":\"WebPage\",\"@id\":\"https:\\\/\\\/www.sinchisinchi.com\\\/pt-pt\\\/producto\\\/huni-kuin-murici\\\/\",\"url\":\"https:\\\/\\\/www.sinchisinchi.com\\\/pt-pt\\\/producto\\\/huni-kuin-murici\\\/\",\"name\":\"SINCHI: Rap\u00e9 Murici da tribo Huni Kuin\",\"isPartOf\":{\"@id\":\"https:\\\/\\\/www.sinchisinchi.com\\\/pt-pt\\\/#website\"},\"primaryImageOfPage\":{\"@id\":\"https:\\\/\\\/www.sinchisinchi.com\\\/pt-pt\\\/producto\\\/huni-kuin-murici\\\/#primaryimage\"},\"image\":{\"@id\":\"https:\\\/\\\/www.sinchisinchi.com\\\/pt-pt\\\/producto\\\/huni-kuin-murici\\\/#primaryimage\"},\"thumbnailUrl\":\"https:\\\/\\\/www.sinchisinchi.com\\\/wp-content\\\/uploads\\\/2023\\\/11\\\/13-Murici.jpg\",\"datePublished\":\"2023-11-02T17:10:15+00:00\",\"dateModified\":\"2026-02-13T00:25:01+00:00\",\"description\":\"O Rap\u00e9 Murici \u00e9 conhecido como \u201co rap\u00e9 dos guerreiros\u201d, atua como estimulante da gl\u00e2ndula pineal, indicado para uma utiliza\u00e7\u00e3o forte e di\u00e1ria.\",\"breadcrumb\":{\"@id\":\"https:\\\/\\\/www.sinchisinchi.com\\\/pt-pt\\\/producto\\\/huni-kuin-murici\\\/#breadcrumb\"},\"inLanguage\":\"pt-PT\",\"potentialAction\":[{\"@type\":\"ReadAction\",\"target\":[\"https:\\\/\\\/www.sinchisinchi.com\\\/pt-pt\\\/producto\\\/huni-kuin-murici\\\/\"]}]},{\"@type\":\"ImageObject\",\"inLanguage\":\"pt-PT\",\"@id\":\"https:\\\/\\\/www.sinchisinchi.com\\\/pt-pt\\\/producto\\\/huni-kuin-murici\\\/#primaryimage\",\"url\":\"https:\\\/\\\/www.sinchisinchi.com\\\/wp-content\\\/uploads\\\/2023\\\/11\\\/13-Murici.jpg\",\"contentUrl\":\"https:\\\/\\\/www.sinchisinchi.com\\\/wp-content\\\/uploads\\\/2023\\\/11\\\/13-Murici.jpg\",\"width\":700,\"height\":700},{\"@type\":\"BreadcrumbList\",\"@id\":\"https:\\\/\\\/www.sinchisinchi.com\\\/pt-pt\\\/producto\\\/huni-kuin-murici\\\/#breadcrumb\",\"itemListElement\":[{\"@type\":\"ListItem\",\"position\":1,\"name\":\"Prima pagina\",\"item\":\"https:\\\/\\\/www.sinchisinchi.com\\\/pt-pt\\\/\"},{\"@type\":\"ListItem\",\"position\":2,\"name\":\"Produtos\",\"item\":\"https:\\\/\\\/www.sinchisinchi.com\\\/pt-pt\\\/shop\\\/\"},{\"@type\":\"ListItem\",\"position\":3,\"name\":\"Huni Kuin Murici\"}]},{\"@type\":\"WebSite\",\"@id\":\"https:\\\/\\\/www.sinchisinchi.com\\\/pt-pt\\\/#website\",\"url\":\"https:\\\/\\\/www.sinchisinchi.com\\\/pt-pt\\\/\",\"name\":\"SINCHI\",\"description\":\"Sinchi Medicine\",\"publisher\":{\"@id\":\"https:\\\/\\\/www.sinchisinchi.com\\\/pt-pt\\\/#organization\"},\"potentialAction\":[{\"@type\":\"SearchAction\",\"target\":{\"@type\":\"EntryPoint\",\"urlTemplate\":\"https:\\\/\\\/www.sinchisinchi.com\\\/pt-pt\\\/?s={search_term_string}\"},\"query-input\":{\"@type\":\"PropertyValueSpecification\",\"valueRequired\":true,\"valueName\":\"search_term_string\"}}],\"inLanguage\":\"pt-PT\"},{\"@type\":\"Organization\",\"@id\":\"https:\\\/\\\/www.sinchisinchi.com\\\/pt-pt\\\/#organization\",\"name\":\"SINCHI S.L\",\"url\":\"https:\\\/\\\/www.sinchisinchi.com\\\/pt-pt\\\/\",\"logo\":{\"@type\":\"ImageObject\",\"inLanguage\":\"pt-PT\",\"@id\":\"https:\\\/\\\/www.sinchisinchi.com\\\/pt-pt\\\/#\\\/schema\\\/logo\\\/image\\\/\",\"url\":\"https:\\\/\\\/www.sinchisinchi.com\\\/wp-content\\\/uploads\\\/2026\\\/01\\\/3b-Verde-SIMPLIFICADO-HORIZONTAL-F-TRANSPARENTE-scaled.png\",\"contentUrl\":\"https:\\\/\\\/www.sinchisinchi.com\\\/wp-content\\\/uploads\\\/2026\\\/01\\\/3b-Verde-SIMPLIFICADO-HORIZONTAL-F-TRANSPARENTE-scaled.png\",\"width\":2560,\"height\":457,\"caption\":\"SINCHI S.L\"},\"image\":{\"@id\":\"https:\\\/\\\/www.sinchisinchi.com\\\/pt-pt\\\/#\\\/schema\\\/logo\\\/image\\\/\"},\"sameAs\":[\"https:\\\/\\\/www.facebook.com\\\/sinchirape\\\/\",\"https:\\\/\\\/www.instagram.com\\\/sinchi_rape\\\/\"]}]}<\/script>\n<!-- \/ Yoast SEO plugin. -->","yoast_head_json":{"title":"SINCHI: Rap\u00e9 Murici da tribo Huni Kuin","description":"O Rap\u00e9 Murici \u00e9 conhecido como \u201co rap\u00e9 dos guerreiros\u201d, atua como estimulante da gl\u00e2ndula pineal, indicado para uma utiliza\u00e7\u00e3o forte e di\u00e1ria.","robots":{"index":"index","follow":"follow","max-snippet":"max-snippet:-1","max-image-preview":"max-image-preview:large","max-video-preview":"max-video-preview:-1"},"canonical":"https:\/\/www.sinchisinchi.com\/pt-pt\/producto\/huni-kuin-murici\/","og_locale":"pt_PT","og_type":"article","og_title":"SINCHI: Rap\u00e9 Murici da tribo Huni Kuin","og_description":"O Rap\u00e9 Murici \u00e9 conhecido como \u201co rap\u00e9 dos guerreiros\u201d, atua como estimulante da gl\u00e2ndula pineal, indicado para uma utiliza\u00e7\u00e3o forte e di\u00e1ria.","og_url":"https:\/\/www.sinchisinchi.com\/pt-pt\/producto\/huni-kuin-murici\/","og_site_name":"SINCHI RAP\u00c9","article_publisher":"https:\/\/www.facebook.com\/sinchirape\/","article_modified_time":"2026-02-13T00:25:01+00:00","og_image":[{"width":700,"height":700,"url":"https:\/\/www.sinchisinchi.com\/wp-content\/uploads\/2023\/11\/13-Murici.jpg","type":"image\/jpeg"}],"twitter_card":"summary_large_image","twitter_misc":{"Tempo estimado de leitura":"1 minuto"},"schema":{"@context":"https:\/\/schema.org","@graph":[{"@type":"WebPage","@id":"https:\/\/www.sinchisinchi.com\/pt-pt\/producto\/huni-kuin-murici\/","url":"https:\/\/www.sinchisinchi.com\/pt-pt\/producto\/huni-kuin-murici\/","name":"SINCHI: Rap\u00e9 Murici da tribo Huni Kuin","isPartOf":{"@id":"https:\/\/www.sinchisinchi.com\/pt-pt\/#website"},"primaryImageOfPage":{"@id":"https:\/\/www.sinchisinchi.com\/pt-pt\/producto\/huni-kuin-murici\/#primaryimage"},"image":{"@id":"https:\/\/www.sinchisinchi.com\/pt-pt\/producto\/huni-kuin-murici\/#primaryimage"},"thumbnailUrl":"https:\/\/www.sinchisinchi.com\/wp-content\/uploads\/2023\/11\/13-Murici.jpg","datePublished":"2023-11-02T17:10:15+00:00","dateModified":"2026-02-13T00:25:01+00:00","description":"O Rap\u00e9 Murici \u00e9 conhecido como \u201co rap\u00e9 dos guerreiros\u201d, atua como estimulante da gl\u00e2ndula pineal, indicado para uma utiliza\u00e7\u00e3o forte e di\u00e1ria.","breadcrumb":{"@id":"https:\/\/www.sinchisinchi.com\/pt-pt\/producto\/huni-kuin-murici\/#breadcrumb"},"inLanguage":"pt-PT","potentialAction":[{"@type":"ReadAction","target":["https:\/\/www.sinchisinchi.com\/pt-pt\/producto\/huni-kuin-murici\/"]}]},{"@type":"ImageObject","inLanguage":"pt-PT","@id":"https:\/\/www.sinchisinchi.com\/pt-pt\/producto\/huni-kuin-murici\/#primaryimage","url":"https:\/\/www.sinchisinchi.com\/wp-content\/uploads\/2023\/11\/13-Murici.jpg","contentUrl":"https:\/\/www.sinchisinchi.com\/wp-content\/uploads\/2023\/11\/13-Murici.jpg","width":700,"height":700},{"@type":"BreadcrumbList","@id":"https:\/\/www.sinchisinchi.com\/pt-pt\/producto\/huni-kuin-murici\/#breadcrumb","itemListElement":[{"@type":"ListItem","position":1,"name":"Prima pagina","item":"https:\/\/www.sinchisinchi.com\/pt-pt\/"},{"@type":"ListItem","position":2,"name":"Produtos","item":"https:\/\/www.sinchisinchi.com\/pt-pt\/shop\/"},{"@type":"ListItem","position":3,"name":"Huni Kuin Murici"}]},{"@type":"WebSite","@id":"https:\/\/www.sinchisinchi.com\/pt-pt\/#website","url":"https:\/\/www.sinchisinchi.com\/pt-pt\/","name":"SINCHI","description":"Sinchi Medicine","publisher":{"@id":"https:\/\/www.sinchisinchi.com\/pt-pt\/#organization"},"potentialAction":[{"@type":"SearchAction","target":{"@type":"EntryPoint","urlTemplate":"https:\/\/www.sinchisinchi.com\/pt-pt\/?s={search_term_string}"},"query-input":{"@type":"PropertyValueSpecification","valueRequired":true,"valueName":"search_term_string"}}],"inLanguage":"pt-PT"},{"@type":"Organization","@id":"https:\/\/www.sinchisinchi.com\/pt-pt\/#organization","name":"SINCHI S.L","url":"https:\/\/www.sinchisinchi.com\/pt-pt\/","logo":{"@type":"ImageObject","inLanguage":"pt-PT","@id":"https:\/\/www.sinchisinchi.com\/pt-pt\/#\/schema\/logo\/image\/","url":"https:\/\/www.sinchisinchi.com\/wp-content\/uploads\/2026\/01\/3b-Verde-SIMPLIFICADO-HORIZONTAL-F-TRANSPARENTE-scaled.png","contentUrl":"https:\/\/www.sinchisinchi.com\/wp-content\/uploads\/2026\/01\/3b-Verde-SIMPLIFICADO-HORIZONTAL-F-TRANSPARENTE-scaled.png","width":2560,"height":457,"caption":"SINCHI S.L"},"image":{"@id":"https:\/\/www.sinchisinchi.com\/pt-pt\/#\/schema\/logo\/image\/"},"sameAs":["https:\/\/www.facebook.com\/sinchirape\/","https:\/\/www.instagram.com\/sinchi_rape\/"]}]}},"_links":{"self":[{"href":"https:\/\/www.sinchisinchi.com\/pt-pt\/wp-json\/wp\/v2\/product\/22212","targetHints":{"allow":["GET"]}}],"collection":[{"href":"https:\/\/www.sinchisinchi.com\/pt-pt\/wp-json\/wp\/v2\/product"}],"about":[{"href":"https:\/\/www.sinchisinchi.com\/pt-pt\/wp-json\/wp\/v2\/types\/product"}],"wp:featuredmedia":[{"embeddable":true,"href":"https:\/\/www.sinchisinchi.com\/pt-pt\/wp-json\/wp\/v2\/media\/11723"}],"wp:attachment":[{"href":"https:\/\/www.sinchisinchi.com\/pt-pt\/wp-json\/wp\/v2\/media?parent=22212"}],"wp:term":[{"taxonomy":"product_brand","embeddable":true,"href":"https:\/\/www.sinchisinchi.com\/pt-pt\/wp-json\/wp\/v2\/product_brand?post=22212"},{"taxonomy":"product_cat","embeddable":true,"href":"https:\/\/www.sinchisinchi.com\/pt-pt\/wp-json\/wp\/v2\/product_cat?post=22212"},{"taxonomy":"product_tag","embeddable":true,"href":"https:\/\/www.sinchisinchi.com\/pt-pt\/wp-json\/wp\/v2\/product_tag?post=22212"}],"curies":[{"name":"wp","href":"https:\/\/api.w.org\/{rel}","templated":true}]}}