{"id":22856,"date":"2024-07-20T10:48:53","date_gmt":"2024-07-20T10:48:53","guid":{"rendered":"https:\/\/www.sinchisinchi.com\/producto\/yopo-50gr\/"},"modified":"2024-11-16T23:24:04","modified_gmt":"2024-11-16T23:24:04","slug":"yopo-50gr","status":"publish","type":"product","link":"https:\/\/www.sinchisinchi.com\/pt-pt\/producto\/yopo-50gr\/","title":{"rendered":"Yopo 50gr"},"content":{"rendered":"<a href=\"https:\/\/www.sinchisinchi.com\/es\/producto\/rape-yopo\/\" target=\"_blank\" class=\"button secondary is-large expand\" rel=\"noopener\" >\n\t\t<span>DESCRI\u00c7\u00c3O COMPLETA<\/span>\n\t<\/a>\n\n","protected":false},"excerpt":{"rendered":"<p><strong><span style=\"color: #000000;\">Rap\u00e9 Yopo.<\/span><\/strong><\/p>\n<p><span style=\"color: #000000;\">Yopo Rap\u00e9 cont\u00e9m cinzas de <strong>Parica, Mapacho Sabia e Mapacho Arapiraca.<\/strong> Possui sementes de Yopo cebil (Anadenanthera Colubrina) adicionadas \u00e0 mistura.<\/span><\/p>\n<p><span style=\"color: #000000;\">As sementes de Yopo s\u00e3o utilizadas por v\u00e1rias tribos como ingrediente nas suas misturas de Yopo.V\u00e1rias tribos na Col\u00f4mbia e na Venezuela utilizam sementes de Yopo nas suas cerim\u00f3nias e rituais.<\/span><\/p>\n<p><span style=\"color: #000000;\">Tamanho: 50 gramas.<\/span><\/p>\n<p><span style=\"color: #000000;\">Veja o link para a descri\u00e7\u00e3o abaixo.<\/span><\/p>\n","protected":false},"featured_media":20555,"template":"","meta":{"_joinchat":[]},"product_brand":[],"product_cat":[655,627,626],"product_tag":[],"class_list":{"0":"post-22856","1":"product","2":"type-product","3":"status-publish","4":"has-post-thumbnail","6":"product_cat-50gr-boa-pt-pt","7":"product_cat-50gr-rape-portugal","8":"product_cat-rape-portugal","10":"first","11":"instock","12":"taxable","13":"shipping-taxable","14":"purchasable","15":"product-type-simple"},"yoast_head":"<!-- This site is optimized with the Yoast SEO plugin v27.1.1 - https:\/\/yoast.com\/product\/yoast-seo-wordpress\/ -->\n<title>Yopo 50gr - SINCHI RAP\u00c9<\/title>\n<meta name=\"robots\" content=\"index, follow, max-snippet:-1, max-image-preview:large, max-video-preview:-1\" \/>\n<link rel=\"canonical\" href=\"https:\/\/www.sinchisinchi.com\/pt-pt\/producto\/yopo-50gr\/\" \/>\n<meta property=\"og:locale\" content=\"pt_PT\" \/>\n<meta property=\"og:type\" content=\"article\" \/>\n<meta property=\"og:title\" content=\"Yopo 50gr - SINCHI RAP\u00c9\" \/>\n<meta property=\"og:description\" content=\"Rap\u00e9 Yopo.  Yopo Rap\u00e9 cont\u00e9m cinzas de Parica, Mapacho Sabia e Mapacho Arapiraca. Possui sementes de Yopo cebil (Anadenanthera Colubrina) adicionadas \u00e0 mistura.  As sementes de Yopo s\u00e3o utilizadas por v\u00e1rias tribos como ingrediente nas suas misturas de Yopo.V\u00e1rias tribos na Col\u00f4mbia e na Venezuela utilizam sementes de Yopo nas suas cerim\u00f3nias e rituais.  Tamanho: 50 gramas.  Veja o link para a descri\u00e7\u00e3o abaixo.\" \/>\n<meta property=\"og:url\" content=\"https:\/\/www.sinchisinchi.com\/pt-pt\/producto\/yopo-50gr\/\" \/>\n<meta property=\"og:site_name\" content=\"SINCHI RAP\u00c9\" \/>\n<meta property=\"article:publisher\" content=\"https:\/\/www.facebook.com\/sinchirape\/\" \/>\n<meta property=\"article:modified_time\" content=\"2024-11-16T23:24:04+00:00\" \/>\n<meta property=\"og:image\" content=\"https:\/\/www.sinchisinchi.com\/wp-content\/uploads\/2024\/07\/6-Rape-Yopo-delantera.jpg\" \/>\n\t<meta property=\"og:image:width\" content=\"700\" \/>\n\t<meta property=\"og:image:height\" content=\"700\" \/>\n\t<meta property=\"og:image:type\" content=\"image\/jpeg\" \/>\n<meta name=\"twitter:card\" content=\"summary_large_image\" \/>\n<script type=\"application\/ld+json\" class=\"yoast-schema-graph\">{\"@context\":\"https:\/\/schema.org\",\"@graph\":[{\"@type\":\"WebPage\",\"@id\":\"https:\/\/www.sinchisinchi.com\/pt-pt\/producto\/yopo-50gr\/\",\"url\":\"https:\/\/www.sinchisinchi.com\/pt-pt\/producto\/yopo-50gr\/\",\"name\":\"Yopo 50gr - SINCHI RAP\u00c9\",\"isPartOf\":{\"@id\":\"https:\/\/www.sinchisinchi.com\/pt-pt\/#website\"},\"primaryImageOfPage\":{\"@id\":\"https:\/\/www.sinchisinchi.com\/pt-pt\/producto\/yopo-50gr\/#primaryimage\"},\"image\":{\"@id\":\"https:\/\/www.sinchisinchi.com\/pt-pt\/producto\/yopo-50gr\/#primaryimage\"},\"thumbnailUrl\":\"https:\/\/www.sinchisinchi.com\/wp-content\/uploads\/2024\/07\/6-Rape-Yopo-delantera.jpg\",\"datePublished\":\"2024-07-20T10:48:53+00:00\",\"dateModified\":\"2024-11-16T23:24:04+00:00\",\"breadcrumb\":{\"@id\":\"https:\/\/www.sinchisinchi.com\/pt-pt\/producto\/yopo-50gr\/#breadcrumb\"},\"inLanguage\":\"pt-PT\",\"potentialAction\":[{\"@type\":\"ReadAction\",\"target\":[\"https:\/\/www.sinchisinchi.com\/pt-pt\/producto\/yopo-50gr\/\"]}]},{\"@type\":\"ImageObject\",\"inLanguage\":\"pt-PT\",\"@id\":\"https:\/\/www.sinchisinchi.com\/pt-pt\/producto\/yopo-50gr\/#primaryimage\",\"url\":\"https:\/\/www.sinchisinchi.com\/wp-content\/uploads\/2024\/07\/6-Rape-Yopo-delantera.jpg\",\"contentUrl\":\"https:\/\/www.sinchisinchi.com\/wp-content\/uploads\/2024\/07\/6-Rape-Yopo-delantera.jpg\",\"width\":700,\"height\":700},{\"@type\":\"BreadcrumbList\",\"@id\":\"https:\/\/www.sinchisinchi.com\/pt-pt\/producto\/yopo-50gr\/#breadcrumb\",\"itemListElement\":[{\"@type\":\"ListItem\",\"position\":1,\"name\":\"Prima pagina\",\"item\":\"https:\/\/www.sinchisinchi.com\/pt-pt\/\"},{\"@type\":\"ListItem\",\"position\":2,\"name\":\"Produtos\",\"item\":\"https:\/\/www.sinchisinchi.com\/pt-pt\/shop\/\"},{\"@type\":\"ListItem\",\"position\":3,\"name\":\"Yopo 50gr\"}]},{\"@type\":\"WebSite\",\"@id\":\"https:\/\/www.sinchisinchi.com\/pt-pt\/#website\",\"url\":\"https:\/\/www.sinchisinchi.com\/pt-pt\/\",\"name\":\"SINCHI\",\"description\":\"Sinchi Medicine\",\"publisher\":{\"@id\":\"https:\/\/www.sinchisinchi.com\/pt-pt\/#organization\"},\"potentialAction\":[{\"@type\":\"SearchAction\",\"target\":{\"@type\":\"EntryPoint\",\"urlTemplate\":\"https:\/\/www.sinchisinchi.com\/pt-pt\/?s={search_term_string}\"},\"query-input\":{\"@type\":\"PropertyValueSpecification\",\"valueRequired\":true,\"valueName\":\"search_term_string\"}}],\"inLanguage\":\"pt-PT\"},{\"@type\":\"Organization\",\"@id\":\"https:\/\/www.sinchisinchi.com\/pt-pt\/#organization\",\"name\":\"SINCHI S.L\",\"url\":\"https:\/\/www.sinchisinchi.com\/pt-pt\/\",\"logo\":{\"@type\":\"ImageObject\",\"inLanguage\":\"pt-PT\",\"@id\":\"https:\/\/www.sinchisinchi.com\/pt-pt\/#\/schema\/logo\/image\/\",\"url\":\"https:\/\/www.sinchisinchi.com\/wp-content\/uploads\/2026\/01\/3b-Verde-SIMPLIFICADO-HORIZONTAL-F-TRANSPARENTE-scaled.png\",\"contentUrl\":\"https:\/\/www.sinchisinchi.com\/wp-content\/uploads\/2026\/01\/3b-Verde-SIMPLIFICADO-HORIZONTAL-F-TRANSPARENTE-scaled.png\",\"width\":2560,\"height\":457,\"caption\":\"SINCHI S.L\"},\"image\":{\"@id\":\"https:\/\/www.sinchisinchi.com\/pt-pt\/#\/schema\/logo\/image\/\"},\"sameAs\":[\"https:\/\/www.facebook.com\/sinchirape\/\",\"https:\/\/www.instagram.com\/sinchi_rape\/\"]}]}<\/script>\n<!-- \/ Yoast SEO plugin. -->","yoast_head_json":{"title":"Yopo 50gr - SINCHI RAP\u00c9","robots":{"index":"index","follow":"follow","max-snippet":"max-snippet:-1","max-image-preview":"max-image-preview:large","max-video-preview":"max-video-preview:-1"},"canonical":"https:\/\/www.sinchisinchi.com\/pt-pt\/producto\/yopo-50gr\/","og_locale":"pt_PT","og_type":"article","og_title":"Yopo 50gr - SINCHI RAP\u00c9","og_description":"Rap\u00e9 Yopo.  Yopo Rap\u00e9 cont\u00e9m cinzas de Parica, Mapacho Sabia e Mapacho Arapiraca. Possui sementes de Yopo cebil (Anadenanthera Colubrina) adicionadas \u00e0 mistura.  As sementes de Yopo s\u00e3o utilizadas por v\u00e1rias tribos como ingrediente nas suas misturas de Yopo.V\u00e1rias tribos na Col\u00f4mbia e na Venezuela utilizam sementes de Yopo nas suas cerim\u00f3nias e rituais.  Tamanho: 50 gramas.  Veja o link para a descri\u00e7\u00e3o abaixo.","og_url":"https:\/\/www.sinchisinchi.com\/pt-pt\/producto\/yopo-50gr\/","og_site_name":"SINCHI RAP\u00c9","article_publisher":"https:\/\/www.facebook.com\/sinchirape\/","article_modified_time":"2024-11-16T23:24:04+00:00","og_image":[{"width":700,"height":700,"url":"https:\/\/www.sinchisinchi.com\/wp-content\/uploads\/2024\/07\/6-Rape-Yopo-delantera.jpg","type":"image\/jpeg"}],"twitter_card":"summary_large_image","schema":{"@context":"https:\/\/schema.org","@graph":[{"@type":"WebPage","@id":"https:\/\/www.sinchisinchi.com\/pt-pt\/producto\/yopo-50gr\/","url":"https:\/\/www.sinchisinchi.com\/pt-pt\/producto\/yopo-50gr\/","name":"Yopo 50gr - SINCHI RAP\u00c9","isPartOf":{"@id":"https:\/\/www.sinchisinchi.com\/pt-pt\/#website"},"primaryImageOfPage":{"@id":"https:\/\/www.sinchisinchi.com\/pt-pt\/producto\/yopo-50gr\/#primaryimage"},"image":{"@id":"https:\/\/www.sinchisinchi.com\/pt-pt\/producto\/yopo-50gr\/#primaryimage"},"thumbnailUrl":"https:\/\/www.sinchisinchi.com\/wp-content\/uploads\/2024\/07\/6-Rape-Yopo-delantera.jpg","datePublished":"2024-07-20T10:48:53+00:00","dateModified":"2024-11-16T23:24:04+00:00","breadcrumb":{"@id":"https:\/\/www.sinchisinchi.com\/pt-pt\/producto\/yopo-50gr\/#breadcrumb"},"inLanguage":"pt-PT","potentialAction":[{"@type":"ReadAction","target":["https:\/\/www.sinchisinchi.com\/pt-pt\/producto\/yopo-50gr\/"]}]},{"@type":"ImageObject","inLanguage":"pt-PT","@id":"https:\/\/www.sinchisinchi.com\/pt-pt\/producto\/yopo-50gr\/#primaryimage","url":"https:\/\/www.sinchisinchi.com\/wp-content\/uploads\/2024\/07\/6-Rape-Yopo-delantera.jpg","contentUrl":"https:\/\/www.sinchisinchi.com\/wp-content\/uploads\/2024\/07\/6-Rape-Yopo-delantera.jpg","width":700,"height":700},{"@type":"BreadcrumbList","@id":"https:\/\/www.sinchisinchi.com\/pt-pt\/producto\/yopo-50gr\/#breadcrumb","itemListElement":[{"@type":"ListItem","position":1,"name":"Prima pagina","item":"https:\/\/www.sinchisinchi.com\/pt-pt\/"},{"@type":"ListItem","position":2,"name":"Produtos","item":"https:\/\/www.sinchisinchi.com\/pt-pt\/shop\/"},{"@type":"ListItem","position":3,"name":"Yopo 50gr"}]},{"@type":"WebSite","@id":"https:\/\/www.sinchisinchi.com\/pt-pt\/#website","url":"https:\/\/www.sinchisinchi.com\/pt-pt\/","name":"SINCHI","description":"Sinchi Medicine","publisher":{"@id":"https:\/\/www.sinchisinchi.com\/pt-pt\/#organization"},"potentialAction":[{"@type":"SearchAction","target":{"@type":"EntryPoint","urlTemplate":"https:\/\/www.sinchisinchi.com\/pt-pt\/?s={search_term_string}"},"query-input":{"@type":"PropertyValueSpecification","valueRequired":true,"valueName":"search_term_string"}}],"inLanguage":"pt-PT"},{"@type":"Organization","@id":"https:\/\/www.sinchisinchi.com\/pt-pt\/#organization","name":"SINCHI S.L","url":"https:\/\/www.sinchisinchi.com\/pt-pt\/","logo":{"@type":"ImageObject","inLanguage":"pt-PT","@id":"https:\/\/www.sinchisinchi.com\/pt-pt\/#\/schema\/logo\/image\/","url":"https:\/\/www.sinchisinchi.com\/wp-content\/uploads\/2026\/01\/3b-Verde-SIMPLIFICADO-HORIZONTAL-F-TRANSPARENTE-scaled.png","contentUrl":"https:\/\/www.sinchisinchi.com\/wp-content\/uploads\/2026\/01\/3b-Verde-SIMPLIFICADO-HORIZONTAL-F-TRANSPARENTE-scaled.png","width":2560,"height":457,"caption":"SINCHI S.L"},"image":{"@id":"https:\/\/www.sinchisinchi.com\/pt-pt\/#\/schema\/logo\/image\/"},"sameAs":["https:\/\/www.facebook.com\/sinchirape\/","https:\/\/www.instagram.com\/sinchi_rape\/"]}]}},"_links":{"self":[{"href":"https:\/\/www.sinchisinchi.com\/pt-pt\/wp-json\/wp\/v2\/product\/22856","targetHints":{"allow":["GET"]}}],"collection":[{"href":"https:\/\/www.sinchisinchi.com\/pt-pt\/wp-json\/wp\/v2\/product"}],"about":[{"href":"https:\/\/www.sinchisinchi.com\/pt-pt\/wp-json\/wp\/v2\/types\/product"}],"wp:featuredmedia":[{"embeddable":true,"href":"https:\/\/www.sinchisinchi.com\/pt-pt\/wp-json\/wp\/v2\/media\/20555"}],"wp:attachment":[{"href":"https:\/\/www.sinchisinchi.com\/pt-pt\/wp-json\/wp\/v2\/media?parent=22856"}],"wp:term":[{"taxonomy":"product_brand","embeddable":true,"href":"https:\/\/www.sinchisinchi.com\/pt-pt\/wp-json\/wp\/v2\/product_brand?post=22856"},{"taxonomy":"product_cat","embeddable":true,"href":"https:\/\/www.sinchisinchi.com\/pt-pt\/wp-json\/wp\/v2\/product_cat?post=22856"},{"taxonomy":"product_tag","embeddable":true,"href":"https:\/\/www.sinchisinchi.com\/pt-pt\/wp-json\/wp\/v2\/product_tag?post=22856"}],"curies":[{"name":"wp","href":"https:\/\/api.w.org\/{rel}","templated":true}]}}