{"id":24479,"date":"2024-05-28T13:14:24","date_gmt":"2024-05-28T13:14:24","guid":{"rendered":"https:\/\/www.sinchisinchi.com\/producto\/cacau-lotus-rosa\/"},"modified":"2025-01-31T15:01:30","modified_gmt":"2025-01-31T15:01:30","slug":"cacau-lotus-rosa","status":"publish","type":"product","link":"https:\/\/www.sinchisinchi.com\/pt-pt\/producto\/cacau-lotus-rosa\/","title":{"rendered":"Cacau L\u00f3tus Rosa"},"content":{"rendered":"<p>\u00c9 conhecida no budismo como uma planta que pode trazer ilumina\u00e7\u00e3o; Mesmo que cres\u00e7a na lama dos p\u00e2ntanos, a flor emerge sempre, flutuando pura e limpa.<\/p>\n<p>Representa tamb\u00e9m o sol e a roda do nascimento e do renascimento, pois as suas p\u00e9talas abrem ao amanhecer e fecham quando escurece.<\/p>\n<p>A flor de l\u00f3tus estava associada \u00e0 deusa Nephereti e ao deus sol R\u00e1, que por vezes era ilustrado como uma crian\u00e7a deitada sobre uma flor de l\u00f3tus. Os capit\u00e9is das colunas eg\u00edpcias eram frequentemente esculpidos em forma de l\u00f3tus, em bot\u00e3o ou em plena flora\u00e7\u00e3o.<\/p>\n<p>Um dos emblemas mais antigos da arte asi\u00e1tica \u00e9 o l\u00f3tus, que simboliza a cria\u00e7\u00e3o e a pureza. O seu longo caule \u00e9 o cord\u00e3o umbilical que liga o homem \u00e0 sua origem, enquanto a sua flor perfeita representa a ilumina\u00e7\u00e3o e a pureza a que aspira a alma humana.<\/p>\n<p>A flor de l\u00f3tus sagrada \u00e9 o s\u00edmbolo nacional da \u00cdndia, frequentemente associada a Maha Lakshmi, a deusa da abund\u00e2ncia.<\/p>\n<p>Segundo a mitologia hindu, Buda apareceu a flutuar sobre uma enorme folha de l\u00f3tus e \u00e9 sempre representado num pedestal com a forma desta planta.<\/p>\n<p>Em A Odisseia, Odisseu e a sua tripula\u00e7\u00e3o desembarcam na ilha dos comedores de l\u00f3tus. Na Pen\u00ednsula Ib\u00e9rica foram encontrados vest\u00edgios arqueol\u00f3gicos em forma de l\u00f3tus em s\u00edtios de Sevilha do per\u00edodo Tartessos (750-550 a.C.).<\/p>\n","protected":false},"excerpt":{"rendered":"<p>Cacau cerimonial com L\u00f3tus Rosa. A combina\u00e7\u00e3o de cacau cerimonial e l\u00f3tus rosa promove a autodescoberta e a conex\u00e3o com a consci\u00eancia superior. Fortalece a liga\u00e7\u00e3o com a Terra, o reino vegetal e a sabedoria do Universo. Auxilia na abertura e alinhamento do cora\u00e7\u00e3o.<\/p>\n<p><strong>Tipo:<\/strong> Cacau de grau cerimonial<\/p>\n<p><strong>Ingredientes:<\/strong> Cacau (Theobroma cacao), manteiga de cacau, mistura de especiarias (canela, cardamomo, cravinho e pimenta), l\u00f3tus rosa (Nelumbo nucifera), 0,8 g de extrato por por\u00e7\u00e3o.<\/p>\n<p>Cont\u00e9m extrato na propor\u00e7\u00e3o de 50:1. Cada por\u00e7\u00e3o inclui 0,8 g de extrato de L\u00f3tus Rosa 50:1, o que equivale a 40 gramas do material vegetal original.<\/p>\n<p><strong>Origem:<\/strong> Col\u00f4mbia<\/p>\n<p><strong>Apresenta\u00e7\u00e3o:<\/strong> Bloco de cacau.<\/p>\n<p><strong>Peso l\u00edquido:<\/strong> 400g<\/p>\n<p><strong>Armazenamento:<\/strong> Armazene em local fresco e seco, longe da luz solar direta.<\/p>\n","protected":false},"featured_media":24480,"template":"","meta":{"_joinchat":[]},"product_brand":[],"product_cat":[674,677],"product_tag":[],"class_list":{"0":"post-24479","1":"product","2":"type-product","3":"status-publish","4":"has-post-thumbnail","6":"product_cat-cacau","7":"product_cat-magia-pt-pt","9":"first","10":"instock","11":"taxable","12":"shipping-taxable","13":"purchasable","14":"product-type-simple"},"yoast_head":"<!-- This site is optimized with the Yoast SEO plugin v27.4 - https:\/\/yoast.com\/product\/yoast-seo-wordpress\/ -->\n<title>Cacau Cerimonial de L\u00f3tus Rosa \u2013 Sinchi, Loja Xam\u00e2nica<\/title>\n<meta name=\"description\" content=\"Cacau cerimonial com L\u00f3tus Rosa. A combina\u00e7\u00e3o de cacau cerimonial e l\u00f3tus rosa promove a autodescoberta e a conex\u00e3o com a consci\u00eancia superior.\" \/>\n<meta name=\"robots\" content=\"index, follow, max-snippet:-1, max-image-preview:large, max-video-preview:-1\" \/>\n<link rel=\"canonical\" href=\"https:\/\/www.sinchisinchi.com\/pt-pt\/producto\/cacau-lotus-rosa\/\" \/>\n<meta property=\"og:locale\" content=\"pt_PT\" \/>\n<meta property=\"og:type\" content=\"article\" \/>\n<meta property=\"og:title\" content=\"Cacau Cerimonial de L\u00f3tus Rosa \u2013 Sinchi, Loja Xam\u00e2nica\" \/>\n<meta property=\"og:description\" content=\"Cacau cerimonial com L\u00f3tus Rosa. A combina\u00e7\u00e3o de cacau cerimonial e l\u00f3tus rosa promove a autodescoberta e a conex\u00e3o com a consci\u00eancia superior.\" \/>\n<meta property=\"og:url\" content=\"https:\/\/www.sinchisinchi.com\/pt-pt\/producto\/cacau-lotus-rosa\/\" \/>\n<meta property=\"og:site_name\" content=\"SINCHI RAP\u00c9\" \/>\n<meta property=\"article:publisher\" content=\"https:\/\/www.facebook.com\/sinchirape\/\" \/>\n<meta property=\"article:modified_time\" content=\"2025-01-31T15:01:30+00:00\" \/>\n<meta property=\"og:image\" content=\"https:\/\/www.sinchisinchi.com\/wp-content\/uploads\/2024\/05\/loto-rosa.webp\" \/>\n\t<meta property=\"og:image:width\" content=\"1946\" \/>\n\t<meta property=\"og:image:height\" content=\"1946\" \/>\n\t<meta property=\"og:image:type\" content=\"image\/webp\" \/>\n<meta name=\"twitter:card\" content=\"summary_large_image\" \/>\n<meta name=\"twitter:label1\" content=\"Tempo estimado de leitura\" \/>\n\t<meta name=\"twitter:data1\" content=\"1 minuto\" \/>\n<script type=\"application\/ld+json\" class=\"yoast-schema-graph\">{\"@context\":\"https:\\\/\\\/schema.org\",\"@graph\":[{\"@type\":\"WebPage\",\"@id\":\"https:\\\/\\\/www.sinchisinchi.com\\\/pt-pt\\\/producto\\\/cacau-lotus-rosa\\\/\",\"url\":\"https:\\\/\\\/www.sinchisinchi.com\\\/pt-pt\\\/producto\\\/cacau-lotus-rosa\\\/\",\"name\":\"Cacau Cerimonial de L\u00f3tus Rosa \u2013 Sinchi, Loja Xam\u00e2nica\",\"isPartOf\":{\"@id\":\"https:\\\/\\\/www.sinchisinchi.com\\\/pt-pt\\\/#website\"},\"primaryImageOfPage\":{\"@id\":\"https:\\\/\\\/www.sinchisinchi.com\\\/pt-pt\\\/producto\\\/cacau-lotus-rosa\\\/#primaryimage\"},\"image\":{\"@id\":\"https:\\\/\\\/www.sinchisinchi.com\\\/pt-pt\\\/producto\\\/cacau-lotus-rosa\\\/#primaryimage\"},\"thumbnailUrl\":\"https:\\\/\\\/www.sinchisinchi.com\\\/wp-content\\\/uploads\\\/2024\\\/05\\\/loto-rosa.webp\",\"datePublished\":\"2024-05-28T13:14:24+00:00\",\"dateModified\":\"2025-01-31T15:01:30+00:00\",\"description\":\"Cacau cerimonial com L\u00f3tus Rosa. A combina\u00e7\u00e3o de cacau cerimonial e l\u00f3tus rosa promove a autodescoberta e a conex\u00e3o com a consci\u00eancia superior.\",\"breadcrumb\":{\"@id\":\"https:\\\/\\\/www.sinchisinchi.com\\\/pt-pt\\\/producto\\\/cacau-lotus-rosa\\\/#breadcrumb\"},\"inLanguage\":\"pt-PT\",\"potentialAction\":[{\"@type\":\"ReadAction\",\"target\":[\"https:\\\/\\\/www.sinchisinchi.com\\\/pt-pt\\\/producto\\\/cacau-lotus-rosa\\\/\"]}]},{\"@type\":\"ImageObject\",\"inLanguage\":\"pt-PT\",\"@id\":\"https:\\\/\\\/www.sinchisinchi.com\\\/pt-pt\\\/producto\\\/cacau-lotus-rosa\\\/#primaryimage\",\"url\":\"https:\\\/\\\/www.sinchisinchi.com\\\/wp-content\\\/uploads\\\/2024\\\/05\\\/loto-rosa.webp\",\"contentUrl\":\"https:\\\/\\\/www.sinchisinchi.com\\\/wp-content\\\/uploads\\\/2024\\\/05\\\/loto-rosa.webp\",\"width\":1946,\"height\":1946,\"caption\":\"Imagem cerimonial de cacau\"},{\"@type\":\"BreadcrumbList\",\"@id\":\"https:\\\/\\\/www.sinchisinchi.com\\\/pt-pt\\\/producto\\\/cacau-lotus-rosa\\\/#breadcrumb\",\"itemListElement\":[{\"@type\":\"ListItem\",\"position\":1,\"name\":\"Prima pagina\",\"item\":\"https:\\\/\\\/www.sinchisinchi.com\\\/pt-pt\\\/\"},{\"@type\":\"ListItem\",\"position\":2,\"name\":\"Produtos\",\"item\":\"https:\\\/\\\/www.sinchisinchi.com\\\/pt-pt\\\/shop\\\/\"},{\"@type\":\"ListItem\",\"position\":3,\"name\":\"Cacau L\u00f3tus Rosa\"}]},{\"@type\":\"WebSite\",\"@id\":\"https:\\\/\\\/www.sinchisinchi.com\\\/pt-pt\\\/#website\",\"url\":\"https:\\\/\\\/www.sinchisinchi.com\\\/pt-pt\\\/\",\"name\":\"SINCHI\",\"description\":\"Sinchi Medicine\",\"publisher\":{\"@id\":\"https:\\\/\\\/www.sinchisinchi.com\\\/pt-pt\\\/#organization\"},\"potentialAction\":[{\"@type\":\"SearchAction\",\"target\":{\"@type\":\"EntryPoint\",\"urlTemplate\":\"https:\\\/\\\/www.sinchisinchi.com\\\/pt-pt\\\/?s={search_term_string}\"},\"query-input\":{\"@type\":\"PropertyValueSpecification\",\"valueRequired\":true,\"valueName\":\"search_term_string\"}}],\"inLanguage\":\"pt-PT\"},{\"@type\":\"Organization\",\"@id\":\"https:\\\/\\\/www.sinchisinchi.com\\\/pt-pt\\\/#organization\",\"name\":\"SINCHI S.L\",\"url\":\"https:\\\/\\\/www.sinchisinchi.com\\\/pt-pt\\\/\",\"logo\":{\"@type\":\"ImageObject\",\"inLanguage\":\"pt-PT\",\"@id\":\"https:\\\/\\\/www.sinchisinchi.com\\\/pt-pt\\\/#\\\/schema\\\/logo\\\/image\\\/\",\"url\":\"https:\\\/\\\/www.sinchisinchi.com\\\/wp-content\\\/uploads\\\/2026\\\/01\\\/3b-Verde-SIMPLIFICADO-HORIZONTAL-F-TRANSPARENTE-scaled.png\",\"contentUrl\":\"https:\\\/\\\/www.sinchisinchi.com\\\/wp-content\\\/uploads\\\/2026\\\/01\\\/3b-Verde-SIMPLIFICADO-HORIZONTAL-F-TRANSPARENTE-scaled.png\",\"width\":2560,\"height\":457,\"caption\":\"SINCHI S.L\"},\"image\":{\"@id\":\"https:\\\/\\\/www.sinchisinchi.com\\\/pt-pt\\\/#\\\/schema\\\/logo\\\/image\\\/\"},\"sameAs\":[\"https:\\\/\\\/www.facebook.com\\\/sinchirape\\\/\",\"https:\\\/\\\/www.instagram.com\\\/sinchi_rape\\\/\"]}]}<\/script>\n<!-- \/ Yoast SEO plugin. -->","yoast_head_json":{"title":"Cacau Cerimonial de L\u00f3tus Rosa \u2013 Sinchi, Loja Xam\u00e2nica","description":"Cacau cerimonial com L\u00f3tus Rosa. A combina\u00e7\u00e3o de cacau cerimonial e l\u00f3tus rosa promove a autodescoberta e a conex\u00e3o com a consci\u00eancia superior.","robots":{"index":"index","follow":"follow","max-snippet":"max-snippet:-1","max-image-preview":"max-image-preview:large","max-video-preview":"max-video-preview:-1"},"canonical":"https:\/\/www.sinchisinchi.com\/pt-pt\/producto\/cacau-lotus-rosa\/","og_locale":"pt_PT","og_type":"article","og_title":"Cacau Cerimonial de L\u00f3tus Rosa \u2013 Sinchi, Loja Xam\u00e2nica","og_description":"Cacau cerimonial com L\u00f3tus Rosa. A combina\u00e7\u00e3o de cacau cerimonial e l\u00f3tus rosa promove a autodescoberta e a conex\u00e3o com a consci\u00eancia superior.","og_url":"https:\/\/www.sinchisinchi.com\/pt-pt\/producto\/cacau-lotus-rosa\/","og_site_name":"SINCHI RAP\u00c9","article_publisher":"https:\/\/www.facebook.com\/sinchirape\/","article_modified_time":"2025-01-31T15:01:30+00:00","og_image":[{"width":1946,"height":1946,"url":"https:\/\/www.sinchisinchi.com\/wp-content\/uploads\/2024\/05\/loto-rosa.webp","type":"image\/webp"}],"twitter_card":"summary_large_image","twitter_misc":{"Tempo estimado de leitura":"1 minuto"},"schema":{"@context":"https:\/\/schema.org","@graph":[{"@type":"WebPage","@id":"https:\/\/www.sinchisinchi.com\/pt-pt\/producto\/cacau-lotus-rosa\/","url":"https:\/\/www.sinchisinchi.com\/pt-pt\/producto\/cacau-lotus-rosa\/","name":"Cacau Cerimonial de L\u00f3tus Rosa \u2013 Sinchi, Loja Xam\u00e2nica","isPartOf":{"@id":"https:\/\/www.sinchisinchi.com\/pt-pt\/#website"},"primaryImageOfPage":{"@id":"https:\/\/www.sinchisinchi.com\/pt-pt\/producto\/cacau-lotus-rosa\/#primaryimage"},"image":{"@id":"https:\/\/www.sinchisinchi.com\/pt-pt\/producto\/cacau-lotus-rosa\/#primaryimage"},"thumbnailUrl":"https:\/\/www.sinchisinchi.com\/wp-content\/uploads\/2024\/05\/loto-rosa.webp","datePublished":"2024-05-28T13:14:24+00:00","dateModified":"2025-01-31T15:01:30+00:00","description":"Cacau cerimonial com L\u00f3tus Rosa. A combina\u00e7\u00e3o de cacau cerimonial e l\u00f3tus rosa promove a autodescoberta e a conex\u00e3o com a consci\u00eancia superior.","breadcrumb":{"@id":"https:\/\/www.sinchisinchi.com\/pt-pt\/producto\/cacau-lotus-rosa\/#breadcrumb"},"inLanguage":"pt-PT","potentialAction":[{"@type":"ReadAction","target":["https:\/\/www.sinchisinchi.com\/pt-pt\/producto\/cacau-lotus-rosa\/"]}]},{"@type":"ImageObject","inLanguage":"pt-PT","@id":"https:\/\/www.sinchisinchi.com\/pt-pt\/producto\/cacau-lotus-rosa\/#primaryimage","url":"https:\/\/www.sinchisinchi.com\/wp-content\/uploads\/2024\/05\/loto-rosa.webp","contentUrl":"https:\/\/www.sinchisinchi.com\/wp-content\/uploads\/2024\/05\/loto-rosa.webp","width":1946,"height":1946,"caption":"Imagem cerimonial de cacau"},{"@type":"BreadcrumbList","@id":"https:\/\/www.sinchisinchi.com\/pt-pt\/producto\/cacau-lotus-rosa\/#breadcrumb","itemListElement":[{"@type":"ListItem","position":1,"name":"Prima pagina","item":"https:\/\/www.sinchisinchi.com\/pt-pt\/"},{"@type":"ListItem","position":2,"name":"Produtos","item":"https:\/\/www.sinchisinchi.com\/pt-pt\/shop\/"},{"@type":"ListItem","position":3,"name":"Cacau L\u00f3tus Rosa"}]},{"@type":"WebSite","@id":"https:\/\/www.sinchisinchi.com\/pt-pt\/#website","url":"https:\/\/www.sinchisinchi.com\/pt-pt\/","name":"SINCHI","description":"Sinchi Medicine","publisher":{"@id":"https:\/\/www.sinchisinchi.com\/pt-pt\/#organization"},"potentialAction":[{"@type":"SearchAction","target":{"@type":"EntryPoint","urlTemplate":"https:\/\/www.sinchisinchi.com\/pt-pt\/?s={search_term_string}"},"query-input":{"@type":"PropertyValueSpecification","valueRequired":true,"valueName":"search_term_string"}}],"inLanguage":"pt-PT"},{"@type":"Organization","@id":"https:\/\/www.sinchisinchi.com\/pt-pt\/#organization","name":"SINCHI S.L","url":"https:\/\/www.sinchisinchi.com\/pt-pt\/","logo":{"@type":"ImageObject","inLanguage":"pt-PT","@id":"https:\/\/www.sinchisinchi.com\/pt-pt\/#\/schema\/logo\/image\/","url":"https:\/\/www.sinchisinchi.com\/wp-content\/uploads\/2026\/01\/3b-Verde-SIMPLIFICADO-HORIZONTAL-F-TRANSPARENTE-scaled.png","contentUrl":"https:\/\/www.sinchisinchi.com\/wp-content\/uploads\/2026\/01\/3b-Verde-SIMPLIFICADO-HORIZONTAL-F-TRANSPARENTE-scaled.png","width":2560,"height":457,"caption":"SINCHI S.L"},"image":{"@id":"https:\/\/www.sinchisinchi.com\/pt-pt\/#\/schema\/logo\/image\/"},"sameAs":["https:\/\/www.facebook.com\/sinchirape\/","https:\/\/www.instagram.com\/sinchi_rape\/"]}]}},"_links":{"self":[{"href":"https:\/\/www.sinchisinchi.com\/pt-pt\/wp-json\/wp\/v2\/product\/24479","targetHints":{"allow":["GET"]}}],"collection":[{"href":"https:\/\/www.sinchisinchi.com\/pt-pt\/wp-json\/wp\/v2\/product"}],"about":[{"href":"https:\/\/www.sinchisinchi.com\/pt-pt\/wp-json\/wp\/v2\/types\/product"}],"wp:featuredmedia":[{"embeddable":true,"href":"https:\/\/www.sinchisinchi.com\/pt-pt\/wp-json\/wp\/v2\/media\/24480"}],"wp:attachment":[{"href":"https:\/\/www.sinchisinchi.com\/pt-pt\/wp-json\/wp\/v2\/media?parent=24479"}],"wp:term":[{"taxonomy":"product_brand","embeddable":true,"href":"https:\/\/www.sinchisinchi.com\/pt-pt\/wp-json\/wp\/v2\/product_brand?post=24479"},{"taxonomy":"product_cat","embeddable":true,"href":"https:\/\/www.sinchisinchi.com\/pt-pt\/wp-json\/wp\/v2\/product_cat?post=24479"},{"taxonomy":"product_tag","embeddable":true,"href":"https:\/\/www.sinchisinchi.com\/pt-pt\/wp-json\/wp\/v2\/product_tag?post=24479"}],"curies":[{"name":"wp","href":"https:\/\/api.w.org\/{rel}","templated":true}]}}