{"id":25350,"date":"2024-05-28T13:05:10","date_gmt":"2024-05-28T13:05:10","guid":{"rendered":"https:\/\/www.sinchisinchi.com\/producto\/cacau-lotus-azul\/"},"modified":"2024-05-28T13:05:10","modified_gmt":"2024-05-28T13:05:10","slug":"cacau-lotus-azul","status":"publish","type":"product","link":"https:\/\/www.sinchisinchi.com\/pt-pt\/producto\/cacau-lotus-azul\/","title":{"rendered":"Cacau L\u00f3tus Azul"},"content":{"rendered":"","protected":false},"excerpt":{"rendered":"<p>Cacau cerimonial com L\u00f3tus Azul. Esta mistura combina o melhor cacau cerimonial com o poder do L\u00f3tus Azul, uma flor altamente valorizada pelas suas propriedades espirituais.<\/p>\n<p>A Nymphaea caerulea, tamb\u00e9m conhecida como l\u00f3tus eg\u00edpcio, l\u00f3tus azul eg\u00edpcio ou nen\u00fafar azul, \u00e9 uma planta aqu\u00e1tica cujo habitat original se encontra ao longo do Nilo e de outras zonas da \u00c1frica Oriental, espalhando-se posteriormente para a Tail\u00e2ndia e \u00cdndia.<\/p>\n<p>H\u00e1 mais de 3000 anos, o l\u00f3tus azul j\u00e1 era cultivado nas margens do Nilo pela sua beleza e efeitos inebriantes. Era considerada uma planta sagrada e estava intimamente ligada a divindades eg\u00edpcias como Os\u00edris, Nefertum e R\u00e1.<\/p>\n<p>O l\u00f3tus azul abre na luz e fecha no escuro, pelo que est\u00e1 diretamente associado aos poderes do sol, ligado ao deus eg\u00edpcio R\u00e1. Os eg\u00edpcios maceravam esta planta em vinho para usos rituais.<\/p>\n<p>Os seus efeitos psicoativos fazem do l\u00f3tus azul um dos candidatos a ser identificado como a planta dos comedores de l\u00f3tus da Odisseia de Homero.<\/p>\n<p><strong>Tipo:<\/strong> Cacau de grau cerimonial<\/p>\n<p><strong>Ingredientes<\/strong>: Cacau (Theobroma cacao), manteiga de cacau, mistura de especiarias (canela, cardamomo, cravinho e pimenta), l\u00f3tus azul (Nymphaea caerulea), 0,5 g de extrato por por\u00e7\u00e3o. Elaborado com extrato 50:1 (0,5g de extrato de L\u00f3tus Azul 50:1 por por\u00e7\u00e3o, equivalente a 25 gramas da planta)<\/p>\n<p><strong>Origem:<\/strong> Col\u00f4mbia<\/p>\n<p><strong>Apresenta\u00e7\u00e3o:<\/strong> Bloco de cacau.<\/p>\n<p><strong>Peso l\u00edquido:<\/strong> 400g<\/p>\n<p><strong>Armazenamento:<\/strong> Armazene em local fresco e seco, longe da luz solar direta.<\/p>\n","protected":false},"featured_media":25351,"template":"","meta":{"_joinchat":[]},"product_brand":[],"product_cat":[674,677],"product_tag":[],"class_list":{"0":"post-25350","1":"product","2":"type-product","3":"status-publish","4":"has-post-thumbnail","6":"product_cat-cacau","7":"product_cat-magia-pt-pt","9":"first","10":"instock","11":"taxable","12":"shipping-taxable","13":"purchasable","14":"product-type-simple"},"yoast_head":"<!-- This site is optimized with the Yoast SEO plugin v27.4 - https:\/\/yoast.com\/product\/yoast-seo-wordpress\/ -->\n<title>Cacau L\u00f3tus Azul - SINCHI RAP\u00c9<\/title>\n<meta name=\"robots\" content=\"index, follow, max-snippet:-1, max-image-preview:large, max-video-preview:-1\" \/>\n<link rel=\"canonical\" href=\"https:\/\/www.sinchisinchi.com\/pt-pt\/producto\/cacau-lotus-azul\/\" \/>\n<meta property=\"og:locale\" content=\"pt_PT\" \/>\n<meta property=\"og:type\" content=\"article\" \/>\n<meta property=\"og:title\" content=\"Cacau L\u00f3tus Azul - SINCHI RAP\u00c9\" \/>\n<meta property=\"og:description\" content=\"Cacau cerimonial com L\u00f3tus Azul. Esta mistura combina o melhor cacau cerimonial com o poder do L\u00f3tus Azul, uma flor altamente valorizada pelas suas propriedades espirituais.  A Nymphaea caerulea, tamb\u00e9m conhecida como l\u00f3tus eg\u00edpcio, l\u00f3tus azul eg\u00edpcio ou nen\u00fafar azul, \u00e9 uma planta aqu\u00e1tica cujo habitat original se encontra ao longo do Nilo e de outras zonas da \u00c1frica Oriental, espalhando-se posteriormente para a Tail\u00e2ndia e \u00cdndia.  H\u00e1 mais de 3000 anos, o l\u00f3tus azul j\u00e1 era cultivado nas margens do Nilo pela sua beleza e efeitos inebriantes. Era considerada uma planta sagrada e estava intimamente ligada a divindades eg\u00edpcias como Os\u00edris, Nefertum e R\u00e1.  O l\u00f3tus azul abre na luz e fecha no escuro, pelo que est\u00e1 diretamente associado aos poderes do sol, ligado ao deus eg\u00edpcio R\u00e1. Os eg\u00edpcios maceravam esta planta em vinho para usos rituais.  Os seus efeitos psicoativos fazem do l\u00f3tus azul um dos candidatos a ser identificado como a planta dos comedores de l\u00f3tus da Odisseia de Homero.  Tipo: Cacau de grau cerimonial  Ingredientes: Cacau (Theobroma cacao), manteiga de cacau, mistura de especiarias (canela, cardamomo, cravinho e pimenta), l\u00f3tus azul (Nymphaea caerulea), 0,5 g de extrato por por\u00e7\u00e3o. Elaborado com extrato 50:1 (0,5g de extrato de L\u00f3tus Azul 50:1 por por\u00e7\u00e3o, equivalente a 25 gramas da planta)  Origem: Col\u00f4mbia  Apresenta\u00e7\u00e3o: Bloco de cacau.  Peso l\u00edquido: 400g  Armazenamento: Armazene em local fresco e seco, longe da luz solar direta.\" \/>\n<meta property=\"og:url\" content=\"https:\/\/www.sinchisinchi.com\/pt-pt\/producto\/cacau-lotus-azul\/\" \/>\n<meta property=\"og:site_name\" content=\"SINCHI RAP\u00c9\" \/>\n<meta property=\"article:publisher\" content=\"https:\/\/www.facebook.com\/sinchirape\/\" \/>\n<meta property=\"og:image\" content=\"https:\/\/www.sinchisinchi.com\/wp-content\/uploads\/2024\/05\/loto-azul.jpg\" \/>\n\t<meta property=\"og:image:width\" content=\"990\" \/>\n\t<meta property=\"og:image:height\" content=\"990\" \/>\n\t<meta property=\"og:image:type\" content=\"image\/jpeg\" \/>\n<meta name=\"twitter:card\" content=\"summary_large_image\" \/>\n<script type=\"application\/ld+json\" class=\"yoast-schema-graph\">{\"@context\":\"https:\\\/\\\/schema.org\",\"@graph\":[{\"@type\":\"WebPage\",\"@id\":\"https:\\\/\\\/www.sinchisinchi.com\\\/pt-pt\\\/producto\\\/cacau-lotus-azul\\\/\",\"url\":\"https:\\\/\\\/www.sinchisinchi.com\\\/pt-pt\\\/producto\\\/cacau-lotus-azul\\\/\",\"name\":\"Cacau L\u00f3tus Azul - SINCHI RAP\u00c9\",\"isPartOf\":{\"@id\":\"https:\\\/\\\/www.sinchisinchi.com\\\/pt-pt\\\/#website\"},\"primaryImageOfPage\":{\"@id\":\"https:\\\/\\\/www.sinchisinchi.com\\\/pt-pt\\\/producto\\\/cacau-lotus-azul\\\/#primaryimage\"},\"image\":{\"@id\":\"https:\\\/\\\/www.sinchisinchi.com\\\/pt-pt\\\/producto\\\/cacau-lotus-azul\\\/#primaryimage\"},\"thumbnailUrl\":\"https:\\\/\\\/www.sinchisinchi.com\\\/wp-content\\\/uploads\\\/2024\\\/05\\\/loto-azul.jpg\",\"datePublished\":\"2024-05-28T13:05:10+00:00\",\"breadcrumb\":{\"@id\":\"https:\\\/\\\/www.sinchisinchi.com\\\/pt-pt\\\/producto\\\/cacau-lotus-azul\\\/#breadcrumb\"},\"inLanguage\":\"pt-PT\",\"potentialAction\":[{\"@type\":\"ReadAction\",\"target\":[\"https:\\\/\\\/www.sinchisinchi.com\\\/pt-pt\\\/producto\\\/cacau-lotus-azul\\\/\"]}]},{\"@type\":\"ImageObject\",\"inLanguage\":\"pt-PT\",\"@id\":\"https:\\\/\\\/www.sinchisinchi.com\\\/pt-pt\\\/producto\\\/cacau-lotus-azul\\\/#primaryimage\",\"url\":\"https:\\\/\\\/www.sinchisinchi.com\\\/wp-content\\\/uploads\\\/2024\\\/05\\\/loto-azul.jpg\",\"contentUrl\":\"https:\\\/\\\/www.sinchisinchi.com\\\/wp-content\\\/uploads\\\/2024\\\/05\\\/loto-azul.jpg\",\"width\":990,\"height\":990},{\"@type\":\"BreadcrumbList\",\"@id\":\"https:\\\/\\\/www.sinchisinchi.com\\\/pt-pt\\\/producto\\\/cacau-lotus-azul\\\/#breadcrumb\",\"itemListElement\":[{\"@type\":\"ListItem\",\"position\":1,\"name\":\"Prima pagina\",\"item\":\"https:\\\/\\\/www.sinchisinchi.com\\\/pt-pt\\\/\"},{\"@type\":\"ListItem\",\"position\":2,\"name\":\"Produtos\",\"item\":\"https:\\\/\\\/www.sinchisinchi.com\\\/pt-pt\\\/shop\\\/\"},{\"@type\":\"ListItem\",\"position\":3,\"name\":\"Cacau L\u00f3tus Azul\"}]},{\"@type\":\"WebSite\",\"@id\":\"https:\\\/\\\/www.sinchisinchi.com\\\/pt-pt\\\/#website\",\"url\":\"https:\\\/\\\/www.sinchisinchi.com\\\/pt-pt\\\/\",\"name\":\"SINCHI\",\"description\":\"Sinchi Medicine\",\"publisher\":{\"@id\":\"https:\\\/\\\/www.sinchisinchi.com\\\/pt-pt\\\/#organization\"},\"potentialAction\":[{\"@type\":\"SearchAction\",\"target\":{\"@type\":\"EntryPoint\",\"urlTemplate\":\"https:\\\/\\\/www.sinchisinchi.com\\\/pt-pt\\\/?s={search_term_string}\"},\"query-input\":{\"@type\":\"PropertyValueSpecification\",\"valueRequired\":true,\"valueName\":\"search_term_string\"}}],\"inLanguage\":\"pt-PT\"},{\"@type\":\"Organization\",\"@id\":\"https:\\\/\\\/www.sinchisinchi.com\\\/pt-pt\\\/#organization\",\"name\":\"SINCHI S.L\",\"url\":\"https:\\\/\\\/www.sinchisinchi.com\\\/pt-pt\\\/\",\"logo\":{\"@type\":\"ImageObject\",\"inLanguage\":\"pt-PT\",\"@id\":\"https:\\\/\\\/www.sinchisinchi.com\\\/pt-pt\\\/#\\\/schema\\\/logo\\\/image\\\/\",\"url\":\"https:\\\/\\\/www.sinchisinchi.com\\\/wp-content\\\/uploads\\\/2026\\\/01\\\/3b-Verde-SIMPLIFICADO-HORIZONTAL-F-TRANSPARENTE-scaled.png\",\"contentUrl\":\"https:\\\/\\\/www.sinchisinchi.com\\\/wp-content\\\/uploads\\\/2026\\\/01\\\/3b-Verde-SIMPLIFICADO-HORIZONTAL-F-TRANSPARENTE-scaled.png\",\"width\":2560,\"height\":457,\"caption\":\"SINCHI S.L\"},\"image\":{\"@id\":\"https:\\\/\\\/www.sinchisinchi.com\\\/pt-pt\\\/#\\\/schema\\\/logo\\\/image\\\/\"},\"sameAs\":[\"https:\\\/\\\/www.facebook.com\\\/sinchirape\\\/\",\"https:\\\/\\\/www.instagram.com\\\/sinchi_rape\\\/\"]}]}<\/script>\n<!-- \/ Yoast SEO plugin. -->","yoast_head_json":{"title":"Cacau L\u00f3tus Azul - SINCHI RAP\u00c9","robots":{"index":"index","follow":"follow","max-snippet":"max-snippet:-1","max-image-preview":"max-image-preview:large","max-video-preview":"max-video-preview:-1"},"canonical":"https:\/\/www.sinchisinchi.com\/pt-pt\/producto\/cacau-lotus-azul\/","og_locale":"pt_PT","og_type":"article","og_title":"Cacau L\u00f3tus Azul - SINCHI RAP\u00c9","og_description":"Cacau cerimonial com L\u00f3tus Azul. Esta mistura combina o melhor cacau cerimonial com o poder do L\u00f3tus Azul, uma flor altamente valorizada pelas suas propriedades espirituais.  A Nymphaea caerulea, tamb\u00e9m conhecida como l\u00f3tus eg\u00edpcio, l\u00f3tus azul eg\u00edpcio ou nen\u00fafar azul, \u00e9 uma planta aqu\u00e1tica cujo habitat original se encontra ao longo do Nilo e de outras zonas da \u00c1frica Oriental, espalhando-se posteriormente para a Tail\u00e2ndia e \u00cdndia.  H\u00e1 mais de 3000 anos, o l\u00f3tus azul j\u00e1 era cultivado nas margens do Nilo pela sua beleza e efeitos inebriantes. Era considerada uma planta sagrada e estava intimamente ligada a divindades eg\u00edpcias como Os\u00edris, Nefertum e R\u00e1.  O l\u00f3tus azul abre na luz e fecha no escuro, pelo que est\u00e1 diretamente associado aos poderes do sol, ligado ao deus eg\u00edpcio R\u00e1. Os eg\u00edpcios maceravam esta planta em vinho para usos rituais.  Os seus efeitos psicoativos fazem do l\u00f3tus azul um dos candidatos a ser identificado como a planta dos comedores de l\u00f3tus da Odisseia de Homero.  Tipo: Cacau de grau cerimonial  Ingredientes: Cacau (Theobroma cacao), manteiga de cacau, mistura de especiarias (canela, cardamomo, cravinho e pimenta), l\u00f3tus azul (Nymphaea caerulea), 0,5 g de extrato por por\u00e7\u00e3o. Elaborado com extrato 50:1 (0,5g de extrato de L\u00f3tus Azul 50:1 por por\u00e7\u00e3o, equivalente a 25 gramas da planta)  Origem: Col\u00f4mbia  Apresenta\u00e7\u00e3o: Bloco de cacau.  Peso l\u00edquido: 400g  Armazenamento: Armazene em local fresco e seco, longe da luz solar direta.","og_url":"https:\/\/www.sinchisinchi.com\/pt-pt\/producto\/cacau-lotus-azul\/","og_site_name":"SINCHI RAP\u00c9","article_publisher":"https:\/\/www.facebook.com\/sinchirape\/","og_image":[{"width":990,"height":990,"url":"https:\/\/www.sinchisinchi.com\/wp-content\/uploads\/2024\/05\/loto-azul.jpg","type":"image\/jpeg"}],"twitter_card":"summary_large_image","schema":{"@context":"https:\/\/schema.org","@graph":[{"@type":"WebPage","@id":"https:\/\/www.sinchisinchi.com\/pt-pt\/producto\/cacau-lotus-azul\/","url":"https:\/\/www.sinchisinchi.com\/pt-pt\/producto\/cacau-lotus-azul\/","name":"Cacau L\u00f3tus Azul - SINCHI RAP\u00c9","isPartOf":{"@id":"https:\/\/www.sinchisinchi.com\/pt-pt\/#website"},"primaryImageOfPage":{"@id":"https:\/\/www.sinchisinchi.com\/pt-pt\/producto\/cacau-lotus-azul\/#primaryimage"},"image":{"@id":"https:\/\/www.sinchisinchi.com\/pt-pt\/producto\/cacau-lotus-azul\/#primaryimage"},"thumbnailUrl":"https:\/\/www.sinchisinchi.com\/wp-content\/uploads\/2024\/05\/loto-azul.jpg","datePublished":"2024-05-28T13:05:10+00:00","breadcrumb":{"@id":"https:\/\/www.sinchisinchi.com\/pt-pt\/producto\/cacau-lotus-azul\/#breadcrumb"},"inLanguage":"pt-PT","potentialAction":[{"@type":"ReadAction","target":["https:\/\/www.sinchisinchi.com\/pt-pt\/producto\/cacau-lotus-azul\/"]}]},{"@type":"ImageObject","inLanguage":"pt-PT","@id":"https:\/\/www.sinchisinchi.com\/pt-pt\/producto\/cacau-lotus-azul\/#primaryimage","url":"https:\/\/www.sinchisinchi.com\/wp-content\/uploads\/2024\/05\/loto-azul.jpg","contentUrl":"https:\/\/www.sinchisinchi.com\/wp-content\/uploads\/2024\/05\/loto-azul.jpg","width":990,"height":990},{"@type":"BreadcrumbList","@id":"https:\/\/www.sinchisinchi.com\/pt-pt\/producto\/cacau-lotus-azul\/#breadcrumb","itemListElement":[{"@type":"ListItem","position":1,"name":"Prima pagina","item":"https:\/\/www.sinchisinchi.com\/pt-pt\/"},{"@type":"ListItem","position":2,"name":"Produtos","item":"https:\/\/www.sinchisinchi.com\/pt-pt\/shop\/"},{"@type":"ListItem","position":3,"name":"Cacau L\u00f3tus Azul"}]},{"@type":"WebSite","@id":"https:\/\/www.sinchisinchi.com\/pt-pt\/#website","url":"https:\/\/www.sinchisinchi.com\/pt-pt\/","name":"SINCHI","description":"Sinchi Medicine","publisher":{"@id":"https:\/\/www.sinchisinchi.com\/pt-pt\/#organization"},"potentialAction":[{"@type":"SearchAction","target":{"@type":"EntryPoint","urlTemplate":"https:\/\/www.sinchisinchi.com\/pt-pt\/?s={search_term_string}"},"query-input":{"@type":"PropertyValueSpecification","valueRequired":true,"valueName":"search_term_string"}}],"inLanguage":"pt-PT"},{"@type":"Organization","@id":"https:\/\/www.sinchisinchi.com\/pt-pt\/#organization","name":"SINCHI S.L","url":"https:\/\/www.sinchisinchi.com\/pt-pt\/","logo":{"@type":"ImageObject","inLanguage":"pt-PT","@id":"https:\/\/www.sinchisinchi.com\/pt-pt\/#\/schema\/logo\/image\/","url":"https:\/\/www.sinchisinchi.com\/wp-content\/uploads\/2026\/01\/3b-Verde-SIMPLIFICADO-HORIZONTAL-F-TRANSPARENTE-scaled.png","contentUrl":"https:\/\/www.sinchisinchi.com\/wp-content\/uploads\/2026\/01\/3b-Verde-SIMPLIFICADO-HORIZONTAL-F-TRANSPARENTE-scaled.png","width":2560,"height":457,"caption":"SINCHI S.L"},"image":{"@id":"https:\/\/www.sinchisinchi.com\/pt-pt\/#\/schema\/logo\/image\/"},"sameAs":["https:\/\/www.facebook.com\/sinchirape\/","https:\/\/www.instagram.com\/sinchi_rape\/"]}]}},"_links":{"self":[{"href":"https:\/\/www.sinchisinchi.com\/pt-pt\/wp-json\/wp\/v2\/product\/25350","targetHints":{"allow":["GET"]}}],"collection":[{"href":"https:\/\/www.sinchisinchi.com\/pt-pt\/wp-json\/wp\/v2\/product"}],"about":[{"href":"https:\/\/www.sinchisinchi.com\/pt-pt\/wp-json\/wp\/v2\/types\/product"}],"wp:featuredmedia":[{"embeddable":true,"href":"https:\/\/www.sinchisinchi.com\/pt-pt\/wp-json\/wp\/v2\/media\/25351"}],"wp:attachment":[{"href":"https:\/\/www.sinchisinchi.com\/pt-pt\/wp-json\/wp\/v2\/media?parent=25350"}],"wp:term":[{"taxonomy":"product_brand","embeddable":true,"href":"https:\/\/www.sinchisinchi.com\/pt-pt\/wp-json\/wp\/v2\/product_brand?post=25350"},{"taxonomy":"product_cat","embeddable":true,"href":"https:\/\/www.sinchisinchi.com\/pt-pt\/wp-json\/wp\/v2\/product_cat?post=25350"},{"taxonomy":"product_tag","embeddable":true,"href":"https:\/\/www.sinchisinchi.com\/pt-pt\/wp-json\/wp\/v2\/product_tag?post=25350"}],"curies":[{"name":"wp","href":"https:\/\/api.w.org\/{rel}","templated":true}]}}