{"id":25358,"date":"2024-05-28T12:47:59","date_gmt":"2024-05-28T12:47:59","guid":{"rendered":"https:\/\/www.sinchisinchi.com\/producto\/cogumelos-cacau-7\/"},"modified":"2025-01-31T15:19:49","modified_gmt":"2025-01-31T15:19:49","slug":"cogumelos-cacau-7","status":"publish","type":"product","link":"https:\/\/www.sinchisinchi.com\/pt-pt\/producto\/cogumelos-cacau-7\/","title":{"rendered":"Cogumelos Cacau 7"},"content":{"rendered":"<h3 style=\"text-align: center;\"><strong>Propriedades dos cogumelos que incluem:<\/strong><\/h3>\n<p>Cada extrato de cogumelo proporciona propriedades \u00fanicas, criando uma sinergia que promove o equil\u00edbrio e a harmonia no corpo, mente, esp\u00edrito e emo\u00e7\u00f5es.<\/p>\n<p><strong>Juba-de-le\u00e3o (Hericium erinaceus):<\/strong> melhora a fun\u00e7\u00e3o cognitiva e apoia a sa\u00fade do c\u00e9rebro.<\/p>\n<p><strong>Reishi (Ganoderma lucidum):<\/strong> Promove o relaxamento, a redu\u00e7\u00e3o do stress e o bem-estar geral.<\/p>\n<p><strong>Chaga (Inonotus obliquus):<\/strong> Ajuda na fun\u00e7\u00e3o imunit\u00e1ria e fornece propriedades antioxidantes.<\/p>\n<p><strong>Rabo de peru (Trametes versicolor):<\/strong> Melhora a sa\u00fade imunit\u00e1ria e promove a sa\u00fade intestinal.<\/p>\n<p><strong>Cordyceps (Cordyceps Militaris):<\/strong> Melhora os n\u00edveis de energia, a resist\u00eancia e o desempenho atl\u00e9tico.<\/p>\n<p><strong>Agaricus (Agaricus blazei):<\/strong> Auxilia na fun\u00e7\u00e3o do sistema imunit\u00e1rio e no bem-estar geral.<\/p>\n<p><strong>Maitake (Grifola frondosa):<\/strong> Proporciona suporte imunit\u00e1rio e contribui para a vitalidade geral.<\/p>\n","protected":false},"excerpt":{"rendered":"<p>Cacau de cogumelo m\u00e1gico medicinal de grau cerimonial, uma mistura cativante que combina o melhor cacau cerimonial com o poder de sete cogumelos medicinais extraordin\u00e1rios.<\/p>\n<p><strong>Tipo:<\/strong> Cacau de grau cerimonial.<\/p>\n<p><strong>Ingredientes:<\/strong> Cacau (Theobroma cacao), manteiga de cacau, combina\u00e7\u00e3o de especiarias (canela, cardamomo, cravinho e pimenta da Amaz\u00f3nia). Al\u00e9m disso, cont\u00e9m sete cogumelos tradicionais: Juba de Le\u00e3o, Reishi, Chaga, Cauda de Peru, Cordyceps, Ag\u00e1rico, Maitake.<\/p>\n<p><strong>Origem:<\/strong> Col\u00f4mbia<\/p>\n<p><strong>Apresenta\u00e7\u00e3o:<\/strong> Bloco de cacau.<\/p>\n<p><strong>Peso l\u00edquido:<\/strong> 400g<\/p>\n<p><strong>Armazenamento:<\/strong> Armazene em local fresco e seco, longe da luz solar direta.<\/p>\n","protected":false},"featured_media":25359,"template":"","meta":{"_joinchat":[]},"product_brand":[],"product_cat":[674,677],"product_tag":[],"class_list":{"0":"post-25358","1":"product","2":"type-product","3":"status-publish","4":"has-post-thumbnail","6":"product_cat-cacau","7":"product_cat-magia-pt-pt","9":"first","10":"instock","11":"taxable","12":"shipping-taxable","13":"purchasable","14":"product-type-simple"},"yoast_head":"<!-- This site is optimized with the Yoast SEO plugin v27.4 - https:\/\/yoast.com\/product\/yoast-seo-wordpress\/ -->\n<title>Cacau cerimonial 7 cogumelos \u2013 Sinchi, loja xam\u00e2nica<\/title>\n<meta name=\"description\" content=\"Cacau com Cogumelos M\u00e1gicos, uma mistura cativante que combina o cacau cerimonial com o poder de sete cogumelos medicinais extraordin\u00e1rios.\" \/>\n<meta name=\"robots\" content=\"index, follow, max-snippet:-1, max-image-preview:large, max-video-preview:-1\" \/>\n<link rel=\"canonical\" href=\"https:\/\/www.sinchisinchi.com\/pt-pt\/producto\/cogumelos-cacau-7\/\" \/>\n<meta property=\"og:locale\" content=\"pt_PT\" \/>\n<meta property=\"og:type\" content=\"article\" \/>\n<meta property=\"og:title\" content=\"Cacau cerimonial 7 cogumelos \u2013 Sinchi, loja xam\u00e2nica\" \/>\n<meta property=\"og:description\" content=\"Cacau com Cogumelos M\u00e1gicos, uma mistura cativante que combina o cacau cerimonial com o poder de sete cogumelos medicinais extraordin\u00e1rios.\" \/>\n<meta property=\"og:url\" content=\"https:\/\/www.sinchisinchi.com\/pt-pt\/producto\/cogumelos-cacau-7\/\" \/>\n<meta property=\"og:site_name\" content=\"SINCHI RAP\u00c9\" \/>\n<meta property=\"article:publisher\" content=\"https:\/\/www.facebook.com\/sinchirape\/\" \/>\n<meta property=\"article:modified_time\" content=\"2025-01-31T15:19:49+00:00\" \/>\n<meta property=\"og:image\" content=\"https:\/\/www.sinchisinchi.com\/wp-content\/uploads\/2024\/05\/7-hongos.jpeg\" \/>\n\t<meta property=\"og:image:width\" content=\"990\" \/>\n\t<meta property=\"og:image:height\" content=\"990\" \/>\n\t<meta property=\"og:image:type\" content=\"image\/jpeg\" \/>\n<meta name=\"twitter:card\" content=\"summary_large_image\" \/>\n<meta name=\"twitter:label1\" content=\"Tempo estimado de leitura\" \/>\n\t<meta name=\"twitter:data1\" content=\"1 minuto\" \/>\n<script type=\"application\/ld+json\" class=\"yoast-schema-graph\">{\"@context\":\"https:\\\/\\\/schema.org\",\"@graph\":[{\"@type\":\"WebPage\",\"@id\":\"https:\\\/\\\/www.sinchisinchi.com\\\/pt-pt\\\/producto\\\/cogumelos-cacau-7\\\/\",\"url\":\"https:\\\/\\\/www.sinchisinchi.com\\\/pt-pt\\\/producto\\\/cogumelos-cacau-7\\\/\",\"name\":\"Cacau cerimonial 7 cogumelos \u2013 Sinchi, loja xam\u00e2nica\",\"isPartOf\":{\"@id\":\"https:\\\/\\\/www.sinchisinchi.com\\\/pt-pt\\\/#website\"},\"primaryImageOfPage\":{\"@id\":\"https:\\\/\\\/www.sinchisinchi.com\\\/pt-pt\\\/producto\\\/cogumelos-cacau-7\\\/#primaryimage\"},\"image\":{\"@id\":\"https:\\\/\\\/www.sinchisinchi.com\\\/pt-pt\\\/producto\\\/cogumelos-cacau-7\\\/#primaryimage\"},\"thumbnailUrl\":\"https:\\\/\\\/www.sinchisinchi.com\\\/wp-content\\\/uploads\\\/2024\\\/05\\\/7-hongos.jpeg\",\"datePublished\":\"2024-05-28T12:47:59+00:00\",\"dateModified\":\"2025-01-31T15:19:49+00:00\",\"description\":\"Cacau com Cogumelos M\u00e1gicos, uma mistura cativante que combina o cacau cerimonial com o poder de sete cogumelos medicinais extraordin\u00e1rios.\",\"breadcrumb\":{\"@id\":\"https:\\\/\\\/www.sinchisinchi.com\\\/pt-pt\\\/producto\\\/cogumelos-cacau-7\\\/#breadcrumb\"},\"inLanguage\":\"pt-PT\",\"potentialAction\":[{\"@type\":\"ReadAction\",\"target\":[\"https:\\\/\\\/www.sinchisinchi.com\\\/pt-pt\\\/producto\\\/cogumelos-cacau-7\\\/\"]}]},{\"@type\":\"ImageObject\",\"inLanguage\":\"pt-PT\",\"@id\":\"https:\\\/\\\/www.sinchisinchi.com\\\/pt-pt\\\/producto\\\/cogumelos-cacau-7\\\/#primaryimage\",\"url\":\"https:\\\/\\\/www.sinchisinchi.com\\\/wp-content\\\/uploads\\\/2024\\\/05\\\/7-hongos.jpeg\",\"contentUrl\":\"https:\\\/\\\/www.sinchisinchi.com\\\/wp-content\\\/uploads\\\/2024\\\/05\\\/7-hongos.jpeg\",\"width\":990,\"height\":990},{\"@type\":\"BreadcrumbList\",\"@id\":\"https:\\\/\\\/www.sinchisinchi.com\\\/pt-pt\\\/producto\\\/cogumelos-cacau-7\\\/#breadcrumb\",\"itemListElement\":[{\"@type\":\"ListItem\",\"position\":1,\"name\":\"Prima pagina\",\"item\":\"https:\\\/\\\/www.sinchisinchi.com\\\/pt-pt\\\/\"},{\"@type\":\"ListItem\",\"position\":2,\"name\":\"Produtos\",\"item\":\"https:\\\/\\\/www.sinchisinchi.com\\\/pt-pt\\\/shop\\\/\"},{\"@type\":\"ListItem\",\"position\":3,\"name\":\"Cogumelos Cacau 7\"}]},{\"@type\":\"WebSite\",\"@id\":\"https:\\\/\\\/www.sinchisinchi.com\\\/pt-pt\\\/#website\",\"url\":\"https:\\\/\\\/www.sinchisinchi.com\\\/pt-pt\\\/\",\"name\":\"SINCHI\",\"description\":\"Sinchi Medicine\",\"publisher\":{\"@id\":\"https:\\\/\\\/www.sinchisinchi.com\\\/pt-pt\\\/#organization\"},\"potentialAction\":[{\"@type\":\"SearchAction\",\"target\":{\"@type\":\"EntryPoint\",\"urlTemplate\":\"https:\\\/\\\/www.sinchisinchi.com\\\/pt-pt\\\/?s={search_term_string}\"},\"query-input\":{\"@type\":\"PropertyValueSpecification\",\"valueRequired\":true,\"valueName\":\"search_term_string\"}}],\"inLanguage\":\"pt-PT\"},{\"@type\":\"Organization\",\"@id\":\"https:\\\/\\\/www.sinchisinchi.com\\\/pt-pt\\\/#organization\",\"name\":\"SINCHI S.L\",\"url\":\"https:\\\/\\\/www.sinchisinchi.com\\\/pt-pt\\\/\",\"logo\":{\"@type\":\"ImageObject\",\"inLanguage\":\"pt-PT\",\"@id\":\"https:\\\/\\\/www.sinchisinchi.com\\\/pt-pt\\\/#\\\/schema\\\/logo\\\/image\\\/\",\"url\":\"https:\\\/\\\/www.sinchisinchi.com\\\/wp-content\\\/uploads\\\/2026\\\/01\\\/3b-Verde-SIMPLIFICADO-HORIZONTAL-F-TRANSPARENTE-scaled.png\",\"contentUrl\":\"https:\\\/\\\/www.sinchisinchi.com\\\/wp-content\\\/uploads\\\/2026\\\/01\\\/3b-Verde-SIMPLIFICADO-HORIZONTAL-F-TRANSPARENTE-scaled.png\",\"width\":2560,\"height\":457,\"caption\":\"SINCHI S.L\"},\"image\":{\"@id\":\"https:\\\/\\\/www.sinchisinchi.com\\\/pt-pt\\\/#\\\/schema\\\/logo\\\/image\\\/\"},\"sameAs\":[\"https:\\\/\\\/www.facebook.com\\\/sinchirape\\\/\",\"https:\\\/\\\/www.instagram.com\\\/sinchi_rape\\\/\"]}]}<\/script>\n<!-- \/ Yoast SEO plugin. -->","yoast_head_json":{"title":"Cacau cerimonial 7 cogumelos \u2013 Sinchi, loja xam\u00e2nica","description":"Cacau com Cogumelos M\u00e1gicos, uma mistura cativante que combina o cacau cerimonial com o poder de sete cogumelos medicinais extraordin\u00e1rios.","robots":{"index":"index","follow":"follow","max-snippet":"max-snippet:-1","max-image-preview":"max-image-preview:large","max-video-preview":"max-video-preview:-1"},"canonical":"https:\/\/www.sinchisinchi.com\/pt-pt\/producto\/cogumelos-cacau-7\/","og_locale":"pt_PT","og_type":"article","og_title":"Cacau cerimonial 7 cogumelos \u2013 Sinchi, loja xam\u00e2nica","og_description":"Cacau com Cogumelos M\u00e1gicos, uma mistura cativante que combina o cacau cerimonial com o poder de sete cogumelos medicinais extraordin\u00e1rios.","og_url":"https:\/\/www.sinchisinchi.com\/pt-pt\/producto\/cogumelos-cacau-7\/","og_site_name":"SINCHI RAP\u00c9","article_publisher":"https:\/\/www.facebook.com\/sinchirape\/","article_modified_time":"2025-01-31T15:19:49+00:00","og_image":[{"width":990,"height":990,"url":"https:\/\/www.sinchisinchi.com\/wp-content\/uploads\/2024\/05\/7-hongos.jpeg","type":"image\/jpeg"}],"twitter_card":"summary_large_image","twitter_misc":{"Tempo estimado de leitura":"1 minuto"},"schema":{"@context":"https:\/\/schema.org","@graph":[{"@type":"WebPage","@id":"https:\/\/www.sinchisinchi.com\/pt-pt\/producto\/cogumelos-cacau-7\/","url":"https:\/\/www.sinchisinchi.com\/pt-pt\/producto\/cogumelos-cacau-7\/","name":"Cacau cerimonial 7 cogumelos \u2013 Sinchi, loja xam\u00e2nica","isPartOf":{"@id":"https:\/\/www.sinchisinchi.com\/pt-pt\/#website"},"primaryImageOfPage":{"@id":"https:\/\/www.sinchisinchi.com\/pt-pt\/producto\/cogumelos-cacau-7\/#primaryimage"},"image":{"@id":"https:\/\/www.sinchisinchi.com\/pt-pt\/producto\/cogumelos-cacau-7\/#primaryimage"},"thumbnailUrl":"https:\/\/www.sinchisinchi.com\/wp-content\/uploads\/2024\/05\/7-hongos.jpeg","datePublished":"2024-05-28T12:47:59+00:00","dateModified":"2025-01-31T15:19:49+00:00","description":"Cacau com Cogumelos M\u00e1gicos, uma mistura cativante que combina o cacau cerimonial com o poder de sete cogumelos medicinais extraordin\u00e1rios.","breadcrumb":{"@id":"https:\/\/www.sinchisinchi.com\/pt-pt\/producto\/cogumelos-cacau-7\/#breadcrumb"},"inLanguage":"pt-PT","potentialAction":[{"@type":"ReadAction","target":["https:\/\/www.sinchisinchi.com\/pt-pt\/producto\/cogumelos-cacau-7\/"]}]},{"@type":"ImageObject","inLanguage":"pt-PT","@id":"https:\/\/www.sinchisinchi.com\/pt-pt\/producto\/cogumelos-cacau-7\/#primaryimage","url":"https:\/\/www.sinchisinchi.com\/wp-content\/uploads\/2024\/05\/7-hongos.jpeg","contentUrl":"https:\/\/www.sinchisinchi.com\/wp-content\/uploads\/2024\/05\/7-hongos.jpeg","width":990,"height":990},{"@type":"BreadcrumbList","@id":"https:\/\/www.sinchisinchi.com\/pt-pt\/producto\/cogumelos-cacau-7\/#breadcrumb","itemListElement":[{"@type":"ListItem","position":1,"name":"Prima pagina","item":"https:\/\/www.sinchisinchi.com\/pt-pt\/"},{"@type":"ListItem","position":2,"name":"Produtos","item":"https:\/\/www.sinchisinchi.com\/pt-pt\/shop\/"},{"@type":"ListItem","position":3,"name":"Cogumelos Cacau 7"}]},{"@type":"WebSite","@id":"https:\/\/www.sinchisinchi.com\/pt-pt\/#website","url":"https:\/\/www.sinchisinchi.com\/pt-pt\/","name":"SINCHI","description":"Sinchi Medicine","publisher":{"@id":"https:\/\/www.sinchisinchi.com\/pt-pt\/#organization"},"potentialAction":[{"@type":"SearchAction","target":{"@type":"EntryPoint","urlTemplate":"https:\/\/www.sinchisinchi.com\/pt-pt\/?s={search_term_string}"},"query-input":{"@type":"PropertyValueSpecification","valueRequired":true,"valueName":"search_term_string"}}],"inLanguage":"pt-PT"},{"@type":"Organization","@id":"https:\/\/www.sinchisinchi.com\/pt-pt\/#organization","name":"SINCHI S.L","url":"https:\/\/www.sinchisinchi.com\/pt-pt\/","logo":{"@type":"ImageObject","inLanguage":"pt-PT","@id":"https:\/\/www.sinchisinchi.com\/pt-pt\/#\/schema\/logo\/image\/","url":"https:\/\/www.sinchisinchi.com\/wp-content\/uploads\/2026\/01\/3b-Verde-SIMPLIFICADO-HORIZONTAL-F-TRANSPARENTE-scaled.png","contentUrl":"https:\/\/www.sinchisinchi.com\/wp-content\/uploads\/2026\/01\/3b-Verde-SIMPLIFICADO-HORIZONTAL-F-TRANSPARENTE-scaled.png","width":2560,"height":457,"caption":"SINCHI S.L"},"image":{"@id":"https:\/\/www.sinchisinchi.com\/pt-pt\/#\/schema\/logo\/image\/"},"sameAs":["https:\/\/www.facebook.com\/sinchirape\/","https:\/\/www.instagram.com\/sinchi_rape\/"]}]}},"_links":{"self":[{"href":"https:\/\/www.sinchisinchi.com\/pt-pt\/wp-json\/wp\/v2\/product\/25358","targetHints":{"allow":["GET"]}}],"collection":[{"href":"https:\/\/www.sinchisinchi.com\/pt-pt\/wp-json\/wp\/v2\/product"}],"about":[{"href":"https:\/\/www.sinchisinchi.com\/pt-pt\/wp-json\/wp\/v2\/types\/product"}],"wp:featuredmedia":[{"embeddable":true,"href":"https:\/\/www.sinchisinchi.com\/pt-pt\/wp-json\/wp\/v2\/media\/25359"}],"wp:attachment":[{"href":"https:\/\/www.sinchisinchi.com\/pt-pt\/wp-json\/wp\/v2\/media?parent=25358"}],"wp:term":[{"taxonomy":"product_brand","embeddable":true,"href":"https:\/\/www.sinchisinchi.com\/pt-pt\/wp-json\/wp\/v2\/product_brand?post=25358"},{"taxonomy":"product_cat","embeddable":true,"href":"https:\/\/www.sinchisinchi.com\/pt-pt\/wp-json\/wp\/v2\/product_cat?post=25358"},{"taxonomy":"product_tag","embeddable":true,"href":"https:\/\/www.sinchisinchi.com\/pt-pt\/wp-json\/wp\/v2\/product_tag?post=25358"}],"curies":[{"name":"wp","href":"https:\/\/api.w.org\/{rel}","templated":true}]}}