{"id":25370,"date":"2024-05-27T13:15:09","date_gmt":"2024-05-27T13:15:09","guid":{"rendered":"https:\/\/www.sinchisinchi.com\/producto\/tribo-cacau-arhuaca-colombia\/"},"modified":"2025-01-31T15:39:41","modified_gmt":"2025-01-31T15:39:41","slug":"tribo-cacau-arhuaca-colombia","status":"publish","type":"product","link":"https:\/\/www.sinchisinchi.com\/pt-pt\/producto\/tribo-cacau-arhuaca-colombia\/","title":{"rendered":"Tribo Cacau Arhuaca, Col\u00f4mbia"},"content":{"rendered":"<h2 style=\"text-align: center;\"><strong>Tribo Arhuaca<\/strong><\/h2>\n<p>O povo Arhuaco auto-intitula-se <em>\u201cIku\u201d,<\/em> que significa \u201cpovo\u201d na l\u00edngua Ika. S\u00e3o naturais da Sierra Nevada de Santa Marta, na costa caribeana da Col\u00f4mbia, e descendentes da cultura pr\u00e9-colombiana Tairona.<\/p>\n<p>S\u00e3o um dos povos nativos mais conhecidos da Col\u00f4mbia e representam 1,59% da popula\u00e7\u00e3o ind\u00edgena do pa\u00eds.<\/p>\n<p>A tribo Arhuaca est\u00e1 estabelecida principalmente nas montanhas da Serra Nevada de Santa Marta e, em menor extens\u00e3o, nas bacias dos rios Don Diego, Mingueo e Guatapur\u00ed (Valledupar, Mamatoco).<\/p>\n<p>Pautam a sua vida e a sua rotina di\u00e1ria com base na espiritualidade, no respeito pelos seus deuses, criadores do universo, e na solidariedade com os membros da comunidade e das cidades vizinhas, concebendo o territ\u00f3rio em que vivem como um todo onde habitam os seres. tanto em no mundo material como no mundo espiritual.<\/p>\n<p>As mulheres arhuacas passam o seu tempo livre a fiar algod\u00e3o e l\u00e3 para a roupa e a torcer fibras de maguey (agave em n\u00e1uatle, a l\u00edngua dos astecas) para as suas mochilas.<\/p>\n<p>Amam e respeitam os seus semelhantes, considerando como tal, para al\u00e9m dos humanos, os animais, as plantas e os seres inanimados.<\/p>\n<p>O le\u00e3o, rei da selva, \u00e9 chamado <strong><em>guiarj\u2019ina,<\/em><\/strong> que significa \u201cIrm\u00e3o de todos\u201d. N\u00e3o s\u00e3o ca\u00e7adores e nunca chicoteiam ou carregam pesadamente os seus bois e cavalos.<\/p>\n<p>Os arhuacos transportam sempre folhas torradas de <strong><em>H\u00e1yu<\/em> (planta de coca)<\/strong> nas suas mochilas de l\u00e3; Quando se encontram, a sauda\u00e7\u00e3o tradicional consiste na troca de um punhado destas folhas.<\/p>\n<p><em><strong>Amb\u00edra<\/strong> <\/em>\u00e9 o mapacho utilizado pelos Arhuacos sob a forma de extrato. Prepara-se cozinhando folhas de mapacho em lume muito brando, obtendo-se uma subst\u00e2ncia espessa e de cor escura.<\/p>\n<p>As mulheres arhuacas n\u00e3o consomem coca nem amb\u00edra, o seu uso est\u00e1 reservado aos homens adultos.<\/p>\n<p>Os outros tr\u00eas povos nativos que vivem na Sierra Nevada juntamente com os Arhuacas s\u00e3o os Koguis, os Wiwa e os Kankuamos.<\/p>\n<p>O povo Ika ou Arhuaco vive nas bacias superiores dos rios Aracataca, Fundaci\u00f3n e Ariguan\u00ed, na encosta ocidental da Sierra Nevada de Santa Marta.<\/p>\n<p>A Sierra Nevada de Santa Marta \u00e9 uma cadeia de montanhas na Col\u00f4mbia que constitui uma cordilheira isolada dos Andes na costa caribeana da Col\u00f4mbia, elevando-se abruptamente das margens do Mar das Cara\u00edbas para atingir picos que permanecem cobertos de neve durante todo o ano. com uma altura m\u00e1xima de 5.775 metros, sendo a montanha mais alta do mundo \u00e0 beira-mar.<\/p>\n","protected":false},"excerpt":{"rendered":"<p>Cacau cerimonial, 100% puro, cru biol\u00f3gico, produzido artesanalmente pela tribo Arhuaco, seguindo o m\u00e9todo ancestral.<\/p>\n<p>O cacau cultivado pelos Arhuacos \u00e9 classificado como um dos melhores do mundo pelo seu sabor, aroma, excelente qualidade e caracter\u00edsticas \u00fanicas.<\/p>\n<p>A tribo Arhuaca da Sierra Nevada, na Col\u00f4mbia, cultiva cacau nas suas terras ancestrais, como faz h\u00e1 s\u00e9culos. Segundo eles, o cacau \u00e9 a bebida dos pais divinos. Faz parte da cultura Arhuaca, cujas fam\u00edlias transmitem os conhecimentos e ensinamentos dos seus antepassados \u200b\u200bde gera\u00e7\u00e3o em gera\u00e7\u00e3o.<\/p>\n<p>Os gr\u00e3os de cacau s\u00e3o colhidos manualmente. S\u00e3o depois deixados a fermentar, um processo de transforma\u00e7\u00e3o no qual os gr\u00e3os desenvolvem o seu aroma e sabor caracter\u00edsticos de chocolate. Os gr\u00e3os s\u00e3o depois secos ao sol.<\/p>\n<p>Receita: Para preparar a bebida cerimonial, adicione 30 ml de cacau a 120 ml de \u00e1gua e misture bem. Pode adicionar um pouco de mel. Este cacau tamb\u00e9m pode ser utilizado para fazer chocolate quente, batidos ou chocolate sem a\u00e7\u00facar.<\/p>\n<p><strong>Tipo:<\/strong> Gr\u00e2nulo<\/p>\n<p><strong>Origem:<\/strong> Tribo Arhuaca, Col\u00f4mbia<\/p>\n<p><strong>Ingredientes:<\/strong> Cacau 100% puro de grau cerimonial<\/p>\n<p><strong>Apresenta\u00e7\u00e3o:<\/strong> Barra de Cacau.<\/p>\n<p><strong>Peso l\u00edquido:<\/strong> 450 Gr.<\/p>\n<p><strong>Armazenamento:<\/strong> Armazene em local fresco e seco, longe da luz solar direta.<\/p>\n","protected":false},"featured_media":25371,"template":"","meta":{"_joinchat":[]},"product_brand":[],"product_cat":[674,675],"product_tag":[],"class_list":{"0":"post-25370","1":"product","2":"type-product","3":"status-publish","4":"has-post-thumbnail","6":"product_cat-cacau","7":"product_cat-cerimonial","9":"first","10":"instock","11":"taxable","12":"shipping-taxable","13":"purchasable","14":"product-type-simple"},"yoast_head":"<!-- This site is optimized with the Yoast SEO plugin v27.4 - https:\/\/yoast.com\/product\/yoast-seo-wordpress\/ -->\n<title>Tribo Cerimonial Cacau Arhuaca, Col\u00f4mbia<\/title>\n<meta name=\"description\" content=\"Cacau cerimonial, 100% puro, cru biol\u00f3gico, produzido artesanalmente pela tribo Arhuaco, seguindo o m\u00e9todo ancestral.\" \/>\n<meta name=\"robots\" content=\"index, follow, max-snippet:-1, max-image-preview:large, max-video-preview:-1\" \/>\n<link rel=\"canonical\" href=\"https:\/\/www.sinchisinchi.com\/pt-pt\/producto\/tribo-cacau-arhuaca-colombia\/\" \/>\n<meta property=\"og:locale\" content=\"pt_PT\" \/>\n<meta property=\"og:type\" content=\"article\" \/>\n<meta property=\"og:title\" content=\"Tribo Cerimonial Cacau Arhuaca, Col\u00f4mbia\" \/>\n<meta property=\"og:description\" content=\"Cacau cerimonial, 100% puro, cru biol\u00f3gico, produzido artesanalmente pela tribo Arhuaco, seguindo o m\u00e9todo ancestral.\" \/>\n<meta property=\"og:url\" content=\"https:\/\/www.sinchisinchi.com\/pt-pt\/producto\/tribo-cacau-arhuaca-colombia\/\" \/>\n<meta property=\"og:site_name\" content=\"SINCHI RAP\u00c9\" \/>\n<meta property=\"article:publisher\" content=\"https:\/\/www.facebook.com\/sinchirape\/\" \/>\n<meta property=\"article:modified_time\" content=\"2025-01-31T15:39:41+00:00\" \/>\n<meta property=\"og:image\" content=\"https:\/\/www.sinchisinchi.com\/wp-content\/uploads\/2024\/05\/2-Cacao-Ceremonaial1-1-1024x683-copia.jpg\" \/>\n\t<meta property=\"og:image:width\" content=\"1024\" \/>\n\t<meta property=\"og:image:height\" content=\"683\" \/>\n\t<meta property=\"og:image:type\" content=\"image\/jpeg\" \/>\n<meta name=\"twitter:card\" content=\"summary_large_image\" \/>\n<meta name=\"twitter:label1\" content=\"Tempo estimado de leitura\" \/>\n\t<meta name=\"twitter:data1\" content=\"2 minutos\" \/>\n<script type=\"application\/ld+json\" class=\"yoast-schema-graph\">{\"@context\":\"https:\\\/\\\/schema.org\",\"@graph\":[{\"@type\":\"WebPage\",\"@id\":\"https:\\\/\\\/www.sinchisinchi.com\\\/pt-pt\\\/producto\\\/tribo-cacau-arhuaca-colombia\\\/\",\"url\":\"https:\\\/\\\/www.sinchisinchi.com\\\/pt-pt\\\/producto\\\/tribo-cacau-arhuaca-colombia\\\/\",\"name\":\"Tribo Cerimonial Cacau Arhuaca, Col\u00f4mbia\",\"isPartOf\":{\"@id\":\"https:\\\/\\\/www.sinchisinchi.com\\\/pt-pt\\\/#website\"},\"primaryImageOfPage\":{\"@id\":\"https:\\\/\\\/www.sinchisinchi.com\\\/pt-pt\\\/producto\\\/tribo-cacau-arhuaca-colombia\\\/#primaryimage\"},\"image\":{\"@id\":\"https:\\\/\\\/www.sinchisinchi.com\\\/pt-pt\\\/producto\\\/tribo-cacau-arhuaca-colombia\\\/#primaryimage\"},\"thumbnailUrl\":\"https:\\\/\\\/www.sinchisinchi.com\\\/wp-content\\\/uploads\\\/2024\\\/05\\\/2-Cacao-Ceremonaial1-1-1024x683-copia.jpg\",\"datePublished\":\"2024-05-27T13:15:09+00:00\",\"dateModified\":\"2025-01-31T15:39:41+00:00\",\"description\":\"Cacau cerimonial, 100% puro, cru biol\u00f3gico, produzido artesanalmente pela tribo Arhuaco, seguindo o m\u00e9todo ancestral.\",\"breadcrumb\":{\"@id\":\"https:\\\/\\\/www.sinchisinchi.com\\\/pt-pt\\\/producto\\\/tribo-cacau-arhuaca-colombia\\\/#breadcrumb\"},\"inLanguage\":\"pt-PT\",\"potentialAction\":[{\"@type\":\"ReadAction\",\"target\":[\"https:\\\/\\\/www.sinchisinchi.com\\\/pt-pt\\\/producto\\\/tribo-cacau-arhuaca-colombia\\\/\"]}]},{\"@type\":\"ImageObject\",\"inLanguage\":\"pt-PT\",\"@id\":\"https:\\\/\\\/www.sinchisinchi.com\\\/pt-pt\\\/producto\\\/tribo-cacau-arhuaca-colombia\\\/#primaryimage\",\"url\":\"https:\\\/\\\/www.sinchisinchi.com\\\/wp-content\\\/uploads\\\/2024\\\/05\\\/2-Cacao-Ceremonaial1-1-1024x683-copia.jpg\",\"contentUrl\":\"https:\\\/\\\/www.sinchisinchi.com\\\/wp-content\\\/uploads\\\/2024\\\/05\\\/2-Cacao-Ceremonaial1-1-1024x683-copia.jpg\",\"width\":1024,\"height\":683},{\"@type\":\"BreadcrumbList\",\"@id\":\"https:\\\/\\\/www.sinchisinchi.com\\\/pt-pt\\\/producto\\\/tribo-cacau-arhuaca-colombia\\\/#breadcrumb\",\"itemListElement\":[{\"@type\":\"ListItem\",\"position\":1,\"name\":\"Prima pagina\",\"item\":\"https:\\\/\\\/www.sinchisinchi.com\\\/pt-pt\\\/\"},{\"@type\":\"ListItem\",\"position\":2,\"name\":\"Produtos\",\"item\":\"https:\\\/\\\/www.sinchisinchi.com\\\/pt-pt\\\/shop\\\/\"},{\"@type\":\"ListItem\",\"position\":3,\"name\":\"Tribo Cacau Arhuaca, Col\u00f4mbia\"}]},{\"@type\":\"WebSite\",\"@id\":\"https:\\\/\\\/www.sinchisinchi.com\\\/pt-pt\\\/#website\",\"url\":\"https:\\\/\\\/www.sinchisinchi.com\\\/pt-pt\\\/\",\"name\":\"SINCHI\",\"description\":\"Sinchi Medicine\",\"publisher\":{\"@id\":\"https:\\\/\\\/www.sinchisinchi.com\\\/pt-pt\\\/#organization\"},\"potentialAction\":[{\"@type\":\"SearchAction\",\"target\":{\"@type\":\"EntryPoint\",\"urlTemplate\":\"https:\\\/\\\/www.sinchisinchi.com\\\/pt-pt\\\/?s={search_term_string}\"},\"query-input\":{\"@type\":\"PropertyValueSpecification\",\"valueRequired\":true,\"valueName\":\"search_term_string\"}}],\"inLanguage\":\"pt-PT\"},{\"@type\":\"Organization\",\"@id\":\"https:\\\/\\\/www.sinchisinchi.com\\\/pt-pt\\\/#organization\",\"name\":\"SINCHI S.L\",\"url\":\"https:\\\/\\\/www.sinchisinchi.com\\\/pt-pt\\\/\",\"logo\":{\"@type\":\"ImageObject\",\"inLanguage\":\"pt-PT\",\"@id\":\"https:\\\/\\\/www.sinchisinchi.com\\\/pt-pt\\\/#\\\/schema\\\/logo\\\/image\\\/\",\"url\":\"https:\\\/\\\/www.sinchisinchi.com\\\/wp-content\\\/uploads\\\/2026\\\/01\\\/3b-Verde-SIMPLIFICADO-HORIZONTAL-F-TRANSPARENTE-scaled.png\",\"contentUrl\":\"https:\\\/\\\/www.sinchisinchi.com\\\/wp-content\\\/uploads\\\/2026\\\/01\\\/3b-Verde-SIMPLIFICADO-HORIZONTAL-F-TRANSPARENTE-scaled.png\",\"width\":2560,\"height\":457,\"caption\":\"SINCHI S.L\"},\"image\":{\"@id\":\"https:\\\/\\\/www.sinchisinchi.com\\\/pt-pt\\\/#\\\/schema\\\/logo\\\/image\\\/\"},\"sameAs\":[\"https:\\\/\\\/www.facebook.com\\\/sinchirape\\\/\",\"https:\\\/\\\/www.instagram.com\\\/sinchi_rape\\\/\"]}]}<\/script>\n<!-- \/ Yoast SEO plugin. -->","yoast_head_json":{"title":"Tribo Cerimonial Cacau Arhuaca, Col\u00f4mbia","description":"Cacau cerimonial, 100% puro, cru biol\u00f3gico, produzido artesanalmente pela tribo Arhuaco, seguindo o m\u00e9todo ancestral.","robots":{"index":"index","follow":"follow","max-snippet":"max-snippet:-1","max-image-preview":"max-image-preview:large","max-video-preview":"max-video-preview:-1"},"canonical":"https:\/\/www.sinchisinchi.com\/pt-pt\/producto\/tribo-cacau-arhuaca-colombia\/","og_locale":"pt_PT","og_type":"article","og_title":"Tribo Cerimonial Cacau Arhuaca, Col\u00f4mbia","og_description":"Cacau cerimonial, 100% puro, cru biol\u00f3gico, produzido artesanalmente pela tribo Arhuaco, seguindo o m\u00e9todo ancestral.","og_url":"https:\/\/www.sinchisinchi.com\/pt-pt\/producto\/tribo-cacau-arhuaca-colombia\/","og_site_name":"SINCHI RAP\u00c9","article_publisher":"https:\/\/www.facebook.com\/sinchirape\/","article_modified_time":"2025-01-31T15:39:41+00:00","og_image":[{"width":1024,"height":683,"url":"https:\/\/www.sinchisinchi.com\/wp-content\/uploads\/2024\/05\/2-Cacao-Ceremonaial1-1-1024x683-copia.jpg","type":"image\/jpeg"}],"twitter_card":"summary_large_image","twitter_misc":{"Tempo estimado de leitura":"2 minutos"},"schema":{"@context":"https:\/\/schema.org","@graph":[{"@type":"WebPage","@id":"https:\/\/www.sinchisinchi.com\/pt-pt\/producto\/tribo-cacau-arhuaca-colombia\/","url":"https:\/\/www.sinchisinchi.com\/pt-pt\/producto\/tribo-cacau-arhuaca-colombia\/","name":"Tribo Cerimonial Cacau Arhuaca, Col\u00f4mbia","isPartOf":{"@id":"https:\/\/www.sinchisinchi.com\/pt-pt\/#website"},"primaryImageOfPage":{"@id":"https:\/\/www.sinchisinchi.com\/pt-pt\/producto\/tribo-cacau-arhuaca-colombia\/#primaryimage"},"image":{"@id":"https:\/\/www.sinchisinchi.com\/pt-pt\/producto\/tribo-cacau-arhuaca-colombia\/#primaryimage"},"thumbnailUrl":"https:\/\/www.sinchisinchi.com\/wp-content\/uploads\/2024\/05\/2-Cacao-Ceremonaial1-1-1024x683-copia.jpg","datePublished":"2024-05-27T13:15:09+00:00","dateModified":"2025-01-31T15:39:41+00:00","description":"Cacau cerimonial, 100% puro, cru biol\u00f3gico, produzido artesanalmente pela tribo Arhuaco, seguindo o m\u00e9todo ancestral.","breadcrumb":{"@id":"https:\/\/www.sinchisinchi.com\/pt-pt\/producto\/tribo-cacau-arhuaca-colombia\/#breadcrumb"},"inLanguage":"pt-PT","potentialAction":[{"@type":"ReadAction","target":["https:\/\/www.sinchisinchi.com\/pt-pt\/producto\/tribo-cacau-arhuaca-colombia\/"]}]},{"@type":"ImageObject","inLanguage":"pt-PT","@id":"https:\/\/www.sinchisinchi.com\/pt-pt\/producto\/tribo-cacau-arhuaca-colombia\/#primaryimage","url":"https:\/\/www.sinchisinchi.com\/wp-content\/uploads\/2024\/05\/2-Cacao-Ceremonaial1-1-1024x683-copia.jpg","contentUrl":"https:\/\/www.sinchisinchi.com\/wp-content\/uploads\/2024\/05\/2-Cacao-Ceremonaial1-1-1024x683-copia.jpg","width":1024,"height":683},{"@type":"BreadcrumbList","@id":"https:\/\/www.sinchisinchi.com\/pt-pt\/producto\/tribo-cacau-arhuaca-colombia\/#breadcrumb","itemListElement":[{"@type":"ListItem","position":1,"name":"Prima pagina","item":"https:\/\/www.sinchisinchi.com\/pt-pt\/"},{"@type":"ListItem","position":2,"name":"Produtos","item":"https:\/\/www.sinchisinchi.com\/pt-pt\/shop\/"},{"@type":"ListItem","position":3,"name":"Tribo Cacau Arhuaca, Col\u00f4mbia"}]},{"@type":"WebSite","@id":"https:\/\/www.sinchisinchi.com\/pt-pt\/#website","url":"https:\/\/www.sinchisinchi.com\/pt-pt\/","name":"SINCHI","description":"Sinchi Medicine","publisher":{"@id":"https:\/\/www.sinchisinchi.com\/pt-pt\/#organization"},"potentialAction":[{"@type":"SearchAction","target":{"@type":"EntryPoint","urlTemplate":"https:\/\/www.sinchisinchi.com\/pt-pt\/?s={search_term_string}"},"query-input":{"@type":"PropertyValueSpecification","valueRequired":true,"valueName":"search_term_string"}}],"inLanguage":"pt-PT"},{"@type":"Organization","@id":"https:\/\/www.sinchisinchi.com\/pt-pt\/#organization","name":"SINCHI S.L","url":"https:\/\/www.sinchisinchi.com\/pt-pt\/","logo":{"@type":"ImageObject","inLanguage":"pt-PT","@id":"https:\/\/www.sinchisinchi.com\/pt-pt\/#\/schema\/logo\/image\/","url":"https:\/\/www.sinchisinchi.com\/wp-content\/uploads\/2026\/01\/3b-Verde-SIMPLIFICADO-HORIZONTAL-F-TRANSPARENTE-scaled.png","contentUrl":"https:\/\/www.sinchisinchi.com\/wp-content\/uploads\/2026\/01\/3b-Verde-SIMPLIFICADO-HORIZONTAL-F-TRANSPARENTE-scaled.png","width":2560,"height":457,"caption":"SINCHI S.L"},"image":{"@id":"https:\/\/www.sinchisinchi.com\/pt-pt\/#\/schema\/logo\/image\/"},"sameAs":["https:\/\/www.facebook.com\/sinchirape\/","https:\/\/www.instagram.com\/sinchi_rape\/"]}]}},"_links":{"self":[{"href":"https:\/\/www.sinchisinchi.com\/pt-pt\/wp-json\/wp\/v2\/product\/25370","targetHints":{"allow":["GET"]}}],"collection":[{"href":"https:\/\/www.sinchisinchi.com\/pt-pt\/wp-json\/wp\/v2\/product"}],"about":[{"href":"https:\/\/www.sinchisinchi.com\/pt-pt\/wp-json\/wp\/v2\/types\/product"}],"wp:featuredmedia":[{"embeddable":true,"href":"https:\/\/www.sinchisinchi.com\/pt-pt\/wp-json\/wp\/v2\/media\/25371"}],"wp:attachment":[{"href":"https:\/\/www.sinchisinchi.com\/pt-pt\/wp-json\/wp\/v2\/media?parent=25370"}],"wp:term":[{"taxonomy":"product_brand","embeddable":true,"href":"https:\/\/www.sinchisinchi.com\/pt-pt\/wp-json\/wp\/v2\/product_brand?post=25370"},{"taxonomy":"product_cat","embeddable":true,"href":"https:\/\/www.sinchisinchi.com\/pt-pt\/wp-json\/wp\/v2\/product_cat?post=25370"},{"taxonomy":"product_tag","embeddable":true,"href":"https:\/\/www.sinchisinchi.com\/pt-pt\/wp-json\/wp\/v2\/product_tag?post=25370"}],"curies":[{"name":"wp","href":"https:\/\/api.w.org\/{rel}","templated":true}]}}