{"id":25380,"date":"2024-05-27T13:00:33","date_gmt":"2024-05-27T13:00:33","guid":{"rendered":"https:\/\/www.sinchisinchi.com\/producto\/tribo-piaroa-do-cacau-da-amazonia\/"},"modified":"2025-01-31T16:03:00","modified_gmt":"2025-01-31T16:03:00","slug":"tribo-piaroa-do-cacau-da-amazonia","status":"publish","type":"product","link":"https:\/\/www.sinchisinchi.com\/pt-pt\/producto\/tribo-piaroa-do-cacau-da-amazonia\/","title":{"rendered":"Tribo Piaroa do Cacau da Amaz\u00f3nia"},"content":{"rendered":"<h3 style=\"text-align: center;\"><strong>Cacau da Piaroa<\/strong><\/h3>\n<p>A comunidade ind\u00edgena Piaroa possui um sistema de produ\u00e7\u00e3o baseado na utiliza\u00e7\u00e3o de diferentes espa\u00e7os ecol\u00f3gicos; florestas, rios e canais, e \u00e1reas de uso agr\u00edcola.<\/p>\n<h3 style=\"text-align: center;\"><strong>Tribo Piaroa<\/strong><\/h3>\n<p>A tribo Piaroa \u00e9 um dos povos ind\u00edgenas mais importantes da Venezuela, e o seu vasto territ\u00f3rio abrange os estados do Amazonas e Bol\u00edvar. Os Piaroa vivem em diferentes espa\u00e7os territoriais, especialmente nas florestas tropicais.<\/p>\n<p>Os Piaroa estabeleceram-se tamb\u00e9m durante d\u00e9cadas ao longo dos eixos rodovi\u00e1rios norte e sul de Puerto Ayacucho, estado do Amazonas, na margem direita do Orinoco, entre a foz do Ventuari e Samariapo, e no Alto Orinoco, na zona de Tama-Tama.<\/p>\n<p>Existem tamb\u00e9m Piaroas em territ\u00f3rio colombiano, no departamento de Vichada, concretamente nos rios Zama, In\u00edrida, Matav\u00e9n e Guaviare.<\/p>\n<p>Os Piaroa somam actualmente cerca de 15.000 pessoas, que vivem sobretudo nos estados do Amazonas e Bol\u00edvar.<\/p>\n<p>O seu territ\u00f3rio na Venezuela ocupa uma \u00e1rea de cerca de 30 mil km\u00b2, que inclui as bacias dos rios Sipapo, Autana, Cuao, Guayapo, Samariapo, Cataniapo, Paria, Parguaza, Ventuari e Manapiare, para al\u00e9m dos eixos rodovi\u00e1rios que ligam Puerto Ayacucho, capital do estado do Amazonas, com o porto de Samariapo a sul, a bacia m\u00e9dia de Cat\u00e2nia a leste e o estado de Bol\u00edvar a norte.<\/p>\n<p>Os Piaroa vivem geralmente em pequenas comunidades de menos de cem pessoas, separadas umas das outras por uma dist\u00e2ncia de aproximadamente um dia de caminhada.<\/p>\n<p>Tradicionalmente, os Piaroa viviam numa casa comunal, onde se relacionavam diferentes fam\u00edlias. Hoje, embora a casa comunal ainda exista, as vivendas s\u00e3o constitu\u00eddas maioritariamente por casas unifamiliares, uma tend\u00eancia que refor\u00e7ou o papel da fam\u00edlia nuclear como unidade econ\u00f3mica aut\u00f3noma.<\/p>\n<p>Os Piaroa s\u00e3o mais recolectores do que agricultores. A ca\u00e7a e a pesca s\u00e3o a base da sua dieta, especialmente a pesca fluvial. Tecem algod\u00e3o natural e fazem cestos.<\/p>\n<p>A dan\u00e7a Warime ou de m\u00e1scaras \u00e9 a dan\u00e7a mais importante para o povo Piaroa. Nela participam os xam\u00e3s Piaroa (Me\u00f1er\u00faa) de diferentes comunidades, cobertos com um traje feito de palmeira buriti e uma m\u00e1scara que cobre o rosto, celebrando a boa colheita, os casamentos e a reuni\u00e3o harmoniosa de fam\u00edlias que vivem longe.<\/p>\n<p>O monte Autana representa a \u00e1rvore da vida, que deu origem a todos os frutos que fornecem sustento aos homens e aos animais. Para os Piaroa \u00e9 uma montanha sagrada na qual n\u00e3o entram.<\/p>\n<p>Os Piaroas falam a l\u00edngua Saliba, que at\u00e9 h\u00e1 pouco tempo era transmitida oralmente. Atualmente, desenvolveram um sistema de escrita para a sua l\u00edngua.<\/p>\n","protected":false},"excerpt":{"rendered":"<p>Cacau cerimonial cultivado pela comunidade ind\u00edgena Piaroa, nas margens do Rio Orinoco, na Amaz\u00f3nia venezuelana.<\/p>\n<p>Cultiva-se seguindo a tradi\u00e7\u00e3o ancestral transmitida de gera\u00e7\u00e3o em gera\u00e7\u00e3o. A comunidade Piaroa utiliza diferentes cen\u00e1rios ecol\u00f3gicos; florestas, rios e canais, e \u00e1reas abertas.<\/p>\n<p>\u00c9 ideal para uso cerimonial, para substituir o caf\u00e9, como energizante desportivo e at\u00e9 para assar e fazer chocolate. Armazene em local fresco e seco, longe da luz solar.<\/p>\n<p><strong>Tipo:<\/strong> Cacau de grau cerimonial.<\/p>\n<p><strong>Ingredientes:<\/strong> Cacau 100% puro de grau cerimonial.<\/p>\n<p><strong>Origem:<\/strong> Amazonas, Venezuela<\/p>\n<p><strong>Apresenta\u00e7\u00e3o:<\/strong> Barra de Cacau.<\/p>\n<p><strong>Variedade:<\/strong> Piaroa Crioulo<\/p>\n<p><strong>Tamanho:<\/strong> 500gr<\/p>\n<p><strong>Armazenamento:<\/strong> Armazene em local fresco e seco, longe da luz solar direta.<\/p>\n","protected":false},"featured_media":24474,"template":"","meta":{"_joinchat":[]},"product_brand":[],"product_cat":[674,675],"product_tag":[],"class_list":{"0":"post-25380","1":"product","2":"type-product","3":"status-publish","4":"has-post-thumbnail","6":"product_cat-cacau","7":"product_cat-cerimonial","9":"first","10":"instock","11":"taxable","12":"shipping-taxable","13":"purchasable","14":"product-type-simple"},"yoast_head":"<!-- This site is optimized with the Yoast SEO plugin v27.4 - https:\/\/yoast.com\/product\/yoast-seo-wordpress\/ -->\n<title>Cacau Cerimonial da Amaz\u00f3nia, Tribo Piaroa<\/title>\n<meta name=\"description\" content=\"Cacau cerimonial da tribo nativa Piaroa, cultivado seguindo a tradi\u00e7\u00e3o ancestral transmitida de gera\u00e7\u00e3o em gera\u00e7\u00e3o.\" \/>\n<meta name=\"robots\" content=\"index, follow, max-snippet:-1, max-image-preview:large, max-video-preview:-1\" \/>\n<link rel=\"canonical\" href=\"https:\/\/www.sinchisinchi.com\/pt-pt\/producto\/tribo-piaroa-do-cacau-da-amazonia\/\" \/>\n<meta property=\"og:locale\" content=\"pt_PT\" \/>\n<meta property=\"og:type\" content=\"article\" \/>\n<meta property=\"og:title\" content=\"Cacau Cerimonial da Amaz\u00f3nia, Tribo Piaroa\" \/>\n<meta property=\"og:description\" content=\"Cacau cerimonial da tribo nativa Piaroa, cultivado seguindo a tradi\u00e7\u00e3o ancestral transmitida de gera\u00e7\u00e3o em gera\u00e7\u00e3o.\" \/>\n<meta property=\"og:url\" content=\"https:\/\/www.sinchisinchi.com\/pt-pt\/producto\/tribo-piaroa-do-cacau-da-amazonia\/\" \/>\n<meta property=\"og:site_name\" content=\"SINCHI RAP\u00c9\" \/>\n<meta property=\"article:publisher\" content=\"https:\/\/www.facebook.com\/sinchirape\/\" \/>\n<meta property=\"article:modified_time\" content=\"2025-01-31T16:03:00+00:00\" \/>\n<meta property=\"og:image\" content=\"https:\/\/www.sinchisinchi.com\/wp-content\/uploads\/2024\/05\/2-Cacao-Ceremonial1-1-1024x683-copia.jpg\" \/>\n\t<meta property=\"og:image:width\" content=\"1024\" \/>\n\t<meta property=\"og:image:height\" content=\"683\" \/>\n\t<meta property=\"og:image:type\" content=\"image\/jpeg\" \/>\n<meta name=\"twitter:card\" content=\"summary_large_image\" \/>\n<meta name=\"twitter:label1\" content=\"Tempo estimado de leitura\" \/>\n\t<meta name=\"twitter:data1\" content=\"2 minutos\" \/>\n<script type=\"application\/ld+json\" class=\"yoast-schema-graph\">{\"@context\":\"https:\\\/\\\/schema.org\",\"@graph\":[{\"@type\":\"WebPage\",\"@id\":\"https:\\\/\\\/www.sinchisinchi.com\\\/pt-pt\\\/producto\\\/tribo-piaroa-do-cacau-da-amazonia\\\/\",\"url\":\"https:\\\/\\\/www.sinchisinchi.com\\\/pt-pt\\\/producto\\\/tribo-piaroa-do-cacau-da-amazonia\\\/\",\"name\":\"Cacau Cerimonial da Amaz\u00f3nia, Tribo Piaroa\",\"isPartOf\":{\"@id\":\"https:\\\/\\\/www.sinchisinchi.com\\\/pt-pt\\\/#website\"},\"primaryImageOfPage\":{\"@id\":\"https:\\\/\\\/www.sinchisinchi.com\\\/pt-pt\\\/producto\\\/tribo-piaroa-do-cacau-da-amazonia\\\/#primaryimage\"},\"image\":{\"@id\":\"https:\\\/\\\/www.sinchisinchi.com\\\/pt-pt\\\/producto\\\/tribo-piaroa-do-cacau-da-amazonia\\\/#primaryimage\"},\"thumbnailUrl\":\"https:\\\/\\\/www.sinchisinchi.com\\\/wp-content\\\/uploads\\\/2024\\\/05\\\/2-Cacao-Ceremonial1-1-1024x683-copia.jpg\",\"datePublished\":\"2024-05-27T13:00:33+00:00\",\"dateModified\":\"2025-01-31T16:03:00+00:00\",\"description\":\"Cacau cerimonial da tribo nativa Piaroa, cultivado seguindo a tradi\u00e7\u00e3o ancestral transmitida de gera\u00e7\u00e3o em gera\u00e7\u00e3o.\",\"breadcrumb\":{\"@id\":\"https:\\\/\\\/www.sinchisinchi.com\\\/pt-pt\\\/producto\\\/tribo-piaroa-do-cacau-da-amazonia\\\/#breadcrumb\"},\"inLanguage\":\"pt-PT\",\"potentialAction\":[{\"@type\":\"ReadAction\",\"target\":[\"https:\\\/\\\/www.sinchisinchi.com\\\/pt-pt\\\/producto\\\/tribo-piaroa-do-cacau-da-amazonia\\\/\"]}]},{\"@type\":\"ImageObject\",\"inLanguage\":\"pt-PT\",\"@id\":\"https:\\\/\\\/www.sinchisinchi.com\\\/pt-pt\\\/producto\\\/tribo-piaroa-do-cacau-da-amazonia\\\/#primaryimage\",\"url\":\"https:\\\/\\\/www.sinchisinchi.com\\\/wp-content\\\/uploads\\\/2024\\\/05\\\/2-Cacao-Ceremonial1-1-1024x683-copia.jpg\",\"contentUrl\":\"https:\\\/\\\/www.sinchisinchi.com\\\/wp-content\\\/uploads\\\/2024\\\/05\\\/2-Cacao-Ceremonial1-1-1024x683-copia.jpg\",\"width\":1024,\"height\":683},{\"@type\":\"BreadcrumbList\",\"@id\":\"https:\\\/\\\/www.sinchisinchi.com\\\/pt-pt\\\/producto\\\/tribo-piaroa-do-cacau-da-amazonia\\\/#breadcrumb\",\"itemListElement\":[{\"@type\":\"ListItem\",\"position\":1,\"name\":\"Prima pagina\",\"item\":\"https:\\\/\\\/www.sinchisinchi.com\\\/pt-pt\\\/\"},{\"@type\":\"ListItem\",\"position\":2,\"name\":\"Produtos\",\"item\":\"https:\\\/\\\/www.sinchisinchi.com\\\/pt-pt\\\/shop\\\/\"},{\"@type\":\"ListItem\",\"position\":3,\"name\":\"Tribo Piaroa do Cacau da Amaz\u00f3nia\"}]},{\"@type\":\"WebSite\",\"@id\":\"https:\\\/\\\/www.sinchisinchi.com\\\/pt-pt\\\/#website\",\"url\":\"https:\\\/\\\/www.sinchisinchi.com\\\/pt-pt\\\/\",\"name\":\"SINCHI\",\"description\":\"Sinchi Medicine\",\"publisher\":{\"@id\":\"https:\\\/\\\/www.sinchisinchi.com\\\/pt-pt\\\/#organization\"},\"potentialAction\":[{\"@type\":\"SearchAction\",\"target\":{\"@type\":\"EntryPoint\",\"urlTemplate\":\"https:\\\/\\\/www.sinchisinchi.com\\\/pt-pt\\\/?s={search_term_string}\"},\"query-input\":{\"@type\":\"PropertyValueSpecification\",\"valueRequired\":true,\"valueName\":\"search_term_string\"}}],\"inLanguage\":\"pt-PT\"},{\"@type\":\"Organization\",\"@id\":\"https:\\\/\\\/www.sinchisinchi.com\\\/pt-pt\\\/#organization\",\"name\":\"SINCHI S.L\",\"url\":\"https:\\\/\\\/www.sinchisinchi.com\\\/pt-pt\\\/\",\"logo\":{\"@type\":\"ImageObject\",\"inLanguage\":\"pt-PT\",\"@id\":\"https:\\\/\\\/www.sinchisinchi.com\\\/pt-pt\\\/#\\\/schema\\\/logo\\\/image\\\/\",\"url\":\"https:\\\/\\\/www.sinchisinchi.com\\\/wp-content\\\/uploads\\\/2026\\\/01\\\/3b-Verde-SIMPLIFICADO-HORIZONTAL-F-TRANSPARENTE-scaled.png\",\"contentUrl\":\"https:\\\/\\\/www.sinchisinchi.com\\\/wp-content\\\/uploads\\\/2026\\\/01\\\/3b-Verde-SIMPLIFICADO-HORIZONTAL-F-TRANSPARENTE-scaled.png\",\"width\":2560,\"height\":457,\"caption\":\"SINCHI S.L\"},\"image\":{\"@id\":\"https:\\\/\\\/www.sinchisinchi.com\\\/pt-pt\\\/#\\\/schema\\\/logo\\\/image\\\/\"},\"sameAs\":[\"https:\\\/\\\/www.facebook.com\\\/sinchirape\\\/\",\"https:\\\/\\\/www.instagram.com\\\/sinchi_rape\\\/\"]}]}<\/script>\n<!-- \/ Yoast SEO plugin. -->","yoast_head_json":{"title":"Cacau Cerimonial da Amaz\u00f3nia, Tribo Piaroa","description":"Cacau cerimonial da tribo nativa Piaroa, cultivado seguindo a tradi\u00e7\u00e3o ancestral transmitida de gera\u00e7\u00e3o em gera\u00e7\u00e3o.","robots":{"index":"index","follow":"follow","max-snippet":"max-snippet:-1","max-image-preview":"max-image-preview:large","max-video-preview":"max-video-preview:-1"},"canonical":"https:\/\/www.sinchisinchi.com\/pt-pt\/producto\/tribo-piaroa-do-cacau-da-amazonia\/","og_locale":"pt_PT","og_type":"article","og_title":"Cacau Cerimonial da Amaz\u00f3nia, Tribo Piaroa","og_description":"Cacau cerimonial da tribo nativa Piaroa, cultivado seguindo a tradi\u00e7\u00e3o ancestral transmitida de gera\u00e7\u00e3o em gera\u00e7\u00e3o.","og_url":"https:\/\/www.sinchisinchi.com\/pt-pt\/producto\/tribo-piaroa-do-cacau-da-amazonia\/","og_site_name":"SINCHI RAP\u00c9","article_publisher":"https:\/\/www.facebook.com\/sinchirape\/","article_modified_time":"2025-01-31T16:03:00+00:00","og_image":[{"width":1024,"height":683,"url":"https:\/\/www.sinchisinchi.com\/wp-content\/uploads\/2024\/05\/2-Cacao-Ceremonial1-1-1024x683-copia.jpg","type":"image\/jpeg"}],"twitter_card":"summary_large_image","twitter_misc":{"Tempo estimado de leitura":"2 minutos"},"schema":{"@context":"https:\/\/schema.org","@graph":[{"@type":"WebPage","@id":"https:\/\/www.sinchisinchi.com\/pt-pt\/producto\/tribo-piaroa-do-cacau-da-amazonia\/","url":"https:\/\/www.sinchisinchi.com\/pt-pt\/producto\/tribo-piaroa-do-cacau-da-amazonia\/","name":"Cacau Cerimonial da Amaz\u00f3nia, Tribo Piaroa","isPartOf":{"@id":"https:\/\/www.sinchisinchi.com\/pt-pt\/#website"},"primaryImageOfPage":{"@id":"https:\/\/www.sinchisinchi.com\/pt-pt\/producto\/tribo-piaroa-do-cacau-da-amazonia\/#primaryimage"},"image":{"@id":"https:\/\/www.sinchisinchi.com\/pt-pt\/producto\/tribo-piaroa-do-cacau-da-amazonia\/#primaryimage"},"thumbnailUrl":"https:\/\/www.sinchisinchi.com\/wp-content\/uploads\/2024\/05\/2-Cacao-Ceremonial1-1-1024x683-copia.jpg","datePublished":"2024-05-27T13:00:33+00:00","dateModified":"2025-01-31T16:03:00+00:00","description":"Cacau cerimonial da tribo nativa Piaroa, cultivado seguindo a tradi\u00e7\u00e3o ancestral transmitida de gera\u00e7\u00e3o em gera\u00e7\u00e3o.","breadcrumb":{"@id":"https:\/\/www.sinchisinchi.com\/pt-pt\/producto\/tribo-piaroa-do-cacau-da-amazonia\/#breadcrumb"},"inLanguage":"pt-PT","potentialAction":[{"@type":"ReadAction","target":["https:\/\/www.sinchisinchi.com\/pt-pt\/producto\/tribo-piaroa-do-cacau-da-amazonia\/"]}]},{"@type":"ImageObject","inLanguage":"pt-PT","@id":"https:\/\/www.sinchisinchi.com\/pt-pt\/producto\/tribo-piaroa-do-cacau-da-amazonia\/#primaryimage","url":"https:\/\/www.sinchisinchi.com\/wp-content\/uploads\/2024\/05\/2-Cacao-Ceremonial1-1-1024x683-copia.jpg","contentUrl":"https:\/\/www.sinchisinchi.com\/wp-content\/uploads\/2024\/05\/2-Cacao-Ceremonial1-1-1024x683-copia.jpg","width":1024,"height":683},{"@type":"BreadcrumbList","@id":"https:\/\/www.sinchisinchi.com\/pt-pt\/producto\/tribo-piaroa-do-cacau-da-amazonia\/#breadcrumb","itemListElement":[{"@type":"ListItem","position":1,"name":"Prima pagina","item":"https:\/\/www.sinchisinchi.com\/pt-pt\/"},{"@type":"ListItem","position":2,"name":"Produtos","item":"https:\/\/www.sinchisinchi.com\/pt-pt\/shop\/"},{"@type":"ListItem","position":3,"name":"Tribo Piaroa do Cacau da Amaz\u00f3nia"}]},{"@type":"WebSite","@id":"https:\/\/www.sinchisinchi.com\/pt-pt\/#website","url":"https:\/\/www.sinchisinchi.com\/pt-pt\/","name":"SINCHI","description":"Sinchi Medicine","publisher":{"@id":"https:\/\/www.sinchisinchi.com\/pt-pt\/#organization"},"potentialAction":[{"@type":"SearchAction","target":{"@type":"EntryPoint","urlTemplate":"https:\/\/www.sinchisinchi.com\/pt-pt\/?s={search_term_string}"},"query-input":{"@type":"PropertyValueSpecification","valueRequired":true,"valueName":"search_term_string"}}],"inLanguage":"pt-PT"},{"@type":"Organization","@id":"https:\/\/www.sinchisinchi.com\/pt-pt\/#organization","name":"SINCHI S.L","url":"https:\/\/www.sinchisinchi.com\/pt-pt\/","logo":{"@type":"ImageObject","inLanguage":"pt-PT","@id":"https:\/\/www.sinchisinchi.com\/pt-pt\/#\/schema\/logo\/image\/","url":"https:\/\/www.sinchisinchi.com\/wp-content\/uploads\/2026\/01\/3b-Verde-SIMPLIFICADO-HORIZONTAL-F-TRANSPARENTE-scaled.png","contentUrl":"https:\/\/www.sinchisinchi.com\/wp-content\/uploads\/2026\/01\/3b-Verde-SIMPLIFICADO-HORIZONTAL-F-TRANSPARENTE-scaled.png","width":2560,"height":457,"caption":"SINCHI S.L"},"image":{"@id":"https:\/\/www.sinchisinchi.com\/pt-pt\/#\/schema\/logo\/image\/"},"sameAs":["https:\/\/www.facebook.com\/sinchirape\/","https:\/\/www.instagram.com\/sinchi_rape\/"]}]}},"_links":{"self":[{"href":"https:\/\/www.sinchisinchi.com\/pt-pt\/wp-json\/wp\/v2\/product\/25380","targetHints":{"allow":["GET"]}}],"collection":[{"href":"https:\/\/www.sinchisinchi.com\/pt-pt\/wp-json\/wp\/v2\/product"}],"about":[{"href":"https:\/\/www.sinchisinchi.com\/pt-pt\/wp-json\/wp\/v2\/types\/product"}],"wp:featuredmedia":[{"embeddable":true,"href":"https:\/\/www.sinchisinchi.com\/pt-pt\/wp-json\/wp\/v2\/media\/24474"}],"wp:attachment":[{"href":"https:\/\/www.sinchisinchi.com\/pt-pt\/wp-json\/wp\/v2\/media?parent=25380"}],"wp:term":[{"taxonomy":"product_brand","embeddable":true,"href":"https:\/\/www.sinchisinchi.com\/pt-pt\/wp-json\/wp\/v2\/product_brand?post=25380"},{"taxonomy":"product_cat","embeddable":true,"href":"https:\/\/www.sinchisinchi.com\/pt-pt\/wp-json\/wp\/v2\/product_cat?post=25380"},{"taxonomy":"product_tag","embeddable":true,"href":"https:\/\/www.sinchisinchi.com\/pt-pt\/wp-json\/wp\/v2\/product_tag?post=25380"}],"curies":[{"name":"wp","href":"https:\/\/api.w.org\/{rel}","templated":true}]}}