{"id":25384,"date":"2024-05-27T12:47:53","date_gmt":"2024-05-27T12:47:53","guid":{"rendered":"https:\/\/www.sinchisinchi.com\/producto\/cogumelos-de-cacau-maias\/"},"modified":"2025-01-31T16:11:24","modified_gmt":"2025-01-31T16:11:24","slug":"cogumelos-de-cacau-maias","status":"publish","type":"product","link":"https:\/\/www.sinchisinchi.com\/pt-pt\/producto\/cogumelos-de-cacau-maias\/","title":{"rendered":"Cogumelos de cacau maias"},"content":{"rendered":"","protected":false},"excerpt":{"rendered":"<p>Cacau de qualidade cerimonial de antigas terras maias, com Chaga e uma mistura de especiarias tradicionais maias: pimenta de caiena, canela cel\u00edaca e baunilha.<\/p>\n<p><strong>Chaga (Inonotuus Obliquus):<\/strong> Tamb\u00e9m conhecido como &#8220;O Rei dos Cogumelos Medicinais&#8221;, \u00e9 um cogumelo n\u00e3o psicad\u00e9lico com poderosas propriedades ben\u00e9ficas para o<strong> sistema imunit\u00e1rio.<\/strong> \u00c9 nativa do hemisf\u00e9rio norte, onde as tribos siberianas e xam\u00e3s a utilizam h\u00e1 milhares de anos. Cont\u00e9m beta-glucanos, que ajudam a regular o sistema imunit\u00e1rio. A super\u00f3xido dismutase e a melanina s\u00e3o outros antioxidantes ben\u00e9ficos presentes no cogumelo Chaga.<\/p>\n<p><strong>Pimenta-caiena:<\/strong> potencia as propriedades do cacau, aumenta o fluxo sangu\u00edneo e a produ\u00e7\u00e3o natural de calor.<\/p>\n<p><strong>Canela do Ceil\u00e3o:<\/strong> Tradicionalmente utilizada para aumentar a circula\u00e7\u00e3o. \u00c9 rico em antioxidantes e cinamalde\u00eddo, com poderosas propriedades antif\u00fangicas e antibacterianas.<\/p>\n<p><strong>Baunilha:<\/strong> Tanto os astecas como os maias utilizavam a baunilha para real\u00e7ar as propriedades do cacau e como afrodis\u00edaco.<\/p>\n<p><strong>Tipo:<\/strong> Cacau de grau cerimonial.<\/p>\n<p><strong>Ingredientes:<\/strong> Cacau de grau cerimonial, Chaga (Inonotuus Obliquus), Pimenta de Caiena, Canela Celiana e Baunilha.<\/p>\n<p><strong>Origem:<\/strong> Tribos nativas maias do sul do Belize<\/p>\n<p><strong>Apresenta\u00e7\u00e3o:<\/strong> Bloco de cacau.<\/p>\n<p><strong>Tamanho:<\/strong> 500 gramas.<\/p>\n<p><strong>Armazenamento:<\/strong> Armazene em local fresco e seco, longe da luz solar direta.<\/p>\n","protected":false},"featured_media":25386,"template":"","meta":{"_joinchat":[]},"product_brand":[],"product_cat":[674,675],"product_tag":[],"class_list":{"0":"post-25384","1":"product","2":"type-product","3":"status-publish","4":"has-post-thumbnail","6":"product_cat-cacau","7":"product_cat-cerimonial","9":"first","10":"instock","11":"taxable","12":"shipping-taxable","13":"purchasable","14":"product-type-simple"},"yoast_head":"<!-- This site is optimized with the Yoast SEO plugin v27.4 - https:\/\/yoast.com\/product\/yoast-seo-wordpress\/ -->\n<title>Immune Maya Cacao: Chaga, Pimenta, Canela, Baunilha<\/title>\n<meta name=\"description\" content=\"Cacau cerimonial das terras maias, com Chaga e uma mistura de especiarias tradicionais maias: pimenta de caiena, canela cel\u00edaca e baunilha.\" \/>\n<meta name=\"robots\" content=\"index, follow, max-snippet:-1, max-image-preview:large, max-video-preview:-1\" \/>\n<link rel=\"canonical\" href=\"https:\/\/www.sinchisinchi.com\/pt-pt\/producto\/cogumelos-de-cacau-maias\/\" \/>\n<meta property=\"og:locale\" content=\"pt_PT\" \/>\n<meta property=\"og:type\" content=\"article\" \/>\n<meta property=\"og:title\" content=\"Immune Maya Cacao: Chaga, Pimenta, Canela, Baunilha\" \/>\n<meta property=\"og:description\" content=\"Cacau cerimonial das terras maias, com Chaga e uma mistura de especiarias tradicionais maias: pimenta de caiena, canela cel\u00edaca e baunilha.\" \/>\n<meta property=\"og:url\" content=\"https:\/\/www.sinchisinchi.com\/pt-pt\/producto\/cogumelos-de-cacau-maias\/\" \/>\n<meta property=\"og:site_name\" content=\"SINCHI RAP\u00c9\" \/>\n<meta property=\"article:publisher\" content=\"https:\/\/www.facebook.com\/sinchirape\/\" \/>\n<meta property=\"article:modified_time\" content=\"2025-01-31T16:11:24+00:00\" \/>\n<meta property=\"og:image\" content=\"https:\/\/www.sinchisinchi.com\/wp-content\/uploads\/2024\/05\/Cacao-ceremonial-taza1-1.jpeg\" \/>\n\t<meta property=\"og:image:width\" content=\"1024\" \/>\n\t<meta property=\"og:image:height\" content=\"683\" \/>\n\t<meta property=\"og:image:type\" content=\"image\/jpeg\" \/>\n<meta name=\"twitter:card\" content=\"summary_large_image\" \/>\n<script type=\"application\/ld+json\" class=\"yoast-schema-graph\">{\"@context\":\"https:\\\/\\\/schema.org\",\"@graph\":[{\"@type\":\"WebPage\",\"@id\":\"https:\\\/\\\/www.sinchisinchi.com\\\/pt-pt\\\/producto\\\/cogumelos-de-cacau-maias\\\/\",\"url\":\"https:\\\/\\\/www.sinchisinchi.com\\\/pt-pt\\\/producto\\\/cogumelos-de-cacau-maias\\\/\",\"name\":\"Immune Maya Cacao: Chaga, Pimenta, Canela, Baunilha\",\"isPartOf\":{\"@id\":\"https:\\\/\\\/www.sinchisinchi.com\\\/pt-pt\\\/#website\"},\"primaryImageOfPage\":{\"@id\":\"https:\\\/\\\/www.sinchisinchi.com\\\/pt-pt\\\/producto\\\/cogumelos-de-cacau-maias\\\/#primaryimage\"},\"image\":{\"@id\":\"https:\\\/\\\/www.sinchisinchi.com\\\/pt-pt\\\/producto\\\/cogumelos-de-cacau-maias\\\/#primaryimage\"},\"thumbnailUrl\":\"https:\\\/\\\/www.sinchisinchi.com\\\/wp-content\\\/uploads\\\/2024\\\/05\\\/Cacao-ceremonial-taza1-1.jpeg\",\"datePublished\":\"2024-05-27T12:47:53+00:00\",\"dateModified\":\"2025-01-31T16:11:24+00:00\",\"description\":\"Cacau cerimonial das terras maias, com Chaga e uma mistura de especiarias tradicionais maias: pimenta de caiena, canela cel\u00edaca e baunilha.\",\"breadcrumb\":{\"@id\":\"https:\\\/\\\/www.sinchisinchi.com\\\/pt-pt\\\/producto\\\/cogumelos-de-cacau-maias\\\/#breadcrumb\"},\"inLanguage\":\"pt-PT\",\"potentialAction\":[{\"@type\":\"ReadAction\",\"target\":[\"https:\\\/\\\/www.sinchisinchi.com\\\/pt-pt\\\/producto\\\/cogumelos-de-cacau-maias\\\/\"]}]},{\"@type\":\"ImageObject\",\"inLanguage\":\"pt-PT\",\"@id\":\"https:\\\/\\\/www.sinchisinchi.com\\\/pt-pt\\\/producto\\\/cogumelos-de-cacau-maias\\\/#primaryimage\",\"url\":\"https:\\\/\\\/www.sinchisinchi.com\\\/wp-content\\\/uploads\\\/2024\\\/05\\\/Cacao-ceremonial-taza1-1.jpeg\",\"contentUrl\":\"https:\\\/\\\/www.sinchisinchi.com\\\/wp-content\\\/uploads\\\/2024\\\/05\\\/Cacao-ceremonial-taza1-1.jpeg\",\"width\":1024,\"height\":683},{\"@type\":\"BreadcrumbList\",\"@id\":\"https:\\\/\\\/www.sinchisinchi.com\\\/pt-pt\\\/producto\\\/cogumelos-de-cacau-maias\\\/#breadcrumb\",\"itemListElement\":[{\"@type\":\"ListItem\",\"position\":1,\"name\":\"Prima pagina\",\"item\":\"https:\\\/\\\/www.sinchisinchi.com\\\/pt-pt\\\/\"},{\"@type\":\"ListItem\",\"position\":2,\"name\":\"Produtos\",\"item\":\"https:\\\/\\\/www.sinchisinchi.com\\\/pt-pt\\\/shop\\\/\"},{\"@type\":\"ListItem\",\"position\":3,\"name\":\"Cogumelos de cacau maias\"}]},{\"@type\":\"WebSite\",\"@id\":\"https:\\\/\\\/www.sinchisinchi.com\\\/pt-pt\\\/#website\",\"url\":\"https:\\\/\\\/www.sinchisinchi.com\\\/pt-pt\\\/\",\"name\":\"SINCHI\",\"description\":\"Sinchi Medicine\",\"publisher\":{\"@id\":\"https:\\\/\\\/www.sinchisinchi.com\\\/pt-pt\\\/#organization\"},\"potentialAction\":[{\"@type\":\"SearchAction\",\"target\":{\"@type\":\"EntryPoint\",\"urlTemplate\":\"https:\\\/\\\/www.sinchisinchi.com\\\/pt-pt\\\/?s={search_term_string}\"},\"query-input\":{\"@type\":\"PropertyValueSpecification\",\"valueRequired\":true,\"valueName\":\"search_term_string\"}}],\"inLanguage\":\"pt-PT\"},{\"@type\":\"Organization\",\"@id\":\"https:\\\/\\\/www.sinchisinchi.com\\\/pt-pt\\\/#organization\",\"name\":\"SINCHI S.L\",\"url\":\"https:\\\/\\\/www.sinchisinchi.com\\\/pt-pt\\\/\",\"logo\":{\"@type\":\"ImageObject\",\"inLanguage\":\"pt-PT\",\"@id\":\"https:\\\/\\\/www.sinchisinchi.com\\\/pt-pt\\\/#\\\/schema\\\/logo\\\/image\\\/\",\"url\":\"https:\\\/\\\/www.sinchisinchi.com\\\/wp-content\\\/uploads\\\/2026\\\/01\\\/3b-Verde-SIMPLIFICADO-HORIZONTAL-F-TRANSPARENTE-scaled.png\",\"contentUrl\":\"https:\\\/\\\/www.sinchisinchi.com\\\/wp-content\\\/uploads\\\/2026\\\/01\\\/3b-Verde-SIMPLIFICADO-HORIZONTAL-F-TRANSPARENTE-scaled.png\",\"width\":2560,\"height\":457,\"caption\":\"SINCHI S.L\"},\"image\":{\"@id\":\"https:\\\/\\\/www.sinchisinchi.com\\\/pt-pt\\\/#\\\/schema\\\/logo\\\/image\\\/\"},\"sameAs\":[\"https:\\\/\\\/www.facebook.com\\\/sinchirape\\\/\",\"https:\\\/\\\/www.instagram.com\\\/sinchi_rape\\\/\"]}]}<\/script>\n<!-- \/ Yoast SEO plugin. -->","yoast_head_json":{"title":"Immune Maya Cacao: Chaga, Pimenta, Canela, Baunilha","description":"Cacau cerimonial das terras maias, com Chaga e uma mistura de especiarias tradicionais maias: pimenta de caiena, canela cel\u00edaca e baunilha.","robots":{"index":"index","follow":"follow","max-snippet":"max-snippet:-1","max-image-preview":"max-image-preview:large","max-video-preview":"max-video-preview:-1"},"canonical":"https:\/\/www.sinchisinchi.com\/pt-pt\/producto\/cogumelos-de-cacau-maias\/","og_locale":"pt_PT","og_type":"article","og_title":"Immune Maya Cacao: Chaga, Pimenta, Canela, Baunilha","og_description":"Cacau cerimonial das terras maias, com Chaga e uma mistura de especiarias tradicionais maias: pimenta de caiena, canela cel\u00edaca e baunilha.","og_url":"https:\/\/www.sinchisinchi.com\/pt-pt\/producto\/cogumelos-de-cacau-maias\/","og_site_name":"SINCHI RAP\u00c9","article_publisher":"https:\/\/www.facebook.com\/sinchirape\/","article_modified_time":"2025-01-31T16:11:24+00:00","og_image":[{"width":1024,"height":683,"url":"https:\/\/www.sinchisinchi.com\/wp-content\/uploads\/2024\/05\/Cacao-ceremonial-taza1-1.jpeg","type":"image\/jpeg"}],"twitter_card":"summary_large_image","schema":{"@context":"https:\/\/schema.org","@graph":[{"@type":"WebPage","@id":"https:\/\/www.sinchisinchi.com\/pt-pt\/producto\/cogumelos-de-cacau-maias\/","url":"https:\/\/www.sinchisinchi.com\/pt-pt\/producto\/cogumelos-de-cacau-maias\/","name":"Immune Maya Cacao: Chaga, Pimenta, Canela, Baunilha","isPartOf":{"@id":"https:\/\/www.sinchisinchi.com\/pt-pt\/#website"},"primaryImageOfPage":{"@id":"https:\/\/www.sinchisinchi.com\/pt-pt\/producto\/cogumelos-de-cacau-maias\/#primaryimage"},"image":{"@id":"https:\/\/www.sinchisinchi.com\/pt-pt\/producto\/cogumelos-de-cacau-maias\/#primaryimage"},"thumbnailUrl":"https:\/\/www.sinchisinchi.com\/wp-content\/uploads\/2024\/05\/Cacao-ceremonial-taza1-1.jpeg","datePublished":"2024-05-27T12:47:53+00:00","dateModified":"2025-01-31T16:11:24+00:00","description":"Cacau cerimonial das terras maias, com Chaga e uma mistura de especiarias tradicionais maias: pimenta de caiena, canela cel\u00edaca e baunilha.","breadcrumb":{"@id":"https:\/\/www.sinchisinchi.com\/pt-pt\/producto\/cogumelos-de-cacau-maias\/#breadcrumb"},"inLanguage":"pt-PT","potentialAction":[{"@type":"ReadAction","target":["https:\/\/www.sinchisinchi.com\/pt-pt\/producto\/cogumelos-de-cacau-maias\/"]}]},{"@type":"ImageObject","inLanguage":"pt-PT","@id":"https:\/\/www.sinchisinchi.com\/pt-pt\/producto\/cogumelos-de-cacau-maias\/#primaryimage","url":"https:\/\/www.sinchisinchi.com\/wp-content\/uploads\/2024\/05\/Cacao-ceremonial-taza1-1.jpeg","contentUrl":"https:\/\/www.sinchisinchi.com\/wp-content\/uploads\/2024\/05\/Cacao-ceremonial-taza1-1.jpeg","width":1024,"height":683},{"@type":"BreadcrumbList","@id":"https:\/\/www.sinchisinchi.com\/pt-pt\/producto\/cogumelos-de-cacau-maias\/#breadcrumb","itemListElement":[{"@type":"ListItem","position":1,"name":"Prima pagina","item":"https:\/\/www.sinchisinchi.com\/pt-pt\/"},{"@type":"ListItem","position":2,"name":"Produtos","item":"https:\/\/www.sinchisinchi.com\/pt-pt\/shop\/"},{"@type":"ListItem","position":3,"name":"Cogumelos de cacau maias"}]},{"@type":"WebSite","@id":"https:\/\/www.sinchisinchi.com\/pt-pt\/#website","url":"https:\/\/www.sinchisinchi.com\/pt-pt\/","name":"SINCHI","description":"Sinchi Medicine","publisher":{"@id":"https:\/\/www.sinchisinchi.com\/pt-pt\/#organization"},"potentialAction":[{"@type":"SearchAction","target":{"@type":"EntryPoint","urlTemplate":"https:\/\/www.sinchisinchi.com\/pt-pt\/?s={search_term_string}"},"query-input":{"@type":"PropertyValueSpecification","valueRequired":true,"valueName":"search_term_string"}}],"inLanguage":"pt-PT"},{"@type":"Organization","@id":"https:\/\/www.sinchisinchi.com\/pt-pt\/#organization","name":"SINCHI S.L","url":"https:\/\/www.sinchisinchi.com\/pt-pt\/","logo":{"@type":"ImageObject","inLanguage":"pt-PT","@id":"https:\/\/www.sinchisinchi.com\/pt-pt\/#\/schema\/logo\/image\/","url":"https:\/\/www.sinchisinchi.com\/wp-content\/uploads\/2026\/01\/3b-Verde-SIMPLIFICADO-HORIZONTAL-F-TRANSPARENTE-scaled.png","contentUrl":"https:\/\/www.sinchisinchi.com\/wp-content\/uploads\/2026\/01\/3b-Verde-SIMPLIFICADO-HORIZONTAL-F-TRANSPARENTE-scaled.png","width":2560,"height":457,"caption":"SINCHI S.L"},"image":{"@id":"https:\/\/www.sinchisinchi.com\/pt-pt\/#\/schema\/logo\/image\/"},"sameAs":["https:\/\/www.facebook.com\/sinchirape\/","https:\/\/www.instagram.com\/sinchi_rape\/"]}]}},"_links":{"self":[{"href":"https:\/\/www.sinchisinchi.com\/pt-pt\/wp-json\/wp\/v2\/product\/25384","targetHints":{"allow":["GET"]}}],"collection":[{"href":"https:\/\/www.sinchisinchi.com\/pt-pt\/wp-json\/wp\/v2\/product"}],"about":[{"href":"https:\/\/www.sinchisinchi.com\/pt-pt\/wp-json\/wp\/v2\/types\/product"}],"wp:featuredmedia":[{"embeddable":true,"href":"https:\/\/www.sinchisinchi.com\/pt-pt\/wp-json\/wp\/v2\/media\/25386"}],"wp:attachment":[{"href":"https:\/\/www.sinchisinchi.com\/pt-pt\/wp-json\/wp\/v2\/media?parent=25384"}],"wp:term":[{"taxonomy":"product_brand","embeddable":true,"href":"https:\/\/www.sinchisinchi.com\/pt-pt\/wp-json\/wp\/v2\/product_brand?post=25384"},{"taxonomy":"product_cat","embeddable":true,"href":"https:\/\/www.sinchisinchi.com\/pt-pt\/wp-json\/wp\/v2\/product_cat?post=25384"},{"taxonomy":"product_tag","embeddable":true,"href":"https:\/\/www.sinchisinchi.com\/pt-pt\/wp-json\/wp\/v2\/product_tag?post=25384"}],"curies":[{"name":"wp","href":"https:\/\/api.w.org\/{rel}","templated":true}]}}