{"id":25398,"date":"2024-05-27T12:25:28","date_gmt":"2024-05-27T12:25:28","guid":{"rendered":"https:\/\/www.sinchisinchi.com\/producto\/cacau-cerimonial-receita-da-paixao\/"},"modified":"2025-01-31T16:34:42","modified_gmt":"2025-01-31T16:34:42","slug":"cacau-cerimonial-receita-da-paixao","status":"publish","type":"product","link":"https:\/\/www.sinchisinchi.com\/pt-pt\/producto\/cacau-cerimonial-receita-da-paixao\/","title":{"rendered":"Cacau Cerimonial &#8220;Receita da Paix\u00e3o&#8221;"},"content":{"rendered":"<h2 style=\"text-align: center;\"><strong>Rosas, propriedades espirituais:<\/strong><\/h2>\n<p>O cultivo de rosas come\u00e7ou na \u00c1sia h\u00e1 cerca de 5000 anos e, desde ent\u00e3o, t\u00eam sido um s\u00edmbolo de amor, romance, pureza, devo\u00e7\u00e3o, beleza e espiritualidade.<\/p>\n<p>No mito de Ad\u00f3nis (uma divindade fen\u00edcia de Tiro), o sangue derramado quando foi ferido por um javali faz com que as rosas vermelhas brotem ou as torna vermelhas.<\/p>\n<p>A rosa \u00e9 feminina, est\u00e1 relacionada com o planeta V\u00e9nus e com o elemento \u00e1gua.<\/p>\n<p>Os deuses ligados \u00e0 rosa s\u00e3o Hathor, Hulda, Eros, Cupido, Dem\u00e9ter, \u00cdsis, Harp\u00f3crates e Aurora.<\/p>\n<p>Tradicionalmente, \u00e9 utilizado pelas suas propriedades relacionadas com o amor, poderes ps\u00edquicos, cura, adivinha\u00e7\u00e3o amorosa, boa sorte e prote\u00e7\u00e3o.<\/p>\n","protected":false},"excerpt":{"rendered":"<p>Cacau de qualidade cerimonial de antigas terras maias, com Mucuma Puriens, rosas e baunilha.<\/p>\n<p><strong>A Mucuna Pruriens<\/strong> \u00e9 uma erva que tem sido utilizada pelas tribos ind\u00edgenas h\u00e1 milhares de anos como potenciadora do humor e superalimento. A <strong>dopamina<\/strong> \u00e9 um neurotransmissor ligado a sentimentos de<strong> alegria e felicidade;\u00a0<\/strong>A Mucuna Pruriens \u00e9 uma das \u00fanicas fontes naturais de <strong>L-Dopa,<\/strong> um amino\u00e1cido natural que \u00e9 transformado em dopamina no c\u00e9rebro. Este feij\u00e3o melhora a capacidade cognitiva, a fun\u00e7\u00e3o sexual e o estado emocional.<\/p>\n<p>A rosa \u00e9 uma flor repleta de simbolismo e propriedades espirituais: segundo a mitologia grega, o seu nascimento foi o resultado de uma gota de sangue de V\u00e9nus e outra de Ad\u00f3nis. Devido \u00e0 sua grande beleza e \u00e0 fragilidade das suas p\u00e9talas, \u00e9 um s\u00edmbolo de amor, vida, feminilidade, cria\u00e7\u00e3o e conex\u00e3o espiritual.<\/p>\n<p>&nbsp;<\/p>\n<p><strong>Tipo:<\/strong> Cacau de grau cerimonial.<\/p>\n<p><strong>Ingredientes:<\/strong> Cacau de grau cerimonial, Mucuna Pruriens, Baunilha e Rosas. Origem: Antigas terras maias.<\/p>\n<p><strong>Apresenta\u00e7\u00e3o:<\/strong> Bloco de cacau.<\/p>\n<p><strong>Tamanho:<\/strong> 500 gramas.<\/p>\n<p><strong>Armazenamento:<\/strong> Armazene em local fresco e seco, longe da luz solar direta.<\/p>\n","protected":false},"featured_media":25400,"template":"","meta":{"_joinchat":[]},"product_brand":[],"product_cat":[674,675],"product_tag":[],"class_list":{"0":"post-25398","1":"product","2":"type-product","3":"status-publish","4":"has-post-thumbnail","6":"product_cat-cacau","7":"product_cat-cerimonial","9":"first","10":"instock","11":"taxable","12":"shipping-taxable","13":"purchasable","14":"product-type-simple"},"yoast_head":"<!-- This site is optimized with the Yoast SEO plugin v27.1.1 - https:\/\/yoast.com\/product\/yoast-seo-wordpress\/ -->\n<title>Maya Passion Cacao: Mucuma, Rosas e Baunilha<\/title>\n<meta name=\"description\" content=\"Cacau cerimonial maia: O cacau teve uma grande import\u00e2ncia nas civiliza\u00e7\u00f5es Tolteca, Azteca e Maia, onde se tornou t\u00e3o valioso como o ouro.\" \/>\n<meta name=\"robots\" content=\"index, follow, max-snippet:-1, max-image-preview:large, max-video-preview:-1\" \/>\n<link rel=\"canonical\" href=\"https:\/\/www.sinchisinchi.com\/pt-pt\/producto\/cacau-cerimonial-receita-da-paixao\/\" \/>\n<meta property=\"og:locale\" content=\"pt_PT\" \/>\n<meta property=\"og:type\" content=\"article\" \/>\n<meta property=\"og:title\" content=\"Maya Passion Cacao: Mucuma, Rosas e Baunilha\" \/>\n<meta property=\"og:description\" content=\"Cacau cerimonial maia: O cacau teve uma grande import\u00e2ncia nas civiliza\u00e7\u00f5es Tolteca, Azteca e Maia, onde se tornou t\u00e3o valioso como o ouro.\" \/>\n<meta property=\"og:url\" content=\"https:\/\/www.sinchisinchi.com\/pt-pt\/producto\/cacau-cerimonial-receita-da-paixao\/\" \/>\n<meta property=\"og:site_name\" content=\"SINCHI RAP\u00c9\" \/>\n<meta property=\"article:publisher\" content=\"https:\/\/www.facebook.com\/sinchirape\/\" \/>\n<meta property=\"article:modified_time\" content=\"2025-01-31T16:34:42+00:00\" \/>\n<meta property=\"og:image\" content=\"https:\/\/www.sinchisinchi.com\/wp-content\/uploads\/2024\/05\/2-Cacao-Ceremonial1-1.webp\" \/>\n\t<meta property=\"og:image:width\" content=\"2048\" \/>\n\t<meta property=\"og:image:height\" content=\"1365\" \/>\n\t<meta property=\"og:image:type\" content=\"image\/webp\" \/>\n<meta name=\"twitter:card\" content=\"summary_large_image\" \/>\n<meta name=\"twitter:label1\" content=\"Tempo estimado de leitura\" \/>\n\t<meta name=\"twitter:data1\" content=\"1 minuto\" \/>\n<script type=\"application\/ld+json\" class=\"yoast-schema-graph\">{\"@context\":\"https:\/\/schema.org\",\"@graph\":[{\"@type\":\"WebPage\",\"@id\":\"https:\/\/www.sinchisinchi.com\/pt-pt\/producto\/cacau-cerimonial-receita-da-paixao\/\",\"url\":\"https:\/\/www.sinchisinchi.com\/pt-pt\/producto\/cacau-cerimonial-receita-da-paixao\/\",\"name\":\"Maya Passion Cacao: Mucuma, Rosas e Baunilha\",\"isPartOf\":{\"@id\":\"https:\/\/www.sinchisinchi.com\/pt-pt\/#website\"},\"primaryImageOfPage\":{\"@id\":\"https:\/\/www.sinchisinchi.com\/pt-pt\/producto\/cacau-cerimonial-receita-da-paixao\/#primaryimage\"},\"image\":{\"@id\":\"https:\/\/www.sinchisinchi.com\/pt-pt\/producto\/cacau-cerimonial-receita-da-paixao\/#primaryimage\"},\"thumbnailUrl\":\"https:\/\/www.sinchisinchi.com\/wp-content\/uploads\/2024\/05\/2-Cacao-Ceremonial1-1.webp\",\"datePublished\":\"2024-05-27T12:25:28+00:00\",\"dateModified\":\"2025-01-31T16:34:42+00:00\",\"description\":\"Cacau cerimonial maia: O cacau teve uma grande import\u00e2ncia nas civiliza\u00e7\u00f5es Tolteca, Azteca e Maia, onde se tornou t\u00e3o valioso como o ouro.\",\"breadcrumb\":{\"@id\":\"https:\/\/www.sinchisinchi.com\/pt-pt\/producto\/cacau-cerimonial-receita-da-paixao\/#breadcrumb\"},\"inLanguage\":\"pt-PT\",\"potentialAction\":[{\"@type\":\"ReadAction\",\"target\":[\"https:\/\/www.sinchisinchi.com\/pt-pt\/producto\/cacau-cerimonial-receita-da-paixao\/\"]}]},{\"@type\":\"ImageObject\",\"inLanguage\":\"pt-PT\",\"@id\":\"https:\/\/www.sinchisinchi.com\/pt-pt\/producto\/cacau-cerimonial-receita-da-paixao\/#primaryimage\",\"url\":\"https:\/\/www.sinchisinchi.com\/wp-content\/uploads\/2024\/05\/2-Cacao-Ceremonial1-1.webp\",\"contentUrl\":\"https:\/\/www.sinchisinchi.com\/wp-content\/uploads\/2024\/05\/2-Cacao-Ceremonial1-1.webp\",\"width\":2048,\"height\":1365,\"caption\":\"Imagem Cerimonial de Cacau\"},{\"@type\":\"BreadcrumbList\",\"@id\":\"https:\/\/www.sinchisinchi.com\/pt-pt\/producto\/cacau-cerimonial-receita-da-paixao\/#breadcrumb\",\"itemListElement\":[{\"@type\":\"ListItem\",\"position\":1,\"name\":\"Prima pagina\",\"item\":\"https:\/\/www.sinchisinchi.com\/pt-pt\/\"},{\"@type\":\"ListItem\",\"position\":2,\"name\":\"Produtos\",\"item\":\"https:\/\/www.sinchisinchi.com\/pt-pt\/shop\/\"},{\"@type\":\"ListItem\",\"position\":3,\"name\":\"Cacau Cerimonial &#8220;Receita da Paix\u00e3o&#8221;\"}]},{\"@type\":\"WebSite\",\"@id\":\"https:\/\/www.sinchisinchi.com\/pt-pt\/#website\",\"url\":\"https:\/\/www.sinchisinchi.com\/pt-pt\/\",\"name\":\"SINCHI\",\"description\":\"Sinchi Medicine\",\"publisher\":{\"@id\":\"https:\/\/www.sinchisinchi.com\/pt-pt\/#organization\"},\"potentialAction\":[{\"@type\":\"SearchAction\",\"target\":{\"@type\":\"EntryPoint\",\"urlTemplate\":\"https:\/\/www.sinchisinchi.com\/pt-pt\/?s={search_term_string}\"},\"query-input\":{\"@type\":\"PropertyValueSpecification\",\"valueRequired\":true,\"valueName\":\"search_term_string\"}}],\"inLanguage\":\"pt-PT\"},{\"@type\":\"Organization\",\"@id\":\"https:\/\/www.sinchisinchi.com\/pt-pt\/#organization\",\"name\":\"SINCHI S.L\",\"url\":\"https:\/\/www.sinchisinchi.com\/pt-pt\/\",\"logo\":{\"@type\":\"ImageObject\",\"inLanguage\":\"pt-PT\",\"@id\":\"https:\/\/www.sinchisinchi.com\/pt-pt\/#\/schema\/logo\/image\/\",\"url\":\"https:\/\/www.sinchisinchi.com\/wp-content\/uploads\/2026\/01\/3b-Verde-SIMPLIFICADO-HORIZONTAL-F-TRANSPARENTE-scaled.png\",\"contentUrl\":\"https:\/\/www.sinchisinchi.com\/wp-content\/uploads\/2026\/01\/3b-Verde-SIMPLIFICADO-HORIZONTAL-F-TRANSPARENTE-scaled.png\",\"width\":2560,\"height\":457,\"caption\":\"SINCHI S.L\"},\"image\":{\"@id\":\"https:\/\/www.sinchisinchi.com\/pt-pt\/#\/schema\/logo\/image\/\"},\"sameAs\":[\"https:\/\/www.facebook.com\/sinchirape\/\",\"https:\/\/www.instagram.com\/sinchi_rape\/\"]}]}<\/script>\n<!-- \/ Yoast SEO plugin. -->","yoast_head_json":{"title":"Maya Passion Cacao: Mucuma, Rosas e Baunilha","description":"Cacau cerimonial maia: O cacau teve uma grande import\u00e2ncia nas civiliza\u00e7\u00f5es Tolteca, Azteca e Maia, onde se tornou t\u00e3o valioso como o ouro.","robots":{"index":"index","follow":"follow","max-snippet":"max-snippet:-1","max-image-preview":"max-image-preview:large","max-video-preview":"max-video-preview:-1"},"canonical":"https:\/\/www.sinchisinchi.com\/pt-pt\/producto\/cacau-cerimonial-receita-da-paixao\/","og_locale":"pt_PT","og_type":"article","og_title":"Maya Passion Cacao: Mucuma, Rosas e Baunilha","og_description":"Cacau cerimonial maia: O cacau teve uma grande import\u00e2ncia nas civiliza\u00e7\u00f5es Tolteca, Azteca e Maia, onde se tornou t\u00e3o valioso como o ouro.","og_url":"https:\/\/www.sinchisinchi.com\/pt-pt\/producto\/cacau-cerimonial-receita-da-paixao\/","og_site_name":"SINCHI RAP\u00c9","article_publisher":"https:\/\/www.facebook.com\/sinchirape\/","article_modified_time":"2025-01-31T16:34:42+00:00","og_image":[{"width":2048,"height":1365,"url":"https:\/\/www.sinchisinchi.com\/wp-content\/uploads\/2024\/05\/2-Cacao-Ceremonial1-1.webp","type":"image\/webp"}],"twitter_card":"summary_large_image","twitter_misc":{"Tempo estimado de leitura":"1 minuto"},"schema":{"@context":"https:\/\/schema.org","@graph":[{"@type":"WebPage","@id":"https:\/\/www.sinchisinchi.com\/pt-pt\/producto\/cacau-cerimonial-receita-da-paixao\/","url":"https:\/\/www.sinchisinchi.com\/pt-pt\/producto\/cacau-cerimonial-receita-da-paixao\/","name":"Maya Passion Cacao: Mucuma, Rosas e Baunilha","isPartOf":{"@id":"https:\/\/www.sinchisinchi.com\/pt-pt\/#website"},"primaryImageOfPage":{"@id":"https:\/\/www.sinchisinchi.com\/pt-pt\/producto\/cacau-cerimonial-receita-da-paixao\/#primaryimage"},"image":{"@id":"https:\/\/www.sinchisinchi.com\/pt-pt\/producto\/cacau-cerimonial-receita-da-paixao\/#primaryimage"},"thumbnailUrl":"https:\/\/www.sinchisinchi.com\/wp-content\/uploads\/2024\/05\/2-Cacao-Ceremonial1-1.webp","datePublished":"2024-05-27T12:25:28+00:00","dateModified":"2025-01-31T16:34:42+00:00","description":"Cacau cerimonial maia: O cacau teve uma grande import\u00e2ncia nas civiliza\u00e7\u00f5es Tolteca, Azteca e Maia, onde se tornou t\u00e3o valioso como o ouro.","breadcrumb":{"@id":"https:\/\/www.sinchisinchi.com\/pt-pt\/producto\/cacau-cerimonial-receita-da-paixao\/#breadcrumb"},"inLanguage":"pt-PT","potentialAction":[{"@type":"ReadAction","target":["https:\/\/www.sinchisinchi.com\/pt-pt\/producto\/cacau-cerimonial-receita-da-paixao\/"]}]},{"@type":"ImageObject","inLanguage":"pt-PT","@id":"https:\/\/www.sinchisinchi.com\/pt-pt\/producto\/cacau-cerimonial-receita-da-paixao\/#primaryimage","url":"https:\/\/www.sinchisinchi.com\/wp-content\/uploads\/2024\/05\/2-Cacao-Ceremonial1-1.webp","contentUrl":"https:\/\/www.sinchisinchi.com\/wp-content\/uploads\/2024\/05\/2-Cacao-Ceremonial1-1.webp","width":2048,"height":1365,"caption":"Imagem Cerimonial de Cacau"},{"@type":"BreadcrumbList","@id":"https:\/\/www.sinchisinchi.com\/pt-pt\/producto\/cacau-cerimonial-receita-da-paixao\/#breadcrumb","itemListElement":[{"@type":"ListItem","position":1,"name":"Prima pagina","item":"https:\/\/www.sinchisinchi.com\/pt-pt\/"},{"@type":"ListItem","position":2,"name":"Produtos","item":"https:\/\/www.sinchisinchi.com\/pt-pt\/shop\/"},{"@type":"ListItem","position":3,"name":"Cacau Cerimonial &#8220;Receita da Paix\u00e3o&#8221;"}]},{"@type":"WebSite","@id":"https:\/\/www.sinchisinchi.com\/pt-pt\/#website","url":"https:\/\/www.sinchisinchi.com\/pt-pt\/","name":"SINCHI","description":"Sinchi Medicine","publisher":{"@id":"https:\/\/www.sinchisinchi.com\/pt-pt\/#organization"},"potentialAction":[{"@type":"SearchAction","target":{"@type":"EntryPoint","urlTemplate":"https:\/\/www.sinchisinchi.com\/pt-pt\/?s={search_term_string}"},"query-input":{"@type":"PropertyValueSpecification","valueRequired":true,"valueName":"search_term_string"}}],"inLanguage":"pt-PT"},{"@type":"Organization","@id":"https:\/\/www.sinchisinchi.com\/pt-pt\/#organization","name":"SINCHI S.L","url":"https:\/\/www.sinchisinchi.com\/pt-pt\/","logo":{"@type":"ImageObject","inLanguage":"pt-PT","@id":"https:\/\/www.sinchisinchi.com\/pt-pt\/#\/schema\/logo\/image\/","url":"https:\/\/www.sinchisinchi.com\/wp-content\/uploads\/2026\/01\/3b-Verde-SIMPLIFICADO-HORIZONTAL-F-TRANSPARENTE-scaled.png","contentUrl":"https:\/\/www.sinchisinchi.com\/wp-content\/uploads\/2026\/01\/3b-Verde-SIMPLIFICADO-HORIZONTAL-F-TRANSPARENTE-scaled.png","width":2560,"height":457,"caption":"SINCHI S.L"},"image":{"@id":"https:\/\/www.sinchisinchi.com\/pt-pt\/#\/schema\/logo\/image\/"},"sameAs":["https:\/\/www.facebook.com\/sinchirape\/","https:\/\/www.instagram.com\/sinchi_rape\/"]}]}},"_links":{"self":[{"href":"https:\/\/www.sinchisinchi.com\/pt-pt\/wp-json\/wp\/v2\/product\/25398","targetHints":{"allow":["GET"]}}],"collection":[{"href":"https:\/\/www.sinchisinchi.com\/pt-pt\/wp-json\/wp\/v2\/product"}],"about":[{"href":"https:\/\/www.sinchisinchi.com\/pt-pt\/wp-json\/wp\/v2\/types\/product"}],"wp:featuredmedia":[{"embeddable":true,"href":"https:\/\/www.sinchisinchi.com\/pt-pt\/wp-json\/wp\/v2\/media\/25400"}],"wp:attachment":[{"href":"https:\/\/www.sinchisinchi.com\/pt-pt\/wp-json\/wp\/v2\/media?parent=25398"}],"wp:term":[{"taxonomy":"product_brand","embeddable":true,"href":"https:\/\/www.sinchisinchi.com\/pt-pt\/wp-json\/wp\/v2\/product_brand?post=25398"},{"taxonomy":"product_cat","embeddable":true,"href":"https:\/\/www.sinchisinchi.com\/pt-pt\/wp-json\/wp\/v2\/product_cat?post=25398"},{"taxonomy":"product_tag","embeddable":true,"href":"https:\/\/www.sinchisinchi.com\/pt-pt\/wp-json\/wp\/v2\/product_tag?post=25398"}],"curies":[{"name":"wp","href":"https:\/\/api.w.org\/{rel}","templated":true}]}}