{"id":25405,"date":"2024-05-27T12:14:26","date_gmt":"2024-05-27T12:14:26","guid":{"rendered":"https:\/\/www.sinchisinchi.com\/producto\/cacau-cerimonial-fogo-interior\/"},"modified":"2025-01-31T17:10:53","modified_gmt":"2025-01-31T17:10:53","slug":"cacau-cerimonial-fogo-interior","status":"publish","type":"product","link":"https:\/\/www.sinchisinchi.com\/pt-pt\/producto\/cacau-cerimonial-fogo-interior\/","title":{"rendered":"Cacau Cerimonial &#8220;Fogo Interior&#8221;"},"content":{"rendered":"<p style=\"font-weight: 400;\">\n<h3 style=\"text-align: center;\"><strong>Povo nativo Q&#8217;eqchi&#8217;<\/strong><\/h3>\n<p>Q&#8217;eqchi&#8217; \u00e9 um povo Maia que ainda existe na Guatemala. Estabeleceram-se nos arredores de algumas colinas perto dos rios Chixoy e Polochic aproximadamente no ano 600 a.C., e tiveram contacto com civiliza\u00e7\u00f5es antigas como os Pipil, Tolteca, Chichimeca e as grandes cidades Maias.<\/p>\n<p>O kakaw \u00e9 uma bebida antiga do povo maia Q&#8217;eqchi&#8217;, utilizada em muitas cerim\u00f3nias maias.<\/p>\n<p>Na regi\u00e3o montanhosa de Alta Verapaz, na Guatemala, os agricultores ind\u00edgenas Q&#8217;eqchi cultivam alguns dos melhores cacaus do mundo.<\/p>\n<p>Na Eco-regi\u00e3o de Lachu\u00e1, existe uma bela lagoa considerada Parque Nacional desde 1976: a Lagoa de Lachu\u00e1, em redor da qual vivem in\u00fameras fam\u00edlias maias Q&#8217;eqchi&#8217;, que se dedicam sobretudo ao cultivo do cacau.<\/p>\n<p>At\u00e9 \u00e0 chegada dos espanh\u00f3is, eram governados por chefes que, por sua vez, dependiam de um grande senhor eleito por todos os chefes.<\/p>\n<p>Os s\u00edtios arqueol\u00f3gicos com sinais de constru\u00e7\u00e3o em pedra jateada s\u00e3o Chajkar, Chimax, Chinama, Ku\u2019k\u2019uch em Chinapet\u00e9n e atr\u00e1s do Calv\u00e1rio de San Pedro Carch\u00e1. O Calv\u00e1rio de Cob\u00e1n \u00e9 um dos mais importantes centros cerimoniais maias.<\/p>\n<p>A principal atividade econ\u00f3mica \u00e9 representada pela agricultura; Planta-se milho e feij\u00e3o, que constituem a alimenta\u00e7\u00e3o da fam\u00edlia, complementados pela cria\u00e7\u00e3o de aves, porcos e outros animais dom\u00e9sticos.<\/p>\n<p>O seu nome escreve-se Kekch\u00ed (de acordo com a grafia actual) ou Q&#8217;eqchi&#8217; (de acordo com a grafia antiga).<\/p>\n<h3 style=\"text-align: center;\"><strong>Povo Nativo Mop\u00e1n<\/strong><\/h3>\n<p>O povo Mop\u00e1n \u00e9 um dos povos maias do Belize e da Guatemala, no departamento de Pet\u00e9n. A sua l\u00edngua ind\u00edgena \u00e9 tamb\u00e9m chamada de Mop\u00e1n, e \u00e9 uma das l\u00ednguas maias iucatecanas do M\u00e9xico, considerada uma l\u00edngua amea\u00e7ada.<\/p>\n<p>A sua dieta \u00e9 baseada no milho, do qual derivam muitas das suas receitas tradicionais: nuk (p\u00e3o), tait (tamale de milho), k\u2019a k\u2019aan ek\u2019en (cardo celdo fumado), chu\u2019 uk wa (torrada doce). ).<\/p>\n<p>A comunidade Mop\u00e1n \u00e9 especializada em bordados em tecido, com os quais confeccionam camisas, blusas, bolsas, porta-escovas, toalhas de mesa e fronhas. O tecido Dacron, a l\u00e3 e a linha s\u00e3o utilizados para criar bordados.<\/p>\n<p>A l\u00edngua mop\u00e1n faz parte da fam\u00edlia lingu\u00edstica maia origin\u00e1ria do M\u00e9xico. Embora tenha sofrido um decl\u00ednio devido \u00e0 influ\u00eancia do espanhol e do ingl\u00eas, ainda \u00e9 falado em muitas comunidades Mop\u00e1n. Algumas palavras comuns em Mop\u00e1n incluem \u201cK\u2019iche\u2019\u201d (floresta), \u201cNo\u2019j\u201d (sabedoria) e \u201cTz\u2019ikin\u201d (ave). A preserva\u00e7\u00e3o da sua l\u00edngua \u00e9 vista como uma componente crucial para a sobreviv\u00eancia da sua cultura.<\/p>\n<p>Hoje, os Mopan enfrentam in\u00fameros desafios, incluindo preservar a sua cultura e terra face \u00e0 moderniza\u00e7\u00e3o e \u00e0 globaliza\u00e7\u00e3o, manter as suas tradi\u00e7\u00f5es e l\u00edngua vivas e adaptar-se \u00e0s mudan\u00e7as sem perder a sua ess\u00eancia.<\/p>\n<p>A mundivid\u00eancia Mop\u00e1n entende o mundo como uma entidade interligada onde cada elemento, seja humano, animal ou natural, tem um papel vital. Esta vis\u00e3o do mundo influencia todos os aspetos das suas vidas, desde a agricultura \u00e0s rela\u00e7\u00f5es sociais.<\/p>\n<p>&nbsp;<\/p>\n<h3 style=\"text-align: center;\"><strong>Pimenta-caiena<\/strong><\/h3>\n<p>Conhecida e consumida desde o tempo dos Maias e dos Astecas, a pimenta de caiena era apreciada pelas suas qualidades curativas e espirituais, al\u00e9m de ser utilizada como desinfetante e anti-inflamat\u00f3rio natural.<\/p>\n<p>Aumenta a sensibilidade das termina\u00e7\u00f5es nervosas, estimulando a liberta\u00e7\u00e3o de endorfinas, pelo que \u00e9 reconhecido pelas suas propriedades afrodis\u00edacas.<\/p>\n<p>Segundo a lenda, aquilo que os astecas conheciam como chili foi confundido por Crist\u00f3v\u00e3o Colombo com a pimenta, t\u00e3o cobi\u00e7ada em Espanha. E este tempero foi importado da Guiana Francesa, mas os genoveses n\u00e3o se aperceberam que a pimenta era picante, chamando-lhe erradamente pimenta de caiena.<\/p>\n<h3 style=\"text-align: center;\"><strong>\u201cCanela Celi\u00e1n\u201d e os Maias\/Astecas<\/strong><\/h3>\n<p>Nos tempos antigos, a canela (Cinnamomun Verum) era mais valorizada do que o seu peso em ouro e estava associada a rituais de sacrif\u00edcio ou prazer.<\/p>\n<p>A canela \u00e9 origin\u00e1ria do Sri Lanka (Ceil\u00e3o), Birm\u00e2nia e \u00cdndia, a sua casca \u00e9 picante e de sabor doce.<\/p>\n<p>A canela \u00e9 uma das especiarias com maior poder antioxidante gra\u00e7as aos seus fen\u00f3is e flavonoides. \u00c9 rico em vitaminas B1 e C e minerais como o f\u00f3sforo, c\u00e1lcio, ferro e pot\u00e1ssio.<\/p>\n<p>A medicina tradicional chinesa considera-a uma erva Yang (propriedades quentes) porque \u00e9 picante, doce e, por isso, rica em propriedades digestivas, aumentando o fogo interior.<\/p>\n<h3 style=\"text-align: center;\"><strong>Baunilha e os Totonacs, Maias e Astecas<\/strong><\/h3>\n<p>A baunilha foi descoberta pela<strong> cultura Totonac,<\/strong> que lhe chamou <strong>\u201cXanath\u201d,<\/strong> que significa \u201cflor negra\u201d. A baunilha era uma das plantas mais importantes, semelhante ao que o milho representava para os astecas, teotihuacanos, maias e olmecas.<\/p>\n<p>A baunilha, o cacau, o anato e o milho eram os ingredientes do xocolatl, uma bebida de cacau que animava as reuni\u00f5es pol\u00edticas e nobres nas civiliza\u00e7\u00f5es Maia e Azteca; Este \u00faltimo conhecia a baunilha pelo nome de \u201ctlilxochitl\u201d.<\/p>\n<p>A baunilha \u00e9 feminina e est\u00e1 associada ao planeta V\u00e9nus e ao elemento \u00e1gua.<\/p>\n<p>Tradicionalmente, \u00e9 utilizado pelas suas propriedades relacionadas com o amor, o desejo sexual e os poderes mentais.<\/p>\n<p>O aroma da baunilha tem poderosas propriedades calmantes e reconfortantes. Gra\u00e7as ao seu ingrediente ativo, o \u00e1cido van\u00edlico, aumenta a secre\u00e7\u00e3o natural de serotonina e dopamina. Seja ingerido ou pelo cheiro, tem propriedades analg\u00e9sicas.<\/p>\n","protected":false},"excerpt":{"rendered":"<p>Cacau de qualidade cerimonial com especiarias tradicionais maias, cultivado e colhido pelas tribos nativas <strong>maias no sul do Belize.<\/strong><\/p>\n<p>As especiarias tradicionais refinam e intensificam as poderosas propriedades do cacau e ativam o fogo interior; Esta mistura requintada cont\u00e9m <strong>pimenta de caiena, canela cel\u00edaca e baunilha.<\/strong><\/p>\n<p>Os nativos Maias consideram o cacau uma planta sagrada que cura e nutre o corpo, a mente e o esp\u00edrito.<\/p>\n<p>Estes gr\u00e3os de cacau nativos s\u00e3o cultivados naturalmente, tal como eram h\u00e1 milhares de anos, em harmonia com as \u00e1rvores de anan\u00e1s, baunilha e mapacho.<\/p>\n<p><strong>Pimenta de Caiena:<\/strong> \u00c9 uma especiaria tradicionalmente utilizada pelos Maias para real\u00e7ar as propriedades medicinais do cacau. Aumenta o fluxo sangu\u00edneo e a quantidade de calor que o seu corpo produz, acendendo o fogo interior.<\/p>\n<p><strong>Canela do Ceil\u00e3o:<\/strong> Um rem\u00e9dio tradicional que aumenta a circula\u00e7\u00e3o, \u00e9 rico em antioxidantes e cinamalde\u00eddo, que tem poderosas propriedades antif\u00fangicas e antibacterianas.<\/p>\n<p><strong>Baunilha:<\/strong> A mistura de cacau e baunilha forma uma excelente simbiose. Tanto os astecas como os maias usavam a baunilha para real\u00e7ar o cacau e como afrodis\u00edaco.<\/p>\n<p><strong>Tipo:<\/strong> Cacau de grau cerimonial.<\/p>\n<p><strong>Ingredientes:<\/strong> Cacau de grau cerimonial, pimenta de caiena, canela do Ceil\u00e3o e baunilha.<\/p>\n<p><strong>Origem:<\/strong> tribos maias do sul do Belize.<\/p>\n<p><strong>Apresenta\u00e7\u00e3o:<\/strong> Bloco de cacau.<\/p>\n<p><strong>Tamanho:<\/strong> 500 gramas.<\/p>\n","protected":false},"featured_media":25406,"template":"","meta":{"_joinchat":[]},"product_brand":[],"product_cat":[674,675],"product_tag":[],"class_list":{"0":"post-25405","1":"product","2":"type-product","3":"status-publish","4":"has-post-thumbnail","6":"product_cat-cacau","7":"product_cat-cerimonial","9":"first","10":"instock","11":"taxable","12":"shipping-taxable","13":"purchasable","14":"product-type-simple"},"yoast_head":"<!-- This site is optimized with the Yoast SEO plugin v27.4 - https:\/\/yoast.com\/product\/yoast-seo-wordpress\/ -->\n<title>Cerimonial Maia Cacau Fogo Interior: Canela, Pimenta e Baunilha<\/title>\n<meta name=\"description\" content=\"Cacau de qualidade cerimonial com especiarias tradicionais maias, cultivado e colhido pelas tribos nativas maias no sul do Belize.\" \/>\n<meta name=\"robots\" content=\"index, follow, max-snippet:-1, max-image-preview:large, max-video-preview:-1\" \/>\n<link rel=\"canonical\" href=\"https:\/\/www.sinchisinchi.com\/pt-pt\/producto\/cacau-cerimonial-fogo-interior\/\" \/>\n<meta property=\"og:locale\" content=\"pt_PT\" \/>\n<meta property=\"og:type\" content=\"article\" \/>\n<meta property=\"og:title\" content=\"Cerimonial Maia Cacau Fogo Interior: Canela, Pimenta e Baunilha\" \/>\n<meta property=\"og:description\" content=\"Cacau de qualidade cerimonial com especiarias tradicionais maias, cultivado e colhido pelas tribos nativas maias no sul do Belize.\" \/>\n<meta property=\"og:url\" content=\"https:\/\/www.sinchisinchi.com\/pt-pt\/producto\/cacau-cerimonial-fogo-interior\/\" \/>\n<meta property=\"og:site_name\" content=\"SINCHI RAP\u00c9\" \/>\n<meta property=\"article:publisher\" content=\"https:\/\/www.facebook.com\/sinchirape\/\" \/>\n<meta property=\"article:modified_time\" content=\"2025-01-31T17:10:53+00:00\" \/>\n<meta property=\"og:image\" content=\"https:\/\/www.sinchisinchi.com\/wp-content\/uploads\/2024\/05\/Cacao-ceremonial-taza1.jpeg\" \/>\n\t<meta property=\"og:image:width\" content=\"1024\" \/>\n\t<meta property=\"og:image:height\" content=\"683\" \/>\n\t<meta property=\"og:image:type\" content=\"image\/jpeg\" \/>\n<meta name=\"twitter:card\" content=\"summary_large_image\" \/>\n<meta name=\"twitter:label1\" content=\"Tempo estimado de leitura\" \/>\n\t<meta name=\"twitter:data1\" content=\"4 minutos\" \/>\n<script type=\"application\/ld+json\" class=\"yoast-schema-graph\">{\"@context\":\"https:\\\/\\\/schema.org\",\"@graph\":[{\"@type\":\"WebPage\",\"@id\":\"https:\\\/\\\/www.sinchisinchi.com\\\/pt-pt\\\/producto\\\/cacau-cerimonial-fogo-interior\\\/\",\"url\":\"https:\\\/\\\/www.sinchisinchi.com\\\/pt-pt\\\/producto\\\/cacau-cerimonial-fogo-interior\\\/\",\"name\":\"Cerimonial Maia Cacau Fogo Interior: Canela, Pimenta e Baunilha\",\"isPartOf\":{\"@id\":\"https:\\\/\\\/www.sinchisinchi.com\\\/pt-pt\\\/#website\"},\"primaryImageOfPage\":{\"@id\":\"https:\\\/\\\/www.sinchisinchi.com\\\/pt-pt\\\/producto\\\/cacau-cerimonial-fogo-interior\\\/#primaryimage\"},\"image\":{\"@id\":\"https:\\\/\\\/www.sinchisinchi.com\\\/pt-pt\\\/producto\\\/cacau-cerimonial-fogo-interior\\\/#primaryimage\"},\"thumbnailUrl\":\"https:\\\/\\\/www.sinchisinchi.com\\\/wp-content\\\/uploads\\\/2024\\\/05\\\/Cacao-ceremonial-taza1.jpeg\",\"datePublished\":\"2024-05-27T12:14:26+00:00\",\"dateModified\":\"2025-01-31T17:10:53+00:00\",\"description\":\"Cacau de qualidade cerimonial com especiarias tradicionais maias, cultivado e colhido pelas tribos nativas maias no sul do Belize.\",\"breadcrumb\":{\"@id\":\"https:\\\/\\\/www.sinchisinchi.com\\\/pt-pt\\\/producto\\\/cacau-cerimonial-fogo-interior\\\/#breadcrumb\"},\"inLanguage\":\"pt-PT\",\"potentialAction\":[{\"@type\":\"ReadAction\",\"target\":[\"https:\\\/\\\/www.sinchisinchi.com\\\/pt-pt\\\/producto\\\/cacau-cerimonial-fogo-interior\\\/\"]}]},{\"@type\":\"ImageObject\",\"inLanguage\":\"pt-PT\",\"@id\":\"https:\\\/\\\/www.sinchisinchi.com\\\/pt-pt\\\/producto\\\/cacau-cerimonial-fogo-interior\\\/#primaryimage\",\"url\":\"https:\\\/\\\/www.sinchisinchi.com\\\/wp-content\\\/uploads\\\/2024\\\/05\\\/Cacao-ceremonial-taza1.jpeg\",\"contentUrl\":\"https:\\\/\\\/www.sinchisinchi.com\\\/wp-content\\\/uploads\\\/2024\\\/05\\\/Cacao-ceremonial-taza1.jpeg\",\"width\":1024,\"height\":683,\"caption\":\"Foto Cerimonial de Cacau\"},{\"@type\":\"BreadcrumbList\",\"@id\":\"https:\\\/\\\/www.sinchisinchi.com\\\/pt-pt\\\/producto\\\/cacau-cerimonial-fogo-interior\\\/#breadcrumb\",\"itemListElement\":[{\"@type\":\"ListItem\",\"position\":1,\"name\":\"Prima pagina\",\"item\":\"https:\\\/\\\/www.sinchisinchi.com\\\/pt-pt\\\/\"},{\"@type\":\"ListItem\",\"position\":2,\"name\":\"Produtos\",\"item\":\"https:\\\/\\\/www.sinchisinchi.com\\\/pt-pt\\\/shop\\\/\"},{\"@type\":\"ListItem\",\"position\":3,\"name\":\"Cacau Cerimonial &#8220;Fogo Interior&#8221;\"}]},{\"@type\":\"WebSite\",\"@id\":\"https:\\\/\\\/www.sinchisinchi.com\\\/pt-pt\\\/#website\",\"url\":\"https:\\\/\\\/www.sinchisinchi.com\\\/pt-pt\\\/\",\"name\":\"SINCHI\",\"description\":\"Sinchi Medicine\",\"publisher\":{\"@id\":\"https:\\\/\\\/www.sinchisinchi.com\\\/pt-pt\\\/#organization\"},\"potentialAction\":[{\"@type\":\"SearchAction\",\"target\":{\"@type\":\"EntryPoint\",\"urlTemplate\":\"https:\\\/\\\/www.sinchisinchi.com\\\/pt-pt\\\/?s={search_term_string}\"},\"query-input\":{\"@type\":\"PropertyValueSpecification\",\"valueRequired\":true,\"valueName\":\"search_term_string\"}}],\"inLanguage\":\"pt-PT\"},{\"@type\":\"Organization\",\"@id\":\"https:\\\/\\\/www.sinchisinchi.com\\\/pt-pt\\\/#organization\",\"name\":\"SINCHI S.L\",\"url\":\"https:\\\/\\\/www.sinchisinchi.com\\\/pt-pt\\\/\",\"logo\":{\"@type\":\"ImageObject\",\"inLanguage\":\"pt-PT\",\"@id\":\"https:\\\/\\\/www.sinchisinchi.com\\\/pt-pt\\\/#\\\/schema\\\/logo\\\/image\\\/\",\"url\":\"https:\\\/\\\/www.sinchisinchi.com\\\/wp-content\\\/uploads\\\/2026\\\/01\\\/3b-Verde-SIMPLIFICADO-HORIZONTAL-F-TRANSPARENTE-scaled.png\",\"contentUrl\":\"https:\\\/\\\/www.sinchisinchi.com\\\/wp-content\\\/uploads\\\/2026\\\/01\\\/3b-Verde-SIMPLIFICADO-HORIZONTAL-F-TRANSPARENTE-scaled.png\",\"width\":2560,\"height\":457,\"caption\":\"SINCHI S.L\"},\"image\":{\"@id\":\"https:\\\/\\\/www.sinchisinchi.com\\\/pt-pt\\\/#\\\/schema\\\/logo\\\/image\\\/\"},\"sameAs\":[\"https:\\\/\\\/www.facebook.com\\\/sinchirape\\\/\",\"https:\\\/\\\/www.instagram.com\\\/sinchi_rape\\\/\"]}]}<\/script>\n<!-- \/ Yoast SEO plugin. -->","yoast_head_json":{"title":"Cerimonial Maia Cacau Fogo Interior: Canela, Pimenta e Baunilha","description":"Cacau de qualidade cerimonial com especiarias tradicionais maias, cultivado e colhido pelas tribos nativas maias no sul do Belize.","robots":{"index":"index","follow":"follow","max-snippet":"max-snippet:-1","max-image-preview":"max-image-preview:large","max-video-preview":"max-video-preview:-1"},"canonical":"https:\/\/www.sinchisinchi.com\/pt-pt\/producto\/cacau-cerimonial-fogo-interior\/","og_locale":"pt_PT","og_type":"article","og_title":"Cerimonial Maia Cacau Fogo Interior: Canela, Pimenta e Baunilha","og_description":"Cacau de qualidade cerimonial com especiarias tradicionais maias, cultivado e colhido pelas tribos nativas maias no sul do Belize.","og_url":"https:\/\/www.sinchisinchi.com\/pt-pt\/producto\/cacau-cerimonial-fogo-interior\/","og_site_name":"SINCHI RAP\u00c9","article_publisher":"https:\/\/www.facebook.com\/sinchirape\/","article_modified_time":"2025-01-31T17:10:53+00:00","og_image":[{"width":1024,"height":683,"url":"https:\/\/www.sinchisinchi.com\/wp-content\/uploads\/2024\/05\/Cacao-ceremonial-taza1.jpeg","type":"image\/jpeg"}],"twitter_card":"summary_large_image","twitter_misc":{"Tempo estimado de leitura":"4 minutos"},"schema":{"@context":"https:\/\/schema.org","@graph":[{"@type":"WebPage","@id":"https:\/\/www.sinchisinchi.com\/pt-pt\/producto\/cacau-cerimonial-fogo-interior\/","url":"https:\/\/www.sinchisinchi.com\/pt-pt\/producto\/cacau-cerimonial-fogo-interior\/","name":"Cerimonial Maia Cacau Fogo Interior: Canela, Pimenta e Baunilha","isPartOf":{"@id":"https:\/\/www.sinchisinchi.com\/pt-pt\/#website"},"primaryImageOfPage":{"@id":"https:\/\/www.sinchisinchi.com\/pt-pt\/producto\/cacau-cerimonial-fogo-interior\/#primaryimage"},"image":{"@id":"https:\/\/www.sinchisinchi.com\/pt-pt\/producto\/cacau-cerimonial-fogo-interior\/#primaryimage"},"thumbnailUrl":"https:\/\/www.sinchisinchi.com\/wp-content\/uploads\/2024\/05\/Cacao-ceremonial-taza1.jpeg","datePublished":"2024-05-27T12:14:26+00:00","dateModified":"2025-01-31T17:10:53+00:00","description":"Cacau de qualidade cerimonial com especiarias tradicionais maias, cultivado e colhido pelas tribos nativas maias no sul do Belize.","breadcrumb":{"@id":"https:\/\/www.sinchisinchi.com\/pt-pt\/producto\/cacau-cerimonial-fogo-interior\/#breadcrumb"},"inLanguage":"pt-PT","potentialAction":[{"@type":"ReadAction","target":["https:\/\/www.sinchisinchi.com\/pt-pt\/producto\/cacau-cerimonial-fogo-interior\/"]}]},{"@type":"ImageObject","inLanguage":"pt-PT","@id":"https:\/\/www.sinchisinchi.com\/pt-pt\/producto\/cacau-cerimonial-fogo-interior\/#primaryimage","url":"https:\/\/www.sinchisinchi.com\/wp-content\/uploads\/2024\/05\/Cacao-ceremonial-taza1.jpeg","contentUrl":"https:\/\/www.sinchisinchi.com\/wp-content\/uploads\/2024\/05\/Cacao-ceremonial-taza1.jpeg","width":1024,"height":683,"caption":"Foto Cerimonial de Cacau"},{"@type":"BreadcrumbList","@id":"https:\/\/www.sinchisinchi.com\/pt-pt\/producto\/cacau-cerimonial-fogo-interior\/#breadcrumb","itemListElement":[{"@type":"ListItem","position":1,"name":"Prima pagina","item":"https:\/\/www.sinchisinchi.com\/pt-pt\/"},{"@type":"ListItem","position":2,"name":"Produtos","item":"https:\/\/www.sinchisinchi.com\/pt-pt\/shop\/"},{"@type":"ListItem","position":3,"name":"Cacau Cerimonial &#8220;Fogo Interior&#8221;"}]},{"@type":"WebSite","@id":"https:\/\/www.sinchisinchi.com\/pt-pt\/#website","url":"https:\/\/www.sinchisinchi.com\/pt-pt\/","name":"SINCHI","description":"Sinchi Medicine","publisher":{"@id":"https:\/\/www.sinchisinchi.com\/pt-pt\/#organization"},"potentialAction":[{"@type":"SearchAction","target":{"@type":"EntryPoint","urlTemplate":"https:\/\/www.sinchisinchi.com\/pt-pt\/?s={search_term_string}"},"query-input":{"@type":"PropertyValueSpecification","valueRequired":true,"valueName":"search_term_string"}}],"inLanguage":"pt-PT"},{"@type":"Organization","@id":"https:\/\/www.sinchisinchi.com\/pt-pt\/#organization","name":"SINCHI S.L","url":"https:\/\/www.sinchisinchi.com\/pt-pt\/","logo":{"@type":"ImageObject","inLanguage":"pt-PT","@id":"https:\/\/www.sinchisinchi.com\/pt-pt\/#\/schema\/logo\/image\/","url":"https:\/\/www.sinchisinchi.com\/wp-content\/uploads\/2026\/01\/3b-Verde-SIMPLIFICADO-HORIZONTAL-F-TRANSPARENTE-scaled.png","contentUrl":"https:\/\/www.sinchisinchi.com\/wp-content\/uploads\/2026\/01\/3b-Verde-SIMPLIFICADO-HORIZONTAL-F-TRANSPARENTE-scaled.png","width":2560,"height":457,"caption":"SINCHI S.L"},"image":{"@id":"https:\/\/www.sinchisinchi.com\/pt-pt\/#\/schema\/logo\/image\/"},"sameAs":["https:\/\/www.facebook.com\/sinchirape\/","https:\/\/www.instagram.com\/sinchi_rape\/"]}]}},"_links":{"self":[{"href":"https:\/\/www.sinchisinchi.com\/pt-pt\/wp-json\/wp\/v2\/product\/25405","targetHints":{"allow":["GET"]}}],"collection":[{"href":"https:\/\/www.sinchisinchi.com\/pt-pt\/wp-json\/wp\/v2\/product"}],"about":[{"href":"https:\/\/www.sinchisinchi.com\/pt-pt\/wp-json\/wp\/v2\/types\/product"}],"wp:featuredmedia":[{"embeddable":true,"href":"https:\/\/www.sinchisinchi.com\/pt-pt\/wp-json\/wp\/v2\/media\/25406"}],"wp:attachment":[{"href":"https:\/\/www.sinchisinchi.com\/pt-pt\/wp-json\/wp\/v2\/media?parent=25405"}],"wp:term":[{"taxonomy":"product_brand","embeddable":true,"href":"https:\/\/www.sinchisinchi.com\/pt-pt\/wp-json\/wp\/v2\/product_brand?post=25405"},{"taxonomy":"product_cat","embeddable":true,"href":"https:\/\/www.sinchisinchi.com\/pt-pt\/wp-json\/wp\/v2\/product_cat?post=25405"},{"taxonomy":"product_tag","embeddable":true,"href":"https:\/\/www.sinchisinchi.com\/pt-pt\/wp-json\/wp\/v2\/product_tag?post=25405"}],"curies":[{"name":"wp","href":"https:\/\/api.w.org\/{rel}","templated":true}]}}