{"id":25418,"date":"2024-05-09T08:12:13","date_gmt":"2024-05-09T08:12:13","guid":{"rendered":"https:\/\/www.sinchisinchi.com\/producto\/alecrim\/"},"modified":"2025-01-31T17:51:51","modified_gmt":"2025-01-31T17:51:51","slug":"alecrim","status":"publish","type":"product","link":"https:\/\/www.sinchisinchi.com\/pt-pt\/producto\/alecrim\/","title":{"rendered":"Alecrim"},"content":{"rendered":"<p>O alecrim (Rosemarinus officinalis) \u00e9 uma planta do g\u00e9nero masculino, associada ao sol e ao elemento fogo. Tradicionalmente, tem sido utilizado pelas suas propriedades de prote\u00e7\u00e3o, amor, desejo sexual, poderes mentais, purifica\u00e7\u00e3o, cura, sonhos l\u00facidos e juventude. No banho, possui poderosas propriedades de limpeza e purifica\u00e7\u00e3o.<\/p>\n<p>\u00c9 uma planta muito arom\u00e1tica, perene, de folhas verdes e flores azuis a esbranqui\u00e7adas.<\/p>\n<p>O seu \u00f3leo essencial \u00e9 antimicrobiano, com propriedades antioxidantes, anti-inflamat\u00f3rias, analg\u00e9sicas, antidepressivas, neuroprotetoras e antivirais.<\/p>\n<p>O alecrim \u00e9 uma planta masculina, est\u00e1 relacionada com o sol e com o elemento fogo. Entre os seus usos m\u00e1gicos est\u00e3o: a prote\u00e7\u00e3o, o amor, o desejo sexual, os poderes mentais, a purifica\u00e7\u00e3o, a cura, o sono e a juventude.<\/p>\n","protected":false},"excerpt":{"rendered":"<p>O sab\u00e3o de alecrim <strong>limpa e purifica<\/strong> a pele, <strong>hidratando<\/strong> profundamente as c\u00e9lulas da derme. Proporciona brilho, frescura, elasticidade e prote\u00e7\u00e3o \u00e0 pele; Como champ\u00f4, fortalece os cabelos fracos e tamb\u00e9m atua como agente anticaspa.<\/p>\n<p>O alecrim \u00e9 rico em antioxidantes e ajuda a neutralizar os radicais livres, pelo que \u00e9 muito apreciado em tratamentos de rejuvenescimento. Gra\u00e7as \u00e0 sua a\u00e7\u00e3o revigorante, o alecrim aumenta os n\u00edveis de energia e agu\u00e7a as faculdades mentais, como a capacidade de concentra\u00e7\u00e3o, proporcionando clareza mental.<\/p>\n<p>O nome alecrim tem origem nas palavras latinas \u201cros\u201d e \u201cmarinus\u201d, que significam \u201corvalho do mar\u201d.<\/p>\n<p><strong>Tamanho:<\/strong> 125gr<\/p>\n","protected":false},"featured_media":25419,"template":"","meta":{"_joinchat":[]},"product_brand":[],"product_cat":[679],"product_tag":[],"class_list":{"0":"post-25418","1":"product","2":"type-product","3":"status-publish","4":"has-post-thumbnail","6":"product_cat-sabonetes","8":"first","9":"instock","10":"taxable","11":"shipping-taxable","12":"purchasable","13":"product-type-simple"},"yoast_head":"<!-- This site is optimized with the Yoast SEO plugin v27.4 - https:\/\/yoast.com\/product\/yoast-seo-wordpress\/ -->\n<title>Sabonete de Alecrim: Loja Xam\u00e2nica<\/title>\n<meta name=\"description\" content=\"O alecrim tem sido tradicionalmente utilizado pelas suas propriedades de prote\u00e7\u00e3o, amor, desejo sexual, purifica\u00e7\u00e3o, cura, sonhos l\u00facidos e juventude.\" \/>\n<meta name=\"robots\" content=\"index, follow, max-snippet:-1, max-image-preview:large, max-video-preview:-1\" \/>\n<link rel=\"canonical\" href=\"https:\/\/www.sinchisinchi.com\/pt-pt\/producto\/alecrim\/\" \/>\n<meta property=\"og:locale\" content=\"pt_PT\" \/>\n<meta property=\"og:type\" content=\"article\" \/>\n<meta property=\"og:title\" content=\"Sabonete de Alecrim: Loja Xam\u00e2nica\" \/>\n<meta property=\"og:description\" content=\"O alecrim tem sido tradicionalmente utilizado pelas suas propriedades de prote\u00e7\u00e3o, amor, desejo sexual, purifica\u00e7\u00e3o, cura, sonhos l\u00facidos e juventude.\" \/>\n<meta property=\"og:url\" content=\"https:\/\/www.sinchisinchi.com\/pt-pt\/producto\/alecrim\/\" \/>\n<meta property=\"og:site_name\" content=\"SINCHI RAP\u00c9\" \/>\n<meta property=\"article:publisher\" content=\"https:\/\/www.facebook.com\/sinchirape\/\" \/>\n<meta property=\"article:modified_time\" content=\"2025-01-31T17:51:51+00:00\" \/>\n<meta property=\"og:image\" content=\"https:\/\/www.sinchisinchi.com\/wp-content\/uploads\/2024\/05\/WhatsApp-Image-2024-05-08-at-14.24.27.jpeg\" \/>\n\t<meta property=\"og:image:width\" content=\"1024\" \/>\n\t<meta property=\"og:image:height\" content=\"1024\" \/>\n\t<meta property=\"og:image:type\" content=\"image\/jpeg\" \/>\n<meta name=\"twitter:card\" content=\"summary_large_image\" \/>\n<meta name=\"twitter:label1\" content=\"Tempo estimado de leitura\" \/>\n\t<meta name=\"twitter:data1\" content=\"1 minuto\" \/>\n<script type=\"application\/ld+json\" class=\"yoast-schema-graph\">{\"@context\":\"https:\\\/\\\/schema.org\",\"@graph\":[{\"@type\":\"WebPage\",\"@id\":\"https:\\\/\\\/www.sinchisinchi.com\\\/pt-pt\\\/producto\\\/alecrim\\\/\",\"url\":\"https:\\\/\\\/www.sinchisinchi.com\\\/pt-pt\\\/producto\\\/alecrim\\\/\",\"name\":\"Sabonete de Alecrim: Loja Xam\u00e2nica\",\"isPartOf\":{\"@id\":\"https:\\\/\\\/www.sinchisinchi.com\\\/pt-pt\\\/#website\"},\"primaryImageOfPage\":{\"@id\":\"https:\\\/\\\/www.sinchisinchi.com\\\/pt-pt\\\/producto\\\/alecrim\\\/#primaryimage\"},\"image\":{\"@id\":\"https:\\\/\\\/www.sinchisinchi.com\\\/pt-pt\\\/producto\\\/alecrim\\\/#primaryimage\"},\"thumbnailUrl\":\"https:\\\/\\\/www.sinchisinchi.com\\\/wp-content\\\/uploads\\\/2024\\\/05\\\/WhatsApp-Image-2024-05-08-at-14.24.27.jpeg\",\"datePublished\":\"2024-05-09T08:12:13+00:00\",\"dateModified\":\"2025-01-31T17:51:51+00:00\",\"description\":\"O alecrim tem sido tradicionalmente utilizado pelas suas propriedades de prote\u00e7\u00e3o, amor, desejo sexual, purifica\u00e7\u00e3o, cura, sonhos l\u00facidos e juventude.\",\"breadcrumb\":{\"@id\":\"https:\\\/\\\/www.sinchisinchi.com\\\/pt-pt\\\/producto\\\/alecrim\\\/#breadcrumb\"},\"inLanguage\":\"pt-PT\",\"potentialAction\":[{\"@type\":\"ReadAction\",\"target\":[\"https:\\\/\\\/www.sinchisinchi.com\\\/pt-pt\\\/producto\\\/alecrim\\\/\"]}]},{\"@type\":\"ImageObject\",\"inLanguage\":\"pt-PT\",\"@id\":\"https:\\\/\\\/www.sinchisinchi.com\\\/pt-pt\\\/producto\\\/alecrim\\\/#primaryimage\",\"url\":\"https:\\\/\\\/www.sinchisinchi.com\\\/wp-content\\\/uploads\\\/2024\\\/05\\\/WhatsApp-Image-2024-05-08-at-14.24.27.jpeg\",\"contentUrl\":\"https:\\\/\\\/www.sinchisinchi.com\\\/wp-content\\\/uploads\\\/2024\\\/05\\\/WhatsApp-Image-2024-05-08-at-14.24.27.jpeg\",\"width\":1024,\"height\":1024},{\"@type\":\"BreadcrumbList\",\"@id\":\"https:\\\/\\\/www.sinchisinchi.com\\\/pt-pt\\\/producto\\\/alecrim\\\/#breadcrumb\",\"itemListElement\":[{\"@type\":\"ListItem\",\"position\":1,\"name\":\"Prima pagina\",\"item\":\"https:\\\/\\\/www.sinchisinchi.com\\\/pt-pt\\\/\"},{\"@type\":\"ListItem\",\"position\":2,\"name\":\"Produtos\",\"item\":\"https:\\\/\\\/www.sinchisinchi.com\\\/pt-pt\\\/shop\\\/\"},{\"@type\":\"ListItem\",\"position\":3,\"name\":\"Alecrim\"}]},{\"@type\":\"WebSite\",\"@id\":\"https:\\\/\\\/www.sinchisinchi.com\\\/pt-pt\\\/#website\",\"url\":\"https:\\\/\\\/www.sinchisinchi.com\\\/pt-pt\\\/\",\"name\":\"SINCHI\",\"description\":\"Sinchi Medicine\",\"publisher\":{\"@id\":\"https:\\\/\\\/www.sinchisinchi.com\\\/pt-pt\\\/#organization\"},\"potentialAction\":[{\"@type\":\"SearchAction\",\"target\":{\"@type\":\"EntryPoint\",\"urlTemplate\":\"https:\\\/\\\/www.sinchisinchi.com\\\/pt-pt\\\/?s={search_term_string}\"},\"query-input\":{\"@type\":\"PropertyValueSpecification\",\"valueRequired\":true,\"valueName\":\"search_term_string\"}}],\"inLanguage\":\"pt-PT\"},{\"@type\":\"Organization\",\"@id\":\"https:\\\/\\\/www.sinchisinchi.com\\\/pt-pt\\\/#organization\",\"name\":\"SINCHI S.L\",\"url\":\"https:\\\/\\\/www.sinchisinchi.com\\\/pt-pt\\\/\",\"logo\":{\"@type\":\"ImageObject\",\"inLanguage\":\"pt-PT\",\"@id\":\"https:\\\/\\\/www.sinchisinchi.com\\\/pt-pt\\\/#\\\/schema\\\/logo\\\/image\\\/\",\"url\":\"https:\\\/\\\/www.sinchisinchi.com\\\/wp-content\\\/uploads\\\/2026\\\/01\\\/3b-Verde-SIMPLIFICADO-HORIZONTAL-F-TRANSPARENTE-scaled.png\",\"contentUrl\":\"https:\\\/\\\/www.sinchisinchi.com\\\/wp-content\\\/uploads\\\/2026\\\/01\\\/3b-Verde-SIMPLIFICADO-HORIZONTAL-F-TRANSPARENTE-scaled.png\",\"width\":2560,\"height\":457,\"caption\":\"SINCHI S.L\"},\"image\":{\"@id\":\"https:\\\/\\\/www.sinchisinchi.com\\\/pt-pt\\\/#\\\/schema\\\/logo\\\/image\\\/\"},\"sameAs\":[\"https:\\\/\\\/www.facebook.com\\\/sinchirape\\\/\",\"https:\\\/\\\/www.instagram.com\\\/sinchi_rape\\\/\"]}]}<\/script>\n<!-- \/ Yoast SEO plugin. -->","yoast_head_json":{"title":"Sabonete de Alecrim: Loja Xam\u00e2nica","description":"O alecrim tem sido tradicionalmente utilizado pelas suas propriedades de prote\u00e7\u00e3o, amor, desejo sexual, purifica\u00e7\u00e3o, cura, sonhos l\u00facidos e juventude.","robots":{"index":"index","follow":"follow","max-snippet":"max-snippet:-1","max-image-preview":"max-image-preview:large","max-video-preview":"max-video-preview:-1"},"canonical":"https:\/\/www.sinchisinchi.com\/pt-pt\/producto\/alecrim\/","og_locale":"pt_PT","og_type":"article","og_title":"Sabonete de Alecrim: Loja Xam\u00e2nica","og_description":"O alecrim tem sido tradicionalmente utilizado pelas suas propriedades de prote\u00e7\u00e3o, amor, desejo sexual, purifica\u00e7\u00e3o, cura, sonhos l\u00facidos e juventude.","og_url":"https:\/\/www.sinchisinchi.com\/pt-pt\/producto\/alecrim\/","og_site_name":"SINCHI RAP\u00c9","article_publisher":"https:\/\/www.facebook.com\/sinchirape\/","article_modified_time":"2025-01-31T17:51:51+00:00","og_image":[{"width":1024,"height":1024,"url":"https:\/\/www.sinchisinchi.com\/wp-content\/uploads\/2024\/05\/WhatsApp-Image-2024-05-08-at-14.24.27.jpeg","type":"image\/jpeg"}],"twitter_card":"summary_large_image","twitter_misc":{"Tempo estimado de leitura":"1 minuto"},"schema":{"@context":"https:\/\/schema.org","@graph":[{"@type":"WebPage","@id":"https:\/\/www.sinchisinchi.com\/pt-pt\/producto\/alecrim\/","url":"https:\/\/www.sinchisinchi.com\/pt-pt\/producto\/alecrim\/","name":"Sabonete de Alecrim: Loja Xam\u00e2nica","isPartOf":{"@id":"https:\/\/www.sinchisinchi.com\/pt-pt\/#website"},"primaryImageOfPage":{"@id":"https:\/\/www.sinchisinchi.com\/pt-pt\/producto\/alecrim\/#primaryimage"},"image":{"@id":"https:\/\/www.sinchisinchi.com\/pt-pt\/producto\/alecrim\/#primaryimage"},"thumbnailUrl":"https:\/\/www.sinchisinchi.com\/wp-content\/uploads\/2024\/05\/WhatsApp-Image-2024-05-08-at-14.24.27.jpeg","datePublished":"2024-05-09T08:12:13+00:00","dateModified":"2025-01-31T17:51:51+00:00","description":"O alecrim tem sido tradicionalmente utilizado pelas suas propriedades de prote\u00e7\u00e3o, amor, desejo sexual, purifica\u00e7\u00e3o, cura, sonhos l\u00facidos e juventude.","breadcrumb":{"@id":"https:\/\/www.sinchisinchi.com\/pt-pt\/producto\/alecrim\/#breadcrumb"},"inLanguage":"pt-PT","potentialAction":[{"@type":"ReadAction","target":["https:\/\/www.sinchisinchi.com\/pt-pt\/producto\/alecrim\/"]}]},{"@type":"ImageObject","inLanguage":"pt-PT","@id":"https:\/\/www.sinchisinchi.com\/pt-pt\/producto\/alecrim\/#primaryimage","url":"https:\/\/www.sinchisinchi.com\/wp-content\/uploads\/2024\/05\/WhatsApp-Image-2024-05-08-at-14.24.27.jpeg","contentUrl":"https:\/\/www.sinchisinchi.com\/wp-content\/uploads\/2024\/05\/WhatsApp-Image-2024-05-08-at-14.24.27.jpeg","width":1024,"height":1024},{"@type":"BreadcrumbList","@id":"https:\/\/www.sinchisinchi.com\/pt-pt\/producto\/alecrim\/#breadcrumb","itemListElement":[{"@type":"ListItem","position":1,"name":"Prima pagina","item":"https:\/\/www.sinchisinchi.com\/pt-pt\/"},{"@type":"ListItem","position":2,"name":"Produtos","item":"https:\/\/www.sinchisinchi.com\/pt-pt\/shop\/"},{"@type":"ListItem","position":3,"name":"Alecrim"}]},{"@type":"WebSite","@id":"https:\/\/www.sinchisinchi.com\/pt-pt\/#website","url":"https:\/\/www.sinchisinchi.com\/pt-pt\/","name":"SINCHI","description":"Sinchi Medicine","publisher":{"@id":"https:\/\/www.sinchisinchi.com\/pt-pt\/#organization"},"potentialAction":[{"@type":"SearchAction","target":{"@type":"EntryPoint","urlTemplate":"https:\/\/www.sinchisinchi.com\/pt-pt\/?s={search_term_string}"},"query-input":{"@type":"PropertyValueSpecification","valueRequired":true,"valueName":"search_term_string"}}],"inLanguage":"pt-PT"},{"@type":"Organization","@id":"https:\/\/www.sinchisinchi.com\/pt-pt\/#organization","name":"SINCHI S.L","url":"https:\/\/www.sinchisinchi.com\/pt-pt\/","logo":{"@type":"ImageObject","inLanguage":"pt-PT","@id":"https:\/\/www.sinchisinchi.com\/pt-pt\/#\/schema\/logo\/image\/","url":"https:\/\/www.sinchisinchi.com\/wp-content\/uploads\/2026\/01\/3b-Verde-SIMPLIFICADO-HORIZONTAL-F-TRANSPARENTE-scaled.png","contentUrl":"https:\/\/www.sinchisinchi.com\/wp-content\/uploads\/2026\/01\/3b-Verde-SIMPLIFICADO-HORIZONTAL-F-TRANSPARENTE-scaled.png","width":2560,"height":457,"caption":"SINCHI S.L"},"image":{"@id":"https:\/\/www.sinchisinchi.com\/pt-pt\/#\/schema\/logo\/image\/"},"sameAs":["https:\/\/www.facebook.com\/sinchirape\/","https:\/\/www.instagram.com\/sinchi_rape\/"]}]}},"_links":{"self":[{"href":"https:\/\/www.sinchisinchi.com\/pt-pt\/wp-json\/wp\/v2\/product\/25418","targetHints":{"allow":["GET"]}}],"collection":[{"href":"https:\/\/www.sinchisinchi.com\/pt-pt\/wp-json\/wp\/v2\/product"}],"about":[{"href":"https:\/\/www.sinchisinchi.com\/pt-pt\/wp-json\/wp\/v2\/types\/product"}],"wp:featuredmedia":[{"embeddable":true,"href":"https:\/\/www.sinchisinchi.com\/pt-pt\/wp-json\/wp\/v2\/media\/25419"}],"wp:attachment":[{"href":"https:\/\/www.sinchisinchi.com\/pt-pt\/wp-json\/wp\/v2\/media?parent=25418"}],"wp:term":[{"taxonomy":"product_brand","embeddable":true,"href":"https:\/\/www.sinchisinchi.com\/pt-pt\/wp-json\/wp\/v2\/product_brand?post=25418"},{"taxonomy":"product_cat","embeddable":true,"href":"https:\/\/www.sinchisinchi.com\/pt-pt\/wp-json\/wp\/v2\/product_cat?post=25418"},{"taxonomy":"product_tag","embeddable":true,"href":"https:\/\/www.sinchisinchi.com\/pt-pt\/wp-json\/wp\/v2\/product_tag?post=25418"}],"curies":[{"name":"wp","href":"https:\/\/api.w.org\/{rel}","templated":true}]}}