{"id":25422,"date":"2024-05-08T07:58:35","date_gmt":"2024-05-08T07:58:35","guid":{"rendered":"https:\/\/www.sinchisinchi.com\/producto\/rosa\/"},"modified":"2025-01-31T18:00:04","modified_gmt":"2025-01-31T18:00:04","slug":"rosa","status":"publish","type":"product","link":"https:\/\/www.sinchisinchi.com\/pt-pt\/producto\/rosa\/","title":{"rendered":"Rosa"},"content":{"rendered":"<p>A rosa \u00e9 uma planta <strong>feminina,<\/strong> associada a <strong>V\u00e9nus,<\/strong> ao <strong>elemento \u00e1gua<\/strong> e a um grande n\u00famero de <strong>deuses:<\/strong> Hathor, Hulda, Eros, Cupido, Dem\u00e9ter, \u00cdsis, Harp\u00f3crates e Aurora. \u00c9 tradicionalmente utilizado pelas suas propriedades relacionadas com o amor, poder mental, cura, adivinha\u00e7\u00e3o, boa sorte e prote\u00e7\u00e3o.<\/p>\n<p>A rosa \u00e9 uma planta relacionada com o amor; A sua sensualidade floral e sedutora faz dela um afrodis\u00edaco; \u00e9 considerada uma flor sagrada, s\u00edmbolo do amor altru\u00edsta.<\/p>\n<p>Tem grande capacidade de curar feridas emocionais; Quando a rejei\u00e7\u00e3o ou a perda diminuem o amor-pr\u00f3prio, o \u00f3leo de rosas proporciona um doce conforto, unindo a mente ao cora\u00e7\u00e3o e trazendo calor \u00e0 alma.<\/p>\n<p>A mitologia grega atribui a origem das rosas \u00e0 deusa Cibele, tamb\u00e9m conhecida por Fr\u00edgia, que, como a beleza de Afrodite era inigual\u00e1vel, criou esta flor delicada e bela para que a deusa do amor e da beleza tivesse uma compara\u00e7\u00e3o digna.<\/p>\n","protected":false},"excerpt":{"rendered":"<p>O sab\u00e3o de rosas \u00e9 especialmente indicado para peles sens\u00edveis. Possui propriedades calmantes, purificantes, anti-inflamat\u00f3rias e cicatrizantes.<\/p>\n<p>Cuida, protege e fortalece a pele. Reduz a apar\u00eancia das manchas, promovendo uma pele uniforme e saud\u00e1vel. Gra\u00e7as ao seu elevado teor de vitamina C, possui propriedades rejuvenescedoras.<\/p>\n<p>O sab\u00e3o de rosas cont\u00e9m \u00f3leos naturais que restauram a humidade e a hidrata\u00e7\u00e3o da pele, suavizando-a e suavizando-a gra\u00e7as \u00e0s suas propriedades regeneradoras da epiderme.<\/p>\n<p>Devido \u00e0s propriedades das rosas, \u00e9 ideal como t\u00f3nico e limpador facial, tonifica e proporciona um aspeto fresco, o seu uso di\u00e1rio reduz o aparecimento de rugas fechando os poros abertos e restaurando a elasticidade.<\/p>\n<p>Este sab\u00e3o \u00e9 feito \u00e0 m\u00e3o em Marselha, utilizando o m\u00e9todo ancestral e ingredientes naturais: \u00e1gua do mar do Mediterr\u00e2neo, \u00f3leo essencial de rosas, p\u00e9talas de rosas, \u00f3leos vegetais de alta qualidade e carbonato de s\u00f3dio.<\/p>\n<p>&nbsp;<\/p>\n<p><strong>Tamanho:<\/strong> 125gr<\/p>\n","protected":false},"featured_media":25423,"template":"","meta":{"_joinchat":[]},"product_brand":[],"product_cat":[679],"product_tag":[],"class_list":{"0":"post-25422","1":"product","2":"type-product","3":"status-publish","4":"has-post-thumbnail","6":"product_cat-sabonetes","8":"first","9":"instock","10":"taxable","11":"shipping-taxable","12":"purchasable","13":"product-type-simple"},"yoast_head":"<!-- This site is optimized with the Yoast SEO plugin v27.1.1 - https:\/\/yoast.com\/product\/yoast-seo-wordpress\/ -->\n<title>Sabonete de Rosas: Loja Xam\u00e2nica<\/title>\n<meta name=\"description\" content=\"Sabonete de Rosas: \u00c9 especialmente indicado para peles sens\u00edveis. Possui propriedades calmantes, purificantes, anti-inflamat\u00f3rias e cicatrizantes.\" \/>\n<meta name=\"robots\" content=\"index, follow, max-snippet:-1, max-image-preview:large, max-video-preview:-1\" \/>\n<link rel=\"canonical\" href=\"https:\/\/www.sinchisinchi.com\/pt-pt\/producto\/rosa\/\" \/>\n<meta property=\"og:locale\" content=\"pt_PT\" \/>\n<meta property=\"og:type\" content=\"article\" \/>\n<meta property=\"og:title\" content=\"Sabonete de Rosas: Loja Xam\u00e2nica\" \/>\n<meta property=\"og:description\" content=\"Sabonete de Rosas: \u00c9 especialmente indicado para peles sens\u00edveis. Possui propriedades calmantes, purificantes, anti-inflamat\u00f3rias e cicatrizantes.\" \/>\n<meta property=\"og:url\" content=\"https:\/\/www.sinchisinchi.com\/pt-pt\/producto\/rosa\/\" \/>\n<meta property=\"og:site_name\" content=\"SINCHI RAP\u00c9\" \/>\n<meta property=\"article:publisher\" content=\"https:\/\/www.facebook.com\/sinchirape\/\" \/>\n<meta property=\"article:modified_time\" content=\"2025-01-31T18:00:04+00:00\" \/>\n<meta property=\"og:image\" content=\"https:\/\/www.sinchisinchi.com\/wp-content\/uploads\/2024\/05\/WhatsApp-Image-2024-05-08-at-09.55.28.jpeg\" \/>\n\t<meta property=\"og:image:width\" content=\"1024\" \/>\n\t<meta property=\"og:image:height\" content=\"1024\" \/>\n\t<meta property=\"og:image:type\" content=\"image\/jpeg\" \/>\n<meta name=\"twitter:card\" content=\"summary_large_image\" \/>\n<meta name=\"twitter:label1\" content=\"Tempo estimado de leitura\" \/>\n\t<meta name=\"twitter:data1\" content=\"1 minuto\" \/>\n<script type=\"application\/ld+json\" class=\"yoast-schema-graph\">{\"@context\":\"https:\/\/schema.org\",\"@graph\":[{\"@type\":\"WebPage\",\"@id\":\"https:\/\/www.sinchisinchi.com\/pt-pt\/producto\/rosa\/\",\"url\":\"https:\/\/www.sinchisinchi.com\/pt-pt\/producto\/rosa\/\",\"name\":\"Sabonete de Rosas: Loja Xam\u00e2nica\",\"isPartOf\":{\"@id\":\"https:\/\/www.sinchisinchi.com\/pt-pt\/#website\"},\"primaryImageOfPage\":{\"@id\":\"https:\/\/www.sinchisinchi.com\/pt-pt\/producto\/rosa\/#primaryimage\"},\"image\":{\"@id\":\"https:\/\/www.sinchisinchi.com\/pt-pt\/producto\/rosa\/#primaryimage\"},\"thumbnailUrl\":\"https:\/\/www.sinchisinchi.com\/wp-content\/uploads\/2024\/05\/WhatsApp-Image-2024-05-08-at-09.55.28.jpeg\",\"datePublished\":\"2024-05-08T07:58:35+00:00\",\"dateModified\":\"2025-01-31T18:00:04+00:00\",\"description\":\"Sabonete de Rosas: \u00c9 especialmente indicado para peles sens\u00edveis. Possui propriedades calmantes, purificantes, anti-inflamat\u00f3rias e cicatrizantes.\",\"breadcrumb\":{\"@id\":\"https:\/\/www.sinchisinchi.com\/pt-pt\/producto\/rosa\/#breadcrumb\"},\"inLanguage\":\"pt-PT\",\"potentialAction\":[{\"@type\":\"ReadAction\",\"target\":[\"https:\/\/www.sinchisinchi.com\/pt-pt\/producto\/rosa\/\"]}]},{\"@type\":\"ImageObject\",\"inLanguage\":\"pt-PT\",\"@id\":\"https:\/\/www.sinchisinchi.com\/pt-pt\/producto\/rosa\/#primaryimage\",\"url\":\"https:\/\/www.sinchisinchi.com\/wp-content\/uploads\/2024\/05\/WhatsApp-Image-2024-05-08-at-09.55.28.jpeg\",\"contentUrl\":\"https:\/\/www.sinchisinchi.com\/wp-content\/uploads\/2024\/05\/WhatsApp-Image-2024-05-08-at-09.55.28.jpeg\",\"width\":1024,\"height\":1024},{\"@type\":\"BreadcrumbList\",\"@id\":\"https:\/\/www.sinchisinchi.com\/pt-pt\/producto\/rosa\/#breadcrumb\",\"itemListElement\":[{\"@type\":\"ListItem\",\"position\":1,\"name\":\"Prima pagina\",\"item\":\"https:\/\/www.sinchisinchi.com\/pt-pt\/\"},{\"@type\":\"ListItem\",\"position\":2,\"name\":\"Produtos\",\"item\":\"https:\/\/www.sinchisinchi.com\/pt-pt\/shop\/\"},{\"@type\":\"ListItem\",\"position\":3,\"name\":\"Rosa\"}]},{\"@type\":\"WebSite\",\"@id\":\"https:\/\/www.sinchisinchi.com\/pt-pt\/#website\",\"url\":\"https:\/\/www.sinchisinchi.com\/pt-pt\/\",\"name\":\"SINCHI\",\"description\":\"Sinchi Medicine\",\"publisher\":{\"@id\":\"https:\/\/www.sinchisinchi.com\/pt-pt\/#organization\"},\"potentialAction\":[{\"@type\":\"SearchAction\",\"target\":{\"@type\":\"EntryPoint\",\"urlTemplate\":\"https:\/\/www.sinchisinchi.com\/pt-pt\/?s={search_term_string}\"},\"query-input\":{\"@type\":\"PropertyValueSpecification\",\"valueRequired\":true,\"valueName\":\"search_term_string\"}}],\"inLanguage\":\"pt-PT\"},{\"@type\":\"Organization\",\"@id\":\"https:\/\/www.sinchisinchi.com\/pt-pt\/#organization\",\"name\":\"SINCHI S.L\",\"url\":\"https:\/\/www.sinchisinchi.com\/pt-pt\/\",\"logo\":{\"@type\":\"ImageObject\",\"inLanguage\":\"pt-PT\",\"@id\":\"https:\/\/www.sinchisinchi.com\/pt-pt\/#\/schema\/logo\/image\/\",\"url\":\"https:\/\/www.sinchisinchi.com\/wp-content\/uploads\/2026\/01\/3b-Verde-SIMPLIFICADO-HORIZONTAL-F-TRANSPARENTE-scaled.png\",\"contentUrl\":\"https:\/\/www.sinchisinchi.com\/wp-content\/uploads\/2026\/01\/3b-Verde-SIMPLIFICADO-HORIZONTAL-F-TRANSPARENTE-scaled.png\",\"width\":2560,\"height\":457,\"caption\":\"SINCHI S.L\"},\"image\":{\"@id\":\"https:\/\/www.sinchisinchi.com\/pt-pt\/#\/schema\/logo\/image\/\"},\"sameAs\":[\"https:\/\/www.facebook.com\/sinchirape\/\",\"https:\/\/www.instagram.com\/sinchi_rape\/\"]}]}<\/script>\n<!-- \/ Yoast SEO plugin. -->","yoast_head_json":{"title":"Sabonete de Rosas: Loja Xam\u00e2nica","description":"Sabonete de Rosas: \u00c9 especialmente indicado para peles sens\u00edveis. Possui propriedades calmantes, purificantes, anti-inflamat\u00f3rias e cicatrizantes.","robots":{"index":"index","follow":"follow","max-snippet":"max-snippet:-1","max-image-preview":"max-image-preview:large","max-video-preview":"max-video-preview:-1"},"canonical":"https:\/\/www.sinchisinchi.com\/pt-pt\/producto\/rosa\/","og_locale":"pt_PT","og_type":"article","og_title":"Sabonete de Rosas: Loja Xam\u00e2nica","og_description":"Sabonete de Rosas: \u00c9 especialmente indicado para peles sens\u00edveis. Possui propriedades calmantes, purificantes, anti-inflamat\u00f3rias e cicatrizantes.","og_url":"https:\/\/www.sinchisinchi.com\/pt-pt\/producto\/rosa\/","og_site_name":"SINCHI RAP\u00c9","article_publisher":"https:\/\/www.facebook.com\/sinchirape\/","article_modified_time":"2025-01-31T18:00:04+00:00","og_image":[{"width":1024,"height":1024,"url":"https:\/\/www.sinchisinchi.com\/wp-content\/uploads\/2024\/05\/WhatsApp-Image-2024-05-08-at-09.55.28.jpeg","type":"image\/jpeg"}],"twitter_card":"summary_large_image","twitter_misc":{"Tempo estimado de leitura":"1 minuto"},"schema":{"@context":"https:\/\/schema.org","@graph":[{"@type":"WebPage","@id":"https:\/\/www.sinchisinchi.com\/pt-pt\/producto\/rosa\/","url":"https:\/\/www.sinchisinchi.com\/pt-pt\/producto\/rosa\/","name":"Sabonete de Rosas: Loja Xam\u00e2nica","isPartOf":{"@id":"https:\/\/www.sinchisinchi.com\/pt-pt\/#website"},"primaryImageOfPage":{"@id":"https:\/\/www.sinchisinchi.com\/pt-pt\/producto\/rosa\/#primaryimage"},"image":{"@id":"https:\/\/www.sinchisinchi.com\/pt-pt\/producto\/rosa\/#primaryimage"},"thumbnailUrl":"https:\/\/www.sinchisinchi.com\/wp-content\/uploads\/2024\/05\/WhatsApp-Image-2024-05-08-at-09.55.28.jpeg","datePublished":"2024-05-08T07:58:35+00:00","dateModified":"2025-01-31T18:00:04+00:00","description":"Sabonete de Rosas: \u00c9 especialmente indicado para peles sens\u00edveis. Possui propriedades calmantes, purificantes, anti-inflamat\u00f3rias e cicatrizantes.","breadcrumb":{"@id":"https:\/\/www.sinchisinchi.com\/pt-pt\/producto\/rosa\/#breadcrumb"},"inLanguage":"pt-PT","potentialAction":[{"@type":"ReadAction","target":["https:\/\/www.sinchisinchi.com\/pt-pt\/producto\/rosa\/"]}]},{"@type":"ImageObject","inLanguage":"pt-PT","@id":"https:\/\/www.sinchisinchi.com\/pt-pt\/producto\/rosa\/#primaryimage","url":"https:\/\/www.sinchisinchi.com\/wp-content\/uploads\/2024\/05\/WhatsApp-Image-2024-05-08-at-09.55.28.jpeg","contentUrl":"https:\/\/www.sinchisinchi.com\/wp-content\/uploads\/2024\/05\/WhatsApp-Image-2024-05-08-at-09.55.28.jpeg","width":1024,"height":1024},{"@type":"BreadcrumbList","@id":"https:\/\/www.sinchisinchi.com\/pt-pt\/producto\/rosa\/#breadcrumb","itemListElement":[{"@type":"ListItem","position":1,"name":"Prima pagina","item":"https:\/\/www.sinchisinchi.com\/pt-pt\/"},{"@type":"ListItem","position":2,"name":"Produtos","item":"https:\/\/www.sinchisinchi.com\/pt-pt\/shop\/"},{"@type":"ListItem","position":3,"name":"Rosa"}]},{"@type":"WebSite","@id":"https:\/\/www.sinchisinchi.com\/pt-pt\/#website","url":"https:\/\/www.sinchisinchi.com\/pt-pt\/","name":"SINCHI","description":"Sinchi Medicine","publisher":{"@id":"https:\/\/www.sinchisinchi.com\/pt-pt\/#organization"},"potentialAction":[{"@type":"SearchAction","target":{"@type":"EntryPoint","urlTemplate":"https:\/\/www.sinchisinchi.com\/pt-pt\/?s={search_term_string}"},"query-input":{"@type":"PropertyValueSpecification","valueRequired":true,"valueName":"search_term_string"}}],"inLanguage":"pt-PT"},{"@type":"Organization","@id":"https:\/\/www.sinchisinchi.com\/pt-pt\/#organization","name":"SINCHI S.L","url":"https:\/\/www.sinchisinchi.com\/pt-pt\/","logo":{"@type":"ImageObject","inLanguage":"pt-PT","@id":"https:\/\/www.sinchisinchi.com\/pt-pt\/#\/schema\/logo\/image\/","url":"https:\/\/www.sinchisinchi.com\/wp-content\/uploads\/2026\/01\/3b-Verde-SIMPLIFICADO-HORIZONTAL-F-TRANSPARENTE-scaled.png","contentUrl":"https:\/\/www.sinchisinchi.com\/wp-content\/uploads\/2026\/01\/3b-Verde-SIMPLIFICADO-HORIZONTAL-F-TRANSPARENTE-scaled.png","width":2560,"height":457,"caption":"SINCHI S.L"},"image":{"@id":"https:\/\/www.sinchisinchi.com\/pt-pt\/#\/schema\/logo\/image\/"},"sameAs":["https:\/\/www.facebook.com\/sinchirape\/","https:\/\/www.instagram.com\/sinchi_rape\/"]}]}},"_links":{"self":[{"href":"https:\/\/www.sinchisinchi.com\/pt-pt\/wp-json\/wp\/v2\/product\/25422","targetHints":{"allow":["GET"]}}],"collection":[{"href":"https:\/\/www.sinchisinchi.com\/pt-pt\/wp-json\/wp\/v2\/product"}],"about":[{"href":"https:\/\/www.sinchisinchi.com\/pt-pt\/wp-json\/wp\/v2\/types\/product"}],"wp:featuredmedia":[{"embeddable":true,"href":"https:\/\/www.sinchisinchi.com\/pt-pt\/wp-json\/wp\/v2\/media\/25423"}],"wp:attachment":[{"href":"https:\/\/www.sinchisinchi.com\/pt-pt\/wp-json\/wp\/v2\/media?parent=25422"}],"wp:term":[{"taxonomy":"product_brand","embeddable":true,"href":"https:\/\/www.sinchisinchi.com\/pt-pt\/wp-json\/wp\/v2\/product_brand?post=25422"},{"taxonomy":"product_cat","embeddable":true,"href":"https:\/\/www.sinchisinchi.com\/pt-pt\/wp-json\/wp\/v2\/product_cat?post=25422"},{"taxonomy":"product_tag","embeddable":true,"href":"https:\/\/www.sinchisinchi.com\/pt-pt\/wp-json\/wp\/v2\/product_tag?post=25422"}],"curies":[{"name":"wp","href":"https:\/\/api.w.org\/{rel}","templated":true}]}}