{"id":25502,"date":"2024-05-07T08:30:43","date_gmt":"2024-05-07T08:30:43","guid":{"rendered":"https:\/\/www.sinchisinchi.com\/producto\/aceite-de-oliva\/"},"modified":"2024-05-07T08:30:43","modified_gmt":"2024-05-07T08:30:43","slug":"aceite-de-oliva","status":"publish","type":"product","link":"https:\/\/www.sinchisinchi.com\/pt-pt\/producto\/aceite-de-oliva\/","title":{"rendered":"Aceite de Oliva"},"content":{"rendered":"<h2 style=\"text-align: center;\"><strong>Hist\u00f3ria do Olivo e do seu \u00f3leo<\/strong><\/h2>\n<p>O Olivo, s\u00edmbolo da sabedoria e da paz, foi adotado pela ra\u00e7a humana como fonte de riqueza e alimento desde h\u00e1 mil\u00e9nios. A hist\u00f3ria de Olivo remonta \u00e0 origem da agricultura nas primeiras civiliza\u00e7\u00f5es do Mediterr\u00e2neo e do Pr\u00f3ximo Oriente.<\/p>\n<h3 style=\"text-align: center;\"><strong>Pr\u00e9-hist\u00f3ria<\/strong><\/h3>\n<p>A exist\u00eancia do olival remonta a 12.000 anos a.C. Foram encontrados f\u00f3sseis de folhas de azeitona em dep\u00f3sitos do plioceno de Mongardino, It\u00e1lia, bem como em estratos rochosos do per\u00edodo Paleol\u00edtico Superior no Norte de \u00c1frica e em escava\u00e7\u00f5es da era do bronze em Espanha.<\/p>\n<h3 style=\"text-align: center;\"><strong>Egito<\/strong><\/h3>\n<p>O in\u00edcio do cultivo do azeite situava-se no oriente m\u00e9dio e pr\u00f3ximo, e as primeiras refer\u00eancias documentais e arqueol\u00f3gicas sobre a apar\u00eancia e uso do azeite de oliva eram provenientes da \u00e9poca do <strong>Antigo Egito<\/strong>, onde era venerado e estava apenas no alcance das classes privilegiadas.<\/p>\n<p>No Egipto o olival aparece representado nos sarc\u00f3fagos de alguns fara\u00f3s. O azeite era preparado com ess\u00eancias arom\u00e1ticas e era utilizado como \u00f3leo sacramental dos Faraones no m\u00e1ximo.<\/p>\n<p>Segundo a mitologia eg\u00edpcia, foi \u00cdsis quem ensinou aos homens o cultivo do azeite. As maiores planta\u00e7\u00f5es de azeite est\u00e3o localizadas perto do delta do Nilo, muito perto da cidade de Alexandria. Por exemplo, fala-se do azeite no Fayum e no Tebaida.<\/p>\n<p>A variedade de azeites empregada no Egipto n\u00e3o teria um grande rendimento em \u00f3leo, pois o clima seria pouco prop\u00edcio ao seu crescimento e desenvolvimento; por esta raz\u00e3o, o uso do azeite como alimento era escasso e era utilizado principalmente para aplica\u00e7\u00f5es medicinais e cosm\u00e9ticas.<\/p>\n<p>El Papiro Harris menciona diversas fontes de azeite, e um importante com\u00e9rcio deste com as tribos gregas. O uso de azeite nas l\u00e2mpadas funer\u00e1rias era comum, e Rams\u00e9s III destinou planta\u00e7\u00f5es \u00e0 sua produ\u00e7\u00e3o.<\/p>\n<p>A palavra \u00f3leo n\u00e3o aparece nos textos at\u00e9 cerca da novena dinastia do Egito.<\/p>\n<p>Nas popula\u00e7\u00f5es escravas de religi\u00e3o judaica eg\u00edpcia, o azeite cobrava um simbolismo especial. Foi adicionado a bebidas como o khilmi e o alontit, e at\u00e9 mesmo ao vinho anigron.<\/p>\n<p>Juntamente com outras ess\u00eancias e ervas arom\u00e1ticas, foi utilizado no fabrico de perfumes embebidos, no banho para embelezar e limpar os poros, em unguentos com azafr\u00e1n e ervas para hidratar a pele e evitar o aparecimento de rugas, para abrilhantar o cabelo e para massagens terap\u00eauticas.<\/p>\n<p>Tinha profundas conota\u00e7\u00f5es espirituais e era utilizada nas l\u00e2mpadas acesas em honra dos deuses.<\/p>\n<h3 style=\"text-align: center;\"><strong>Gr\u00e9cia<\/strong><\/h3>\n<p><strong>A mitologia grega<\/strong> \u00e9 rica em lendas e men\u00e7\u00f5es a Olivo, Deus como Atenea, H\u00e9rcules, ou os jogos Ol\u00edmpicos t\u00eam como elemento caracter\u00edstico o Olivo, as suas ramagens, folhas e fruto. As primeiras refer\u00eancias documentadas sobre o Olivo eram griegas: simbolizavam a paz e a prosperidade, tal como a ressurrei\u00e7\u00e3o e a esperan\u00e7a.<\/p>\n<p>Nos <strong>primeiros jogos ol\u00edmpicos<\/strong> celebrados em 776 a.C., foi oferecida aos vencedores das provas desportivas uma <strong>ramita de azeitona<\/strong> como reconhecimento do seu triunfo, e<strong> a primeira torre ol\u00edmpica<\/strong> foi uma ramita de azeitona em chamas. As gin\u00e1sticas, antes do exerc\u00edcio, devem ser feitas massagens para colocar os m\u00fasculos em ponto, evitar les\u00f5es e proteger a pele das diferen\u00e7as de temperatura.<\/p>\n<p>Nas<strong> festas panatenaicas<\/strong>, semelhantes em import\u00e2ncia aos jogos ol\u00edmpicos, eram oferecidas aos vencedores <strong>\u00e2nforas de azeite<\/strong>. A quantidade de \u00f3leo oferecido como pr\u00e9mio ao vencedor de um pr\u00e9mio desportivo poderia ser grande, incluindo v\u00e1rias toneladas.<\/p>\n<p>O aparecimento do azeite na Gr\u00e9cia ocorre na ilha de <strong>Creta<\/strong>, o seu cultivo leva ao estabelecimento das primeiras rotas comerciais ao longo do largo mar mediterr\u00e2nico com o Egipto e outros povos.<\/p>\n<p>As classes sociais mais baixas n\u00e3o consomem o azeite na cozinha ficando reservado para as classes mais favoritas. O uso como combust\u00edvel para ilumina\u00e7\u00e3o, como rem\u00e9dio medicinal e como \u00f3leo corporal era muito habitual.<\/p>\n<p>Diosc\u00f3rides menciona o onfacino, um \u00f3leo extra\u00eddo da aceituna n\u00e3o madura, indicando que \u00e9 \u00fatil para o stress muscular, o cuidado da pele e do cabelo. Hip\u00f3crates tamb\u00e9m menciona as suas propriedades medicinais.<\/p>\n<p>No s\u00e9culo V a. C. o rei persa Jerjes incendiou a cidade de Atenas, no interior da qual se deitou o azeite centen\u00e1rio de Atenea, que ficou calcinado. Quando os atletas entram na cidade arrasada, o azeite j\u00e1 criou um c\u00f3digo, press\u00e1gio da r\u00e1pida recupera\u00e7\u00e3o e renova\u00e7\u00e3o dos atletas antes da adversidade.<\/p>\n<p>O azeite aparece numas pequenas <strong>t\u00e1buas de barro<\/strong>, o que d\u00e1 testemunho da import\u00e2ncia do azeite na economia cretense (2500 a.C.).<\/p>\n<p>A adora\u00e7\u00e3o dos gregos pelo azeite \u00e9 mostrada nos frescos das muralhas do <strong>pal\u00e1cio de Cnossos<\/strong>, onde aparecem in\u00fameras representa\u00e7\u00f5es de azeitonas.<\/p>\n<p>Com frequ\u00eancia pode ver azeitonas nas decora\u00e7\u00f5es dos vasos, nas alegrias e nos restantes utens\u00edlios da vida quotidiana da \u00e9poca.<\/p>\n<p>As un\u00e7\u00f5es j\u00e1 aparecem com frequ\u00eancia em Homero e d\u00e3o-nas \u00e0s mulheres e aos irm\u00e3os. Ulises diz a Nausicaa (Od. VI 96) \u00abSabei sem querer ajudar-me a lavar-me com espuma e a ungir-me com este \u00f3leo que passado tanto tempo a minha pele n\u00e3o conhece\u00bb.<\/p>\n<p>Cada pessoa levava aos banhos o seu frasco de \u00f3leo (lecythus).<\/p>\n<p>O \u00f3leo serve de base para elaborar perfumes (Myron), embora o seu aroma fosse considerado por muitos como um perfume. A arqueologia (quadros microsc\u00f3picos), as pinturas murais de Pompeia e os textos de Diosc\u00f3rides, Teofrasto e Pl\u00ednio mencionam esta utiliza\u00e7\u00e3o.<\/p>\n<p>Considerava-se o melhor excipiente para elaborar um perfume, especialmente o \u00e1cido de azeitonas verdes que revestia pouco \u00f3leo, por ser receptivo, conservava bem e resistia ao calor.<\/p>\n<p>Os antigos gregos s\u00e3o humedecidos com \u00e1gua e uma esponja, sem \u00f3leo (s\u00f3 a partir do s\u00e9culo I a. C. \u00e9 coberta com \u00f3leo uma fina camada de emuls\u00e3o jabonosa), e ao sair do banho s\u00e3o untados com \u00f3leo.<\/p>\n<h3 style=\"text-align: center;\"><strong>Fen\u00edcios<\/strong><\/h3>\n<p>Em Espanha, o cultivo do azeite foi introduzido pelos <strong>Fen\u00edcios<\/strong> (1100 a. C.).<\/p>\n<h3 style=\"text-align: center;\"><strong>Roma<\/strong><\/h3>\n<p>A partir do ano 206 a. C, ap\u00f3s a ocupa\u00e7\u00e3o romana na Hisp\u00e2nia, a produ\u00e7\u00e3o de olival come\u00e7ou a ganhar import\u00e2ncia.<\/p>\n<p>O contacto comercial e o guerreiro dos gregos com os etruscos fizeram com que o cultivo do azeite fosse introduzido em It\u00e1lia durante o reinado de Lucio Tarquinio Prisco, no per\u00edodo 616 a.C. C. a 578 a. C., ainda podia ter chegado a It\u00e1lia tr\u00eas anos antes da queda de Tr\u00f3ia.<\/p>\n<p>Nos s\u00e9culos II e III o olival expandiu-se pelo Mediterr\u00e2neo, gra\u00e7as aos avan\u00e7os territoriais e militares do Imp\u00e9rio Romano. As coroas de azeitona servem de oferta aos generais romanos vitoriosos, tal como fizeram os gregos.<\/p>\n<p>O uso do azeite foi muito difundido entre os habitantes da cidade de Roma, e a produ\u00e7\u00e3o de azeite gerou uma paisagem agr\u00edcola nas col\u00f3nias romanas.<\/p>\n<p>Plinio el Viejo recolhe receitas de unguentos e pomadas com azeite.<\/p>\n<p>Cat\u00f3n el Viejo descreve no seu livro Sobre a agricultura v\u00e1rios m\u00e9todos de cultivo, poda e cuidado com o azeite, que aprenderam dos gregos.<\/p>\n<p>A aplica\u00e7\u00e3o do primeiro creme hidratante deveu-se ao m\u00e9dico turco Claudio Galeno (129-199 d.C.), que descobriu que misturando azeite com \u00e1gua e cera de abelha se obtinha um creme hidratante que conferia grande elasticidade \u00e0 pele.<\/p>\n<h3 style=\"text-align: center;\"><strong>Idade dos media<\/strong><\/h3>\n<p>Depois da Decad\u00eancia do Imp\u00e9rio Romano, s\u00e3o as ordens religiosas que come\u00e7am a tomar as riendas da produ\u00e7\u00e3o na Europa Medieval. O consumo entre os cl\u00e9rigos que vivem em mosteiros e as pessoas da classe alta manteve-se sempre.<\/p>\n<p>Utilizado na cozinha, na ilumina\u00e7\u00e3o de casas, na elabora\u00e7\u00e3o de pain\u00e9is e tecidos, aplica\u00e7\u00f5es para as quais era muito \u00fatil e dif\u00edcil de recolocar.<\/p>\n<h3 style=\"text-align: center;\"><strong>B\u00edblia<\/strong><\/h3>\n<p><strong>Na B\u00edblia,<\/strong> encontram-se algumas men\u00e7\u00f5es quadruplicadas ao olival ou ao \u00f3leo. Era a base do b\u00e1lsamo da un\u00e7\u00e3o e da luz que iluminava as trevas dos templos e dos lares. No <strong>Livro do G\u00e9nesis,<\/strong> uma palmeira entregou um ramo de oliveira a <strong>No\u00e9<\/strong>, anunciando o fim do diluvio e das inunda\u00e7\u00f5es. No\u00e9 reconheceu este gesto como um sinal da paz que se venderia. No <strong>Livro do \u00caxodo,<\/strong> Deus disse a <strong>Mois\u00e9s<\/strong> como preparar um azeite e especiarias para ungir a sua cidade; menciona tamb\u00e9m a ora\u00e7\u00e3o de Jesucristo no Monte dos Olivos.<\/p>\n<p>Em <strong>Al-Andalus<\/strong> a produ\u00e7\u00e3o de azeite era muito intensa e tinha zonas, como o Aljarafe perto de Sevilha, onde estavam cheias de azeitonas. O escritor mu\u00e7ulmano da \u00e9poca Al-Idrisi refere que a riqueza dos habitantes de Sevilha se deve em grande parte \u00e0 exporta\u00e7\u00e3o de azeite.<\/p>\n","protected":false},"excerpt":{"rendered":"<p>Jab\u00f3n natural com azeite, poderosas propriedades nutritivas, revitalizantes e antioxidantes. Ajuda a retardar os sinais de envolvimento cut\u00e2neo devido ao seu elevado teor de vitamina E.<\/p>\n<p>\u00c9 um jab\u00e3o suave, protege a pele, proporciona brilho, frescura e elasticidade.<\/p>\n<p>\u00c9 um excelente nutriente, funciona como agente anti-envelhecimento e proporciona \u00e0 pele brilhante uma textura suave e el\u00e1stica.<\/p>\n<p>No \u00f3leo de oliva encontram-se diversas subst\u00e2ncias antioxidantes: os flavon\u00f3ides, os polifen\u00f3is e a vitamina E, que \u00e9 o que leva ao \u00f3leo a propriedade de conservar; e al ser um antioxidante celular, retardando o envolvimento das c\u00e9lulas.<\/p>\n<p>O azeite virgem extra tem um perfil lip\u00eddico muito semelhante ao da pele do ser humano, protege a pele face a fatores ambientais externos, hidrata e mant\u00e9m a estrutura \u00edntegra da derme, permitindo uma melhor regenera\u00e7\u00e3o.<\/p>\n<p>\u00c9 muito eficaz para o cabelo devolvendo-lhe for\u00e7a, brilho e hidratando profundamente o couro cabeludo.<\/p>\n<p>Ao longo da hist\u00f3ria, o uso do azeite para o cuidado da pele foi venerado por todas as civiliza\u00e7\u00f5es que o conheceram.<\/p>\n<p><strong>Tomate:<\/strong> 125gr<\/p>\n","protected":false},"featured_media":25503,"template":"","meta":{"_joinchat":[]},"product_brand":[],"product_cat":[679,680],"product_tag":[],"class_list":{"0":"post-25502","1":"product","2":"type-product","3":"status-publish","4":"has-post-thumbnail","6":"product_cat-sabonetes","7":"product_cat-varios-pt-pt","9":"first","10":"instock","11":"taxable","12":"shipping-taxable","13":"purchasable","14":"product-type-simple"},"yoast_head":"<!-- This site is optimized with the Yoast SEO plugin v27.1.1 - https:\/\/yoast.com\/product\/yoast-seo-wordpress\/ -->\n<title>Jab\u00f3n con Aceite de Oliva: Loja Cham\u00e1nica<\/title>\n<meta name=\"description\" content=\"Deuses como Atenea e H\u00e9rcules tinham Olivo como elemento caracter\u00edstico: Simbolizava a paz e a prosperidade, bem como a ressurrei\u00e7\u00e3o e a esperan\u00e7a.\" \/>\n<meta name=\"robots\" content=\"index, follow, max-snippet:-1, max-image-preview:large, max-video-preview:-1\" \/>\n<link rel=\"canonical\" href=\"https:\/\/www.sinchisinchi.com\/pt-pt\/producto\/aceite-de-oliva\/\" \/>\n<meta property=\"og:locale\" content=\"pt_PT\" \/>\n<meta property=\"og:type\" content=\"article\" \/>\n<meta property=\"og:title\" content=\"Jab\u00f3n con Aceite de Oliva: Loja Cham\u00e1nica\" \/>\n<meta property=\"og:description\" content=\"Deuses como Atenea e H\u00e9rcules tinham Olivo como elemento caracter\u00edstico: Simbolizava a paz e a prosperidade, bem como a ressurrei\u00e7\u00e3o e a esperan\u00e7a.\" \/>\n<meta property=\"og:url\" content=\"https:\/\/www.sinchisinchi.com\/pt-pt\/producto\/aceite-de-oliva\/\" \/>\n<meta property=\"og:site_name\" content=\"SINCHI RAP\u00c9\" \/>\n<meta property=\"article:publisher\" content=\"https:\/\/www.facebook.com\/sinchirape\/\" \/>\n<meta property=\"og:image\" content=\"https:\/\/www.sinchisinchi.com\/wp-content\/uploads\/2024\/05\/aceite-de-oliva.webp\" \/>\n\t<meta property=\"og:image:width\" content=\"800\" \/>\n\t<meta property=\"og:image:height\" content=\"800\" \/>\n\t<meta property=\"og:image:type\" content=\"image\/webp\" \/>\n<meta name=\"twitter:card\" content=\"summary_large_image\" \/>\n<meta name=\"twitter:label1\" content=\"Tempo estimado de leitura\" \/>\n\t<meta name=\"twitter:data1\" content=\"7 minutos\" \/>\n<script type=\"application\/ld+json\" class=\"yoast-schema-graph\">{\"@context\":\"https:\/\/schema.org\",\"@graph\":[{\"@type\":\"WebPage\",\"@id\":\"https:\/\/www.sinchisinchi.com\/pt-pt\/producto\/aceite-de-oliva\/\",\"url\":\"https:\/\/www.sinchisinchi.com\/pt-pt\/producto\/aceite-de-oliva\/\",\"name\":\"Jab\u00f3n con Aceite de Oliva: Loja Cham\u00e1nica\",\"isPartOf\":{\"@id\":\"https:\/\/www.sinchisinchi.com\/pt-pt\/#website\"},\"primaryImageOfPage\":{\"@id\":\"https:\/\/www.sinchisinchi.com\/pt-pt\/producto\/aceite-de-oliva\/#primaryimage\"},\"image\":{\"@id\":\"https:\/\/www.sinchisinchi.com\/pt-pt\/producto\/aceite-de-oliva\/#primaryimage\"},\"thumbnailUrl\":\"https:\/\/www.sinchisinchi.com\/wp-content\/uploads\/2024\/05\/aceite-de-oliva.webp\",\"datePublished\":\"2024-05-07T08:30:43+00:00\",\"description\":\"Deuses como Atenea e H\u00e9rcules tinham Olivo como elemento caracter\u00edstico: Simbolizava a paz e a prosperidade, bem como a ressurrei\u00e7\u00e3o e a esperan\u00e7a.\",\"breadcrumb\":{\"@id\":\"https:\/\/www.sinchisinchi.com\/pt-pt\/producto\/aceite-de-oliva\/#breadcrumb\"},\"inLanguage\":\"pt-PT\",\"potentialAction\":[{\"@type\":\"ReadAction\",\"target\":[\"https:\/\/www.sinchisinchi.com\/pt-pt\/producto\/aceite-de-oliva\/\"]}]},{\"@type\":\"ImageObject\",\"inLanguage\":\"pt-PT\",\"@id\":\"https:\/\/www.sinchisinchi.com\/pt-pt\/producto\/aceite-de-oliva\/#primaryimage\",\"url\":\"https:\/\/www.sinchisinchi.com\/wp-content\/uploads\/2024\/05\/aceite-de-oliva.webp\",\"contentUrl\":\"https:\/\/www.sinchisinchi.com\/wp-content\/uploads\/2024\/05\/aceite-de-oliva.webp\",\"width\":800,\"height\":800},{\"@type\":\"BreadcrumbList\",\"@id\":\"https:\/\/www.sinchisinchi.com\/pt-pt\/producto\/aceite-de-oliva\/#breadcrumb\",\"itemListElement\":[{\"@type\":\"ListItem\",\"position\":1,\"name\":\"Prima pagina\",\"item\":\"https:\/\/www.sinchisinchi.com\/pt-pt\/\"},{\"@type\":\"ListItem\",\"position\":2,\"name\":\"Produtos\",\"item\":\"https:\/\/www.sinchisinchi.com\/pt-pt\/shop\/\"},{\"@type\":\"ListItem\",\"position\":3,\"name\":\"Aceite de Oliva\"}]},{\"@type\":\"WebSite\",\"@id\":\"https:\/\/www.sinchisinchi.com\/pt-pt\/#website\",\"url\":\"https:\/\/www.sinchisinchi.com\/pt-pt\/\",\"name\":\"SINCHI\",\"description\":\"Sinchi Medicine\",\"publisher\":{\"@id\":\"https:\/\/www.sinchisinchi.com\/pt-pt\/#organization\"},\"potentialAction\":[{\"@type\":\"SearchAction\",\"target\":{\"@type\":\"EntryPoint\",\"urlTemplate\":\"https:\/\/www.sinchisinchi.com\/pt-pt\/?s={search_term_string}\"},\"query-input\":{\"@type\":\"PropertyValueSpecification\",\"valueRequired\":true,\"valueName\":\"search_term_string\"}}],\"inLanguage\":\"pt-PT\"},{\"@type\":\"Organization\",\"@id\":\"https:\/\/www.sinchisinchi.com\/pt-pt\/#organization\",\"name\":\"SINCHI S.L\",\"url\":\"https:\/\/www.sinchisinchi.com\/pt-pt\/\",\"logo\":{\"@type\":\"ImageObject\",\"inLanguage\":\"pt-PT\",\"@id\":\"https:\/\/www.sinchisinchi.com\/pt-pt\/#\/schema\/logo\/image\/\",\"url\":\"https:\/\/www.sinchisinchi.com\/wp-content\/uploads\/2026\/01\/3b-Verde-SIMPLIFICADO-HORIZONTAL-F-TRANSPARENTE-scaled.png\",\"contentUrl\":\"https:\/\/www.sinchisinchi.com\/wp-content\/uploads\/2026\/01\/3b-Verde-SIMPLIFICADO-HORIZONTAL-F-TRANSPARENTE-scaled.png\",\"width\":2560,\"height\":457,\"caption\":\"SINCHI S.L\"},\"image\":{\"@id\":\"https:\/\/www.sinchisinchi.com\/pt-pt\/#\/schema\/logo\/image\/\"},\"sameAs\":[\"https:\/\/www.facebook.com\/sinchirape\/\",\"https:\/\/www.instagram.com\/sinchi_rape\/\"]}]}<\/script>\n<!-- \/ Yoast SEO plugin. -->","yoast_head_json":{"title":"Jab\u00f3n con Aceite de Oliva: Loja Cham\u00e1nica","description":"Deuses como Atenea e H\u00e9rcules tinham Olivo como elemento caracter\u00edstico: Simbolizava a paz e a prosperidade, bem como a ressurrei\u00e7\u00e3o e a esperan\u00e7a.","robots":{"index":"index","follow":"follow","max-snippet":"max-snippet:-1","max-image-preview":"max-image-preview:large","max-video-preview":"max-video-preview:-1"},"canonical":"https:\/\/www.sinchisinchi.com\/pt-pt\/producto\/aceite-de-oliva\/","og_locale":"pt_PT","og_type":"article","og_title":"Jab\u00f3n con Aceite de Oliva: Loja Cham\u00e1nica","og_description":"Deuses como Atenea e H\u00e9rcules tinham Olivo como elemento caracter\u00edstico: Simbolizava a paz e a prosperidade, bem como a ressurrei\u00e7\u00e3o e a esperan\u00e7a.","og_url":"https:\/\/www.sinchisinchi.com\/pt-pt\/producto\/aceite-de-oliva\/","og_site_name":"SINCHI RAP\u00c9","article_publisher":"https:\/\/www.facebook.com\/sinchirape\/","og_image":[{"width":800,"height":800,"url":"https:\/\/www.sinchisinchi.com\/wp-content\/uploads\/2024\/05\/aceite-de-oliva.webp","type":"image\/webp"}],"twitter_card":"summary_large_image","twitter_misc":{"Tempo estimado de leitura":"7 minutos"},"schema":{"@context":"https:\/\/schema.org","@graph":[{"@type":"WebPage","@id":"https:\/\/www.sinchisinchi.com\/pt-pt\/producto\/aceite-de-oliva\/","url":"https:\/\/www.sinchisinchi.com\/pt-pt\/producto\/aceite-de-oliva\/","name":"Jab\u00f3n con Aceite de Oliva: Loja Cham\u00e1nica","isPartOf":{"@id":"https:\/\/www.sinchisinchi.com\/pt-pt\/#website"},"primaryImageOfPage":{"@id":"https:\/\/www.sinchisinchi.com\/pt-pt\/producto\/aceite-de-oliva\/#primaryimage"},"image":{"@id":"https:\/\/www.sinchisinchi.com\/pt-pt\/producto\/aceite-de-oliva\/#primaryimage"},"thumbnailUrl":"https:\/\/www.sinchisinchi.com\/wp-content\/uploads\/2024\/05\/aceite-de-oliva.webp","datePublished":"2024-05-07T08:30:43+00:00","description":"Deuses como Atenea e H\u00e9rcules tinham Olivo como elemento caracter\u00edstico: Simbolizava a paz e a prosperidade, bem como a ressurrei\u00e7\u00e3o e a esperan\u00e7a.","breadcrumb":{"@id":"https:\/\/www.sinchisinchi.com\/pt-pt\/producto\/aceite-de-oliva\/#breadcrumb"},"inLanguage":"pt-PT","potentialAction":[{"@type":"ReadAction","target":["https:\/\/www.sinchisinchi.com\/pt-pt\/producto\/aceite-de-oliva\/"]}]},{"@type":"ImageObject","inLanguage":"pt-PT","@id":"https:\/\/www.sinchisinchi.com\/pt-pt\/producto\/aceite-de-oliva\/#primaryimage","url":"https:\/\/www.sinchisinchi.com\/wp-content\/uploads\/2024\/05\/aceite-de-oliva.webp","contentUrl":"https:\/\/www.sinchisinchi.com\/wp-content\/uploads\/2024\/05\/aceite-de-oliva.webp","width":800,"height":800},{"@type":"BreadcrumbList","@id":"https:\/\/www.sinchisinchi.com\/pt-pt\/producto\/aceite-de-oliva\/#breadcrumb","itemListElement":[{"@type":"ListItem","position":1,"name":"Prima pagina","item":"https:\/\/www.sinchisinchi.com\/pt-pt\/"},{"@type":"ListItem","position":2,"name":"Produtos","item":"https:\/\/www.sinchisinchi.com\/pt-pt\/shop\/"},{"@type":"ListItem","position":3,"name":"Aceite de Oliva"}]},{"@type":"WebSite","@id":"https:\/\/www.sinchisinchi.com\/pt-pt\/#website","url":"https:\/\/www.sinchisinchi.com\/pt-pt\/","name":"SINCHI","description":"Sinchi Medicine","publisher":{"@id":"https:\/\/www.sinchisinchi.com\/pt-pt\/#organization"},"potentialAction":[{"@type":"SearchAction","target":{"@type":"EntryPoint","urlTemplate":"https:\/\/www.sinchisinchi.com\/pt-pt\/?s={search_term_string}"},"query-input":{"@type":"PropertyValueSpecification","valueRequired":true,"valueName":"search_term_string"}}],"inLanguage":"pt-PT"},{"@type":"Organization","@id":"https:\/\/www.sinchisinchi.com\/pt-pt\/#organization","name":"SINCHI S.L","url":"https:\/\/www.sinchisinchi.com\/pt-pt\/","logo":{"@type":"ImageObject","inLanguage":"pt-PT","@id":"https:\/\/www.sinchisinchi.com\/pt-pt\/#\/schema\/logo\/image\/","url":"https:\/\/www.sinchisinchi.com\/wp-content\/uploads\/2026\/01\/3b-Verde-SIMPLIFICADO-HORIZONTAL-F-TRANSPARENTE-scaled.png","contentUrl":"https:\/\/www.sinchisinchi.com\/wp-content\/uploads\/2026\/01\/3b-Verde-SIMPLIFICADO-HORIZONTAL-F-TRANSPARENTE-scaled.png","width":2560,"height":457,"caption":"SINCHI S.L"},"image":{"@id":"https:\/\/www.sinchisinchi.com\/pt-pt\/#\/schema\/logo\/image\/"},"sameAs":["https:\/\/www.facebook.com\/sinchirape\/","https:\/\/www.instagram.com\/sinchi_rape\/"]}]}},"_links":{"self":[{"href":"https:\/\/www.sinchisinchi.com\/pt-pt\/wp-json\/wp\/v2\/product\/25502","targetHints":{"allow":["GET"]}}],"collection":[{"href":"https:\/\/www.sinchisinchi.com\/pt-pt\/wp-json\/wp\/v2\/product"}],"about":[{"href":"https:\/\/www.sinchisinchi.com\/pt-pt\/wp-json\/wp\/v2\/types\/product"}],"wp:featuredmedia":[{"embeddable":true,"href":"https:\/\/www.sinchisinchi.com\/pt-pt\/wp-json\/wp\/v2\/media\/25503"}],"wp:attachment":[{"href":"https:\/\/www.sinchisinchi.com\/pt-pt\/wp-json\/wp\/v2\/media?parent=25502"}],"wp:term":[{"taxonomy":"product_brand","embeddable":true,"href":"https:\/\/www.sinchisinchi.com\/pt-pt\/wp-json\/wp\/v2\/product_brand?post=25502"},{"taxonomy":"product_cat","embeddable":true,"href":"https:\/\/www.sinchisinchi.com\/pt-pt\/wp-json\/wp\/v2\/product_cat?post=25502"},{"taxonomy":"product_tag","embeddable":true,"href":"https:\/\/www.sinchisinchi.com\/pt-pt\/wp-json\/wp\/v2\/product_tag?post=25502"}],"curies":[{"name":"wp","href":"https:\/\/api.w.org\/{rel}","templated":true}]}}