{"id":25541,"date":"2024-04-23T09:29:08","date_gmt":"2024-04-23T09:29:08","guid":{"rendered":"https:\/\/www.sinchisinchi.com\/producto\/mapacho-arapiraca\/"},"modified":"2025-02-11T12:51:13","modified_gmt":"2025-02-11T12:51:13","slug":"mapacho-arapiraca","status":"publish","type":"product","link":"https:\/\/www.sinchisinchi.com\/pt-pt\/producto\/mapacho-arapiraca\/","title":{"rendered":"Mapacho Arapiraca"},"content":{"rendered":"<h3 style=\"text-align: center;\">Armazenamento Mapacho<\/h3>\n<p>O mapacho pode ser conservado durante muitos meses se for embalado a v\u00e1cuo, sem ser aberto. Depois de aberto, deve ser armazenado em embalagem de papel. Quando o exterior se tornar quebradi\u00e7o com o tempo, pode pulverizar \u00e1gua destilada sobre o mesmo, para que o material absorva a \u00e1gua lentamente e a camada exterior fique nova novamente. Acondicione o Mapacho humedecido num saco pl\u00e1stico por um ou dois dias, no m\u00e1ximo. Depois guarde-o novamente em papel seco.<\/p>\n<p>O mapacho n\u00e3o pode ser armazenado num saco de pl\u00e1stico se n\u00e3o for embalado a v\u00e1cuo, pois pode causar bolor. Guarde-o sobre papel, em local fresco e seco.<\/p>\n","protected":false},"excerpt":{"rendered":"<p>No belo e r\u00fastico nordeste do Brasil encontra-se uma cidade chamada Arapiraca, capital do estado de Alagoas, o maior produtor de Mapacho do Brasil.<\/p>\n<p>No Nordeste brasileiro, o Mapacho \u00e9 cultivado desde a \u00e9poca das grandes planta\u00e7\u00f5es e do com\u00e9rcio internacional transportado por gale\u00f5es, h\u00e1 centenas de anos. Hoje ainda \u00e9 utilizado pelas comunidades rurais tradicionais e em cerim\u00f3nias religiosas. Os antigos camponeses fumavam-no em cachimbos ou enrolado em folhas de milho.<\/p>\n<p>O Mapacho Arapiraca \u00e9 produzido de forma totalmente natural e \u00e9 processado e enrolado manualmente em grandes rolos. Enquanto o mapacho peruano e amaz\u00f3nico \u00e9 enrolado em paus, a arapiraca \u00e9 batida com cordas de v\u00e1rios fios, muito semelhantes a uma corda de linho comum. Tem um aroma profundo e agrad\u00e1vel, e a sua cor \u00e9 negra e intensa.<\/p>\n<p>Regi\u00e3o de origem: Arapiraca, Brasil<\/p>\n","protected":false},"featured_media":25542,"template":"","meta":{"_joinchat":[]},"product_brand":[],"product_cat":[630],"product_tag":[],"class_list":{"0":"post-25541","1":"product","2":"type-product","3":"status-publish","4":"has-post-thumbnail","6":"product_cat-mapacho-roll-pt-pt","8":"first","9":"instock","10":"taxable","11":"shipping-taxable","12":"purchasable","13":"product-type-variable","14":"has-default-attributes"},"yoast_head":"<!-- This site is optimized with the Yoast SEO plugin v27.4 - https:\/\/yoast.com\/product\/yoast-seo-wordpress\/ -->\n<title>LOJA SINCHI: Bra\u00e7o Arapiraca Mapacho do Brasil<\/title>\n<meta name=\"description\" content=\"O Mapacho Arapiraca \u00e9 produzido de forma totalmente natural, sendo processado e enrolado manualmente em rolinhos, sendo um Mapacho amaz\u00f3nico.\" \/>\n<meta name=\"robots\" content=\"index, follow, max-snippet:-1, max-image-preview:large, max-video-preview:-1\" \/>\n<link rel=\"canonical\" href=\"https:\/\/www.sinchisinchi.com\/pt-pt\/producto\/mapacho-arapiraca\/\" \/>\n<meta property=\"og:locale\" content=\"pt_PT\" \/>\n<meta property=\"og:type\" content=\"article\" \/>\n<meta property=\"og:title\" content=\"LOJA SINCHI: Bra\u00e7o Arapiraca Mapacho do Brasil\" \/>\n<meta property=\"og:description\" content=\"O Mapacho Arapiraca \u00e9 produzido de forma totalmente natural, sendo processado e enrolado manualmente em rolinhos, sendo um Mapacho amaz\u00f3nico.\" \/>\n<meta property=\"og:url\" content=\"https:\/\/www.sinchisinchi.com\/pt-pt\/producto\/mapacho-arapiraca\/\" \/>\n<meta property=\"og:site_name\" content=\"SINCHI RAP\u00c9\" \/>\n<meta property=\"article:publisher\" content=\"https:\/\/www.facebook.com\/sinchirape\/\" \/>\n<meta property=\"article:modified_time\" content=\"2025-02-11T12:51:13+00:00\" \/>\n<meta property=\"og:image\" content=\"https:\/\/www.sinchisinchi.com\/wp-content\/uploads\/2024\/04\/Arapiraca-Mapacho.jpg\" \/>\n\t<meta property=\"og:image:width\" content=\"900\" \/>\n\t<meta property=\"og:image:height\" content=\"900\" \/>\n\t<meta property=\"og:image:type\" content=\"image\/jpeg\" \/>\n<meta name=\"twitter:card\" content=\"summary_large_image\" \/>\n<meta name=\"twitter:label1\" content=\"Tempo estimado de leitura\" \/>\n\t<meta name=\"twitter:data1\" content=\"1 minuto\" \/>\n<script type=\"application\/ld+json\" class=\"yoast-schema-graph\">{\"@context\":\"https:\\\/\\\/schema.org\",\"@graph\":[{\"@type\":\"WebPage\",\"@id\":\"https:\\\/\\\/www.sinchisinchi.com\\\/pt-pt\\\/producto\\\/mapacho-arapiraca\\\/\",\"url\":\"https:\\\/\\\/www.sinchisinchi.com\\\/pt-pt\\\/producto\\\/mapacho-arapiraca\\\/\",\"name\":\"LOJA SINCHI: Bra\u00e7o Arapiraca Mapacho do Brasil\",\"isPartOf\":{\"@id\":\"https:\\\/\\\/www.sinchisinchi.com\\\/pt-pt\\\/#website\"},\"primaryImageOfPage\":{\"@id\":\"https:\\\/\\\/www.sinchisinchi.com\\\/pt-pt\\\/producto\\\/mapacho-arapiraca\\\/#primaryimage\"},\"image\":{\"@id\":\"https:\\\/\\\/www.sinchisinchi.com\\\/pt-pt\\\/producto\\\/mapacho-arapiraca\\\/#primaryimage\"},\"thumbnailUrl\":\"https:\\\/\\\/www.sinchisinchi.com\\\/wp-content\\\/uploads\\\/2024\\\/04\\\/Arapiraca-Mapacho.jpg\",\"datePublished\":\"2024-04-23T09:29:08+00:00\",\"dateModified\":\"2025-02-11T12:51:13+00:00\",\"description\":\"O Mapacho Arapiraca \u00e9 produzido de forma totalmente natural, sendo processado e enrolado manualmente em rolinhos, sendo um Mapacho amaz\u00f3nico.\",\"breadcrumb\":{\"@id\":\"https:\\\/\\\/www.sinchisinchi.com\\\/pt-pt\\\/producto\\\/mapacho-arapiraca\\\/#breadcrumb\"},\"inLanguage\":\"pt-PT\",\"potentialAction\":[{\"@type\":\"ReadAction\",\"target\":[\"https:\\\/\\\/www.sinchisinchi.com\\\/pt-pt\\\/producto\\\/mapacho-arapiraca\\\/\"]}]},{\"@type\":\"ImageObject\",\"inLanguage\":\"pt-PT\",\"@id\":\"https:\\\/\\\/www.sinchisinchi.com\\\/pt-pt\\\/producto\\\/mapacho-arapiraca\\\/#primaryimage\",\"url\":\"https:\\\/\\\/www.sinchisinchi.com\\\/wp-content\\\/uploads\\\/2024\\\/04\\\/Arapiraca-Mapacho.jpg\",\"contentUrl\":\"https:\\\/\\\/www.sinchisinchi.com\\\/wp-content\\\/uploads\\\/2024\\\/04\\\/Arapiraca-Mapacho.jpg\",\"width\":900,\"height\":900},{\"@type\":\"BreadcrumbList\",\"@id\":\"https:\\\/\\\/www.sinchisinchi.com\\\/pt-pt\\\/producto\\\/mapacho-arapiraca\\\/#breadcrumb\",\"itemListElement\":[{\"@type\":\"ListItem\",\"position\":1,\"name\":\"Prima pagina\",\"item\":\"https:\\\/\\\/www.sinchisinchi.com\\\/pt-pt\\\/\"},{\"@type\":\"ListItem\",\"position\":2,\"name\":\"Produtos\",\"item\":\"https:\\\/\\\/www.sinchisinchi.com\\\/pt-pt\\\/shop\\\/\"},{\"@type\":\"ListItem\",\"position\":3,\"name\":\"Mapacho Arapiraca\"}]},{\"@type\":\"WebSite\",\"@id\":\"https:\\\/\\\/www.sinchisinchi.com\\\/pt-pt\\\/#website\",\"url\":\"https:\\\/\\\/www.sinchisinchi.com\\\/pt-pt\\\/\",\"name\":\"SINCHI\",\"description\":\"Sinchi Medicine\",\"publisher\":{\"@id\":\"https:\\\/\\\/www.sinchisinchi.com\\\/pt-pt\\\/#organization\"},\"potentialAction\":[{\"@type\":\"SearchAction\",\"target\":{\"@type\":\"EntryPoint\",\"urlTemplate\":\"https:\\\/\\\/www.sinchisinchi.com\\\/pt-pt\\\/?s={search_term_string}\"},\"query-input\":{\"@type\":\"PropertyValueSpecification\",\"valueRequired\":true,\"valueName\":\"search_term_string\"}}],\"inLanguage\":\"pt-PT\"},{\"@type\":\"Organization\",\"@id\":\"https:\\\/\\\/www.sinchisinchi.com\\\/pt-pt\\\/#organization\",\"name\":\"SINCHI S.L\",\"url\":\"https:\\\/\\\/www.sinchisinchi.com\\\/pt-pt\\\/\",\"logo\":{\"@type\":\"ImageObject\",\"inLanguage\":\"pt-PT\",\"@id\":\"https:\\\/\\\/www.sinchisinchi.com\\\/pt-pt\\\/#\\\/schema\\\/logo\\\/image\\\/\",\"url\":\"https:\\\/\\\/www.sinchisinchi.com\\\/wp-content\\\/uploads\\\/2026\\\/01\\\/3b-Verde-SIMPLIFICADO-HORIZONTAL-F-TRANSPARENTE-scaled.png\",\"contentUrl\":\"https:\\\/\\\/www.sinchisinchi.com\\\/wp-content\\\/uploads\\\/2026\\\/01\\\/3b-Verde-SIMPLIFICADO-HORIZONTAL-F-TRANSPARENTE-scaled.png\",\"width\":2560,\"height\":457,\"caption\":\"SINCHI S.L\"},\"image\":{\"@id\":\"https:\\\/\\\/www.sinchisinchi.com\\\/pt-pt\\\/#\\\/schema\\\/logo\\\/image\\\/\"},\"sameAs\":[\"https:\\\/\\\/www.facebook.com\\\/sinchirape\\\/\",\"https:\\\/\\\/www.instagram.com\\\/sinchi_rape\\\/\"]}]}<\/script>\n<!-- \/ Yoast SEO plugin. -->","yoast_head_json":{"title":"LOJA SINCHI: Bra\u00e7o Arapiraca Mapacho do Brasil","description":"O Mapacho Arapiraca \u00e9 produzido de forma totalmente natural, sendo processado e enrolado manualmente em rolinhos, sendo um Mapacho amaz\u00f3nico.","robots":{"index":"index","follow":"follow","max-snippet":"max-snippet:-1","max-image-preview":"max-image-preview:large","max-video-preview":"max-video-preview:-1"},"canonical":"https:\/\/www.sinchisinchi.com\/pt-pt\/producto\/mapacho-arapiraca\/","og_locale":"pt_PT","og_type":"article","og_title":"LOJA SINCHI: Bra\u00e7o Arapiraca Mapacho do Brasil","og_description":"O Mapacho Arapiraca \u00e9 produzido de forma totalmente natural, sendo processado e enrolado manualmente em rolinhos, sendo um Mapacho amaz\u00f3nico.","og_url":"https:\/\/www.sinchisinchi.com\/pt-pt\/producto\/mapacho-arapiraca\/","og_site_name":"SINCHI RAP\u00c9","article_publisher":"https:\/\/www.facebook.com\/sinchirape\/","article_modified_time":"2025-02-11T12:51:13+00:00","og_image":[{"width":900,"height":900,"url":"https:\/\/www.sinchisinchi.com\/wp-content\/uploads\/2024\/04\/Arapiraca-Mapacho.jpg","type":"image\/jpeg"}],"twitter_card":"summary_large_image","twitter_misc":{"Tempo estimado de leitura":"1 minuto"},"schema":{"@context":"https:\/\/schema.org","@graph":[{"@type":"WebPage","@id":"https:\/\/www.sinchisinchi.com\/pt-pt\/producto\/mapacho-arapiraca\/","url":"https:\/\/www.sinchisinchi.com\/pt-pt\/producto\/mapacho-arapiraca\/","name":"LOJA SINCHI: Bra\u00e7o Arapiraca Mapacho do Brasil","isPartOf":{"@id":"https:\/\/www.sinchisinchi.com\/pt-pt\/#website"},"primaryImageOfPage":{"@id":"https:\/\/www.sinchisinchi.com\/pt-pt\/producto\/mapacho-arapiraca\/#primaryimage"},"image":{"@id":"https:\/\/www.sinchisinchi.com\/pt-pt\/producto\/mapacho-arapiraca\/#primaryimage"},"thumbnailUrl":"https:\/\/www.sinchisinchi.com\/wp-content\/uploads\/2024\/04\/Arapiraca-Mapacho.jpg","datePublished":"2024-04-23T09:29:08+00:00","dateModified":"2025-02-11T12:51:13+00:00","description":"O Mapacho Arapiraca \u00e9 produzido de forma totalmente natural, sendo processado e enrolado manualmente em rolinhos, sendo um Mapacho amaz\u00f3nico.","breadcrumb":{"@id":"https:\/\/www.sinchisinchi.com\/pt-pt\/producto\/mapacho-arapiraca\/#breadcrumb"},"inLanguage":"pt-PT","potentialAction":[{"@type":"ReadAction","target":["https:\/\/www.sinchisinchi.com\/pt-pt\/producto\/mapacho-arapiraca\/"]}]},{"@type":"ImageObject","inLanguage":"pt-PT","@id":"https:\/\/www.sinchisinchi.com\/pt-pt\/producto\/mapacho-arapiraca\/#primaryimage","url":"https:\/\/www.sinchisinchi.com\/wp-content\/uploads\/2024\/04\/Arapiraca-Mapacho.jpg","contentUrl":"https:\/\/www.sinchisinchi.com\/wp-content\/uploads\/2024\/04\/Arapiraca-Mapacho.jpg","width":900,"height":900},{"@type":"BreadcrumbList","@id":"https:\/\/www.sinchisinchi.com\/pt-pt\/producto\/mapacho-arapiraca\/#breadcrumb","itemListElement":[{"@type":"ListItem","position":1,"name":"Prima pagina","item":"https:\/\/www.sinchisinchi.com\/pt-pt\/"},{"@type":"ListItem","position":2,"name":"Produtos","item":"https:\/\/www.sinchisinchi.com\/pt-pt\/shop\/"},{"@type":"ListItem","position":3,"name":"Mapacho Arapiraca"}]},{"@type":"WebSite","@id":"https:\/\/www.sinchisinchi.com\/pt-pt\/#website","url":"https:\/\/www.sinchisinchi.com\/pt-pt\/","name":"SINCHI","description":"Sinchi Medicine","publisher":{"@id":"https:\/\/www.sinchisinchi.com\/pt-pt\/#organization"},"potentialAction":[{"@type":"SearchAction","target":{"@type":"EntryPoint","urlTemplate":"https:\/\/www.sinchisinchi.com\/pt-pt\/?s={search_term_string}"},"query-input":{"@type":"PropertyValueSpecification","valueRequired":true,"valueName":"search_term_string"}}],"inLanguage":"pt-PT"},{"@type":"Organization","@id":"https:\/\/www.sinchisinchi.com\/pt-pt\/#organization","name":"SINCHI S.L","url":"https:\/\/www.sinchisinchi.com\/pt-pt\/","logo":{"@type":"ImageObject","inLanguage":"pt-PT","@id":"https:\/\/www.sinchisinchi.com\/pt-pt\/#\/schema\/logo\/image\/","url":"https:\/\/www.sinchisinchi.com\/wp-content\/uploads\/2026\/01\/3b-Verde-SIMPLIFICADO-HORIZONTAL-F-TRANSPARENTE-scaled.png","contentUrl":"https:\/\/www.sinchisinchi.com\/wp-content\/uploads\/2026\/01\/3b-Verde-SIMPLIFICADO-HORIZONTAL-F-TRANSPARENTE-scaled.png","width":2560,"height":457,"caption":"SINCHI S.L"},"image":{"@id":"https:\/\/www.sinchisinchi.com\/pt-pt\/#\/schema\/logo\/image\/"},"sameAs":["https:\/\/www.facebook.com\/sinchirape\/","https:\/\/www.instagram.com\/sinchi_rape\/"]}]}},"_links":{"self":[{"href":"https:\/\/www.sinchisinchi.com\/pt-pt\/wp-json\/wp\/v2\/product\/25541","targetHints":{"allow":["GET"]}}],"collection":[{"href":"https:\/\/www.sinchisinchi.com\/pt-pt\/wp-json\/wp\/v2\/product"}],"about":[{"href":"https:\/\/www.sinchisinchi.com\/pt-pt\/wp-json\/wp\/v2\/types\/product"}],"wp:featuredmedia":[{"embeddable":true,"href":"https:\/\/www.sinchisinchi.com\/pt-pt\/wp-json\/wp\/v2\/media\/25542"}],"wp:attachment":[{"href":"https:\/\/www.sinchisinchi.com\/pt-pt\/wp-json\/wp\/v2\/media?parent=25541"}],"wp:term":[{"taxonomy":"product_brand","embeddable":true,"href":"https:\/\/www.sinchisinchi.com\/pt-pt\/wp-json\/wp\/v2\/product_brand?post=25541"},{"taxonomy":"product_cat","embeddable":true,"href":"https:\/\/www.sinchisinchi.com\/pt-pt\/wp-json\/wp\/v2\/product_cat?post=25541"},{"taxonomy":"product_tag","embeddable":true,"href":"https:\/\/www.sinchisinchi.com\/pt-pt\/wp-json\/wp\/v2\/product_tag?post=25541"}],"curies":[{"name":"wp","href":"https:\/\/api.w.org\/{rel}","templated":true}]}}