{"id":25558,"date":"2024-04-22T12:17:03","date_gmt":"2024-04-22T12:17:03","guid":{"rendered":"https:\/\/www.sinchisinchi.com\/producto\/leite-de-burra\/"},"modified":"2024-04-22T12:17:03","modified_gmt":"2024-04-22T12:17:03","slug":"leite-de-burra","status":"publish","type":"product","link":"https:\/\/www.sinchisinchi.com\/pt-pt\/producto\/leite-de-burra\/","title":{"rendered":"Leite de burra"},"content":{"rendered":"<p>O primeiro autor a escrever sobre as propriedades medicinais do leite de burra foi o m\u00e9dico grego <strong>Hip\u00f3crates,<\/strong> pai da medicina, que o prescreveu para in\u00fameras doen\u00e7as. (375 a.C.)<\/p>\n<p>Os romanos produziam uma bebida luxuosa e produtos cosm\u00e9ticos a partir do leite de burra.<\/p>\n<p>As excelentes propriedades do leite de burra eram bem conhecidas do <strong>Papa,<\/strong> Imperatriz de Roma e <strong>esposa de Nero,<\/strong> que, para al\u00e9m de tomar banhos em leite de burra, inventou uma m\u00e1scara embebida neste leite para o rosto, para cuidar e manter a suavidade da sua pele.<\/p>\n<p>A irm\u00e3 de Napole\u00e3o, Paulina, tamb\u00e9m utilizava leite de burra para cuidar e manter a sua pele jovem.<\/p>\n<p>O sab\u00e3o de Marselha \u00e9 apreciado pelas suas muitas utiliza\u00e7\u00f5es e benef\u00edcios. As suas propriedades hipoalerg\u00e9nicas e suavidade tornam-no ideal para peles sens\u00edveis e para uso di\u00e1rio.<\/p>\n<p>Possui propriedades antiss\u00e9pticas e cicatrizantes. Ajuda a manter o pH da pele a um n\u00edvel adequado.<\/p>\n","protected":false},"excerpt":{"rendered":"<p>O sabonete de leite de burra \u00e9 um \u00f3timo aliado para a pele e para tratamentos de beleza. O leite de burra \u00e9 um dos produtos de beleza mais procurados, devido \u00e0s suas propriedades reconhecidas desde a antiguidade.<\/p>\n<p><strong>Cle\u00f3patra,<\/strong> assim como outras rainhas e princesas de civiliza\u00e7\u00f5es antigas, banhavam-se neste leite rico em nutrientes para manter a sua pele jovem e macia. Segundo a lenda, Cle\u00f3patra possu\u00eda um rebanho de <strong>300 burros<\/strong> para este fim.<\/p>\n<p>O leite de burra \u00e9 rico em vitaminas A, B1, B2, B6, C, D, E e minerais, bem como em \u00e1cidos gordos.<\/p>\n<p>\u00c9 especialmente \u00fatil para o tratamento da pele seca e sens\u00edvel devido \u00e0s suas propriedades hidratantes e \u00e0 sua riqueza em minerais como o c\u00e1lcio, f\u00f3sforo, ferro, zinco e magn\u00e9sio. Fortalece o tecido d\u00e9rmico.<\/p>\n<p>Ajuda a prevenir e a reduzir as rugas, estimulando as c\u00e9lulas com o seu efeito regenerador e antioxidante. Gra\u00e7as \u00e0 sua capacidade regenerativa e ao facto de fortalecer o crescimento celular, \u00e9 \u00fatil para remover marcas da pele.<\/p>\n<p>O leite de burra \u00e9 o mais pr\u00f3ximo do leite materno, bem diferente do leite dos ruminantes que possuem v\u00e1rios est\u00f4magos e, devido ao seu processo digestivo prolongado de tr\u00eas dias, oxidam os \u00e1cidos gordos e as vitaminas.<\/p>\n<p><strong>Tamanho:<\/strong> 125gr<\/p>\n","protected":false},"featured_media":25559,"template":"","meta":{"_joinchat":[]},"product_brand":[],"product_cat":[679],"product_tag":[],"class_list":{"0":"post-25558","1":"product","2":"type-product","3":"status-publish","4":"has-post-thumbnail","6":"product_cat-sabonetes","8":"first","9":"instock","10":"taxable","11":"shipping-taxable","12":"purchasable","13":"product-type-simple"},"yoast_head":"<!-- This site is optimized with the Yoast SEO plugin v27.4 - https:\/\/yoast.com\/product\/yoast-seo-wordpress\/ -->\n<title>Sabonete de Leite de Burra: Loja Xam\u00e2nica<\/title>\n<meta name=\"description\" content=\"Sab\u00e3o de leite de jumenta: Cle\u00f3patra utilizava este leite para banhar a sua pele e mant\u00ea-la jovem e macia, e tinha um rebanho de 300 jumentos para este fim.\" \/>\n<meta name=\"robots\" content=\"index, follow, max-snippet:-1, max-image-preview:large, max-video-preview:-1\" \/>\n<link rel=\"canonical\" href=\"https:\/\/www.sinchisinchi.com\/pt-pt\/producto\/leite-de-burra\/\" \/>\n<meta property=\"og:locale\" content=\"pt_PT\" \/>\n<meta property=\"og:type\" content=\"article\" \/>\n<meta property=\"og:title\" content=\"Sabonete de Leite de Burra: Loja Xam\u00e2nica\" \/>\n<meta property=\"og:description\" content=\"Sab\u00e3o de leite de jumenta: Cle\u00f3patra utilizava este leite para banhar a sua pele e mant\u00ea-la jovem e macia, e tinha um rebanho de 300 jumentos para este fim.\" \/>\n<meta property=\"og:url\" content=\"https:\/\/www.sinchisinchi.com\/pt-pt\/producto\/leite-de-burra\/\" \/>\n<meta property=\"og:site_name\" content=\"SINCHI RAP\u00c9\" \/>\n<meta property=\"article:publisher\" content=\"https:\/\/www.facebook.com\/sinchirape\/\" \/>\n<meta property=\"og:image\" content=\"https:\/\/www.sinchisinchi.com\/wp-content\/uploads\/2024\/04\/16-leche-de-burra.jpeg\" \/>\n\t<meta property=\"og:image:width\" content=\"1024\" \/>\n\t<meta property=\"og:image:height\" content=\"1024\" \/>\n\t<meta property=\"og:image:type\" content=\"image\/jpeg\" \/>\n<meta name=\"twitter:card\" content=\"summary_large_image\" \/>\n<meta name=\"twitter:label1\" content=\"Tempo estimado de leitura\" \/>\n\t<meta name=\"twitter:data1\" content=\"1 minuto\" \/>\n<script type=\"application\/ld+json\" class=\"yoast-schema-graph\">{\"@context\":\"https:\\\/\\\/schema.org\",\"@graph\":[{\"@type\":\"WebPage\",\"@id\":\"https:\\\/\\\/www.sinchisinchi.com\\\/pt-pt\\\/producto\\\/leite-de-burra\\\/\",\"url\":\"https:\\\/\\\/www.sinchisinchi.com\\\/pt-pt\\\/producto\\\/leite-de-burra\\\/\",\"name\":\"Sabonete de Leite de Burra: Loja Xam\u00e2nica\",\"isPartOf\":{\"@id\":\"https:\\\/\\\/www.sinchisinchi.com\\\/pt-pt\\\/#website\"},\"primaryImageOfPage\":{\"@id\":\"https:\\\/\\\/www.sinchisinchi.com\\\/pt-pt\\\/producto\\\/leite-de-burra\\\/#primaryimage\"},\"image\":{\"@id\":\"https:\\\/\\\/www.sinchisinchi.com\\\/pt-pt\\\/producto\\\/leite-de-burra\\\/#primaryimage\"},\"thumbnailUrl\":\"https:\\\/\\\/www.sinchisinchi.com\\\/wp-content\\\/uploads\\\/2024\\\/04\\\/16-leche-de-burra.jpeg\",\"datePublished\":\"2024-04-22T12:17:03+00:00\",\"description\":\"Sab\u00e3o de leite de jumenta: Cle\u00f3patra utilizava este leite para banhar a sua pele e mant\u00ea-la jovem e macia, e tinha um rebanho de 300 jumentos para este fim.\",\"breadcrumb\":{\"@id\":\"https:\\\/\\\/www.sinchisinchi.com\\\/pt-pt\\\/producto\\\/leite-de-burra\\\/#breadcrumb\"},\"inLanguage\":\"pt-PT\",\"potentialAction\":[{\"@type\":\"ReadAction\",\"target\":[\"https:\\\/\\\/www.sinchisinchi.com\\\/pt-pt\\\/producto\\\/leite-de-burra\\\/\"]}]},{\"@type\":\"ImageObject\",\"inLanguage\":\"pt-PT\",\"@id\":\"https:\\\/\\\/www.sinchisinchi.com\\\/pt-pt\\\/producto\\\/leite-de-burra\\\/#primaryimage\",\"url\":\"https:\\\/\\\/www.sinchisinchi.com\\\/wp-content\\\/uploads\\\/2024\\\/04\\\/16-leche-de-burra.jpeg\",\"contentUrl\":\"https:\\\/\\\/www.sinchisinchi.com\\\/wp-content\\\/uploads\\\/2024\\\/04\\\/16-leche-de-burra.jpeg\",\"width\":1024,\"height\":1024},{\"@type\":\"BreadcrumbList\",\"@id\":\"https:\\\/\\\/www.sinchisinchi.com\\\/pt-pt\\\/producto\\\/leite-de-burra\\\/#breadcrumb\",\"itemListElement\":[{\"@type\":\"ListItem\",\"position\":1,\"name\":\"Prima pagina\",\"item\":\"https:\\\/\\\/www.sinchisinchi.com\\\/pt-pt\\\/\"},{\"@type\":\"ListItem\",\"position\":2,\"name\":\"Produtos\",\"item\":\"https:\\\/\\\/www.sinchisinchi.com\\\/pt-pt\\\/shop\\\/\"},{\"@type\":\"ListItem\",\"position\":3,\"name\":\"Leite de burra\"}]},{\"@type\":\"WebSite\",\"@id\":\"https:\\\/\\\/www.sinchisinchi.com\\\/pt-pt\\\/#website\",\"url\":\"https:\\\/\\\/www.sinchisinchi.com\\\/pt-pt\\\/\",\"name\":\"SINCHI\",\"description\":\"Sinchi Medicine\",\"publisher\":{\"@id\":\"https:\\\/\\\/www.sinchisinchi.com\\\/pt-pt\\\/#organization\"},\"potentialAction\":[{\"@type\":\"SearchAction\",\"target\":{\"@type\":\"EntryPoint\",\"urlTemplate\":\"https:\\\/\\\/www.sinchisinchi.com\\\/pt-pt\\\/?s={search_term_string}\"},\"query-input\":{\"@type\":\"PropertyValueSpecification\",\"valueRequired\":true,\"valueName\":\"search_term_string\"}}],\"inLanguage\":\"pt-PT\"},{\"@type\":\"Organization\",\"@id\":\"https:\\\/\\\/www.sinchisinchi.com\\\/pt-pt\\\/#organization\",\"name\":\"SINCHI S.L\",\"url\":\"https:\\\/\\\/www.sinchisinchi.com\\\/pt-pt\\\/\",\"logo\":{\"@type\":\"ImageObject\",\"inLanguage\":\"pt-PT\",\"@id\":\"https:\\\/\\\/www.sinchisinchi.com\\\/pt-pt\\\/#\\\/schema\\\/logo\\\/image\\\/\",\"url\":\"https:\\\/\\\/www.sinchisinchi.com\\\/wp-content\\\/uploads\\\/2026\\\/01\\\/3b-Verde-SIMPLIFICADO-HORIZONTAL-F-TRANSPARENTE-scaled.png\",\"contentUrl\":\"https:\\\/\\\/www.sinchisinchi.com\\\/wp-content\\\/uploads\\\/2026\\\/01\\\/3b-Verde-SIMPLIFICADO-HORIZONTAL-F-TRANSPARENTE-scaled.png\",\"width\":2560,\"height\":457,\"caption\":\"SINCHI S.L\"},\"image\":{\"@id\":\"https:\\\/\\\/www.sinchisinchi.com\\\/pt-pt\\\/#\\\/schema\\\/logo\\\/image\\\/\"},\"sameAs\":[\"https:\\\/\\\/www.facebook.com\\\/sinchirape\\\/\",\"https:\\\/\\\/www.instagram.com\\\/sinchi_rape\\\/\"]}]}<\/script>\n<!-- \/ Yoast SEO plugin. -->","yoast_head_json":{"title":"Sabonete de Leite de Burra: Loja Xam\u00e2nica","description":"Sab\u00e3o de leite de jumenta: Cle\u00f3patra utilizava este leite para banhar a sua pele e mant\u00ea-la jovem e macia, e tinha um rebanho de 300 jumentos para este fim.","robots":{"index":"index","follow":"follow","max-snippet":"max-snippet:-1","max-image-preview":"max-image-preview:large","max-video-preview":"max-video-preview:-1"},"canonical":"https:\/\/www.sinchisinchi.com\/pt-pt\/producto\/leite-de-burra\/","og_locale":"pt_PT","og_type":"article","og_title":"Sabonete de Leite de Burra: Loja Xam\u00e2nica","og_description":"Sab\u00e3o de leite de jumenta: Cle\u00f3patra utilizava este leite para banhar a sua pele e mant\u00ea-la jovem e macia, e tinha um rebanho de 300 jumentos para este fim.","og_url":"https:\/\/www.sinchisinchi.com\/pt-pt\/producto\/leite-de-burra\/","og_site_name":"SINCHI RAP\u00c9","article_publisher":"https:\/\/www.facebook.com\/sinchirape\/","og_image":[{"width":1024,"height":1024,"url":"https:\/\/www.sinchisinchi.com\/wp-content\/uploads\/2024\/04\/16-leche-de-burra.jpeg","type":"image\/jpeg"}],"twitter_card":"summary_large_image","twitter_misc":{"Tempo estimado de leitura":"1 minuto"},"schema":{"@context":"https:\/\/schema.org","@graph":[{"@type":"WebPage","@id":"https:\/\/www.sinchisinchi.com\/pt-pt\/producto\/leite-de-burra\/","url":"https:\/\/www.sinchisinchi.com\/pt-pt\/producto\/leite-de-burra\/","name":"Sabonete de Leite de Burra: Loja Xam\u00e2nica","isPartOf":{"@id":"https:\/\/www.sinchisinchi.com\/pt-pt\/#website"},"primaryImageOfPage":{"@id":"https:\/\/www.sinchisinchi.com\/pt-pt\/producto\/leite-de-burra\/#primaryimage"},"image":{"@id":"https:\/\/www.sinchisinchi.com\/pt-pt\/producto\/leite-de-burra\/#primaryimage"},"thumbnailUrl":"https:\/\/www.sinchisinchi.com\/wp-content\/uploads\/2024\/04\/16-leche-de-burra.jpeg","datePublished":"2024-04-22T12:17:03+00:00","description":"Sab\u00e3o de leite de jumenta: Cle\u00f3patra utilizava este leite para banhar a sua pele e mant\u00ea-la jovem e macia, e tinha um rebanho de 300 jumentos para este fim.","breadcrumb":{"@id":"https:\/\/www.sinchisinchi.com\/pt-pt\/producto\/leite-de-burra\/#breadcrumb"},"inLanguage":"pt-PT","potentialAction":[{"@type":"ReadAction","target":["https:\/\/www.sinchisinchi.com\/pt-pt\/producto\/leite-de-burra\/"]}]},{"@type":"ImageObject","inLanguage":"pt-PT","@id":"https:\/\/www.sinchisinchi.com\/pt-pt\/producto\/leite-de-burra\/#primaryimage","url":"https:\/\/www.sinchisinchi.com\/wp-content\/uploads\/2024\/04\/16-leche-de-burra.jpeg","contentUrl":"https:\/\/www.sinchisinchi.com\/wp-content\/uploads\/2024\/04\/16-leche-de-burra.jpeg","width":1024,"height":1024},{"@type":"BreadcrumbList","@id":"https:\/\/www.sinchisinchi.com\/pt-pt\/producto\/leite-de-burra\/#breadcrumb","itemListElement":[{"@type":"ListItem","position":1,"name":"Prima pagina","item":"https:\/\/www.sinchisinchi.com\/pt-pt\/"},{"@type":"ListItem","position":2,"name":"Produtos","item":"https:\/\/www.sinchisinchi.com\/pt-pt\/shop\/"},{"@type":"ListItem","position":3,"name":"Leite de burra"}]},{"@type":"WebSite","@id":"https:\/\/www.sinchisinchi.com\/pt-pt\/#website","url":"https:\/\/www.sinchisinchi.com\/pt-pt\/","name":"SINCHI","description":"Sinchi Medicine","publisher":{"@id":"https:\/\/www.sinchisinchi.com\/pt-pt\/#organization"},"potentialAction":[{"@type":"SearchAction","target":{"@type":"EntryPoint","urlTemplate":"https:\/\/www.sinchisinchi.com\/pt-pt\/?s={search_term_string}"},"query-input":{"@type":"PropertyValueSpecification","valueRequired":true,"valueName":"search_term_string"}}],"inLanguage":"pt-PT"},{"@type":"Organization","@id":"https:\/\/www.sinchisinchi.com\/pt-pt\/#organization","name":"SINCHI S.L","url":"https:\/\/www.sinchisinchi.com\/pt-pt\/","logo":{"@type":"ImageObject","inLanguage":"pt-PT","@id":"https:\/\/www.sinchisinchi.com\/pt-pt\/#\/schema\/logo\/image\/","url":"https:\/\/www.sinchisinchi.com\/wp-content\/uploads\/2026\/01\/3b-Verde-SIMPLIFICADO-HORIZONTAL-F-TRANSPARENTE-scaled.png","contentUrl":"https:\/\/www.sinchisinchi.com\/wp-content\/uploads\/2026\/01\/3b-Verde-SIMPLIFICADO-HORIZONTAL-F-TRANSPARENTE-scaled.png","width":2560,"height":457,"caption":"SINCHI S.L"},"image":{"@id":"https:\/\/www.sinchisinchi.com\/pt-pt\/#\/schema\/logo\/image\/"},"sameAs":["https:\/\/www.facebook.com\/sinchirape\/","https:\/\/www.instagram.com\/sinchi_rape\/"]}]}},"_links":{"self":[{"href":"https:\/\/www.sinchisinchi.com\/pt-pt\/wp-json\/wp\/v2\/product\/25558","targetHints":{"allow":["GET"]}}],"collection":[{"href":"https:\/\/www.sinchisinchi.com\/pt-pt\/wp-json\/wp\/v2\/product"}],"about":[{"href":"https:\/\/www.sinchisinchi.com\/pt-pt\/wp-json\/wp\/v2\/types\/product"}],"wp:featuredmedia":[{"embeddable":true,"href":"https:\/\/www.sinchisinchi.com\/pt-pt\/wp-json\/wp\/v2\/media\/25559"}],"wp:attachment":[{"href":"https:\/\/www.sinchisinchi.com\/pt-pt\/wp-json\/wp\/v2\/media?parent=25558"}],"wp:term":[{"taxonomy":"product_brand","embeddable":true,"href":"https:\/\/www.sinchisinchi.com\/pt-pt\/wp-json\/wp\/v2\/product_brand?post=25558"},{"taxonomy":"product_cat","embeddable":true,"href":"https:\/\/www.sinchisinchi.com\/pt-pt\/wp-json\/wp\/v2\/product_cat?post=25558"},{"taxonomy":"product_tag","embeddable":true,"href":"https:\/\/www.sinchisinchi.com\/pt-pt\/wp-json\/wp\/v2\/product_tag?post=25558"}],"curies":[{"name":"wp","href":"https:\/\/api.w.org\/{rel}","templated":true}]}}