{"id":25562,"date":"2024-04-22T12:15:33","date_gmt":"2024-04-22T12:15:33","guid":{"rendered":"https:\/\/www.sinchisinchi.com\/producto\/leite-de-cabra\/"},"modified":"2024-04-22T12:15:33","modified_gmt":"2024-04-22T12:15:33","slug":"leite-de-cabra","status":"publish","type":"product","link":"https:\/\/www.sinchisinchi.com\/pt-pt\/producto\/leite-de-cabra\/","title":{"rendered":"Leite de cabra"},"content":{"rendered":"<p>Segundo a lenda, o sab\u00e3o foi descoberto em Roma por mulheres que lavavam a roupa nas \u00e1guas do rio Tibre, no sop\u00e9 do Monte Sapo. A subst\u00e2ncia que descia misturada com a \u00e1gua do rio fazia com que tanto as m\u00e3os como a roupa que lavavam brilhassem.<\/p>\n<p>No cimo do Monte Sapo, eram feitos sacrif\u00edcios de animais aos Deuses, e a gordura animal, misturada com as cinzas das crema\u00e7\u00f5es, era levada montanha abaixo pelas chuvas e misturada com outros materiais do solo argiloso. Esta composi\u00e7\u00e3o em \u00e1cidos gordos (gordura animal) e hidr\u00f3xido de pot\u00e1ssio (cinzas e \u00e1gua) d\u00e1 origem ao sab\u00e3o.<\/p>\n<p>O processo qu\u00edmico que produz o sab\u00e3o \u00e9 designado por saponifica\u00e7\u00e3o, palavra que provavelmente prov\u00e9m do nome Monte Sapo, bem como da palavra sapone (sab\u00e3o em italiano).<\/p>\n","protected":false},"excerpt":{"rendered":"<p>Sabonete natural de leite de cabra. O leite de cabra \u00e9 muito ben\u00e9fico para a pele devido ao seu elevado teor em \u00e1cidos gordos e vitaminas A, B1, B2, B6, C, D e E, bem como prote\u00ednas, magn\u00e9sio, c\u00e1lcio, pot\u00e1ssio e f\u00f3sforo.<\/p>\n<p>\u00c9 muito eficaz em peles secas e sens\u00edveis que tendem a n\u00e3o cicatrizar ou a ficar manchadas. Devido ao seu elevado teor antioxidante, \u00e9 um poderoso tratamento antienvelhecimento, antirrugas e regenerador da pele.<\/p>\n<p>O leite de cabra \u00e9 cremoso e rico em \u00e1cidos gordos, que proporcionam uma hidrata\u00e7\u00e3o profunda, suavizando a pele.<\/p>\n<p>Este sab\u00e3o \u00e9 feito \u00e0 m\u00e3o em Marselha seguindo m\u00e9todos antigos e receitas ancestrais utilizando ingredientes completamente naturais: \u00e1gua do mar do Mediterr\u00e2neo, \u00f3leo essencial de s\u00e2ndalo, \u00f3leos vegetais de alta qualidade e carbonato de s\u00f3dio. \u00c9 100% biodegrad\u00e1vel.<\/p>\n<p><strong>Tamanho:<\/strong> 125gr<\/p>\n","protected":false},"featured_media":25563,"template":"","meta":{"_joinchat":[]},"product_brand":[],"product_cat":[679],"product_tag":[],"class_list":{"0":"post-25562","1":"product","2":"type-product","3":"status-publish","4":"has-post-thumbnail","6":"product_cat-sabonetes","8":"first","9":"instock","10":"taxable","11":"shipping-taxable","12":"purchasable","13":"product-type-simple"},"yoast_head":"<!-- This site is optimized with the Yoast SEO plugin v27.4 - https:\/\/yoast.com\/product\/yoast-seo-wordpress\/ -->\n<title>Sabonete de Leite de Cabra: Loja Xam\u00e2nica<\/title>\n<meta name=\"description\" content=\"Sabonete de leite de cabra: \u00c9 muito ben\u00e9fico para a pele devido ao seu elevado teor em \u00e1cidos gordos e vitaminas, prote\u00ednas, magn\u00e9sio, c\u00e1lcio, pot\u00e1ssio e f\u00f3sforo.\" \/>\n<meta name=\"robots\" content=\"index, follow, max-snippet:-1, max-image-preview:large, max-video-preview:-1\" \/>\n<link rel=\"canonical\" href=\"https:\/\/www.sinchisinchi.com\/pt-pt\/producto\/leite-de-cabra\/\" \/>\n<meta property=\"og:locale\" content=\"pt_PT\" \/>\n<meta property=\"og:type\" content=\"article\" \/>\n<meta property=\"og:title\" content=\"Sabonete de Leite de Cabra: Loja Xam\u00e2nica\" \/>\n<meta property=\"og:description\" content=\"Sabonete de leite de cabra: \u00c9 muito ben\u00e9fico para a pele devido ao seu elevado teor em \u00e1cidos gordos e vitaminas, prote\u00ednas, magn\u00e9sio, c\u00e1lcio, pot\u00e1ssio e f\u00f3sforo.\" \/>\n<meta property=\"og:url\" content=\"https:\/\/www.sinchisinchi.com\/pt-pt\/producto\/leite-de-cabra\/\" \/>\n<meta property=\"og:site_name\" content=\"SINCHI RAP\u00c9\" \/>\n<meta property=\"article:publisher\" content=\"https:\/\/www.facebook.com\/sinchirape\/\" \/>\n<meta property=\"og:image\" content=\"https:\/\/www.sinchisinchi.com\/wp-content\/uploads\/2024\/04\/15-leche-de-cabra.jpeg\" \/>\n\t<meta property=\"og:image:width\" content=\"1024\" \/>\n\t<meta property=\"og:image:height\" content=\"1024\" \/>\n\t<meta property=\"og:image:type\" content=\"image\/jpeg\" \/>\n<meta name=\"twitter:card\" content=\"summary_large_image\" \/>\n<meta name=\"twitter:label1\" content=\"Tempo estimado de leitura\" \/>\n\t<meta name=\"twitter:data1\" content=\"1 minuto\" \/>\n<script type=\"application\/ld+json\" class=\"yoast-schema-graph\">{\"@context\":\"https:\\\/\\\/schema.org\",\"@graph\":[{\"@type\":\"WebPage\",\"@id\":\"https:\\\/\\\/www.sinchisinchi.com\\\/pt-pt\\\/producto\\\/leite-de-cabra\\\/\",\"url\":\"https:\\\/\\\/www.sinchisinchi.com\\\/pt-pt\\\/producto\\\/leite-de-cabra\\\/\",\"name\":\"Sabonete de Leite de Cabra: Loja Xam\u00e2nica\",\"isPartOf\":{\"@id\":\"https:\\\/\\\/www.sinchisinchi.com\\\/pt-pt\\\/#website\"},\"primaryImageOfPage\":{\"@id\":\"https:\\\/\\\/www.sinchisinchi.com\\\/pt-pt\\\/producto\\\/leite-de-cabra\\\/#primaryimage\"},\"image\":{\"@id\":\"https:\\\/\\\/www.sinchisinchi.com\\\/pt-pt\\\/producto\\\/leite-de-cabra\\\/#primaryimage\"},\"thumbnailUrl\":\"https:\\\/\\\/www.sinchisinchi.com\\\/wp-content\\\/uploads\\\/2024\\\/04\\\/15-leche-de-cabra.jpeg\",\"datePublished\":\"2024-04-22T12:15:33+00:00\",\"description\":\"Sabonete de leite de cabra: \u00c9 muito ben\u00e9fico para a pele devido ao seu elevado teor em \u00e1cidos gordos e vitaminas, prote\u00ednas, magn\u00e9sio, c\u00e1lcio, pot\u00e1ssio e f\u00f3sforo.\",\"breadcrumb\":{\"@id\":\"https:\\\/\\\/www.sinchisinchi.com\\\/pt-pt\\\/producto\\\/leite-de-cabra\\\/#breadcrumb\"},\"inLanguage\":\"pt-PT\",\"potentialAction\":[{\"@type\":\"ReadAction\",\"target\":[\"https:\\\/\\\/www.sinchisinchi.com\\\/pt-pt\\\/producto\\\/leite-de-cabra\\\/\"]}]},{\"@type\":\"ImageObject\",\"inLanguage\":\"pt-PT\",\"@id\":\"https:\\\/\\\/www.sinchisinchi.com\\\/pt-pt\\\/producto\\\/leite-de-cabra\\\/#primaryimage\",\"url\":\"https:\\\/\\\/www.sinchisinchi.com\\\/wp-content\\\/uploads\\\/2024\\\/04\\\/15-leche-de-cabra.jpeg\",\"contentUrl\":\"https:\\\/\\\/www.sinchisinchi.com\\\/wp-content\\\/uploads\\\/2024\\\/04\\\/15-leche-de-cabra.jpeg\",\"width\":1024,\"height\":1024},{\"@type\":\"BreadcrumbList\",\"@id\":\"https:\\\/\\\/www.sinchisinchi.com\\\/pt-pt\\\/producto\\\/leite-de-cabra\\\/#breadcrumb\",\"itemListElement\":[{\"@type\":\"ListItem\",\"position\":1,\"name\":\"Prima pagina\",\"item\":\"https:\\\/\\\/www.sinchisinchi.com\\\/pt-pt\\\/\"},{\"@type\":\"ListItem\",\"position\":2,\"name\":\"Produtos\",\"item\":\"https:\\\/\\\/www.sinchisinchi.com\\\/pt-pt\\\/shop\\\/\"},{\"@type\":\"ListItem\",\"position\":3,\"name\":\"Leite de cabra\"}]},{\"@type\":\"WebSite\",\"@id\":\"https:\\\/\\\/www.sinchisinchi.com\\\/pt-pt\\\/#website\",\"url\":\"https:\\\/\\\/www.sinchisinchi.com\\\/pt-pt\\\/\",\"name\":\"SINCHI\",\"description\":\"Sinchi Medicine\",\"publisher\":{\"@id\":\"https:\\\/\\\/www.sinchisinchi.com\\\/pt-pt\\\/#organization\"},\"potentialAction\":[{\"@type\":\"SearchAction\",\"target\":{\"@type\":\"EntryPoint\",\"urlTemplate\":\"https:\\\/\\\/www.sinchisinchi.com\\\/pt-pt\\\/?s={search_term_string}\"},\"query-input\":{\"@type\":\"PropertyValueSpecification\",\"valueRequired\":true,\"valueName\":\"search_term_string\"}}],\"inLanguage\":\"pt-PT\"},{\"@type\":\"Organization\",\"@id\":\"https:\\\/\\\/www.sinchisinchi.com\\\/pt-pt\\\/#organization\",\"name\":\"SINCHI S.L\",\"url\":\"https:\\\/\\\/www.sinchisinchi.com\\\/pt-pt\\\/\",\"logo\":{\"@type\":\"ImageObject\",\"inLanguage\":\"pt-PT\",\"@id\":\"https:\\\/\\\/www.sinchisinchi.com\\\/pt-pt\\\/#\\\/schema\\\/logo\\\/image\\\/\",\"url\":\"https:\\\/\\\/www.sinchisinchi.com\\\/wp-content\\\/uploads\\\/2026\\\/01\\\/3b-Verde-SIMPLIFICADO-HORIZONTAL-F-TRANSPARENTE-scaled.png\",\"contentUrl\":\"https:\\\/\\\/www.sinchisinchi.com\\\/wp-content\\\/uploads\\\/2026\\\/01\\\/3b-Verde-SIMPLIFICADO-HORIZONTAL-F-TRANSPARENTE-scaled.png\",\"width\":2560,\"height\":457,\"caption\":\"SINCHI S.L\"},\"image\":{\"@id\":\"https:\\\/\\\/www.sinchisinchi.com\\\/pt-pt\\\/#\\\/schema\\\/logo\\\/image\\\/\"},\"sameAs\":[\"https:\\\/\\\/www.facebook.com\\\/sinchirape\\\/\",\"https:\\\/\\\/www.instagram.com\\\/sinchi_rape\\\/\"]}]}<\/script>\n<!-- \/ Yoast SEO plugin. -->","yoast_head_json":{"title":"Sabonete de Leite de Cabra: Loja Xam\u00e2nica","description":"Sabonete de leite de cabra: \u00c9 muito ben\u00e9fico para a pele devido ao seu elevado teor em \u00e1cidos gordos e vitaminas, prote\u00ednas, magn\u00e9sio, c\u00e1lcio, pot\u00e1ssio e f\u00f3sforo.","robots":{"index":"index","follow":"follow","max-snippet":"max-snippet:-1","max-image-preview":"max-image-preview:large","max-video-preview":"max-video-preview:-1"},"canonical":"https:\/\/www.sinchisinchi.com\/pt-pt\/producto\/leite-de-cabra\/","og_locale":"pt_PT","og_type":"article","og_title":"Sabonete de Leite de Cabra: Loja Xam\u00e2nica","og_description":"Sabonete de leite de cabra: \u00c9 muito ben\u00e9fico para a pele devido ao seu elevado teor em \u00e1cidos gordos e vitaminas, prote\u00ednas, magn\u00e9sio, c\u00e1lcio, pot\u00e1ssio e f\u00f3sforo.","og_url":"https:\/\/www.sinchisinchi.com\/pt-pt\/producto\/leite-de-cabra\/","og_site_name":"SINCHI RAP\u00c9","article_publisher":"https:\/\/www.facebook.com\/sinchirape\/","og_image":[{"width":1024,"height":1024,"url":"https:\/\/www.sinchisinchi.com\/wp-content\/uploads\/2024\/04\/15-leche-de-cabra.jpeg","type":"image\/jpeg"}],"twitter_card":"summary_large_image","twitter_misc":{"Tempo estimado de leitura":"1 minuto"},"schema":{"@context":"https:\/\/schema.org","@graph":[{"@type":"WebPage","@id":"https:\/\/www.sinchisinchi.com\/pt-pt\/producto\/leite-de-cabra\/","url":"https:\/\/www.sinchisinchi.com\/pt-pt\/producto\/leite-de-cabra\/","name":"Sabonete de Leite de Cabra: Loja Xam\u00e2nica","isPartOf":{"@id":"https:\/\/www.sinchisinchi.com\/pt-pt\/#website"},"primaryImageOfPage":{"@id":"https:\/\/www.sinchisinchi.com\/pt-pt\/producto\/leite-de-cabra\/#primaryimage"},"image":{"@id":"https:\/\/www.sinchisinchi.com\/pt-pt\/producto\/leite-de-cabra\/#primaryimage"},"thumbnailUrl":"https:\/\/www.sinchisinchi.com\/wp-content\/uploads\/2024\/04\/15-leche-de-cabra.jpeg","datePublished":"2024-04-22T12:15:33+00:00","description":"Sabonete de leite de cabra: \u00c9 muito ben\u00e9fico para a pele devido ao seu elevado teor em \u00e1cidos gordos e vitaminas, prote\u00ednas, magn\u00e9sio, c\u00e1lcio, pot\u00e1ssio e f\u00f3sforo.","breadcrumb":{"@id":"https:\/\/www.sinchisinchi.com\/pt-pt\/producto\/leite-de-cabra\/#breadcrumb"},"inLanguage":"pt-PT","potentialAction":[{"@type":"ReadAction","target":["https:\/\/www.sinchisinchi.com\/pt-pt\/producto\/leite-de-cabra\/"]}]},{"@type":"ImageObject","inLanguage":"pt-PT","@id":"https:\/\/www.sinchisinchi.com\/pt-pt\/producto\/leite-de-cabra\/#primaryimage","url":"https:\/\/www.sinchisinchi.com\/wp-content\/uploads\/2024\/04\/15-leche-de-cabra.jpeg","contentUrl":"https:\/\/www.sinchisinchi.com\/wp-content\/uploads\/2024\/04\/15-leche-de-cabra.jpeg","width":1024,"height":1024},{"@type":"BreadcrumbList","@id":"https:\/\/www.sinchisinchi.com\/pt-pt\/producto\/leite-de-cabra\/#breadcrumb","itemListElement":[{"@type":"ListItem","position":1,"name":"Prima pagina","item":"https:\/\/www.sinchisinchi.com\/pt-pt\/"},{"@type":"ListItem","position":2,"name":"Produtos","item":"https:\/\/www.sinchisinchi.com\/pt-pt\/shop\/"},{"@type":"ListItem","position":3,"name":"Leite de cabra"}]},{"@type":"WebSite","@id":"https:\/\/www.sinchisinchi.com\/pt-pt\/#website","url":"https:\/\/www.sinchisinchi.com\/pt-pt\/","name":"SINCHI","description":"Sinchi Medicine","publisher":{"@id":"https:\/\/www.sinchisinchi.com\/pt-pt\/#organization"},"potentialAction":[{"@type":"SearchAction","target":{"@type":"EntryPoint","urlTemplate":"https:\/\/www.sinchisinchi.com\/pt-pt\/?s={search_term_string}"},"query-input":{"@type":"PropertyValueSpecification","valueRequired":true,"valueName":"search_term_string"}}],"inLanguage":"pt-PT"},{"@type":"Organization","@id":"https:\/\/www.sinchisinchi.com\/pt-pt\/#organization","name":"SINCHI S.L","url":"https:\/\/www.sinchisinchi.com\/pt-pt\/","logo":{"@type":"ImageObject","inLanguage":"pt-PT","@id":"https:\/\/www.sinchisinchi.com\/pt-pt\/#\/schema\/logo\/image\/","url":"https:\/\/www.sinchisinchi.com\/wp-content\/uploads\/2026\/01\/3b-Verde-SIMPLIFICADO-HORIZONTAL-F-TRANSPARENTE-scaled.png","contentUrl":"https:\/\/www.sinchisinchi.com\/wp-content\/uploads\/2026\/01\/3b-Verde-SIMPLIFICADO-HORIZONTAL-F-TRANSPARENTE-scaled.png","width":2560,"height":457,"caption":"SINCHI S.L"},"image":{"@id":"https:\/\/www.sinchisinchi.com\/pt-pt\/#\/schema\/logo\/image\/"},"sameAs":["https:\/\/www.facebook.com\/sinchirape\/","https:\/\/www.instagram.com\/sinchi_rape\/"]}]}},"_links":{"self":[{"href":"https:\/\/www.sinchisinchi.com\/pt-pt\/wp-json\/wp\/v2\/product\/25562","targetHints":{"allow":["GET"]}}],"collection":[{"href":"https:\/\/www.sinchisinchi.com\/pt-pt\/wp-json\/wp\/v2\/product"}],"about":[{"href":"https:\/\/www.sinchisinchi.com\/pt-pt\/wp-json\/wp\/v2\/types\/product"}],"wp:featuredmedia":[{"embeddable":true,"href":"https:\/\/www.sinchisinchi.com\/pt-pt\/wp-json\/wp\/v2\/media\/25563"}],"wp:attachment":[{"href":"https:\/\/www.sinchisinchi.com\/pt-pt\/wp-json\/wp\/v2\/media?parent=25562"}],"wp:term":[{"taxonomy":"product_brand","embeddable":true,"href":"https:\/\/www.sinchisinchi.com\/pt-pt\/wp-json\/wp\/v2\/product_brand?post=25562"},{"taxonomy":"product_cat","embeddable":true,"href":"https:\/\/www.sinchisinchi.com\/pt-pt\/wp-json\/wp\/v2\/product_cat?post=25562"},{"taxonomy":"product_tag","embeddable":true,"href":"https:\/\/www.sinchisinchi.com\/pt-pt\/wp-json\/wp\/v2\/product_tag?post=25562"}],"curies":[{"name":"wp","href":"https:\/\/api.w.org\/{rel}","templated":true}]}}