{"id":25572,"date":"2024-04-22T12:13:48","date_gmt":"2024-04-22T12:13:48","guid":{"rendered":"https:\/\/www.sinchisinchi.com\/producto\/leite-de-coco\/"},"modified":"2024-04-22T12:13:48","modified_gmt":"2024-04-22T12:13:48","slug":"leite-de-coco","status":"publish","type":"product","link":"https:\/\/www.sinchisinchi.com\/pt-pt\/producto\/leite-de-coco\/","title":{"rendered":"Leite de coco"},"content":{"rendered":"<h3 style=\"text-align: center;\"><strong>Propriedades m\u00e1gicas<\/strong><\/h3>\n<p>&nbsp;<\/p>\n<p>O coco \u00e9 o fruto do coqueiro, ambos considerados femininos, associados \u00e0 lua, ao elemento \u00e1gua. \u00c9 tradicionalmente utilizado pelas suas propriedades de purifica\u00e7\u00e3o, prote\u00e7\u00e3o e castidade.<\/p>\n<p>Os sabonetes naturais com resinas e as plantas arom\u00e1ticas t\u00eam um efeito profundo tanto a n\u00edvel f\u00edsico como energ\u00e9tico. Ajudam a proteger contra for\u00e7as negativas, conectam-se com frequ\u00eancias positivas e promovem a limpeza f\u00edsica e energ\u00e9tica.<\/p>\n<p><strong>Prote\u00e7\u00e3o e purifica\u00e7\u00e3o:<\/strong> Os sabonetes m\u00edsticos criam um escudo protetor contra as energias negativas.<\/p>\n<p><strong>Equil\u00edbrio energ\u00e9tico:<\/strong> Ajudam a equilibrar as energias do corpo, promovendo a harmonia e o bem-estar.<\/p>\n<p><strong>Conex\u00e3o espiritual:<\/strong> Facilitam a conex\u00e3o com as energias c\u00f3smicas, permitindo uma medita\u00e7\u00e3o mais profunda.<\/p>\n","protected":false},"excerpt":{"rendered":"<p>Os sabonetes de leite de coco caracterizam-se por limpar a pele de dentro para fora sem provocar secura excessiva, ao contr\u00e1rio dos sabonetes comuns, pois, por serem ricos em leite de coco puro, os sabonetes de leite de coco cont\u00eam uma grande quantidade de \u00e1cidos gordos e nutrientes que restauram a hidrata\u00e7\u00e3o, proporcionando uma pele macia, flex\u00edvel e suave.<\/p>\n<p>Quando o sab\u00e3o de leite de coco \u00e9 utilizado regularmente, os sintomas do envelhecimento precoce s\u00e3o retardados. Possui uma grande quantidade de antioxidantes, como as vitaminas E e C, que enriquecem a pele e reduzem os radicais livres, prevenindo os danos oxidativos.<\/p>\n<p>Al\u00e9m disso, cont\u00e9m micronutrientes como o sel\u00e9nio, zinco, ferro e cobre, que melhoram a sa\u00fade da pele. O leite de coco fornece \u00e1cidos gordos como o \u00e1cido l\u00e1urico, o \u00e1cido c\u00e1prico e o \u00e1cido c\u00e1prico, poderosos agentes antimicrobianos, antivirais e antif\u00fangicos.<\/p>\n<p>Utilizado como champ\u00f4, proporciona a m\u00e1xima nutri\u00e7\u00e3o, deixando o cabelo forte e saud\u00e1vel.<\/p>\n<p>Este sab\u00e3o \u00e9 feito \u00e0 m\u00e3o em Marselha seguindo m\u00e9todos antigos e receitas ancestrais utilizando ingredientes completamente naturais: \u00e1gua do mar do Mediterr\u00e2neo, \u00f3leo essencial de s\u00e2ndalo, \u00f3leos vegetais de alta qualidade e carbonato de s\u00f3dio. \u00c9 100% biodegrad\u00e1vel.<\/p>\n<p>&nbsp;<\/p>\n<p><strong>Tamanho:<\/strong> 125gr<\/p>\n","protected":false},"featured_media":25573,"template":"","meta":{"_joinchat":[]},"product_brand":[],"product_cat":[679],"product_tag":[],"class_list":{"0":"post-25572","1":"product","2":"type-product","3":"status-publish","4":"has-post-thumbnail","6":"product_cat-sabonetes","8":"first","9":"instock","10":"taxable","11":"shipping-taxable","12":"purchasable","13":"product-type-simple"},"yoast_head":"<!-- This site is optimized with the Yoast SEO plugin v27.1.1 - https:\/\/yoast.com\/product\/yoast-seo-wordpress\/ -->\n<title>Sabonete de Leite de Coco: Loja Xam\u00e2nica<\/title>\n<meta name=\"description\" content=\"Sabonete de leite de coco: Caracteriza-se por limpar a pele de dentro para fora sem provocar secura excessiva, proporcionando uma pele macia, suave e flex\u00edvel.\" \/>\n<meta name=\"robots\" content=\"index, follow, max-snippet:-1, max-image-preview:large, max-video-preview:-1\" \/>\n<link rel=\"canonical\" href=\"https:\/\/www.sinchisinchi.com\/pt-pt\/producto\/leite-de-coco\/\" \/>\n<meta property=\"og:locale\" content=\"pt_PT\" \/>\n<meta property=\"og:type\" content=\"article\" \/>\n<meta property=\"og:title\" content=\"Sabonete de Leite de Coco: Loja Xam\u00e2nica\" \/>\n<meta property=\"og:description\" content=\"Sabonete de leite de coco: Caracteriza-se por limpar a pele de dentro para fora sem provocar secura excessiva, proporcionando uma pele macia, suave e flex\u00edvel.\" \/>\n<meta property=\"og:url\" content=\"https:\/\/www.sinchisinchi.com\/pt-pt\/producto\/leite-de-coco\/\" \/>\n<meta property=\"og:site_name\" content=\"SINCHI RAP\u00c9\" \/>\n<meta property=\"article:publisher\" content=\"https:\/\/www.facebook.com\/sinchirape\/\" \/>\n<meta property=\"og:image\" content=\"https:\/\/www.sinchisinchi.com\/wp-content\/uploads\/2024\/04\/14-leche-de-coco.jpeg\" \/>\n\t<meta property=\"og:image:width\" content=\"1024\" \/>\n\t<meta property=\"og:image:height\" content=\"1024\" \/>\n\t<meta property=\"og:image:type\" content=\"image\/jpeg\" \/>\n<meta name=\"twitter:card\" content=\"summary_large_image\" \/>\n<meta name=\"twitter:label1\" content=\"Tempo estimado de leitura\" \/>\n\t<meta name=\"twitter:data1\" content=\"1 minuto\" \/>\n<script type=\"application\/ld+json\" class=\"yoast-schema-graph\">{\"@context\":\"https:\/\/schema.org\",\"@graph\":[{\"@type\":\"WebPage\",\"@id\":\"https:\/\/www.sinchisinchi.com\/pt-pt\/producto\/leite-de-coco\/\",\"url\":\"https:\/\/www.sinchisinchi.com\/pt-pt\/producto\/leite-de-coco\/\",\"name\":\"Sabonete de Leite de Coco: Loja Xam\u00e2nica\",\"isPartOf\":{\"@id\":\"https:\/\/www.sinchisinchi.com\/pt-pt\/#website\"},\"primaryImageOfPage\":{\"@id\":\"https:\/\/www.sinchisinchi.com\/pt-pt\/producto\/leite-de-coco\/#primaryimage\"},\"image\":{\"@id\":\"https:\/\/www.sinchisinchi.com\/pt-pt\/producto\/leite-de-coco\/#primaryimage\"},\"thumbnailUrl\":\"https:\/\/www.sinchisinchi.com\/wp-content\/uploads\/2024\/04\/14-leche-de-coco.jpeg\",\"datePublished\":\"2024-04-22T12:13:48+00:00\",\"description\":\"Sabonete de leite de coco: Caracteriza-se por limpar a pele de dentro para fora sem provocar secura excessiva, proporcionando uma pele macia, suave e flex\u00edvel.\",\"breadcrumb\":{\"@id\":\"https:\/\/www.sinchisinchi.com\/pt-pt\/producto\/leite-de-coco\/#breadcrumb\"},\"inLanguage\":\"pt-PT\",\"potentialAction\":[{\"@type\":\"ReadAction\",\"target\":[\"https:\/\/www.sinchisinchi.com\/pt-pt\/producto\/leite-de-coco\/\"]}]},{\"@type\":\"ImageObject\",\"inLanguage\":\"pt-PT\",\"@id\":\"https:\/\/www.sinchisinchi.com\/pt-pt\/producto\/leite-de-coco\/#primaryimage\",\"url\":\"https:\/\/www.sinchisinchi.com\/wp-content\/uploads\/2024\/04\/14-leche-de-coco.jpeg\",\"contentUrl\":\"https:\/\/www.sinchisinchi.com\/wp-content\/uploads\/2024\/04\/14-leche-de-coco.jpeg\",\"width\":1024,\"height\":1024},{\"@type\":\"BreadcrumbList\",\"@id\":\"https:\/\/www.sinchisinchi.com\/pt-pt\/producto\/leite-de-coco\/#breadcrumb\",\"itemListElement\":[{\"@type\":\"ListItem\",\"position\":1,\"name\":\"Prima pagina\",\"item\":\"https:\/\/www.sinchisinchi.com\/pt-pt\/\"},{\"@type\":\"ListItem\",\"position\":2,\"name\":\"Produtos\",\"item\":\"https:\/\/www.sinchisinchi.com\/pt-pt\/shop\/\"},{\"@type\":\"ListItem\",\"position\":3,\"name\":\"Leite de coco\"}]},{\"@type\":\"WebSite\",\"@id\":\"https:\/\/www.sinchisinchi.com\/pt-pt\/#website\",\"url\":\"https:\/\/www.sinchisinchi.com\/pt-pt\/\",\"name\":\"SINCHI\",\"description\":\"Sinchi Medicine\",\"publisher\":{\"@id\":\"https:\/\/www.sinchisinchi.com\/pt-pt\/#organization\"},\"potentialAction\":[{\"@type\":\"SearchAction\",\"target\":{\"@type\":\"EntryPoint\",\"urlTemplate\":\"https:\/\/www.sinchisinchi.com\/pt-pt\/?s={search_term_string}\"},\"query-input\":{\"@type\":\"PropertyValueSpecification\",\"valueRequired\":true,\"valueName\":\"search_term_string\"}}],\"inLanguage\":\"pt-PT\"},{\"@type\":\"Organization\",\"@id\":\"https:\/\/www.sinchisinchi.com\/pt-pt\/#organization\",\"name\":\"SINCHI S.L\",\"url\":\"https:\/\/www.sinchisinchi.com\/pt-pt\/\",\"logo\":{\"@type\":\"ImageObject\",\"inLanguage\":\"pt-PT\",\"@id\":\"https:\/\/www.sinchisinchi.com\/pt-pt\/#\/schema\/logo\/image\/\",\"url\":\"https:\/\/www.sinchisinchi.com\/wp-content\/uploads\/2026\/01\/3b-Verde-SIMPLIFICADO-HORIZONTAL-F-TRANSPARENTE-scaled.png\",\"contentUrl\":\"https:\/\/www.sinchisinchi.com\/wp-content\/uploads\/2026\/01\/3b-Verde-SIMPLIFICADO-HORIZONTAL-F-TRANSPARENTE-scaled.png\",\"width\":2560,\"height\":457,\"caption\":\"SINCHI S.L\"},\"image\":{\"@id\":\"https:\/\/www.sinchisinchi.com\/pt-pt\/#\/schema\/logo\/image\/\"},\"sameAs\":[\"https:\/\/www.facebook.com\/sinchirape\/\",\"https:\/\/www.instagram.com\/sinchi_rape\/\"]}]}<\/script>\n<!-- \/ Yoast SEO plugin. -->","yoast_head_json":{"title":"Sabonete de Leite de Coco: Loja Xam\u00e2nica","description":"Sabonete de leite de coco: Caracteriza-se por limpar a pele de dentro para fora sem provocar secura excessiva, proporcionando uma pele macia, suave e flex\u00edvel.","robots":{"index":"index","follow":"follow","max-snippet":"max-snippet:-1","max-image-preview":"max-image-preview:large","max-video-preview":"max-video-preview:-1"},"canonical":"https:\/\/www.sinchisinchi.com\/pt-pt\/producto\/leite-de-coco\/","og_locale":"pt_PT","og_type":"article","og_title":"Sabonete de Leite de Coco: Loja Xam\u00e2nica","og_description":"Sabonete de leite de coco: Caracteriza-se por limpar a pele de dentro para fora sem provocar secura excessiva, proporcionando uma pele macia, suave e flex\u00edvel.","og_url":"https:\/\/www.sinchisinchi.com\/pt-pt\/producto\/leite-de-coco\/","og_site_name":"SINCHI RAP\u00c9","article_publisher":"https:\/\/www.facebook.com\/sinchirape\/","og_image":[{"width":1024,"height":1024,"url":"https:\/\/www.sinchisinchi.com\/wp-content\/uploads\/2024\/04\/14-leche-de-coco.jpeg","type":"image\/jpeg"}],"twitter_card":"summary_large_image","twitter_misc":{"Tempo estimado de leitura":"1 minuto"},"schema":{"@context":"https:\/\/schema.org","@graph":[{"@type":"WebPage","@id":"https:\/\/www.sinchisinchi.com\/pt-pt\/producto\/leite-de-coco\/","url":"https:\/\/www.sinchisinchi.com\/pt-pt\/producto\/leite-de-coco\/","name":"Sabonete de Leite de Coco: Loja Xam\u00e2nica","isPartOf":{"@id":"https:\/\/www.sinchisinchi.com\/pt-pt\/#website"},"primaryImageOfPage":{"@id":"https:\/\/www.sinchisinchi.com\/pt-pt\/producto\/leite-de-coco\/#primaryimage"},"image":{"@id":"https:\/\/www.sinchisinchi.com\/pt-pt\/producto\/leite-de-coco\/#primaryimage"},"thumbnailUrl":"https:\/\/www.sinchisinchi.com\/wp-content\/uploads\/2024\/04\/14-leche-de-coco.jpeg","datePublished":"2024-04-22T12:13:48+00:00","description":"Sabonete de leite de coco: Caracteriza-se por limpar a pele de dentro para fora sem provocar secura excessiva, proporcionando uma pele macia, suave e flex\u00edvel.","breadcrumb":{"@id":"https:\/\/www.sinchisinchi.com\/pt-pt\/producto\/leite-de-coco\/#breadcrumb"},"inLanguage":"pt-PT","potentialAction":[{"@type":"ReadAction","target":["https:\/\/www.sinchisinchi.com\/pt-pt\/producto\/leite-de-coco\/"]}]},{"@type":"ImageObject","inLanguage":"pt-PT","@id":"https:\/\/www.sinchisinchi.com\/pt-pt\/producto\/leite-de-coco\/#primaryimage","url":"https:\/\/www.sinchisinchi.com\/wp-content\/uploads\/2024\/04\/14-leche-de-coco.jpeg","contentUrl":"https:\/\/www.sinchisinchi.com\/wp-content\/uploads\/2024\/04\/14-leche-de-coco.jpeg","width":1024,"height":1024},{"@type":"BreadcrumbList","@id":"https:\/\/www.sinchisinchi.com\/pt-pt\/producto\/leite-de-coco\/#breadcrumb","itemListElement":[{"@type":"ListItem","position":1,"name":"Prima pagina","item":"https:\/\/www.sinchisinchi.com\/pt-pt\/"},{"@type":"ListItem","position":2,"name":"Produtos","item":"https:\/\/www.sinchisinchi.com\/pt-pt\/shop\/"},{"@type":"ListItem","position":3,"name":"Leite de coco"}]},{"@type":"WebSite","@id":"https:\/\/www.sinchisinchi.com\/pt-pt\/#website","url":"https:\/\/www.sinchisinchi.com\/pt-pt\/","name":"SINCHI","description":"Sinchi Medicine","publisher":{"@id":"https:\/\/www.sinchisinchi.com\/pt-pt\/#organization"},"potentialAction":[{"@type":"SearchAction","target":{"@type":"EntryPoint","urlTemplate":"https:\/\/www.sinchisinchi.com\/pt-pt\/?s={search_term_string}"},"query-input":{"@type":"PropertyValueSpecification","valueRequired":true,"valueName":"search_term_string"}}],"inLanguage":"pt-PT"},{"@type":"Organization","@id":"https:\/\/www.sinchisinchi.com\/pt-pt\/#organization","name":"SINCHI S.L","url":"https:\/\/www.sinchisinchi.com\/pt-pt\/","logo":{"@type":"ImageObject","inLanguage":"pt-PT","@id":"https:\/\/www.sinchisinchi.com\/pt-pt\/#\/schema\/logo\/image\/","url":"https:\/\/www.sinchisinchi.com\/wp-content\/uploads\/2026\/01\/3b-Verde-SIMPLIFICADO-HORIZONTAL-F-TRANSPARENTE-scaled.png","contentUrl":"https:\/\/www.sinchisinchi.com\/wp-content\/uploads\/2026\/01\/3b-Verde-SIMPLIFICADO-HORIZONTAL-F-TRANSPARENTE-scaled.png","width":2560,"height":457,"caption":"SINCHI S.L"},"image":{"@id":"https:\/\/www.sinchisinchi.com\/pt-pt\/#\/schema\/logo\/image\/"},"sameAs":["https:\/\/www.facebook.com\/sinchirape\/","https:\/\/www.instagram.com\/sinchi_rape\/"]}]}},"_links":{"self":[{"href":"https:\/\/www.sinchisinchi.com\/pt-pt\/wp-json\/wp\/v2\/product\/25572","targetHints":{"allow":["GET"]}}],"collection":[{"href":"https:\/\/www.sinchisinchi.com\/pt-pt\/wp-json\/wp\/v2\/product"}],"about":[{"href":"https:\/\/www.sinchisinchi.com\/pt-pt\/wp-json\/wp\/v2\/types\/product"}],"wp:featuredmedia":[{"embeddable":true,"href":"https:\/\/www.sinchisinchi.com\/pt-pt\/wp-json\/wp\/v2\/media\/25573"}],"wp:attachment":[{"href":"https:\/\/www.sinchisinchi.com\/pt-pt\/wp-json\/wp\/v2\/media?parent=25572"}],"wp:term":[{"taxonomy":"product_brand","embeddable":true,"href":"https:\/\/www.sinchisinchi.com\/pt-pt\/wp-json\/wp\/v2\/product_brand?post=25572"},{"taxonomy":"product_cat","embeddable":true,"href":"https:\/\/www.sinchisinchi.com\/pt-pt\/wp-json\/wp\/v2\/product_cat?post=25572"},{"taxonomy":"product_tag","embeddable":true,"href":"https:\/\/www.sinchisinchi.com\/pt-pt\/wp-json\/wp\/v2\/product_tag?post=25572"}],"curies":[{"name":"wp","href":"https:\/\/api.w.org\/{rel}","templated":true}]}}