{"id":25576,"date":"2024-04-22T12:12:17","date_gmt":"2024-04-22T12:12:17","guid":{"rendered":"https:\/\/www.sinchisinchi.com\/producto\/morango\/"},"modified":"2024-04-22T12:12:17","modified_gmt":"2024-04-22T12:12:17","slug":"morango","status":"publish","type":"product","link":"https:\/\/www.sinchisinchi.com\/pt-pt\/producto\/morango\/","title":{"rendered":"Morango"},"content":{"rendered":"<h3 style=\"text-align: center;\"><strong>Propriedades m\u00e1gicas<\/strong><\/h3>\n<p>Os morangos est\u00e3o associados ao <strong>planeta do amor,<\/strong> V\u00e9nus, e a Afrodite, a <strong>deusa do amor<\/strong> e da beleza. Est\u00e3o tamb\u00e9m associados a <strong>Freya,<\/strong> a deusa da mitologia n\u00f3rdica e germ\u00e2nica, que est\u00e1 associada \u00e0 maternidade e \u00e0 fertilidade.<\/p>\n<p>A <strong>Virgem Maria<\/strong> foi retratada rodeada de morangos ou a acompanhar crian\u00e7as para os colher; O morango est\u00e1 relacionado com a maternidade, o amor profundo, o carinho amoroso que vai da amizade ao romance.<\/p>\n<p>As hist\u00f3rias europeias antigas indicam que as <strong>fadas da floresta<\/strong> adoravam morangos, e os agricultores atra\u00edam-nos plantando-os, pois ajudavam a ter boas colheitas e proporcionavam boa sa\u00fade e fertilidade \u00e0 fam\u00edlia e ao gado.<\/p>\n<p>O morango \u00e9 um excelente afrodis\u00edaco devido \u00e0 sua cor, sabor e aroma.<\/p>\n<h2 style=\"text-align: center;\"><strong>Hist\u00f3ria<\/strong><\/h2>\n<p>Em <strong>2500 a.C.,<\/strong> os poderes desintoxicantes dos morangos j\u00e1 eram conhecidos <strong>na \u00c1sia,<\/strong> uma vez que as folhas eram utilizadas para fazer ch\u00e1 e reduzir as toxinas no organismo, al\u00e9m de retardar o envelhecimento e combater a fadiga.<\/p>\n<p><strong>Os romanos<\/strong> utilizavam os morangos pelas suas propriedades ben\u00e9ficas para o sistema digestivo e para proporcionar um bom h\u00e1lito, bem como pelas suas virtudes afrodis\u00edacas.<\/p>\n<p><strong>Na Am\u00e9rica,<\/strong> os nativos foram apresentados ao morango pelos espanh\u00f3is, portugueses e brit\u00e2nicos, sendo tradicionalmente utilizado sob a forma de ch\u00e1, incluindo a planta inteira; frutos, folhas e ra\u00edzes. Tamb\u00e9m esmagam as folhas para criar uma pomada para a pele.<\/p>\n","protected":false},"excerpt":{"rendered":"<p>O sab\u00e3o natural de morango \u00e9 rico em antioxidantes, vitamina C e E, que combatem o efeito dos radicais livres na pele. Combate o envelhecimento precoce da pele e reduz as rugas.<\/p>\n<p>O mangan\u00eas e o pot\u00e1ssio ajudam a melhorar a sa\u00fade geral da pele, ajudando os antioxidantes a funcionarem melhor e as c\u00e9lulas a reterem mais \u00e1gua.<\/p>\n<p>A sua capacidade hidratante deixa a pele macia e nutrida, sendo altamente recomendado para peles secas.<\/p>\n<p>O morango \u00e9 uma planta feminina, associada ao planeta V\u00e9nus, \u00e0 deusa <strong>Afrodite,<\/strong> ao elemento<strong> \u00e1gua, ao amor e \u00e0 boa sorte.<\/strong><\/p>\n","protected":false},"featured_media":25577,"template":"","meta":{"_joinchat":[]},"product_brand":[],"product_cat":[679],"product_tag":[],"class_list":{"0":"post-25576","1":"product","2":"type-product","3":"status-publish","4":"has-post-thumbnail","6":"product_cat-sabonetes","8":"first","9":"instock","10":"taxable","11":"shipping-taxable","12":"purchasable","13":"product-type-simple"},"yoast_head":"<!-- This site is optimized with the Yoast SEO plugin v27.4 - https:\/\/yoast.com\/product\/yoast-seo-wordpress\/ -->\n<title>Sabonete de Morango: Loja Xam\u00e2nica<\/title>\n<meta name=\"description\" content=\"O morango \u00e9 uma planta feminina, associada ao planeta V\u00e9nus, \u00e0 deusa Afrodite, ao elemento \u00e1gua, ao amor e \u00e0 boa sorte.\" \/>\n<meta name=\"robots\" content=\"index, follow, max-snippet:-1, max-image-preview:large, max-video-preview:-1\" \/>\n<link rel=\"canonical\" href=\"https:\/\/www.sinchisinchi.com\/pt-pt\/producto\/morango\/\" \/>\n<meta property=\"og:locale\" content=\"pt_PT\" \/>\n<meta property=\"og:type\" content=\"article\" \/>\n<meta property=\"og:title\" content=\"Sabonete de Morango: Loja Xam\u00e2nica\" \/>\n<meta property=\"og:description\" content=\"O morango \u00e9 uma planta feminina, associada ao planeta V\u00e9nus, \u00e0 deusa Afrodite, ao elemento \u00e1gua, ao amor e \u00e0 boa sorte.\" \/>\n<meta property=\"og:url\" content=\"https:\/\/www.sinchisinchi.com\/pt-pt\/producto\/morango\/\" \/>\n<meta property=\"og:site_name\" content=\"SINCHI RAP\u00c9\" \/>\n<meta property=\"article:publisher\" content=\"https:\/\/www.facebook.com\/sinchirape\/\" \/>\n<meta property=\"og:image\" content=\"https:\/\/www.sinchisinchi.com\/wp-content\/uploads\/2024\/04\/13-fresa.jpeg\" \/>\n\t<meta property=\"og:image:width\" content=\"1024\" \/>\n\t<meta property=\"og:image:height\" content=\"1024\" \/>\n\t<meta property=\"og:image:type\" content=\"image\/jpeg\" \/>\n<meta name=\"twitter:card\" content=\"summary_large_image\" \/>\n<meta name=\"twitter:label1\" content=\"Tempo estimado de leitura\" \/>\n\t<meta name=\"twitter:data1\" content=\"1 minuto\" \/>\n<script type=\"application\/ld+json\" class=\"yoast-schema-graph\">{\"@context\":\"https:\\\/\\\/schema.org\",\"@graph\":[{\"@type\":\"WebPage\",\"@id\":\"https:\\\/\\\/www.sinchisinchi.com\\\/pt-pt\\\/producto\\\/morango\\\/\",\"url\":\"https:\\\/\\\/www.sinchisinchi.com\\\/pt-pt\\\/producto\\\/morango\\\/\",\"name\":\"Sabonete de Morango: Loja Xam\u00e2nica\",\"isPartOf\":{\"@id\":\"https:\\\/\\\/www.sinchisinchi.com\\\/pt-pt\\\/#website\"},\"primaryImageOfPage\":{\"@id\":\"https:\\\/\\\/www.sinchisinchi.com\\\/pt-pt\\\/producto\\\/morango\\\/#primaryimage\"},\"image\":{\"@id\":\"https:\\\/\\\/www.sinchisinchi.com\\\/pt-pt\\\/producto\\\/morango\\\/#primaryimage\"},\"thumbnailUrl\":\"https:\\\/\\\/www.sinchisinchi.com\\\/wp-content\\\/uploads\\\/2024\\\/04\\\/13-fresa.jpeg\",\"datePublished\":\"2024-04-22T12:12:17+00:00\",\"description\":\"O morango \u00e9 uma planta feminina, associada ao planeta V\u00e9nus, \u00e0 deusa Afrodite, ao elemento \u00e1gua, ao amor e \u00e0 boa sorte.\",\"breadcrumb\":{\"@id\":\"https:\\\/\\\/www.sinchisinchi.com\\\/pt-pt\\\/producto\\\/morango\\\/#breadcrumb\"},\"inLanguage\":\"pt-PT\",\"potentialAction\":[{\"@type\":\"ReadAction\",\"target\":[\"https:\\\/\\\/www.sinchisinchi.com\\\/pt-pt\\\/producto\\\/morango\\\/\"]}]},{\"@type\":\"ImageObject\",\"inLanguage\":\"pt-PT\",\"@id\":\"https:\\\/\\\/www.sinchisinchi.com\\\/pt-pt\\\/producto\\\/morango\\\/#primaryimage\",\"url\":\"https:\\\/\\\/www.sinchisinchi.com\\\/wp-content\\\/uploads\\\/2024\\\/04\\\/13-fresa.jpeg\",\"contentUrl\":\"https:\\\/\\\/www.sinchisinchi.com\\\/wp-content\\\/uploads\\\/2024\\\/04\\\/13-fresa.jpeg\",\"width\":1024,\"height\":1024},{\"@type\":\"BreadcrumbList\",\"@id\":\"https:\\\/\\\/www.sinchisinchi.com\\\/pt-pt\\\/producto\\\/morango\\\/#breadcrumb\",\"itemListElement\":[{\"@type\":\"ListItem\",\"position\":1,\"name\":\"Prima pagina\",\"item\":\"https:\\\/\\\/www.sinchisinchi.com\\\/pt-pt\\\/\"},{\"@type\":\"ListItem\",\"position\":2,\"name\":\"Produtos\",\"item\":\"https:\\\/\\\/www.sinchisinchi.com\\\/pt-pt\\\/shop\\\/\"},{\"@type\":\"ListItem\",\"position\":3,\"name\":\"Morango\"}]},{\"@type\":\"WebSite\",\"@id\":\"https:\\\/\\\/www.sinchisinchi.com\\\/pt-pt\\\/#website\",\"url\":\"https:\\\/\\\/www.sinchisinchi.com\\\/pt-pt\\\/\",\"name\":\"SINCHI\",\"description\":\"Sinchi Medicine\",\"publisher\":{\"@id\":\"https:\\\/\\\/www.sinchisinchi.com\\\/pt-pt\\\/#organization\"},\"potentialAction\":[{\"@type\":\"SearchAction\",\"target\":{\"@type\":\"EntryPoint\",\"urlTemplate\":\"https:\\\/\\\/www.sinchisinchi.com\\\/pt-pt\\\/?s={search_term_string}\"},\"query-input\":{\"@type\":\"PropertyValueSpecification\",\"valueRequired\":true,\"valueName\":\"search_term_string\"}}],\"inLanguage\":\"pt-PT\"},{\"@type\":\"Organization\",\"@id\":\"https:\\\/\\\/www.sinchisinchi.com\\\/pt-pt\\\/#organization\",\"name\":\"SINCHI S.L\",\"url\":\"https:\\\/\\\/www.sinchisinchi.com\\\/pt-pt\\\/\",\"logo\":{\"@type\":\"ImageObject\",\"inLanguage\":\"pt-PT\",\"@id\":\"https:\\\/\\\/www.sinchisinchi.com\\\/pt-pt\\\/#\\\/schema\\\/logo\\\/image\\\/\",\"url\":\"https:\\\/\\\/www.sinchisinchi.com\\\/wp-content\\\/uploads\\\/2026\\\/01\\\/3b-Verde-SIMPLIFICADO-HORIZONTAL-F-TRANSPARENTE-scaled.png\",\"contentUrl\":\"https:\\\/\\\/www.sinchisinchi.com\\\/wp-content\\\/uploads\\\/2026\\\/01\\\/3b-Verde-SIMPLIFICADO-HORIZONTAL-F-TRANSPARENTE-scaled.png\",\"width\":2560,\"height\":457,\"caption\":\"SINCHI S.L\"},\"image\":{\"@id\":\"https:\\\/\\\/www.sinchisinchi.com\\\/pt-pt\\\/#\\\/schema\\\/logo\\\/image\\\/\"},\"sameAs\":[\"https:\\\/\\\/www.facebook.com\\\/sinchirape\\\/\",\"https:\\\/\\\/www.instagram.com\\\/sinchi_rape\\\/\"]}]}<\/script>\n<!-- \/ Yoast SEO plugin. -->","yoast_head_json":{"title":"Sabonete de Morango: Loja Xam\u00e2nica","description":"O morango \u00e9 uma planta feminina, associada ao planeta V\u00e9nus, \u00e0 deusa Afrodite, ao elemento \u00e1gua, ao amor e \u00e0 boa sorte.","robots":{"index":"index","follow":"follow","max-snippet":"max-snippet:-1","max-image-preview":"max-image-preview:large","max-video-preview":"max-video-preview:-1"},"canonical":"https:\/\/www.sinchisinchi.com\/pt-pt\/producto\/morango\/","og_locale":"pt_PT","og_type":"article","og_title":"Sabonete de Morango: Loja Xam\u00e2nica","og_description":"O morango \u00e9 uma planta feminina, associada ao planeta V\u00e9nus, \u00e0 deusa Afrodite, ao elemento \u00e1gua, ao amor e \u00e0 boa sorte.","og_url":"https:\/\/www.sinchisinchi.com\/pt-pt\/producto\/morango\/","og_site_name":"SINCHI RAP\u00c9","article_publisher":"https:\/\/www.facebook.com\/sinchirape\/","og_image":[{"width":1024,"height":1024,"url":"https:\/\/www.sinchisinchi.com\/wp-content\/uploads\/2024\/04\/13-fresa.jpeg","type":"image\/jpeg"}],"twitter_card":"summary_large_image","twitter_misc":{"Tempo estimado de leitura":"1 minuto"},"schema":{"@context":"https:\/\/schema.org","@graph":[{"@type":"WebPage","@id":"https:\/\/www.sinchisinchi.com\/pt-pt\/producto\/morango\/","url":"https:\/\/www.sinchisinchi.com\/pt-pt\/producto\/morango\/","name":"Sabonete de Morango: Loja Xam\u00e2nica","isPartOf":{"@id":"https:\/\/www.sinchisinchi.com\/pt-pt\/#website"},"primaryImageOfPage":{"@id":"https:\/\/www.sinchisinchi.com\/pt-pt\/producto\/morango\/#primaryimage"},"image":{"@id":"https:\/\/www.sinchisinchi.com\/pt-pt\/producto\/morango\/#primaryimage"},"thumbnailUrl":"https:\/\/www.sinchisinchi.com\/wp-content\/uploads\/2024\/04\/13-fresa.jpeg","datePublished":"2024-04-22T12:12:17+00:00","description":"O morango \u00e9 uma planta feminina, associada ao planeta V\u00e9nus, \u00e0 deusa Afrodite, ao elemento \u00e1gua, ao amor e \u00e0 boa sorte.","breadcrumb":{"@id":"https:\/\/www.sinchisinchi.com\/pt-pt\/producto\/morango\/#breadcrumb"},"inLanguage":"pt-PT","potentialAction":[{"@type":"ReadAction","target":["https:\/\/www.sinchisinchi.com\/pt-pt\/producto\/morango\/"]}]},{"@type":"ImageObject","inLanguage":"pt-PT","@id":"https:\/\/www.sinchisinchi.com\/pt-pt\/producto\/morango\/#primaryimage","url":"https:\/\/www.sinchisinchi.com\/wp-content\/uploads\/2024\/04\/13-fresa.jpeg","contentUrl":"https:\/\/www.sinchisinchi.com\/wp-content\/uploads\/2024\/04\/13-fresa.jpeg","width":1024,"height":1024},{"@type":"BreadcrumbList","@id":"https:\/\/www.sinchisinchi.com\/pt-pt\/producto\/morango\/#breadcrumb","itemListElement":[{"@type":"ListItem","position":1,"name":"Prima pagina","item":"https:\/\/www.sinchisinchi.com\/pt-pt\/"},{"@type":"ListItem","position":2,"name":"Produtos","item":"https:\/\/www.sinchisinchi.com\/pt-pt\/shop\/"},{"@type":"ListItem","position":3,"name":"Morango"}]},{"@type":"WebSite","@id":"https:\/\/www.sinchisinchi.com\/pt-pt\/#website","url":"https:\/\/www.sinchisinchi.com\/pt-pt\/","name":"SINCHI","description":"Sinchi Medicine","publisher":{"@id":"https:\/\/www.sinchisinchi.com\/pt-pt\/#organization"},"potentialAction":[{"@type":"SearchAction","target":{"@type":"EntryPoint","urlTemplate":"https:\/\/www.sinchisinchi.com\/pt-pt\/?s={search_term_string}"},"query-input":{"@type":"PropertyValueSpecification","valueRequired":true,"valueName":"search_term_string"}}],"inLanguage":"pt-PT"},{"@type":"Organization","@id":"https:\/\/www.sinchisinchi.com\/pt-pt\/#organization","name":"SINCHI S.L","url":"https:\/\/www.sinchisinchi.com\/pt-pt\/","logo":{"@type":"ImageObject","inLanguage":"pt-PT","@id":"https:\/\/www.sinchisinchi.com\/pt-pt\/#\/schema\/logo\/image\/","url":"https:\/\/www.sinchisinchi.com\/wp-content\/uploads\/2026\/01\/3b-Verde-SIMPLIFICADO-HORIZONTAL-F-TRANSPARENTE-scaled.png","contentUrl":"https:\/\/www.sinchisinchi.com\/wp-content\/uploads\/2026\/01\/3b-Verde-SIMPLIFICADO-HORIZONTAL-F-TRANSPARENTE-scaled.png","width":2560,"height":457,"caption":"SINCHI S.L"},"image":{"@id":"https:\/\/www.sinchisinchi.com\/pt-pt\/#\/schema\/logo\/image\/"},"sameAs":["https:\/\/www.facebook.com\/sinchirape\/","https:\/\/www.instagram.com\/sinchi_rape\/"]}]}},"_links":{"self":[{"href":"https:\/\/www.sinchisinchi.com\/pt-pt\/wp-json\/wp\/v2\/product\/25576","targetHints":{"allow":["GET"]}}],"collection":[{"href":"https:\/\/www.sinchisinchi.com\/pt-pt\/wp-json\/wp\/v2\/product"}],"about":[{"href":"https:\/\/www.sinchisinchi.com\/pt-pt\/wp-json\/wp\/v2\/types\/product"}],"wp:featuredmedia":[{"embeddable":true,"href":"https:\/\/www.sinchisinchi.com\/pt-pt\/wp-json\/wp\/v2\/media\/25577"}],"wp:attachment":[{"href":"https:\/\/www.sinchisinchi.com\/pt-pt\/wp-json\/wp\/v2\/media?parent=25576"}],"wp:term":[{"taxonomy":"product_brand","embeddable":true,"href":"https:\/\/www.sinchisinchi.com\/pt-pt\/wp-json\/wp\/v2\/product_brand?post=25576"},{"taxonomy":"product_cat","embeddable":true,"href":"https:\/\/www.sinchisinchi.com\/pt-pt\/wp-json\/wp\/v2\/product_cat?post=25576"},{"taxonomy":"product_tag","embeddable":true,"href":"https:\/\/www.sinchisinchi.com\/pt-pt\/wp-json\/wp\/v2\/product_tag?post=25576"}],"curies":[{"name":"wp","href":"https:\/\/api.w.org\/{rel}","templated":true}]}}