{"id":25581,"date":"2024-04-22T12:10:58","date_gmt":"2024-04-22T12:10:58","guid":{"rendered":"https:\/\/www.sinchisinchi.com\/producto\/bergamota\/"},"modified":"2024-04-22T12:10:58","modified_gmt":"2024-04-22T12:10:58","slug":"bergamota","status":"publish","type":"product","link":"https:\/\/www.sinchisinchi.com\/pt-pt\/producto\/bergamota\/","title":{"rendered":"Bergamota"},"content":{"rendered":"<h2 style=\"text-align: center;\"><strong>Plantar<\/strong><\/h2>\n<p>A Bergamota (C. aurantium subsp. bergamia, ou Citrus bergamia) \u00e9 uma variedade de laranja azeda, considerada uma mistura entre o lim\u00e3o e a laranja, cultivada na regi\u00e3o de B\u00e9rgamo, no norte de It\u00e1lia, embora seja origin\u00e1ria do sul da \u00c1sia.<\/p>\n<p>\u00c9 um citrino muito nutritivo, de cor amarela, tamanho semelhante a uma laranja e sumo \u00e1cido e amargo. O \u00f3leo essencial de bergamota \u00e9 extra\u00eddo da casca do fruto. Possui propriedades suavizantes, refrescantes e revigorantes para a pele.<\/p>\n<p>A bergamota n\u00e3o deve ser aplicada antes do banho de sol, pois pode provocar manchas inest\u00e9ticas na pele, devido \u00e0s suas propriedades fotossensibilizantes.<\/p>\n<p>A \u00e1rvore de bergamota \u00e9 origin\u00e1ria do Sudeste Asi\u00e1tico, de onde v\u00eam as \u00e1rvores de citrinos, e foi levada para a P\u00e9rsia e para o Mediterr\u00e2neo pela Rota da Seda.<\/p>\n<p>A palavra &#8220;bergamota&#8221; tem duas origens poss\u00edveis. Uma hist\u00f3ria diz que deriva do nome da cidade italiana de B\u00e9rgamo, famosa pelos seus pomares de bergamotas. Outro relato diz que o nome vem da palavra bey &#8220;armut&#8221;, que em turco significa &#8220;p\u00eara do pr\u00edncipe&#8221;.<\/p>\n","protected":false},"excerpt":{"rendered":"<p>O sabonete natural de bergamota \u00e9 ideal para reduzir o excesso de oleosidade no rosto e prevenir as rugas. \u00c9 energizante e estimulante, a sua fragr\u00e2ncia \u00e9 fresca, doce e frutada. Possui propriedades analg\u00e9sicas, antiss\u00e9pticas, cicatrizantes e sedativas.<\/p>\n<p>Este sab\u00e3o \u00e9 feito \u00e0 m\u00e3o em Marselha seguindo m\u00e9todos antigos e receitas ancestrais utilizando ingredientes completamente naturais: \u00e1gua do mar do Mediterr\u00e2neo, \u00f3leo essencial de s\u00e2ndalo, \u00f3leos vegetais de alta qualidade e carbonato de s\u00f3dio. \u00c9 100% biodegrad\u00e1vel.<\/p>\n<p>&nbsp;<\/p>\n<p><strong>Tamanho:<\/strong> 125gr<\/p>\n","protected":false},"featured_media":25583,"template":"","meta":{"_joinchat":[]},"product_brand":[],"product_cat":[679],"product_tag":[],"class_list":{"0":"post-25581","1":"product","2":"type-product","3":"status-publish","4":"has-post-thumbnail","6":"product_cat-sabonetes","8":"first","9":"instock","10":"taxable","11":"shipping-taxable","12":"purchasable","13":"product-type-simple"},"yoast_head":"<!-- This site is optimized with the Yoast SEO plugin v27.1.1 - https:\/\/yoast.com\/product\/yoast-seo-wordpress\/ -->\n<title>Sabonete com Bergamota: Loja Xam\u00e2nica<\/title>\n<meta name=\"description\" content=\"A Bergamota \u00e9 uma variedade de laranja azeda, considerada uma mistura entre o lim\u00e3o e a laranja, cultivada na regi\u00e3o de B\u00e9rgamo, no norte de It\u00e1lia.\" \/>\n<meta name=\"robots\" content=\"index, follow, max-snippet:-1, max-image-preview:large, max-video-preview:-1\" \/>\n<link rel=\"canonical\" href=\"https:\/\/www.sinchisinchi.com\/pt-pt\/producto\/bergamota\/\" \/>\n<meta property=\"og:locale\" content=\"pt_PT\" \/>\n<meta property=\"og:type\" content=\"article\" \/>\n<meta property=\"og:title\" content=\"Sabonete com Bergamota: Loja Xam\u00e2nica\" \/>\n<meta property=\"og:description\" content=\"A Bergamota \u00e9 uma variedade de laranja azeda, considerada uma mistura entre o lim\u00e3o e a laranja, cultivada na regi\u00e3o de B\u00e9rgamo, no norte de It\u00e1lia.\" \/>\n<meta property=\"og:url\" content=\"https:\/\/www.sinchisinchi.com\/pt-pt\/producto\/bergamota\/\" \/>\n<meta property=\"og:site_name\" content=\"SINCHI RAP\u00c9\" \/>\n<meta property=\"article:publisher\" content=\"https:\/\/www.facebook.com\/sinchirape\/\" \/>\n<meta property=\"og:image\" content=\"https:\/\/www.sinchisinchi.com\/wp-content\/uploads\/2024\/04\/12-bergamota-copia.jpg\" \/>\n\t<meta property=\"og:image:width\" content=\"1024\" \/>\n\t<meta property=\"og:image:height\" content=\"1024\" \/>\n\t<meta property=\"og:image:type\" content=\"image\/jpeg\" \/>\n<meta name=\"twitter:card\" content=\"summary_large_image\" \/>\n<meta name=\"twitter:label1\" content=\"Tempo estimado de leitura\" \/>\n\t<meta name=\"twitter:data1\" content=\"1 minuto\" \/>\n<script type=\"application\/ld+json\" class=\"yoast-schema-graph\">{\"@context\":\"https:\/\/schema.org\",\"@graph\":[{\"@type\":\"WebPage\",\"@id\":\"https:\/\/www.sinchisinchi.com\/pt-pt\/producto\/bergamota\/\",\"url\":\"https:\/\/www.sinchisinchi.com\/pt-pt\/producto\/bergamota\/\",\"name\":\"Sabonete com Bergamota: Loja Xam\u00e2nica\",\"isPartOf\":{\"@id\":\"https:\/\/www.sinchisinchi.com\/pt-pt\/#website\"},\"primaryImageOfPage\":{\"@id\":\"https:\/\/www.sinchisinchi.com\/pt-pt\/producto\/bergamota\/#primaryimage\"},\"image\":{\"@id\":\"https:\/\/www.sinchisinchi.com\/pt-pt\/producto\/bergamota\/#primaryimage\"},\"thumbnailUrl\":\"https:\/\/www.sinchisinchi.com\/wp-content\/uploads\/2024\/04\/12-bergamota-copia.jpg\",\"datePublished\":\"2024-04-22T12:10:58+00:00\",\"description\":\"A Bergamota \u00e9 uma variedade de laranja azeda, considerada uma mistura entre o lim\u00e3o e a laranja, cultivada na regi\u00e3o de B\u00e9rgamo, no norte de It\u00e1lia.\",\"breadcrumb\":{\"@id\":\"https:\/\/www.sinchisinchi.com\/pt-pt\/producto\/bergamota\/#breadcrumb\"},\"inLanguage\":\"pt-PT\",\"potentialAction\":[{\"@type\":\"ReadAction\",\"target\":[\"https:\/\/www.sinchisinchi.com\/pt-pt\/producto\/bergamota\/\"]}]},{\"@type\":\"ImageObject\",\"inLanguage\":\"pt-PT\",\"@id\":\"https:\/\/www.sinchisinchi.com\/pt-pt\/producto\/bergamota\/#primaryimage\",\"url\":\"https:\/\/www.sinchisinchi.com\/wp-content\/uploads\/2024\/04\/12-bergamota-copia.jpg\",\"contentUrl\":\"https:\/\/www.sinchisinchi.com\/wp-content\/uploads\/2024\/04\/12-bergamota-copia.jpg\",\"width\":1024,\"height\":1024},{\"@type\":\"BreadcrumbList\",\"@id\":\"https:\/\/www.sinchisinchi.com\/pt-pt\/producto\/bergamota\/#breadcrumb\",\"itemListElement\":[{\"@type\":\"ListItem\",\"position\":1,\"name\":\"Prima pagina\",\"item\":\"https:\/\/www.sinchisinchi.com\/pt-pt\/\"},{\"@type\":\"ListItem\",\"position\":2,\"name\":\"Produtos\",\"item\":\"https:\/\/www.sinchisinchi.com\/pt-pt\/shop\/\"},{\"@type\":\"ListItem\",\"position\":3,\"name\":\"Bergamota\"}]},{\"@type\":\"WebSite\",\"@id\":\"https:\/\/www.sinchisinchi.com\/pt-pt\/#website\",\"url\":\"https:\/\/www.sinchisinchi.com\/pt-pt\/\",\"name\":\"SINCHI\",\"description\":\"Sinchi Medicine\",\"publisher\":{\"@id\":\"https:\/\/www.sinchisinchi.com\/pt-pt\/#organization\"},\"potentialAction\":[{\"@type\":\"SearchAction\",\"target\":{\"@type\":\"EntryPoint\",\"urlTemplate\":\"https:\/\/www.sinchisinchi.com\/pt-pt\/?s={search_term_string}\"},\"query-input\":{\"@type\":\"PropertyValueSpecification\",\"valueRequired\":true,\"valueName\":\"search_term_string\"}}],\"inLanguage\":\"pt-PT\"},{\"@type\":\"Organization\",\"@id\":\"https:\/\/www.sinchisinchi.com\/pt-pt\/#organization\",\"name\":\"SINCHI S.L\",\"url\":\"https:\/\/www.sinchisinchi.com\/pt-pt\/\",\"logo\":{\"@type\":\"ImageObject\",\"inLanguage\":\"pt-PT\",\"@id\":\"https:\/\/www.sinchisinchi.com\/pt-pt\/#\/schema\/logo\/image\/\",\"url\":\"https:\/\/www.sinchisinchi.com\/wp-content\/uploads\/2026\/01\/3b-Verde-SIMPLIFICADO-HORIZONTAL-F-TRANSPARENTE-scaled.png\",\"contentUrl\":\"https:\/\/www.sinchisinchi.com\/wp-content\/uploads\/2026\/01\/3b-Verde-SIMPLIFICADO-HORIZONTAL-F-TRANSPARENTE-scaled.png\",\"width\":2560,\"height\":457,\"caption\":\"SINCHI S.L\"},\"image\":{\"@id\":\"https:\/\/www.sinchisinchi.com\/pt-pt\/#\/schema\/logo\/image\/\"},\"sameAs\":[\"https:\/\/www.facebook.com\/sinchirape\/\",\"https:\/\/www.instagram.com\/sinchi_rape\/\"]}]}<\/script>\n<!-- \/ Yoast SEO plugin. -->","yoast_head_json":{"title":"Sabonete com Bergamota: Loja Xam\u00e2nica","description":"A Bergamota \u00e9 uma variedade de laranja azeda, considerada uma mistura entre o lim\u00e3o e a laranja, cultivada na regi\u00e3o de B\u00e9rgamo, no norte de It\u00e1lia.","robots":{"index":"index","follow":"follow","max-snippet":"max-snippet:-1","max-image-preview":"max-image-preview:large","max-video-preview":"max-video-preview:-1"},"canonical":"https:\/\/www.sinchisinchi.com\/pt-pt\/producto\/bergamota\/","og_locale":"pt_PT","og_type":"article","og_title":"Sabonete com Bergamota: Loja Xam\u00e2nica","og_description":"A Bergamota \u00e9 uma variedade de laranja azeda, considerada uma mistura entre o lim\u00e3o e a laranja, cultivada na regi\u00e3o de B\u00e9rgamo, no norte de It\u00e1lia.","og_url":"https:\/\/www.sinchisinchi.com\/pt-pt\/producto\/bergamota\/","og_site_name":"SINCHI RAP\u00c9","article_publisher":"https:\/\/www.facebook.com\/sinchirape\/","og_image":[{"width":1024,"height":1024,"url":"https:\/\/www.sinchisinchi.com\/wp-content\/uploads\/2024\/04\/12-bergamota-copia.jpg","type":"image\/jpeg"}],"twitter_card":"summary_large_image","twitter_misc":{"Tempo estimado de leitura":"1 minuto"},"schema":{"@context":"https:\/\/schema.org","@graph":[{"@type":"WebPage","@id":"https:\/\/www.sinchisinchi.com\/pt-pt\/producto\/bergamota\/","url":"https:\/\/www.sinchisinchi.com\/pt-pt\/producto\/bergamota\/","name":"Sabonete com Bergamota: Loja Xam\u00e2nica","isPartOf":{"@id":"https:\/\/www.sinchisinchi.com\/pt-pt\/#website"},"primaryImageOfPage":{"@id":"https:\/\/www.sinchisinchi.com\/pt-pt\/producto\/bergamota\/#primaryimage"},"image":{"@id":"https:\/\/www.sinchisinchi.com\/pt-pt\/producto\/bergamota\/#primaryimage"},"thumbnailUrl":"https:\/\/www.sinchisinchi.com\/wp-content\/uploads\/2024\/04\/12-bergamota-copia.jpg","datePublished":"2024-04-22T12:10:58+00:00","description":"A Bergamota \u00e9 uma variedade de laranja azeda, considerada uma mistura entre o lim\u00e3o e a laranja, cultivada na regi\u00e3o de B\u00e9rgamo, no norte de It\u00e1lia.","breadcrumb":{"@id":"https:\/\/www.sinchisinchi.com\/pt-pt\/producto\/bergamota\/#breadcrumb"},"inLanguage":"pt-PT","potentialAction":[{"@type":"ReadAction","target":["https:\/\/www.sinchisinchi.com\/pt-pt\/producto\/bergamota\/"]}]},{"@type":"ImageObject","inLanguage":"pt-PT","@id":"https:\/\/www.sinchisinchi.com\/pt-pt\/producto\/bergamota\/#primaryimage","url":"https:\/\/www.sinchisinchi.com\/wp-content\/uploads\/2024\/04\/12-bergamota-copia.jpg","contentUrl":"https:\/\/www.sinchisinchi.com\/wp-content\/uploads\/2024\/04\/12-bergamota-copia.jpg","width":1024,"height":1024},{"@type":"BreadcrumbList","@id":"https:\/\/www.sinchisinchi.com\/pt-pt\/producto\/bergamota\/#breadcrumb","itemListElement":[{"@type":"ListItem","position":1,"name":"Prima pagina","item":"https:\/\/www.sinchisinchi.com\/pt-pt\/"},{"@type":"ListItem","position":2,"name":"Produtos","item":"https:\/\/www.sinchisinchi.com\/pt-pt\/shop\/"},{"@type":"ListItem","position":3,"name":"Bergamota"}]},{"@type":"WebSite","@id":"https:\/\/www.sinchisinchi.com\/pt-pt\/#website","url":"https:\/\/www.sinchisinchi.com\/pt-pt\/","name":"SINCHI","description":"Sinchi Medicine","publisher":{"@id":"https:\/\/www.sinchisinchi.com\/pt-pt\/#organization"},"potentialAction":[{"@type":"SearchAction","target":{"@type":"EntryPoint","urlTemplate":"https:\/\/www.sinchisinchi.com\/pt-pt\/?s={search_term_string}"},"query-input":{"@type":"PropertyValueSpecification","valueRequired":true,"valueName":"search_term_string"}}],"inLanguage":"pt-PT"},{"@type":"Organization","@id":"https:\/\/www.sinchisinchi.com\/pt-pt\/#organization","name":"SINCHI S.L","url":"https:\/\/www.sinchisinchi.com\/pt-pt\/","logo":{"@type":"ImageObject","inLanguage":"pt-PT","@id":"https:\/\/www.sinchisinchi.com\/pt-pt\/#\/schema\/logo\/image\/","url":"https:\/\/www.sinchisinchi.com\/wp-content\/uploads\/2026\/01\/3b-Verde-SIMPLIFICADO-HORIZONTAL-F-TRANSPARENTE-scaled.png","contentUrl":"https:\/\/www.sinchisinchi.com\/wp-content\/uploads\/2026\/01\/3b-Verde-SIMPLIFICADO-HORIZONTAL-F-TRANSPARENTE-scaled.png","width":2560,"height":457,"caption":"SINCHI S.L"},"image":{"@id":"https:\/\/www.sinchisinchi.com\/pt-pt\/#\/schema\/logo\/image\/"},"sameAs":["https:\/\/www.facebook.com\/sinchirape\/","https:\/\/www.instagram.com\/sinchi_rape\/"]}]}},"_links":{"self":[{"href":"https:\/\/www.sinchisinchi.com\/pt-pt\/wp-json\/wp\/v2\/product\/25581","targetHints":{"allow":["GET"]}}],"collection":[{"href":"https:\/\/www.sinchisinchi.com\/pt-pt\/wp-json\/wp\/v2\/product"}],"about":[{"href":"https:\/\/www.sinchisinchi.com\/pt-pt\/wp-json\/wp\/v2\/types\/product"}],"wp:featuredmedia":[{"embeddable":true,"href":"https:\/\/www.sinchisinchi.com\/pt-pt\/wp-json\/wp\/v2\/media\/25583"}],"wp:attachment":[{"href":"https:\/\/www.sinchisinchi.com\/pt-pt\/wp-json\/wp\/v2\/media?parent=25581"}],"wp:term":[{"taxonomy":"product_brand","embeddable":true,"href":"https:\/\/www.sinchisinchi.com\/pt-pt\/wp-json\/wp\/v2\/product_brand?post=25581"},{"taxonomy":"product_cat","embeddable":true,"href":"https:\/\/www.sinchisinchi.com\/pt-pt\/wp-json\/wp\/v2\/product_cat?post=25581"},{"taxonomy":"product_tag","embeddable":true,"href":"https:\/\/www.sinchisinchi.com\/pt-pt\/wp-json\/wp\/v2\/product_tag?post=25581"}],"curies":[{"name":"wp","href":"https:\/\/api.w.org\/{rel}","templated":true}]}}