{"id":25594,"date":"2024-04-22T12:06:31","date_gmt":"2024-04-22T12:06:31","guid":{"rendered":"https:\/\/www.sinchisinchi.com\/producto\/baunilha\/"},"modified":"2024-04-22T12:06:31","modified_gmt":"2024-04-22T12:06:31","slug":"baunilha","status":"publish","type":"product","link":"https:\/\/www.sinchisinchi.com\/pt-pt\/producto\/baunilha\/","title":{"rendered":"Baunilha"},"content":{"rendered":"<h2 style=\"text-align: center;\"><strong>Hist\u00f3ria<\/strong><\/h2>\n<p>A primeira refer\u00eancia hist\u00f3rica ao cultivo de \u00e1rvores de baunilha remonta ao s\u00e9culo XVIII, no estado de <strong>Veracruz, no M\u00e9xico.<\/strong><\/p>\n<p>Naquela regi\u00e3o, os grupos<strong> Totonac<\/strong> batizaram a baunilha de<strong> Axi-Xanath (flor escondida)<\/strong> e desenvolveram a t\u00e9cnica de cura desta vagem para perfumar a bebida achocolatada.<\/p>\n<p>A origem do cultivo da baunilha \u00e9 comummente associada \u00e0 cultura Totonac; Existem tamb\u00e9m evid\u00eancias de colheita e cultivo de baunilha nas <strong>Terras Baixas Maias,<\/strong> Os seus habitantes chamavam \u00e0 baunilha <strong>sisbic-ak (videira perfumada),<\/strong> e era utilizada como rem\u00e9dio e perfume.<\/p>\n<p>No C\u00f3dice da Cruz, \u00e9 mencionado o uso ritual de sementes de baunilha curadas, que eram misturadas com resina de copal para produzir um perfume que utilizavam nos seus templos.<\/p>\n<p>O seu uso \u00e9 relatado como associado ao consumo de cacau (Theobroma cacao L.), uma esp\u00e9cie utilizada para fazer a bebida de chocolate da regi\u00e3o maia. O chocolate era um produto de elevado valor, reservado \u00e0 elite Maia e Azteca, que chamava \u00e0 baunilha Tlilxochitl (flor negra) na l\u00edngua n\u00e1uatle.<\/p>\n<p>&nbsp;<\/p>\n<h2 style=\"text-align: center;\"><strong>Plantar<\/strong><\/h2>\n<p>A planta baunilha (Vanilla planifolia Andrews) \u00e9 uma esp\u00e9cie do g\u00e9nero de orqu\u00eddea Vanilla, de h\u00e1bito trepador e crescimento rasteiro, origin\u00e1ria das zonas florestais da Mesoam\u00e9rica, especialmente do M\u00e9xico.<\/p>\n<p>Estruturalmente, \u00e9 uma trepadeira com ramos lenhosos que sobe \u00e0s \u00e1rvores para se poder alimentar da luz solar, da humidade do meio ambiente e dos nutrientes captados do ar, gra\u00e7as aos quais, quando a sua raiz \u00e9 cortada, a planta consegue manter-se viva.<\/p>\n<p>Pode atingir mais de 10 metros de comprimento, as suas folhas s\u00e3o verde-escuras, brilhantes, planas (da\u00ed o seu nome cient\u00edfico planifolia) e pontiagudas.<\/p>\n","protected":false},"excerpt":{"rendered":"<p>O sab\u00e3o de baunilha possui propriedades que promovem a regenera\u00e7\u00e3o celular. Nutre, hidrata e regenera em profundidade e, gra\u00e7as \u00e0s suas propriedades antioxidantes, protege a pele dos radicais livres.<\/p>\n<p>O aroma da Baunilha eleva o \u00e2nimo, estimula sensa\u00e7\u00f5es e emo\u00e7\u00f5es positivas, funcionando como um grande intensificador da sensualidade. \u00c9 feminino, associado ao planeta V\u00e9nus e ao elemento \u00e1gua.<\/p>\n<p>Tradicionalmente, \u00e9 utilizado pelas suas propriedades associadas ao amor, ao desejo sexual e aos poderes mentais. O seu aroma e sabor t\u00eam propriedades afrodis\u00edacas.<\/p>\n<p>&nbsp;<\/p>\n<p><strong>Tamanho:<\/strong> 100gr<\/p>\n","protected":false},"featured_media":25595,"template":"","meta":{"_joinchat":[]},"product_brand":[],"product_cat":[679],"product_tag":[],"class_list":{"0":"post-25594","1":"product","2":"type-product","3":"status-publish","4":"has-post-thumbnail","6":"product_cat-sabonetes","8":"first","9":"instock","10":"taxable","11":"shipping-taxable","12":"purchasable","13":"product-type-simple"},"yoast_head":"<!-- This site is optimized with the Yoast SEO plugin v27.4 - https:\/\/yoast.com\/product\/yoast-seo-wordpress\/ -->\n<title>Sabonete de Baunilha: Loja Xam\u00e2nica<\/title>\n<meta name=\"description\" content=\"Sabonete de Baunilha: Promove a regenera\u00e7\u00e3o celular. Nutre, hidrata e regenera profundamente, al\u00e9m de possuir propriedades antioxidantes.\" \/>\n<meta name=\"robots\" content=\"index, follow, max-snippet:-1, max-image-preview:large, max-video-preview:-1\" \/>\n<link rel=\"canonical\" href=\"https:\/\/www.sinchisinchi.com\/pt-pt\/producto\/baunilha\/\" \/>\n<meta property=\"og:locale\" content=\"pt_PT\" \/>\n<meta property=\"og:type\" content=\"article\" \/>\n<meta property=\"og:title\" content=\"Sabonete de Baunilha: Loja Xam\u00e2nica\" \/>\n<meta property=\"og:description\" content=\"Sabonete de Baunilha: Promove a regenera\u00e7\u00e3o celular. Nutre, hidrata e regenera profundamente, al\u00e9m de possuir propriedades antioxidantes.\" \/>\n<meta property=\"og:url\" content=\"https:\/\/www.sinchisinchi.com\/pt-pt\/producto\/baunilha\/\" \/>\n<meta property=\"og:site_name\" content=\"SINCHI RAP\u00c9\" \/>\n<meta property=\"article:publisher\" content=\"https:\/\/www.facebook.com\/sinchirape\/\" \/>\n<meta property=\"og:image\" content=\"https:\/\/www.sinchisinchi.com\/wp-content\/uploads\/2024\/04\/9-Vainilla.jpeg\" \/>\n\t<meta property=\"og:image:width\" content=\"1024\" \/>\n\t<meta property=\"og:image:height\" content=\"1024\" \/>\n\t<meta property=\"og:image:type\" content=\"image\/jpeg\" \/>\n<meta name=\"twitter:card\" content=\"summary_large_image\" \/>\n<meta name=\"twitter:label1\" content=\"Tempo estimado de leitura\" \/>\n\t<meta name=\"twitter:data1\" content=\"1 minuto\" \/>\n<script type=\"application\/ld+json\" class=\"yoast-schema-graph\">{\"@context\":\"https:\\\/\\\/schema.org\",\"@graph\":[{\"@type\":\"WebPage\",\"@id\":\"https:\\\/\\\/www.sinchisinchi.com\\\/pt-pt\\\/producto\\\/baunilha\\\/\",\"url\":\"https:\\\/\\\/www.sinchisinchi.com\\\/pt-pt\\\/producto\\\/baunilha\\\/\",\"name\":\"Sabonete de Baunilha: Loja Xam\u00e2nica\",\"isPartOf\":{\"@id\":\"https:\\\/\\\/www.sinchisinchi.com\\\/pt-pt\\\/#website\"},\"primaryImageOfPage\":{\"@id\":\"https:\\\/\\\/www.sinchisinchi.com\\\/pt-pt\\\/producto\\\/baunilha\\\/#primaryimage\"},\"image\":{\"@id\":\"https:\\\/\\\/www.sinchisinchi.com\\\/pt-pt\\\/producto\\\/baunilha\\\/#primaryimage\"},\"thumbnailUrl\":\"https:\\\/\\\/www.sinchisinchi.com\\\/wp-content\\\/uploads\\\/2024\\\/04\\\/9-Vainilla.jpeg\",\"datePublished\":\"2024-04-22T12:06:31+00:00\",\"description\":\"Sabonete de Baunilha: Promove a regenera\u00e7\u00e3o celular. Nutre, hidrata e regenera profundamente, al\u00e9m de possuir propriedades antioxidantes.\",\"breadcrumb\":{\"@id\":\"https:\\\/\\\/www.sinchisinchi.com\\\/pt-pt\\\/producto\\\/baunilha\\\/#breadcrumb\"},\"inLanguage\":\"pt-PT\",\"potentialAction\":[{\"@type\":\"ReadAction\",\"target\":[\"https:\\\/\\\/www.sinchisinchi.com\\\/pt-pt\\\/producto\\\/baunilha\\\/\"]}]},{\"@type\":\"ImageObject\",\"inLanguage\":\"pt-PT\",\"@id\":\"https:\\\/\\\/www.sinchisinchi.com\\\/pt-pt\\\/producto\\\/baunilha\\\/#primaryimage\",\"url\":\"https:\\\/\\\/www.sinchisinchi.com\\\/wp-content\\\/uploads\\\/2024\\\/04\\\/9-Vainilla.jpeg\",\"contentUrl\":\"https:\\\/\\\/www.sinchisinchi.com\\\/wp-content\\\/uploads\\\/2024\\\/04\\\/9-Vainilla.jpeg\",\"width\":1024,\"height\":1024},{\"@type\":\"BreadcrumbList\",\"@id\":\"https:\\\/\\\/www.sinchisinchi.com\\\/pt-pt\\\/producto\\\/baunilha\\\/#breadcrumb\",\"itemListElement\":[{\"@type\":\"ListItem\",\"position\":1,\"name\":\"Prima pagina\",\"item\":\"https:\\\/\\\/www.sinchisinchi.com\\\/pt-pt\\\/\"},{\"@type\":\"ListItem\",\"position\":2,\"name\":\"Produtos\",\"item\":\"https:\\\/\\\/www.sinchisinchi.com\\\/pt-pt\\\/shop\\\/\"},{\"@type\":\"ListItem\",\"position\":3,\"name\":\"Baunilha\"}]},{\"@type\":\"WebSite\",\"@id\":\"https:\\\/\\\/www.sinchisinchi.com\\\/pt-pt\\\/#website\",\"url\":\"https:\\\/\\\/www.sinchisinchi.com\\\/pt-pt\\\/\",\"name\":\"SINCHI\",\"description\":\"Sinchi Medicine\",\"publisher\":{\"@id\":\"https:\\\/\\\/www.sinchisinchi.com\\\/pt-pt\\\/#organization\"},\"potentialAction\":[{\"@type\":\"SearchAction\",\"target\":{\"@type\":\"EntryPoint\",\"urlTemplate\":\"https:\\\/\\\/www.sinchisinchi.com\\\/pt-pt\\\/?s={search_term_string}\"},\"query-input\":{\"@type\":\"PropertyValueSpecification\",\"valueRequired\":true,\"valueName\":\"search_term_string\"}}],\"inLanguage\":\"pt-PT\"},{\"@type\":\"Organization\",\"@id\":\"https:\\\/\\\/www.sinchisinchi.com\\\/pt-pt\\\/#organization\",\"name\":\"SINCHI S.L\",\"url\":\"https:\\\/\\\/www.sinchisinchi.com\\\/pt-pt\\\/\",\"logo\":{\"@type\":\"ImageObject\",\"inLanguage\":\"pt-PT\",\"@id\":\"https:\\\/\\\/www.sinchisinchi.com\\\/pt-pt\\\/#\\\/schema\\\/logo\\\/image\\\/\",\"url\":\"https:\\\/\\\/www.sinchisinchi.com\\\/wp-content\\\/uploads\\\/2026\\\/01\\\/3b-Verde-SIMPLIFICADO-HORIZONTAL-F-TRANSPARENTE-scaled.png\",\"contentUrl\":\"https:\\\/\\\/www.sinchisinchi.com\\\/wp-content\\\/uploads\\\/2026\\\/01\\\/3b-Verde-SIMPLIFICADO-HORIZONTAL-F-TRANSPARENTE-scaled.png\",\"width\":2560,\"height\":457,\"caption\":\"SINCHI S.L\"},\"image\":{\"@id\":\"https:\\\/\\\/www.sinchisinchi.com\\\/pt-pt\\\/#\\\/schema\\\/logo\\\/image\\\/\"},\"sameAs\":[\"https:\\\/\\\/www.facebook.com\\\/sinchirape\\\/\",\"https:\\\/\\\/www.instagram.com\\\/sinchi_rape\\\/\"]}]}<\/script>\n<!-- \/ Yoast SEO plugin. -->","yoast_head_json":{"title":"Sabonete de Baunilha: Loja Xam\u00e2nica","description":"Sabonete de Baunilha: Promove a regenera\u00e7\u00e3o celular. Nutre, hidrata e regenera profundamente, al\u00e9m de possuir propriedades antioxidantes.","robots":{"index":"index","follow":"follow","max-snippet":"max-snippet:-1","max-image-preview":"max-image-preview:large","max-video-preview":"max-video-preview:-1"},"canonical":"https:\/\/www.sinchisinchi.com\/pt-pt\/producto\/baunilha\/","og_locale":"pt_PT","og_type":"article","og_title":"Sabonete de Baunilha: Loja Xam\u00e2nica","og_description":"Sabonete de Baunilha: Promove a regenera\u00e7\u00e3o celular. Nutre, hidrata e regenera profundamente, al\u00e9m de possuir propriedades antioxidantes.","og_url":"https:\/\/www.sinchisinchi.com\/pt-pt\/producto\/baunilha\/","og_site_name":"SINCHI RAP\u00c9","article_publisher":"https:\/\/www.facebook.com\/sinchirape\/","og_image":[{"width":1024,"height":1024,"url":"https:\/\/www.sinchisinchi.com\/wp-content\/uploads\/2024\/04\/9-Vainilla.jpeg","type":"image\/jpeg"}],"twitter_card":"summary_large_image","twitter_misc":{"Tempo estimado de leitura":"1 minuto"},"schema":{"@context":"https:\/\/schema.org","@graph":[{"@type":"WebPage","@id":"https:\/\/www.sinchisinchi.com\/pt-pt\/producto\/baunilha\/","url":"https:\/\/www.sinchisinchi.com\/pt-pt\/producto\/baunilha\/","name":"Sabonete de Baunilha: Loja Xam\u00e2nica","isPartOf":{"@id":"https:\/\/www.sinchisinchi.com\/pt-pt\/#website"},"primaryImageOfPage":{"@id":"https:\/\/www.sinchisinchi.com\/pt-pt\/producto\/baunilha\/#primaryimage"},"image":{"@id":"https:\/\/www.sinchisinchi.com\/pt-pt\/producto\/baunilha\/#primaryimage"},"thumbnailUrl":"https:\/\/www.sinchisinchi.com\/wp-content\/uploads\/2024\/04\/9-Vainilla.jpeg","datePublished":"2024-04-22T12:06:31+00:00","description":"Sabonete de Baunilha: Promove a regenera\u00e7\u00e3o celular. Nutre, hidrata e regenera profundamente, al\u00e9m de possuir propriedades antioxidantes.","breadcrumb":{"@id":"https:\/\/www.sinchisinchi.com\/pt-pt\/producto\/baunilha\/#breadcrumb"},"inLanguage":"pt-PT","potentialAction":[{"@type":"ReadAction","target":["https:\/\/www.sinchisinchi.com\/pt-pt\/producto\/baunilha\/"]}]},{"@type":"ImageObject","inLanguage":"pt-PT","@id":"https:\/\/www.sinchisinchi.com\/pt-pt\/producto\/baunilha\/#primaryimage","url":"https:\/\/www.sinchisinchi.com\/wp-content\/uploads\/2024\/04\/9-Vainilla.jpeg","contentUrl":"https:\/\/www.sinchisinchi.com\/wp-content\/uploads\/2024\/04\/9-Vainilla.jpeg","width":1024,"height":1024},{"@type":"BreadcrumbList","@id":"https:\/\/www.sinchisinchi.com\/pt-pt\/producto\/baunilha\/#breadcrumb","itemListElement":[{"@type":"ListItem","position":1,"name":"Prima pagina","item":"https:\/\/www.sinchisinchi.com\/pt-pt\/"},{"@type":"ListItem","position":2,"name":"Produtos","item":"https:\/\/www.sinchisinchi.com\/pt-pt\/shop\/"},{"@type":"ListItem","position":3,"name":"Baunilha"}]},{"@type":"WebSite","@id":"https:\/\/www.sinchisinchi.com\/pt-pt\/#website","url":"https:\/\/www.sinchisinchi.com\/pt-pt\/","name":"SINCHI","description":"Sinchi Medicine","publisher":{"@id":"https:\/\/www.sinchisinchi.com\/pt-pt\/#organization"},"potentialAction":[{"@type":"SearchAction","target":{"@type":"EntryPoint","urlTemplate":"https:\/\/www.sinchisinchi.com\/pt-pt\/?s={search_term_string}"},"query-input":{"@type":"PropertyValueSpecification","valueRequired":true,"valueName":"search_term_string"}}],"inLanguage":"pt-PT"},{"@type":"Organization","@id":"https:\/\/www.sinchisinchi.com\/pt-pt\/#organization","name":"SINCHI S.L","url":"https:\/\/www.sinchisinchi.com\/pt-pt\/","logo":{"@type":"ImageObject","inLanguage":"pt-PT","@id":"https:\/\/www.sinchisinchi.com\/pt-pt\/#\/schema\/logo\/image\/","url":"https:\/\/www.sinchisinchi.com\/wp-content\/uploads\/2026\/01\/3b-Verde-SIMPLIFICADO-HORIZONTAL-F-TRANSPARENTE-scaled.png","contentUrl":"https:\/\/www.sinchisinchi.com\/wp-content\/uploads\/2026\/01\/3b-Verde-SIMPLIFICADO-HORIZONTAL-F-TRANSPARENTE-scaled.png","width":2560,"height":457,"caption":"SINCHI S.L"},"image":{"@id":"https:\/\/www.sinchisinchi.com\/pt-pt\/#\/schema\/logo\/image\/"},"sameAs":["https:\/\/www.facebook.com\/sinchirape\/","https:\/\/www.instagram.com\/sinchi_rape\/"]}]}},"_links":{"self":[{"href":"https:\/\/www.sinchisinchi.com\/pt-pt\/wp-json\/wp\/v2\/product\/25594","targetHints":{"allow":["GET"]}}],"collection":[{"href":"https:\/\/www.sinchisinchi.com\/pt-pt\/wp-json\/wp\/v2\/product"}],"about":[{"href":"https:\/\/www.sinchisinchi.com\/pt-pt\/wp-json\/wp\/v2\/types\/product"}],"wp:featuredmedia":[{"embeddable":true,"href":"https:\/\/www.sinchisinchi.com\/pt-pt\/wp-json\/wp\/v2\/media\/25595"}],"wp:attachment":[{"href":"https:\/\/www.sinchisinchi.com\/pt-pt\/wp-json\/wp\/v2\/media?parent=25594"}],"wp:term":[{"taxonomy":"product_brand","embeddable":true,"href":"https:\/\/www.sinchisinchi.com\/pt-pt\/wp-json\/wp\/v2\/product_brand?post=25594"},{"taxonomy":"product_cat","embeddable":true,"href":"https:\/\/www.sinchisinchi.com\/pt-pt\/wp-json\/wp\/v2\/product_cat?post=25594"},{"taxonomy":"product_tag","embeddable":true,"href":"https:\/\/www.sinchisinchi.com\/pt-pt\/wp-json\/wp\/v2\/product_tag?post=25594"}],"curies":[{"name":"wp","href":"https:\/\/api.w.org\/{rel}","templated":true}]}}