{"id":25605,"date":"2024-04-22T12:03:01","date_gmt":"2024-04-22T12:03:01","guid":{"rendered":"https:\/\/www.sinchisinchi.com\/producto\/karite-e-seda\/"},"modified":"2024-04-22T12:03:01","modified_gmt":"2024-04-22T12:03:01","slug":"karite-e-seda","status":"publish","type":"product","link":"https:\/\/www.sinchisinchi.com\/pt-pt\/producto\/karite-e-seda\/","title":{"rendered":"Karit\u00e9 e Seda"},"content":{"rendered":"<h2 style=\"text-align: center;\"><strong>Hist\u00f3ria do sab\u00e3o de Marselha<\/strong><\/h2>\n<p>O sab\u00e3o de Marselha \u00e9 feito a partir de \u00f3leos vegetais e \u00e9 origin\u00e1rio de Marselha (Fran\u00e7a). Os primeiros registos da sua utiliza\u00e7\u00e3o datam de 1370, e em 1688 o uso do nome foi regulamentado para os sab\u00f5es feitos apenas na regi\u00e3o de Marselha a partir de azeite, imitando o sab\u00e3o de Castela.<\/p>\n<p>O uso de \u00f3leos essenciais remonta \u00e0 Mesopot\u00e2mia, h\u00e1 mais de 5000 anos. Eram tamb\u00e9m utilizados em perfumes e cosm\u00e9ticos no Egito, \u00cdndia, Gr\u00e9cia e Roma.<\/p>\n<p>Hip\u00f3crates, um dos primeiros m\u00e9dicos gregos, utilizava ess\u00eancias de plantas arom\u00e1ticas para curar muitas perturba\u00e7\u00f5es. Os romanos associavam os \u00f3leos essenciais e os seus diversos aromas \u00e0 riqueza e ao sucesso.<\/p>\n<p><strong>Mesopot\u00e2mia 2500 a.C.:<\/strong> Foram encontradas na Mesopot\u00e2mia tabuletas de argila sum\u00e9rias mencionando a mistura obtida pela fervura de \u00f3leos com pot\u00e1ssio, resinas e sal.<\/p>\n<p><strong>S\u00edria 1.500 a.C.:<\/strong> O sab\u00e3o s\u00edrio da cidade de Alepo, antigo territ\u00f3rio fen\u00edcio, ainda hoje \u00e9 feito atrav\u00e9s do mesmo m\u00e9todo tradicional e com azeite e \u00f3leo de louro.<\/p>\n<p>O seu m\u00e9todo ancestral de fabrico remonta a mais de 2.000 anos. Os primeiros sab\u00f5es da hist\u00f3ria eram emuls\u00f5es de sab\u00e3o l\u00edquido, e em Alepo foi introduzido o processo de saponifica\u00e7\u00e3o e o uso de azeite e louro, dando origem ao primeiro sab\u00e3o s\u00f3lido.<\/p>\n<p>Ap\u00f3s as Cruzadas no s\u00e9culo XII, a produ\u00e7\u00e3o de sab\u00e3o espalhou-se por todo o Mediterr\u00e2neo, chegando a It\u00e1lia, Fran\u00e7a (sab\u00e3o de Marselha) e Espanha (sab\u00e3o de Castela).<\/p>\n<p>Os seus produtores referem sempre um aspecto que o torna \u00fanico e lhe confere uma m\u00edstica especial: o sol da S\u00edria, sob o qual o sab\u00e3o seca na fase final da sua produ\u00e7\u00e3o.<\/p>\n<p><strong>Egito 1500 a.C.:<\/strong> Para se limparem, os eg\u00edpcios usavam uma mistura de sab\u00e3o feita de natr\u00e3o (um mineral carbonato de s\u00f3dio extra\u00eddo de lagos salgados), argila de Fuller (uma argila ligeiramente el\u00e1stica que tem a propriedade de absorver subst\u00e2ncias gordurosas) e tremo\u00e7os embebidos.<\/p>\n<p>O Papiro Ebers, de 1500 a.C., relata que os eg\u00edpcios usavam uma pasta de sab\u00e3o de cinzas e argila misturada com \u00f3leos naturais, um recurso cosm\u00e9tico essencial para a elite eg\u00edpcia.<\/p>\n<p><strong>Fen\u00edcios 1.200 a.C.:<\/strong> Os fen\u00edcios faziam sab\u00e3o com azeite e soda c\u00e1ustica (ou carbonato de s\u00f3dio) obtida a partir das cinzas da combust\u00e3o de plantas hal\u00f3fitas (plantas que vivem em salinas), como a salic\u00f3rnia ou a salsola.<\/p>\n<p><strong>Celtas 900 a.C.:<\/strong> Usavam gordura de cabra e cinzas de b\u00e9tula para fazer os seus sabonetes.<\/p>\n<p><strong>Gr\u00e9cia e Etruscos 500 a.C.:<\/strong> Lavavam-se esfregando uma mistura de \u00f3leos arom\u00e1ticos e areia ou cinzas no corpo, que depois removiam com um estr\u00edgil.<\/p>\n<p><strong>Povos germ\u00e2nicos e gauleses 300 a.C.:<\/strong> O sab\u00e3o foi, segundo o historiador romano Pl\u00ednio, uma inven\u00e7\u00e3o gaulesa. Os gauleses faziam os seus sab\u00f5es com cinzas de faia e sebo ou gordura de javali e, segundo Pl\u00ednio, usavam-nos para pintar os seus longos cabelos de loiro ou vermelho.<\/p>\n<p>O cheiro a gordura ran\u00e7osa era b\u00e1rbaro para os romanos.<\/p>\n<p><strong>Ar\u00e1bia 200 a.C.:<\/strong> No s\u00e9culo III a.C. O sab\u00e3o era feito na Ar\u00e1bia atrav\u00e9s da cozedura de uma mistura feita com pot\u00e1ssio, \u00e1lcali de cinzas, \u00f3leo de s\u00e9samo e lim\u00e3o.<\/p>\n<p><strong>Al Andalus, s\u00e9culo VIII:<\/strong> Os \u00e1rabes constru\u00edram a primeira grande f\u00e1brica de sab\u00e3o europeia no final do s\u00e9culo X em Al Andalus, em Sevilha. No vale do Guadalquivir, onde existiam grandes olivais e p\u00e2ntanos, obtiveram-se as mat\u00e9rias-primas necess\u00e1rias para fazer um sab\u00e3o que quatro s\u00e9culos mais tarde seria conhecido por sab\u00e3o de Castela. Ainda assim, na Andaluzia, as f\u00e1bricas de sab\u00e3o continuaram a ser chamadas pelo nome \u00e1rabe (almona).<\/p>\n<p><strong>Castela, s\u00e9culo XIV:<\/strong> O sab\u00e3o de Castela era feito a partir de \u00f3leos vegetais em vez de gorduras animais, o que significava que podia ser utilizado para higiene pessoal. Desde ent\u00e3o, os europeus tornaram-se mais limpos e grandes pandemias come\u00e7aram a desaparecer.<\/p>\n<p><strong>Marselha S\u00e9culo XIV:<\/strong> As famosas f\u00e1bricas de sab\u00e3o de Marselha foram fundadas no s\u00e9culo XIV. Este sab\u00e3o era tradicionalmente feito com azeite, \u00e1gua do Mediterr\u00e2neo e soda c\u00e1ustica de cinzas de louro. Tal como o sab\u00e3o de Alepo, ainda hoje \u00e9 produzido.<\/p>\n<p><strong>M\u00e9xico 1.575:<\/strong> Foi constru\u00eddo um abrigo na Cidade do M\u00e9xico. O sab\u00e3o que ali se fazia era o mesmo que era utilizado pelos mexicanos, feito de tequesquite, um mineral rico em soda, e algumas plantas. No s\u00e9culo XVII, h\u00e1 evid\u00eancias de uma f\u00e1brica de sab\u00e3o em Guayaquil que fazia sab\u00e3o a partir de sebo de vaca e cinzas de erva.<\/p>\n<p><strong>Guayaquil, s\u00e9culo XVII:<\/strong> F\u00e1brica de sab\u00e3o em Guayaquil que produzia sab\u00e3o a partir de sebo de vaca e cinzas de erva.<\/p>\n","protected":false},"excerpt":{"rendered":"<p>A manteiga de karit\u00e9 \u00e9 um dos ingredientes mais hidratantes que existem. Possui um elevado poder nutritivo e hidratante, sendo especialmente indicado para recuperar a elasticidade natural da pele.<\/p>\n<p>Este sab\u00e3o \u00e9 feito \u00e0 m\u00e3o em Marselha seguindo m\u00e9todos antigos e receitas ancestrais utilizando ingredientes completamente naturais: \u00e1gua do mar do Mediterr\u00e2neo, \u00f3leo essencial de s\u00e2ndalo, \u00f3leos vegetais de alta qualidade e carbonato de s\u00f3dio. \u00c9 100% biodegrad\u00e1vel.<\/p>\n<p>&nbsp;<\/p>\n<p><strong>Tamanho:<\/strong> 125gr<\/p>\n","protected":false},"featured_media":25606,"template":"","meta":{"_joinchat":[]},"product_brand":[],"product_cat":[679],"product_tag":[],"class_list":{"0":"post-25605","1":"product","2":"type-product","3":"status-publish","4":"has-post-thumbnail","6":"product_cat-sabonetes","8":"first","9":"instock","10":"taxable","11":"shipping-taxable","12":"purchasable","13":"product-type-simple"},"yoast_head":"<!-- This site is optimized with the Yoast SEO plugin v27.1.1 - https:\/\/yoast.com\/product\/yoast-seo-wordpress\/ -->\n<title>Sabonete de Karit\u00e9 e Seda: Loja Xam\u00e2nica<\/title>\n<meta name=\"description\" content=\"Sabonete de manteiga de karit\u00e9: Possui um elevado poder nutritivo e hidratante, sendo especialmente indicado para recuperar a elasticidade natural da pele.\" \/>\n<meta name=\"robots\" content=\"index, follow, max-snippet:-1, max-image-preview:large, max-video-preview:-1\" \/>\n<link rel=\"canonical\" href=\"https:\/\/www.sinchisinchi.com\/pt-pt\/producto\/karite-e-seda\/\" \/>\n<meta property=\"og:locale\" content=\"pt_PT\" \/>\n<meta property=\"og:type\" content=\"article\" \/>\n<meta property=\"og:title\" content=\"Sabonete de Karit\u00e9 e Seda: Loja Xam\u00e2nica\" \/>\n<meta property=\"og:description\" content=\"Sabonete de manteiga de karit\u00e9: Possui um elevado poder nutritivo e hidratante, sendo especialmente indicado para recuperar a elasticidade natural da pele.\" \/>\n<meta property=\"og:url\" content=\"https:\/\/www.sinchisinchi.com\/pt-pt\/producto\/karite-e-seda\/\" \/>\n<meta property=\"og:site_name\" content=\"SINCHI RAP\u00c9\" \/>\n<meta property=\"article:publisher\" content=\"https:\/\/www.facebook.com\/sinchirape\/\" \/>\n<meta property=\"og:image\" content=\"https:\/\/www.sinchisinchi.com\/wp-content\/uploads\/2024\/04\/7-karite-y-seda.jpeg\" \/>\n\t<meta property=\"og:image:width\" content=\"750\" \/>\n\t<meta property=\"og:image:height\" content=\"750\" \/>\n\t<meta property=\"og:image:type\" content=\"image\/jpeg\" \/>\n<meta name=\"twitter:card\" content=\"summary_large_image\" \/>\n<meta name=\"twitter:label1\" content=\"Tempo estimado de leitura\" \/>\n\t<meta name=\"twitter:data1\" content=\"4 minutos\" \/>\n<script type=\"application\/ld+json\" class=\"yoast-schema-graph\">{\"@context\":\"https:\/\/schema.org\",\"@graph\":[{\"@type\":\"WebPage\",\"@id\":\"https:\/\/www.sinchisinchi.com\/pt-pt\/producto\/karite-e-seda\/\",\"url\":\"https:\/\/www.sinchisinchi.com\/pt-pt\/producto\/karite-e-seda\/\",\"name\":\"Sabonete de Karit\u00e9 e Seda: Loja Xam\u00e2nica\",\"isPartOf\":{\"@id\":\"https:\/\/www.sinchisinchi.com\/pt-pt\/#website\"},\"primaryImageOfPage\":{\"@id\":\"https:\/\/www.sinchisinchi.com\/pt-pt\/producto\/karite-e-seda\/#primaryimage\"},\"image\":{\"@id\":\"https:\/\/www.sinchisinchi.com\/pt-pt\/producto\/karite-e-seda\/#primaryimage\"},\"thumbnailUrl\":\"https:\/\/www.sinchisinchi.com\/wp-content\/uploads\/2024\/04\/7-karite-y-seda.jpeg\",\"datePublished\":\"2024-04-22T12:03:01+00:00\",\"description\":\"Sabonete de manteiga de karit\u00e9: Possui um elevado poder nutritivo e hidratante, sendo especialmente indicado para recuperar a elasticidade natural da pele.\",\"breadcrumb\":{\"@id\":\"https:\/\/www.sinchisinchi.com\/pt-pt\/producto\/karite-e-seda\/#breadcrumb\"},\"inLanguage\":\"pt-PT\",\"potentialAction\":[{\"@type\":\"ReadAction\",\"target\":[\"https:\/\/www.sinchisinchi.com\/pt-pt\/producto\/karite-e-seda\/\"]}]},{\"@type\":\"ImageObject\",\"inLanguage\":\"pt-PT\",\"@id\":\"https:\/\/www.sinchisinchi.com\/pt-pt\/producto\/karite-e-seda\/#primaryimage\",\"url\":\"https:\/\/www.sinchisinchi.com\/wp-content\/uploads\/2024\/04\/7-karite-y-seda.jpeg\",\"contentUrl\":\"https:\/\/www.sinchisinchi.com\/wp-content\/uploads\/2024\/04\/7-karite-y-seda.jpeg\",\"width\":750,\"height\":750},{\"@type\":\"BreadcrumbList\",\"@id\":\"https:\/\/www.sinchisinchi.com\/pt-pt\/producto\/karite-e-seda\/#breadcrumb\",\"itemListElement\":[{\"@type\":\"ListItem\",\"position\":1,\"name\":\"Prima pagina\",\"item\":\"https:\/\/www.sinchisinchi.com\/pt-pt\/\"},{\"@type\":\"ListItem\",\"position\":2,\"name\":\"Produtos\",\"item\":\"https:\/\/www.sinchisinchi.com\/pt-pt\/shop\/\"},{\"@type\":\"ListItem\",\"position\":3,\"name\":\"Karit\u00e9 e Seda\"}]},{\"@type\":\"WebSite\",\"@id\":\"https:\/\/www.sinchisinchi.com\/pt-pt\/#website\",\"url\":\"https:\/\/www.sinchisinchi.com\/pt-pt\/\",\"name\":\"SINCHI\",\"description\":\"Sinchi Medicine\",\"publisher\":{\"@id\":\"https:\/\/www.sinchisinchi.com\/pt-pt\/#organization\"},\"potentialAction\":[{\"@type\":\"SearchAction\",\"target\":{\"@type\":\"EntryPoint\",\"urlTemplate\":\"https:\/\/www.sinchisinchi.com\/pt-pt\/?s={search_term_string}\"},\"query-input\":{\"@type\":\"PropertyValueSpecification\",\"valueRequired\":true,\"valueName\":\"search_term_string\"}}],\"inLanguage\":\"pt-PT\"},{\"@type\":\"Organization\",\"@id\":\"https:\/\/www.sinchisinchi.com\/pt-pt\/#organization\",\"name\":\"SINCHI S.L\",\"url\":\"https:\/\/www.sinchisinchi.com\/pt-pt\/\",\"logo\":{\"@type\":\"ImageObject\",\"inLanguage\":\"pt-PT\",\"@id\":\"https:\/\/www.sinchisinchi.com\/pt-pt\/#\/schema\/logo\/image\/\",\"url\":\"https:\/\/www.sinchisinchi.com\/wp-content\/uploads\/2026\/01\/3b-Verde-SIMPLIFICADO-HORIZONTAL-F-TRANSPARENTE-scaled.png\",\"contentUrl\":\"https:\/\/www.sinchisinchi.com\/wp-content\/uploads\/2026\/01\/3b-Verde-SIMPLIFICADO-HORIZONTAL-F-TRANSPARENTE-scaled.png\",\"width\":2560,\"height\":457,\"caption\":\"SINCHI S.L\"},\"image\":{\"@id\":\"https:\/\/www.sinchisinchi.com\/pt-pt\/#\/schema\/logo\/image\/\"},\"sameAs\":[\"https:\/\/www.facebook.com\/sinchirape\/\",\"https:\/\/www.instagram.com\/sinchi_rape\/\"]}]}<\/script>\n<!-- \/ Yoast SEO plugin. -->","yoast_head_json":{"title":"Sabonete de Karit\u00e9 e Seda: Loja Xam\u00e2nica","description":"Sabonete de manteiga de karit\u00e9: Possui um elevado poder nutritivo e hidratante, sendo especialmente indicado para recuperar a elasticidade natural da pele.","robots":{"index":"index","follow":"follow","max-snippet":"max-snippet:-1","max-image-preview":"max-image-preview:large","max-video-preview":"max-video-preview:-1"},"canonical":"https:\/\/www.sinchisinchi.com\/pt-pt\/producto\/karite-e-seda\/","og_locale":"pt_PT","og_type":"article","og_title":"Sabonete de Karit\u00e9 e Seda: Loja Xam\u00e2nica","og_description":"Sabonete de manteiga de karit\u00e9: Possui um elevado poder nutritivo e hidratante, sendo especialmente indicado para recuperar a elasticidade natural da pele.","og_url":"https:\/\/www.sinchisinchi.com\/pt-pt\/producto\/karite-e-seda\/","og_site_name":"SINCHI RAP\u00c9","article_publisher":"https:\/\/www.facebook.com\/sinchirape\/","og_image":[{"width":750,"height":750,"url":"https:\/\/www.sinchisinchi.com\/wp-content\/uploads\/2024\/04\/7-karite-y-seda.jpeg","type":"image\/jpeg"}],"twitter_card":"summary_large_image","twitter_misc":{"Tempo estimado de leitura":"4 minutos"},"schema":{"@context":"https:\/\/schema.org","@graph":[{"@type":"WebPage","@id":"https:\/\/www.sinchisinchi.com\/pt-pt\/producto\/karite-e-seda\/","url":"https:\/\/www.sinchisinchi.com\/pt-pt\/producto\/karite-e-seda\/","name":"Sabonete de Karit\u00e9 e Seda: Loja Xam\u00e2nica","isPartOf":{"@id":"https:\/\/www.sinchisinchi.com\/pt-pt\/#website"},"primaryImageOfPage":{"@id":"https:\/\/www.sinchisinchi.com\/pt-pt\/producto\/karite-e-seda\/#primaryimage"},"image":{"@id":"https:\/\/www.sinchisinchi.com\/pt-pt\/producto\/karite-e-seda\/#primaryimage"},"thumbnailUrl":"https:\/\/www.sinchisinchi.com\/wp-content\/uploads\/2024\/04\/7-karite-y-seda.jpeg","datePublished":"2024-04-22T12:03:01+00:00","description":"Sabonete de manteiga de karit\u00e9: Possui um elevado poder nutritivo e hidratante, sendo especialmente indicado para recuperar a elasticidade natural da pele.","breadcrumb":{"@id":"https:\/\/www.sinchisinchi.com\/pt-pt\/producto\/karite-e-seda\/#breadcrumb"},"inLanguage":"pt-PT","potentialAction":[{"@type":"ReadAction","target":["https:\/\/www.sinchisinchi.com\/pt-pt\/producto\/karite-e-seda\/"]}]},{"@type":"ImageObject","inLanguage":"pt-PT","@id":"https:\/\/www.sinchisinchi.com\/pt-pt\/producto\/karite-e-seda\/#primaryimage","url":"https:\/\/www.sinchisinchi.com\/wp-content\/uploads\/2024\/04\/7-karite-y-seda.jpeg","contentUrl":"https:\/\/www.sinchisinchi.com\/wp-content\/uploads\/2024\/04\/7-karite-y-seda.jpeg","width":750,"height":750},{"@type":"BreadcrumbList","@id":"https:\/\/www.sinchisinchi.com\/pt-pt\/producto\/karite-e-seda\/#breadcrumb","itemListElement":[{"@type":"ListItem","position":1,"name":"Prima pagina","item":"https:\/\/www.sinchisinchi.com\/pt-pt\/"},{"@type":"ListItem","position":2,"name":"Produtos","item":"https:\/\/www.sinchisinchi.com\/pt-pt\/shop\/"},{"@type":"ListItem","position":3,"name":"Karit\u00e9 e Seda"}]},{"@type":"WebSite","@id":"https:\/\/www.sinchisinchi.com\/pt-pt\/#website","url":"https:\/\/www.sinchisinchi.com\/pt-pt\/","name":"SINCHI","description":"Sinchi Medicine","publisher":{"@id":"https:\/\/www.sinchisinchi.com\/pt-pt\/#organization"},"potentialAction":[{"@type":"SearchAction","target":{"@type":"EntryPoint","urlTemplate":"https:\/\/www.sinchisinchi.com\/pt-pt\/?s={search_term_string}"},"query-input":{"@type":"PropertyValueSpecification","valueRequired":true,"valueName":"search_term_string"}}],"inLanguage":"pt-PT"},{"@type":"Organization","@id":"https:\/\/www.sinchisinchi.com\/pt-pt\/#organization","name":"SINCHI S.L","url":"https:\/\/www.sinchisinchi.com\/pt-pt\/","logo":{"@type":"ImageObject","inLanguage":"pt-PT","@id":"https:\/\/www.sinchisinchi.com\/pt-pt\/#\/schema\/logo\/image\/","url":"https:\/\/www.sinchisinchi.com\/wp-content\/uploads\/2026\/01\/3b-Verde-SIMPLIFICADO-HORIZONTAL-F-TRANSPARENTE-scaled.png","contentUrl":"https:\/\/www.sinchisinchi.com\/wp-content\/uploads\/2026\/01\/3b-Verde-SIMPLIFICADO-HORIZONTAL-F-TRANSPARENTE-scaled.png","width":2560,"height":457,"caption":"SINCHI S.L"},"image":{"@id":"https:\/\/www.sinchisinchi.com\/pt-pt\/#\/schema\/logo\/image\/"},"sameAs":["https:\/\/www.facebook.com\/sinchirape\/","https:\/\/www.instagram.com\/sinchi_rape\/"]}]}},"_links":{"self":[{"href":"https:\/\/www.sinchisinchi.com\/pt-pt\/wp-json\/wp\/v2\/product\/25605","targetHints":{"allow":["GET"]}}],"collection":[{"href":"https:\/\/www.sinchisinchi.com\/pt-pt\/wp-json\/wp\/v2\/product"}],"about":[{"href":"https:\/\/www.sinchisinchi.com\/pt-pt\/wp-json\/wp\/v2\/types\/product"}],"wp:featuredmedia":[{"embeddable":true,"href":"https:\/\/www.sinchisinchi.com\/pt-pt\/wp-json\/wp\/v2\/media\/25606"}],"wp:attachment":[{"href":"https:\/\/www.sinchisinchi.com\/pt-pt\/wp-json\/wp\/v2\/media?parent=25605"}],"wp:term":[{"taxonomy":"product_brand","embeddable":true,"href":"https:\/\/www.sinchisinchi.com\/pt-pt\/wp-json\/wp\/v2\/product_brand?post=25605"},{"taxonomy":"product_cat","embeddable":true,"href":"https:\/\/www.sinchisinchi.com\/pt-pt\/wp-json\/wp\/v2\/product_cat?post=25605"},{"taxonomy":"product_tag","embeddable":true,"href":"https:\/\/www.sinchisinchi.com\/pt-pt\/wp-json\/wp\/v2\/product_tag?post=25605"}],"curies":[{"name":"wp","href":"https:\/\/api.w.org\/{rel}","templated":true}]}}