{"id":25641,"date":"2024-04-22T11:40:01","date_gmt":"2024-04-22T11:40:01","guid":{"rendered":"https:\/\/www.sinchisinchi.com\/producto\/oleo-de-argao\/"},"modified":"2024-04-22T11:40:01","modified_gmt":"2024-04-22T11:40:01","slug":"oleo-de-argao","status":"publish","type":"product","link":"https:\/\/www.sinchisinchi.com\/pt-pt\/producto\/oleo-de-argao\/","title":{"rendered":"\u00d3leo de arg\u00e3o"},"content":{"rendered":"<h2 style=\"text-align: center;\"><strong>\u00c1rvore<\/strong><\/h2>\n<p>A \u00e1rvore de arg\u00e3o (Argania spinosa L., Fam. Sapotaceae) \u00e9 uma \u00e1rvore selvagem origin\u00e1ria do sudoeste de Marrocos, na fronteira com o Saara, estando tamb\u00e9m presente nas terras calc\u00e1rias semides\u00e9rticas da regi\u00e3o argelina de Tindouf.<\/p>\n<p>Pode atingir os 8 m de altura, possui folhas pequenas e alongadas e flores amarelas. O fruto \u00e9 verde ou amarelo e tem o tamanho aproximado de uma noz. Quando come\u00e7am a amadurecer, no in\u00edcio de junho, os frutos s\u00e3o recolhidos para extrair o \u00f3leo das suas sementes.<\/p>\n<p>O arg\u00e3o cresce em zonas abaixo dos 800 m de altitude e com climas secos, que suporta bem gra\u00e7as \u00e0s suas ra\u00edzes profundas. Em \u00e9pocas de seca severa, perde as folhas para evitar a transpira\u00e7\u00e3o excessiva e recupera-as com as primeiras chuvas.<\/p>\n<h3 style=\"text-align: center;\"><strong>\u00d3leo<\/strong><\/h3>\n<p>O arg\u00e3o, conhecido como ouro do deserto, \u00e9 um \u00f3leo comest\u00edvel de alto valor com sabor a nozes. \u00c9 considerado o Santo Graal dos \u00f3leos para a pele e para o cabelo porque n\u00e3o \u00e9 nem demasiado pesado nem demasiado leve, \u00e9 facilmente absorvido e \u00e9 muito hidratante.<\/p>\n<p>Possui tamb\u00e9m propriedades antibacterianas e fungicidas, ajudando a tratar e prevenir infe\u00e7\u00f5es bacterianas e f\u00fangicas da pele.<\/p>\n<p>Cerca de 99% do \u00f3leo de arg\u00e3o \u00e9 composto por \u00e1cido oleico e linoleico, e o restante 1% cont\u00e9m vitamina E, carotenoides, ester\u00f3is e polifen\u00f3is.<\/p>\n<p>As mulheres marroquinas utilizam o \u00f3leo de arg\u00e3o h\u00e1 muito tempo para proteger a pele dos danos do sol, uma vez que a atividade antioxidante do \u00f3leo de arg\u00e3o protege a pele contra os danos dos radicais livres causados \u200b\u200bpelo sol, al\u00e9m de fortalecer e melhorar a sa\u00fade geral da pele.<\/p>\n","protected":false},"excerpt":{"rendered":"<p>O sab\u00e3o de \u00f3leo de arg\u00e3o \u00e9 muito apreciado pelas suas propriedades para a pele. Limpa e purifica, \u00e9 rico em vitamina E, vitamina A e cont\u00e9m uma grande quantidade de antioxidantes.<\/p>\n<p>O \u00f3leo de arg\u00e3o \u00e9 extra\u00eddo das sementes maduras da baga de arg\u00e3o da \u00e1rvore de arg\u00e3o (Argania spinosa).<\/p>\n<p>A poderosa combina\u00e7\u00e3o de antioxidantes e vitamina E do \u00f3leo de arg\u00e3o aumenta a elasticidade da pele, tem propriedades rejuvenescedoras, hidrata e estimula a capacidade da pele de reter a humidade, ajudando at\u00e9 as feridas e cortes a cicatrizarem mais rapidamente.<\/p>\n<p><strong>Tamanho:<\/strong> 100gr<\/p>\n","protected":false},"featured_media":25642,"template":"","meta":{"_joinchat":[]},"product_brand":[],"product_cat":[679],"product_tag":[],"class_list":{"0":"post-25641","1":"product","2":"type-product","3":"status-publish","4":"has-post-thumbnail","6":"product_cat-sabonetes","8":"first","9":"instock","10":"taxable","11":"shipping-taxable","12":"purchasable","13":"product-type-simple"},"yoast_head":"<!-- This site is optimized with the Yoast SEO plugin v27.1.1 - https:\/\/yoast.com\/product\/yoast-seo-wordpress\/ -->\n<title>Sabonete de \u00d3leo de Arg\u00e3o: Loja Xam\u00e2nica<\/title>\n<meta name=\"description\" content=\"Sabonete de \u00d3leo de Arg\u00e3o: \u00c9 o ouro do deserto, considerado o Santo Graal dos \u00f3leos para a pele e para o cabelo, altamente hidratante.\" \/>\n<meta name=\"robots\" content=\"index, follow, max-snippet:-1, max-image-preview:large, max-video-preview:-1\" \/>\n<link rel=\"canonical\" href=\"https:\/\/www.sinchisinchi.com\/pt-pt\/producto\/oleo-de-argao\/\" \/>\n<meta property=\"og:locale\" content=\"pt_PT\" \/>\n<meta property=\"og:type\" content=\"article\" \/>\n<meta property=\"og:title\" content=\"Sabonete de \u00d3leo de Arg\u00e3o: Loja Xam\u00e2nica\" \/>\n<meta property=\"og:description\" content=\"Sabonete de \u00d3leo de Arg\u00e3o: \u00c9 o ouro do deserto, considerado o Santo Graal dos \u00f3leos para a pele e para o cabelo, altamente hidratante.\" \/>\n<meta property=\"og:url\" content=\"https:\/\/www.sinchisinchi.com\/pt-pt\/producto\/oleo-de-argao\/\" \/>\n<meta property=\"og:site_name\" content=\"SINCHI RAP\u00c9\" \/>\n<meta property=\"article:publisher\" content=\"https:\/\/www.facebook.com\/sinchirape\/\" \/>\n<meta property=\"og:image\" content=\"https:\/\/www.sinchisinchi.com\/wp-content\/uploads\/2024\/04\/1-Aceite-de-Argan.jpeg\" \/>\n\t<meta property=\"og:image:width\" content=\"750\" \/>\n\t<meta property=\"og:image:height\" content=\"750\" \/>\n\t<meta property=\"og:image:type\" content=\"image\/jpeg\" \/>\n<meta name=\"twitter:card\" content=\"summary_large_image\" \/>\n<meta name=\"twitter:label1\" content=\"Tempo estimado de leitura\" \/>\n\t<meta name=\"twitter:data1\" content=\"1 minuto\" \/>\n<script type=\"application\/ld+json\" class=\"yoast-schema-graph\">{\"@context\":\"https:\/\/schema.org\",\"@graph\":[{\"@type\":\"WebPage\",\"@id\":\"https:\/\/www.sinchisinchi.com\/pt-pt\/producto\/oleo-de-argao\/\",\"url\":\"https:\/\/www.sinchisinchi.com\/pt-pt\/producto\/oleo-de-argao\/\",\"name\":\"Sabonete de \u00d3leo de Arg\u00e3o: Loja Xam\u00e2nica\",\"isPartOf\":{\"@id\":\"https:\/\/www.sinchisinchi.com\/pt-pt\/#website\"},\"primaryImageOfPage\":{\"@id\":\"https:\/\/www.sinchisinchi.com\/pt-pt\/producto\/oleo-de-argao\/#primaryimage\"},\"image\":{\"@id\":\"https:\/\/www.sinchisinchi.com\/pt-pt\/producto\/oleo-de-argao\/#primaryimage\"},\"thumbnailUrl\":\"https:\/\/www.sinchisinchi.com\/wp-content\/uploads\/2024\/04\/1-Aceite-de-Argan.jpeg\",\"datePublished\":\"2024-04-22T11:40:01+00:00\",\"description\":\"Sabonete de \u00d3leo de Arg\u00e3o: \u00c9 o ouro do deserto, considerado o Santo Graal dos \u00f3leos para a pele e para o cabelo, altamente hidratante.\",\"breadcrumb\":{\"@id\":\"https:\/\/www.sinchisinchi.com\/pt-pt\/producto\/oleo-de-argao\/#breadcrumb\"},\"inLanguage\":\"pt-PT\",\"potentialAction\":[{\"@type\":\"ReadAction\",\"target\":[\"https:\/\/www.sinchisinchi.com\/pt-pt\/producto\/oleo-de-argao\/\"]}]},{\"@type\":\"ImageObject\",\"inLanguage\":\"pt-PT\",\"@id\":\"https:\/\/www.sinchisinchi.com\/pt-pt\/producto\/oleo-de-argao\/#primaryimage\",\"url\":\"https:\/\/www.sinchisinchi.com\/wp-content\/uploads\/2024\/04\/1-Aceite-de-Argan.jpeg\",\"contentUrl\":\"https:\/\/www.sinchisinchi.com\/wp-content\/uploads\/2024\/04\/1-Aceite-de-Argan.jpeg\",\"width\":750,\"height\":750},{\"@type\":\"BreadcrumbList\",\"@id\":\"https:\/\/www.sinchisinchi.com\/pt-pt\/producto\/oleo-de-argao\/#breadcrumb\",\"itemListElement\":[{\"@type\":\"ListItem\",\"position\":1,\"name\":\"Prima pagina\",\"item\":\"https:\/\/www.sinchisinchi.com\/pt-pt\/\"},{\"@type\":\"ListItem\",\"position\":2,\"name\":\"Produtos\",\"item\":\"https:\/\/www.sinchisinchi.com\/pt-pt\/shop\/\"},{\"@type\":\"ListItem\",\"position\":3,\"name\":\"\u00d3leo de arg\u00e3o\"}]},{\"@type\":\"WebSite\",\"@id\":\"https:\/\/www.sinchisinchi.com\/pt-pt\/#website\",\"url\":\"https:\/\/www.sinchisinchi.com\/pt-pt\/\",\"name\":\"SINCHI\",\"description\":\"Sinchi Medicine\",\"publisher\":{\"@id\":\"https:\/\/www.sinchisinchi.com\/pt-pt\/#organization\"},\"potentialAction\":[{\"@type\":\"SearchAction\",\"target\":{\"@type\":\"EntryPoint\",\"urlTemplate\":\"https:\/\/www.sinchisinchi.com\/pt-pt\/?s={search_term_string}\"},\"query-input\":{\"@type\":\"PropertyValueSpecification\",\"valueRequired\":true,\"valueName\":\"search_term_string\"}}],\"inLanguage\":\"pt-PT\"},{\"@type\":\"Organization\",\"@id\":\"https:\/\/www.sinchisinchi.com\/pt-pt\/#organization\",\"name\":\"SINCHI S.L\",\"url\":\"https:\/\/www.sinchisinchi.com\/pt-pt\/\",\"logo\":{\"@type\":\"ImageObject\",\"inLanguage\":\"pt-PT\",\"@id\":\"https:\/\/www.sinchisinchi.com\/pt-pt\/#\/schema\/logo\/image\/\",\"url\":\"https:\/\/www.sinchisinchi.com\/wp-content\/uploads\/2026\/01\/3b-Verde-SIMPLIFICADO-HORIZONTAL-F-TRANSPARENTE-scaled.png\",\"contentUrl\":\"https:\/\/www.sinchisinchi.com\/wp-content\/uploads\/2026\/01\/3b-Verde-SIMPLIFICADO-HORIZONTAL-F-TRANSPARENTE-scaled.png\",\"width\":2560,\"height\":457,\"caption\":\"SINCHI S.L\"},\"image\":{\"@id\":\"https:\/\/www.sinchisinchi.com\/pt-pt\/#\/schema\/logo\/image\/\"},\"sameAs\":[\"https:\/\/www.facebook.com\/sinchirape\/\",\"https:\/\/www.instagram.com\/sinchi_rape\/\"]}]}<\/script>\n<!-- \/ Yoast SEO plugin. -->","yoast_head_json":{"title":"Sabonete de \u00d3leo de Arg\u00e3o: Loja Xam\u00e2nica","description":"Sabonete de \u00d3leo de Arg\u00e3o: \u00c9 o ouro do deserto, considerado o Santo Graal dos \u00f3leos para a pele e para o cabelo, altamente hidratante.","robots":{"index":"index","follow":"follow","max-snippet":"max-snippet:-1","max-image-preview":"max-image-preview:large","max-video-preview":"max-video-preview:-1"},"canonical":"https:\/\/www.sinchisinchi.com\/pt-pt\/producto\/oleo-de-argao\/","og_locale":"pt_PT","og_type":"article","og_title":"Sabonete de \u00d3leo de Arg\u00e3o: Loja Xam\u00e2nica","og_description":"Sabonete de \u00d3leo de Arg\u00e3o: \u00c9 o ouro do deserto, considerado o Santo Graal dos \u00f3leos para a pele e para o cabelo, altamente hidratante.","og_url":"https:\/\/www.sinchisinchi.com\/pt-pt\/producto\/oleo-de-argao\/","og_site_name":"SINCHI RAP\u00c9","article_publisher":"https:\/\/www.facebook.com\/sinchirape\/","og_image":[{"width":750,"height":750,"url":"https:\/\/www.sinchisinchi.com\/wp-content\/uploads\/2024\/04\/1-Aceite-de-Argan.jpeg","type":"image\/jpeg"}],"twitter_card":"summary_large_image","twitter_misc":{"Tempo estimado de leitura":"1 minuto"},"schema":{"@context":"https:\/\/schema.org","@graph":[{"@type":"WebPage","@id":"https:\/\/www.sinchisinchi.com\/pt-pt\/producto\/oleo-de-argao\/","url":"https:\/\/www.sinchisinchi.com\/pt-pt\/producto\/oleo-de-argao\/","name":"Sabonete de \u00d3leo de Arg\u00e3o: Loja Xam\u00e2nica","isPartOf":{"@id":"https:\/\/www.sinchisinchi.com\/pt-pt\/#website"},"primaryImageOfPage":{"@id":"https:\/\/www.sinchisinchi.com\/pt-pt\/producto\/oleo-de-argao\/#primaryimage"},"image":{"@id":"https:\/\/www.sinchisinchi.com\/pt-pt\/producto\/oleo-de-argao\/#primaryimage"},"thumbnailUrl":"https:\/\/www.sinchisinchi.com\/wp-content\/uploads\/2024\/04\/1-Aceite-de-Argan.jpeg","datePublished":"2024-04-22T11:40:01+00:00","description":"Sabonete de \u00d3leo de Arg\u00e3o: \u00c9 o ouro do deserto, considerado o Santo Graal dos \u00f3leos para a pele e para o cabelo, altamente hidratante.","breadcrumb":{"@id":"https:\/\/www.sinchisinchi.com\/pt-pt\/producto\/oleo-de-argao\/#breadcrumb"},"inLanguage":"pt-PT","potentialAction":[{"@type":"ReadAction","target":["https:\/\/www.sinchisinchi.com\/pt-pt\/producto\/oleo-de-argao\/"]}]},{"@type":"ImageObject","inLanguage":"pt-PT","@id":"https:\/\/www.sinchisinchi.com\/pt-pt\/producto\/oleo-de-argao\/#primaryimage","url":"https:\/\/www.sinchisinchi.com\/wp-content\/uploads\/2024\/04\/1-Aceite-de-Argan.jpeg","contentUrl":"https:\/\/www.sinchisinchi.com\/wp-content\/uploads\/2024\/04\/1-Aceite-de-Argan.jpeg","width":750,"height":750},{"@type":"BreadcrumbList","@id":"https:\/\/www.sinchisinchi.com\/pt-pt\/producto\/oleo-de-argao\/#breadcrumb","itemListElement":[{"@type":"ListItem","position":1,"name":"Prima pagina","item":"https:\/\/www.sinchisinchi.com\/pt-pt\/"},{"@type":"ListItem","position":2,"name":"Produtos","item":"https:\/\/www.sinchisinchi.com\/pt-pt\/shop\/"},{"@type":"ListItem","position":3,"name":"\u00d3leo de arg\u00e3o"}]},{"@type":"WebSite","@id":"https:\/\/www.sinchisinchi.com\/pt-pt\/#website","url":"https:\/\/www.sinchisinchi.com\/pt-pt\/","name":"SINCHI","description":"Sinchi Medicine","publisher":{"@id":"https:\/\/www.sinchisinchi.com\/pt-pt\/#organization"},"potentialAction":[{"@type":"SearchAction","target":{"@type":"EntryPoint","urlTemplate":"https:\/\/www.sinchisinchi.com\/pt-pt\/?s={search_term_string}"},"query-input":{"@type":"PropertyValueSpecification","valueRequired":true,"valueName":"search_term_string"}}],"inLanguage":"pt-PT"},{"@type":"Organization","@id":"https:\/\/www.sinchisinchi.com\/pt-pt\/#organization","name":"SINCHI S.L","url":"https:\/\/www.sinchisinchi.com\/pt-pt\/","logo":{"@type":"ImageObject","inLanguage":"pt-PT","@id":"https:\/\/www.sinchisinchi.com\/pt-pt\/#\/schema\/logo\/image\/","url":"https:\/\/www.sinchisinchi.com\/wp-content\/uploads\/2026\/01\/3b-Verde-SIMPLIFICADO-HORIZONTAL-F-TRANSPARENTE-scaled.png","contentUrl":"https:\/\/www.sinchisinchi.com\/wp-content\/uploads\/2026\/01\/3b-Verde-SIMPLIFICADO-HORIZONTAL-F-TRANSPARENTE-scaled.png","width":2560,"height":457,"caption":"SINCHI S.L"},"image":{"@id":"https:\/\/www.sinchisinchi.com\/pt-pt\/#\/schema\/logo\/image\/"},"sameAs":["https:\/\/www.facebook.com\/sinchirape\/","https:\/\/www.instagram.com\/sinchi_rape\/"]}]}},"_links":{"self":[{"href":"https:\/\/www.sinchisinchi.com\/pt-pt\/wp-json\/wp\/v2\/product\/25641","targetHints":{"allow":["GET"]}}],"collection":[{"href":"https:\/\/www.sinchisinchi.com\/pt-pt\/wp-json\/wp\/v2\/product"}],"about":[{"href":"https:\/\/www.sinchisinchi.com\/pt-pt\/wp-json\/wp\/v2\/types\/product"}],"wp:featuredmedia":[{"embeddable":true,"href":"https:\/\/www.sinchisinchi.com\/pt-pt\/wp-json\/wp\/v2\/media\/25642"}],"wp:attachment":[{"href":"https:\/\/www.sinchisinchi.com\/pt-pt\/wp-json\/wp\/v2\/media?parent=25641"}],"wp:term":[{"taxonomy":"product_brand","embeddable":true,"href":"https:\/\/www.sinchisinchi.com\/pt-pt\/wp-json\/wp\/v2\/product_brand?post=25641"},{"taxonomy":"product_cat","embeddable":true,"href":"https:\/\/www.sinchisinchi.com\/pt-pt\/wp-json\/wp\/v2\/product_cat?post=25641"},{"taxonomy":"product_tag","embeddable":true,"href":"https:\/\/www.sinchisinchi.com\/pt-pt\/wp-json\/wp\/v2\/product_tag?post=25641"}],"curies":[{"name":"wp","href":"https:\/\/api.w.org\/{rel}","templated":true}]}}