{"id":25681,"date":"2024-04-21T17:57:32","date_gmt":"2024-04-21T17:57:32","guid":{"rendered":"https:\/\/www.sinchisinchi.com\/producto\/resina-de-jatoba\/"},"modified":"2024-04-21T17:57:32","modified_gmt":"2024-04-21T17:57:32","slug":"resina-de-jatoba","status":"publish","type":"product","link":"https:\/\/www.sinchisinchi.com\/pt-pt\/producto\/resina-de-jatoba\/","title":{"rendered":"Resina de jatob\u00e1"},"content":{"rendered":"","protected":false},"excerpt":{"rendered":"<p>A \u00e1rvore Jatob\u00e1 \u00e9 muito valorizada pela sua resina, conhecida por jutaicica, que possui poderosas propriedades medicinais e espirituais.<\/p>\n<p>&nbsp;<\/p>\n<p>Nos rituais xam\u00e2nicos, \u00e9 utilizado em incenso e \u00e9 considerado um poderoso t\u00f3nico mental. Gra\u00e7as \u00e0s suas propriedades, \u00e9 tamb\u00e9m muito utilizado em sess\u00f5es de medita\u00e7\u00e3o, ioga e outras atividades semelhantes.<\/p>\n<p>&nbsp;<\/p>\n<p>O Jatob\u00e1 (Hymenaea courbaril L.) \u00e9 uma \u00e1rvore de grande porte, que atinge at\u00e9 40 metros de altura, com um tronco de quase um metro de di\u00e2metro, origin\u00e1ria do M\u00e9dio Oriente e da Pen\u00ednsula Ar\u00e1bica.<\/p>\n<p>&nbsp;<\/p>\n<p>S\u00e3o utilizadas v\u00e1rias partes da \u00e1rvore, como a casca, a seiva, a resina, os frutos e as folhas. Alguns grupos ind\u00edgenas da Amaz\u00f3nia utilizam a sua madeira para fazer canoas.<\/p>\n<p>&nbsp;<\/p>\n<p>\u00c9 tamb\u00e9m uma fonte de alimento e \u00e9 mencionada entre as esp\u00e9cies frut\u00edferas, devido ao extraordin\u00e1rio valor nutricional da polpa comest\u00edvel que envolve as sementes.<\/p>\n<p>A sua madeira \u00e9 de excelente qualidade, dura e pesada.<\/p>\n<p>A sua seiva rec\u00e9m-extra\u00edda \u00e9 de cor vinho e \u00e9 utilizada na medicina tradicional para tratar uma infinidade de condi\u00e7\u00f5es.<\/p>\n<p>As flores abundantes do Jatob\u00e1 s\u00e3o muito atrativas para as abelhas Jata\u00ed, que produzem um mel especialmente indicado para combater problemas respirat\u00f3rios.<\/p>\n<p>A bebida Jutaicica \u00e9 preparada misturando os gr\u00e3os de resina na \u00e1gua e bebendo-a depois num ritual de purifica\u00e7\u00e3o.<\/p>\n<p>&nbsp;<\/p>\n<p><strong>Nome cient\u00edfico:<\/strong> Hymenaea courbaril L.<\/p>\n<p><strong>Origem:<\/strong> Brasil.<\/p>\n<p><strong>Aroma:<\/strong> C\u00edtrico e refrescante.<\/p>\n","protected":false},"featured_media":25682,"template":"","meta":{"_joinchat":[]},"product_brand":[],"product_cat":[689],"product_tag":[],"class_list":{"0":"post-25681","1":"product","2":"type-product","3":"status-publish","4":"has-post-thumbnail","6":"product_cat-resinas","8":"first","9":"instock","10":"taxable","11":"shipping-taxable","12":"product-type-simple"},"yoast_head":"<!-- This site is optimized with the Yoast SEO plugin v27.4 - https:\/\/yoast.com\/product\/yoast-seo-wordpress\/ -->\n<title>Resina Jatob\u00e1: Sinchi, Loja Xam\u00e2nica Online<\/title>\n<meta name=\"description\" content=\"A \u00e1rvore Jatob\u00e1 \u00e9 muito valorizada pela sua resina, conhecida por jutaicica, que possui poderosas propriedades medicinais e espirituais.\" \/>\n<meta name=\"robots\" content=\"index, follow, max-snippet:-1, max-image-preview:large, max-video-preview:-1\" \/>\n<link rel=\"canonical\" href=\"https:\/\/www.sinchisinchi.com\/pt-pt\/producto\/resina-de-jatoba\/\" \/>\n<meta property=\"og:locale\" content=\"pt_PT\" \/>\n<meta property=\"og:type\" content=\"article\" \/>\n<meta property=\"og:title\" content=\"Resina Jatob\u00e1: Sinchi, Loja Xam\u00e2nica Online\" \/>\n<meta property=\"og:description\" content=\"A \u00e1rvore Jatob\u00e1 \u00e9 muito valorizada pela sua resina, conhecida por jutaicica, que possui poderosas propriedades medicinais e espirituais.\" \/>\n<meta property=\"og:url\" content=\"https:\/\/www.sinchisinchi.com\/pt-pt\/producto\/resina-de-jatoba\/\" \/>\n<meta property=\"og:site_name\" content=\"SINCHI RAP\u00c9\" \/>\n<meta property=\"article:publisher\" content=\"https:\/\/www.facebook.com\/sinchirape\/\" \/>\n<meta property=\"og:image\" content=\"https:\/\/www.sinchisinchi.com\/wp-content\/uploads\/2024\/04\/Mukani-Resina-Jatoba.jpeg\" \/>\n\t<meta property=\"og:image:width\" content=\"420\" \/>\n\t<meta property=\"og:image:height\" content=\"545\" \/>\n\t<meta property=\"og:image:type\" content=\"image\/jpeg\" \/>\n<meta name=\"twitter:card\" content=\"summary_large_image\" \/>\n<script type=\"application\/ld+json\" class=\"yoast-schema-graph\">{\"@context\":\"https:\\\/\\\/schema.org\",\"@graph\":[{\"@type\":\"WebPage\",\"@id\":\"https:\\\/\\\/www.sinchisinchi.com\\\/pt-pt\\\/producto\\\/resina-de-jatoba\\\/\",\"url\":\"https:\\\/\\\/www.sinchisinchi.com\\\/pt-pt\\\/producto\\\/resina-de-jatoba\\\/\",\"name\":\"Resina Jatob\u00e1: Sinchi, Loja Xam\u00e2nica Online\",\"isPartOf\":{\"@id\":\"https:\\\/\\\/www.sinchisinchi.com\\\/pt-pt\\\/#website\"},\"primaryImageOfPage\":{\"@id\":\"https:\\\/\\\/www.sinchisinchi.com\\\/pt-pt\\\/producto\\\/resina-de-jatoba\\\/#primaryimage\"},\"image\":{\"@id\":\"https:\\\/\\\/www.sinchisinchi.com\\\/pt-pt\\\/producto\\\/resina-de-jatoba\\\/#primaryimage\"},\"thumbnailUrl\":\"https:\\\/\\\/www.sinchisinchi.com\\\/wp-content\\\/uploads\\\/2024\\\/04\\\/Mukani-Resina-Jatoba.jpeg\",\"datePublished\":\"2024-04-21T17:57:32+00:00\",\"description\":\"A \u00e1rvore Jatob\u00e1 \u00e9 muito valorizada pela sua resina, conhecida por jutaicica, que possui poderosas propriedades medicinais e espirituais.\",\"breadcrumb\":{\"@id\":\"https:\\\/\\\/www.sinchisinchi.com\\\/pt-pt\\\/producto\\\/resina-de-jatoba\\\/#breadcrumb\"},\"inLanguage\":\"pt-PT\",\"potentialAction\":[{\"@type\":\"ReadAction\",\"target\":[\"https:\\\/\\\/www.sinchisinchi.com\\\/pt-pt\\\/producto\\\/resina-de-jatoba\\\/\"]}]},{\"@type\":\"ImageObject\",\"inLanguage\":\"pt-PT\",\"@id\":\"https:\\\/\\\/www.sinchisinchi.com\\\/pt-pt\\\/producto\\\/resina-de-jatoba\\\/#primaryimage\",\"url\":\"https:\\\/\\\/www.sinchisinchi.com\\\/wp-content\\\/uploads\\\/2024\\\/04\\\/Mukani-Resina-Jatoba.jpeg\",\"contentUrl\":\"https:\\\/\\\/www.sinchisinchi.com\\\/wp-content\\\/uploads\\\/2024\\\/04\\\/Mukani-Resina-Jatoba.jpeg\",\"width\":420,\"height\":545},{\"@type\":\"BreadcrumbList\",\"@id\":\"https:\\\/\\\/www.sinchisinchi.com\\\/pt-pt\\\/producto\\\/resina-de-jatoba\\\/#breadcrumb\",\"itemListElement\":[{\"@type\":\"ListItem\",\"position\":1,\"name\":\"Prima pagina\",\"item\":\"https:\\\/\\\/www.sinchisinchi.com\\\/pt-pt\\\/\"},{\"@type\":\"ListItem\",\"position\":2,\"name\":\"Produtos\",\"item\":\"https:\\\/\\\/www.sinchisinchi.com\\\/pt-pt\\\/shop\\\/\"},{\"@type\":\"ListItem\",\"position\":3,\"name\":\"Resina de jatob\u00e1\"}]},{\"@type\":\"WebSite\",\"@id\":\"https:\\\/\\\/www.sinchisinchi.com\\\/pt-pt\\\/#website\",\"url\":\"https:\\\/\\\/www.sinchisinchi.com\\\/pt-pt\\\/\",\"name\":\"SINCHI\",\"description\":\"Sinchi Medicine\",\"publisher\":{\"@id\":\"https:\\\/\\\/www.sinchisinchi.com\\\/pt-pt\\\/#organization\"},\"potentialAction\":[{\"@type\":\"SearchAction\",\"target\":{\"@type\":\"EntryPoint\",\"urlTemplate\":\"https:\\\/\\\/www.sinchisinchi.com\\\/pt-pt\\\/?s={search_term_string}\"},\"query-input\":{\"@type\":\"PropertyValueSpecification\",\"valueRequired\":true,\"valueName\":\"search_term_string\"}}],\"inLanguage\":\"pt-PT\"},{\"@type\":\"Organization\",\"@id\":\"https:\\\/\\\/www.sinchisinchi.com\\\/pt-pt\\\/#organization\",\"name\":\"SINCHI S.L\",\"url\":\"https:\\\/\\\/www.sinchisinchi.com\\\/pt-pt\\\/\",\"logo\":{\"@type\":\"ImageObject\",\"inLanguage\":\"pt-PT\",\"@id\":\"https:\\\/\\\/www.sinchisinchi.com\\\/pt-pt\\\/#\\\/schema\\\/logo\\\/image\\\/\",\"url\":\"https:\\\/\\\/www.sinchisinchi.com\\\/wp-content\\\/uploads\\\/2026\\\/01\\\/3b-Verde-SIMPLIFICADO-HORIZONTAL-F-TRANSPARENTE-scaled.png\",\"contentUrl\":\"https:\\\/\\\/www.sinchisinchi.com\\\/wp-content\\\/uploads\\\/2026\\\/01\\\/3b-Verde-SIMPLIFICADO-HORIZONTAL-F-TRANSPARENTE-scaled.png\",\"width\":2560,\"height\":457,\"caption\":\"SINCHI S.L\"},\"image\":{\"@id\":\"https:\\\/\\\/www.sinchisinchi.com\\\/pt-pt\\\/#\\\/schema\\\/logo\\\/image\\\/\"},\"sameAs\":[\"https:\\\/\\\/www.facebook.com\\\/sinchirape\\\/\",\"https:\\\/\\\/www.instagram.com\\\/sinchi_rape\\\/\"]}]}<\/script>\n<!-- \/ Yoast SEO plugin. -->","yoast_head_json":{"title":"Resina Jatob\u00e1: Sinchi, Loja Xam\u00e2nica Online","description":"A \u00e1rvore Jatob\u00e1 \u00e9 muito valorizada pela sua resina, conhecida por jutaicica, que possui poderosas propriedades medicinais e espirituais.","robots":{"index":"index","follow":"follow","max-snippet":"max-snippet:-1","max-image-preview":"max-image-preview:large","max-video-preview":"max-video-preview:-1"},"canonical":"https:\/\/www.sinchisinchi.com\/pt-pt\/producto\/resina-de-jatoba\/","og_locale":"pt_PT","og_type":"article","og_title":"Resina Jatob\u00e1: Sinchi, Loja Xam\u00e2nica Online","og_description":"A \u00e1rvore Jatob\u00e1 \u00e9 muito valorizada pela sua resina, conhecida por jutaicica, que possui poderosas propriedades medicinais e espirituais.","og_url":"https:\/\/www.sinchisinchi.com\/pt-pt\/producto\/resina-de-jatoba\/","og_site_name":"SINCHI RAP\u00c9","article_publisher":"https:\/\/www.facebook.com\/sinchirape\/","og_image":[{"width":420,"height":545,"url":"https:\/\/www.sinchisinchi.com\/wp-content\/uploads\/2024\/04\/Mukani-Resina-Jatoba.jpeg","type":"image\/jpeg"}],"twitter_card":"summary_large_image","schema":{"@context":"https:\/\/schema.org","@graph":[{"@type":"WebPage","@id":"https:\/\/www.sinchisinchi.com\/pt-pt\/producto\/resina-de-jatoba\/","url":"https:\/\/www.sinchisinchi.com\/pt-pt\/producto\/resina-de-jatoba\/","name":"Resina Jatob\u00e1: Sinchi, Loja Xam\u00e2nica Online","isPartOf":{"@id":"https:\/\/www.sinchisinchi.com\/pt-pt\/#website"},"primaryImageOfPage":{"@id":"https:\/\/www.sinchisinchi.com\/pt-pt\/producto\/resina-de-jatoba\/#primaryimage"},"image":{"@id":"https:\/\/www.sinchisinchi.com\/pt-pt\/producto\/resina-de-jatoba\/#primaryimage"},"thumbnailUrl":"https:\/\/www.sinchisinchi.com\/wp-content\/uploads\/2024\/04\/Mukani-Resina-Jatoba.jpeg","datePublished":"2024-04-21T17:57:32+00:00","description":"A \u00e1rvore Jatob\u00e1 \u00e9 muito valorizada pela sua resina, conhecida por jutaicica, que possui poderosas propriedades medicinais e espirituais.","breadcrumb":{"@id":"https:\/\/www.sinchisinchi.com\/pt-pt\/producto\/resina-de-jatoba\/#breadcrumb"},"inLanguage":"pt-PT","potentialAction":[{"@type":"ReadAction","target":["https:\/\/www.sinchisinchi.com\/pt-pt\/producto\/resina-de-jatoba\/"]}]},{"@type":"ImageObject","inLanguage":"pt-PT","@id":"https:\/\/www.sinchisinchi.com\/pt-pt\/producto\/resina-de-jatoba\/#primaryimage","url":"https:\/\/www.sinchisinchi.com\/wp-content\/uploads\/2024\/04\/Mukani-Resina-Jatoba.jpeg","contentUrl":"https:\/\/www.sinchisinchi.com\/wp-content\/uploads\/2024\/04\/Mukani-Resina-Jatoba.jpeg","width":420,"height":545},{"@type":"BreadcrumbList","@id":"https:\/\/www.sinchisinchi.com\/pt-pt\/producto\/resina-de-jatoba\/#breadcrumb","itemListElement":[{"@type":"ListItem","position":1,"name":"Prima pagina","item":"https:\/\/www.sinchisinchi.com\/pt-pt\/"},{"@type":"ListItem","position":2,"name":"Produtos","item":"https:\/\/www.sinchisinchi.com\/pt-pt\/shop\/"},{"@type":"ListItem","position":3,"name":"Resina de jatob\u00e1"}]},{"@type":"WebSite","@id":"https:\/\/www.sinchisinchi.com\/pt-pt\/#website","url":"https:\/\/www.sinchisinchi.com\/pt-pt\/","name":"SINCHI","description":"Sinchi Medicine","publisher":{"@id":"https:\/\/www.sinchisinchi.com\/pt-pt\/#organization"},"potentialAction":[{"@type":"SearchAction","target":{"@type":"EntryPoint","urlTemplate":"https:\/\/www.sinchisinchi.com\/pt-pt\/?s={search_term_string}"},"query-input":{"@type":"PropertyValueSpecification","valueRequired":true,"valueName":"search_term_string"}}],"inLanguage":"pt-PT"},{"@type":"Organization","@id":"https:\/\/www.sinchisinchi.com\/pt-pt\/#organization","name":"SINCHI S.L","url":"https:\/\/www.sinchisinchi.com\/pt-pt\/","logo":{"@type":"ImageObject","inLanguage":"pt-PT","@id":"https:\/\/www.sinchisinchi.com\/pt-pt\/#\/schema\/logo\/image\/","url":"https:\/\/www.sinchisinchi.com\/wp-content\/uploads\/2026\/01\/3b-Verde-SIMPLIFICADO-HORIZONTAL-F-TRANSPARENTE-scaled.png","contentUrl":"https:\/\/www.sinchisinchi.com\/wp-content\/uploads\/2026\/01\/3b-Verde-SIMPLIFICADO-HORIZONTAL-F-TRANSPARENTE-scaled.png","width":2560,"height":457,"caption":"SINCHI S.L"},"image":{"@id":"https:\/\/www.sinchisinchi.com\/pt-pt\/#\/schema\/logo\/image\/"},"sameAs":["https:\/\/www.facebook.com\/sinchirape\/","https:\/\/www.instagram.com\/sinchi_rape\/"]}]}},"_links":{"self":[{"href":"https:\/\/www.sinchisinchi.com\/pt-pt\/wp-json\/wp\/v2\/product\/25681","targetHints":{"allow":["GET"]}}],"collection":[{"href":"https:\/\/www.sinchisinchi.com\/pt-pt\/wp-json\/wp\/v2\/product"}],"about":[{"href":"https:\/\/www.sinchisinchi.com\/pt-pt\/wp-json\/wp\/v2\/types\/product"}],"wp:featuredmedia":[{"embeddable":true,"href":"https:\/\/www.sinchisinchi.com\/pt-pt\/wp-json\/wp\/v2\/media\/25682"}],"wp:attachment":[{"href":"https:\/\/www.sinchisinchi.com\/pt-pt\/wp-json\/wp\/v2\/media?parent=25681"}],"wp:term":[{"taxonomy":"product_brand","embeddable":true,"href":"https:\/\/www.sinchisinchi.com\/pt-pt\/wp-json\/wp\/v2\/product_brand?post=25681"},{"taxonomy":"product_cat","embeddable":true,"href":"https:\/\/www.sinchisinchi.com\/pt-pt\/wp-json\/wp\/v2\/product_cat?post=25681"},{"taxonomy":"product_tag","embeddable":true,"href":"https:\/\/www.sinchisinchi.com\/pt-pt\/wp-json\/wp\/v2\/product_tag?post=25681"}],"curies":[{"name":"wp","href":"https:\/\/api.w.org\/{rel}","templated":true}]}}