{"id":25686,"date":"2024-04-21T17:33:27","date_gmt":"2024-04-21T17:33:27","guid":{"rendered":"https:\/\/www.sinchisinchi.com\/producto\/sepa-yawanawa\/"},"modified":"2024-04-21T17:33:27","modified_gmt":"2024-04-21T17:33:27","slug":"sepa-yawanawa","status":"publish","type":"product","link":"https:\/\/www.sinchisinchi.com\/pt-pt\/producto\/sepa-yawanawa\/","title":{"rendered":"S\u0119pa Yawanaw\u00e1"},"content":{"rendered":"","protected":false},"excerpt":{"rendered":"<p>Sep\u00e1 \u00e9 uma resina de aroma refrescante t\u00edpica dos Yawanawa, que a extraem de uma \u00e1rvore chamada \u201cVixu\u201d.<\/p>\n<p>&nbsp;<\/p>\n<p>Na tradi\u00e7\u00e3o Yawanaw\u00e1, o sepa \u00e9 um perfume natural utilizado em rituais espirituais e trabalhos de cura; \u00c9 considerada uma resina curativa e costuma estar presente nas casas de todos os Yawanaw\u00e1.<\/p>\n<p>&nbsp;<\/p>\n<p>Os Yawanaw\u00e1 tamb\u00e9m preparam uma pasta de urucum para as suas tintas corporais vermelhas utilizando resina sepa, bem como corantes pretos utilizando jenipapo e carv\u00e3o.<\/p>\n<p>&nbsp;<\/p>\n<p>Utilizado no incenso, purifica objetos, pessoas e espa\u00e7os. Ajuda a proteger contra energias negativas e influ\u00eancias externas. \u00c9 comum as pessoas que praticam rituais com resina Sep\u00e1 transportarem consigo pequenos peda\u00e7os de resina ou guard\u00e1-los em casa como amuleto.<\/p>\n<p>&nbsp;<\/p>\n<p>Quando recolhido, apresenta uma consist\u00eancia pegajosa e deve ser manuseado com o aux\u00edlio de um peda\u00e7o de madeira ou de uma pin\u00e7a met\u00e1lica; Solidifica-se em contacto com o ar.<\/p>\n<p>&nbsp;<\/p>\n<p><strong>Origem:<\/strong> Brasil.<\/p>\n<p>&nbsp;<\/p>\n<p><strong>Aroma:<\/strong> Suave e refrescante.<\/p>\n","protected":false},"featured_media":0,"template":"","meta":{"_joinchat":[]},"product_brand":[],"product_cat":[689],"product_tag":[],"class_list":{"0":"post-25686","1":"product","2":"type-product","3":"status-publish","5":"product_cat-resinas","7":"first","8":"instock","9":"taxable","10":"shipping-taxable","11":"product-type-simple"},"yoast_head":"<!-- This site is optimized with the Yoast SEO plugin v27.1.1 - https:\/\/yoast.com\/product\/yoast-seo-wordpress\/ -->\n<title>Resina Sep\u00e1: Sinchi, Loja Xam\u00e2nica Online<\/title>\n<meta name=\"description\" content=\"Resina de sep\u00e1 com aroma refrescante t\u00edpica dos Yawanawa, que a extraem de uma \u00e1rvore chamada \u201cVixu\u201d. Purifica os objetos, as pessoas e os espa\u00e7os.\" \/>\n<meta name=\"robots\" content=\"index, follow, max-snippet:-1, max-image-preview:large, max-video-preview:-1\" \/>\n<link rel=\"canonical\" href=\"https:\/\/www.sinchisinchi.com\/pt-pt\/producto\/sepa-yawanawa\/\" \/>\n<meta property=\"og:locale\" content=\"pt_PT\" \/>\n<meta property=\"og:type\" content=\"article\" \/>\n<meta property=\"og:title\" content=\"Resina Sep\u00e1: Sinchi, Loja Xam\u00e2nica Online\" \/>\n<meta property=\"og:description\" content=\"Resina de sep\u00e1 com aroma refrescante t\u00edpica dos Yawanawa, que a extraem de uma \u00e1rvore chamada \u201cVixu\u201d. Purifica os objetos, as pessoas e os espa\u00e7os.\" \/>\n<meta property=\"og:url\" content=\"https:\/\/www.sinchisinchi.com\/pt-pt\/producto\/sepa-yawanawa\/\" \/>\n<meta property=\"og:site_name\" content=\"SINCHI RAP\u00c9\" \/>\n<meta property=\"article:publisher\" content=\"https:\/\/www.facebook.com\/sinchirape\/\" \/>\n<meta name=\"twitter:card\" content=\"summary_large_image\" \/>\n<script type=\"application\/ld+json\" class=\"yoast-schema-graph\">{\"@context\":\"https:\/\/schema.org\",\"@graph\":[{\"@type\":\"WebPage\",\"@id\":\"https:\/\/www.sinchisinchi.com\/pt-pt\/producto\/sepa-yawanawa\/\",\"url\":\"https:\/\/www.sinchisinchi.com\/pt-pt\/producto\/sepa-yawanawa\/\",\"name\":\"Resina Sep\u00e1: Sinchi, Loja Xam\u00e2nica Online\",\"isPartOf\":{\"@id\":\"https:\/\/www.sinchisinchi.com\/pt-pt\/#website\"},\"datePublished\":\"2024-04-21T17:33:27+00:00\",\"description\":\"Resina de sep\u00e1 com aroma refrescante t\u00edpica dos Yawanawa, que a extraem de uma \u00e1rvore chamada \u201cVixu\u201d. Purifica os objetos, as pessoas e os espa\u00e7os.\",\"breadcrumb\":{\"@id\":\"https:\/\/www.sinchisinchi.com\/pt-pt\/producto\/sepa-yawanawa\/#breadcrumb\"},\"inLanguage\":\"pt-PT\",\"potentialAction\":[{\"@type\":\"ReadAction\",\"target\":[\"https:\/\/www.sinchisinchi.com\/pt-pt\/producto\/sepa-yawanawa\/\"]}]},{\"@type\":\"BreadcrumbList\",\"@id\":\"https:\/\/www.sinchisinchi.com\/pt-pt\/producto\/sepa-yawanawa\/#breadcrumb\",\"itemListElement\":[{\"@type\":\"ListItem\",\"position\":1,\"name\":\"Prima pagina\",\"item\":\"https:\/\/www.sinchisinchi.com\/pt-pt\/\"},{\"@type\":\"ListItem\",\"position\":2,\"name\":\"Produtos\",\"item\":\"https:\/\/www.sinchisinchi.com\/pt-pt\/shop\/\"},{\"@type\":\"ListItem\",\"position\":3,\"name\":\"S\u0119pa Yawanaw\u00e1\"}]},{\"@type\":\"WebSite\",\"@id\":\"https:\/\/www.sinchisinchi.com\/pt-pt\/#website\",\"url\":\"https:\/\/www.sinchisinchi.com\/pt-pt\/\",\"name\":\"SINCHI\",\"description\":\"Sinchi Medicine\",\"publisher\":{\"@id\":\"https:\/\/www.sinchisinchi.com\/pt-pt\/#organization\"},\"potentialAction\":[{\"@type\":\"SearchAction\",\"target\":{\"@type\":\"EntryPoint\",\"urlTemplate\":\"https:\/\/www.sinchisinchi.com\/pt-pt\/?s={search_term_string}\"},\"query-input\":{\"@type\":\"PropertyValueSpecification\",\"valueRequired\":true,\"valueName\":\"search_term_string\"}}],\"inLanguage\":\"pt-PT\"},{\"@type\":\"Organization\",\"@id\":\"https:\/\/www.sinchisinchi.com\/pt-pt\/#organization\",\"name\":\"SINCHI S.L\",\"url\":\"https:\/\/www.sinchisinchi.com\/pt-pt\/\",\"logo\":{\"@type\":\"ImageObject\",\"inLanguage\":\"pt-PT\",\"@id\":\"https:\/\/www.sinchisinchi.com\/pt-pt\/#\/schema\/logo\/image\/\",\"url\":\"https:\/\/www.sinchisinchi.com\/wp-content\/uploads\/2026\/01\/3b-Verde-SIMPLIFICADO-HORIZONTAL-F-TRANSPARENTE-scaled.png\",\"contentUrl\":\"https:\/\/www.sinchisinchi.com\/wp-content\/uploads\/2026\/01\/3b-Verde-SIMPLIFICADO-HORIZONTAL-F-TRANSPARENTE-scaled.png\",\"width\":2560,\"height\":457,\"caption\":\"SINCHI S.L\"},\"image\":{\"@id\":\"https:\/\/www.sinchisinchi.com\/pt-pt\/#\/schema\/logo\/image\/\"},\"sameAs\":[\"https:\/\/www.facebook.com\/sinchirape\/\",\"https:\/\/www.instagram.com\/sinchi_rape\/\"]}]}<\/script>\n<!-- \/ Yoast SEO plugin. -->","yoast_head_json":{"title":"Resina Sep\u00e1: Sinchi, Loja Xam\u00e2nica Online","description":"Resina de sep\u00e1 com aroma refrescante t\u00edpica dos Yawanawa, que a extraem de uma \u00e1rvore chamada \u201cVixu\u201d. Purifica os objetos, as pessoas e os espa\u00e7os.","robots":{"index":"index","follow":"follow","max-snippet":"max-snippet:-1","max-image-preview":"max-image-preview:large","max-video-preview":"max-video-preview:-1"},"canonical":"https:\/\/www.sinchisinchi.com\/pt-pt\/producto\/sepa-yawanawa\/","og_locale":"pt_PT","og_type":"article","og_title":"Resina Sep\u00e1: Sinchi, Loja Xam\u00e2nica Online","og_description":"Resina de sep\u00e1 com aroma refrescante t\u00edpica dos Yawanawa, que a extraem de uma \u00e1rvore chamada \u201cVixu\u201d. Purifica os objetos, as pessoas e os espa\u00e7os.","og_url":"https:\/\/www.sinchisinchi.com\/pt-pt\/producto\/sepa-yawanawa\/","og_site_name":"SINCHI RAP\u00c9","article_publisher":"https:\/\/www.facebook.com\/sinchirape\/","twitter_card":"summary_large_image","schema":{"@context":"https:\/\/schema.org","@graph":[{"@type":"WebPage","@id":"https:\/\/www.sinchisinchi.com\/pt-pt\/producto\/sepa-yawanawa\/","url":"https:\/\/www.sinchisinchi.com\/pt-pt\/producto\/sepa-yawanawa\/","name":"Resina Sep\u00e1: Sinchi, Loja Xam\u00e2nica Online","isPartOf":{"@id":"https:\/\/www.sinchisinchi.com\/pt-pt\/#website"},"datePublished":"2024-04-21T17:33:27+00:00","description":"Resina de sep\u00e1 com aroma refrescante t\u00edpica dos Yawanawa, que a extraem de uma \u00e1rvore chamada \u201cVixu\u201d. Purifica os objetos, as pessoas e os espa\u00e7os.","breadcrumb":{"@id":"https:\/\/www.sinchisinchi.com\/pt-pt\/producto\/sepa-yawanawa\/#breadcrumb"},"inLanguage":"pt-PT","potentialAction":[{"@type":"ReadAction","target":["https:\/\/www.sinchisinchi.com\/pt-pt\/producto\/sepa-yawanawa\/"]}]},{"@type":"BreadcrumbList","@id":"https:\/\/www.sinchisinchi.com\/pt-pt\/producto\/sepa-yawanawa\/#breadcrumb","itemListElement":[{"@type":"ListItem","position":1,"name":"Prima pagina","item":"https:\/\/www.sinchisinchi.com\/pt-pt\/"},{"@type":"ListItem","position":2,"name":"Produtos","item":"https:\/\/www.sinchisinchi.com\/pt-pt\/shop\/"},{"@type":"ListItem","position":3,"name":"S\u0119pa Yawanaw\u00e1"}]},{"@type":"WebSite","@id":"https:\/\/www.sinchisinchi.com\/pt-pt\/#website","url":"https:\/\/www.sinchisinchi.com\/pt-pt\/","name":"SINCHI","description":"Sinchi Medicine","publisher":{"@id":"https:\/\/www.sinchisinchi.com\/pt-pt\/#organization"},"potentialAction":[{"@type":"SearchAction","target":{"@type":"EntryPoint","urlTemplate":"https:\/\/www.sinchisinchi.com\/pt-pt\/?s={search_term_string}"},"query-input":{"@type":"PropertyValueSpecification","valueRequired":true,"valueName":"search_term_string"}}],"inLanguage":"pt-PT"},{"@type":"Organization","@id":"https:\/\/www.sinchisinchi.com\/pt-pt\/#organization","name":"SINCHI S.L","url":"https:\/\/www.sinchisinchi.com\/pt-pt\/","logo":{"@type":"ImageObject","inLanguage":"pt-PT","@id":"https:\/\/www.sinchisinchi.com\/pt-pt\/#\/schema\/logo\/image\/","url":"https:\/\/www.sinchisinchi.com\/wp-content\/uploads\/2026\/01\/3b-Verde-SIMPLIFICADO-HORIZONTAL-F-TRANSPARENTE-scaled.png","contentUrl":"https:\/\/www.sinchisinchi.com\/wp-content\/uploads\/2026\/01\/3b-Verde-SIMPLIFICADO-HORIZONTAL-F-TRANSPARENTE-scaled.png","width":2560,"height":457,"caption":"SINCHI S.L"},"image":{"@id":"https:\/\/www.sinchisinchi.com\/pt-pt\/#\/schema\/logo\/image\/"},"sameAs":["https:\/\/www.facebook.com\/sinchirape\/","https:\/\/www.instagram.com\/sinchi_rape\/"]}]}},"_links":{"self":[{"href":"https:\/\/www.sinchisinchi.com\/pt-pt\/wp-json\/wp\/v2\/product\/25686","targetHints":{"allow":["GET"]}}],"collection":[{"href":"https:\/\/www.sinchisinchi.com\/pt-pt\/wp-json\/wp\/v2\/product"}],"about":[{"href":"https:\/\/www.sinchisinchi.com\/pt-pt\/wp-json\/wp\/v2\/types\/product"}],"wp:attachment":[{"href":"https:\/\/www.sinchisinchi.com\/pt-pt\/wp-json\/wp\/v2\/media?parent=25686"}],"wp:term":[{"taxonomy":"product_brand","embeddable":true,"href":"https:\/\/www.sinchisinchi.com\/pt-pt\/wp-json\/wp\/v2\/product_brand?post=25686"},{"taxonomy":"product_cat","embeddable":true,"href":"https:\/\/www.sinchisinchi.com\/pt-pt\/wp-json\/wp\/v2\/product_cat?post=25686"},{"taxonomy":"product_tag","embeddable":true,"href":"https:\/\/www.sinchisinchi.com\/pt-pt\/wp-json\/wp\/v2\/product_tag?post=25686"}],"curies":[{"name":"wp","href":"https:\/\/api.w.org\/{rel}","templated":true}]}}