{"id":25713,"date":"2024-04-20T18:45:43","date_gmt":"2024-04-20T18:45:43","guid":{"rendered":"https:\/\/www.sinchisinchi.com\/producto\/copal-de-manila\/"},"modified":"2024-04-20T18:45:43","modified_gmt":"2024-04-20T18:45:43","slug":"copal-de-manila","status":"publish","type":"product","link":"https:\/\/www.sinchisinchi.com\/pt-pt\/producto\/copal-de-manila\/","title":{"rendered":"Copal de Manila"},"content":{"rendered":"<h2 style=\"text-align: center;\">\u00c1rvores de copal: g\u00e9neros Bursera e Protium<\/h2>\n<p>O copal prov\u00e9m de \u00e1rvores pertencentes \u00e0 fam\u00edlia Burseraceae, especificamente dos g\u00e9neros Bursera e Protium.<\/p>\n<p>O termo copal deriva da palavra n\u00e1uatle copalli, que \u00e9 aplicada a v\u00e1rias resinas arom\u00e1ticas: copal da \u00c1frica Oriental (Zanzibar, Madag\u00e1scar e Mo\u00e7ambique), de Manila (Indon\u00e9sia, Filipinas, Mal\u00e1sia e \u00cdndias Orientais), entre outras.<\/p>\n<p>Os copales s\u00e3o \u00e1rvores t\u00edpicas de florestas caducif\u00f3lias baixas, que \u00e9 a vegeta\u00e7\u00e3o que se desenvolve em locais onde existe uma seca muito forte durante mais de quatro meses por ano, o que faz com que as \u00e1rvores percam todas as folhas e depois voltem a ficar verdes com as chuvas.<\/p>\n<p>A maioria das copals produz flores no in\u00edcio da esta\u00e7\u00e3o das chuvas; as flores aparecem ao mesmo tempo que os rebentos das folhas, e a flora\u00e7\u00e3o \u00e9 r\u00e1pida.<\/p>\n<p>Bursera Bipinnata representa as plantas que s\u00e3o exploradas preferencialmente para obter copal branco, mas tamb\u00e9m, as \u00e1rvores em segundo lugar s\u00e3o sujeitas \u00e0 recolha pela resina que libertam naturalmente e que \u00e9 conhecida por diferentes nomes: copal de pedra, copal preto, goma de copal.<\/p>\n","protected":false},"excerpt":{"rendered":"<p>O Copal de Manila \u00e9 uma resina obtida a partir de uma esp\u00e9cie de \u00e1rvore chamada Hymenaea courbaril, origin\u00e1ria da Am\u00e9rica Central e do Sul.<\/p>\n<p>&nbsp;<\/p>\n<p>O copal de Manila tem um aroma doce, bals\u00e2mico e amadeirado. \u00c9 frequentemente utilizada em cerim\u00f3nias de purifica\u00e7\u00e3o e limpeza espiritual, sendo considerada uma das resinas mais sagradas e valiosas na cultura nativa da Am\u00e9rica Central e do Sul.<\/p>\n<p>&nbsp;<\/p>\n<p><strong>Modo de utiliza\u00e7\u00e3o:<\/strong> Acenda um carv\u00e3o e verta um pouco de resina sobre as brasas. A resina derreter\u00e1, libertando a sua fragr\u00e2ncia no ar durante v\u00e1rios minutos.<\/p>\n<p><strong>Tamanho:<\/strong> 50gr<\/p>\n","protected":false},"featured_media":25714,"template":"","meta":{"_joinchat":[]},"product_brand":[],"product_cat":[690],"product_tag":[],"class_list":{"0":"post-25713","1":"product","2":"type-product","3":"status-publish","4":"has-post-thumbnail","6":"product_cat-copal-pt-pt","8":"first","9":"instock","10":"taxable","11":"shipping-taxable","12":"purchasable","13":"product-type-simple"},"yoast_head":"<!-- This site is optimized with the Yoast SEO plugin v27.4 - https:\/\/yoast.com\/product\/yoast-seo-wordpress\/ -->\n<title>Copal Manila da Amaz\u00f3nia: Loja Xam\u00e2nica Online<\/title>\n<meta name=\"description\" content=\"O copal de Manila tem um aroma doce, bals\u00e2mico e amadeirado e \u00e9 utilizado em cerim\u00f3nias como uma das resinas mais sagradas.\" \/>\n<meta name=\"robots\" content=\"index, follow, max-snippet:-1, max-image-preview:large, max-video-preview:-1\" \/>\n<link rel=\"canonical\" href=\"https:\/\/www.sinchisinchi.com\/pt-pt\/producto\/copal-de-manila\/\" \/>\n<meta property=\"og:locale\" content=\"pt_PT\" \/>\n<meta property=\"og:type\" content=\"article\" \/>\n<meta property=\"og:title\" content=\"Copal Manila da Amaz\u00f3nia: Loja Xam\u00e2nica Online\" \/>\n<meta property=\"og:description\" content=\"O copal de Manila tem um aroma doce, bals\u00e2mico e amadeirado e \u00e9 utilizado em cerim\u00f3nias como uma das resinas mais sagradas.\" \/>\n<meta property=\"og:url\" content=\"https:\/\/www.sinchisinchi.com\/pt-pt\/producto\/copal-de-manila\/\" \/>\n<meta property=\"og:site_name\" content=\"SINCHI RAP\u00c9\" \/>\n<meta property=\"article:publisher\" content=\"https:\/\/www.facebook.com\/sinchirape\/\" \/>\n<meta property=\"og:image\" content=\"https:\/\/www.sinchisinchi.com\/wp-content\/uploads\/2024\/04\/copal-manila.png\" \/>\n\t<meta property=\"og:image:width\" content=\"600\" \/>\n\t<meta property=\"og:image:height\" content=\"600\" \/>\n\t<meta property=\"og:image:type\" content=\"image\/png\" \/>\n<meta name=\"twitter:card\" content=\"summary_large_image\" \/>\n<meta name=\"twitter:label1\" content=\"Tempo estimado de leitura\" \/>\n\t<meta name=\"twitter:data1\" content=\"1 minuto\" \/>\n<script type=\"application\/ld+json\" class=\"yoast-schema-graph\">{\"@context\":\"https:\\\/\\\/schema.org\",\"@graph\":[{\"@type\":\"WebPage\",\"@id\":\"https:\\\/\\\/www.sinchisinchi.com\\\/pt-pt\\\/producto\\\/copal-de-manila\\\/\",\"url\":\"https:\\\/\\\/www.sinchisinchi.com\\\/pt-pt\\\/producto\\\/copal-de-manila\\\/\",\"name\":\"Copal Manila da Amaz\u00f3nia: Loja Xam\u00e2nica Online\",\"isPartOf\":{\"@id\":\"https:\\\/\\\/www.sinchisinchi.com\\\/pt-pt\\\/#website\"},\"primaryImageOfPage\":{\"@id\":\"https:\\\/\\\/www.sinchisinchi.com\\\/pt-pt\\\/producto\\\/copal-de-manila\\\/#primaryimage\"},\"image\":{\"@id\":\"https:\\\/\\\/www.sinchisinchi.com\\\/pt-pt\\\/producto\\\/copal-de-manila\\\/#primaryimage\"},\"thumbnailUrl\":\"https:\\\/\\\/www.sinchisinchi.com\\\/wp-content\\\/uploads\\\/2024\\\/04\\\/copal-manila.png\",\"datePublished\":\"2024-04-20T18:45:43+00:00\",\"description\":\"O copal de Manila tem um aroma doce, bals\u00e2mico e amadeirado e \u00e9 utilizado em cerim\u00f3nias como uma das resinas mais sagradas.\",\"breadcrumb\":{\"@id\":\"https:\\\/\\\/www.sinchisinchi.com\\\/pt-pt\\\/producto\\\/copal-de-manila\\\/#breadcrumb\"},\"inLanguage\":\"pt-PT\",\"potentialAction\":[{\"@type\":\"ReadAction\",\"target\":[\"https:\\\/\\\/www.sinchisinchi.com\\\/pt-pt\\\/producto\\\/copal-de-manila\\\/\"]}]},{\"@type\":\"ImageObject\",\"inLanguage\":\"pt-PT\",\"@id\":\"https:\\\/\\\/www.sinchisinchi.com\\\/pt-pt\\\/producto\\\/copal-de-manila\\\/#primaryimage\",\"url\":\"https:\\\/\\\/www.sinchisinchi.com\\\/wp-content\\\/uploads\\\/2024\\\/04\\\/copal-manila.png\",\"contentUrl\":\"https:\\\/\\\/www.sinchisinchi.com\\\/wp-content\\\/uploads\\\/2024\\\/04\\\/copal-manila.png\",\"width\":600,\"height\":600},{\"@type\":\"BreadcrumbList\",\"@id\":\"https:\\\/\\\/www.sinchisinchi.com\\\/pt-pt\\\/producto\\\/copal-de-manila\\\/#breadcrumb\",\"itemListElement\":[{\"@type\":\"ListItem\",\"position\":1,\"name\":\"Prima pagina\",\"item\":\"https:\\\/\\\/www.sinchisinchi.com\\\/pt-pt\\\/\"},{\"@type\":\"ListItem\",\"position\":2,\"name\":\"Produtos\",\"item\":\"https:\\\/\\\/www.sinchisinchi.com\\\/pt-pt\\\/shop\\\/\"},{\"@type\":\"ListItem\",\"position\":3,\"name\":\"Copal de Manila\"}]},{\"@type\":\"WebSite\",\"@id\":\"https:\\\/\\\/www.sinchisinchi.com\\\/pt-pt\\\/#website\",\"url\":\"https:\\\/\\\/www.sinchisinchi.com\\\/pt-pt\\\/\",\"name\":\"SINCHI\",\"description\":\"Sinchi Medicine\",\"publisher\":{\"@id\":\"https:\\\/\\\/www.sinchisinchi.com\\\/pt-pt\\\/#organization\"},\"potentialAction\":[{\"@type\":\"SearchAction\",\"target\":{\"@type\":\"EntryPoint\",\"urlTemplate\":\"https:\\\/\\\/www.sinchisinchi.com\\\/pt-pt\\\/?s={search_term_string}\"},\"query-input\":{\"@type\":\"PropertyValueSpecification\",\"valueRequired\":true,\"valueName\":\"search_term_string\"}}],\"inLanguage\":\"pt-PT\"},{\"@type\":\"Organization\",\"@id\":\"https:\\\/\\\/www.sinchisinchi.com\\\/pt-pt\\\/#organization\",\"name\":\"SINCHI S.L\",\"url\":\"https:\\\/\\\/www.sinchisinchi.com\\\/pt-pt\\\/\",\"logo\":{\"@type\":\"ImageObject\",\"inLanguage\":\"pt-PT\",\"@id\":\"https:\\\/\\\/www.sinchisinchi.com\\\/pt-pt\\\/#\\\/schema\\\/logo\\\/image\\\/\",\"url\":\"https:\\\/\\\/www.sinchisinchi.com\\\/wp-content\\\/uploads\\\/2026\\\/01\\\/3b-Verde-SIMPLIFICADO-HORIZONTAL-F-TRANSPARENTE-scaled.png\",\"contentUrl\":\"https:\\\/\\\/www.sinchisinchi.com\\\/wp-content\\\/uploads\\\/2026\\\/01\\\/3b-Verde-SIMPLIFICADO-HORIZONTAL-F-TRANSPARENTE-scaled.png\",\"width\":2560,\"height\":457,\"caption\":\"SINCHI S.L\"},\"image\":{\"@id\":\"https:\\\/\\\/www.sinchisinchi.com\\\/pt-pt\\\/#\\\/schema\\\/logo\\\/image\\\/\"},\"sameAs\":[\"https:\\\/\\\/www.facebook.com\\\/sinchirape\\\/\",\"https:\\\/\\\/www.instagram.com\\\/sinchi_rape\\\/\"]}]}<\/script>\n<!-- \/ Yoast SEO plugin. -->","yoast_head_json":{"title":"Copal Manila da Amaz\u00f3nia: Loja Xam\u00e2nica Online","description":"O copal de Manila tem um aroma doce, bals\u00e2mico e amadeirado e \u00e9 utilizado em cerim\u00f3nias como uma das resinas mais sagradas.","robots":{"index":"index","follow":"follow","max-snippet":"max-snippet:-1","max-image-preview":"max-image-preview:large","max-video-preview":"max-video-preview:-1"},"canonical":"https:\/\/www.sinchisinchi.com\/pt-pt\/producto\/copal-de-manila\/","og_locale":"pt_PT","og_type":"article","og_title":"Copal Manila da Amaz\u00f3nia: Loja Xam\u00e2nica Online","og_description":"O copal de Manila tem um aroma doce, bals\u00e2mico e amadeirado e \u00e9 utilizado em cerim\u00f3nias como uma das resinas mais sagradas.","og_url":"https:\/\/www.sinchisinchi.com\/pt-pt\/producto\/copal-de-manila\/","og_site_name":"SINCHI RAP\u00c9","article_publisher":"https:\/\/www.facebook.com\/sinchirape\/","og_image":[{"width":600,"height":600,"url":"https:\/\/www.sinchisinchi.com\/wp-content\/uploads\/2024\/04\/copal-manila.png","type":"image\/png"}],"twitter_card":"summary_large_image","twitter_misc":{"Tempo estimado de leitura":"1 minuto"},"schema":{"@context":"https:\/\/schema.org","@graph":[{"@type":"WebPage","@id":"https:\/\/www.sinchisinchi.com\/pt-pt\/producto\/copal-de-manila\/","url":"https:\/\/www.sinchisinchi.com\/pt-pt\/producto\/copal-de-manila\/","name":"Copal Manila da Amaz\u00f3nia: Loja Xam\u00e2nica Online","isPartOf":{"@id":"https:\/\/www.sinchisinchi.com\/pt-pt\/#website"},"primaryImageOfPage":{"@id":"https:\/\/www.sinchisinchi.com\/pt-pt\/producto\/copal-de-manila\/#primaryimage"},"image":{"@id":"https:\/\/www.sinchisinchi.com\/pt-pt\/producto\/copal-de-manila\/#primaryimage"},"thumbnailUrl":"https:\/\/www.sinchisinchi.com\/wp-content\/uploads\/2024\/04\/copal-manila.png","datePublished":"2024-04-20T18:45:43+00:00","description":"O copal de Manila tem um aroma doce, bals\u00e2mico e amadeirado e \u00e9 utilizado em cerim\u00f3nias como uma das resinas mais sagradas.","breadcrumb":{"@id":"https:\/\/www.sinchisinchi.com\/pt-pt\/producto\/copal-de-manila\/#breadcrumb"},"inLanguage":"pt-PT","potentialAction":[{"@type":"ReadAction","target":["https:\/\/www.sinchisinchi.com\/pt-pt\/producto\/copal-de-manila\/"]}]},{"@type":"ImageObject","inLanguage":"pt-PT","@id":"https:\/\/www.sinchisinchi.com\/pt-pt\/producto\/copal-de-manila\/#primaryimage","url":"https:\/\/www.sinchisinchi.com\/wp-content\/uploads\/2024\/04\/copal-manila.png","contentUrl":"https:\/\/www.sinchisinchi.com\/wp-content\/uploads\/2024\/04\/copal-manila.png","width":600,"height":600},{"@type":"BreadcrumbList","@id":"https:\/\/www.sinchisinchi.com\/pt-pt\/producto\/copal-de-manila\/#breadcrumb","itemListElement":[{"@type":"ListItem","position":1,"name":"Prima pagina","item":"https:\/\/www.sinchisinchi.com\/pt-pt\/"},{"@type":"ListItem","position":2,"name":"Produtos","item":"https:\/\/www.sinchisinchi.com\/pt-pt\/shop\/"},{"@type":"ListItem","position":3,"name":"Copal de Manila"}]},{"@type":"WebSite","@id":"https:\/\/www.sinchisinchi.com\/pt-pt\/#website","url":"https:\/\/www.sinchisinchi.com\/pt-pt\/","name":"SINCHI","description":"Sinchi Medicine","publisher":{"@id":"https:\/\/www.sinchisinchi.com\/pt-pt\/#organization"},"potentialAction":[{"@type":"SearchAction","target":{"@type":"EntryPoint","urlTemplate":"https:\/\/www.sinchisinchi.com\/pt-pt\/?s={search_term_string}"},"query-input":{"@type":"PropertyValueSpecification","valueRequired":true,"valueName":"search_term_string"}}],"inLanguage":"pt-PT"},{"@type":"Organization","@id":"https:\/\/www.sinchisinchi.com\/pt-pt\/#organization","name":"SINCHI S.L","url":"https:\/\/www.sinchisinchi.com\/pt-pt\/","logo":{"@type":"ImageObject","inLanguage":"pt-PT","@id":"https:\/\/www.sinchisinchi.com\/pt-pt\/#\/schema\/logo\/image\/","url":"https:\/\/www.sinchisinchi.com\/wp-content\/uploads\/2026\/01\/3b-Verde-SIMPLIFICADO-HORIZONTAL-F-TRANSPARENTE-scaled.png","contentUrl":"https:\/\/www.sinchisinchi.com\/wp-content\/uploads\/2026\/01\/3b-Verde-SIMPLIFICADO-HORIZONTAL-F-TRANSPARENTE-scaled.png","width":2560,"height":457,"caption":"SINCHI S.L"},"image":{"@id":"https:\/\/www.sinchisinchi.com\/pt-pt\/#\/schema\/logo\/image\/"},"sameAs":["https:\/\/www.facebook.com\/sinchirape\/","https:\/\/www.instagram.com\/sinchi_rape\/"]}]}},"_links":{"self":[{"href":"https:\/\/www.sinchisinchi.com\/pt-pt\/wp-json\/wp\/v2\/product\/25713","targetHints":{"allow":["GET"]}}],"collection":[{"href":"https:\/\/www.sinchisinchi.com\/pt-pt\/wp-json\/wp\/v2\/product"}],"about":[{"href":"https:\/\/www.sinchisinchi.com\/pt-pt\/wp-json\/wp\/v2\/types\/product"}],"wp:featuredmedia":[{"embeddable":true,"href":"https:\/\/www.sinchisinchi.com\/pt-pt\/wp-json\/wp\/v2\/media\/25714"}],"wp:attachment":[{"href":"https:\/\/www.sinchisinchi.com\/pt-pt\/wp-json\/wp\/v2\/media?parent=25713"}],"wp:term":[{"taxonomy":"product_brand","embeddable":true,"href":"https:\/\/www.sinchisinchi.com\/pt-pt\/wp-json\/wp\/v2\/product_brand?post=25713"},{"taxonomy":"product_cat","embeddable":true,"href":"https:\/\/www.sinchisinchi.com\/pt-pt\/wp-json\/wp\/v2\/product_cat?post=25713"},{"taxonomy":"product_tag","embeddable":true,"href":"https:\/\/www.sinchisinchi.com\/pt-pt\/wp-json\/wp\/v2\/product_tag?post=25713"}],"curies":[{"name":"wp","href":"https:\/\/api.w.org\/{rel}","templated":true}]}}