{"id":25716,"date":"2024-04-11T12:34:32","date_gmt":"2024-04-11T12:34:32","guid":{"rendered":"https:\/\/www.sinchisinchi.com\/producto\/mapacho-sabia\/"},"modified":"2025-02-13T10:49:34","modified_gmt":"2025-02-13T10:49:34","slug":"mapacho-sabia","status":"publish","type":"product","link":"https:\/\/www.sinchisinchi.com\/pt-pt\/producto\/mapacho-sabia\/","title":{"rendered":"Mapacho Sabia"},"content":{"rendered":"<h2 style=\"text-align: center;\"><strong>Armazenamento do Mapacho Sabi\u00e1<\/strong><\/h2>\n<p>O mapacho pode ser conservado durante muitos meses se for embalado a v\u00e1cuo, sem ser aberto. Depois de aberto, deve ser armazenado em embalagem de papel. Quando o exterior se tornar quebradi\u00e7o com o tempo, pode pulverizar \u00e1gua destilada sobre o mesmo, para que o material absorva a \u00e1gua lentamente e a camada exterior fique nova novamente. Acondicione o Mapacho humedecido num saco pl\u00e1stico por um ou dois dias, no m\u00e1ximo. Depois guarde-o novamente em papel seco.<\/p>\n<p>O mapacho n\u00e3o pode ser armazenado num saco de pl\u00e1stico se n\u00e3o for embalado a v\u00e1cuo, pois pode causar bolor. Guarde-o sobre papel, em local fresco e seco.<\/p>\n","protected":false},"excerpt":{"rendered":"<p>Mapacho Roll Sabi\u00e1 das terras f\u00e9rteis do nordeste brasileiro, com um perfil de sabor suave e requintado. Feito seguindo o m\u00e9todo tradicional.<\/p>\n<p>O mapacho Sabi\u00e1, tamb\u00e9m conhecido por Mapacho de Corda, \u00e9 muito valorizado na produ\u00e7\u00e3o de produtos de medicina natural, principalmente os utilizados pelos curandeiros e pajens, uma vez que esta variedade de mapacho \u00e9 muito poderosa.<\/p>\n<p>Sabi\u00e1 \u00e9 uma esp\u00e9cie de ave brasileira que deu o nome a esta variedade.<\/p>\n<p>De acordo com as tradi\u00e7\u00f5es nativas, esta planta tem grandes poderes curativos tanto para o esp\u00edrito como para o corpo f\u00edsico, raz\u00e3o pela qual \u00e9 frequentemente utilizada em cerim\u00f3nias e rituais de cura.<\/p>\n<p>Tamanho: 100 gr<\/p>\n","protected":false},"featured_media":25717,"template":"","meta":{"_joinchat":[]},"product_brand":[],"product_cat":[630],"product_tag":[],"class_list":{"0":"post-25716","1":"product","2":"type-product","3":"status-publish","4":"has-post-thumbnail","6":"product_cat-mapacho-roll-pt-pt","8":"first","9":"instock","10":"taxable","11":"shipping-taxable","12":"purchasable","13":"product-type-simple"},"yoast_head":"<!-- This site is optimized with the Yoast SEO plugin v27.1.1 - https:\/\/yoast.com\/product\/yoast-seo-wordpress\/ -->\n<title>Comprar Mapacho Sabi\u00e1 do Brasil - Loja Xam\u00e2nica<\/title>\n<meta name=\"description\" content=\"Mapacho Roll Sabi\u00e1 das terras f\u00e9rteis do nordeste brasileiro, com um perfil de sabor suave e requintado. Feito seguindo o m\u00e9todo tradicional.\" \/>\n<meta name=\"robots\" content=\"index, follow, max-snippet:-1, max-image-preview:large, max-video-preview:-1\" \/>\n<link rel=\"canonical\" href=\"https:\/\/www.sinchisinchi.com\/pt-pt\/producto\/mapacho-sabia\/\" \/>\n<meta property=\"og:locale\" content=\"pt_PT\" \/>\n<meta property=\"og:type\" content=\"article\" \/>\n<meta property=\"og:title\" content=\"Comprar Mapacho Sabi\u00e1 do Brasil - Loja Xam\u00e2nica\" \/>\n<meta property=\"og:description\" content=\"Mapacho Roll Sabi\u00e1 das terras f\u00e9rteis do nordeste brasileiro, com um perfil de sabor suave e requintado. Feito seguindo o m\u00e9todo tradicional.\" \/>\n<meta property=\"og:url\" content=\"https:\/\/www.sinchisinchi.com\/pt-pt\/producto\/mapacho-sabia\/\" \/>\n<meta property=\"og:site_name\" content=\"SINCHI RAP\u00c9\" \/>\n<meta property=\"article:publisher\" content=\"https:\/\/www.facebook.com\/sinchirape\/\" \/>\n<meta property=\"article:modified_time\" content=\"2025-02-13T10:49:34+00:00\" \/>\n<meta property=\"og:image\" content=\"https:\/\/www.sinchisinchi.com\/wp-content\/uploads\/2024\/04\/Sabia-Mapacho.jpg\" \/>\n\t<meta property=\"og:image:width\" content=\"900\" \/>\n\t<meta property=\"og:image:height\" content=\"900\" \/>\n\t<meta property=\"og:image:type\" content=\"image\/jpeg\" \/>\n<meta name=\"twitter:card\" content=\"summary_large_image\" \/>\n<meta name=\"twitter:label1\" content=\"Tempo estimado de leitura\" \/>\n\t<meta name=\"twitter:data1\" content=\"1 minuto\" \/>\n<script type=\"application\/ld+json\" class=\"yoast-schema-graph\">{\"@context\":\"https:\/\/schema.org\",\"@graph\":[{\"@type\":\"WebPage\",\"@id\":\"https:\/\/www.sinchisinchi.com\/pt-pt\/producto\/mapacho-sabia\/\",\"url\":\"https:\/\/www.sinchisinchi.com\/pt-pt\/producto\/mapacho-sabia\/\",\"name\":\"Comprar Mapacho Sabi\u00e1 do Brasil - Loja Xam\u00e2nica\",\"isPartOf\":{\"@id\":\"https:\/\/www.sinchisinchi.com\/pt-pt\/#website\"},\"primaryImageOfPage\":{\"@id\":\"https:\/\/www.sinchisinchi.com\/pt-pt\/producto\/mapacho-sabia\/#primaryimage\"},\"image\":{\"@id\":\"https:\/\/www.sinchisinchi.com\/pt-pt\/producto\/mapacho-sabia\/#primaryimage\"},\"thumbnailUrl\":\"https:\/\/www.sinchisinchi.com\/wp-content\/uploads\/2024\/04\/Sabia-Mapacho.jpg\",\"datePublished\":\"2024-04-11T12:34:32+00:00\",\"dateModified\":\"2025-02-13T10:49:34+00:00\",\"description\":\"Mapacho Roll Sabi\u00e1 das terras f\u00e9rteis do nordeste brasileiro, com um perfil de sabor suave e requintado. Feito seguindo o m\u00e9todo tradicional.\",\"breadcrumb\":{\"@id\":\"https:\/\/www.sinchisinchi.com\/pt-pt\/producto\/mapacho-sabia\/#breadcrumb\"},\"inLanguage\":\"pt-PT\",\"potentialAction\":[{\"@type\":\"ReadAction\",\"target\":[\"https:\/\/www.sinchisinchi.com\/pt-pt\/producto\/mapacho-sabia\/\"]}]},{\"@type\":\"ImageObject\",\"inLanguage\":\"pt-PT\",\"@id\":\"https:\/\/www.sinchisinchi.com\/pt-pt\/producto\/mapacho-sabia\/#primaryimage\",\"url\":\"https:\/\/www.sinchisinchi.com\/wp-content\/uploads\/2024\/04\/Sabia-Mapacho.jpg\",\"contentUrl\":\"https:\/\/www.sinchisinchi.com\/wp-content\/uploads\/2024\/04\/Sabia-Mapacho.jpg\",\"width\":900,\"height\":900},{\"@type\":\"BreadcrumbList\",\"@id\":\"https:\/\/www.sinchisinchi.com\/pt-pt\/producto\/mapacho-sabia\/#breadcrumb\",\"itemListElement\":[{\"@type\":\"ListItem\",\"position\":1,\"name\":\"Prima pagina\",\"item\":\"https:\/\/www.sinchisinchi.com\/pt-pt\/\"},{\"@type\":\"ListItem\",\"position\":2,\"name\":\"Produtos\",\"item\":\"https:\/\/www.sinchisinchi.com\/pt-pt\/shop\/\"},{\"@type\":\"ListItem\",\"position\":3,\"name\":\"Mapacho Sabia\"}]},{\"@type\":\"WebSite\",\"@id\":\"https:\/\/www.sinchisinchi.com\/pt-pt\/#website\",\"url\":\"https:\/\/www.sinchisinchi.com\/pt-pt\/\",\"name\":\"SINCHI\",\"description\":\"Sinchi Medicine\",\"publisher\":{\"@id\":\"https:\/\/www.sinchisinchi.com\/pt-pt\/#organization\"},\"potentialAction\":[{\"@type\":\"SearchAction\",\"target\":{\"@type\":\"EntryPoint\",\"urlTemplate\":\"https:\/\/www.sinchisinchi.com\/pt-pt\/?s={search_term_string}\"},\"query-input\":{\"@type\":\"PropertyValueSpecification\",\"valueRequired\":true,\"valueName\":\"search_term_string\"}}],\"inLanguage\":\"pt-PT\"},{\"@type\":\"Organization\",\"@id\":\"https:\/\/www.sinchisinchi.com\/pt-pt\/#organization\",\"name\":\"SINCHI S.L\",\"url\":\"https:\/\/www.sinchisinchi.com\/pt-pt\/\",\"logo\":{\"@type\":\"ImageObject\",\"inLanguage\":\"pt-PT\",\"@id\":\"https:\/\/www.sinchisinchi.com\/pt-pt\/#\/schema\/logo\/image\/\",\"url\":\"https:\/\/www.sinchisinchi.com\/wp-content\/uploads\/2026\/01\/3b-Verde-SIMPLIFICADO-HORIZONTAL-F-TRANSPARENTE-scaled.png\",\"contentUrl\":\"https:\/\/www.sinchisinchi.com\/wp-content\/uploads\/2026\/01\/3b-Verde-SIMPLIFICADO-HORIZONTAL-F-TRANSPARENTE-scaled.png\",\"width\":2560,\"height\":457,\"caption\":\"SINCHI S.L\"},\"image\":{\"@id\":\"https:\/\/www.sinchisinchi.com\/pt-pt\/#\/schema\/logo\/image\/\"},\"sameAs\":[\"https:\/\/www.facebook.com\/sinchirape\/\",\"https:\/\/www.instagram.com\/sinchi_rape\/\"]}]}<\/script>\n<!-- \/ Yoast SEO plugin. -->","yoast_head_json":{"title":"Comprar Mapacho Sabi\u00e1 do Brasil - Loja Xam\u00e2nica","description":"Mapacho Roll Sabi\u00e1 das terras f\u00e9rteis do nordeste brasileiro, com um perfil de sabor suave e requintado. Feito seguindo o m\u00e9todo tradicional.","robots":{"index":"index","follow":"follow","max-snippet":"max-snippet:-1","max-image-preview":"max-image-preview:large","max-video-preview":"max-video-preview:-1"},"canonical":"https:\/\/www.sinchisinchi.com\/pt-pt\/producto\/mapacho-sabia\/","og_locale":"pt_PT","og_type":"article","og_title":"Comprar Mapacho Sabi\u00e1 do Brasil - Loja Xam\u00e2nica","og_description":"Mapacho Roll Sabi\u00e1 das terras f\u00e9rteis do nordeste brasileiro, com um perfil de sabor suave e requintado. Feito seguindo o m\u00e9todo tradicional.","og_url":"https:\/\/www.sinchisinchi.com\/pt-pt\/producto\/mapacho-sabia\/","og_site_name":"SINCHI RAP\u00c9","article_publisher":"https:\/\/www.facebook.com\/sinchirape\/","article_modified_time":"2025-02-13T10:49:34+00:00","og_image":[{"width":900,"height":900,"url":"https:\/\/www.sinchisinchi.com\/wp-content\/uploads\/2024\/04\/Sabia-Mapacho.jpg","type":"image\/jpeg"}],"twitter_card":"summary_large_image","twitter_misc":{"Tempo estimado de leitura":"1 minuto"},"schema":{"@context":"https:\/\/schema.org","@graph":[{"@type":"WebPage","@id":"https:\/\/www.sinchisinchi.com\/pt-pt\/producto\/mapacho-sabia\/","url":"https:\/\/www.sinchisinchi.com\/pt-pt\/producto\/mapacho-sabia\/","name":"Comprar Mapacho Sabi\u00e1 do Brasil - Loja Xam\u00e2nica","isPartOf":{"@id":"https:\/\/www.sinchisinchi.com\/pt-pt\/#website"},"primaryImageOfPage":{"@id":"https:\/\/www.sinchisinchi.com\/pt-pt\/producto\/mapacho-sabia\/#primaryimage"},"image":{"@id":"https:\/\/www.sinchisinchi.com\/pt-pt\/producto\/mapacho-sabia\/#primaryimage"},"thumbnailUrl":"https:\/\/www.sinchisinchi.com\/wp-content\/uploads\/2024\/04\/Sabia-Mapacho.jpg","datePublished":"2024-04-11T12:34:32+00:00","dateModified":"2025-02-13T10:49:34+00:00","description":"Mapacho Roll Sabi\u00e1 das terras f\u00e9rteis do nordeste brasileiro, com um perfil de sabor suave e requintado. Feito seguindo o m\u00e9todo tradicional.","breadcrumb":{"@id":"https:\/\/www.sinchisinchi.com\/pt-pt\/producto\/mapacho-sabia\/#breadcrumb"},"inLanguage":"pt-PT","potentialAction":[{"@type":"ReadAction","target":["https:\/\/www.sinchisinchi.com\/pt-pt\/producto\/mapacho-sabia\/"]}]},{"@type":"ImageObject","inLanguage":"pt-PT","@id":"https:\/\/www.sinchisinchi.com\/pt-pt\/producto\/mapacho-sabia\/#primaryimage","url":"https:\/\/www.sinchisinchi.com\/wp-content\/uploads\/2024\/04\/Sabia-Mapacho.jpg","contentUrl":"https:\/\/www.sinchisinchi.com\/wp-content\/uploads\/2024\/04\/Sabia-Mapacho.jpg","width":900,"height":900},{"@type":"BreadcrumbList","@id":"https:\/\/www.sinchisinchi.com\/pt-pt\/producto\/mapacho-sabia\/#breadcrumb","itemListElement":[{"@type":"ListItem","position":1,"name":"Prima pagina","item":"https:\/\/www.sinchisinchi.com\/pt-pt\/"},{"@type":"ListItem","position":2,"name":"Produtos","item":"https:\/\/www.sinchisinchi.com\/pt-pt\/shop\/"},{"@type":"ListItem","position":3,"name":"Mapacho Sabia"}]},{"@type":"WebSite","@id":"https:\/\/www.sinchisinchi.com\/pt-pt\/#website","url":"https:\/\/www.sinchisinchi.com\/pt-pt\/","name":"SINCHI","description":"Sinchi Medicine","publisher":{"@id":"https:\/\/www.sinchisinchi.com\/pt-pt\/#organization"},"potentialAction":[{"@type":"SearchAction","target":{"@type":"EntryPoint","urlTemplate":"https:\/\/www.sinchisinchi.com\/pt-pt\/?s={search_term_string}"},"query-input":{"@type":"PropertyValueSpecification","valueRequired":true,"valueName":"search_term_string"}}],"inLanguage":"pt-PT"},{"@type":"Organization","@id":"https:\/\/www.sinchisinchi.com\/pt-pt\/#organization","name":"SINCHI S.L","url":"https:\/\/www.sinchisinchi.com\/pt-pt\/","logo":{"@type":"ImageObject","inLanguage":"pt-PT","@id":"https:\/\/www.sinchisinchi.com\/pt-pt\/#\/schema\/logo\/image\/","url":"https:\/\/www.sinchisinchi.com\/wp-content\/uploads\/2026\/01\/3b-Verde-SIMPLIFICADO-HORIZONTAL-F-TRANSPARENTE-scaled.png","contentUrl":"https:\/\/www.sinchisinchi.com\/wp-content\/uploads\/2026\/01\/3b-Verde-SIMPLIFICADO-HORIZONTAL-F-TRANSPARENTE-scaled.png","width":2560,"height":457,"caption":"SINCHI S.L"},"image":{"@id":"https:\/\/www.sinchisinchi.com\/pt-pt\/#\/schema\/logo\/image\/"},"sameAs":["https:\/\/www.facebook.com\/sinchirape\/","https:\/\/www.instagram.com\/sinchi_rape\/"]}]}},"_links":{"self":[{"href":"https:\/\/www.sinchisinchi.com\/pt-pt\/wp-json\/wp\/v2\/product\/25716","targetHints":{"allow":["GET"]}}],"collection":[{"href":"https:\/\/www.sinchisinchi.com\/pt-pt\/wp-json\/wp\/v2\/product"}],"about":[{"href":"https:\/\/www.sinchisinchi.com\/pt-pt\/wp-json\/wp\/v2\/types\/product"}],"wp:featuredmedia":[{"embeddable":true,"href":"https:\/\/www.sinchisinchi.com\/pt-pt\/wp-json\/wp\/v2\/media\/25717"}],"wp:attachment":[{"href":"https:\/\/www.sinchisinchi.com\/pt-pt\/wp-json\/wp\/v2\/media?parent=25716"}],"wp:term":[{"taxonomy":"product_brand","embeddable":true,"href":"https:\/\/www.sinchisinchi.com\/pt-pt\/wp-json\/wp\/v2\/product_brand?post=25716"},{"taxonomy":"product_cat","embeddable":true,"href":"https:\/\/www.sinchisinchi.com\/pt-pt\/wp-json\/wp\/v2\/product_cat?post=25716"},{"taxonomy":"product_tag","embeddable":true,"href":"https:\/\/www.sinchisinchi.com\/pt-pt\/wp-json\/wp\/v2\/product_tag?post=25716"}],"curies":[{"name":"wp","href":"https:\/\/api.w.org\/{rel}","templated":true}]}}