{"id":25737,"date":"2023-12-15T20:06:43","date_gmt":"2023-12-15T20:06:43","guid":{"rendered":"https:\/\/www.sinchisinchi.com\/producto\/sabio-turco\/"},"modified":"2023-12-15T20:06:43","modified_gmt":"2023-12-15T20:06:43","slug":"sabio-turco","status":"publish","type":"product","link":"https:\/\/www.sinchisinchi.com\/pt-pt\/producto\/sabio-turco\/","title":{"rendered":"S\u00e1bio turco"},"content":{"rendered":"<h3 style=\"text-align: center;\">S\u00e1bio turco<\/h3>\n","protected":false},"excerpt":{"rendered":"<p>Um molho de folhas de Salvia officinalis, cuidadosamente cultivadas nas terras da Turquia, prontas a usar em incenso. A Salvia officinalis, vulgarmente conhecida como s\u00e1lvia comum ou s\u00e1lvia de jardim, \u00e9 cultivada sob condi\u00e7\u00f5es espec\u00edficas em terrenos turcos, o que contribui para o seu perfil arom\u00e1tico e propriedades particulares. Apreciada pelas suas folhas verde-acinzentadas e pelo seu aroma herbal caracter\u00edstico, esta variedade de s\u00e1lvia foi cuidadosamente selecionada e agrupada.<\/p>\n<p>A s\u00e1lvia \u00e9 considerada uma erva sagrada desde tempos imemoriais e \u00e9 creditada com fortes propriedades de limpeza energ\u00e9tica, conex\u00e3o e prote\u00e7\u00e3o.<\/p>\n","protected":false},"featured_media":25738,"template":"","meta":{"_joinchat":[]},"product_brand":[],"product_cat":[665],"product_tag":[],"class_list":{"0":"post-25737","1":"product","2":"type-product","3":"status-publish","4":"has-post-thumbnail","6":"product_cat-sabio","8":"first","9":"instock","10":"taxable","11":"shipping-taxable","12":"purchasable","13":"product-type-simple"},"yoast_head":"<!-- This site is optimized with the Yoast SEO plugin v27.1.1 - https:\/\/yoast.com\/product\/yoast-seo-wordpress\/ -->\n<title>Pacote de incenso de s\u00e1lvia: Loja online de Xam\u00e2nica<\/title>\n<meta name=\"description\" content=\"Um molho de folhas de Salvia officinalis, cuidadosamente cultivadas nas terras da Turquia, prontas a usar em incenso.\" \/>\n<meta name=\"robots\" content=\"index, follow, max-snippet:-1, max-image-preview:large, max-video-preview:-1\" \/>\n<link rel=\"canonical\" href=\"https:\/\/www.sinchisinchi.com\/pt-pt\/producto\/sabio-turco\/\" \/>\n<meta property=\"og:locale\" content=\"pt_PT\" \/>\n<meta property=\"og:type\" content=\"article\" \/>\n<meta property=\"og:title\" content=\"Pacote de incenso de s\u00e1lvia: Loja online de Xam\u00e2nica\" \/>\n<meta property=\"og:description\" content=\"Um molho de folhas de Salvia officinalis, cuidadosamente cultivadas nas terras da Turquia, prontas a usar em incenso.\" \/>\n<meta property=\"og:url\" content=\"https:\/\/www.sinchisinchi.com\/pt-pt\/producto\/sabio-turco\/\" \/>\n<meta property=\"og:site_name\" content=\"SINCHI RAP\u00c9\" \/>\n<meta property=\"article:publisher\" content=\"https:\/\/www.facebook.com\/sinchirape\/\" \/>\n<meta property=\"og:image\" content=\"https:\/\/www.sinchisinchi.com\/wp-content\/uploads\/2023\/12\/8-Salvia-Turquia.jpeg\" \/>\n\t<meta property=\"og:image:width\" content=\"1000\" \/>\n\t<meta property=\"og:image:height\" content=\"1000\" \/>\n\t<meta property=\"og:image:type\" content=\"image\/jpeg\" \/>\n<meta name=\"twitter:card\" content=\"summary_large_image\" \/>\n<script type=\"application\/ld+json\" class=\"yoast-schema-graph\">{\"@context\":\"https:\/\/schema.org\",\"@graph\":[{\"@type\":\"WebPage\",\"@id\":\"https:\/\/www.sinchisinchi.com\/pt-pt\/producto\/sabio-turco\/\",\"url\":\"https:\/\/www.sinchisinchi.com\/pt-pt\/producto\/sabio-turco\/\",\"name\":\"Pacote de incenso de s\u00e1lvia: Loja online de Xam\u00e2nica\",\"isPartOf\":{\"@id\":\"https:\/\/www.sinchisinchi.com\/pt-pt\/#website\"},\"primaryImageOfPage\":{\"@id\":\"https:\/\/www.sinchisinchi.com\/pt-pt\/producto\/sabio-turco\/#primaryimage\"},\"image\":{\"@id\":\"https:\/\/www.sinchisinchi.com\/pt-pt\/producto\/sabio-turco\/#primaryimage\"},\"thumbnailUrl\":\"https:\/\/www.sinchisinchi.com\/wp-content\/uploads\/2023\/12\/8-Salvia-Turquia.jpeg\",\"datePublished\":\"2023-12-15T20:06:43+00:00\",\"description\":\"Um molho de folhas de Salvia officinalis, cuidadosamente cultivadas nas terras da Turquia, prontas a usar em incenso.\",\"breadcrumb\":{\"@id\":\"https:\/\/www.sinchisinchi.com\/pt-pt\/producto\/sabio-turco\/#breadcrumb\"},\"inLanguage\":\"pt-PT\",\"potentialAction\":[{\"@type\":\"ReadAction\",\"target\":[\"https:\/\/www.sinchisinchi.com\/pt-pt\/producto\/sabio-turco\/\"]}]},{\"@type\":\"ImageObject\",\"inLanguage\":\"pt-PT\",\"@id\":\"https:\/\/www.sinchisinchi.com\/pt-pt\/producto\/sabio-turco\/#primaryimage\",\"url\":\"https:\/\/www.sinchisinchi.com\/wp-content\/uploads\/2023\/12\/8-Salvia-Turquia.jpeg\",\"contentUrl\":\"https:\/\/www.sinchisinchi.com\/wp-content\/uploads\/2023\/12\/8-Salvia-Turquia.jpeg\",\"width\":1000,\"height\":1000},{\"@type\":\"BreadcrumbList\",\"@id\":\"https:\/\/www.sinchisinchi.com\/pt-pt\/producto\/sabio-turco\/#breadcrumb\",\"itemListElement\":[{\"@type\":\"ListItem\",\"position\":1,\"name\":\"Prima pagina\",\"item\":\"https:\/\/www.sinchisinchi.com\/pt-pt\/\"},{\"@type\":\"ListItem\",\"position\":2,\"name\":\"Produtos\",\"item\":\"https:\/\/www.sinchisinchi.com\/pt-pt\/shop\/\"},{\"@type\":\"ListItem\",\"position\":3,\"name\":\"S\u00e1bio turco\"}]},{\"@type\":\"WebSite\",\"@id\":\"https:\/\/www.sinchisinchi.com\/pt-pt\/#website\",\"url\":\"https:\/\/www.sinchisinchi.com\/pt-pt\/\",\"name\":\"SINCHI\",\"description\":\"Sinchi Medicine\",\"publisher\":{\"@id\":\"https:\/\/www.sinchisinchi.com\/pt-pt\/#organization\"},\"potentialAction\":[{\"@type\":\"SearchAction\",\"target\":{\"@type\":\"EntryPoint\",\"urlTemplate\":\"https:\/\/www.sinchisinchi.com\/pt-pt\/?s={search_term_string}\"},\"query-input\":{\"@type\":\"PropertyValueSpecification\",\"valueRequired\":true,\"valueName\":\"search_term_string\"}}],\"inLanguage\":\"pt-PT\"},{\"@type\":\"Organization\",\"@id\":\"https:\/\/www.sinchisinchi.com\/pt-pt\/#organization\",\"name\":\"SINCHI S.L\",\"url\":\"https:\/\/www.sinchisinchi.com\/pt-pt\/\",\"logo\":{\"@type\":\"ImageObject\",\"inLanguage\":\"pt-PT\",\"@id\":\"https:\/\/www.sinchisinchi.com\/pt-pt\/#\/schema\/logo\/image\/\",\"url\":\"https:\/\/www.sinchisinchi.com\/wp-content\/uploads\/2026\/01\/3b-Verde-SIMPLIFICADO-HORIZONTAL-F-TRANSPARENTE-scaled.png\",\"contentUrl\":\"https:\/\/www.sinchisinchi.com\/wp-content\/uploads\/2026\/01\/3b-Verde-SIMPLIFICADO-HORIZONTAL-F-TRANSPARENTE-scaled.png\",\"width\":2560,\"height\":457,\"caption\":\"SINCHI S.L\"},\"image\":{\"@id\":\"https:\/\/www.sinchisinchi.com\/pt-pt\/#\/schema\/logo\/image\/\"},\"sameAs\":[\"https:\/\/www.facebook.com\/sinchirape\/\",\"https:\/\/www.instagram.com\/sinchi_rape\/\"]}]}<\/script>\n<!-- \/ Yoast SEO plugin. -->","yoast_head_json":{"title":"Pacote de incenso de s\u00e1lvia: Loja online de Xam\u00e2nica","description":"Um molho de folhas de Salvia officinalis, cuidadosamente cultivadas nas terras da Turquia, prontas a usar em incenso.","robots":{"index":"index","follow":"follow","max-snippet":"max-snippet:-1","max-image-preview":"max-image-preview:large","max-video-preview":"max-video-preview:-1"},"canonical":"https:\/\/www.sinchisinchi.com\/pt-pt\/producto\/sabio-turco\/","og_locale":"pt_PT","og_type":"article","og_title":"Pacote de incenso de s\u00e1lvia: Loja online de Xam\u00e2nica","og_description":"Um molho de folhas de Salvia officinalis, cuidadosamente cultivadas nas terras da Turquia, prontas a usar em incenso.","og_url":"https:\/\/www.sinchisinchi.com\/pt-pt\/producto\/sabio-turco\/","og_site_name":"SINCHI RAP\u00c9","article_publisher":"https:\/\/www.facebook.com\/sinchirape\/","og_image":[{"width":1000,"height":1000,"url":"https:\/\/www.sinchisinchi.com\/wp-content\/uploads\/2023\/12\/8-Salvia-Turquia.jpeg","type":"image\/jpeg"}],"twitter_card":"summary_large_image","schema":{"@context":"https:\/\/schema.org","@graph":[{"@type":"WebPage","@id":"https:\/\/www.sinchisinchi.com\/pt-pt\/producto\/sabio-turco\/","url":"https:\/\/www.sinchisinchi.com\/pt-pt\/producto\/sabio-turco\/","name":"Pacote de incenso de s\u00e1lvia: Loja online de Xam\u00e2nica","isPartOf":{"@id":"https:\/\/www.sinchisinchi.com\/pt-pt\/#website"},"primaryImageOfPage":{"@id":"https:\/\/www.sinchisinchi.com\/pt-pt\/producto\/sabio-turco\/#primaryimage"},"image":{"@id":"https:\/\/www.sinchisinchi.com\/pt-pt\/producto\/sabio-turco\/#primaryimage"},"thumbnailUrl":"https:\/\/www.sinchisinchi.com\/wp-content\/uploads\/2023\/12\/8-Salvia-Turquia.jpeg","datePublished":"2023-12-15T20:06:43+00:00","description":"Um molho de folhas de Salvia officinalis, cuidadosamente cultivadas nas terras da Turquia, prontas a usar em incenso.","breadcrumb":{"@id":"https:\/\/www.sinchisinchi.com\/pt-pt\/producto\/sabio-turco\/#breadcrumb"},"inLanguage":"pt-PT","potentialAction":[{"@type":"ReadAction","target":["https:\/\/www.sinchisinchi.com\/pt-pt\/producto\/sabio-turco\/"]}]},{"@type":"ImageObject","inLanguage":"pt-PT","@id":"https:\/\/www.sinchisinchi.com\/pt-pt\/producto\/sabio-turco\/#primaryimage","url":"https:\/\/www.sinchisinchi.com\/wp-content\/uploads\/2023\/12\/8-Salvia-Turquia.jpeg","contentUrl":"https:\/\/www.sinchisinchi.com\/wp-content\/uploads\/2023\/12\/8-Salvia-Turquia.jpeg","width":1000,"height":1000},{"@type":"BreadcrumbList","@id":"https:\/\/www.sinchisinchi.com\/pt-pt\/producto\/sabio-turco\/#breadcrumb","itemListElement":[{"@type":"ListItem","position":1,"name":"Prima pagina","item":"https:\/\/www.sinchisinchi.com\/pt-pt\/"},{"@type":"ListItem","position":2,"name":"Produtos","item":"https:\/\/www.sinchisinchi.com\/pt-pt\/shop\/"},{"@type":"ListItem","position":3,"name":"S\u00e1bio turco"}]},{"@type":"WebSite","@id":"https:\/\/www.sinchisinchi.com\/pt-pt\/#website","url":"https:\/\/www.sinchisinchi.com\/pt-pt\/","name":"SINCHI","description":"Sinchi Medicine","publisher":{"@id":"https:\/\/www.sinchisinchi.com\/pt-pt\/#organization"},"potentialAction":[{"@type":"SearchAction","target":{"@type":"EntryPoint","urlTemplate":"https:\/\/www.sinchisinchi.com\/pt-pt\/?s={search_term_string}"},"query-input":{"@type":"PropertyValueSpecification","valueRequired":true,"valueName":"search_term_string"}}],"inLanguage":"pt-PT"},{"@type":"Organization","@id":"https:\/\/www.sinchisinchi.com\/pt-pt\/#organization","name":"SINCHI S.L","url":"https:\/\/www.sinchisinchi.com\/pt-pt\/","logo":{"@type":"ImageObject","inLanguage":"pt-PT","@id":"https:\/\/www.sinchisinchi.com\/pt-pt\/#\/schema\/logo\/image\/","url":"https:\/\/www.sinchisinchi.com\/wp-content\/uploads\/2026\/01\/3b-Verde-SIMPLIFICADO-HORIZONTAL-F-TRANSPARENTE-scaled.png","contentUrl":"https:\/\/www.sinchisinchi.com\/wp-content\/uploads\/2026\/01\/3b-Verde-SIMPLIFICADO-HORIZONTAL-F-TRANSPARENTE-scaled.png","width":2560,"height":457,"caption":"SINCHI S.L"},"image":{"@id":"https:\/\/www.sinchisinchi.com\/pt-pt\/#\/schema\/logo\/image\/"},"sameAs":["https:\/\/www.facebook.com\/sinchirape\/","https:\/\/www.instagram.com\/sinchi_rape\/"]}]}},"_links":{"self":[{"href":"https:\/\/www.sinchisinchi.com\/pt-pt\/wp-json\/wp\/v2\/product\/25737","targetHints":{"allow":["GET"]}}],"collection":[{"href":"https:\/\/www.sinchisinchi.com\/pt-pt\/wp-json\/wp\/v2\/product"}],"about":[{"href":"https:\/\/www.sinchisinchi.com\/pt-pt\/wp-json\/wp\/v2\/types\/product"}],"wp:featuredmedia":[{"embeddable":true,"href":"https:\/\/www.sinchisinchi.com\/pt-pt\/wp-json\/wp\/v2\/media\/25738"}],"wp:attachment":[{"href":"https:\/\/www.sinchisinchi.com\/pt-pt\/wp-json\/wp\/v2\/media?parent=25737"}],"wp:term":[{"taxonomy":"product_brand","embeddable":true,"href":"https:\/\/www.sinchisinchi.com\/pt-pt\/wp-json\/wp\/v2\/product_brand?post=25737"},{"taxonomy":"product_cat","embeddable":true,"href":"https:\/\/www.sinchisinchi.com\/pt-pt\/wp-json\/wp\/v2\/product_cat?post=25737"},{"taxonomy":"product_tag","embeddable":true,"href":"https:\/\/www.sinchisinchi.com\/pt-pt\/wp-json\/wp\/v2\/product_tag?post=25737"}],"curies":[{"name":"wp","href":"https:\/\/api.w.org\/{rel}","templated":true}]}}