{"id":25821,"date":"2021-05-23T10:53:42","date_gmt":"2021-05-23T10:53:42","guid":{"rendered":"https:\/\/www.sinchisinchi.com\/producto\/hipericao\/"},"modified":"2025-02-17T12:36:04","modified_gmt":"2025-02-17T12:36:04","slug":"hipericao","status":"publish","type":"product","link":"https:\/\/www.sinchisinchi.com\/pt-pt\/producto\/hipericao\/","title":{"rendered":"Hiperic\u00e3o"},"content":{"rendered":"","protected":false},"excerpt":{"rendered":"<p>A erva-de-s\u00e3o-jo\u00e3o <em>(Hypericum perforatum)<\/em> \u00e9 uma planta origin\u00e1ria das zonas temperadas da Europa, com 30 a 60 cm de altura e flores amarelas brilhantes, reconhecida desde tempos remotos pelas suas qualidades m\u00e1gicas e propriedades curativas.<\/p>\n<p>Existem v\u00e1rias hip\u00f3teses sobre a origem do seu nome; De acordo com a nossa interpreta\u00e7\u00e3o preferida, \u201chypericum\u201d vem do grego, \u03cd\u03c0\u03b5\u03c1 \/ \u00edper- (acima) e \u03b5\u03b9\u03ba\u03cc\u03bd\u03b1 \/ ik\u00f3na (imagem): \u201cAcima de todas as imagens, ou de tudo o que \u00e9 imagin\u00e1vel\u201d.<\/p>\n<p>\u00c9 muito valorizado pelas suas valiosas propriedades medicinais; \u00c9 um poderoso antidepressivo, combate feridas internas e externas, promove a repara\u00e7\u00e3o dos tecidos e ativa a circula\u00e7\u00e3o sangu\u00ednea, entre outros.<\/p>\n<p>Tamanho: frascos de 60ml<\/p>\n","protected":false},"featured_media":25822,"template":"","meta":{"_joinchat":[]},"product_brand":[],"product_cat":[659],"product_tag":[],"class_list":{"0":"post-25821","1":"product","2":"type-product","3":"status-publish","4":"has-post-thumbnail","6":"product_cat-liquido-pt-pt","8":"first","9":"instock","10":"taxable","11":"shipping-taxable","12":"purchasable","13":"product-type-simple"},"yoast_head":"<!-- This site is optimized with the Yoast SEO plugin v27.4 - https:\/\/yoast.com\/product\/yoast-seo-wordpress\/ -->\n<title>\u00d3leo de Hiperic\u00e3o : Loja Xam\u00e2nica Online<\/title>\n<meta name=\"description\" content=\"\u00d3leo de Hiperic\u00e3o: \u201cHiperic\u00e3o\u201d vem do grego, \u03cd\u03c0\u03b5\u03c1 \/ \u00edper- (acima) e \u03b5\u03b9\u03ba\u03cc\u03bd\u03b1 \/ ik\u00f3na (imagem): \u201cAcima de todas as imagens, ou tudo o que \u00e9 imagin\u00e1vel\u201d\" \/>\n<meta name=\"robots\" content=\"index, follow, max-snippet:-1, max-image-preview:large, max-video-preview:-1\" \/>\n<link rel=\"canonical\" href=\"https:\/\/www.sinchisinchi.com\/pt-pt\/producto\/hipericao\/\" \/>\n<meta property=\"og:locale\" content=\"pt_PT\" \/>\n<meta property=\"og:type\" content=\"article\" \/>\n<meta property=\"og:title\" content=\"\u00d3leo de Hiperic\u00e3o : Loja Xam\u00e2nica Online\" \/>\n<meta property=\"og:description\" content=\"\u00d3leo de Hiperic\u00e3o: \u201cHiperic\u00e3o\u201d vem do grego, \u03cd\u03c0\u03b5\u03c1 \/ \u00edper- (acima) e \u03b5\u03b9\u03ba\u03cc\u03bd\u03b1 \/ ik\u00f3na (imagem): \u201cAcima de todas as imagens, ou tudo o que \u00e9 imagin\u00e1vel\u201d\" \/>\n<meta property=\"og:url\" content=\"https:\/\/www.sinchisinchi.com\/pt-pt\/producto\/hipericao\/\" \/>\n<meta property=\"og:site_name\" content=\"SINCHI RAP\u00c9\" \/>\n<meta property=\"article:publisher\" content=\"https:\/\/www.facebook.com\/sinchirape\/\" \/>\n<meta property=\"article:modified_time\" content=\"2025-02-17T12:36:04+00:00\" \/>\n<meta property=\"og:image\" content=\"https:\/\/www.sinchisinchi.com\/wp-content\/uploads\/2021\/05\/3IR0001.jpg\" \/>\n\t<meta property=\"og:image:width\" content=\"700\" \/>\n\t<meta property=\"og:image:height\" content=\"700\" \/>\n\t<meta property=\"og:image:type\" content=\"image\/jpeg\" \/>\n<meta name=\"twitter:card\" content=\"summary_large_image\" \/>\n<script type=\"application\/ld+json\" class=\"yoast-schema-graph\">{\"@context\":\"https:\\\/\\\/schema.org\",\"@graph\":[{\"@type\":\"WebPage\",\"@id\":\"https:\\\/\\\/www.sinchisinchi.com\\\/pt-pt\\\/producto\\\/hipericao\\\/\",\"url\":\"https:\\\/\\\/www.sinchisinchi.com\\\/pt-pt\\\/producto\\\/hipericao\\\/\",\"name\":\"\u00d3leo de Hiperic\u00e3o : Loja Xam\u00e2nica Online\",\"isPartOf\":{\"@id\":\"https:\\\/\\\/www.sinchisinchi.com\\\/pt-pt\\\/#website\"},\"primaryImageOfPage\":{\"@id\":\"https:\\\/\\\/www.sinchisinchi.com\\\/pt-pt\\\/producto\\\/hipericao\\\/#primaryimage\"},\"image\":{\"@id\":\"https:\\\/\\\/www.sinchisinchi.com\\\/pt-pt\\\/producto\\\/hipericao\\\/#primaryimage\"},\"thumbnailUrl\":\"https:\\\/\\\/www.sinchisinchi.com\\\/wp-content\\\/uploads\\\/2021\\\/05\\\/3IR0001.jpg\",\"datePublished\":\"2021-05-23T10:53:42+00:00\",\"dateModified\":\"2025-02-17T12:36:04+00:00\",\"description\":\"\u00d3leo de Hiperic\u00e3o: \u201cHiperic\u00e3o\u201d vem do grego, \u03cd\u03c0\u03b5\u03c1 \\\/ \u00edper- (acima) e \u03b5\u03b9\u03ba\u03cc\u03bd\u03b1 \\\/ ik\u00f3na (imagem): \u201cAcima de todas as imagens, ou tudo o que \u00e9 imagin\u00e1vel\u201d\",\"breadcrumb\":{\"@id\":\"https:\\\/\\\/www.sinchisinchi.com\\\/pt-pt\\\/producto\\\/hipericao\\\/#breadcrumb\"},\"inLanguage\":\"pt-PT\",\"potentialAction\":[{\"@type\":\"ReadAction\",\"target\":[\"https:\\\/\\\/www.sinchisinchi.com\\\/pt-pt\\\/producto\\\/hipericao\\\/\"]}]},{\"@type\":\"ImageObject\",\"inLanguage\":\"pt-PT\",\"@id\":\"https:\\\/\\\/www.sinchisinchi.com\\\/pt-pt\\\/producto\\\/hipericao\\\/#primaryimage\",\"url\":\"https:\\\/\\\/www.sinchisinchi.com\\\/wp-content\\\/uploads\\\/2021\\\/05\\\/3IR0001.jpg\",\"contentUrl\":\"https:\\\/\\\/www.sinchisinchi.com\\\/wp-content\\\/uploads\\\/2021\\\/05\\\/3IR0001.jpg\",\"width\":700,\"height\":700},{\"@type\":\"BreadcrumbList\",\"@id\":\"https:\\\/\\\/www.sinchisinchi.com\\\/pt-pt\\\/producto\\\/hipericao\\\/#breadcrumb\",\"itemListElement\":[{\"@type\":\"ListItem\",\"position\":1,\"name\":\"Prima pagina\",\"item\":\"https:\\\/\\\/www.sinchisinchi.com\\\/pt-pt\\\/\"},{\"@type\":\"ListItem\",\"position\":2,\"name\":\"Produtos\",\"item\":\"https:\\\/\\\/www.sinchisinchi.com\\\/pt-pt\\\/shop\\\/\"},{\"@type\":\"ListItem\",\"position\":3,\"name\":\"Hiperic\u00e3o\"}]},{\"@type\":\"WebSite\",\"@id\":\"https:\\\/\\\/www.sinchisinchi.com\\\/pt-pt\\\/#website\",\"url\":\"https:\\\/\\\/www.sinchisinchi.com\\\/pt-pt\\\/\",\"name\":\"SINCHI\",\"description\":\"Sinchi Medicine\",\"publisher\":{\"@id\":\"https:\\\/\\\/www.sinchisinchi.com\\\/pt-pt\\\/#organization\"},\"potentialAction\":[{\"@type\":\"SearchAction\",\"target\":{\"@type\":\"EntryPoint\",\"urlTemplate\":\"https:\\\/\\\/www.sinchisinchi.com\\\/pt-pt\\\/?s={search_term_string}\"},\"query-input\":{\"@type\":\"PropertyValueSpecification\",\"valueRequired\":true,\"valueName\":\"search_term_string\"}}],\"inLanguage\":\"pt-PT\"},{\"@type\":\"Organization\",\"@id\":\"https:\\\/\\\/www.sinchisinchi.com\\\/pt-pt\\\/#organization\",\"name\":\"SINCHI S.L\",\"url\":\"https:\\\/\\\/www.sinchisinchi.com\\\/pt-pt\\\/\",\"logo\":{\"@type\":\"ImageObject\",\"inLanguage\":\"pt-PT\",\"@id\":\"https:\\\/\\\/www.sinchisinchi.com\\\/pt-pt\\\/#\\\/schema\\\/logo\\\/image\\\/\",\"url\":\"https:\\\/\\\/www.sinchisinchi.com\\\/wp-content\\\/uploads\\\/2026\\\/01\\\/3b-Verde-SIMPLIFICADO-HORIZONTAL-F-TRANSPARENTE-scaled.png\",\"contentUrl\":\"https:\\\/\\\/www.sinchisinchi.com\\\/wp-content\\\/uploads\\\/2026\\\/01\\\/3b-Verde-SIMPLIFICADO-HORIZONTAL-F-TRANSPARENTE-scaled.png\",\"width\":2560,\"height\":457,\"caption\":\"SINCHI S.L\"},\"image\":{\"@id\":\"https:\\\/\\\/www.sinchisinchi.com\\\/pt-pt\\\/#\\\/schema\\\/logo\\\/image\\\/\"},\"sameAs\":[\"https:\\\/\\\/www.facebook.com\\\/sinchirape\\\/\",\"https:\\\/\\\/www.instagram.com\\\/sinchi_rape\\\/\"]}]}<\/script>\n<!-- \/ Yoast SEO plugin. -->","yoast_head_json":{"title":"\u00d3leo de Hiperic\u00e3o : Loja Xam\u00e2nica Online","description":"\u00d3leo de Hiperic\u00e3o: \u201cHiperic\u00e3o\u201d vem do grego, \u03cd\u03c0\u03b5\u03c1 \/ \u00edper- (acima) e \u03b5\u03b9\u03ba\u03cc\u03bd\u03b1 \/ ik\u00f3na (imagem): \u201cAcima de todas as imagens, ou tudo o que \u00e9 imagin\u00e1vel\u201d","robots":{"index":"index","follow":"follow","max-snippet":"max-snippet:-1","max-image-preview":"max-image-preview:large","max-video-preview":"max-video-preview:-1"},"canonical":"https:\/\/www.sinchisinchi.com\/pt-pt\/producto\/hipericao\/","og_locale":"pt_PT","og_type":"article","og_title":"\u00d3leo de Hiperic\u00e3o : Loja Xam\u00e2nica Online","og_description":"\u00d3leo de Hiperic\u00e3o: \u201cHiperic\u00e3o\u201d vem do grego, \u03cd\u03c0\u03b5\u03c1 \/ \u00edper- (acima) e \u03b5\u03b9\u03ba\u03cc\u03bd\u03b1 \/ ik\u00f3na (imagem): \u201cAcima de todas as imagens, ou tudo o que \u00e9 imagin\u00e1vel\u201d","og_url":"https:\/\/www.sinchisinchi.com\/pt-pt\/producto\/hipericao\/","og_site_name":"SINCHI RAP\u00c9","article_publisher":"https:\/\/www.facebook.com\/sinchirape\/","article_modified_time":"2025-02-17T12:36:04+00:00","og_image":[{"width":700,"height":700,"url":"https:\/\/www.sinchisinchi.com\/wp-content\/uploads\/2021\/05\/3IR0001.jpg","type":"image\/jpeg"}],"twitter_card":"summary_large_image","schema":{"@context":"https:\/\/schema.org","@graph":[{"@type":"WebPage","@id":"https:\/\/www.sinchisinchi.com\/pt-pt\/producto\/hipericao\/","url":"https:\/\/www.sinchisinchi.com\/pt-pt\/producto\/hipericao\/","name":"\u00d3leo de Hiperic\u00e3o : Loja Xam\u00e2nica Online","isPartOf":{"@id":"https:\/\/www.sinchisinchi.com\/pt-pt\/#website"},"primaryImageOfPage":{"@id":"https:\/\/www.sinchisinchi.com\/pt-pt\/producto\/hipericao\/#primaryimage"},"image":{"@id":"https:\/\/www.sinchisinchi.com\/pt-pt\/producto\/hipericao\/#primaryimage"},"thumbnailUrl":"https:\/\/www.sinchisinchi.com\/wp-content\/uploads\/2021\/05\/3IR0001.jpg","datePublished":"2021-05-23T10:53:42+00:00","dateModified":"2025-02-17T12:36:04+00:00","description":"\u00d3leo de Hiperic\u00e3o: \u201cHiperic\u00e3o\u201d vem do grego, \u03cd\u03c0\u03b5\u03c1 \/ \u00edper- (acima) e \u03b5\u03b9\u03ba\u03cc\u03bd\u03b1 \/ ik\u00f3na (imagem): \u201cAcima de todas as imagens, ou tudo o que \u00e9 imagin\u00e1vel\u201d","breadcrumb":{"@id":"https:\/\/www.sinchisinchi.com\/pt-pt\/producto\/hipericao\/#breadcrumb"},"inLanguage":"pt-PT","potentialAction":[{"@type":"ReadAction","target":["https:\/\/www.sinchisinchi.com\/pt-pt\/producto\/hipericao\/"]}]},{"@type":"ImageObject","inLanguage":"pt-PT","@id":"https:\/\/www.sinchisinchi.com\/pt-pt\/producto\/hipericao\/#primaryimage","url":"https:\/\/www.sinchisinchi.com\/wp-content\/uploads\/2021\/05\/3IR0001.jpg","contentUrl":"https:\/\/www.sinchisinchi.com\/wp-content\/uploads\/2021\/05\/3IR0001.jpg","width":700,"height":700},{"@type":"BreadcrumbList","@id":"https:\/\/www.sinchisinchi.com\/pt-pt\/producto\/hipericao\/#breadcrumb","itemListElement":[{"@type":"ListItem","position":1,"name":"Prima pagina","item":"https:\/\/www.sinchisinchi.com\/pt-pt\/"},{"@type":"ListItem","position":2,"name":"Produtos","item":"https:\/\/www.sinchisinchi.com\/pt-pt\/shop\/"},{"@type":"ListItem","position":3,"name":"Hiperic\u00e3o"}]},{"@type":"WebSite","@id":"https:\/\/www.sinchisinchi.com\/pt-pt\/#website","url":"https:\/\/www.sinchisinchi.com\/pt-pt\/","name":"SINCHI","description":"Sinchi Medicine","publisher":{"@id":"https:\/\/www.sinchisinchi.com\/pt-pt\/#organization"},"potentialAction":[{"@type":"SearchAction","target":{"@type":"EntryPoint","urlTemplate":"https:\/\/www.sinchisinchi.com\/pt-pt\/?s={search_term_string}"},"query-input":{"@type":"PropertyValueSpecification","valueRequired":true,"valueName":"search_term_string"}}],"inLanguage":"pt-PT"},{"@type":"Organization","@id":"https:\/\/www.sinchisinchi.com\/pt-pt\/#organization","name":"SINCHI S.L","url":"https:\/\/www.sinchisinchi.com\/pt-pt\/","logo":{"@type":"ImageObject","inLanguage":"pt-PT","@id":"https:\/\/www.sinchisinchi.com\/pt-pt\/#\/schema\/logo\/image\/","url":"https:\/\/www.sinchisinchi.com\/wp-content\/uploads\/2026\/01\/3b-Verde-SIMPLIFICADO-HORIZONTAL-F-TRANSPARENTE-scaled.png","contentUrl":"https:\/\/www.sinchisinchi.com\/wp-content\/uploads\/2026\/01\/3b-Verde-SIMPLIFICADO-HORIZONTAL-F-TRANSPARENTE-scaled.png","width":2560,"height":457,"caption":"SINCHI S.L"},"image":{"@id":"https:\/\/www.sinchisinchi.com\/pt-pt\/#\/schema\/logo\/image\/"},"sameAs":["https:\/\/www.facebook.com\/sinchirape\/","https:\/\/www.instagram.com\/sinchi_rape\/"]}]}},"_links":{"self":[{"href":"https:\/\/www.sinchisinchi.com\/pt-pt\/wp-json\/wp\/v2\/product\/25821","targetHints":{"allow":["GET"]}}],"collection":[{"href":"https:\/\/www.sinchisinchi.com\/pt-pt\/wp-json\/wp\/v2\/product"}],"about":[{"href":"https:\/\/www.sinchisinchi.com\/pt-pt\/wp-json\/wp\/v2\/types\/product"}],"wp:featuredmedia":[{"embeddable":true,"href":"https:\/\/www.sinchisinchi.com\/pt-pt\/wp-json\/wp\/v2\/media\/25822"}],"wp:attachment":[{"href":"https:\/\/www.sinchisinchi.com\/pt-pt\/wp-json\/wp\/v2\/media?parent=25821"}],"wp:term":[{"taxonomy":"product_brand","embeddable":true,"href":"https:\/\/www.sinchisinchi.com\/pt-pt\/wp-json\/wp\/v2\/product_brand?post=25821"},{"taxonomy":"product_cat","embeddable":true,"href":"https:\/\/www.sinchisinchi.com\/pt-pt\/wp-json\/wp\/v2\/product_cat?post=25821"},{"taxonomy":"product_tag","embeddable":true,"href":"https:\/\/www.sinchisinchi.com\/pt-pt\/wp-json\/wp\/v2\/product_tag?post=25821"}],"curies":[{"name":"wp","href":"https:\/\/api.w.org\/{rel}","templated":true}]}}