{"id":25917,"date":"2023-12-07T00:08:36","date_gmt":"2023-12-07T00:08:36","guid":{"rendered":"https:\/\/www.sinchisinchi.com\/producto\/copal-cinzento\/"},"modified":"2023-12-07T00:08:36","modified_gmt":"2023-12-07T00:08:36","slug":"copal-cinzento","status":"publish","type":"product","link":"https:\/\/www.sinchisinchi.com\/pt-pt\/producto\/copal-cinzento\/","title":{"rendered":"Copal cinzento"},"content":{"rendered":"<h2 style=\"text-align: center;\">Hist\u00f3ria de Copal<\/h2>\n<p>Ao chegar \u00e0 Am\u00e9rica, os espanh\u00f3is conheceram o uso nativo do copal, descobrindo que o seu aroma era quase id\u00eantico ao do incenso utilizado na Europa para o mesmo fim.<\/p>\n<p>Nestes rituais pr\u00e9-hisp\u00e2nicos, a resina de copal branca era oferecida tanto fisicamente como sob a forma de fumo quando queimada como incenso.<\/p>\n<p>Em contextos rituais pr\u00e9-hisp\u00e2nicos, a resina de copal branco era oferecida tanto fisicamente como sob a forma de fumo, atrav\u00e9s da sua queima. O fumo do copal era utilizado para honrar divindades e fortalecer o v\u00ednculo do homem com os deuses.<\/p>\n<p>Os sacerdotes fumigavam as figuras dos seus deuses com copal v\u00e1rias vezes ao dia, encaminhando o fumo para os quatro pontos cardeais e para o sol.<\/p>\n<p>De acordo com as hist\u00f3rias contadas pelos espanh\u00f3is quando chegaram \u00e0 Mesoam\u00e9rica, o incenso que conhecemos como copal era considerado pelos antigos mexicanos como um deus com poderes m\u00e1gicos e religiosos que o tornavam um protetor. Chamavam-lhe <strong>iztacteteo,<\/strong> que significa &#8220;deuses brancos&#8221;, por causa do fumo que produz quando queimado sobre brasas quentes.<\/p>\n<p>De acordo com estes mesmos relatos, as pessoas usavam copal com muita frequ\u00eancia, pelo menos duas vezes por dia, uma vez de manh\u00e3 e outra \u00e0 noite. Era utilizado como oferenda aos deuses, para limpar os templos, durante os funerais e em cerim\u00f3nias para pedir boas colheitas.<\/p>\n<p>O copal era tamb\u00e9m utilizado para as festividades dedicadas aos deuses que d\u00e3o chuva, para reverenciar os deuses do milho e os principais deuses do pante\u00e3o nahua: <strong>Huitzilopochtli, Tezcatlipoca, Xiuhtecuhtli;<\/strong> Eram realizados rituais com oferendas e copal para promover a boa ca\u00e7a, a pesca, a extra\u00e7\u00e3o de madeira, resinas e pedras das montanhas e o estabelecimento de plantas em jardins; para homenagear os guerreiros pelas suas vit\u00f3rias militares, etc.<\/p>\n<p>E, claro, o copal desempenhava um papel fundamental em qualquer cerim\u00f3nia ou ritual.<\/p>\n<p>Nos c\u00f3dices existem desenhos que mostram deuses ou sacerdotes a oferecer copal.<\/p>\n<p>&nbsp;<\/p>\n<h3 style=\"text-align: center;\"><strong>Copal e os Maias<\/strong><\/h3>\n<p>O uso do copal ocorreu entre os Maias, como evidenciado pelas bolas de copal do Cenote Sagrado de Chich\u00e9n Itz\u00e1.<\/p>\n<p>Copal era conhecido como pom entre os Maias. Tornou-se objeto de comercializa\u00e7\u00e3o, pois tinha uma grande procura de impostos ind\u00edgenas desde o s\u00e9culo XVI.<\/p>\n<p>O sac\u00e1 e o <em>chahalt\u00e9<\/em> eram utilizados tanto para incenso como para a prepara\u00e7\u00e3o de bebidas rituais, que tinham o cacau como ingrediente principal.<\/p>\n<p>O tabaco ou k&#8217;uts era frequentemente misturado no copal, uma combina\u00e7\u00e3o que era mastigada ou colocada entre o l\u00e1bio e a gengiva durante muito tempo para saciar a sede e aumentar o vigor.<\/p>\n<p>Para al\u00e9m de actuar como catalisador do fumo do copal, o fogo sagrado aquecia as rochas onde eram vertidas as infus\u00f5es, gerando vapores curativos, como \u00e9 o caso dos temazcales, vulgarmente utilizados na Mesoam\u00e9rica e na \u00e1rea Maia.<\/p>\n<h3 style=\"text-align: center;\"><strong>Copal e os astecas<\/strong><\/h3>\n<p>Na \u00e9poca pr\u00e9-hisp\u00e2nica, entre os astecas, a \u00e1rvore era conhecida por <strong>copalqu\u00e1huitl:<\/strong> \u201c\u00e1rvore de copal\u201d, e a resina dela extra\u00edda era conhecida por <strong>copall<\/strong>i: \u201cincenso\u201d. Para fins religiosos, era conhecido como <strong>iztacteteo,<\/strong> &#8220;deus branco&#8221;, devido \u00e0 cor do fumo que exalava.<\/p>\n<p><strong>Bernardino de Sahag\u00fan,<\/strong> na sua <strong>Hist\u00f3ria Geral das Coisas da Nova Espanha,<\/strong> descreve como a goma de copal era utilizada ritualmente pelos habitantes da capital asteca, que a queimavam como oferenda aos seus deuses:<\/p>\n<p>\u201cNa oferta de incenso ou copal, estes mexicanos, e todos os da Nova Espanha, usavam uma goma branca chamada copalli \u2014 que tamb\u00e9m \u00e9 muito utilizada hoje em dia \u2014 para incensar os seus deuses. N\u00e3o usavam incenso, embora haja algum nesta terra.<\/p>\n<p>Este incenso ou copal era utilizado pelos s\u00e1trapas no templo e por todas as outras pessoas nas suas casas [\u2026].\u201d<\/p>\n<p><em>Hist\u00f3ria geral das coisas da Nova Espanha, Livro II.<\/em><\/p>\n<p><strong>&#8220;Copalqu\u00e1huitl&#8221;<\/strong> refere-se a &#8220;\u00e1rvore de copal&#8221; em n\u00e1huatl e, embora algumas esp\u00e9cies de Bursera produzam resina de copal, cada nome espec\u00edfico \u00e9 geralmente associado a uma esp\u00e9cie em particular.<\/p>\n<h3 style=\"text-align: center;\"><strong>Tenochtitl\u00e1n\u200b<\/strong><\/h3>\n<p>Tenochtitlan foi a capital dos astecas, que se auto-intitulavam &#8220;mexicas&#8221;, fundada em 1325 e posteriormente conquistada e destru\u00edda pelos espanh\u00f3is em 1521.<\/p>\n<p>O seu maior monumento encontrado \u00e9 o chamado &#8220;Grande Templo de Tenochtitlan&#8221;, uma pir\u00e2mide coroada por dois templos <strong>dedicados aos deuses Tlaloc e Huitzilopochtli,<\/strong> que tinha dimens\u00f5es incr\u00edveis de 80 metros de cada lado por 60 metros de altura.<\/p>\n<p>Entre os seus vest\u00edgios foram encontrados artefactos e fragmentos de copal de todos os tipos; cilindros, cones, bolas, bases piramidais ou arredondadas de facas de sacrif\u00edcio, barras, fragmentos e figuras antropom\u00f3rficas de copal, algumas cobertas com estuque, e outras feitas de copal branco puro; Na superf\u00edcie de alguns destes elementos foram encontrados restos de folhas e cascas de Bursera bipinnata.<\/p>\n<p>(Atualmente instalado no Armaz\u00e9m de Bens Culturais do Museu TMT.)<\/p>\n<p>Os rituais aos deuses eram realizados no cimo das montanhas, nos templos da cidade, nos bairros e nos altares dom\u00e9sticos.<\/p>\n<p>As oferendas contendo copal foram encontradas sob a forma de pequenas tortilhas, tamales ou gr\u00e3os de milho, indicando que o copal era considerado alimento para os deuses.<\/p>\n<p>Durante estes festivais divinos, eram feitas oferendas de alimentos, flores, copal e tamb\u00e9m horr\u00edveis sacrif\u00edcios humanos, uma vez que a produ\u00e7\u00e3o agr\u00edcola e a boa sorte para o sucesso nas batalhas militares dependiam dos seus deuses.<\/p>\n<p>O copal era tamb\u00e9m utilizado como cola para fazer incrusta\u00e7\u00f5es em m\u00e1scaras e para unir mosaicos feitos de pedra, conchas e outros materiais. Misturado com pigmentos, o copal era tamb\u00e9m utilizado para fazer tintas utilizadas em ourivesaria e para decorar murais.<\/p>\n","protected":false},"excerpt":{"rendered":"<p><strong>O copal preto,<\/strong> tamb\u00e9m chamado de <strong>copal cinzento ou copal pedra,<\/strong> \u00e9 uma resina produzida naturalmente pelas \u00e1rvores dos g\u00e9neros <strong>Bursera e Protium.<\/strong> O copal tem fortes propriedades esot\u00e9ricas de prote\u00e7\u00e3o, limpeza, liga\u00e7\u00e3o e cicatriza\u00e7\u00e3o.<\/p>\n<p>\u00c9 uma resina mais escura e densa, com um aroma amadeirado e bals\u00e2mico, utilizada especialmente para fortalecer a prote\u00e7\u00e3o espiritual.<\/p>\n<p>O copal preto \u00e9 muito importante na cultura mexicana, e as culturas nativas utilizam-no h\u00e1 s\u00e9culos como resina sagrada nas suas pr\u00e1ticas espirituais.<\/p>\n<p>Os Maias e os Astecas usavam-no em todos os tipos de rituais. Em <strong>n\u00e1uatle,<\/strong> esta \u00e1rvore era chamada<strong> copalqu\u00e1huitl<\/strong> e a sua resina de<strong> copalli,<\/strong> enquanto que no seu uso sagrado era chamada <strong>iztacteteo, o \u201cdeus branco\u201d.<\/strong><\/p>\n<p><strong>Modo de utiliza\u00e7\u00e3o:<\/strong> Acenda um carv\u00e3o e verta um pouco de resina sobre as brasas. A resina derreter\u00e1 e libertar\u00e1 a sua fragr\u00e2ncia no ar durante v\u00e1rios minutos.<\/p>\n<p><strong>Tamanho:<\/strong> 50gr<\/p>\n","protected":false},"featured_media":25918,"template":"","meta":{"_joinchat":[]},"product_brand":[],"product_cat":[690,689],"product_tag":[],"class_list":{"0":"post-25917","1":"product","2":"type-product","3":"status-publish","4":"has-post-thumbnail","6":"product_cat-copal-pt-pt","7":"product_cat-resinas","9":"first","10":"instock","11":"taxable","12":"shipping-taxable","13":"purchasable","14":"product-type-simple"},"yoast_head":"<!-- This site is optimized with the Yoast SEO plugin v27.1.1 - https:\/\/yoast.com\/product\/yoast-seo-wordpress\/ -->\n<title>Copal cinzento do M\u00e9xico: Loja de incenso xam\u00e2nico<\/title>\n<meta name=\"description\" content=\"O copal cinzento tem fortes propriedades esot\u00e9ricas de prote\u00e7\u00e3o, limpeza e liga\u00e7\u00e3o. \u00c9 considerada uma resina sagrada pelas tribos da Amaz\u00f3nia.\" \/>\n<meta name=\"robots\" content=\"index, follow, max-snippet:-1, max-image-preview:large, max-video-preview:-1\" \/>\n<link rel=\"canonical\" href=\"https:\/\/www.sinchisinchi.com\/pt-pt\/producto\/copal-cinzento\/\" \/>\n<meta property=\"og:locale\" content=\"pt_PT\" \/>\n<meta property=\"og:type\" content=\"article\" \/>\n<meta property=\"og:title\" content=\"Copal cinzento do M\u00e9xico: Loja de incenso xam\u00e2nico\" \/>\n<meta property=\"og:description\" content=\"O copal cinzento tem fortes propriedades esot\u00e9ricas de prote\u00e7\u00e3o, limpeza e liga\u00e7\u00e3o. \u00c9 considerada uma resina sagrada pelas tribos da Amaz\u00f3nia.\" \/>\n<meta property=\"og:url\" content=\"https:\/\/www.sinchisinchi.com\/pt-pt\/producto\/copal-cinzento\/\" \/>\n<meta property=\"og:site_name\" content=\"SINCHI RAP\u00c9\" \/>\n<meta property=\"article:publisher\" content=\"https:\/\/www.facebook.com\/sinchirape\/\" \/>\n<meta property=\"og:image\" content=\"https:\/\/www.sinchisinchi.com\/wp-content\/uploads\/2023\/12\/copal-gris.png\" \/>\n\t<meta property=\"og:image:width\" content=\"600\" \/>\n\t<meta property=\"og:image:height\" content=\"600\" \/>\n\t<meta property=\"og:image:type\" content=\"image\/png\" \/>\n<meta name=\"twitter:card\" content=\"summary_large_image\" \/>\n<meta name=\"twitter:label1\" content=\"Tempo estimado de leitura\" \/>\n\t<meta name=\"twitter:data1\" content=\"5 minutos\" \/>\n<script type=\"application\/ld+json\" class=\"yoast-schema-graph\">{\"@context\":\"https:\/\/schema.org\",\"@graph\":[{\"@type\":\"WebPage\",\"@id\":\"https:\/\/www.sinchisinchi.com\/pt-pt\/producto\/copal-cinzento\/\",\"url\":\"https:\/\/www.sinchisinchi.com\/pt-pt\/producto\/copal-cinzento\/\",\"name\":\"Copal cinzento do M\u00e9xico: Loja de incenso xam\u00e2nico\",\"isPartOf\":{\"@id\":\"https:\/\/www.sinchisinchi.com\/pt-pt\/#website\"},\"primaryImageOfPage\":{\"@id\":\"https:\/\/www.sinchisinchi.com\/pt-pt\/producto\/copal-cinzento\/#primaryimage\"},\"image\":{\"@id\":\"https:\/\/www.sinchisinchi.com\/pt-pt\/producto\/copal-cinzento\/#primaryimage\"},\"thumbnailUrl\":\"https:\/\/www.sinchisinchi.com\/wp-content\/uploads\/2023\/12\/copal-gris.png\",\"datePublished\":\"2023-12-07T00:08:36+00:00\",\"description\":\"O copal cinzento tem fortes propriedades esot\u00e9ricas de prote\u00e7\u00e3o, limpeza e liga\u00e7\u00e3o. \u00c9 considerada uma resina sagrada pelas tribos da Amaz\u00f3nia.\",\"breadcrumb\":{\"@id\":\"https:\/\/www.sinchisinchi.com\/pt-pt\/producto\/copal-cinzento\/#breadcrumb\"},\"inLanguage\":\"pt-PT\",\"potentialAction\":[{\"@type\":\"ReadAction\",\"target\":[\"https:\/\/www.sinchisinchi.com\/pt-pt\/producto\/copal-cinzento\/\"]}]},{\"@type\":\"ImageObject\",\"inLanguage\":\"pt-PT\",\"@id\":\"https:\/\/www.sinchisinchi.com\/pt-pt\/producto\/copal-cinzento\/#primaryimage\",\"url\":\"https:\/\/www.sinchisinchi.com\/wp-content\/uploads\/2023\/12\/copal-gris.png\",\"contentUrl\":\"https:\/\/www.sinchisinchi.com\/wp-content\/uploads\/2023\/12\/copal-gris.png\",\"width\":600,\"height\":600},{\"@type\":\"BreadcrumbList\",\"@id\":\"https:\/\/www.sinchisinchi.com\/pt-pt\/producto\/copal-cinzento\/#breadcrumb\",\"itemListElement\":[{\"@type\":\"ListItem\",\"position\":1,\"name\":\"Prima pagina\",\"item\":\"https:\/\/www.sinchisinchi.com\/pt-pt\/\"},{\"@type\":\"ListItem\",\"position\":2,\"name\":\"Produtos\",\"item\":\"https:\/\/www.sinchisinchi.com\/pt-pt\/shop\/\"},{\"@type\":\"ListItem\",\"position\":3,\"name\":\"Copal cinzento\"}]},{\"@type\":\"WebSite\",\"@id\":\"https:\/\/www.sinchisinchi.com\/pt-pt\/#website\",\"url\":\"https:\/\/www.sinchisinchi.com\/pt-pt\/\",\"name\":\"SINCHI\",\"description\":\"Sinchi Medicine\",\"publisher\":{\"@id\":\"https:\/\/www.sinchisinchi.com\/pt-pt\/#organization\"},\"potentialAction\":[{\"@type\":\"SearchAction\",\"target\":{\"@type\":\"EntryPoint\",\"urlTemplate\":\"https:\/\/www.sinchisinchi.com\/pt-pt\/?s={search_term_string}\"},\"query-input\":{\"@type\":\"PropertyValueSpecification\",\"valueRequired\":true,\"valueName\":\"search_term_string\"}}],\"inLanguage\":\"pt-PT\"},{\"@type\":\"Organization\",\"@id\":\"https:\/\/www.sinchisinchi.com\/pt-pt\/#organization\",\"name\":\"SINCHI S.L\",\"url\":\"https:\/\/www.sinchisinchi.com\/pt-pt\/\",\"logo\":{\"@type\":\"ImageObject\",\"inLanguage\":\"pt-PT\",\"@id\":\"https:\/\/www.sinchisinchi.com\/pt-pt\/#\/schema\/logo\/image\/\",\"url\":\"https:\/\/www.sinchisinchi.com\/wp-content\/uploads\/2026\/01\/3b-Verde-SIMPLIFICADO-HORIZONTAL-F-TRANSPARENTE-scaled.png\",\"contentUrl\":\"https:\/\/www.sinchisinchi.com\/wp-content\/uploads\/2026\/01\/3b-Verde-SIMPLIFICADO-HORIZONTAL-F-TRANSPARENTE-scaled.png\",\"width\":2560,\"height\":457,\"caption\":\"SINCHI S.L\"},\"image\":{\"@id\":\"https:\/\/www.sinchisinchi.com\/pt-pt\/#\/schema\/logo\/image\/\"},\"sameAs\":[\"https:\/\/www.facebook.com\/sinchirape\/\",\"https:\/\/www.instagram.com\/sinchi_rape\/\"]}]}<\/script>\n<!-- \/ Yoast SEO plugin. -->","yoast_head_json":{"title":"Copal cinzento do M\u00e9xico: Loja de incenso xam\u00e2nico","description":"O copal cinzento tem fortes propriedades esot\u00e9ricas de prote\u00e7\u00e3o, limpeza e liga\u00e7\u00e3o. \u00c9 considerada uma resina sagrada pelas tribos da Amaz\u00f3nia.","robots":{"index":"index","follow":"follow","max-snippet":"max-snippet:-1","max-image-preview":"max-image-preview:large","max-video-preview":"max-video-preview:-1"},"canonical":"https:\/\/www.sinchisinchi.com\/pt-pt\/producto\/copal-cinzento\/","og_locale":"pt_PT","og_type":"article","og_title":"Copal cinzento do M\u00e9xico: Loja de incenso xam\u00e2nico","og_description":"O copal cinzento tem fortes propriedades esot\u00e9ricas de prote\u00e7\u00e3o, limpeza e liga\u00e7\u00e3o. \u00c9 considerada uma resina sagrada pelas tribos da Amaz\u00f3nia.","og_url":"https:\/\/www.sinchisinchi.com\/pt-pt\/producto\/copal-cinzento\/","og_site_name":"SINCHI RAP\u00c9","article_publisher":"https:\/\/www.facebook.com\/sinchirape\/","og_image":[{"width":600,"height":600,"url":"https:\/\/www.sinchisinchi.com\/wp-content\/uploads\/2023\/12\/copal-gris.png","type":"image\/png"}],"twitter_card":"summary_large_image","twitter_misc":{"Tempo estimado de leitura":"5 minutos"},"schema":{"@context":"https:\/\/schema.org","@graph":[{"@type":"WebPage","@id":"https:\/\/www.sinchisinchi.com\/pt-pt\/producto\/copal-cinzento\/","url":"https:\/\/www.sinchisinchi.com\/pt-pt\/producto\/copal-cinzento\/","name":"Copal cinzento do M\u00e9xico: Loja de incenso xam\u00e2nico","isPartOf":{"@id":"https:\/\/www.sinchisinchi.com\/pt-pt\/#website"},"primaryImageOfPage":{"@id":"https:\/\/www.sinchisinchi.com\/pt-pt\/producto\/copal-cinzento\/#primaryimage"},"image":{"@id":"https:\/\/www.sinchisinchi.com\/pt-pt\/producto\/copal-cinzento\/#primaryimage"},"thumbnailUrl":"https:\/\/www.sinchisinchi.com\/wp-content\/uploads\/2023\/12\/copal-gris.png","datePublished":"2023-12-07T00:08:36+00:00","description":"O copal cinzento tem fortes propriedades esot\u00e9ricas de prote\u00e7\u00e3o, limpeza e liga\u00e7\u00e3o. \u00c9 considerada uma resina sagrada pelas tribos da Amaz\u00f3nia.","breadcrumb":{"@id":"https:\/\/www.sinchisinchi.com\/pt-pt\/producto\/copal-cinzento\/#breadcrumb"},"inLanguage":"pt-PT","potentialAction":[{"@type":"ReadAction","target":["https:\/\/www.sinchisinchi.com\/pt-pt\/producto\/copal-cinzento\/"]}]},{"@type":"ImageObject","inLanguage":"pt-PT","@id":"https:\/\/www.sinchisinchi.com\/pt-pt\/producto\/copal-cinzento\/#primaryimage","url":"https:\/\/www.sinchisinchi.com\/wp-content\/uploads\/2023\/12\/copal-gris.png","contentUrl":"https:\/\/www.sinchisinchi.com\/wp-content\/uploads\/2023\/12\/copal-gris.png","width":600,"height":600},{"@type":"BreadcrumbList","@id":"https:\/\/www.sinchisinchi.com\/pt-pt\/producto\/copal-cinzento\/#breadcrumb","itemListElement":[{"@type":"ListItem","position":1,"name":"Prima pagina","item":"https:\/\/www.sinchisinchi.com\/pt-pt\/"},{"@type":"ListItem","position":2,"name":"Produtos","item":"https:\/\/www.sinchisinchi.com\/pt-pt\/shop\/"},{"@type":"ListItem","position":3,"name":"Copal cinzento"}]},{"@type":"WebSite","@id":"https:\/\/www.sinchisinchi.com\/pt-pt\/#website","url":"https:\/\/www.sinchisinchi.com\/pt-pt\/","name":"SINCHI","description":"Sinchi Medicine","publisher":{"@id":"https:\/\/www.sinchisinchi.com\/pt-pt\/#organization"},"potentialAction":[{"@type":"SearchAction","target":{"@type":"EntryPoint","urlTemplate":"https:\/\/www.sinchisinchi.com\/pt-pt\/?s={search_term_string}"},"query-input":{"@type":"PropertyValueSpecification","valueRequired":true,"valueName":"search_term_string"}}],"inLanguage":"pt-PT"},{"@type":"Organization","@id":"https:\/\/www.sinchisinchi.com\/pt-pt\/#organization","name":"SINCHI S.L","url":"https:\/\/www.sinchisinchi.com\/pt-pt\/","logo":{"@type":"ImageObject","inLanguage":"pt-PT","@id":"https:\/\/www.sinchisinchi.com\/pt-pt\/#\/schema\/logo\/image\/","url":"https:\/\/www.sinchisinchi.com\/wp-content\/uploads\/2026\/01\/3b-Verde-SIMPLIFICADO-HORIZONTAL-F-TRANSPARENTE-scaled.png","contentUrl":"https:\/\/www.sinchisinchi.com\/wp-content\/uploads\/2026\/01\/3b-Verde-SIMPLIFICADO-HORIZONTAL-F-TRANSPARENTE-scaled.png","width":2560,"height":457,"caption":"SINCHI S.L"},"image":{"@id":"https:\/\/www.sinchisinchi.com\/pt-pt\/#\/schema\/logo\/image\/"},"sameAs":["https:\/\/www.facebook.com\/sinchirape\/","https:\/\/www.instagram.com\/sinchi_rape\/"]}]}},"_links":{"self":[{"href":"https:\/\/www.sinchisinchi.com\/pt-pt\/wp-json\/wp\/v2\/product\/25917","targetHints":{"allow":["GET"]}}],"collection":[{"href":"https:\/\/www.sinchisinchi.com\/pt-pt\/wp-json\/wp\/v2\/product"}],"about":[{"href":"https:\/\/www.sinchisinchi.com\/pt-pt\/wp-json\/wp\/v2\/types\/product"}],"wp:featuredmedia":[{"embeddable":true,"href":"https:\/\/www.sinchisinchi.com\/pt-pt\/wp-json\/wp\/v2\/media\/25918"}],"wp:attachment":[{"href":"https:\/\/www.sinchisinchi.com\/pt-pt\/wp-json\/wp\/v2\/media?parent=25917"}],"wp:term":[{"taxonomy":"product_brand","embeddable":true,"href":"https:\/\/www.sinchisinchi.com\/pt-pt\/wp-json\/wp\/v2\/product_brand?post=25917"},{"taxonomy":"product_cat","embeddable":true,"href":"https:\/\/www.sinchisinchi.com\/pt-pt\/wp-json\/wp\/v2\/product_cat?post=25917"},{"taxonomy":"product_tag","embeddable":true,"href":"https:\/\/www.sinchisinchi.com\/pt-pt\/wp-json\/wp\/v2\/product_tag?post=25917"}],"curies":[{"name":"wp","href":"https:\/\/api.w.org\/{rel}","templated":true}]}}