{"id":25951,"date":"2020-04-29T09:06:52","date_gmt":"2020-04-29T09:06:52","guid":{"rendered":"https:\/\/www.sinchisinchi.com\/producto\/nukini-sete-estrelas\/"},"modified":"2025-02-19T10:08:03","modified_gmt":"2025-02-19T10:08:03","slug":"nukini-sete-estrelas","status":"publish","type":"product","link":"https:\/\/www.sinchisinchi.com\/pt-pt\/producto\/nukini-sete-estrelas\/","title":{"rendered":"Nukini Sete Estrelas"},"content":{"rendered":"\n","protected":false},"excerpt":{"rendered":"<p>Esta poderosa variedade tem um aroma de tons frutados e mentolados, sendo ligeiramente masculina.<\/p>\n<p>Xiti Nukini, mestre Rap\u00e9 da sua tribo, \u00e9 o criador desta requintada receita. Os seus ingredientes exatos continuam a ser um segredo tribal; S\u00e3o conhecidas por serem ervas edificantes, com profundas propriedades de limpeza espiritual e poderosos analg\u00e9sicos f\u00edsicos.<\/p>\n<p style=\"text-align: center;\"><strong>Comprar hape nukini<\/strong><\/p>\n<p><strong>-Propriedades e benef\u00edcios:<\/strong> Indicado para elevar a frequ\u00eancia vibracional e realizar limpeza energ\u00e9tica, bem como aliviar dores.<\/p>\n<p><strong>&#8211; Intensidade:<\/strong> Forte<\/p>\n<p><strong>-Tribo:<\/strong> Feito pela tribo Nukini<\/p>\n<p><strong>-Composi\u00e7\u00e3o:<\/strong> Mapacho, cinza de Tsunu e outras plantas medicinais da Amaz\u00f3nia.<\/p>\n<p><strong>-Tamanho:<\/strong> Frascos de 10 ml (8 a 9 gramas)<\/p>\n<p><strong>-Utiliza\u00e7\u00e3o:<\/strong> Curiosidade etnobot\u00e2nica. Uso exclusivo para estudo cient\u00edfico, hist\u00f3rico e ritual\u00edstico.<\/p>\n","protected":false},"featured_media":0,"template":"","meta":{"_joinchat":[]},"product_brand":[],"product_cat":[626],"product_tag":[],"class_list":{"0":"post-25951","1":"product","2":"type-product","3":"status-publish","5":"product_cat-rape-portugal","7":"first","8":"instock","9":"taxable","10":"shipping-taxable","11":"purchasable","12":"product-type-simple"},"yoast_head":"<!-- This site is optimized with the Yoast SEO plugin v27.1.1 - https:\/\/yoast.com\/product\/yoast-seo-wordpress\/ -->\n<title>Comprar Rap\u00e9 Siete Estrellas: Rap\u00e9 Amaz\u00f3nico da tribo Nukini<\/title>\n<meta name=\"description\" content=\"Rap\u00e9 Siete estrellas \u00e9 uma poderosa variedade de Nukini, possui um aroma de tons frutados e mentolados, com uma propor\u00e7\u00e3o ligeiramente masculina.\" \/>\n<meta name=\"robots\" content=\"index, follow, max-snippet:-1, max-image-preview:large, max-video-preview:-1\" \/>\n<link rel=\"canonical\" href=\"https:\/\/www.sinchisinchi.com\/pt-pt\/producto\/nukini-sete-estrelas\/\" \/>\n<meta property=\"og:locale\" content=\"pt_PT\" \/>\n<meta property=\"og:type\" content=\"article\" \/>\n<meta property=\"og:title\" content=\"Comprar Rap\u00e9 Siete Estrellas: Rap\u00e9 Amaz\u00f3nico da tribo Nukini\" \/>\n<meta property=\"og:description\" content=\"Rap\u00e9 Siete estrellas \u00e9 uma poderosa variedade de Nukini, possui um aroma de tons frutados e mentolados, com uma propor\u00e7\u00e3o ligeiramente masculina.\" \/>\n<meta property=\"og:url\" content=\"https:\/\/www.sinchisinchi.com\/pt-pt\/producto\/nukini-sete-estrelas\/\" \/>\n<meta property=\"og:site_name\" content=\"SINCHI RAP\u00c9\" \/>\n<meta property=\"article:publisher\" content=\"https:\/\/www.facebook.com\/sinchirape\/\" \/>\n<meta property=\"article:modified_time\" content=\"2025-02-19T10:08:03+00:00\" \/>\n<meta name=\"twitter:card\" content=\"summary_large_image\" \/>\n<script type=\"application\/ld+json\" class=\"yoast-schema-graph\">{\"@context\":\"https:\/\/schema.org\",\"@graph\":[{\"@type\":\"WebPage\",\"@id\":\"https:\/\/www.sinchisinchi.com\/pt-pt\/producto\/nukini-sete-estrelas\/\",\"url\":\"https:\/\/www.sinchisinchi.com\/pt-pt\/producto\/nukini-sete-estrelas\/\",\"name\":\"Comprar Rap\u00e9 Siete Estrellas: Rap\u00e9 Amaz\u00f3nico da tribo Nukini\",\"isPartOf\":{\"@id\":\"https:\/\/www.sinchisinchi.com\/pt-pt\/#website\"},\"datePublished\":\"2020-04-29T09:06:52+00:00\",\"dateModified\":\"2025-02-19T10:08:03+00:00\",\"description\":\"Rap\u00e9 Siete estrellas \u00e9 uma poderosa variedade de Nukini, possui um aroma de tons frutados e mentolados, com uma propor\u00e7\u00e3o ligeiramente masculina.\",\"breadcrumb\":{\"@id\":\"https:\/\/www.sinchisinchi.com\/pt-pt\/producto\/nukini-sete-estrelas\/#breadcrumb\"},\"inLanguage\":\"pt-PT\",\"potentialAction\":[{\"@type\":\"ReadAction\",\"target\":[\"https:\/\/www.sinchisinchi.com\/pt-pt\/producto\/nukini-sete-estrelas\/\"]}]},{\"@type\":\"BreadcrumbList\",\"@id\":\"https:\/\/www.sinchisinchi.com\/pt-pt\/producto\/nukini-sete-estrelas\/#breadcrumb\",\"itemListElement\":[{\"@type\":\"ListItem\",\"position\":1,\"name\":\"Prima pagina\",\"item\":\"https:\/\/www.sinchisinchi.com\/pt-pt\/\"},{\"@type\":\"ListItem\",\"position\":2,\"name\":\"Produtos\",\"item\":\"https:\/\/www.sinchisinchi.com\/pt-pt\/shop\/\"},{\"@type\":\"ListItem\",\"position\":3,\"name\":\"Nukini Sete Estrelas\"}]},{\"@type\":\"WebSite\",\"@id\":\"https:\/\/www.sinchisinchi.com\/pt-pt\/#website\",\"url\":\"https:\/\/www.sinchisinchi.com\/pt-pt\/\",\"name\":\"SINCHI\",\"description\":\"Sinchi Medicine\",\"publisher\":{\"@id\":\"https:\/\/www.sinchisinchi.com\/pt-pt\/#organization\"},\"potentialAction\":[{\"@type\":\"SearchAction\",\"target\":{\"@type\":\"EntryPoint\",\"urlTemplate\":\"https:\/\/www.sinchisinchi.com\/pt-pt\/?s={search_term_string}\"},\"query-input\":{\"@type\":\"PropertyValueSpecification\",\"valueRequired\":true,\"valueName\":\"search_term_string\"}}],\"inLanguage\":\"pt-PT\"},{\"@type\":\"Organization\",\"@id\":\"https:\/\/www.sinchisinchi.com\/pt-pt\/#organization\",\"name\":\"SINCHI S.L\",\"url\":\"https:\/\/www.sinchisinchi.com\/pt-pt\/\",\"logo\":{\"@type\":\"ImageObject\",\"inLanguage\":\"pt-PT\",\"@id\":\"https:\/\/www.sinchisinchi.com\/pt-pt\/#\/schema\/logo\/image\/\",\"url\":\"https:\/\/www.sinchisinchi.com\/wp-content\/uploads\/2026\/01\/3b-Verde-SIMPLIFICADO-HORIZONTAL-F-TRANSPARENTE-scaled.png\",\"contentUrl\":\"https:\/\/www.sinchisinchi.com\/wp-content\/uploads\/2026\/01\/3b-Verde-SIMPLIFICADO-HORIZONTAL-F-TRANSPARENTE-scaled.png\",\"width\":2560,\"height\":457,\"caption\":\"SINCHI S.L\"},\"image\":{\"@id\":\"https:\/\/www.sinchisinchi.com\/pt-pt\/#\/schema\/logo\/image\/\"},\"sameAs\":[\"https:\/\/www.facebook.com\/sinchirape\/\",\"https:\/\/www.instagram.com\/sinchi_rape\/\"]}]}<\/script>\n<!-- \/ Yoast SEO plugin. -->","yoast_head_json":{"title":"Comprar Rap\u00e9 Siete Estrellas: Rap\u00e9 Amaz\u00f3nico da tribo Nukini","description":"Rap\u00e9 Siete estrellas \u00e9 uma poderosa variedade de Nukini, possui um aroma de tons frutados e mentolados, com uma propor\u00e7\u00e3o ligeiramente masculina.","robots":{"index":"index","follow":"follow","max-snippet":"max-snippet:-1","max-image-preview":"max-image-preview:large","max-video-preview":"max-video-preview:-1"},"canonical":"https:\/\/www.sinchisinchi.com\/pt-pt\/producto\/nukini-sete-estrelas\/","og_locale":"pt_PT","og_type":"article","og_title":"Comprar Rap\u00e9 Siete Estrellas: Rap\u00e9 Amaz\u00f3nico da tribo Nukini","og_description":"Rap\u00e9 Siete estrellas \u00e9 uma poderosa variedade de Nukini, possui um aroma de tons frutados e mentolados, com uma propor\u00e7\u00e3o ligeiramente masculina.","og_url":"https:\/\/www.sinchisinchi.com\/pt-pt\/producto\/nukini-sete-estrelas\/","og_site_name":"SINCHI RAP\u00c9","article_publisher":"https:\/\/www.facebook.com\/sinchirape\/","article_modified_time":"2025-02-19T10:08:03+00:00","twitter_card":"summary_large_image","schema":{"@context":"https:\/\/schema.org","@graph":[{"@type":"WebPage","@id":"https:\/\/www.sinchisinchi.com\/pt-pt\/producto\/nukini-sete-estrelas\/","url":"https:\/\/www.sinchisinchi.com\/pt-pt\/producto\/nukini-sete-estrelas\/","name":"Comprar Rap\u00e9 Siete Estrellas: Rap\u00e9 Amaz\u00f3nico da tribo Nukini","isPartOf":{"@id":"https:\/\/www.sinchisinchi.com\/pt-pt\/#website"},"datePublished":"2020-04-29T09:06:52+00:00","dateModified":"2025-02-19T10:08:03+00:00","description":"Rap\u00e9 Siete estrellas \u00e9 uma poderosa variedade de Nukini, possui um aroma de tons frutados e mentolados, com uma propor\u00e7\u00e3o ligeiramente masculina.","breadcrumb":{"@id":"https:\/\/www.sinchisinchi.com\/pt-pt\/producto\/nukini-sete-estrelas\/#breadcrumb"},"inLanguage":"pt-PT","potentialAction":[{"@type":"ReadAction","target":["https:\/\/www.sinchisinchi.com\/pt-pt\/producto\/nukini-sete-estrelas\/"]}]},{"@type":"BreadcrumbList","@id":"https:\/\/www.sinchisinchi.com\/pt-pt\/producto\/nukini-sete-estrelas\/#breadcrumb","itemListElement":[{"@type":"ListItem","position":1,"name":"Prima pagina","item":"https:\/\/www.sinchisinchi.com\/pt-pt\/"},{"@type":"ListItem","position":2,"name":"Produtos","item":"https:\/\/www.sinchisinchi.com\/pt-pt\/shop\/"},{"@type":"ListItem","position":3,"name":"Nukini Sete Estrelas"}]},{"@type":"WebSite","@id":"https:\/\/www.sinchisinchi.com\/pt-pt\/#website","url":"https:\/\/www.sinchisinchi.com\/pt-pt\/","name":"SINCHI","description":"Sinchi Medicine","publisher":{"@id":"https:\/\/www.sinchisinchi.com\/pt-pt\/#organization"},"potentialAction":[{"@type":"SearchAction","target":{"@type":"EntryPoint","urlTemplate":"https:\/\/www.sinchisinchi.com\/pt-pt\/?s={search_term_string}"},"query-input":{"@type":"PropertyValueSpecification","valueRequired":true,"valueName":"search_term_string"}}],"inLanguage":"pt-PT"},{"@type":"Organization","@id":"https:\/\/www.sinchisinchi.com\/pt-pt\/#organization","name":"SINCHI S.L","url":"https:\/\/www.sinchisinchi.com\/pt-pt\/","logo":{"@type":"ImageObject","inLanguage":"pt-PT","@id":"https:\/\/www.sinchisinchi.com\/pt-pt\/#\/schema\/logo\/image\/","url":"https:\/\/www.sinchisinchi.com\/wp-content\/uploads\/2026\/01\/3b-Verde-SIMPLIFICADO-HORIZONTAL-F-TRANSPARENTE-scaled.png","contentUrl":"https:\/\/www.sinchisinchi.com\/wp-content\/uploads\/2026\/01\/3b-Verde-SIMPLIFICADO-HORIZONTAL-F-TRANSPARENTE-scaled.png","width":2560,"height":457,"caption":"SINCHI S.L"},"image":{"@id":"https:\/\/www.sinchisinchi.com\/pt-pt\/#\/schema\/logo\/image\/"},"sameAs":["https:\/\/www.facebook.com\/sinchirape\/","https:\/\/www.instagram.com\/sinchi_rape\/"]}]}},"_links":{"self":[{"href":"https:\/\/www.sinchisinchi.com\/pt-pt\/wp-json\/wp\/v2\/product\/25951","targetHints":{"allow":["GET"]}}],"collection":[{"href":"https:\/\/www.sinchisinchi.com\/pt-pt\/wp-json\/wp\/v2\/product"}],"about":[{"href":"https:\/\/www.sinchisinchi.com\/pt-pt\/wp-json\/wp\/v2\/types\/product"}],"wp:attachment":[{"href":"https:\/\/www.sinchisinchi.com\/pt-pt\/wp-json\/wp\/v2\/media?parent=25951"}],"wp:term":[{"taxonomy":"product_brand","embeddable":true,"href":"https:\/\/www.sinchisinchi.com\/pt-pt\/wp-json\/wp\/v2\/product_brand?post=25951"},{"taxonomy":"product_cat","embeddable":true,"href":"https:\/\/www.sinchisinchi.com\/pt-pt\/wp-json\/wp\/v2\/product_cat?post=25951"},{"taxonomy":"product_tag","embeddable":true,"href":"https:\/\/www.sinchisinchi.com\/pt-pt\/wp-json\/wp\/v2\/product_tag?post=25951"}],"curies":[{"name":"wp","href":"https:\/\/api.w.org\/{rel}","templated":true}]}}