{"id":26054,"date":"2019-04-04T02:08:20","date_gmt":"2019-04-04T02:08:20","guid":{"rendered":"https:\/\/www.sinchisinchi.com\/producto\/rape-parika\/"},"modified":"2025-02-21T09:31:16","modified_gmt":"2025-02-21T09:31:16","slug":"rape-parika","status":"publish","type":"product","link":"https:\/\/www.sinchisinchi.com\/pt-pt\/producto\/rape-parika\/","title":{"rendered":"Rap\u00e9 Parik\u00e1"},"content":{"rendered":"<h2 style=\"text-align: center;\">A \u00e1rvore Paric\u00e1 ou Parik\u00e1<\/h2>\r\nO Paric\u00e1 Rap\u00e9 \u00e9 feito a partir das cinzas da casca e das sementes da planta paric\u00e1 (Shizolobium amazonicum), muito utilizada na Amaz\u00f3nia como planta medicinal.\r\n\r\n<img loading=\"lazy\" decoding=\"async\" class=\"aligncenter\" title=\"parica1\" src=\"https:\/\/www.sinchisinchi.com\/wp-content\/uploads\/2019\/04\/parica1.jpeg\" alt=\"parica1\" width=\"601\" height=\"462\" \/>\r\n\r\n<img loading=\"lazy\" decoding=\"async\" class=\"aligncenter\" title=\"parica2\" src=\"https:\/\/www.sinchisinchi.com\/wp-content\/uploads\/2019\/04\/parica2.png\" alt=\"parica2\" width=\"786\" height=\"470\" \/>\n","protected":false},"excerpt":{"rendered":"<p>O paric\u00e1 rap\u00e9 proporciona uma grande conex\u00e3o, clareza e uma sensa\u00e7\u00e3o de presen\u00e7a.<\/p>\n<p>Desperta o nosso mestre interior e a liga\u00e7\u00e3o com os nossos antepassados, por isso \u00e9 especialmente recomendada para terapeutas.<\/p>\n<p>Tamb\u00e9m reordena os canais de energia do corpo.<\/p>\n<p><strong>-Tribo:<\/strong> Feito pela tribo Huni Kuin &#8211; Kaxinaw\u00e1<\/p>\n<p><strong>&#8211; Intensidade:<\/strong> Forte.<\/p>\n<p><strong>-Propor\u00e7\u00e3o\/Equil\u00edbrio:<\/strong> Equilibrado, ligeiramente rico em Mapacho.<\/p>\n<p><strong>-Composi\u00e7\u00e3o:<\/strong> \u00c9 feito com cinzas da casca e sementes de paric\u00e1 (Shizolobium amazonicum), tabaco da Amaz\u00f3nia e outras plantas medicinais sagradas da Amaz\u00f3nia.<\/p>\n<p><strong>-Tamanho:<\/strong> Frascos de 10 ml (8 a 9 gramas)<\/p>\n<p><strong>-Utiliza\u00e7\u00e3o:<\/strong> Curiosidade etnobot\u00e2nica. Uso exclusivo para estudo cient\u00edfico, hist\u00f3rico e ritual\u00edstico.<\/p>\n","protected":false},"featured_media":0,"template":"","meta":{"_joinchat":[]},"product_brand":[],"product_cat":[680],"product_tag":[],"class_list":{"0":"post-26054","1":"product","2":"type-product","3":"status-publish","5":"product_cat-varios-pt-pt","7":"first","8":"instock","9":"taxable","10":"shipping-taxable","11":"purchasable","12":"product-type-simple"},"yoast_head":"<!-- This site is optimized with the Yoast SEO plugin v27.4 - https:\/\/yoast.com\/product\/yoast-seo-wordpress\/ -->\n<title>SINCHI: Parika Rap\u00e9 da Amaz\u00f3nia Brasileira<\/title>\n<meta name=\"description\" content=\"Parika rap\u00e9 proporciona uma grande conex\u00e3o, clareza e uma sensa\u00e7\u00e3o de presen\u00e7a. Desperte o nosso professor interior e conex\u00e3o.\" \/>\n<meta name=\"robots\" content=\"index, follow, max-snippet:-1, max-image-preview:large, max-video-preview:-1\" \/>\n<link rel=\"canonical\" href=\"https:\/\/www.sinchisinchi.com\/pt-pt\/producto\/rape-parika\/\" \/>\n<meta property=\"og:locale\" content=\"pt_PT\" \/>\n<meta property=\"og:type\" content=\"article\" \/>\n<meta property=\"og:title\" content=\"SINCHI: Parika Rap\u00e9 da Amaz\u00f3nia Brasileira\" \/>\n<meta property=\"og:description\" content=\"Parika rap\u00e9 proporciona uma grande conex\u00e3o, clareza e uma sensa\u00e7\u00e3o de presen\u00e7a. Desperte o nosso professor interior e conex\u00e3o.\" \/>\n<meta property=\"og:url\" content=\"https:\/\/www.sinchisinchi.com\/pt-pt\/producto\/rape-parika\/\" \/>\n<meta property=\"og:site_name\" content=\"SINCHI RAP\u00c9\" \/>\n<meta property=\"article:publisher\" content=\"https:\/\/www.facebook.com\/sinchirape\/\" \/>\n<meta property=\"article:modified_time\" content=\"2025-02-21T09:31:16+00:00\" \/>\n<meta property=\"og:image\" content=\"https:\/\/www.sinchisinchi.com\/wp-content\/uploads\/2019\/04\/parica1.jpeg\" \/>\n<meta name=\"twitter:card\" content=\"summary_large_image\" \/>\n<script type=\"application\/ld+json\" class=\"yoast-schema-graph\">{\"@context\":\"https:\\\/\\\/schema.org\",\"@graph\":[{\"@type\":\"WebPage\",\"@id\":\"https:\\\/\\\/www.sinchisinchi.com\\\/pt-pt\\\/producto\\\/rape-parika\\\/\",\"url\":\"https:\\\/\\\/www.sinchisinchi.com\\\/pt-pt\\\/producto\\\/rape-parika\\\/\",\"name\":\"SINCHI: Parika Rap\u00e9 da Amaz\u00f3nia Brasileira\",\"isPartOf\":{\"@id\":\"https:\\\/\\\/www.sinchisinchi.com\\\/pt-pt\\\/#website\"},\"primaryImageOfPage\":{\"@id\":\"https:\\\/\\\/www.sinchisinchi.com\\\/pt-pt\\\/producto\\\/rape-parika\\\/#primaryimage\"},\"image\":{\"@id\":\"https:\\\/\\\/www.sinchisinchi.com\\\/pt-pt\\\/producto\\\/rape-parika\\\/#primaryimage\"},\"thumbnailUrl\":\"https:\\\/\\\/www.sinchisinchi.com\\\/wp-content\\\/uploads\\\/2019\\\/04\\\/parica1.jpeg\",\"datePublished\":\"2019-04-04T02:08:20+00:00\",\"dateModified\":\"2025-02-21T09:31:16+00:00\",\"description\":\"Parika rap\u00e9 proporciona uma grande conex\u00e3o, clareza e uma sensa\u00e7\u00e3o de presen\u00e7a. Desperte o nosso professor interior e conex\u00e3o.\",\"breadcrumb\":{\"@id\":\"https:\\\/\\\/www.sinchisinchi.com\\\/pt-pt\\\/producto\\\/rape-parika\\\/#breadcrumb\"},\"inLanguage\":\"pt-PT\",\"potentialAction\":[{\"@type\":\"ReadAction\",\"target\":[\"https:\\\/\\\/www.sinchisinchi.com\\\/pt-pt\\\/producto\\\/rape-parika\\\/\"]}]},{\"@type\":\"ImageObject\",\"inLanguage\":\"pt-PT\",\"@id\":\"https:\\\/\\\/www.sinchisinchi.com\\\/pt-pt\\\/producto\\\/rape-parika\\\/#primaryimage\",\"url\":\"https:\\\/\\\/www.sinchisinchi.com\\\/wp-content\\\/uploads\\\/2019\\\/04\\\/parica1.jpeg\",\"contentUrl\":\"https:\\\/\\\/www.sinchisinchi.com\\\/wp-content\\\/uploads\\\/2019\\\/04\\\/parica1.jpeg\"},{\"@type\":\"BreadcrumbList\",\"@id\":\"https:\\\/\\\/www.sinchisinchi.com\\\/pt-pt\\\/producto\\\/rape-parika\\\/#breadcrumb\",\"itemListElement\":[{\"@type\":\"ListItem\",\"position\":1,\"name\":\"Prima pagina\",\"item\":\"https:\\\/\\\/www.sinchisinchi.com\\\/pt-pt\\\/\"},{\"@type\":\"ListItem\",\"position\":2,\"name\":\"Produtos\",\"item\":\"https:\\\/\\\/www.sinchisinchi.com\\\/pt-pt\\\/shop\\\/\"},{\"@type\":\"ListItem\",\"position\":3,\"name\":\"Rap\u00e9 Parik\u00e1\"}]},{\"@type\":\"WebSite\",\"@id\":\"https:\\\/\\\/www.sinchisinchi.com\\\/pt-pt\\\/#website\",\"url\":\"https:\\\/\\\/www.sinchisinchi.com\\\/pt-pt\\\/\",\"name\":\"SINCHI\",\"description\":\"Sinchi Medicine\",\"publisher\":{\"@id\":\"https:\\\/\\\/www.sinchisinchi.com\\\/pt-pt\\\/#organization\"},\"potentialAction\":[{\"@type\":\"SearchAction\",\"target\":{\"@type\":\"EntryPoint\",\"urlTemplate\":\"https:\\\/\\\/www.sinchisinchi.com\\\/pt-pt\\\/?s={search_term_string}\"},\"query-input\":{\"@type\":\"PropertyValueSpecification\",\"valueRequired\":true,\"valueName\":\"search_term_string\"}}],\"inLanguage\":\"pt-PT\"},{\"@type\":\"Organization\",\"@id\":\"https:\\\/\\\/www.sinchisinchi.com\\\/pt-pt\\\/#organization\",\"name\":\"SINCHI S.L\",\"url\":\"https:\\\/\\\/www.sinchisinchi.com\\\/pt-pt\\\/\",\"logo\":{\"@type\":\"ImageObject\",\"inLanguage\":\"pt-PT\",\"@id\":\"https:\\\/\\\/www.sinchisinchi.com\\\/pt-pt\\\/#\\\/schema\\\/logo\\\/image\\\/\",\"url\":\"https:\\\/\\\/www.sinchisinchi.com\\\/wp-content\\\/uploads\\\/2026\\\/01\\\/3b-Verde-SIMPLIFICADO-HORIZONTAL-F-TRANSPARENTE-scaled.png\",\"contentUrl\":\"https:\\\/\\\/www.sinchisinchi.com\\\/wp-content\\\/uploads\\\/2026\\\/01\\\/3b-Verde-SIMPLIFICADO-HORIZONTAL-F-TRANSPARENTE-scaled.png\",\"width\":2560,\"height\":457,\"caption\":\"SINCHI S.L\"},\"image\":{\"@id\":\"https:\\\/\\\/www.sinchisinchi.com\\\/pt-pt\\\/#\\\/schema\\\/logo\\\/image\\\/\"},\"sameAs\":[\"https:\\\/\\\/www.facebook.com\\\/sinchirape\\\/\",\"https:\\\/\\\/www.instagram.com\\\/sinchi_rape\\\/\"]}]}<\/script>\n<!-- \/ Yoast SEO plugin. -->","yoast_head_json":{"title":"SINCHI: Parika Rap\u00e9 da Amaz\u00f3nia Brasileira","description":"Parika rap\u00e9 proporciona uma grande conex\u00e3o, clareza e uma sensa\u00e7\u00e3o de presen\u00e7a. Desperte o nosso professor interior e conex\u00e3o.","robots":{"index":"index","follow":"follow","max-snippet":"max-snippet:-1","max-image-preview":"max-image-preview:large","max-video-preview":"max-video-preview:-1"},"canonical":"https:\/\/www.sinchisinchi.com\/pt-pt\/producto\/rape-parika\/","og_locale":"pt_PT","og_type":"article","og_title":"SINCHI: Parika Rap\u00e9 da Amaz\u00f3nia Brasileira","og_description":"Parika rap\u00e9 proporciona uma grande conex\u00e3o, clareza e uma sensa\u00e7\u00e3o de presen\u00e7a. Desperte o nosso professor interior e conex\u00e3o.","og_url":"https:\/\/www.sinchisinchi.com\/pt-pt\/producto\/rape-parika\/","og_site_name":"SINCHI RAP\u00c9","article_publisher":"https:\/\/www.facebook.com\/sinchirape\/","article_modified_time":"2025-02-21T09:31:16+00:00","og_image":[{"url":"https:\/\/www.sinchisinchi.com\/wp-content\/uploads\/2019\/04\/parica1.jpeg","type":"","width":"","height":""}],"twitter_card":"summary_large_image","schema":{"@context":"https:\/\/schema.org","@graph":[{"@type":"WebPage","@id":"https:\/\/www.sinchisinchi.com\/pt-pt\/producto\/rape-parika\/","url":"https:\/\/www.sinchisinchi.com\/pt-pt\/producto\/rape-parika\/","name":"SINCHI: Parika Rap\u00e9 da Amaz\u00f3nia Brasileira","isPartOf":{"@id":"https:\/\/www.sinchisinchi.com\/pt-pt\/#website"},"primaryImageOfPage":{"@id":"https:\/\/www.sinchisinchi.com\/pt-pt\/producto\/rape-parika\/#primaryimage"},"image":{"@id":"https:\/\/www.sinchisinchi.com\/pt-pt\/producto\/rape-parika\/#primaryimage"},"thumbnailUrl":"https:\/\/www.sinchisinchi.com\/wp-content\/uploads\/2019\/04\/parica1.jpeg","datePublished":"2019-04-04T02:08:20+00:00","dateModified":"2025-02-21T09:31:16+00:00","description":"Parika rap\u00e9 proporciona uma grande conex\u00e3o, clareza e uma sensa\u00e7\u00e3o de presen\u00e7a. Desperte o nosso professor interior e conex\u00e3o.","breadcrumb":{"@id":"https:\/\/www.sinchisinchi.com\/pt-pt\/producto\/rape-parika\/#breadcrumb"},"inLanguage":"pt-PT","potentialAction":[{"@type":"ReadAction","target":["https:\/\/www.sinchisinchi.com\/pt-pt\/producto\/rape-parika\/"]}]},{"@type":"ImageObject","inLanguage":"pt-PT","@id":"https:\/\/www.sinchisinchi.com\/pt-pt\/producto\/rape-parika\/#primaryimage","url":"https:\/\/www.sinchisinchi.com\/wp-content\/uploads\/2019\/04\/parica1.jpeg","contentUrl":"https:\/\/www.sinchisinchi.com\/wp-content\/uploads\/2019\/04\/parica1.jpeg"},{"@type":"BreadcrumbList","@id":"https:\/\/www.sinchisinchi.com\/pt-pt\/producto\/rape-parika\/#breadcrumb","itemListElement":[{"@type":"ListItem","position":1,"name":"Prima pagina","item":"https:\/\/www.sinchisinchi.com\/pt-pt\/"},{"@type":"ListItem","position":2,"name":"Produtos","item":"https:\/\/www.sinchisinchi.com\/pt-pt\/shop\/"},{"@type":"ListItem","position":3,"name":"Rap\u00e9 Parik\u00e1"}]},{"@type":"WebSite","@id":"https:\/\/www.sinchisinchi.com\/pt-pt\/#website","url":"https:\/\/www.sinchisinchi.com\/pt-pt\/","name":"SINCHI","description":"Sinchi Medicine","publisher":{"@id":"https:\/\/www.sinchisinchi.com\/pt-pt\/#organization"},"potentialAction":[{"@type":"SearchAction","target":{"@type":"EntryPoint","urlTemplate":"https:\/\/www.sinchisinchi.com\/pt-pt\/?s={search_term_string}"},"query-input":{"@type":"PropertyValueSpecification","valueRequired":true,"valueName":"search_term_string"}}],"inLanguage":"pt-PT"},{"@type":"Organization","@id":"https:\/\/www.sinchisinchi.com\/pt-pt\/#organization","name":"SINCHI S.L","url":"https:\/\/www.sinchisinchi.com\/pt-pt\/","logo":{"@type":"ImageObject","inLanguage":"pt-PT","@id":"https:\/\/www.sinchisinchi.com\/pt-pt\/#\/schema\/logo\/image\/","url":"https:\/\/www.sinchisinchi.com\/wp-content\/uploads\/2026\/01\/3b-Verde-SIMPLIFICADO-HORIZONTAL-F-TRANSPARENTE-scaled.png","contentUrl":"https:\/\/www.sinchisinchi.com\/wp-content\/uploads\/2026\/01\/3b-Verde-SIMPLIFICADO-HORIZONTAL-F-TRANSPARENTE-scaled.png","width":2560,"height":457,"caption":"SINCHI S.L"},"image":{"@id":"https:\/\/www.sinchisinchi.com\/pt-pt\/#\/schema\/logo\/image\/"},"sameAs":["https:\/\/www.facebook.com\/sinchirape\/","https:\/\/www.instagram.com\/sinchi_rape\/"]}]}},"_links":{"self":[{"href":"https:\/\/www.sinchisinchi.com\/pt-pt\/wp-json\/wp\/v2\/product\/26054","targetHints":{"allow":["GET"]}}],"collection":[{"href":"https:\/\/www.sinchisinchi.com\/pt-pt\/wp-json\/wp\/v2\/product"}],"about":[{"href":"https:\/\/www.sinchisinchi.com\/pt-pt\/wp-json\/wp\/v2\/types\/product"}],"wp:attachment":[{"href":"https:\/\/www.sinchisinchi.com\/pt-pt\/wp-json\/wp\/v2\/media?parent=26054"}],"wp:term":[{"taxonomy":"product_brand","embeddable":true,"href":"https:\/\/www.sinchisinchi.com\/pt-pt\/wp-json\/wp\/v2\/product_brand?post=26054"},{"taxonomy":"product_cat","embeddable":true,"href":"https:\/\/www.sinchisinchi.com\/pt-pt\/wp-json\/wp\/v2\/product_cat?post=26054"},{"taxonomy":"product_tag","embeddable":true,"href":"https:\/\/www.sinchisinchi.com\/pt-pt\/wp-json\/wp\/v2\/product_tag?post=26054"}],"curies":[{"name":"wp","href":"https:\/\/api.w.org\/{rel}","templated":true}]}}