{"id":26057,"date":"2019-04-04T02:06:08","date_gmt":"2019-04-04T02:06:08","guid":{"rendered":"https:\/\/www.sinchisinchi.com\/producto\/canela-rape-do-velho\/"},"modified":"2025-02-21T09:40:11","modified_gmt":"2025-02-21T09:40:11","slug":"canela-rape-do-velho","status":"publish","type":"product","link":"https:\/\/www.sinchisinchi.com\/pt-pt\/producto\/canela-rape-do-velho\/","title":{"rendered":"Canela Rap\u00e9 do Velho"},"content":{"rendered":"<h2 style=\"text-align: center;\">Canela Velha<\/h2>\r\nO Rap\u00e9 de Canela de Velho \u00e9 feito a partir das adoradas cinzas da casca da \u00e1rvore Canela de Velho (Miconia albicans). A cinna-de-velho \u00e9 uma planta arbustiva (0,7-3 m de altura) da fam\u00edlia Melastomataceae, origin\u00e1ria da Am\u00e9rica do Norte e do Sul.\r\n\r\n. <img loading=\"lazy\" decoding=\"async\" class=\"aligncenter\" title=\"canela-de-velho\" src=\"https:\/\/www.sinchisinchi.com\/wp-content\/uploads\/2019\/04\/canela-de-velho.jpg\" alt=\"canela-de-velho\" width=\"600\" height=\"310\" \/>\r\n\r\nA Canela de Velho tem sido utilizada como rem\u00e9dio para uma grande variedade de dores cr\u00f3nicas nos joelhos, coluna e articula\u00e7\u00f5es h\u00e1 s\u00e9culos.\r\n\r\n<strong>Partes utilizadas:<\/strong> Partes a\u00e9reas da planta (folhas) para consumo sob a forma de ch\u00e1 e casca para fazer tabaco.\r\n<strong>Princ\u00edpios ativos:<\/strong> flavonoides e compostos triterp\u00eanicos (\u00e1cido olean\u00f3lico e \u00e1cido urs\u00f3lico).\r\n\r\n&nbsp;\r\n\r\n<a href=\"https:\/\/www.sinchisinchi.com\/pt-pt\/tribos-amazonicas\/kuntanawa-2\/kuntanawa\/\" target=\"_blank\" rel=\"https:\/\/www.sinchisinchi.com\/es\/tribus-del-amazonas\/kuntanawa\/ noopener\"><img loading=\"lazy\" decoding=\"async\" class=\"alignnone wp-image-1169 size-large\" src=\"https:\/\/www.sinchisinchi.com\/wp-content\/uploads\/2020\/02\/kuntanawa-tribe-1024x683.jpg\" alt=\"fotograf\u00eda de la tribu Kuntanawa\" width=\"1024\" height=\"683\" srcset=\"https:\/\/www.sinchisinchi.com\/wp-content\/uploads\/2020\/02\/kuntanawa-tribe-1024x683.jpg 1024w, https:\/\/www.sinchisinchi.com\/wp-content\/uploads\/2020\/02\/kuntanawa-tribe-247x165.jpg 247w, https:\/\/www.sinchisinchi.com\/wp-content\/uploads\/2020\/02\/kuntanawa-tribe-510x340.jpg 510w, https:\/\/www.sinchisinchi.com\/wp-content\/uploads\/2020\/02\/kuntanawa-tribe-300x200.jpg 300w, https:\/\/www.sinchisinchi.com\/wp-content\/uploads\/2020\/02\/kuntanawa-tribe-768x512.jpg 768w, https:\/\/www.sinchisinchi.com\/wp-content\/uploads\/2020\/02\/kuntanawa-tribe-1536x1024.jpg 1536w, https:\/\/www.sinchisinchi.com\/wp-content\/uploads\/2020\/02\/kuntanawa-tribe-600x400.jpg 600w, https:\/\/www.sinchisinchi.com\/wp-content\/uploads\/2020\/02\/kuntanawa-tribe.jpg 2048w\" sizes=\"auto, (max-width: 1024px) 100vw, 1024px\" \/><\/a>\r\n\r\nTribo Kuntanawa\r\n\r\nA tribo Kuntanawa, ou como eles se autodenominam \u201cPovo do Coco\u201d, sempre utilizou plantas para se conectar com os seres e esp\u00edritos da floresta, atrav\u00e9s delas aprenderam a curar a sua tribo com os seus pr\u00f3prios rem\u00e9dios tradicionais, e sempre defenderam a sua espiritualidade como princ\u00edpio de exist\u00eancia.\n","protected":false},"excerpt":{"rendered":"<p>O Rap\u00e9 Canela de Velho \u00e9 uma das variedades mais fortes entre as dispon\u00edveis. \u00c9 profundo, muito profundo e muito intenso; at\u00e9 mesmo esmagadora. Realiza uma limpeza f\u00edsica e energ\u00e9tica profunda, pelo que a purga\u00e7\u00e3o \u00e9 bem poss\u00edvel.<\/p>\n","protected":false},"featured_media":0,"template":"","meta":{"_joinchat":[]},"product_brand":[],"product_cat":[626],"product_tag":[],"class_list":{"0":"post-26057","1":"product","2":"type-product","3":"status-publish","5":"product_cat-rape-portugal","7":"first","8":"instock","9":"taxable","10":"shipping-taxable","11":"purchasable","12":"product-type-simple"},"yoast_head":"<!-- This site is optimized with the Yoast SEO plugin v27.1.1 - https:\/\/yoast.com\/product\/yoast-seo-wordpress\/ -->\n<title>RAP\u00c9 CANELA DE VELHO: rap\u00e9 xam\u00e2nico da Amaz\u00f3nia<\/title>\n<meta name=\"description\" content=\"O Rap\u00e9 Canela de Velho \u00e9 uma das variedades mais fortes entre as dispon\u00edveis. \u00c9 profundo e proporciona uma \u00f3tima conex\u00e3o.\" \/>\n<meta name=\"robots\" content=\"index, follow, max-snippet:-1, max-image-preview:large, max-video-preview:-1\" \/>\n<link rel=\"canonical\" href=\"https:\/\/www.sinchisinchi.com\/pt-pt\/producto\/canela-rape-do-velho\/\" \/>\n<meta property=\"og:locale\" content=\"pt_PT\" \/>\n<meta property=\"og:type\" content=\"article\" \/>\n<meta property=\"og:title\" content=\"RAP\u00c9 CANELA DE VELHO: rap\u00e9 xam\u00e2nico da Amaz\u00f3nia\" \/>\n<meta property=\"og:description\" content=\"O Rap\u00e9 Canela de Velho \u00e9 uma das variedades mais fortes entre as dispon\u00edveis. \u00c9 profundo e proporciona uma \u00f3tima conex\u00e3o.\" \/>\n<meta property=\"og:url\" content=\"https:\/\/www.sinchisinchi.com\/pt-pt\/producto\/canela-rape-do-velho\/\" \/>\n<meta property=\"og:site_name\" content=\"SINCHI RAP\u00c9\" \/>\n<meta property=\"article:publisher\" content=\"https:\/\/www.facebook.com\/sinchirape\/\" \/>\n<meta property=\"article:modified_time\" content=\"2025-02-21T09:40:11+00:00\" \/>\n<meta property=\"og:image\" content=\"https:\/\/www.sinchisinchi.com\/wp-content\/uploads\/2019\/04\/canela-de-velho.jpg\" \/>\n<meta name=\"twitter:card\" content=\"summary_large_image\" \/>\n<meta name=\"twitter:label1\" content=\"Tempo estimado de leitura\" \/>\n\t<meta name=\"twitter:data1\" content=\"1 minuto\" \/>\n<script type=\"application\/ld+json\" class=\"yoast-schema-graph\">{\"@context\":\"https:\/\/schema.org\",\"@graph\":[{\"@type\":\"WebPage\",\"@id\":\"https:\/\/www.sinchisinchi.com\/pt-pt\/producto\/canela-rape-do-velho\/\",\"url\":\"https:\/\/www.sinchisinchi.com\/pt-pt\/producto\/canela-rape-do-velho\/\",\"name\":\"RAP\u00c9 CANELA DE VELHO: rap\u00e9 xam\u00e2nico da Amaz\u00f3nia\",\"isPartOf\":{\"@id\":\"https:\/\/www.sinchisinchi.com\/pt-pt\/#website\"},\"primaryImageOfPage\":{\"@id\":\"https:\/\/www.sinchisinchi.com\/pt-pt\/producto\/canela-rape-do-velho\/#primaryimage\"},\"image\":{\"@id\":\"https:\/\/www.sinchisinchi.com\/pt-pt\/producto\/canela-rape-do-velho\/#primaryimage\"},\"thumbnailUrl\":\"https:\/\/www.sinchisinchi.com\/wp-content\/uploads\/2019\/04\/canela-de-velho.jpg\",\"datePublished\":\"2019-04-04T02:06:08+00:00\",\"dateModified\":\"2025-02-21T09:40:11+00:00\",\"description\":\"O Rap\u00e9 Canela de Velho \u00e9 uma das variedades mais fortes entre as dispon\u00edveis. \u00c9 profundo e proporciona uma \u00f3tima conex\u00e3o.\",\"breadcrumb\":{\"@id\":\"https:\/\/www.sinchisinchi.com\/pt-pt\/producto\/canela-rape-do-velho\/#breadcrumb\"},\"inLanguage\":\"pt-PT\",\"potentialAction\":[{\"@type\":\"ReadAction\",\"target\":[\"https:\/\/www.sinchisinchi.com\/pt-pt\/producto\/canela-rape-do-velho\/\"]}]},{\"@type\":\"ImageObject\",\"inLanguage\":\"pt-PT\",\"@id\":\"https:\/\/www.sinchisinchi.com\/pt-pt\/producto\/canela-rape-do-velho\/#primaryimage\",\"url\":\"https:\/\/www.sinchisinchi.com\/wp-content\/uploads\/2019\/04\/canela-de-velho.jpg\",\"contentUrl\":\"https:\/\/www.sinchisinchi.com\/wp-content\/uploads\/2019\/04\/canela-de-velho.jpg\"},{\"@type\":\"BreadcrumbList\",\"@id\":\"https:\/\/www.sinchisinchi.com\/pt-pt\/producto\/canela-rape-do-velho\/#breadcrumb\",\"itemListElement\":[{\"@type\":\"ListItem\",\"position\":1,\"name\":\"Prima pagina\",\"item\":\"https:\/\/www.sinchisinchi.com\/pt-pt\/\"},{\"@type\":\"ListItem\",\"position\":2,\"name\":\"Produtos\",\"item\":\"https:\/\/www.sinchisinchi.com\/pt-pt\/shop\/\"},{\"@type\":\"ListItem\",\"position\":3,\"name\":\"Canela Rap\u00e9 do Velho\"}]},{\"@type\":\"WebSite\",\"@id\":\"https:\/\/www.sinchisinchi.com\/pt-pt\/#website\",\"url\":\"https:\/\/www.sinchisinchi.com\/pt-pt\/\",\"name\":\"SINCHI\",\"description\":\"Sinchi Medicine\",\"publisher\":{\"@id\":\"https:\/\/www.sinchisinchi.com\/pt-pt\/#organization\"},\"potentialAction\":[{\"@type\":\"SearchAction\",\"target\":{\"@type\":\"EntryPoint\",\"urlTemplate\":\"https:\/\/www.sinchisinchi.com\/pt-pt\/?s={search_term_string}\"},\"query-input\":{\"@type\":\"PropertyValueSpecification\",\"valueRequired\":true,\"valueName\":\"search_term_string\"}}],\"inLanguage\":\"pt-PT\"},{\"@type\":\"Organization\",\"@id\":\"https:\/\/www.sinchisinchi.com\/pt-pt\/#organization\",\"name\":\"SINCHI S.L\",\"url\":\"https:\/\/www.sinchisinchi.com\/pt-pt\/\",\"logo\":{\"@type\":\"ImageObject\",\"inLanguage\":\"pt-PT\",\"@id\":\"https:\/\/www.sinchisinchi.com\/pt-pt\/#\/schema\/logo\/image\/\",\"url\":\"https:\/\/www.sinchisinchi.com\/wp-content\/uploads\/2026\/01\/3b-Verde-SIMPLIFICADO-HORIZONTAL-F-TRANSPARENTE-scaled.png\",\"contentUrl\":\"https:\/\/www.sinchisinchi.com\/wp-content\/uploads\/2026\/01\/3b-Verde-SIMPLIFICADO-HORIZONTAL-F-TRANSPARENTE-scaled.png\",\"width\":2560,\"height\":457,\"caption\":\"SINCHI S.L\"},\"image\":{\"@id\":\"https:\/\/www.sinchisinchi.com\/pt-pt\/#\/schema\/logo\/image\/\"},\"sameAs\":[\"https:\/\/www.facebook.com\/sinchirape\/\",\"https:\/\/www.instagram.com\/sinchi_rape\/\"]}]}<\/script>\n<!-- \/ Yoast SEO plugin. -->","yoast_head_json":{"title":"RAP\u00c9 CANELA DE VELHO: rap\u00e9 xam\u00e2nico da Amaz\u00f3nia","description":"O Rap\u00e9 Canela de Velho \u00e9 uma das variedades mais fortes entre as dispon\u00edveis. \u00c9 profundo e proporciona uma \u00f3tima conex\u00e3o.","robots":{"index":"index","follow":"follow","max-snippet":"max-snippet:-1","max-image-preview":"max-image-preview:large","max-video-preview":"max-video-preview:-1"},"canonical":"https:\/\/www.sinchisinchi.com\/pt-pt\/producto\/canela-rape-do-velho\/","og_locale":"pt_PT","og_type":"article","og_title":"RAP\u00c9 CANELA DE VELHO: rap\u00e9 xam\u00e2nico da Amaz\u00f3nia","og_description":"O Rap\u00e9 Canela de Velho \u00e9 uma das variedades mais fortes entre as dispon\u00edveis. \u00c9 profundo e proporciona uma \u00f3tima conex\u00e3o.","og_url":"https:\/\/www.sinchisinchi.com\/pt-pt\/producto\/canela-rape-do-velho\/","og_site_name":"SINCHI RAP\u00c9","article_publisher":"https:\/\/www.facebook.com\/sinchirape\/","article_modified_time":"2025-02-21T09:40:11+00:00","og_image":[{"url":"https:\/\/www.sinchisinchi.com\/wp-content\/uploads\/2019\/04\/canela-de-velho.jpg","type":"","width":"","height":""}],"twitter_card":"summary_large_image","twitter_misc":{"Tempo estimado de leitura":"1 minuto"},"schema":{"@context":"https:\/\/schema.org","@graph":[{"@type":"WebPage","@id":"https:\/\/www.sinchisinchi.com\/pt-pt\/producto\/canela-rape-do-velho\/","url":"https:\/\/www.sinchisinchi.com\/pt-pt\/producto\/canela-rape-do-velho\/","name":"RAP\u00c9 CANELA DE VELHO: rap\u00e9 xam\u00e2nico da Amaz\u00f3nia","isPartOf":{"@id":"https:\/\/www.sinchisinchi.com\/pt-pt\/#website"},"primaryImageOfPage":{"@id":"https:\/\/www.sinchisinchi.com\/pt-pt\/producto\/canela-rape-do-velho\/#primaryimage"},"image":{"@id":"https:\/\/www.sinchisinchi.com\/pt-pt\/producto\/canela-rape-do-velho\/#primaryimage"},"thumbnailUrl":"https:\/\/www.sinchisinchi.com\/wp-content\/uploads\/2019\/04\/canela-de-velho.jpg","datePublished":"2019-04-04T02:06:08+00:00","dateModified":"2025-02-21T09:40:11+00:00","description":"O Rap\u00e9 Canela de Velho \u00e9 uma das variedades mais fortes entre as dispon\u00edveis. \u00c9 profundo e proporciona uma \u00f3tima conex\u00e3o.","breadcrumb":{"@id":"https:\/\/www.sinchisinchi.com\/pt-pt\/producto\/canela-rape-do-velho\/#breadcrumb"},"inLanguage":"pt-PT","potentialAction":[{"@type":"ReadAction","target":["https:\/\/www.sinchisinchi.com\/pt-pt\/producto\/canela-rape-do-velho\/"]}]},{"@type":"ImageObject","inLanguage":"pt-PT","@id":"https:\/\/www.sinchisinchi.com\/pt-pt\/producto\/canela-rape-do-velho\/#primaryimage","url":"https:\/\/www.sinchisinchi.com\/wp-content\/uploads\/2019\/04\/canela-de-velho.jpg","contentUrl":"https:\/\/www.sinchisinchi.com\/wp-content\/uploads\/2019\/04\/canela-de-velho.jpg"},{"@type":"BreadcrumbList","@id":"https:\/\/www.sinchisinchi.com\/pt-pt\/producto\/canela-rape-do-velho\/#breadcrumb","itemListElement":[{"@type":"ListItem","position":1,"name":"Prima pagina","item":"https:\/\/www.sinchisinchi.com\/pt-pt\/"},{"@type":"ListItem","position":2,"name":"Produtos","item":"https:\/\/www.sinchisinchi.com\/pt-pt\/shop\/"},{"@type":"ListItem","position":3,"name":"Canela Rap\u00e9 do Velho"}]},{"@type":"WebSite","@id":"https:\/\/www.sinchisinchi.com\/pt-pt\/#website","url":"https:\/\/www.sinchisinchi.com\/pt-pt\/","name":"SINCHI","description":"Sinchi Medicine","publisher":{"@id":"https:\/\/www.sinchisinchi.com\/pt-pt\/#organization"},"potentialAction":[{"@type":"SearchAction","target":{"@type":"EntryPoint","urlTemplate":"https:\/\/www.sinchisinchi.com\/pt-pt\/?s={search_term_string}"},"query-input":{"@type":"PropertyValueSpecification","valueRequired":true,"valueName":"search_term_string"}}],"inLanguage":"pt-PT"},{"@type":"Organization","@id":"https:\/\/www.sinchisinchi.com\/pt-pt\/#organization","name":"SINCHI S.L","url":"https:\/\/www.sinchisinchi.com\/pt-pt\/","logo":{"@type":"ImageObject","inLanguage":"pt-PT","@id":"https:\/\/www.sinchisinchi.com\/pt-pt\/#\/schema\/logo\/image\/","url":"https:\/\/www.sinchisinchi.com\/wp-content\/uploads\/2026\/01\/3b-Verde-SIMPLIFICADO-HORIZONTAL-F-TRANSPARENTE-scaled.png","contentUrl":"https:\/\/www.sinchisinchi.com\/wp-content\/uploads\/2026\/01\/3b-Verde-SIMPLIFICADO-HORIZONTAL-F-TRANSPARENTE-scaled.png","width":2560,"height":457,"caption":"SINCHI S.L"},"image":{"@id":"https:\/\/www.sinchisinchi.com\/pt-pt\/#\/schema\/logo\/image\/"},"sameAs":["https:\/\/www.facebook.com\/sinchirape\/","https:\/\/www.instagram.com\/sinchi_rape\/"]}]}},"_links":{"self":[{"href":"https:\/\/www.sinchisinchi.com\/pt-pt\/wp-json\/wp\/v2\/product\/26057","targetHints":{"allow":["GET"]}}],"collection":[{"href":"https:\/\/www.sinchisinchi.com\/pt-pt\/wp-json\/wp\/v2\/product"}],"about":[{"href":"https:\/\/www.sinchisinchi.com\/pt-pt\/wp-json\/wp\/v2\/types\/product"}],"wp:attachment":[{"href":"https:\/\/www.sinchisinchi.com\/pt-pt\/wp-json\/wp\/v2\/media?parent=26057"}],"wp:term":[{"taxonomy":"product_brand","embeddable":true,"href":"https:\/\/www.sinchisinchi.com\/pt-pt\/wp-json\/wp\/v2\/product_brand?post=26057"},{"taxonomy":"product_cat","embeddable":true,"href":"https:\/\/www.sinchisinchi.com\/pt-pt\/wp-json\/wp\/v2\/product_cat?post=26057"},{"taxonomy":"product_tag","embeddable":true,"href":"https:\/\/www.sinchisinchi.com\/pt-pt\/wp-json\/wp\/v2\/product_tag?post=26057"}],"curies":[{"name":"wp","href":"https:\/\/api.w.org\/{rel}","templated":true}]}}