{"id":26061,"date":"2019-03-15T02:55:43","date_gmt":"2019-03-15T02:55:43","guid":{"rendered":"https:\/\/www.sinchisinchi.com\/producto\/kuripe\/"},"modified":"2025-11-08T01:50:49","modified_gmt":"2025-11-08T01:50:49","slug":"rape-kuripe-aplicador","status":"publish","type":"product","link":"https:\/\/www.sinchisinchi.com\/pt-pt\/producto\/rape-kuripe-aplicador\/","title":{"rendered":"Kurip\u00e9 em madeira de teca"},"content":{"rendered":"<h2 style=\"text-align: center;\"><strong>Aplicador Rap\u00e9: Como usar o Kurip\u00e9<\/strong><\/h2>\n<p>Segundo as tribos amaz\u00f3nicas, para receber a medicina ancestral do rap\u00e9 \u00e9 necess\u00e1rio estar recetivo e em quietude interior; Procuraremos realiz\u00e1-lo num local apropriado, dedicando-lhe tempo e espa\u00e7o, separando-o das atividades l\u00fadicas e focando-nos sempre numa ora\u00e7\u00e3o ou inten\u00e7\u00e3o luminosa.<\/p>\n<p>O Rap\u00e9 \u00e9 concebido soprando com um kurip\u00e9 ou Tepi (nunca \u00e9 inalado ou cheirado); O efeito do rap\u00e9 depende em grande parte da respira\u00e7\u00e3o e da ora\u00e7\u00e3o ou inten\u00e7\u00e3o.<\/p>\n","protected":false},"excerpt":{"rendered":"<p>O Kurip\u00e9 \u00e9 esculpido numa \u00fanica pe\u00e7a de madeira de teca, com acabamentos requintados e dimens\u00f5es e \u00e2ngulos ideais para um alinhamento harmonioso, permitindo uma utiliza\u00e7\u00e3o confort\u00e1vel e flu\u00edda.<\/p>\n<p>O Kurip\u00e9 \u00e9 uma ferramenta sagrada, um objeto de poder que possibilita a liga\u00e7\u00e3o com o esp\u00edrito do Rap\u00e9.<\/p>\n","protected":false},"featured_media":28931,"template":"","meta":{"_joinchat":[]},"product_brand":[],"product_cat":[704,680],"product_tag":[],"class_list":{"0":"post-26061","1":"product","2":"type-product","3":"status-publish","4":"has-post-thumbnail","6":"product_cat-projetores","7":"product_cat-varios-pt-pt","9":"first","10":"instock","11":"taxable","12":"shipping-taxable","13":"purchasable","14":"product-type-simple"},"yoast_head":"<!-- This site is optimized with the Yoast SEO plugin v27.4 - https:\/\/yoast.com\/product\/yoast-seo-wordpress\/ -->\n<title>Madeira Teca Kurip\u00e9 - SINCHI RAP\u00c9<\/title>\n<meta name=\"description\" content=\"Kurip\u00e9 esculpido numa \u00fanica pe\u00e7a de madeira de teca, com acabamentos requintados e medidas e \u00e2ngulos ideais para um alinhamento harmonioso.\" \/>\n<meta name=\"robots\" content=\"index, follow, max-snippet:-1, max-image-preview:large, max-video-preview:-1\" \/>\n<link rel=\"canonical\" href=\"https:\/\/www.sinchisinchi.com\/pt-pt\/producto\/rape-kuripe-aplicador\/\" \/>\n<meta property=\"og:locale\" content=\"pt_PT\" \/>\n<meta property=\"og:type\" content=\"article\" \/>\n<meta property=\"og:title\" content=\"Madeira Teca Kurip\u00e9 - SINCHI RAP\u00c9\" \/>\n<meta property=\"og:description\" content=\"Kurip\u00e9 esculpido numa \u00fanica pe\u00e7a de madeira de teca, com acabamentos requintados e medidas e \u00e2ngulos ideais para um alinhamento harmonioso.\" \/>\n<meta property=\"og:url\" content=\"https:\/\/www.sinchisinchi.com\/pt-pt\/producto\/rape-kuripe-aplicador\/\" \/>\n<meta property=\"og:site_name\" content=\"SINCHI RAP\u00c9\" \/>\n<meta property=\"article:publisher\" content=\"https:\/\/www.facebook.com\/sinchirape\/\" \/>\n<meta property=\"article:modified_time\" content=\"2025-11-08T01:50:49+00:00\" \/>\n<meta property=\"og:image\" content=\"https:\/\/www.sinchisinchi.com\/wp-content\/uploads\/2019\/03\/Kuripe-Teca-2.jpg\" \/>\n\t<meta property=\"og:image:width\" content=\"650\" \/>\n\t<meta property=\"og:image:height\" content=\"550\" \/>\n\t<meta property=\"og:image:type\" content=\"image\/jpeg\" \/>\n<meta name=\"twitter:card\" content=\"summary_large_image\" \/>\n<script type=\"application\/ld+json\" class=\"yoast-schema-graph\">{\"@context\":\"https:\\\/\\\/schema.org\",\"@graph\":[{\"@type\":\"WebPage\",\"@id\":\"https:\\\/\\\/www.sinchisinchi.com\\\/pt-pt\\\/producto\\\/rape-kuripe-aplicador\\\/\",\"url\":\"https:\\\/\\\/www.sinchisinchi.com\\\/pt-pt\\\/producto\\\/rape-kuripe-aplicador\\\/\",\"name\":\"Madeira Teca Kurip\u00e9 - SINCHI RAP\u00c9\",\"isPartOf\":{\"@id\":\"https:\\\/\\\/www.sinchisinchi.com\\\/pt-pt\\\/#website\"},\"primaryImageOfPage\":{\"@id\":\"https:\\\/\\\/www.sinchisinchi.com\\\/pt-pt\\\/producto\\\/rape-kuripe-aplicador\\\/#primaryimage\"},\"image\":{\"@id\":\"https:\\\/\\\/www.sinchisinchi.com\\\/pt-pt\\\/producto\\\/rape-kuripe-aplicador\\\/#primaryimage\"},\"thumbnailUrl\":\"https:\\\/\\\/www.sinchisinchi.com\\\/wp-content\\\/uploads\\\/2019\\\/03\\\/Kuripe-Teca-2.jpg\",\"datePublished\":\"2019-03-15T02:55:43+00:00\",\"dateModified\":\"2025-11-08T01:50:49+00:00\",\"description\":\"Kurip\u00e9 esculpido numa \u00fanica pe\u00e7a de madeira de teca, com acabamentos requintados e medidas e \u00e2ngulos ideais para um alinhamento harmonioso.\",\"breadcrumb\":{\"@id\":\"https:\\\/\\\/www.sinchisinchi.com\\\/pt-pt\\\/producto\\\/rape-kuripe-aplicador\\\/#breadcrumb\"},\"inLanguage\":\"pt-PT\",\"potentialAction\":[{\"@type\":\"ReadAction\",\"target\":[\"https:\\\/\\\/www.sinchisinchi.com\\\/pt-pt\\\/producto\\\/rape-kuripe-aplicador\\\/\"]}]},{\"@type\":\"ImageObject\",\"inLanguage\":\"pt-PT\",\"@id\":\"https:\\\/\\\/www.sinchisinchi.com\\\/pt-pt\\\/producto\\\/rape-kuripe-aplicador\\\/#primaryimage\",\"url\":\"https:\\\/\\\/www.sinchisinchi.com\\\/wp-content\\\/uploads\\\/2019\\\/03\\\/Kuripe-Teca-2.jpg\",\"contentUrl\":\"https:\\\/\\\/www.sinchisinchi.com\\\/wp-content\\\/uploads\\\/2019\\\/03\\\/Kuripe-Teca-2.jpg\",\"width\":650,\"height\":550},{\"@type\":\"BreadcrumbList\",\"@id\":\"https:\\\/\\\/www.sinchisinchi.com\\\/pt-pt\\\/producto\\\/rape-kuripe-aplicador\\\/#breadcrumb\",\"itemListElement\":[{\"@type\":\"ListItem\",\"position\":1,\"name\":\"Prima pagina\",\"item\":\"https:\\\/\\\/www.sinchisinchi.com\\\/pt-pt\\\/\"},{\"@type\":\"ListItem\",\"position\":2,\"name\":\"Produtos\",\"item\":\"https:\\\/\\\/www.sinchisinchi.com\\\/pt-pt\\\/shop\\\/\"},{\"@type\":\"ListItem\",\"position\":3,\"name\":\"Kurip\u00e9 em madeira de teca\"}]},{\"@type\":\"WebSite\",\"@id\":\"https:\\\/\\\/www.sinchisinchi.com\\\/pt-pt\\\/#website\",\"url\":\"https:\\\/\\\/www.sinchisinchi.com\\\/pt-pt\\\/\",\"name\":\"SINCHI\",\"description\":\"Sinchi Medicine\",\"publisher\":{\"@id\":\"https:\\\/\\\/www.sinchisinchi.com\\\/pt-pt\\\/#organization\"},\"potentialAction\":[{\"@type\":\"SearchAction\",\"target\":{\"@type\":\"EntryPoint\",\"urlTemplate\":\"https:\\\/\\\/www.sinchisinchi.com\\\/pt-pt\\\/?s={search_term_string}\"},\"query-input\":{\"@type\":\"PropertyValueSpecification\",\"valueRequired\":true,\"valueName\":\"search_term_string\"}}],\"inLanguage\":\"pt-PT\"},{\"@type\":\"Organization\",\"@id\":\"https:\\\/\\\/www.sinchisinchi.com\\\/pt-pt\\\/#organization\",\"name\":\"SINCHI S.L\",\"url\":\"https:\\\/\\\/www.sinchisinchi.com\\\/pt-pt\\\/\",\"logo\":{\"@type\":\"ImageObject\",\"inLanguage\":\"pt-PT\",\"@id\":\"https:\\\/\\\/www.sinchisinchi.com\\\/pt-pt\\\/#\\\/schema\\\/logo\\\/image\\\/\",\"url\":\"https:\\\/\\\/www.sinchisinchi.com\\\/wp-content\\\/uploads\\\/2026\\\/01\\\/3b-Verde-SIMPLIFICADO-HORIZONTAL-F-TRANSPARENTE-scaled.png\",\"contentUrl\":\"https:\\\/\\\/www.sinchisinchi.com\\\/wp-content\\\/uploads\\\/2026\\\/01\\\/3b-Verde-SIMPLIFICADO-HORIZONTAL-F-TRANSPARENTE-scaled.png\",\"width\":2560,\"height\":457,\"caption\":\"SINCHI S.L\"},\"image\":{\"@id\":\"https:\\\/\\\/www.sinchisinchi.com\\\/pt-pt\\\/#\\\/schema\\\/logo\\\/image\\\/\"},\"sameAs\":[\"https:\\\/\\\/www.facebook.com\\\/sinchirape\\\/\",\"https:\\\/\\\/www.instagram.com\\\/sinchi_rape\\\/\"]}]}<\/script>\n<!-- \/ Yoast SEO plugin. -->","yoast_head_json":{"title":"Madeira Teca Kurip\u00e9 - SINCHI RAP\u00c9","description":"Kurip\u00e9 esculpido numa \u00fanica pe\u00e7a de madeira de teca, com acabamentos requintados e medidas e \u00e2ngulos ideais para um alinhamento harmonioso.","robots":{"index":"index","follow":"follow","max-snippet":"max-snippet:-1","max-image-preview":"max-image-preview:large","max-video-preview":"max-video-preview:-1"},"canonical":"https:\/\/www.sinchisinchi.com\/pt-pt\/producto\/rape-kuripe-aplicador\/","og_locale":"pt_PT","og_type":"article","og_title":"Madeira Teca Kurip\u00e9 - SINCHI RAP\u00c9","og_description":"Kurip\u00e9 esculpido numa \u00fanica pe\u00e7a de madeira de teca, com acabamentos requintados e medidas e \u00e2ngulos ideais para um alinhamento harmonioso.","og_url":"https:\/\/www.sinchisinchi.com\/pt-pt\/producto\/rape-kuripe-aplicador\/","og_site_name":"SINCHI RAP\u00c9","article_publisher":"https:\/\/www.facebook.com\/sinchirape\/","article_modified_time":"2025-11-08T01:50:49+00:00","og_image":[{"width":650,"height":550,"url":"https:\/\/www.sinchisinchi.com\/wp-content\/uploads\/2019\/03\/Kuripe-Teca-2.jpg","type":"image\/jpeg"}],"twitter_card":"summary_large_image","schema":{"@context":"https:\/\/schema.org","@graph":[{"@type":"WebPage","@id":"https:\/\/www.sinchisinchi.com\/pt-pt\/producto\/rape-kuripe-aplicador\/","url":"https:\/\/www.sinchisinchi.com\/pt-pt\/producto\/rape-kuripe-aplicador\/","name":"Madeira Teca Kurip\u00e9 - SINCHI RAP\u00c9","isPartOf":{"@id":"https:\/\/www.sinchisinchi.com\/pt-pt\/#website"},"primaryImageOfPage":{"@id":"https:\/\/www.sinchisinchi.com\/pt-pt\/producto\/rape-kuripe-aplicador\/#primaryimage"},"image":{"@id":"https:\/\/www.sinchisinchi.com\/pt-pt\/producto\/rape-kuripe-aplicador\/#primaryimage"},"thumbnailUrl":"https:\/\/www.sinchisinchi.com\/wp-content\/uploads\/2019\/03\/Kuripe-Teca-2.jpg","datePublished":"2019-03-15T02:55:43+00:00","dateModified":"2025-11-08T01:50:49+00:00","description":"Kurip\u00e9 esculpido numa \u00fanica pe\u00e7a de madeira de teca, com acabamentos requintados e medidas e \u00e2ngulos ideais para um alinhamento harmonioso.","breadcrumb":{"@id":"https:\/\/www.sinchisinchi.com\/pt-pt\/producto\/rape-kuripe-aplicador\/#breadcrumb"},"inLanguage":"pt-PT","potentialAction":[{"@type":"ReadAction","target":["https:\/\/www.sinchisinchi.com\/pt-pt\/producto\/rape-kuripe-aplicador\/"]}]},{"@type":"ImageObject","inLanguage":"pt-PT","@id":"https:\/\/www.sinchisinchi.com\/pt-pt\/producto\/rape-kuripe-aplicador\/#primaryimage","url":"https:\/\/www.sinchisinchi.com\/wp-content\/uploads\/2019\/03\/Kuripe-Teca-2.jpg","contentUrl":"https:\/\/www.sinchisinchi.com\/wp-content\/uploads\/2019\/03\/Kuripe-Teca-2.jpg","width":650,"height":550},{"@type":"BreadcrumbList","@id":"https:\/\/www.sinchisinchi.com\/pt-pt\/producto\/rape-kuripe-aplicador\/#breadcrumb","itemListElement":[{"@type":"ListItem","position":1,"name":"Prima pagina","item":"https:\/\/www.sinchisinchi.com\/pt-pt\/"},{"@type":"ListItem","position":2,"name":"Produtos","item":"https:\/\/www.sinchisinchi.com\/pt-pt\/shop\/"},{"@type":"ListItem","position":3,"name":"Kurip\u00e9 em madeira de teca"}]},{"@type":"WebSite","@id":"https:\/\/www.sinchisinchi.com\/pt-pt\/#website","url":"https:\/\/www.sinchisinchi.com\/pt-pt\/","name":"SINCHI","description":"Sinchi Medicine","publisher":{"@id":"https:\/\/www.sinchisinchi.com\/pt-pt\/#organization"},"potentialAction":[{"@type":"SearchAction","target":{"@type":"EntryPoint","urlTemplate":"https:\/\/www.sinchisinchi.com\/pt-pt\/?s={search_term_string}"},"query-input":{"@type":"PropertyValueSpecification","valueRequired":true,"valueName":"search_term_string"}}],"inLanguage":"pt-PT"},{"@type":"Organization","@id":"https:\/\/www.sinchisinchi.com\/pt-pt\/#organization","name":"SINCHI S.L","url":"https:\/\/www.sinchisinchi.com\/pt-pt\/","logo":{"@type":"ImageObject","inLanguage":"pt-PT","@id":"https:\/\/www.sinchisinchi.com\/pt-pt\/#\/schema\/logo\/image\/","url":"https:\/\/www.sinchisinchi.com\/wp-content\/uploads\/2026\/01\/3b-Verde-SIMPLIFICADO-HORIZONTAL-F-TRANSPARENTE-scaled.png","contentUrl":"https:\/\/www.sinchisinchi.com\/wp-content\/uploads\/2026\/01\/3b-Verde-SIMPLIFICADO-HORIZONTAL-F-TRANSPARENTE-scaled.png","width":2560,"height":457,"caption":"SINCHI S.L"},"image":{"@id":"https:\/\/www.sinchisinchi.com\/pt-pt\/#\/schema\/logo\/image\/"},"sameAs":["https:\/\/www.facebook.com\/sinchirape\/","https:\/\/www.instagram.com\/sinchi_rape\/"]}]}},"_links":{"self":[{"href":"https:\/\/www.sinchisinchi.com\/pt-pt\/wp-json\/wp\/v2\/product\/26061","targetHints":{"allow":["GET"]}}],"collection":[{"href":"https:\/\/www.sinchisinchi.com\/pt-pt\/wp-json\/wp\/v2\/product"}],"about":[{"href":"https:\/\/www.sinchisinchi.com\/pt-pt\/wp-json\/wp\/v2\/types\/product"}],"wp:featuredmedia":[{"embeddable":true,"href":"https:\/\/www.sinchisinchi.com\/pt-pt\/wp-json\/wp\/v2\/media\/28931"}],"wp:attachment":[{"href":"https:\/\/www.sinchisinchi.com\/pt-pt\/wp-json\/wp\/v2\/media?parent=26061"}],"wp:term":[{"taxonomy":"product_brand","embeddable":true,"href":"https:\/\/www.sinchisinchi.com\/pt-pt\/wp-json\/wp\/v2\/product_brand?post=26061"},{"taxonomy":"product_cat","embeddable":true,"href":"https:\/\/www.sinchisinchi.com\/pt-pt\/wp-json\/wp\/v2\/product_cat?post=26061"},{"taxonomy":"product_tag","embeddable":true,"href":"https:\/\/www.sinchisinchi.com\/pt-pt\/wp-json\/wp\/v2\/product_tag?post=26061"}],"curies":[{"name":"wp","href":"https:\/\/api.w.org\/{rel}","templated":true}]}}