{"id":26073,"date":"2018-12-09T01:14:50","date_gmt":"2018-12-09T01:14:50","guid":{"rendered":"https:\/\/www.sinchisinchi.com\/producto\/sananga\/"},"modified":"2026-04-29T10:54:37","modified_gmt":"2026-04-29T10:54:37","slug":"sananga","status":"publish","type":"product","link":"https:\/\/www.sinchisinchi.com\/pt-pt\/producto\/sananga\/","title":{"rendered":"Sananga"},"content":{"rendered":"<div class=\"row\"  id=\"row-43284094\">\n\n\t<div id=\"col-1380581092\" class=\"col medium-3 small-12 large-3\"  >\n\t\t\t\t<div class=\"col-inner\"  >\n\t\t\t\n\t\t\t\n\t\t<\/div>\n\t\t\t\t\t<\/div>\n\n\t\n\n\t<div id=\"col-1892944421\" class=\"col medium-6 small-12 large-6\"  >\n\t\t\t\t<div class=\"col-inner\"  >\n\t\t\t\n\t\t\t\n\t<div class=\"img has-hover x md-x lg-x y md-y lg-y\" id=\"image_1546037251\">\n\t\t\t\t\t\t\t\t<div class=\"img-inner dark\" >\n\t\t\t<img loading=\"lazy\" decoding=\"async\" width=\"500\" height=\"333\" src=\"https:\/\/www.sinchisinchi.com\/wp-content\/uploads\/2018\/12\/img_7129.jpg\" class=\"attachment-large size-large\" alt=\"Sananga comprar online\" srcset=\"https:\/\/www.sinchisinchi.com\/wp-content\/uploads\/2018\/12\/img_7129.jpg 500w, https:\/\/www.sinchisinchi.com\/wp-content\/uploads\/2018\/12\/img_7129-247x165.jpg 247w, https:\/\/www.sinchisinchi.com\/wp-content\/uploads\/2018\/12\/img_7129-300x200.jpg 300w\" sizes=\"auto, (max-width: 500px) 100vw, 500px\" \/>\t\t\t\t\t\t\n\t\t\t\t\t<\/div>\n\t\t\t\t\t\t\t\t\n<style>\n#image_1546037251 {\n  width: 100%;\n}\n<\/style>\n\t<\/div>\n\t\n\t\t<\/div>\n\t\t\t\t\t<\/div>\n\n\t\n\n\t<div id=\"col-1400576704\" class=\"col medium-3 small-12 large-3\"  >\n\t\t\t\t<div class=\"col-inner\"  >\n\t\t\t\n\t\t\t\n\t\t<\/div>\n\t\t\t\t\t<\/div>\n\n\t\n<\/div>\n\t<div id=\"gap-830694586\" class=\"gap-element clearfix\" style=\"display:block; height:auto;\">\n\t\t\n<style>\n#gap-830694586 {\n  padding-top: 30px;\n}\n<\/style>\n\t<\/div>\n\t\n<h2 style=\"text-align: center;\"><strong>A Planta Sananga: O que \u00e9?<\/strong><\/h2>\n<p><strong>Sananga ou Cyperus articulatus,<\/strong> \u00e9 uma planta tropical que cresce ao longo dos rios da Amaz\u00f3nia e pertence \u00e0 fam\u00edlia Cyperaceae.<\/p>\n<p>A Sananga \u00e9 uma planta origin\u00e1ria da Amaz\u00f3nia, mas cresce em muitas outras \u00e1reas tropicais, incluindo \u00c1frica e \u00c1sia. Existem cerca de 30 tipos diferentes de Sananga, pertencentes a tr\u00eas esp\u00e9cies: Eleutherine bulbosa, Cyperus articulatus e Cyperus prolixus Kunth.<\/p>\n<p>A sananga \u00e9 utilizada pelas tribos ind\u00edgenas da Amaz\u00f3nia para melhorar a vis\u00e3o e, consequentemente, as suas capacidades de ca\u00e7a (utilizada como col\u00edrio), al\u00e9m de ser utilizada para diversos fins medicinais, como o tratamento de mordeduras de cobra e febres.<\/p>\n\t<div id=\"gap-99982070\" class=\"gap-element clearfix\" style=\"display:block; height:auto;\">\n\t\t\n<style>\n#gap-99982070 {\n  padding-top: 30px;\n}\n<\/style>\n\t<\/div>\n\t\n<div class=\"row\"  id=\"row-156618682\">\n\n\t<div id=\"col-868746656\" class=\"col medium-1 small-12 large-1\"  >\n\t\t\t\t<div class=\"col-inner\"  >\n\t\t\t\n\t\t\t\n\t\t<\/div>\n\t\t\t\t\t<\/div>\n\n\t\n\n\t<div id=\"col-1115846050\" class=\"col medium-10 small-12 large-10\"  >\n\t\t\t\t<div class=\"col-inner\"  >\n\t\t\t\n\t\t\t\n<div class=\"video video-fit mb\" style=\"padding-top:56.25%;\"><p><iframe loading=\"lazy\" title=\"Sananga Ceremony | My Experience\" width=\"1020\" height=\"574\" src=\"https:\/\/www.youtube.com\/embed\/ZdjIOGSMgv8?feature=oembed&#038;enablejsapi=1&#038;origin=https:\/\/www.sinchisinchi.com\" frameborder=\"0\" allow=\"accelerometer; autoplay; clipboard-write; encrypted-media; gyroscope; picture-in-picture; web-share\" referrerpolicy=\"strict-origin-when-cross-origin\" allowfullscreen><\/iframe><\/p>\n<\/div>\n\t\t<\/div>\n\t\t\t\t\t<\/div>\n\n\t\n\n\t<div id=\"col-1656778195\" class=\"col medium-1 small-12 large-1\"  >\n\t\t\t\t<div class=\"col-inner\"  >\n\t\t\t\n\t\t\t\n\t\t<\/div>\n\t\t\t\t\t<\/div>\n\n\t\n<\/div>\n\t<div id=\"gap-316259610\" class=\"gap-element clearfix\" style=\"display:block; height:auto;\">\n\t\t\n<style>\n#gap-316259610 {\n  padding-top: 30px;\n}\n<\/style>\n\t<\/div>\n\t\n<h2 style=\"text-align: center;\"><strong>Col\u00edrio Sananga<\/strong><\/h2>\n<h3 style=\"text-align: center;\"><strong>Benef\u00edcios e propriedades medicinais:<\/strong><\/h3>\n<h4 style=\"text-align: center;\"><strong>Efeitos da Sananga no N\u00edvel Energ\u00e9tico<\/strong><\/h4>\n<p>&#8211; Sananga ajuda a abrir a vis\u00e3o interior, o terceiro olho.<\/p>\n<p>&#8211; Activa a gl\u00e2ndula pineal.<\/p>\n<p>&#8211; Limpa a confus\u00e3o mental.<\/p>\n<p>&#8211; Ajuda a alinhar e a abrir os chakras, especialmente o terceiro olho e o chakra coron\u00e1rio.<\/p>\n<p>&#8211; Sananga ajuda a limpar profundamente nos n\u00edveis energ\u00e9tico, f\u00edsico, emocional e espiritual.<\/p>\n<p>&#8211; Ajuda a libertar traumas passados, libertando energias negativas estagnadas, fechando buracos nos nossos campos energ\u00e9ticos causados \u200b\u200bpor estilos de vida negativos.<\/p>\n<p>&#8211; Elimina cargas e acumula\u00e7\u00f5es de energia negativa.<\/p>\n<p>&#8211; Melhora o sonho l\u00facido.<\/p>\n<p>A tribo Shipibo tamb\u00e9m utiliza gotas de Sananga para aumentar a sua capacidade de concentra\u00e7\u00e3o em trabalhos manuais como costura, pintura e bordado de tecidos, pelos quais s\u00e3o famosos. Desde cedo, as mulheres Shipibo s\u00e3o iniciadas nesta pr\u00e1tica pelas suas m\u00e3es e av\u00f3s. A Shipiba diz: &#8220;Quando era pequena, a minha m\u00e3e colocava-me gotas de Sananga nos olhos para que eu tivesse vis\u00e3o para os desenhos das minhas pinturas.&#8221;<\/p>\n<p>A Sananga \u00e9 frequentemente utilizada antes e durante as cerim\u00f3nias de Ayahuasca, pois ap\u00f3s a sua utiliza\u00e7\u00e3o como col\u00edrio, as vis\u00f5es tornam-se mais claras e detalhadas. Algumas tribos utilizam mesmo a Sananga como aditivo \u00e0 sua bebida de Ayahuasca.<\/p>\n<h4 style=\"text-align: center;\"><strong>Efeitos da Sananga no N\u00edvel F\u00edsico<\/strong><\/h4>\n<p>A sananga \u00e9 tamb\u00e9m \u00fatil em algumas doen\u00e7as psicossom\u00e1ticas, pois os olhos s\u00e3o as janelas atrav\u00e9s das quais percebemos este mundo. Portanto, esta medicina natural ajuda a equilibrar e a curar desequil\u00edbrios na perce\u00e7\u00e3o do que acontece \u00e0 nossa volta, proporcionando harmonia e consequente cura espiritual, emocional e f\u00edsica.<\/p>\n<p>Tradicionalmente, \u00e9 utilizado para combater a mal\u00e1ria aplicado por infus\u00e3o nasal. Quando utilizado em feridas, \u00e9 cortado e aplicado externamente. Para problemas digestivos ou n\u00e1useas, \u00e9 aplicado como uma tintura. Para a tosse e febres, e para uso como ant\u00eddoto, \u00e9 aplicado oralmente por decoc\u00e7\u00e3o.<\/p>\n<p>As flores e as folhas s\u00e3o utilizadas para fazer um ch\u00e1 que tem fortes efeitos afrodis\u00edacos e tamb\u00e9m aumenta os sonhos l\u00facidos. Por fim, quando os rizomas secos s\u00e3o misturados com o tabaco e fumados, est\u00e3o descritos efeitos alucinog\u00e9nios.<\/p>\n<p>Sananga ajuda ainda a aliviar problemas dent\u00e1rios, a combater feridas e a curar diversas les\u00f5es oculares. Alivia n\u00e1useas e v\u00f3mitos, ajuda em problemas intestinais\/digestivos e acalma\/tranquiliza<\/p>\n<p>A sananga era muito utilizada na tribo Shipibo como contraceptivo, abortivo e para prevenir dores durante o parto, provavelmente devido ao seu conte\u00fado em alcal\u00f3ide do ergot.<\/p>\n\t<div id=\"gap-1316812378\" class=\"gap-element clearfix\" style=\"display:block; height:auto;\">\n\t\t\n<style>\n#gap-1316812378 {\n  padding-top: 30px;\n}\n<\/style>\n\t<\/div>\n\t\n<div class=\"row\"  id=\"row-1297197932\">\n\n\t<div id=\"col-589533295\" class=\"col medium-2 small-12 large-2\"  >\n\t\t\t\t<div class=\"col-inner\"  >\n\t\t\t\n\t\t\t\n\t\t<\/div>\n\t\t\t\t\t<\/div>\n\n\t\n\n\t<div id=\"col-1074622819\" class=\"col medium-7 small-12 large-7\"  >\n\t\t\t\t<div class=\"col-inner\"  >\n\t\t\t\n\t\t\t\n\t<div class=\"img has-hover x md-x lg-x y md-y lg-y\" id=\"image_819364285\">\n\t\t\t\t\t\t\t\t<div class=\"img-inner dark\" >\n\t\t\t<img loading=\"lazy\" decoding=\"async\" width=\"500\" height=\"250\" src=\"https:\/\/www.sinchisinchi.com\/wp-content\/uploads\/2018\/12\/sananga-comprar-2.jpg\" class=\"attachment-large size-large\" alt=\"sananga comprar online en Espa\u00f1a\" srcset=\"https:\/\/www.sinchisinchi.com\/wp-content\/uploads\/2018\/12\/sananga-comprar-2.jpg 500w, https:\/\/www.sinchisinchi.com\/wp-content\/uploads\/2018\/12\/sananga-comprar-2-247x124.jpg 247w, https:\/\/www.sinchisinchi.com\/wp-content\/uploads\/2018\/12\/sananga-comprar-2-300x150.jpg 300w\" sizes=\"auto, (max-width: 500px) 100vw, 500px\" \/>\t\t\t\t\t\t\n\t\t\t\t\t<\/div>\n\t\t\t\t\t\t\t\t\n<style>\n#image_819364285 {\n  width: 100%;\n}\n<\/style>\n\t<\/div>\n\t\n\t\t<\/div>\n\t\t\t\t\t<\/div>\n\n\t\n\n\t<div id=\"col-290732190\" class=\"col medium-3 small-12 large-3\"  >\n\t\t\t\t<div class=\"col-inner\"  >\n\t\t\t\n\t\t\t\n\t\t<\/div>\n\t\t\t\t\t<\/div>\n\n\t\n<\/div>\n\t<div id=\"gap-1729304204\" class=\"gap-element clearfix\" style=\"display:block; height:auto;\">\n\t\t\n<style>\n#gap-1729304204 {\n  padding-top: 30px;\n}\n<\/style>\n\t<\/div>\n\t\n<h4 style=\"text-align: center;\"><strong>Aplica\u00e7\u00e3o e dosagem de gotas de Sananga<\/strong><\/h4>\n<p>\u00c9 recomend\u00e1vel encontrar um local sossegado e utiliz\u00e1-lo de prefer\u00eancia \u00e0 tarde, para que os olhos possam descansar.<\/p>\n<p>Pode ser uma boa ideia ter um parceiro para o ajudar a aplic\u00e1-lo.<\/p>\n<p>\u00c9 aconselh\u00e1vel deitar-se para permitir uma aplica\u00e7\u00e3o adequada e deixar os olhos fechados durante a sess\u00e3o. 1 a 2 gotas por olho s\u00e3o suficientes para uma sess\u00e3o.<\/p>\n<p>Depois bata rapidamente para distribuir o l\u00edquido. \u00c9 importante aplic\u00e1-lo em ambos os olhos para equilibrar o canal energ\u00e9tico.<\/p>\n<p>Quando aplicado, produz uma sensa\u00e7\u00e3o de ardor que dura at\u00e9 tr\u00eas minutos, dependendo da condi\u00e7\u00e3o do utilizador e da frequ\u00eancia com que o indiv\u00edduo usa Sananga. Este ardor d\u00e1 lugar a um sentimento de totalidade e presen\u00e7a, profundamente imerso num momento intemporal.<\/p>\n<p>Na manh\u00e3 seguinte, os seus olhos podem ficar um pouco sens\u00edveis e secos, pode lav\u00e1-los com \u00e1gua fria e esta passar\u00e1 em breve; Faz parte do processo de limpeza que Sananga proporciona.<\/p>\n<h4 style=\"text-align: center;\"><strong>Ingredientes ativos de Sananga, Col\u00edrio Ancestral<\/strong><\/h4>\n<p>A Sananga cont\u00e9m v\u00e1rios alcal\u00f3ides, incluindo flavon\u00f3ides, polifen\u00f3is, saponinas, taninos e terpenos, embora a sua ac\u00e7\u00e3o biol\u00f3gica seja atribu\u00edda principalmente \u00e0s ciperonas.<\/p>\n<p>Um dos ingredientes ativos encontrados \u00e9 a iboga\u00edna. A iboga\u00edna provoca uma experi\u00eancia psicoativa que pode levar algumas pessoas a transi\u00e7\u00f5es e\/ou vis\u00f5es r\u00e1pidas.<\/p>\n<p>O espectro completo de efeitos e ingredientes bioativos desta planta ainda n\u00e3o est\u00e1 totalmente esclarecido. Al\u00e9m disso, como a planta n\u00e3o se reproduz por sementes, mas sim pela vegeta\u00e7\u00e3o, existem muitas subesp\u00e9cies diferentes de Sananga com diferentes composi\u00e7\u00f5es alcal\u00f3ides.<\/p>\n\t<div id=\"gap-1098460089\" class=\"gap-element clearfix\" style=\"display:block; height:auto;\">\n\t\t\n<style>\n#gap-1098460089 {\n  padding-top: 30px;\n}\n<\/style>\n\t<\/div>\n\t\n<div class=\"row\"  id=\"row-632767211\">\n\n\t<div id=\"col-900573156\" class=\"col medium-2 small-12 large-2\"  >\n\t\t\t\t<div class=\"col-inner\"  >\n\t\t\t\n\t\t\t\n\t\t<\/div>\n\t\t\t\t\t<\/div>\n\n\t\n\n\t<div id=\"col-1426045149\" class=\"col medium-8 small-12 large-8\"  >\n\t\t\t\t<div class=\"col-inner\"  >\n\t\t\t\n\t\t\t\n\t<div class=\"img has-hover x md-x lg-x y md-y lg-y\" id=\"image_1140597579\">\n\t\t\t\t\t\t\t\t<div class=\"img-inner dark\" >\n\t\t\t<img loading=\"lazy\" decoding=\"async\" width=\"1020\" height=\"631\" src=\"https:\/\/www.sinchisinchi.com\/wp-content\/uploads\/2018\/12\/ob_015fe0_tabernaemontana-undulata-8-1024x633.jpg\" class=\"attachment-large size-large\" alt=\"\" srcset=\"https:\/\/www.sinchisinchi.com\/wp-content\/uploads\/2018\/12\/ob_015fe0_tabernaemontana-undulata-8-1024x633.jpg 1024w, https:\/\/www.sinchisinchi.com\/wp-content\/uploads\/2018\/12\/ob_015fe0_tabernaemontana-undulata-8-600x371.jpg 600w, https:\/\/www.sinchisinchi.com\/wp-content\/uploads\/2018\/12\/ob_015fe0_tabernaemontana-undulata-8-768x475.jpg 768w, https:\/\/www.sinchisinchi.com\/wp-content\/uploads\/2018\/12\/ob_015fe0_tabernaemontana-undulata-8-1536x949.jpg 1536w, https:\/\/www.sinchisinchi.com\/wp-content\/uploads\/2018\/12\/ob_015fe0_tabernaemontana-undulata-8-247x153.jpg 247w, https:\/\/www.sinchisinchi.com\/wp-content\/uploads\/2018\/12\/ob_015fe0_tabernaemontana-undulata-8-510x315.jpg 510w, https:\/\/www.sinchisinchi.com\/wp-content\/uploads\/2018\/12\/ob_015fe0_tabernaemontana-undulata-8.jpg 1600w\" sizes=\"auto, (max-width: 1020px) 100vw, 1020px\" \/>\t\t\t\t\t\t\n\t\t\t\t\t<\/div>\n\t\t\t\t\t\t\t\t\n<style>\n#image_1140597579 {\n  width: 100%;\n}\n<\/style>\n\t<\/div>\n\t\n\t\t<\/div>\n\t\t\t\t\t<\/div>\n\n\t\n\n\t<div id=\"col-751355061\" class=\"col medium-2 small-12 large-2\"  >\n\t\t\t\t<div class=\"col-inner\"  >\n\t\t\t\n\t\t\t\n\t\t<\/div>\n\t\t\t\t\t<\/div>\n\n\t\n<\/div>\n\t<div id=\"gap-1503262033\" class=\"gap-element clearfix\" style=\"display:block; height:auto;\">\n\t\t\n<style>\n#gap-1503262033 {\n  padding-top: 30px;\n}\n<\/style>\n\t<\/div>\n\t\n<h4 style=\"text-align: center;\"><strong>Prepara\u00e7\u00e3o de Sananga, Medicina Ancestral<\/strong><\/h4>\n<p>A receita mais comum \u00e9 secar os rizomas ou caules e pulveriz\u00e1-los, para depois os preparar como ch\u00e1 ou col\u00edrio. No entanto, cada tribo tem a sua pr\u00f3pria forma de utilizar esta planta m\u00e1gica. A tribo Shipibo, por exemplo, esmaga rizomas frescos e extrai o sumo para fazer col\u00edrios.<\/p>\n<h4 style=\"text-align: center;\"><strong>Sananga e os Huni Kuin &#8211; Kaxinaw\u00e1<\/strong><\/h4>\n<p>A tribo Kaxinaw\u00e1 tem a tradi\u00e7\u00e3o ancestral de utilizar uma ou duas gotas de sananga em cada olho antes de sair para ca\u00e7ar; agu\u00e7a a sua vis\u00e3o, tornando mais f\u00e1cil distinguir os animais mesmo no escuro. Al\u00e9m de destacar texturas visuais, profundidade, cores; Segundo os \u00edndios, auxilia o instinto de ca\u00e7a na procura de presas na selva.<\/p>\n","protected":false},"excerpt":{"rendered":"<p>A sananga \u00e9 uma medicina milenar amaz\u00f3nica que \u00e9 utilizada sob a forma de gotas aplicadas nos olhos como col\u00edrio.<\/p>\n<p>Na Amaz\u00f3nia, o col\u00edrio Sananga \u00e9 muito utilizado por v\u00e1rias tribos, pois os efeitos do Sananga ajudam-nos a melhorar as suas capacidades de ca\u00e7a, melhorando a vis\u00e3o no escuro e na profundidade de campo, com uma vis\u00e3o mais n\u00edtida e refinada.<\/p>\n<p>&nbsp;<\/p>\n<p><strong>Apresenta\u00e7\u00e3o:<\/strong> 5ml<\/p>\n<p><strong>Precau\u00e7\u00f5es:<\/strong> As lentes de contacto devem ser removidas antes de aplicar Sananga.<\/p>\n<p><strong>Armazenamento:<\/strong> Mantenha o frasco refrigerado.<\/p>\n","protected":false},"featured_media":12334,"template":"","meta":{"_joinchat":[]},"product_brand":[],"product_cat":[659],"product_tag":[],"class_list":{"0":"post-26073","1":"product","2":"type-product","3":"status-publish","4":"has-post-thumbnail","6":"product_cat-liquido-pt-pt","8":"first","9":"instock","10":"taxable","11":"shipping-taxable","12":"purchasable","13":"product-type-simple"},"yoast_head":"<!-- This site is optimized with the Yoast SEO plugin v27.4 - https:\/\/yoast.com\/product\/yoast-seo-wordpress\/ -->\n<title>Comprar Sananga: Col\u00edrio ancestral de tribos da Amaz\u00f3nia<\/title>\n<meta name=\"description\" content=\"Comprar Sananga: Na Amaz\u00f3nia, a Sananga tem sido utilizada h\u00e1 milhares de anos pelas tribos para fortalecer a vis\u00e3o a todos os n\u00edveis.\" \/>\n<meta name=\"robots\" content=\"index, follow, max-snippet:-1, max-image-preview:large, max-video-preview:-1\" \/>\n<link rel=\"canonical\" href=\"https:\/\/www.sinchisinchi.com\/pt-pt\/producto\/sananga\/\" \/>\n<meta property=\"og:locale\" content=\"pt_PT\" \/>\n<meta property=\"og:type\" content=\"article\" \/>\n<meta property=\"og:title\" content=\"Comprar Sananga: Col\u00edrio ancestral de tribos da Amaz\u00f3nia\" \/>\n<meta property=\"og:description\" content=\"Comprar Sananga: Na Amaz\u00f3nia, a Sananga tem sido utilizada h\u00e1 milhares de anos pelas tribos para fortalecer a vis\u00e3o a todos os n\u00edveis.\" \/>\n<meta property=\"og:url\" content=\"https:\/\/www.sinchisinchi.com\/pt-pt\/producto\/sananga\/\" \/>\n<meta property=\"og:site_name\" content=\"SINCHI RAP\u00c9\" \/>\n<meta property=\"article:publisher\" content=\"https:\/\/www.facebook.com\/sinchirape\/\" \/>\n<meta property=\"article:modified_time\" content=\"2026-04-29T10:54:37+00:00\" \/>\n<meta property=\"og:image\" content=\"https:\/\/www.sinchisinchi.com\/wp-content\/uploads\/2018\/12\/3IR0008.jpg\" \/>\n\t<meta property=\"og:image:width\" content=\"700\" \/>\n\t<meta property=\"og:image:height\" content=\"700\" \/>\n\t<meta property=\"og:image:type\" content=\"image\/jpeg\" \/>\n<meta name=\"twitter:card\" content=\"summary_large_image\" \/>\n<meta name=\"twitter:label1\" content=\"Tempo estimado de leitura\" \/>\n\t<meta name=\"twitter:data1\" content=\"5 minutos\" \/>\n<script type=\"application\/ld+json\" class=\"yoast-schema-graph\">{\"@context\":\"https:\\\/\\\/schema.org\",\"@graph\":[{\"@type\":\"WebPage\",\"@id\":\"https:\\\/\\\/www.sinchisinchi.com\\\/pt-pt\\\/producto\\\/sananga\\\/\",\"url\":\"https:\\\/\\\/www.sinchisinchi.com\\\/pt-pt\\\/producto\\\/sananga\\\/\",\"name\":\"Comprar Sananga: Col\u00edrio ancestral de tribos da Amaz\u00f3nia\",\"isPartOf\":{\"@id\":\"https:\\\/\\\/www.sinchisinchi.com\\\/pt-pt\\\/#website\"},\"primaryImageOfPage\":{\"@id\":\"https:\\\/\\\/www.sinchisinchi.com\\\/pt-pt\\\/producto\\\/sananga\\\/#primaryimage\"},\"image\":{\"@id\":\"https:\\\/\\\/www.sinchisinchi.com\\\/pt-pt\\\/producto\\\/sananga\\\/#primaryimage\"},\"thumbnailUrl\":\"https:\\\/\\\/www.sinchisinchi.com\\\/wp-content\\\/uploads\\\/2018\\\/12\\\/3IR0008.jpg\",\"datePublished\":\"2018-12-09T01:14:50+00:00\",\"dateModified\":\"2026-04-29T10:54:37+00:00\",\"description\":\"Comprar Sananga: Na Amaz\u00f3nia, a Sananga tem sido utilizada h\u00e1 milhares de anos pelas tribos para fortalecer a vis\u00e3o a todos os n\u00edveis.\",\"breadcrumb\":{\"@id\":\"https:\\\/\\\/www.sinchisinchi.com\\\/pt-pt\\\/producto\\\/sananga\\\/#breadcrumb\"},\"inLanguage\":\"pt-PT\",\"potentialAction\":[{\"@type\":\"ReadAction\",\"target\":[\"https:\\\/\\\/www.sinchisinchi.com\\\/pt-pt\\\/producto\\\/sananga\\\/\"]}]},{\"@type\":\"ImageObject\",\"inLanguage\":\"pt-PT\",\"@id\":\"https:\\\/\\\/www.sinchisinchi.com\\\/pt-pt\\\/producto\\\/sananga\\\/#primaryimage\",\"url\":\"https:\\\/\\\/www.sinchisinchi.com\\\/wp-content\\\/uploads\\\/2018\\\/12\\\/3IR0008.jpg\",\"contentUrl\":\"https:\\\/\\\/www.sinchisinchi.com\\\/wp-content\\\/uploads\\\/2018\\\/12\\\/3IR0008.jpg\",\"width\":700,\"height\":700},{\"@type\":\"BreadcrumbList\",\"@id\":\"https:\\\/\\\/www.sinchisinchi.com\\\/pt-pt\\\/producto\\\/sananga\\\/#breadcrumb\",\"itemListElement\":[{\"@type\":\"ListItem\",\"position\":1,\"name\":\"Prima pagina\",\"item\":\"https:\\\/\\\/www.sinchisinchi.com\\\/pt-pt\\\/\"},{\"@type\":\"ListItem\",\"position\":2,\"name\":\"Produtos\",\"item\":\"https:\\\/\\\/www.sinchisinchi.com\\\/pt-pt\\\/shop\\\/\"},{\"@type\":\"ListItem\",\"position\":3,\"name\":\"Sananga\"}]},{\"@type\":\"WebSite\",\"@id\":\"https:\\\/\\\/www.sinchisinchi.com\\\/pt-pt\\\/#website\",\"url\":\"https:\\\/\\\/www.sinchisinchi.com\\\/pt-pt\\\/\",\"name\":\"SINCHI\",\"description\":\"Sinchi Medicine\",\"publisher\":{\"@id\":\"https:\\\/\\\/www.sinchisinchi.com\\\/pt-pt\\\/#organization\"},\"potentialAction\":[{\"@type\":\"SearchAction\",\"target\":{\"@type\":\"EntryPoint\",\"urlTemplate\":\"https:\\\/\\\/www.sinchisinchi.com\\\/pt-pt\\\/?s={search_term_string}\"},\"query-input\":{\"@type\":\"PropertyValueSpecification\",\"valueRequired\":true,\"valueName\":\"search_term_string\"}}],\"inLanguage\":\"pt-PT\"},{\"@type\":\"Organization\",\"@id\":\"https:\\\/\\\/www.sinchisinchi.com\\\/pt-pt\\\/#organization\",\"name\":\"SINCHI S.L\",\"url\":\"https:\\\/\\\/www.sinchisinchi.com\\\/pt-pt\\\/\",\"logo\":{\"@type\":\"ImageObject\",\"inLanguage\":\"pt-PT\",\"@id\":\"https:\\\/\\\/www.sinchisinchi.com\\\/pt-pt\\\/#\\\/schema\\\/logo\\\/image\\\/\",\"url\":\"https:\\\/\\\/www.sinchisinchi.com\\\/wp-content\\\/uploads\\\/2026\\\/01\\\/3b-Verde-SIMPLIFICADO-HORIZONTAL-F-TRANSPARENTE-scaled.png\",\"contentUrl\":\"https:\\\/\\\/www.sinchisinchi.com\\\/wp-content\\\/uploads\\\/2026\\\/01\\\/3b-Verde-SIMPLIFICADO-HORIZONTAL-F-TRANSPARENTE-scaled.png\",\"width\":2560,\"height\":457,\"caption\":\"SINCHI S.L\"},\"image\":{\"@id\":\"https:\\\/\\\/www.sinchisinchi.com\\\/pt-pt\\\/#\\\/schema\\\/logo\\\/image\\\/\"},\"sameAs\":[\"https:\\\/\\\/www.facebook.com\\\/sinchirape\\\/\",\"https:\\\/\\\/www.instagram.com\\\/sinchi_rape\\\/\"]}]}<\/script>\n<!-- \/ Yoast SEO plugin. -->","yoast_head_json":{"title":"Comprar Sananga: Col\u00edrio ancestral de tribos da Amaz\u00f3nia","description":"Comprar Sananga: Na Amaz\u00f3nia, a Sananga tem sido utilizada h\u00e1 milhares de anos pelas tribos para fortalecer a vis\u00e3o a todos os n\u00edveis.","robots":{"index":"index","follow":"follow","max-snippet":"max-snippet:-1","max-image-preview":"max-image-preview:large","max-video-preview":"max-video-preview:-1"},"canonical":"https:\/\/www.sinchisinchi.com\/pt-pt\/producto\/sananga\/","og_locale":"pt_PT","og_type":"article","og_title":"Comprar Sananga: Col\u00edrio ancestral de tribos da Amaz\u00f3nia","og_description":"Comprar Sananga: Na Amaz\u00f3nia, a Sananga tem sido utilizada h\u00e1 milhares de anos pelas tribos para fortalecer a vis\u00e3o a todos os n\u00edveis.","og_url":"https:\/\/www.sinchisinchi.com\/pt-pt\/producto\/sananga\/","og_site_name":"SINCHI RAP\u00c9","article_publisher":"https:\/\/www.facebook.com\/sinchirape\/","article_modified_time":"2026-04-29T10:54:37+00:00","og_image":[{"width":700,"height":700,"url":"https:\/\/www.sinchisinchi.com\/wp-content\/uploads\/2018\/12\/3IR0008.jpg","type":"image\/jpeg"}],"twitter_card":"summary_large_image","twitter_misc":{"Tempo estimado de leitura":"5 minutos"},"schema":{"@context":"https:\/\/schema.org","@graph":[{"@type":"WebPage","@id":"https:\/\/www.sinchisinchi.com\/pt-pt\/producto\/sananga\/","url":"https:\/\/www.sinchisinchi.com\/pt-pt\/producto\/sananga\/","name":"Comprar Sananga: Col\u00edrio ancestral de tribos da Amaz\u00f3nia","isPartOf":{"@id":"https:\/\/www.sinchisinchi.com\/pt-pt\/#website"},"primaryImageOfPage":{"@id":"https:\/\/www.sinchisinchi.com\/pt-pt\/producto\/sananga\/#primaryimage"},"image":{"@id":"https:\/\/www.sinchisinchi.com\/pt-pt\/producto\/sananga\/#primaryimage"},"thumbnailUrl":"https:\/\/www.sinchisinchi.com\/wp-content\/uploads\/2018\/12\/3IR0008.jpg","datePublished":"2018-12-09T01:14:50+00:00","dateModified":"2026-04-29T10:54:37+00:00","description":"Comprar Sananga: Na Amaz\u00f3nia, a Sananga tem sido utilizada h\u00e1 milhares de anos pelas tribos para fortalecer a vis\u00e3o a todos os n\u00edveis.","breadcrumb":{"@id":"https:\/\/www.sinchisinchi.com\/pt-pt\/producto\/sananga\/#breadcrumb"},"inLanguage":"pt-PT","potentialAction":[{"@type":"ReadAction","target":["https:\/\/www.sinchisinchi.com\/pt-pt\/producto\/sananga\/"]}]},{"@type":"ImageObject","inLanguage":"pt-PT","@id":"https:\/\/www.sinchisinchi.com\/pt-pt\/producto\/sananga\/#primaryimage","url":"https:\/\/www.sinchisinchi.com\/wp-content\/uploads\/2018\/12\/3IR0008.jpg","contentUrl":"https:\/\/www.sinchisinchi.com\/wp-content\/uploads\/2018\/12\/3IR0008.jpg","width":700,"height":700},{"@type":"BreadcrumbList","@id":"https:\/\/www.sinchisinchi.com\/pt-pt\/producto\/sananga\/#breadcrumb","itemListElement":[{"@type":"ListItem","position":1,"name":"Prima pagina","item":"https:\/\/www.sinchisinchi.com\/pt-pt\/"},{"@type":"ListItem","position":2,"name":"Produtos","item":"https:\/\/www.sinchisinchi.com\/pt-pt\/shop\/"},{"@type":"ListItem","position":3,"name":"Sananga"}]},{"@type":"WebSite","@id":"https:\/\/www.sinchisinchi.com\/pt-pt\/#website","url":"https:\/\/www.sinchisinchi.com\/pt-pt\/","name":"SINCHI","description":"Sinchi Medicine","publisher":{"@id":"https:\/\/www.sinchisinchi.com\/pt-pt\/#organization"},"potentialAction":[{"@type":"SearchAction","target":{"@type":"EntryPoint","urlTemplate":"https:\/\/www.sinchisinchi.com\/pt-pt\/?s={search_term_string}"},"query-input":{"@type":"PropertyValueSpecification","valueRequired":true,"valueName":"search_term_string"}}],"inLanguage":"pt-PT"},{"@type":"Organization","@id":"https:\/\/www.sinchisinchi.com\/pt-pt\/#organization","name":"SINCHI S.L","url":"https:\/\/www.sinchisinchi.com\/pt-pt\/","logo":{"@type":"ImageObject","inLanguage":"pt-PT","@id":"https:\/\/www.sinchisinchi.com\/pt-pt\/#\/schema\/logo\/image\/","url":"https:\/\/www.sinchisinchi.com\/wp-content\/uploads\/2026\/01\/3b-Verde-SIMPLIFICADO-HORIZONTAL-F-TRANSPARENTE-scaled.png","contentUrl":"https:\/\/www.sinchisinchi.com\/wp-content\/uploads\/2026\/01\/3b-Verde-SIMPLIFICADO-HORIZONTAL-F-TRANSPARENTE-scaled.png","width":2560,"height":457,"caption":"SINCHI S.L"},"image":{"@id":"https:\/\/www.sinchisinchi.com\/pt-pt\/#\/schema\/logo\/image\/"},"sameAs":["https:\/\/www.facebook.com\/sinchirape\/","https:\/\/www.instagram.com\/sinchi_rape\/"]}]}},"_links":{"self":[{"href":"https:\/\/www.sinchisinchi.com\/pt-pt\/wp-json\/wp\/v2\/product\/26073","targetHints":{"allow":["GET"]}}],"collection":[{"href":"https:\/\/www.sinchisinchi.com\/pt-pt\/wp-json\/wp\/v2\/product"}],"about":[{"href":"https:\/\/www.sinchisinchi.com\/pt-pt\/wp-json\/wp\/v2\/types\/product"}],"wp:featuredmedia":[{"embeddable":true,"href":"https:\/\/www.sinchisinchi.com\/pt-pt\/wp-json\/wp\/v2\/media\/12334"}],"wp:attachment":[{"href":"https:\/\/www.sinchisinchi.com\/pt-pt\/wp-json\/wp\/v2\/media?parent=26073"}],"wp:term":[{"taxonomy":"product_brand","embeddable":true,"href":"https:\/\/www.sinchisinchi.com\/pt-pt\/wp-json\/wp\/v2\/product_brand?post=26073"},{"taxonomy":"product_cat","embeddable":true,"href":"https:\/\/www.sinchisinchi.com\/pt-pt\/wp-json\/wp\/v2\/product_cat?post=26073"},{"taxonomy":"product_tag","embeddable":true,"href":"https:\/\/www.sinchisinchi.com\/pt-pt\/wp-json\/wp\/v2\/product_tag?post=26073"}],"curies":[{"name":"wp","href":"https:\/\/api.w.org\/{rel}","templated":true}]}}