{"id":26262,"date":"2018-10-12T10:41:58","date_gmt":"2018-10-12T10:41:58","guid":{"rendered":"https:\/\/www.sinchisinchi.com\/producto\/manchineri-rape\/"},"modified":"2025-02-25T10:11:22","modified_gmt":"2025-02-25T10:11:22","slug":"manchineri-rape","status":"publish","type":"product","link":"https:\/\/www.sinchisinchi.com\/pt-pt\/producto\/manchineri-rape\/","title":{"rendered":"Manchineri Rap\u00e9"},"content":{"rendered":"<h2 style=\"text-align: center;\">Tribo Manchinery<\/h2>\r\nOs Manchineri s\u00e3o uma tribo que vive sobretudo em territ\u00f3rio brasileiro, na Terra Ind\u00edgena Mamoadate e na Terra Ind\u00edgena Cauchal Guanabara.\r\n\r\nOs Manchineri partilham com os Piro, da Amaz\u00f3nia peruana, a l\u00edngua Aruak (do ramo Maipure) e grande parte do seu sistema social e cosmol\u00f3gico.\r\n\r\nEntre os Manchineri, a fam\u00edlia b\u00e1sica \u00e9 composta pelo av\u00f4, av\u00f3, filhos e netos. Quando n\u00e3o vivem todos na mesma casa, ocupam resid\u00eancias pr\u00f3ximas no mesmo terreno. No entanto, cada casal tem uma planta\u00e7\u00e3o separada.\r\n\r\n<iframe loading=\"lazy\" class=\"youtube-player\" style=\"border: 0;\" src=\"https:\/\/www.youtube.com\/embed\/XSt6aEdJ28Y?version=3&amp;rel=1&amp;fs=1&amp;autohide=2&amp;showsearch=0&amp;showinfo=1&amp;iv_load_policy=1&amp;wmode=transparent\" width=\"1140\" height=\"672\" allowfullscreen=\"allowfullscreen\"><\/iframe>\r\n<h3><\/h3>\r\n<h3 style=\"text-align: center;\">Manchinery e xamanismo<\/h3>\r\nA palavra que os Manchiney utilizam para designar o xam\u00e3 \u00e9 &#8220;Karrunhoti&#8221;.\r\n\r\n&#8220;Havia um Karrunhot\u00ed. Eu ia sozinho matar para beber &#8220;cip\u00f3&#8221;. S\u00f3 ia com a pessoa que eu ia curar. Amarrou uma rede \u00e0 \u00e1rvore e bebeu. No dia seguinte a pessoa estava bem. Era igual ao Tuxau [o l\u00edder pol\u00edtico], era mais do que o Tuxau. Eu sabia outras coisas diferentes do Tuxau. Ele colocava a rede e come\u00e7ava a cantar, e quando chegava a hora dizia &#8220;vem c\u00e1&#8221;. Algu\u00e9m que estava doente, o que \u00e9 que ele conseguia tirar-lhe, o que n\u00e3o conseguia sugar. No dia seguinte estava bem. (Charuto, filho de um famoso xam\u00e3 manchineri, Anan\u00edas Batista).\r\n\r\nUm sinal de que o sujeito pode estar iniciado na aquisi\u00e7\u00e3o de t\u00e9cnicas xam\u00e2nicas \u00e9 o encontro com seres sobrenaturais, que ensinam aprendizes de xam\u00e3s, como o &#8220;Caboclinho do Mato&#8221;, principalmente durante as sess\u00f5es de ayahuasca.\r\n\r\nSegundo a cosmologia, o &#8220;Caboclinho do Mato&#8221; \u00e9 um homenzinho que vive nas montanhas. Era um \u00edndio que ficava encantado por arrancar tanta erva. Foi transportado para o mundo espiritual com o seu corpo f\u00edsico, sem passar pela morte. \u00c9 tamb\u00e9m quem gere, por exemplo, o quanto pode ser ca\u00e7ado.\r\n\r\nA aquisi\u00e7\u00e3o do poder de um Karrunhot\u00ed, antes de ser conquistado, \u00e9 transmitida \u00e0 pessoa como um ser f\u00edsico ou espiritual. O processo de treino Karrunhoti \u00e9 um meio atrav\u00e9s do qual o corpo e a mente s\u00e3o preparados para perceber e receber conhecimento.\r\n<h3 style=\"text-align: center;\">Cosmologia da Manchinery<\/h3>\r\nPara os Manchineri, os \u201coutros mundos\u201d misturam-se com este, sem distinguir barreiras claras. Manifestam-se de acordo com o estado de consci\u00eancia em que o indiv\u00edduo se encontra. Embora estas altera\u00e7\u00f5es n\u00e3o ocorram necessariamente pelo uso de subst\u00e2ncias alucinog\u00e9nias, este estado \u00e9 potenciado pelo uso da ayahuasca, bastante comum entre os Manchineri.\r\n\r\nNo in\u00edcio dos tempos, o povo do &#8220;cip\u00f3&#8221; (cip\u00f3) foi transformado em seres encantados, pois foi levado vivo para o c\u00e9u. Estes seres auxiliam o xam\u00e3 nas suas tarefas. Mas para ir para o c\u00e9u \u00e9 necess\u00e1rio abster-se do mundo da ca\u00e7a. A inicia\u00e7\u00e3o como xam\u00e3 transforma o sujeito num mau ca\u00e7ador, pois consegue conversar com os animais e reconhecer familiares neles, o que dificulta a sua morte.\r\n\r\nSegundo a mitologia, a ayahuasca foi descoberta da seguinte forma: um xam\u00e3 encontra um ser na floresta, o &#8220;cip\u00f3&#8221;, que, antes de se identificar como tal, diz ser uma pessoa do g\u00e9nero feminino. O &#8220;cip\u00f3&#8221; diz ao xam\u00e3 como deve proceder para o preparar e com que o misturar &#8211; folhas e temperos &#8211; para que o efeito seja completo.\r\n\r\nSegundo os Manchineri, a adi\u00e7\u00e3o de sal \u00e0 dieta (em consequ\u00eancia do contacto com povos n\u00e3o ind\u00edgenas) representa o fim da capacidade de transformar os seres humanos em seres diversos. Hoje em dia, os homens j\u00e1 n\u00e3o se transformam em animais porque t\u00eam sal no corpo. O sal, quando surge, quebra o que antes era uma continuidade entre o doce e o amargo.\n","protected":false},"excerpt":{"rendered":"<p>Este Rap\u00e9 \u00e9 produzido pela pequena tribo Manchineri do Brasil.<\/p>\n<p>\u00c9 um rap\u00e9 cinzento, leve e fresco. \u00c9 feito pelos povos ind\u00edgenas com uma liga\u00e7\u00e3o muito especial aos seres naturais. Os seus ingredientes incluem tabaco e cinzas sagradas da \u00e1rvore Thiwru (vision\u00e1ria).<\/p>\n<p>Como indicam os Manchineri, \u201cEsta planta liga-nos com os seres da natureza\u201d. Manchineri Rap\u00e9 \u00e9 perfeito para cerim\u00f3nias, cura espiritual e para abrir e ativar a vis\u00e3o.<\/p>\n<p>\u00c9 um rap\u00e9 de primeira qualidade, uma prepara\u00e7\u00e3o magistral e rara, pois s\u00f3 est\u00e1 dispon\u00edvel em quantidades limitadas.<\/p>\n","protected":false},"featured_media":0,"template":"","meta":{"_joinchat":[]},"product_brand":[],"product_cat":[680],"product_tag":[],"class_list":{"0":"post-26262","1":"product","2":"type-product","3":"status-publish","5":"product_cat-varios-pt-pt","7":"first","8":"outofstock","9":"taxable","10":"shipping-taxable","11":"purchasable","12":"product-type-simple"},"yoast_head":"<!-- This site is optimized with the Yoast SEO plugin v27.4 - https:\/\/yoast.com\/product\/yoast-seo-wordpress\/ -->\n<title>Rap\u00e9 Manchinery Online - Rap\u00e9 Brasileiro da Amaz\u00f3nia<\/title>\n<meta name=\"description\" content=\"Este rap\u00e9 \u00e9 feito pela pequena tribo Manchineri do Brasil. \u00c9 um rap\u00e9 acinzentado, leve e fresco. \u00c9 feito por indianos com uma liga\u00e7\u00e3o muito especial.\" \/>\n<meta name=\"robots\" content=\"index, follow, max-snippet:-1, max-image-preview:large, max-video-preview:-1\" \/>\n<link rel=\"canonical\" href=\"https:\/\/www.sinchisinchi.com\/pt-pt\/producto\/manchineri-rape\/\" \/>\n<meta property=\"og:locale\" content=\"pt_PT\" \/>\n<meta property=\"og:type\" content=\"article\" \/>\n<meta property=\"og:title\" content=\"Rap\u00e9 Manchinery Online - Rap\u00e9 Brasileiro da Amaz\u00f3nia\" \/>\n<meta property=\"og:description\" content=\"Este rap\u00e9 \u00e9 feito pela pequena tribo Manchineri do Brasil. \u00c9 um rap\u00e9 acinzentado, leve e fresco. \u00c9 feito por indianos com uma liga\u00e7\u00e3o muito especial.\" \/>\n<meta property=\"og:url\" content=\"https:\/\/www.sinchisinchi.com\/pt-pt\/producto\/manchineri-rape\/\" \/>\n<meta property=\"og:site_name\" content=\"SINCHI RAP\u00c9\" \/>\n<meta property=\"article:publisher\" content=\"https:\/\/www.facebook.com\/sinchirape\/\" \/>\n<meta property=\"article:modified_time\" content=\"2025-02-25T10:11:22+00:00\" \/>\n<meta name=\"twitter:card\" content=\"summary_large_image\" \/>\n<meta name=\"twitter:label1\" content=\"Tempo estimado de leitura\" \/>\n\t<meta name=\"twitter:data1\" content=\"3 minutos\" \/>\n<script type=\"application\/ld+json\" class=\"yoast-schema-graph\">{\"@context\":\"https:\\\/\\\/schema.org\",\"@graph\":[{\"@type\":\"WebPage\",\"@id\":\"https:\\\/\\\/www.sinchisinchi.com\\\/pt-pt\\\/producto\\\/manchineri-rape\\\/\",\"url\":\"https:\\\/\\\/www.sinchisinchi.com\\\/pt-pt\\\/producto\\\/manchineri-rape\\\/\",\"name\":\"Rap\u00e9 Manchinery Online - Rap\u00e9 Brasileiro da Amaz\u00f3nia\",\"isPartOf\":{\"@id\":\"https:\\\/\\\/www.sinchisinchi.com\\\/pt-pt\\\/#website\"},\"datePublished\":\"2018-10-12T10:41:58+00:00\",\"dateModified\":\"2025-02-25T10:11:22+00:00\",\"description\":\"Este rap\u00e9 \u00e9 feito pela pequena tribo Manchineri do Brasil. \u00c9 um rap\u00e9 acinzentado, leve e fresco. \u00c9 feito por indianos com uma liga\u00e7\u00e3o muito especial.\",\"breadcrumb\":{\"@id\":\"https:\\\/\\\/www.sinchisinchi.com\\\/pt-pt\\\/producto\\\/manchineri-rape\\\/#breadcrumb\"},\"inLanguage\":\"pt-PT\",\"potentialAction\":[{\"@type\":\"ReadAction\",\"target\":[\"https:\\\/\\\/www.sinchisinchi.com\\\/pt-pt\\\/producto\\\/manchineri-rape\\\/\"]}]},{\"@type\":\"BreadcrumbList\",\"@id\":\"https:\\\/\\\/www.sinchisinchi.com\\\/pt-pt\\\/producto\\\/manchineri-rape\\\/#breadcrumb\",\"itemListElement\":[{\"@type\":\"ListItem\",\"position\":1,\"name\":\"Prima pagina\",\"item\":\"https:\\\/\\\/www.sinchisinchi.com\\\/pt-pt\\\/\"},{\"@type\":\"ListItem\",\"position\":2,\"name\":\"Produtos\",\"item\":\"https:\\\/\\\/www.sinchisinchi.com\\\/pt-pt\\\/shop\\\/\"},{\"@type\":\"ListItem\",\"position\":3,\"name\":\"Manchineri Rap\u00e9\"}]},{\"@type\":\"WebSite\",\"@id\":\"https:\\\/\\\/www.sinchisinchi.com\\\/pt-pt\\\/#website\",\"url\":\"https:\\\/\\\/www.sinchisinchi.com\\\/pt-pt\\\/\",\"name\":\"SINCHI\",\"description\":\"Sinchi Medicine\",\"publisher\":{\"@id\":\"https:\\\/\\\/www.sinchisinchi.com\\\/pt-pt\\\/#organization\"},\"potentialAction\":[{\"@type\":\"SearchAction\",\"target\":{\"@type\":\"EntryPoint\",\"urlTemplate\":\"https:\\\/\\\/www.sinchisinchi.com\\\/pt-pt\\\/?s={search_term_string}\"},\"query-input\":{\"@type\":\"PropertyValueSpecification\",\"valueRequired\":true,\"valueName\":\"search_term_string\"}}],\"inLanguage\":\"pt-PT\"},{\"@type\":\"Organization\",\"@id\":\"https:\\\/\\\/www.sinchisinchi.com\\\/pt-pt\\\/#organization\",\"name\":\"SINCHI S.L\",\"url\":\"https:\\\/\\\/www.sinchisinchi.com\\\/pt-pt\\\/\",\"logo\":{\"@type\":\"ImageObject\",\"inLanguage\":\"pt-PT\",\"@id\":\"https:\\\/\\\/www.sinchisinchi.com\\\/pt-pt\\\/#\\\/schema\\\/logo\\\/image\\\/\",\"url\":\"https:\\\/\\\/www.sinchisinchi.com\\\/wp-content\\\/uploads\\\/2026\\\/01\\\/3b-Verde-SIMPLIFICADO-HORIZONTAL-F-TRANSPARENTE-scaled.png\",\"contentUrl\":\"https:\\\/\\\/www.sinchisinchi.com\\\/wp-content\\\/uploads\\\/2026\\\/01\\\/3b-Verde-SIMPLIFICADO-HORIZONTAL-F-TRANSPARENTE-scaled.png\",\"width\":2560,\"height\":457,\"caption\":\"SINCHI S.L\"},\"image\":{\"@id\":\"https:\\\/\\\/www.sinchisinchi.com\\\/pt-pt\\\/#\\\/schema\\\/logo\\\/image\\\/\"},\"sameAs\":[\"https:\\\/\\\/www.facebook.com\\\/sinchirape\\\/\",\"https:\\\/\\\/www.instagram.com\\\/sinchi_rape\\\/\"]}]}<\/script>\n<!-- \/ Yoast SEO plugin. -->","yoast_head_json":{"title":"Rap\u00e9 Manchinery Online - Rap\u00e9 Brasileiro da Amaz\u00f3nia","description":"Este rap\u00e9 \u00e9 feito pela pequena tribo Manchineri do Brasil. \u00c9 um rap\u00e9 acinzentado, leve e fresco. \u00c9 feito por indianos com uma liga\u00e7\u00e3o muito especial.","robots":{"index":"index","follow":"follow","max-snippet":"max-snippet:-1","max-image-preview":"max-image-preview:large","max-video-preview":"max-video-preview:-1"},"canonical":"https:\/\/www.sinchisinchi.com\/pt-pt\/producto\/manchineri-rape\/","og_locale":"pt_PT","og_type":"article","og_title":"Rap\u00e9 Manchinery Online - Rap\u00e9 Brasileiro da Amaz\u00f3nia","og_description":"Este rap\u00e9 \u00e9 feito pela pequena tribo Manchineri do Brasil. \u00c9 um rap\u00e9 acinzentado, leve e fresco. \u00c9 feito por indianos com uma liga\u00e7\u00e3o muito especial.","og_url":"https:\/\/www.sinchisinchi.com\/pt-pt\/producto\/manchineri-rape\/","og_site_name":"SINCHI RAP\u00c9","article_publisher":"https:\/\/www.facebook.com\/sinchirape\/","article_modified_time":"2025-02-25T10:11:22+00:00","twitter_card":"summary_large_image","twitter_misc":{"Tempo estimado de leitura":"3 minutos"},"schema":{"@context":"https:\/\/schema.org","@graph":[{"@type":"WebPage","@id":"https:\/\/www.sinchisinchi.com\/pt-pt\/producto\/manchineri-rape\/","url":"https:\/\/www.sinchisinchi.com\/pt-pt\/producto\/manchineri-rape\/","name":"Rap\u00e9 Manchinery Online - Rap\u00e9 Brasileiro da Amaz\u00f3nia","isPartOf":{"@id":"https:\/\/www.sinchisinchi.com\/pt-pt\/#website"},"datePublished":"2018-10-12T10:41:58+00:00","dateModified":"2025-02-25T10:11:22+00:00","description":"Este rap\u00e9 \u00e9 feito pela pequena tribo Manchineri do Brasil. \u00c9 um rap\u00e9 acinzentado, leve e fresco. \u00c9 feito por indianos com uma liga\u00e7\u00e3o muito especial.","breadcrumb":{"@id":"https:\/\/www.sinchisinchi.com\/pt-pt\/producto\/manchineri-rape\/#breadcrumb"},"inLanguage":"pt-PT","potentialAction":[{"@type":"ReadAction","target":["https:\/\/www.sinchisinchi.com\/pt-pt\/producto\/manchineri-rape\/"]}]},{"@type":"BreadcrumbList","@id":"https:\/\/www.sinchisinchi.com\/pt-pt\/producto\/manchineri-rape\/#breadcrumb","itemListElement":[{"@type":"ListItem","position":1,"name":"Prima pagina","item":"https:\/\/www.sinchisinchi.com\/pt-pt\/"},{"@type":"ListItem","position":2,"name":"Produtos","item":"https:\/\/www.sinchisinchi.com\/pt-pt\/shop\/"},{"@type":"ListItem","position":3,"name":"Manchineri Rap\u00e9"}]},{"@type":"WebSite","@id":"https:\/\/www.sinchisinchi.com\/pt-pt\/#website","url":"https:\/\/www.sinchisinchi.com\/pt-pt\/","name":"SINCHI","description":"Sinchi Medicine","publisher":{"@id":"https:\/\/www.sinchisinchi.com\/pt-pt\/#organization"},"potentialAction":[{"@type":"SearchAction","target":{"@type":"EntryPoint","urlTemplate":"https:\/\/www.sinchisinchi.com\/pt-pt\/?s={search_term_string}"},"query-input":{"@type":"PropertyValueSpecification","valueRequired":true,"valueName":"search_term_string"}}],"inLanguage":"pt-PT"},{"@type":"Organization","@id":"https:\/\/www.sinchisinchi.com\/pt-pt\/#organization","name":"SINCHI S.L","url":"https:\/\/www.sinchisinchi.com\/pt-pt\/","logo":{"@type":"ImageObject","inLanguage":"pt-PT","@id":"https:\/\/www.sinchisinchi.com\/pt-pt\/#\/schema\/logo\/image\/","url":"https:\/\/www.sinchisinchi.com\/wp-content\/uploads\/2026\/01\/3b-Verde-SIMPLIFICADO-HORIZONTAL-F-TRANSPARENTE-scaled.png","contentUrl":"https:\/\/www.sinchisinchi.com\/wp-content\/uploads\/2026\/01\/3b-Verde-SIMPLIFICADO-HORIZONTAL-F-TRANSPARENTE-scaled.png","width":2560,"height":457,"caption":"SINCHI S.L"},"image":{"@id":"https:\/\/www.sinchisinchi.com\/pt-pt\/#\/schema\/logo\/image\/"},"sameAs":["https:\/\/www.facebook.com\/sinchirape\/","https:\/\/www.instagram.com\/sinchi_rape\/"]}]}},"_links":{"self":[{"href":"https:\/\/www.sinchisinchi.com\/pt-pt\/wp-json\/wp\/v2\/product\/26262","targetHints":{"allow":["GET"]}}],"collection":[{"href":"https:\/\/www.sinchisinchi.com\/pt-pt\/wp-json\/wp\/v2\/product"}],"about":[{"href":"https:\/\/www.sinchisinchi.com\/pt-pt\/wp-json\/wp\/v2\/types\/product"}],"wp:attachment":[{"href":"https:\/\/www.sinchisinchi.com\/pt-pt\/wp-json\/wp\/v2\/media?parent=26262"}],"wp:term":[{"taxonomy":"product_brand","embeddable":true,"href":"https:\/\/www.sinchisinchi.com\/pt-pt\/wp-json\/wp\/v2\/product_brand?post=26262"},{"taxonomy":"product_cat","embeddable":true,"href":"https:\/\/www.sinchisinchi.com\/pt-pt\/wp-json\/wp\/v2\/product_cat?post=26262"},{"taxonomy":"product_tag","embeddable":true,"href":"https:\/\/www.sinchisinchi.com\/pt-pt\/wp-json\/wp\/v2\/product_tag?post=26262"}],"curies":[{"name":"wp","href":"https:\/\/api.w.org\/{rel}","templated":true}]}}