{"id":29043,"date":"2025-05-30T12:12:36","date_gmt":"2025-05-30T12:12:36","guid":{"rendered":"https:\/\/www.sinchisinchi.com\/producto\/copaiba\/"},"modified":"2026-01-13T07:51:13","modified_gmt":"2026-01-13T07:51:13","slug":"copaiba","status":"publish","type":"product","link":"https:\/\/www.sinchisinchi.com\/pt-pt\/producto\/copaiba\/","title":{"rendered":"Copa\u00edba"},"content":{"rendered":"<h2 style=\"text-align: center;\"><strong>A Copa\u00edba<\/strong><\/h2>\n<p>A copa\u00edba (Copaifera langsdorffii, Copaifera officinalis&#8230;), tamb\u00e9m conhecida por \u00e1rvore-diesel, \u00e9 comum e muito popular no Brasil pela sua valiosa resina, utilizada h\u00e1 milhares de anos como rem\u00e9dio medicinal para curar feridas externas e internas.<\/p>\n<p>O nome copa\u00edba vem do guarani e significa &#8220;\u00e1rvore da cura&#8221;. \u00c9 tamb\u00e9m popularmente chamada de \u00e1rvore-do-\u00f3leo, tacamaca, cabima ou copai.<\/p>\n<p>Pertence \u00e0 fam\u00edlia Fabaceae e \u00e9 origin\u00e1ria da Am\u00e9rica Latina e da \u00c1frica Ocidental, com presen\u00e7a significativa na floresta amaz\u00f3nica.<\/p>\n<p>\u00c9 uma \u00e1rvore de copa alta e aberta, que atinge entre 10 a 40 metros de altura, com folhas glabras e bot\u00f5es avermelhados. As suas flores s\u00e3o pequenas, brancas a verde-creme, hermafroditas e crescem em cachos. Os seus frutos, com at\u00e9 3 cm de comprimento, tornam-se avermelhados quando maduros.<\/p>\n<p>Produz uma grande quantidade de hidrocarbonetos na sua madeira e folhas, entre 30 a 53 litros por ano. O principal composto do \u00f3leo \u00e9 uma oleorresina \u00fatil para a produ\u00e7\u00e3o de produtos como o biodiesel.<\/p>\n<div class=\"row\"  id=\"row-1687687459\">\n\n\t<div id=\"col-279204888\" class=\"col medium-2 small-12 large-2\"  >\n\t\t\t\t<div class=\"col-inner\"  >\n\t\t\t\n\t\t\t\n\t\t<\/div>\n\t\t\t\t\t<\/div>\n\n\t\n\n\t<div id=\"col-333382611\" class=\"col medium-8 small-12 large-8\"  >\n\t\t\t\t<div class=\"col-inner\"  >\n\t\t\t\n\t\t\t\n<div class=\"video video-fit mb\" style=\"padding-top:56.25%;\"><p><iframe loading=\"lazy\" title=\"Plan de Conservaci\u00f3n y Manejo del Palo de Aceite - Copaiba Tree Conservation and Management Plan\" width=\"1020\" height=\"574\" src=\"https:\/\/www.youtube.com\/embed\/KZsG17BomwA?feature=oembed&#038;enablejsapi=1&#038;origin=https:\/\/www.sinchisinchi.com\" frameborder=\"0\" allow=\"accelerometer; autoplay; clipboard-write; encrypted-media; gyroscope; picture-in-picture; web-share\" referrerpolicy=\"strict-origin-when-cross-origin\" allowfullscreen><\/iframe><\/p>\n<\/div>\n\t\t<\/div>\n\t\t\t\t\t<\/div>\n\n\t\n\n\t<div id=\"col-1464301173\" class=\"col medium-2 small-12 large-2\"  >\n\t\t\t\t<div class=\"col-inner\"  >\n\t\t\t\n\t\t\t\n\t\t<\/div>\n\t\t\t\t\t<\/div>\n\n\t\n<\/div>\n\t<div id=\"gap-1214655650\" class=\"gap-element clearfix\" style=\"display:block; height:auto;\">\n\t\t\n<style>\n#gap-1214655650 {\n  padding-top: 30px;\n}\n<\/style>\n\t<\/div>\n\t\n<h3 style=\"text-align: center;\"><strong>Resina de Copa\u00edba<\/strong><\/h3>\n<p>A resina de copa\u00edba \u00e9 extra\u00edda perfurando um orif\u00edcio na casca, de onde escorre uma subst\u00e2ncia viscosa, amarelo-acastanhada. O \u00f3leo de copa\u00edba, tamb\u00e9m conhecido como &#8220;\u00f3leo da vida&#8221;, \u00e9 obtido a partir desta resina.<\/p>\n<p>Esta resina possui poderosas propriedades anti-inflamat\u00f3rias e fortalece o sistema imunit\u00e1rio, entre muitas outras propriedades medicinais. Na medicina popular, \u00e9 utilizada para melhorar o humor e aliviar o stress e a ansiedade.<\/p>\n<p>Na floresta amaz\u00f3nica, as tribos ind\u00edgenas utilizam produtos extra\u00eddos da copa\u00edba h\u00e1 mais de 400 anos, havendo registos de utiliza\u00e7\u00e3o da copa\u00edba no Brasil que datam de antes da coloniza\u00e7\u00e3o portuguesa.<\/p>\n<p>Segundo a lenda, os ind\u00edgenas brasileiros observaram animais a ro\u00e7arem-se no tronco da copa\u00edba para curarem as suas feridas, descobrindo assim as suas propriedades medicinais.<\/p>\n<p>A esp\u00e9cie Copaifera langsdorffii, tamb\u00e9m conhecida por \u00e1rvore-do-diesel, copa\u00edba-verdade, copa\u00edba ou b\u00e1lsamo-de-copa\u00edba, \u00e9 a mais apreciada pelas suas propriedades medicinais.<br \/>\n<div class=\"row\"  id=\"row-1754179112\">\n\n\t<div id=\"col-1128123799\" class=\"col medium-2 small-12 large-2\"  >\n\t\t\t\t<div class=\"col-inner\"  >\n\t\t\t\n\t\t\t\n\t\t<\/div>\n\t\t\t\t\t<\/div>\n\n\t\n\n\t<div id=\"col-2069346801\" class=\"col medium-8 small-12 large-8\"  >\n\t\t\t\t<div class=\"col-inner\"  >\n\t\t\t\n\t\t\t\n<div class=\"video video-fit mb\" style=\"padding-top:56.25%;\"><p><iframe loading=\"lazy\" title=\"CAPUSLA ACEITE DE COPAIBO\" width=\"1020\" height=\"574\" src=\"https:\/\/www.youtube.com\/embed\/eVEoAGXdNYs?feature=oembed&#038;enablejsapi=1&#038;origin=https:\/\/www.sinchisinchi.com\" frameborder=\"0\" allow=\"accelerometer; autoplay; clipboard-write; encrypted-media; gyroscope; picture-in-picture; web-share\" referrerpolicy=\"strict-origin-when-cross-origin\" allowfullscreen><\/iframe><\/p>\n<\/div>\n\t\t<\/div>\n\t\t\t\t\t<\/div>\n\n\t\n\n\t<div id=\"col-1051916039\" class=\"col medium-2 small-12 large-2\"  >\n\t\t\t\t<div class=\"col-inner\"  >\n\t\t\t\n\t\t\t\n\t\t<\/div>\n\t\t\t\t\t<\/div>\n\n\t\n<\/div>\n\t<div id=\"gap-1799319472\" class=\"gap-element clearfix\" style=\"display:block; height:auto;\">\n\t\t\n<style>\n#gap-1799319472 {\n  padding-top: 30px;\n}\n<\/style>\n\t<\/div>\n\t\n<h3 style=\"text-align: center;\"><strong>Propriedades Medicinais<\/strong><\/h3>\n<p>Todas as partes da copa\u00edba t\u00eam aplica\u00e7\u00f5es medicinais, como as folhas e a casca, mas o \u00f3leo obtido a partir da resina cont\u00e9m uma elevada concentra\u00e7\u00e3o das suas propriedades medicinais.<\/p>\n<p>A copa\u00edba \u00e9 um poderoso anti-inflamat\u00f3rio, refor\u00e7a o sistema imunit\u00e1rio e melhora o humor, aliviando o stress e a ansiedade.<\/p>\n<p>As propriedades desta \u00e1rvore, sagrada para as tribos da Amaz\u00f3nia, s\u00e3o in\u00fameras: antiedematosa, analg\u00e9sica, antigonorr\u00e1gica, antiss\u00e9ptica, antif\u00fangica, hipotensora, diur\u00e9tica, antimicrobiana, relaxante muscular, desinfetante, antibacteriana, expetorante, anticancer\u00edgena, antitumoral, adstringente, antibi\u00f3tica, emoliente, energizante, cicatrizante do couro cabeludo, estimulante, laxante, alivia dores reum\u00e1ticas e melhora a fun\u00e7\u00e3o renal.<\/p>\n<p>Tradicionalmente, \u00e9 utilizada principalmente no tratamento de doen\u00e7as de pele, picadas de insetos e na cicatriza\u00e7\u00e3o de feridas.<\/p>\n<p>Al\u00e9m disso, limpa e purifica a pele, ajuda a desobstruir os poros, trata o acne, reduz o eczema e trata a psor\u00edase. Mant\u00e9m a pele suave e saud\u00e1vel gra\u00e7as \u00e0s suas propriedades hidratantes e reduz as cicatrizes.<\/p>\n\t<div class=\"img has-hover x md-x lg-x y md-y lg-y\" id=\"image_1687771529\">\n\t\t\t\t\t\t\t\t<div class=\"img-inner dark\" >\n\t\t\t<img loading=\"lazy\" decoding=\"async\" width=\"1020\" height=\"663\" src=\"https:\/\/www.sinchisinchi.com\/wp-content\/uploads\/2025\/05\/1-Copaiba-Arbol-1024x666.jpeg\" class=\"attachment-large size-large\" alt=\"\" srcset=\"https:\/\/www.sinchisinchi.com\/wp-content\/uploads\/2025\/05\/1-Copaiba-Arbol-1024x666.jpeg 1024w, https:\/\/www.sinchisinchi.com\/wp-content\/uploads\/2025\/05\/1-Copaiba-Arbol-600x390.jpeg 600w, https:\/\/www.sinchisinchi.com\/wp-content\/uploads\/2025\/05\/1-Copaiba-Arbol-768x499.jpeg 768w, https:\/\/www.sinchisinchi.com\/wp-content\/uploads\/2025\/05\/1-Copaiba-Arbol-247x161.jpeg 247w, https:\/\/www.sinchisinchi.com\/wp-content\/uploads\/2025\/05\/1-Copaiba-Arbol-510x332.jpeg 510w, https:\/\/www.sinchisinchi.com\/wp-content\/uploads\/2025\/05\/1-Copaiba-Arbol.jpeg 1204w\" sizes=\"auto, (max-width: 1020px) 100vw, 1020px\" \/>\t\t\t\t\t\t\n\t\t\t\t\t<\/div>\n\t\t\t\t\t\t\t\t\n<style>\n#image_1687771529 {\n  width: 100%;\n}\n<\/style>\n\t<\/div>\n\t\n","protected":false},"excerpt":{"rendered":"<p>O rap\u00e9 de copa\u00edba \u00e9 uma variedade forte, tradicionalmente utilizada em ocasi\u00f5es especiais; cont\u00e9m cinzas do tronco da \u00e1rvore de copa\u00edba (Copaifera langsdorffii), tradicionalmente utilizada para limpeza f\u00edsica, purifica\u00e7\u00e3o e al\u00edvio da tens\u00e3o.<\/p>\n<p>Com um aroma terroso, proporciona um efeito reconfortante e calmante para o corpo e para a mente.<\/p>\n<p>Eleva a vibra\u00e7\u00e3o, clarifica a mente e promove a harmonia e o equil\u00edbrio f\u00edsico, mental e emocional, atuando especialmente nos chakras da coroa e do cora\u00e7\u00e3o.<\/p>\n<p><strong>&#8211; Tamanho:<\/strong> Frascos de 10 ml (8 a 9 gramas).<\/p>\n<p><strong>&#8211; Utiliza\u00e7\u00e3o:<\/strong> Curiosidade etnobot\u00e2nica.<\/p>\n","protected":false},"featured_media":27914,"template":"","meta":{"_joinchat":[]},"product_brand":[],"product_cat":[719],"product_tag":[],"class_list":{"0":"post-29043","1":"product","2":"type-product","3":"status-publish","4":"has-post-thumbnail","6":"product_cat-etiqueta-verde","8":"first","9":"instock","10":"taxable","11":"shipping-taxable","12":"purchasable","13":"product-type-simple"},"yoast_head":"<!-- This site is optimized with the Yoast SEO plugin v27.4 - https:\/\/yoast.com\/product\/yoast-seo-wordpress\/ -->\n<title>Rap\u00e9 de Copa\u00edba - SINCHI RAP\u00c9<\/title>\n<meta name=\"description\" content=\"O rap\u00e9 copa\u00edba eleva a vibra\u00e7\u00e3o, clarifica a mente e promove o equil\u00edbrio f\u00edsico, mental e emocional, atuando nos chakras da coroa e do cora\u00e7\u00e3o.\" \/>\n<meta name=\"robots\" content=\"index, follow, max-snippet:-1, max-image-preview:large, max-video-preview:-1\" \/>\n<link rel=\"canonical\" href=\"https:\/\/www.sinchisinchi.com\/pt-pt\/producto\/copaiba\/\" \/>\n<meta property=\"og:locale\" content=\"pt_PT\" \/>\n<meta property=\"og:type\" content=\"article\" \/>\n<meta property=\"og:title\" content=\"Rap\u00e9 de Copa\u00edba - SINCHI RAP\u00c9\" \/>\n<meta property=\"og:description\" content=\"O rap\u00e9 copa\u00edba eleva a vibra\u00e7\u00e3o, clarifica a mente e promove o equil\u00edbrio f\u00edsico, mental e emocional, atuando nos chakras da coroa e do cora\u00e7\u00e3o.\" \/>\n<meta property=\"og:url\" content=\"https:\/\/www.sinchisinchi.com\/pt-pt\/producto\/copaiba\/\" \/>\n<meta property=\"og:site_name\" content=\"SINCHI RAP\u00c9\" \/>\n<meta property=\"article:publisher\" content=\"https:\/\/www.facebook.com\/sinchirape\/\" \/>\n<meta property=\"article:modified_time\" content=\"2026-01-13T07:51:13+00:00\" \/>\n<meta property=\"og:image\" content=\"https:\/\/www.sinchisinchi.com\/wp-content\/uploads\/2025\/05\/3-Copaiba.jpg\" \/>\n\t<meta property=\"og:image:width\" content=\"700\" \/>\n\t<meta property=\"og:image:height\" content=\"700\" \/>\n\t<meta property=\"og:image:type\" content=\"image\/jpeg\" \/>\n<meta name=\"twitter:card\" content=\"summary_large_image\" \/>\n<meta name=\"twitter:label1\" content=\"Tempo estimado de leitura\" \/>\n\t<meta name=\"twitter:data1\" content=\"3 minutos\" \/>\n<script type=\"application\/ld+json\" class=\"yoast-schema-graph\">{\"@context\":\"https:\\\/\\\/schema.org\",\"@graph\":[{\"@type\":\"WebPage\",\"@id\":\"https:\\\/\\\/www.sinchisinchi.com\\\/pt-pt\\\/producto\\\/copaiba\\\/\",\"url\":\"https:\\\/\\\/www.sinchisinchi.com\\\/pt-pt\\\/producto\\\/copaiba\\\/\",\"name\":\"Rap\u00e9 de Copa\u00edba - SINCHI RAP\u00c9\",\"isPartOf\":{\"@id\":\"https:\\\/\\\/www.sinchisinchi.com\\\/pt-pt\\\/#website\"},\"primaryImageOfPage\":{\"@id\":\"https:\\\/\\\/www.sinchisinchi.com\\\/pt-pt\\\/producto\\\/copaiba\\\/#primaryimage\"},\"image\":{\"@id\":\"https:\\\/\\\/www.sinchisinchi.com\\\/pt-pt\\\/producto\\\/copaiba\\\/#primaryimage\"},\"thumbnailUrl\":\"https:\\\/\\\/www.sinchisinchi.com\\\/wp-content\\\/uploads\\\/2025\\\/05\\\/3-Copaiba.jpg\",\"datePublished\":\"2025-05-30T12:12:36+00:00\",\"dateModified\":\"2026-01-13T07:51:13+00:00\",\"description\":\"O rap\u00e9 copa\u00edba eleva a vibra\u00e7\u00e3o, clarifica a mente e promove o equil\u00edbrio f\u00edsico, mental e emocional, atuando nos chakras da coroa e do cora\u00e7\u00e3o.\",\"breadcrumb\":{\"@id\":\"https:\\\/\\\/www.sinchisinchi.com\\\/pt-pt\\\/producto\\\/copaiba\\\/#breadcrumb\"},\"inLanguage\":\"pt-PT\",\"potentialAction\":[{\"@type\":\"ReadAction\",\"target\":[\"https:\\\/\\\/www.sinchisinchi.com\\\/pt-pt\\\/producto\\\/copaiba\\\/\"]}]},{\"@type\":\"ImageObject\",\"inLanguage\":\"pt-PT\",\"@id\":\"https:\\\/\\\/www.sinchisinchi.com\\\/pt-pt\\\/producto\\\/copaiba\\\/#primaryimage\",\"url\":\"https:\\\/\\\/www.sinchisinchi.com\\\/wp-content\\\/uploads\\\/2025\\\/05\\\/3-Copaiba.jpg\",\"contentUrl\":\"https:\\\/\\\/www.sinchisinchi.com\\\/wp-content\\\/uploads\\\/2025\\\/05\\\/3-Copaiba.jpg\",\"width\":700,\"height\":700},{\"@type\":\"BreadcrumbList\",\"@id\":\"https:\\\/\\\/www.sinchisinchi.com\\\/pt-pt\\\/producto\\\/copaiba\\\/#breadcrumb\",\"itemListElement\":[{\"@type\":\"ListItem\",\"position\":1,\"name\":\"Prima pagina\",\"item\":\"https:\\\/\\\/www.sinchisinchi.com\\\/pt-pt\\\/\"},{\"@type\":\"ListItem\",\"position\":2,\"name\":\"Produtos\",\"item\":\"https:\\\/\\\/www.sinchisinchi.com\\\/pt-pt\\\/shop\\\/\"},{\"@type\":\"ListItem\",\"position\":3,\"name\":\"Copa\u00edba\"}]},{\"@type\":\"WebSite\",\"@id\":\"https:\\\/\\\/www.sinchisinchi.com\\\/pt-pt\\\/#website\",\"url\":\"https:\\\/\\\/www.sinchisinchi.com\\\/pt-pt\\\/\",\"name\":\"SINCHI\",\"description\":\"Sinchi Medicine\",\"publisher\":{\"@id\":\"https:\\\/\\\/www.sinchisinchi.com\\\/pt-pt\\\/#organization\"},\"potentialAction\":[{\"@type\":\"SearchAction\",\"target\":{\"@type\":\"EntryPoint\",\"urlTemplate\":\"https:\\\/\\\/www.sinchisinchi.com\\\/pt-pt\\\/?s={search_term_string}\"},\"query-input\":{\"@type\":\"PropertyValueSpecification\",\"valueRequired\":true,\"valueName\":\"search_term_string\"}}],\"inLanguage\":\"pt-PT\"},{\"@type\":\"Organization\",\"@id\":\"https:\\\/\\\/www.sinchisinchi.com\\\/pt-pt\\\/#organization\",\"name\":\"SINCHI S.L\",\"url\":\"https:\\\/\\\/www.sinchisinchi.com\\\/pt-pt\\\/\",\"logo\":{\"@type\":\"ImageObject\",\"inLanguage\":\"pt-PT\",\"@id\":\"https:\\\/\\\/www.sinchisinchi.com\\\/pt-pt\\\/#\\\/schema\\\/logo\\\/image\\\/\",\"url\":\"https:\\\/\\\/www.sinchisinchi.com\\\/wp-content\\\/uploads\\\/2026\\\/01\\\/3b-Verde-SIMPLIFICADO-HORIZONTAL-F-TRANSPARENTE-scaled.png\",\"contentUrl\":\"https:\\\/\\\/www.sinchisinchi.com\\\/wp-content\\\/uploads\\\/2026\\\/01\\\/3b-Verde-SIMPLIFICADO-HORIZONTAL-F-TRANSPARENTE-scaled.png\",\"width\":2560,\"height\":457,\"caption\":\"SINCHI S.L\"},\"image\":{\"@id\":\"https:\\\/\\\/www.sinchisinchi.com\\\/pt-pt\\\/#\\\/schema\\\/logo\\\/image\\\/\"},\"sameAs\":[\"https:\\\/\\\/www.facebook.com\\\/sinchirape\\\/\",\"https:\\\/\\\/www.instagram.com\\\/sinchi_rape\\\/\"]}]}<\/script>\n<!-- \/ Yoast SEO plugin. -->","yoast_head_json":{"title":"Rap\u00e9 de Copa\u00edba - SINCHI RAP\u00c9","description":"O rap\u00e9 copa\u00edba eleva a vibra\u00e7\u00e3o, clarifica a mente e promove o equil\u00edbrio f\u00edsico, mental e emocional, atuando nos chakras da coroa e do cora\u00e7\u00e3o.","robots":{"index":"index","follow":"follow","max-snippet":"max-snippet:-1","max-image-preview":"max-image-preview:large","max-video-preview":"max-video-preview:-1"},"canonical":"https:\/\/www.sinchisinchi.com\/pt-pt\/producto\/copaiba\/","og_locale":"pt_PT","og_type":"article","og_title":"Rap\u00e9 de Copa\u00edba - SINCHI RAP\u00c9","og_description":"O rap\u00e9 copa\u00edba eleva a vibra\u00e7\u00e3o, clarifica a mente e promove o equil\u00edbrio f\u00edsico, mental e emocional, atuando nos chakras da coroa e do cora\u00e7\u00e3o.","og_url":"https:\/\/www.sinchisinchi.com\/pt-pt\/producto\/copaiba\/","og_site_name":"SINCHI RAP\u00c9","article_publisher":"https:\/\/www.facebook.com\/sinchirape\/","article_modified_time":"2026-01-13T07:51:13+00:00","og_image":[{"width":700,"height":700,"url":"https:\/\/www.sinchisinchi.com\/wp-content\/uploads\/2025\/05\/3-Copaiba.jpg","type":"image\/jpeg"}],"twitter_card":"summary_large_image","twitter_misc":{"Tempo estimado de leitura":"3 minutos"},"schema":{"@context":"https:\/\/schema.org","@graph":[{"@type":"WebPage","@id":"https:\/\/www.sinchisinchi.com\/pt-pt\/producto\/copaiba\/","url":"https:\/\/www.sinchisinchi.com\/pt-pt\/producto\/copaiba\/","name":"Rap\u00e9 de Copa\u00edba - SINCHI RAP\u00c9","isPartOf":{"@id":"https:\/\/www.sinchisinchi.com\/pt-pt\/#website"},"primaryImageOfPage":{"@id":"https:\/\/www.sinchisinchi.com\/pt-pt\/producto\/copaiba\/#primaryimage"},"image":{"@id":"https:\/\/www.sinchisinchi.com\/pt-pt\/producto\/copaiba\/#primaryimage"},"thumbnailUrl":"https:\/\/www.sinchisinchi.com\/wp-content\/uploads\/2025\/05\/3-Copaiba.jpg","datePublished":"2025-05-30T12:12:36+00:00","dateModified":"2026-01-13T07:51:13+00:00","description":"O rap\u00e9 copa\u00edba eleva a vibra\u00e7\u00e3o, clarifica a mente e promove o equil\u00edbrio f\u00edsico, mental e emocional, atuando nos chakras da coroa e do cora\u00e7\u00e3o.","breadcrumb":{"@id":"https:\/\/www.sinchisinchi.com\/pt-pt\/producto\/copaiba\/#breadcrumb"},"inLanguage":"pt-PT","potentialAction":[{"@type":"ReadAction","target":["https:\/\/www.sinchisinchi.com\/pt-pt\/producto\/copaiba\/"]}]},{"@type":"ImageObject","inLanguage":"pt-PT","@id":"https:\/\/www.sinchisinchi.com\/pt-pt\/producto\/copaiba\/#primaryimage","url":"https:\/\/www.sinchisinchi.com\/wp-content\/uploads\/2025\/05\/3-Copaiba.jpg","contentUrl":"https:\/\/www.sinchisinchi.com\/wp-content\/uploads\/2025\/05\/3-Copaiba.jpg","width":700,"height":700},{"@type":"BreadcrumbList","@id":"https:\/\/www.sinchisinchi.com\/pt-pt\/producto\/copaiba\/#breadcrumb","itemListElement":[{"@type":"ListItem","position":1,"name":"Prima pagina","item":"https:\/\/www.sinchisinchi.com\/pt-pt\/"},{"@type":"ListItem","position":2,"name":"Produtos","item":"https:\/\/www.sinchisinchi.com\/pt-pt\/shop\/"},{"@type":"ListItem","position":3,"name":"Copa\u00edba"}]},{"@type":"WebSite","@id":"https:\/\/www.sinchisinchi.com\/pt-pt\/#website","url":"https:\/\/www.sinchisinchi.com\/pt-pt\/","name":"SINCHI","description":"Sinchi Medicine","publisher":{"@id":"https:\/\/www.sinchisinchi.com\/pt-pt\/#organization"},"potentialAction":[{"@type":"SearchAction","target":{"@type":"EntryPoint","urlTemplate":"https:\/\/www.sinchisinchi.com\/pt-pt\/?s={search_term_string}"},"query-input":{"@type":"PropertyValueSpecification","valueRequired":true,"valueName":"search_term_string"}}],"inLanguage":"pt-PT"},{"@type":"Organization","@id":"https:\/\/www.sinchisinchi.com\/pt-pt\/#organization","name":"SINCHI S.L","url":"https:\/\/www.sinchisinchi.com\/pt-pt\/","logo":{"@type":"ImageObject","inLanguage":"pt-PT","@id":"https:\/\/www.sinchisinchi.com\/pt-pt\/#\/schema\/logo\/image\/","url":"https:\/\/www.sinchisinchi.com\/wp-content\/uploads\/2026\/01\/3b-Verde-SIMPLIFICADO-HORIZONTAL-F-TRANSPARENTE-scaled.png","contentUrl":"https:\/\/www.sinchisinchi.com\/wp-content\/uploads\/2026\/01\/3b-Verde-SIMPLIFICADO-HORIZONTAL-F-TRANSPARENTE-scaled.png","width":2560,"height":457,"caption":"SINCHI S.L"},"image":{"@id":"https:\/\/www.sinchisinchi.com\/pt-pt\/#\/schema\/logo\/image\/"},"sameAs":["https:\/\/www.facebook.com\/sinchirape\/","https:\/\/www.instagram.com\/sinchi_rape\/"]}]}},"_links":{"self":[{"href":"https:\/\/www.sinchisinchi.com\/pt-pt\/wp-json\/wp\/v2\/product\/29043","targetHints":{"allow":["GET"]}}],"collection":[{"href":"https:\/\/www.sinchisinchi.com\/pt-pt\/wp-json\/wp\/v2\/product"}],"about":[{"href":"https:\/\/www.sinchisinchi.com\/pt-pt\/wp-json\/wp\/v2\/types\/product"}],"wp:featuredmedia":[{"embeddable":true,"href":"https:\/\/www.sinchisinchi.com\/pt-pt\/wp-json\/wp\/v2\/media\/27914"}],"wp:attachment":[{"href":"https:\/\/www.sinchisinchi.com\/pt-pt\/wp-json\/wp\/v2\/media?parent=29043"}],"wp:term":[{"taxonomy":"product_brand","embeddable":true,"href":"https:\/\/www.sinchisinchi.com\/pt-pt\/wp-json\/wp\/v2\/product_brand?post=29043"},{"taxonomy":"product_cat","embeddable":true,"href":"https:\/\/www.sinchisinchi.com\/pt-pt\/wp-json\/wp\/v2\/product_cat?post=29043"},{"taxonomy":"product_tag","embeddable":true,"href":"https:\/\/www.sinchisinchi.com\/pt-pt\/wp-json\/wp\/v2\/product_tag?post=29043"}],"curies":[{"name":"wp","href":"https:\/\/api.w.org\/{rel}","templated":true}]}}