{"id":29106,"date":"2025-05-30T12:57:15","date_gmt":"2025-05-30T12:57:15","guid":{"rendered":"https:\/\/www.sinchisinchi.com\/producto\/pau-pereira\/"},"modified":"2025-05-30T12:57:15","modified_gmt":"2025-05-30T12:57:15","slug":"pau-pereira","status":"publish","type":"product","link":"https:\/\/www.sinchisinchi.com\/pt-pt\/producto\/pau-pereira\/","title":{"rendered":"Pau Pereira"},"content":{"rendered":"<h2 style=\"text-align: center;\">Pau Pereira<\/h2>\n<p>O pau-pereira \u00e9 uma \u00e1rvore de porte m\u00e9dio origin\u00e1ria da floresta da Amaz\u00f3nia. \u00c9 extremamente amargo e cresce em zonas n\u00e3o inundadas da floresta.<\/p>\n<p>Possui um tronco sulcado com uma colora\u00e7\u00e3o que varia do castanho claro ao amarelo; os seus ramos produzem l\u00e1tex.<\/p>\n<p>As suas folhas t\u00eam penugem dourada na p\u00e1gina inferior e apresenta vistosas flores brancas. O fruto tem forma de chifre, \u00e9 amarelo quando maduro e tamb\u00e9m produz l\u00e1tex. As suas sementes s\u00e3o numerosas, brancas e achatadas.<\/p>\n<h3 style=\"text-align: center;\">Propriedades Medicinais<\/h3>\n<p>O pau-pereira (Geissospermum vellosii), tamb\u00e9m chamado de &#8220;pau-pereira&#8221;, \u00e9 nativo da floresta da Amaz\u00f3nia. Na Am\u00e9rica do Sul, \u00e9 utilizado na medicina tradicional h\u00e1 s\u00e9culos e faz parte do patrim\u00f3nio cultural da regi\u00e3o.<\/p>\n<p>O pau-pereira \u00e9 consumido preventivamente para manter uma boa sa\u00fade. As suas propriedades s\u00e3o obtidas a partir da casca amarga da \u00e1rvore, utilizada em diversos rem\u00e9dios caseiros:<\/p>\n<p>Para casos de mal\u00e1ria, perda de apetite, indigest\u00e3o, tonturas, obstipa\u00e7\u00e3o, febre e pelas suas propriedades t\u00f3nicas, hepatoprotetoras e digestivas. Possui tamb\u00e9m um potente efeito antiviral.<\/p>\n<p>O extrato de Pau-pereira \u00e9 amargo e extra\u00eddo da parte interna da casca da \u00e1rvore.<\/p>\n<p>O alcal\u00f3ide pereirina, descoberto pelo farmac\u00eautico brasileiro Ezequiel Corr\u00eaa dos Santos, \u00e9 o principal princ\u00edpio activo da Pau-pereira (Geissospermum vellosii), presente sobretudo na sua casca.<\/p>\n<p>Al\u00e9m disso, foram encontrados outros alcal\u00f3ides: 11-metoxigeissospermidina, flavopereirina, geissosreticulina e geissospermiculina.<\/p>\n<h3 style=\"text-align: center;\">Hist\u00f3ria Recente<\/h3>\n<p>Em 1848, Ezequiel Correa Dos Santos apresentou a sua tese na Faculdade de Medicina do Rio de Janeiro, considerada a primeira monografia sobre o Pau Pereira.<\/p>\n<p>Em 1879, o jornal \u201cTempos M\u00e9dicos\u201d publicou um artigo do Dr. Torres Homem, professor de Medicina Cl\u00ednica na Academia Rio-de-Janeiro, descrevendo o m\u00e9todo de extrac\u00e7\u00e3o do alcal\u00f3ide pereirina, referindo que \u201cn\u00e3o h\u00e1 m\u00e9dico no Brasil que n\u00e3o tenha obtido bons resultados com a utiliza\u00e7\u00e3o deste extracto no tratamento das febres intermitentes\u201d.<\/p>\n<p>O estudo \u201cMedicamentos contra a mal\u00e1ria na Guiana Francesa: conhecimento de comportamentos e pr\u00e1ticas\u201d, publicado na revista Etnofarmacologia, concluiu que, na Guiana Francesa, um extrato alco\u00f3lico de Pau Pereira \u00e9 ingerido preventivamente assim que surgem os primeiros sintomas de febre.<\/p>\n<p>\u201cFoi surpreendente constatar que o mais importante e conhecido antimal\u00e1rico da Amaz\u00f3nia, o Geissospermum spp., era raramente utilizado para fins curativos, sendo mais frequentemente utilizado para fins preventivos.\u201d<\/p>\n<h3 style=\"text-align: center;\">A\u00e7\u00e3o Antic\u00e2ncer<\/h3>\n<p>Mirko Beljanski (1923-1998), doutorado em ci\u00eancias e investigador no Instituto Pasteur em Paris, foi o primeiro a estudar a a\u00e7\u00e3o anticancer\u00edgena da Geissospermum vellosii, utilizando um extrato seletivamente eficaz contra as c\u00e9lulas cancer\u00edgenas e que n\u00e3o penetra nas c\u00e9lulas saud\u00e1veis.<\/p>\n<p>Em 1884, o jornal londrino \u201cMedical Times\u201d publicou um coment\u00e1rio na sua sec\u00e7\u00e3o \u201cNotas, Perguntas e Respostas\u201d, assinado por Richard G. Daunt (p. 443): \u201cA efic\u00e1cia da pereirina \u00e9 extraordin\u00e1ria, e observei frequentemente o seu sucesso ap\u00f3s o fracasso da quinina.\u201d<\/p>\n<p>Em Fran\u00e7a, em 1884, o Dr. Tibiri\u00e7a, da Uni\u00e3o M\u00e9dica, escreveu no \u201cJornal dos Jornais\u201d: \u201cA pereirina \u00e9 mais eficaz que a quinina, cuja ac\u00e7\u00e3o terap\u00eautica duplica, e ao mesmo tempo previne efeitos adversos quando aplicada em doses elevadas.\u201d<\/p>\n<p>Os extratos de Pao Pereira n\u00e3o apresentam efeitos secund\u00e1rios; Na aus\u00eancia de c\u00e9lulas cancer\u00edgenas \u00e0s quais se ligam, as mol\u00e9culas s\u00e3o rapidamente eliminadas, uma vez que apenas se depositam em c\u00e9lulas desorganizadas.<\/p>\n<p>Assim sendo, estes extratos podem ser utilizados como medida preventiva em condi\u00e7\u00f5es pr\u00e9-cancerosas ou por pessoas com risco elevado (familiar, ambiental, etc.), bem como ferramenta de manuten\u00e7\u00e3o para pessoas que recuperaram recentemente.<\/p>\n<p>Da mesma forma, o fragmento de RNA pode ser utilizado para prevenir e reparar quebras e anomalias cromoss\u00f3micas que acompanham os exames com radia\u00e7\u00e3o ionizante (mamografia, cintigrafia, raios X, etc.).<\/p>\n<p>Al\u00e9m disso, o Pau Pereira tem um potente efeito antiviral. O extrato de Pau Pereira inibe a replica\u00e7\u00e3o viral; inibe tanto a transcriptase reversa como a polimerase, que permitem a multiplica\u00e7\u00e3o dos v\u00edrus, tornando-o um excelente agente antiviral de largo espectro.<\/p>\n","protected":false},"excerpt":{"rendered":"<p>Pau Pereira \u00e9 um rap\u00e9 potente, tradicionalmente utilizado pelas tribos da Amaz\u00f3nia para limpar e alinhar os canais de energia, trazer tranquilidade \u00e0 mente, libertar energias negativas, fortalecer o trabalho espiritual e promover o pensamento positivo.<\/p>\n<p>Embora o rap\u00e9 Pau Pereira seja frequentemente confundido com o tsunu devido a nomes comuns regionais, tribos como os Yawanaw\u00e1 reconhecem o Pau Pereira pelas suas propriedades \u00fanicas e valorizam especialmente as suas cinzas pelas suas poderosas qualidades espirituais e medicinais, que centram e estabilizam.<\/p>\n<p><strong>&#8211; Tamanho:<\/strong> Frascos de 10 ml (8 a 9 gramas).<\/p>\n<p><strong>&#8211; Utiliza\u00e7\u00e3o:<\/strong> Curiosidade etnobot\u00e2nica.<\/p>\n","protected":false},"featured_media":27946,"template":"","meta":{"_joinchat":[]},"product_brand":[],"product_cat":[726],"product_tag":[],"class_list":{"0":"post-29106","1":"product","2":"type-product","3":"status-publish","4":"has-post-thumbnail","6":"product_cat-etiqueta-vermelha","8":"first","9":"instock","10":"taxable","11":"shipping-taxable","12":"purchasable","13":"product-type-simple"},"yoast_head":"<!-- This site is optimized with the Yoast SEO plugin v27.4 - https:\/\/yoast.com\/product\/yoast-seo-wordpress\/ -->\n<title>Rap\u00e9 Amaz\u00f3nico Pau Pereira - SINCHI<\/title>\n<meta name=\"description\" content=\"Pau Pereira \u00e9 um rap\u00e9 potente utilizado pelas tribos da Amaz\u00f3nia para limpar e alinhar os canais de energia, al\u00e9m de trazer tranquilidade \u00e0 mente.\" \/>\n<meta name=\"robots\" content=\"index, follow, max-snippet:-1, max-image-preview:large, max-video-preview:-1\" \/>\n<link rel=\"canonical\" href=\"https:\/\/www.sinchisinchi.com\/pt-pt\/producto\/pau-pereira\/\" \/>\n<meta property=\"og:locale\" content=\"pt_PT\" \/>\n<meta property=\"og:type\" content=\"article\" \/>\n<meta property=\"og:title\" content=\"Rap\u00e9 Amaz\u00f3nico Pau Pereira - SINCHI\" \/>\n<meta property=\"og:description\" content=\"Pau Pereira \u00e9 um rap\u00e9 potente utilizado pelas tribos da Amaz\u00f3nia para limpar e alinhar os canais de energia, al\u00e9m de trazer tranquilidade \u00e0 mente.\" \/>\n<meta property=\"og:url\" content=\"https:\/\/www.sinchisinchi.com\/pt-pt\/producto\/pau-pereira\/\" \/>\n<meta property=\"og:site_name\" content=\"SINCHI RAP\u00c9\" \/>\n<meta property=\"article:publisher\" content=\"https:\/\/www.facebook.com\/sinchirape\/\" \/>\n<meta property=\"og:image\" content=\"https:\/\/www.sinchisinchi.com\/wp-content\/uploads\/2025\/05\/5-Paupereira.jpg\" \/>\n\t<meta property=\"og:image:width\" content=\"700\" \/>\n\t<meta property=\"og:image:height\" content=\"700\" \/>\n\t<meta property=\"og:image:type\" content=\"image\/jpeg\" \/>\n<meta name=\"twitter:card\" content=\"summary_large_image\" \/>\n<meta name=\"twitter:label1\" content=\"Tempo estimado de leitura\" \/>\n\t<meta name=\"twitter:data1\" content=\"3 minutos\" \/>\n<script type=\"application\/ld+json\" class=\"yoast-schema-graph\">{\"@context\":\"https:\\\/\\\/schema.org\",\"@graph\":[{\"@type\":\"WebPage\",\"@id\":\"https:\\\/\\\/www.sinchisinchi.com\\\/pt-pt\\\/producto\\\/pau-pereira\\\/\",\"url\":\"https:\\\/\\\/www.sinchisinchi.com\\\/pt-pt\\\/producto\\\/pau-pereira\\\/\",\"name\":\"Rap\u00e9 Amaz\u00f3nico Pau Pereira - SINCHI\",\"isPartOf\":{\"@id\":\"https:\\\/\\\/www.sinchisinchi.com\\\/pt-pt\\\/#website\"},\"primaryImageOfPage\":{\"@id\":\"https:\\\/\\\/www.sinchisinchi.com\\\/pt-pt\\\/producto\\\/pau-pereira\\\/#primaryimage\"},\"image\":{\"@id\":\"https:\\\/\\\/www.sinchisinchi.com\\\/pt-pt\\\/producto\\\/pau-pereira\\\/#primaryimage\"},\"thumbnailUrl\":\"https:\\\/\\\/www.sinchisinchi.com\\\/wp-content\\\/uploads\\\/2025\\\/05\\\/5-Paupereira.jpg\",\"datePublished\":\"2025-05-30T12:57:15+00:00\",\"description\":\"Pau Pereira \u00e9 um rap\u00e9 potente utilizado pelas tribos da Amaz\u00f3nia para limpar e alinhar os canais de energia, al\u00e9m de trazer tranquilidade \u00e0 mente.\",\"breadcrumb\":{\"@id\":\"https:\\\/\\\/www.sinchisinchi.com\\\/pt-pt\\\/producto\\\/pau-pereira\\\/#breadcrumb\"},\"inLanguage\":\"pt-PT\",\"potentialAction\":[{\"@type\":\"ReadAction\",\"target\":[\"https:\\\/\\\/www.sinchisinchi.com\\\/pt-pt\\\/producto\\\/pau-pereira\\\/\"]}]},{\"@type\":\"ImageObject\",\"inLanguage\":\"pt-PT\",\"@id\":\"https:\\\/\\\/www.sinchisinchi.com\\\/pt-pt\\\/producto\\\/pau-pereira\\\/#primaryimage\",\"url\":\"https:\\\/\\\/www.sinchisinchi.com\\\/wp-content\\\/uploads\\\/2025\\\/05\\\/5-Paupereira.jpg\",\"contentUrl\":\"https:\\\/\\\/www.sinchisinchi.com\\\/wp-content\\\/uploads\\\/2025\\\/05\\\/5-Paupereira.jpg\",\"width\":700,\"height\":700},{\"@type\":\"BreadcrumbList\",\"@id\":\"https:\\\/\\\/www.sinchisinchi.com\\\/pt-pt\\\/producto\\\/pau-pereira\\\/#breadcrumb\",\"itemListElement\":[{\"@type\":\"ListItem\",\"position\":1,\"name\":\"Prima pagina\",\"item\":\"https:\\\/\\\/www.sinchisinchi.com\\\/pt-pt\\\/\"},{\"@type\":\"ListItem\",\"position\":2,\"name\":\"Produtos\",\"item\":\"https:\\\/\\\/www.sinchisinchi.com\\\/pt-pt\\\/shop\\\/\"},{\"@type\":\"ListItem\",\"position\":3,\"name\":\"Pau Pereira\"}]},{\"@type\":\"WebSite\",\"@id\":\"https:\\\/\\\/www.sinchisinchi.com\\\/pt-pt\\\/#website\",\"url\":\"https:\\\/\\\/www.sinchisinchi.com\\\/pt-pt\\\/\",\"name\":\"SINCHI\",\"description\":\"Sinchi Medicine\",\"publisher\":{\"@id\":\"https:\\\/\\\/www.sinchisinchi.com\\\/pt-pt\\\/#organization\"},\"potentialAction\":[{\"@type\":\"SearchAction\",\"target\":{\"@type\":\"EntryPoint\",\"urlTemplate\":\"https:\\\/\\\/www.sinchisinchi.com\\\/pt-pt\\\/?s={search_term_string}\"},\"query-input\":{\"@type\":\"PropertyValueSpecification\",\"valueRequired\":true,\"valueName\":\"search_term_string\"}}],\"inLanguage\":\"pt-PT\"},{\"@type\":\"Organization\",\"@id\":\"https:\\\/\\\/www.sinchisinchi.com\\\/pt-pt\\\/#organization\",\"name\":\"SINCHI S.L\",\"url\":\"https:\\\/\\\/www.sinchisinchi.com\\\/pt-pt\\\/\",\"logo\":{\"@type\":\"ImageObject\",\"inLanguage\":\"pt-PT\",\"@id\":\"https:\\\/\\\/www.sinchisinchi.com\\\/pt-pt\\\/#\\\/schema\\\/logo\\\/image\\\/\",\"url\":\"https:\\\/\\\/www.sinchisinchi.com\\\/wp-content\\\/uploads\\\/2026\\\/01\\\/3b-Verde-SIMPLIFICADO-HORIZONTAL-F-TRANSPARENTE-scaled.png\",\"contentUrl\":\"https:\\\/\\\/www.sinchisinchi.com\\\/wp-content\\\/uploads\\\/2026\\\/01\\\/3b-Verde-SIMPLIFICADO-HORIZONTAL-F-TRANSPARENTE-scaled.png\",\"width\":2560,\"height\":457,\"caption\":\"SINCHI S.L\"},\"image\":{\"@id\":\"https:\\\/\\\/www.sinchisinchi.com\\\/pt-pt\\\/#\\\/schema\\\/logo\\\/image\\\/\"},\"sameAs\":[\"https:\\\/\\\/www.facebook.com\\\/sinchirape\\\/\",\"https:\\\/\\\/www.instagram.com\\\/sinchi_rape\\\/\"]}]}<\/script>\n<!-- \/ Yoast SEO plugin. -->","yoast_head_json":{"title":"Rap\u00e9 Amaz\u00f3nico Pau Pereira - SINCHI","description":"Pau Pereira \u00e9 um rap\u00e9 potente utilizado pelas tribos da Amaz\u00f3nia para limpar e alinhar os canais de energia, al\u00e9m de trazer tranquilidade \u00e0 mente.","robots":{"index":"index","follow":"follow","max-snippet":"max-snippet:-1","max-image-preview":"max-image-preview:large","max-video-preview":"max-video-preview:-1"},"canonical":"https:\/\/www.sinchisinchi.com\/pt-pt\/producto\/pau-pereira\/","og_locale":"pt_PT","og_type":"article","og_title":"Rap\u00e9 Amaz\u00f3nico Pau Pereira - SINCHI","og_description":"Pau Pereira \u00e9 um rap\u00e9 potente utilizado pelas tribos da Amaz\u00f3nia para limpar e alinhar os canais de energia, al\u00e9m de trazer tranquilidade \u00e0 mente.","og_url":"https:\/\/www.sinchisinchi.com\/pt-pt\/producto\/pau-pereira\/","og_site_name":"SINCHI RAP\u00c9","article_publisher":"https:\/\/www.facebook.com\/sinchirape\/","og_image":[{"width":700,"height":700,"url":"https:\/\/www.sinchisinchi.com\/wp-content\/uploads\/2025\/05\/5-Paupereira.jpg","type":"image\/jpeg"}],"twitter_card":"summary_large_image","twitter_misc":{"Tempo estimado de leitura":"3 minutos"},"schema":{"@context":"https:\/\/schema.org","@graph":[{"@type":"WebPage","@id":"https:\/\/www.sinchisinchi.com\/pt-pt\/producto\/pau-pereira\/","url":"https:\/\/www.sinchisinchi.com\/pt-pt\/producto\/pau-pereira\/","name":"Rap\u00e9 Amaz\u00f3nico Pau Pereira - SINCHI","isPartOf":{"@id":"https:\/\/www.sinchisinchi.com\/pt-pt\/#website"},"primaryImageOfPage":{"@id":"https:\/\/www.sinchisinchi.com\/pt-pt\/producto\/pau-pereira\/#primaryimage"},"image":{"@id":"https:\/\/www.sinchisinchi.com\/pt-pt\/producto\/pau-pereira\/#primaryimage"},"thumbnailUrl":"https:\/\/www.sinchisinchi.com\/wp-content\/uploads\/2025\/05\/5-Paupereira.jpg","datePublished":"2025-05-30T12:57:15+00:00","description":"Pau Pereira \u00e9 um rap\u00e9 potente utilizado pelas tribos da Amaz\u00f3nia para limpar e alinhar os canais de energia, al\u00e9m de trazer tranquilidade \u00e0 mente.","breadcrumb":{"@id":"https:\/\/www.sinchisinchi.com\/pt-pt\/producto\/pau-pereira\/#breadcrumb"},"inLanguage":"pt-PT","potentialAction":[{"@type":"ReadAction","target":["https:\/\/www.sinchisinchi.com\/pt-pt\/producto\/pau-pereira\/"]}]},{"@type":"ImageObject","inLanguage":"pt-PT","@id":"https:\/\/www.sinchisinchi.com\/pt-pt\/producto\/pau-pereira\/#primaryimage","url":"https:\/\/www.sinchisinchi.com\/wp-content\/uploads\/2025\/05\/5-Paupereira.jpg","contentUrl":"https:\/\/www.sinchisinchi.com\/wp-content\/uploads\/2025\/05\/5-Paupereira.jpg","width":700,"height":700},{"@type":"BreadcrumbList","@id":"https:\/\/www.sinchisinchi.com\/pt-pt\/producto\/pau-pereira\/#breadcrumb","itemListElement":[{"@type":"ListItem","position":1,"name":"Prima pagina","item":"https:\/\/www.sinchisinchi.com\/pt-pt\/"},{"@type":"ListItem","position":2,"name":"Produtos","item":"https:\/\/www.sinchisinchi.com\/pt-pt\/shop\/"},{"@type":"ListItem","position":3,"name":"Pau Pereira"}]},{"@type":"WebSite","@id":"https:\/\/www.sinchisinchi.com\/pt-pt\/#website","url":"https:\/\/www.sinchisinchi.com\/pt-pt\/","name":"SINCHI","description":"Sinchi Medicine","publisher":{"@id":"https:\/\/www.sinchisinchi.com\/pt-pt\/#organization"},"potentialAction":[{"@type":"SearchAction","target":{"@type":"EntryPoint","urlTemplate":"https:\/\/www.sinchisinchi.com\/pt-pt\/?s={search_term_string}"},"query-input":{"@type":"PropertyValueSpecification","valueRequired":true,"valueName":"search_term_string"}}],"inLanguage":"pt-PT"},{"@type":"Organization","@id":"https:\/\/www.sinchisinchi.com\/pt-pt\/#organization","name":"SINCHI S.L","url":"https:\/\/www.sinchisinchi.com\/pt-pt\/","logo":{"@type":"ImageObject","inLanguage":"pt-PT","@id":"https:\/\/www.sinchisinchi.com\/pt-pt\/#\/schema\/logo\/image\/","url":"https:\/\/www.sinchisinchi.com\/wp-content\/uploads\/2026\/01\/3b-Verde-SIMPLIFICADO-HORIZONTAL-F-TRANSPARENTE-scaled.png","contentUrl":"https:\/\/www.sinchisinchi.com\/wp-content\/uploads\/2026\/01\/3b-Verde-SIMPLIFICADO-HORIZONTAL-F-TRANSPARENTE-scaled.png","width":2560,"height":457,"caption":"SINCHI S.L"},"image":{"@id":"https:\/\/www.sinchisinchi.com\/pt-pt\/#\/schema\/logo\/image\/"},"sameAs":["https:\/\/www.facebook.com\/sinchirape\/","https:\/\/www.instagram.com\/sinchi_rape\/"]}]}},"_links":{"self":[{"href":"https:\/\/www.sinchisinchi.com\/pt-pt\/wp-json\/wp\/v2\/product\/29106","targetHints":{"allow":["GET"]}}],"collection":[{"href":"https:\/\/www.sinchisinchi.com\/pt-pt\/wp-json\/wp\/v2\/product"}],"about":[{"href":"https:\/\/www.sinchisinchi.com\/pt-pt\/wp-json\/wp\/v2\/types\/product"}],"wp:featuredmedia":[{"embeddable":true,"href":"https:\/\/www.sinchisinchi.com\/pt-pt\/wp-json\/wp\/v2\/media\/27946"}],"wp:attachment":[{"href":"https:\/\/www.sinchisinchi.com\/pt-pt\/wp-json\/wp\/v2\/media?parent=29106"}],"wp:term":[{"taxonomy":"product_brand","embeddable":true,"href":"https:\/\/www.sinchisinchi.com\/pt-pt\/wp-json\/wp\/v2\/product_brand?post=29106"},{"taxonomy":"product_cat","embeddable":true,"href":"https:\/\/www.sinchisinchi.com\/pt-pt\/wp-json\/wp\/v2\/product_cat?post=29106"},{"taxonomy":"product_tag","embeddable":true,"href":"https:\/\/www.sinchisinchi.com\/pt-pt\/wp-json\/wp\/v2\/product_tag?post=29106"}],"curies":[{"name":"wp","href":"https:\/\/api.w.org\/{rel}","templated":true}]}}