{"id":30687,"date":"2025-10-25T01:50:06","date_gmt":"2025-10-25T01:50:06","guid":{"rendered":"https:\/\/www.sinchisinchi.com\/producto\/aroeira\/"},"modified":"2026-03-22T03:26:51","modified_gmt":"2026-03-22T03:26:51","slug":"aroeira","status":"publish","type":"product","link":"https:\/\/www.sinchisinchi.com\/pt-pt\/producto\/aroeira\/","title":{"rendered":"Aroeira"},"content":{"rendered":"","protected":false},"excerpt":{"rendered":"<p>O Rap\u00e9 Aroeira \u00e9 uma casta caracterizada pelo seu aroma intenso; \u00e9 feito a partir da planta Aroeira, tamb\u00e9m chamada pimenta-rosa ou aroeira-vermelha, e \u00e9 tradicionalmente utilizado pelas tribos da Amaz\u00f3nia tanto pelas suas propriedades medicinais como em cerim\u00f3nias.<\/p>\n<p>Em contextos cerimoniais, o Rap\u00e9 Aroeira \u00e9 tradicionalmente utilizado para facilitar a conex\u00e3o espiritual, a introspe\u00e7\u00e3o e a clareza mental, atuando nos chakras do Terceiro Olho e da Garganta. O Rap\u00e9 Aroeira \u00e9 tamb\u00e9m conhecido por outros nomes, como \u201cDume Deshke\u201d pelos Huni Kuin, ou \u201cRome Poto\u201d pelos Katukina.<\/p>\n<p>Para a sua prepara\u00e7\u00e3o, as folhas e os caules da planta s\u00e3o cuidadosamente colhidos, secos e mo\u00eddos.<\/p>\n<h2 style=\"text-align: center;\">Aroeira (Schinus terebinthifolius)<\/h2>\n<p>A aroeira, tamb\u00e9m chamada de aroeira-vermelha, turbinto, aroeira-havaiana ou pimenta-rosa, \u00e9 um arbusto ou pequena \u00e1rvore com 7 a 10 m de altura, origin\u00e1ria de zonas subtropicais e tropicais da Am\u00e9rica do Sul, especificamente do sudeste do Brasil, norte da Argentina e Paraguai.<\/p>\n<p>Reverenciada pelas suas propriedades espirituais e medicinais, \u00e9 considerada pelas tribos da Amaz\u00f3nia como guardi\u00e3 da floresta tropical e fonte de sabedoria ancestral.<\/p>\n<p>Caracteriza-se por apresentar ramos ascendentes e pendentes. As suas folhas possuem fol\u00edolos ovados com margens finamente serradas. As suas flores s\u00e3o pequenas e brancas, e o fruto \u00e9 um pequeno fruto vermelho esf\u00e9rico (4 a 5 mm de di\u00e2metro) que cresce em densos cachos com centenas de unidades.<\/p>\n<p>Embora n\u00e3o seja uma pimenteira, os seus frutos secos s\u00e3o vendidos como pimenta-rosa. As sementes s\u00e3o utilizadas com modera\u00e7\u00e3o como tempero, adicionando pimenta preta, pois s\u00e3o t\u00f3xicas sem elas.<\/p>\n<p>Tal como muitas outras esp\u00e9cies da fam\u00edlia Anacardiaceae, a aroeira-vermelha possui um l\u00e1tex arom\u00e1tico que provoca rea\u00e7\u00f5es cut\u00e2neas em pessoas sens\u00edveis.<\/p>\n<p>\u00c9 tamb\u00e9m utilizada como planta ornamental e tornou-se uma infestante em muitas regi\u00f5es subtropicais; \u00e9 particularmente colonizadora e forma uma copa densa, sufocando outras plantas. A venda, o transporte ou a planta\u00e7\u00e3o da \u00e1rvore s\u00e3o proibidas nos EUA, e est\u00e1 inclu\u00edda na lista das 100 esp\u00e9cies ex\u00f3ticas invasoras mais prejudiciais da Uni\u00e3o Internacional para a Conserva\u00e7\u00e3o da Natureza (IUCN).<\/p>\n<p>O nome &#8220;Schinus&#8221; \u00e9 a palavra grega para \u00e1rvore-da-m\u00e1stique, uma \u00e1rvore da mesma fam\u00edlia; &#8220;terebinthifolius&#8221; \u00e9 um ep\u00edteto composto em latim que significa &#8220;com folhas do g\u00e9nero Terebinthus&#8221; (referindo-se ao g\u00e9nero moderno Bursera).<\/p>\n<h2 style=\"text-align: center;\">Propriedades Medicinais da Aroeira<\/h2>\n<p>A aroeira \u00e9 utilizada na medicina tradicional pelas suas propriedades adstringentes, bals\u00e2micas, diur\u00e9ticas, anti-inflamat\u00f3rias, antimicrobianas, t\u00f3nicas e cicatrizantes.<\/p>\n<p>Tradicionalmente, a aroeira \u00e9 utilizada para promover o bem-estar f\u00edsico, emocional e espiritual, bem como a concentra\u00e7\u00e3o e o foco.<\/p>\n<p>Entre as suas propriedades medicinais, reduz a inflama\u00e7\u00e3o, sendo muito \u00fatil no tratamento de doen\u00e7as como a artrite e o reumatismo.<\/p>\n<p>Al\u00e9m disso, tem propriedades diur\u00e9ticas, \u00e9 utilizada para aliviar problemas respirat\u00f3rios e ajuda a fortalecer o sistema imunit\u00e1rio.<\/p>\n<p>Na Am\u00e9rica do Sul, os Incas consideravam a planta uma verdadeira panaceia e atribu\u00edam-lhe in\u00fameras virtudes. Os frutos eram utilizados para tratar problemas urin\u00e1rios, melhorar a circula\u00e7\u00e3o venosa e aliviar dores articulares. Utilizavam as folhas para a higiene oral e a resina como purgante.<\/p>\n<p>Os frutos s\u00e3o utilizados para fazer uma bebida fermentada semelhante \u00e0 cerveja, chamada chicha.<\/p>\n","protected":false},"featured_media":27994,"template":"","meta":{"_joinchat":[]},"product_brand":[],"product_cat":[726],"product_tag":[],"class_list":{"0":"post-30687","1":"product","2":"type-product","3":"status-publish","4":"has-post-thumbnail","6":"product_cat-etiqueta-vermelha","8":"first","9":"instock","10":"taxable","11":"shipping-taxable","12":"purchasable","13":"product-type-simple"},"yoast_head":"<!-- This site is optimized with the Yoast SEO plugin v27.4 - https:\/\/yoast.com\/product\/yoast-seo-wordpress\/ -->\n<title>Aroeira - SINCHI RAP\u00c9<\/title>\n<meta name=\"robots\" content=\"index, follow, max-snippet:-1, max-image-preview:large, max-video-preview:-1\" \/>\n<link rel=\"canonical\" href=\"https:\/\/www.sinchisinchi.com\/pt-pt\/producto\/aroeira\/\" \/>\n<meta property=\"og:locale\" content=\"pt_PT\" \/>\n<meta property=\"og:type\" content=\"article\" \/>\n<meta property=\"og:title\" content=\"Aroeira - SINCHI RAP\u00c9\" \/>\n<meta property=\"og:description\" content=\"O Rap\u00e9 Aroeira \u00e9 uma casta caracterizada pelo seu aroma intenso; \u00e9 feito a partir da planta Aroeira, tamb\u00e9m chamada pimenta-rosa ou aroeira-vermelha, e \u00e9 tradicionalmente utilizado pelas tribos da Amaz\u00f3nia tanto pelas suas propriedades medicinais como em cerim\u00f3nias.  Em contextos cerimoniais, o Rap\u00e9 Aroeira \u00e9 tradicionalmente utilizado para facilitar a conex\u00e3o espiritual, a introspe\u00e7\u00e3o e a clareza mental, atuando nos chakras do Terceiro Olho e da Garganta. O Rap\u00e9 Aroeira \u00e9 tamb\u00e9m conhecido por outros nomes, como \u201cDume Deshke\u201d pelos Huni Kuin, ou \u201cRome Poto\u201d pelos Katukina.  Para a sua prepara\u00e7\u00e3o, as folhas e os caules da planta s\u00e3o cuidadosamente colhidos, secos e mo\u00eddos. Aroeira (Schinus terebinthifolius) A aroeira, tamb\u00e9m chamada de aroeira-vermelha, turbinto, aroeira-havaiana ou pimenta-rosa, \u00e9 um arbusto ou pequena \u00e1rvore com 7 a 10 m de altura, origin\u00e1ria de zonas subtropicais e tropicais da Am\u00e9rica do Sul, especificamente do sudeste do Brasil, norte da Argentina e Paraguai.  Reverenciada pelas suas propriedades espirituais e medicinais, \u00e9 considerada pelas tribos da Amaz\u00f3nia como guardi\u00e3 da floresta tropical e fonte de sabedoria ancestral.  Caracteriza-se por apresentar ramos ascendentes e pendentes. As suas folhas possuem fol\u00edolos ovados com margens finamente serradas. As suas flores s\u00e3o pequenas e brancas, e o fruto \u00e9 um pequeno fruto vermelho esf\u00e9rico (4 a 5 mm de di\u00e2metro) que cresce em densos cachos com centenas de unidades.  Embora n\u00e3o seja uma pimenteira, os seus frutos secos s\u00e3o vendidos como pimenta-rosa. As sementes s\u00e3o utilizadas com modera\u00e7\u00e3o como tempero, adicionando pimenta preta, pois s\u00e3o t\u00f3xicas sem elas.  Tal como muitas outras esp\u00e9cies da fam\u00edlia Anacardiaceae, a aroeira-vermelha possui um l\u00e1tex arom\u00e1tico que provoca rea\u00e7\u00f5es cut\u00e2neas em pessoas sens\u00edveis.  \u00c9 tamb\u00e9m utilizada como planta ornamental e tornou-se uma infestante em muitas regi\u00f5es subtropicais; \u00e9 particularmente colonizadora e forma uma copa densa, sufocando outras plantas. A venda, o transporte ou a planta\u00e7\u00e3o da \u00e1rvore s\u00e3o proibidas nos EUA, e est\u00e1 inclu\u00edda na lista das 100 esp\u00e9cies ex\u00f3ticas invasoras mais prejudiciais da Uni\u00e3o Internacional para a Conserva\u00e7\u00e3o da Natureza (IUCN).  O nome &quot;Schinus&quot; \u00e9 a palavra grega para \u00e1rvore-da-m\u00e1stique, uma \u00e1rvore da mesma fam\u00edlia; &quot;terebinthifolius&quot; \u00e9 um ep\u00edteto composto em latim que significa &quot;com folhas do g\u00e9nero Terebinthus&quot; (referindo-se ao g\u00e9nero moderno Bursera). Propriedades Medicinais da Aroeira A aroeira \u00e9 utilizada na medicina tradicional pelas suas propriedades adstringentes, bals\u00e2micas, diur\u00e9ticas, anti-inflamat\u00f3rias, antimicrobianas, t\u00f3nicas e cicatrizantes.  Tradicionalmente, a aroeira \u00e9 utilizada para promover o bem-estar f\u00edsico, emocional e espiritual, bem como a concentra\u00e7\u00e3o e o foco.  Entre as suas propriedades medicinais, reduz a inflama\u00e7\u00e3o, sendo muito \u00fatil no tratamento de doen\u00e7as como a artrite e o reumatismo.  Al\u00e9m disso, tem propriedades diur\u00e9ticas, \u00e9 utilizada para aliviar problemas respirat\u00f3rios e ajuda a fortalecer o sistema imunit\u00e1rio.  Na Am\u00e9rica do Sul, os Incas consideravam a planta uma verdadeira panaceia e atribu\u00edam-lhe in\u00fameras virtudes. Os frutos eram utilizados para tratar problemas urin\u00e1rios, melhorar a circula\u00e7\u00e3o venosa e aliviar dores articulares. Utilizavam as folhas para a higiene oral e a resina como purgante.  Os frutos s\u00e3o utilizados para fazer uma bebida fermentada semelhante \u00e0 cerveja, chamada chicha.\" \/>\n<meta property=\"og:url\" content=\"https:\/\/www.sinchisinchi.com\/pt-pt\/producto\/aroeira\/\" \/>\n<meta property=\"og:site_name\" content=\"SINCHI RAP\u00c9\" \/>\n<meta property=\"article:publisher\" content=\"https:\/\/www.facebook.com\/sinchirape\/\" \/>\n<meta property=\"article:modified_time\" content=\"2026-03-22T03:26:51+00:00\" \/>\n<meta property=\"og:image\" content=\"https:\/\/www.sinchisinchi.com\/wp-content\/uploads\/2025\/05\/8-Aroeira.jpg\" \/>\n\t<meta property=\"og:image:width\" content=\"700\" \/>\n\t<meta property=\"og:image:height\" content=\"700\" \/>\n\t<meta property=\"og:image:type\" content=\"image\/jpeg\" \/>\n<meta name=\"twitter:card\" content=\"summary_large_image\" \/>\n<script type=\"application\/ld+json\" class=\"yoast-schema-graph\">{\"@context\":\"https:\\\/\\\/schema.org\",\"@graph\":[{\"@type\":\"WebPage\",\"@id\":\"https:\\\/\\\/www.sinchisinchi.com\\\/pt-pt\\\/producto\\\/aroeira\\\/\",\"url\":\"https:\\\/\\\/www.sinchisinchi.com\\\/pt-pt\\\/producto\\\/aroeira\\\/\",\"name\":\"Aroeira - SINCHI RAP\u00c9\",\"isPartOf\":{\"@id\":\"https:\\\/\\\/www.sinchisinchi.com\\\/pt-pt\\\/#website\"},\"primaryImageOfPage\":{\"@id\":\"https:\\\/\\\/www.sinchisinchi.com\\\/pt-pt\\\/producto\\\/aroeira\\\/#primaryimage\"},\"image\":{\"@id\":\"https:\\\/\\\/www.sinchisinchi.com\\\/pt-pt\\\/producto\\\/aroeira\\\/#primaryimage\"},\"thumbnailUrl\":\"https:\\\/\\\/www.sinchisinchi.com\\\/wp-content\\\/uploads\\\/2025\\\/05\\\/8-Aroeira.jpg\",\"datePublished\":\"2025-10-25T01:50:06+00:00\",\"dateModified\":\"2026-03-22T03:26:51+00:00\",\"breadcrumb\":{\"@id\":\"https:\\\/\\\/www.sinchisinchi.com\\\/pt-pt\\\/producto\\\/aroeira\\\/#breadcrumb\"},\"inLanguage\":\"pt-PT\",\"potentialAction\":[{\"@type\":\"ReadAction\",\"target\":[\"https:\\\/\\\/www.sinchisinchi.com\\\/pt-pt\\\/producto\\\/aroeira\\\/\"]}]},{\"@type\":\"ImageObject\",\"inLanguage\":\"pt-PT\",\"@id\":\"https:\\\/\\\/www.sinchisinchi.com\\\/pt-pt\\\/producto\\\/aroeira\\\/#primaryimage\",\"url\":\"https:\\\/\\\/www.sinchisinchi.com\\\/wp-content\\\/uploads\\\/2025\\\/05\\\/8-Aroeira.jpg\",\"contentUrl\":\"https:\\\/\\\/www.sinchisinchi.com\\\/wp-content\\\/uploads\\\/2025\\\/05\\\/8-Aroeira.jpg\",\"width\":700,\"height\":700},{\"@type\":\"BreadcrumbList\",\"@id\":\"https:\\\/\\\/www.sinchisinchi.com\\\/pt-pt\\\/producto\\\/aroeira\\\/#breadcrumb\",\"itemListElement\":[{\"@type\":\"ListItem\",\"position\":1,\"name\":\"Prima pagina\",\"item\":\"https:\\\/\\\/www.sinchisinchi.com\\\/pt-pt\\\/\"},{\"@type\":\"ListItem\",\"position\":2,\"name\":\"Produtos\",\"item\":\"https:\\\/\\\/www.sinchisinchi.com\\\/pt-pt\\\/shop\\\/\"},{\"@type\":\"ListItem\",\"position\":3,\"name\":\"Aroeira\"}]},{\"@type\":\"WebSite\",\"@id\":\"https:\\\/\\\/www.sinchisinchi.com\\\/pt-pt\\\/#website\",\"url\":\"https:\\\/\\\/www.sinchisinchi.com\\\/pt-pt\\\/\",\"name\":\"SINCHI\",\"description\":\"Sinchi Medicine\",\"publisher\":{\"@id\":\"https:\\\/\\\/www.sinchisinchi.com\\\/pt-pt\\\/#organization\"},\"potentialAction\":[{\"@type\":\"SearchAction\",\"target\":{\"@type\":\"EntryPoint\",\"urlTemplate\":\"https:\\\/\\\/www.sinchisinchi.com\\\/pt-pt\\\/?s={search_term_string}\"},\"query-input\":{\"@type\":\"PropertyValueSpecification\",\"valueRequired\":true,\"valueName\":\"search_term_string\"}}],\"inLanguage\":\"pt-PT\"},{\"@type\":\"Organization\",\"@id\":\"https:\\\/\\\/www.sinchisinchi.com\\\/pt-pt\\\/#organization\",\"name\":\"SINCHI S.L\",\"url\":\"https:\\\/\\\/www.sinchisinchi.com\\\/pt-pt\\\/\",\"logo\":{\"@type\":\"ImageObject\",\"inLanguage\":\"pt-PT\",\"@id\":\"https:\\\/\\\/www.sinchisinchi.com\\\/pt-pt\\\/#\\\/schema\\\/logo\\\/image\\\/\",\"url\":\"https:\\\/\\\/www.sinchisinchi.com\\\/wp-content\\\/uploads\\\/2026\\\/01\\\/3b-Verde-SIMPLIFICADO-HORIZONTAL-F-TRANSPARENTE-scaled.png\",\"contentUrl\":\"https:\\\/\\\/www.sinchisinchi.com\\\/wp-content\\\/uploads\\\/2026\\\/01\\\/3b-Verde-SIMPLIFICADO-HORIZONTAL-F-TRANSPARENTE-scaled.png\",\"width\":2560,\"height\":457,\"caption\":\"SINCHI S.L\"},\"image\":{\"@id\":\"https:\\\/\\\/www.sinchisinchi.com\\\/pt-pt\\\/#\\\/schema\\\/logo\\\/image\\\/\"},\"sameAs\":[\"https:\\\/\\\/www.facebook.com\\\/sinchirape\\\/\",\"https:\\\/\\\/www.instagram.com\\\/sinchi_rape\\\/\"]}]}<\/script>\n<!-- \/ Yoast SEO plugin. -->","yoast_head_json":{"title":"Aroeira - SINCHI RAP\u00c9","robots":{"index":"index","follow":"follow","max-snippet":"max-snippet:-1","max-image-preview":"max-image-preview:large","max-video-preview":"max-video-preview:-1"},"canonical":"https:\/\/www.sinchisinchi.com\/pt-pt\/producto\/aroeira\/","og_locale":"pt_PT","og_type":"article","og_title":"Aroeira - SINCHI RAP\u00c9","og_description":"O Rap\u00e9 Aroeira \u00e9 uma casta caracterizada pelo seu aroma intenso; \u00e9 feito a partir da planta Aroeira, tamb\u00e9m chamada pimenta-rosa ou aroeira-vermelha, e \u00e9 tradicionalmente utilizado pelas tribos da Amaz\u00f3nia tanto pelas suas propriedades medicinais como em cerim\u00f3nias.  Em contextos cerimoniais, o Rap\u00e9 Aroeira \u00e9 tradicionalmente utilizado para facilitar a conex\u00e3o espiritual, a introspe\u00e7\u00e3o e a clareza mental, atuando nos chakras do Terceiro Olho e da Garganta. O Rap\u00e9 Aroeira \u00e9 tamb\u00e9m conhecido por outros nomes, como \u201cDume Deshke\u201d pelos Huni Kuin, ou \u201cRome Poto\u201d pelos Katukina.  Para a sua prepara\u00e7\u00e3o, as folhas e os caules da planta s\u00e3o cuidadosamente colhidos, secos e mo\u00eddos. Aroeira (Schinus terebinthifolius) A aroeira, tamb\u00e9m chamada de aroeira-vermelha, turbinto, aroeira-havaiana ou pimenta-rosa, \u00e9 um arbusto ou pequena \u00e1rvore com 7 a 10 m de altura, origin\u00e1ria de zonas subtropicais e tropicais da Am\u00e9rica do Sul, especificamente do sudeste do Brasil, norte da Argentina e Paraguai.  Reverenciada pelas suas propriedades espirituais e medicinais, \u00e9 considerada pelas tribos da Amaz\u00f3nia como guardi\u00e3 da floresta tropical e fonte de sabedoria ancestral.  Caracteriza-se por apresentar ramos ascendentes e pendentes. As suas folhas possuem fol\u00edolos ovados com margens finamente serradas. As suas flores s\u00e3o pequenas e brancas, e o fruto \u00e9 um pequeno fruto vermelho esf\u00e9rico (4 a 5 mm de di\u00e2metro) que cresce em densos cachos com centenas de unidades.  Embora n\u00e3o seja uma pimenteira, os seus frutos secos s\u00e3o vendidos como pimenta-rosa. As sementes s\u00e3o utilizadas com modera\u00e7\u00e3o como tempero, adicionando pimenta preta, pois s\u00e3o t\u00f3xicas sem elas.  Tal como muitas outras esp\u00e9cies da fam\u00edlia Anacardiaceae, a aroeira-vermelha possui um l\u00e1tex arom\u00e1tico que provoca rea\u00e7\u00f5es cut\u00e2neas em pessoas sens\u00edveis.  \u00c9 tamb\u00e9m utilizada como planta ornamental e tornou-se uma infestante em muitas regi\u00f5es subtropicais; \u00e9 particularmente colonizadora e forma uma copa densa, sufocando outras plantas. A venda, o transporte ou a planta\u00e7\u00e3o da \u00e1rvore s\u00e3o proibidas nos EUA, e est\u00e1 inclu\u00edda na lista das 100 esp\u00e9cies ex\u00f3ticas invasoras mais prejudiciais da Uni\u00e3o Internacional para a Conserva\u00e7\u00e3o da Natureza (IUCN).  O nome \"Schinus\" \u00e9 a palavra grega para \u00e1rvore-da-m\u00e1stique, uma \u00e1rvore da mesma fam\u00edlia; \"terebinthifolius\" \u00e9 um ep\u00edteto composto em latim que significa \"com folhas do g\u00e9nero Terebinthus\" (referindo-se ao g\u00e9nero moderno Bursera). Propriedades Medicinais da Aroeira A aroeira \u00e9 utilizada na medicina tradicional pelas suas propriedades adstringentes, bals\u00e2micas, diur\u00e9ticas, anti-inflamat\u00f3rias, antimicrobianas, t\u00f3nicas e cicatrizantes.  Tradicionalmente, a aroeira \u00e9 utilizada para promover o bem-estar f\u00edsico, emocional e espiritual, bem como a concentra\u00e7\u00e3o e o foco.  Entre as suas propriedades medicinais, reduz a inflama\u00e7\u00e3o, sendo muito \u00fatil no tratamento de doen\u00e7as como a artrite e o reumatismo.  Al\u00e9m disso, tem propriedades diur\u00e9ticas, \u00e9 utilizada para aliviar problemas respirat\u00f3rios e ajuda a fortalecer o sistema imunit\u00e1rio.  Na Am\u00e9rica do Sul, os Incas consideravam a planta uma verdadeira panaceia e atribu\u00edam-lhe in\u00fameras virtudes. Os frutos eram utilizados para tratar problemas urin\u00e1rios, melhorar a circula\u00e7\u00e3o venosa e aliviar dores articulares. Utilizavam as folhas para a higiene oral e a resina como purgante.  Os frutos s\u00e3o utilizados para fazer uma bebida fermentada semelhante \u00e0 cerveja, chamada chicha.","og_url":"https:\/\/www.sinchisinchi.com\/pt-pt\/producto\/aroeira\/","og_site_name":"SINCHI RAP\u00c9","article_publisher":"https:\/\/www.facebook.com\/sinchirape\/","article_modified_time":"2026-03-22T03:26:51+00:00","og_image":[{"width":700,"height":700,"url":"https:\/\/www.sinchisinchi.com\/wp-content\/uploads\/2025\/05\/8-Aroeira.jpg","type":"image\/jpeg"}],"twitter_card":"summary_large_image","schema":{"@context":"https:\/\/schema.org","@graph":[{"@type":"WebPage","@id":"https:\/\/www.sinchisinchi.com\/pt-pt\/producto\/aroeira\/","url":"https:\/\/www.sinchisinchi.com\/pt-pt\/producto\/aroeira\/","name":"Aroeira - SINCHI RAP\u00c9","isPartOf":{"@id":"https:\/\/www.sinchisinchi.com\/pt-pt\/#website"},"primaryImageOfPage":{"@id":"https:\/\/www.sinchisinchi.com\/pt-pt\/producto\/aroeira\/#primaryimage"},"image":{"@id":"https:\/\/www.sinchisinchi.com\/pt-pt\/producto\/aroeira\/#primaryimage"},"thumbnailUrl":"https:\/\/www.sinchisinchi.com\/wp-content\/uploads\/2025\/05\/8-Aroeira.jpg","datePublished":"2025-10-25T01:50:06+00:00","dateModified":"2026-03-22T03:26:51+00:00","breadcrumb":{"@id":"https:\/\/www.sinchisinchi.com\/pt-pt\/producto\/aroeira\/#breadcrumb"},"inLanguage":"pt-PT","potentialAction":[{"@type":"ReadAction","target":["https:\/\/www.sinchisinchi.com\/pt-pt\/producto\/aroeira\/"]}]},{"@type":"ImageObject","inLanguage":"pt-PT","@id":"https:\/\/www.sinchisinchi.com\/pt-pt\/producto\/aroeira\/#primaryimage","url":"https:\/\/www.sinchisinchi.com\/wp-content\/uploads\/2025\/05\/8-Aroeira.jpg","contentUrl":"https:\/\/www.sinchisinchi.com\/wp-content\/uploads\/2025\/05\/8-Aroeira.jpg","width":700,"height":700},{"@type":"BreadcrumbList","@id":"https:\/\/www.sinchisinchi.com\/pt-pt\/producto\/aroeira\/#breadcrumb","itemListElement":[{"@type":"ListItem","position":1,"name":"Prima pagina","item":"https:\/\/www.sinchisinchi.com\/pt-pt\/"},{"@type":"ListItem","position":2,"name":"Produtos","item":"https:\/\/www.sinchisinchi.com\/pt-pt\/shop\/"},{"@type":"ListItem","position":3,"name":"Aroeira"}]},{"@type":"WebSite","@id":"https:\/\/www.sinchisinchi.com\/pt-pt\/#website","url":"https:\/\/www.sinchisinchi.com\/pt-pt\/","name":"SINCHI","description":"Sinchi Medicine","publisher":{"@id":"https:\/\/www.sinchisinchi.com\/pt-pt\/#organization"},"potentialAction":[{"@type":"SearchAction","target":{"@type":"EntryPoint","urlTemplate":"https:\/\/www.sinchisinchi.com\/pt-pt\/?s={search_term_string}"},"query-input":{"@type":"PropertyValueSpecification","valueRequired":true,"valueName":"search_term_string"}}],"inLanguage":"pt-PT"},{"@type":"Organization","@id":"https:\/\/www.sinchisinchi.com\/pt-pt\/#organization","name":"SINCHI S.L","url":"https:\/\/www.sinchisinchi.com\/pt-pt\/","logo":{"@type":"ImageObject","inLanguage":"pt-PT","@id":"https:\/\/www.sinchisinchi.com\/pt-pt\/#\/schema\/logo\/image\/","url":"https:\/\/www.sinchisinchi.com\/wp-content\/uploads\/2026\/01\/3b-Verde-SIMPLIFICADO-HORIZONTAL-F-TRANSPARENTE-scaled.png","contentUrl":"https:\/\/www.sinchisinchi.com\/wp-content\/uploads\/2026\/01\/3b-Verde-SIMPLIFICADO-HORIZONTAL-F-TRANSPARENTE-scaled.png","width":2560,"height":457,"caption":"SINCHI S.L"},"image":{"@id":"https:\/\/www.sinchisinchi.com\/pt-pt\/#\/schema\/logo\/image\/"},"sameAs":["https:\/\/www.facebook.com\/sinchirape\/","https:\/\/www.instagram.com\/sinchi_rape\/"]}]}},"_links":{"self":[{"href":"https:\/\/www.sinchisinchi.com\/pt-pt\/wp-json\/wp\/v2\/product\/30687","targetHints":{"allow":["GET"]}}],"collection":[{"href":"https:\/\/www.sinchisinchi.com\/pt-pt\/wp-json\/wp\/v2\/product"}],"about":[{"href":"https:\/\/www.sinchisinchi.com\/pt-pt\/wp-json\/wp\/v2\/types\/product"}],"wp:featuredmedia":[{"embeddable":true,"href":"https:\/\/www.sinchisinchi.com\/pt-pt\/wp-json\/wp\/v2\/media\/27994"}],"wp:attachment":[{"href":"https:\/\/www.sinchisinchi.com\/pt-pt\/wp-json\/wp\/v2\/media?parent=30687"}],"wp:term":[{"taxonomy":"product_brand","embeddable":true,"href":"https:\/\/www.sinchisinchi.com\/pt-pt\/wp-json\/wp\/v2\/product_brand?post=30687"},{"taxonomy":"product_cat","embeddable":true,"href":"https:\/\/www.sinchisinchi.com\/pt-pt\/wp-json\/wp\/v2\/product_cat?post=30687"},{"taxonomy":"product_tag","embeddable":true,"href":"https:\/\/www.sinchisinchi.com\/pt-pt\/wp-json\/wp\/v2\/product_tag?post=30687"}],"curies":[{"name":"wp","href":"https:\/\/api.w.org\/{rel}","templated":true}]}}